{"id":1830,"date":"2023-10-31T22:52:09","date_gmt":"2023-10-31T22:52:09","guid":{"rendered":"https:\/\/exceladvisor.org\/tr\/para-cekme\/"},"modified":"2023-12-10T06:01:27","modified_gmt":"2023-12-10T06:01:27","slug":"para-cekme","status":"publish","type":"page","link":"https:\/\/exceladvisor.org\/tr\/para-cekme\/","title":{"rendered":"Excel&#39;de girinti nas\u0131l art\u0131r\u0131l\u0131r ve azalt\u0131l\u0131r?"},"content":{"rendered":"<div class=\"excel-icerikten-once\" id=\"excel-2639292699\"><script type=\"text\/javascript\">\r\n\tatOptions = {\r\n\t\t'key' : 'c1158f160081d6540a8409e6925dab94',\r\n\t\t'format' : 'iframe',\r\n\t\t'height' : 250,\r\n\t\t'width' : 300,\r\n\t\t'params' : {}\r\n\t};\r\n<\/script>\r\n<script type=\"text\/javascript\" src=\"\/\/www.highperformanceformat.com\/c1158f160081d6540a8409e6925dab94\/invoke.js\"><\/script><\/div> <p>Excel&#8217;de girintiyi art\u0131rman\u0131n ve azaltman\u0131n birka\u00e7 yolu vard\u0131r ve bu derste t\u00fcm bu y\u00f6ntemleri \u00f6\u011frenece\u011fiz.<\/p><h2 class=\"wp-block-heading\"> \u015eerit \u00e7\u0131karma d\u00fc\u011fmeleri<\/h2><p> Bir h\u00fccreye veya h\u00fccre aral\u0131\u011f\u0131na girinti eklemek veya girintiyi kald\u0131rmak i\u00e7in kullanabilece\u011finiz iki d\u00fc\u011fme vard\u0131r. Sa\u011f oka sahip d\u00fc\u011fme girinti eklemek i\u00e7indir ve sol oka sahipmi\u015f gibi davranmak amac\u0131 silmek i\u00e7indir. <\/p><div class=\"wp-block-image\"><figure class=\"aligncenter size-full is-resized\"><img loading=\"lazy\" decoding=\"async\" class=\"wp-image-61140\" src=\"https:\/\/exceladvisor.org\/wp-content\/uploads\/2023\/08\/1-boutons-en-retrait-du-ruban.png\" sizes=\"auto, \" srcset=\"\" alt=\"\u015ferit-\u00e7\u0131karma-d\u00fc\u011fmeleri\" width=\"625\" height=\"180\"><\/figure><\/div><ol><li> \u00d6ncelikle girintiyi ekledi\u011finiz veya kald\u0131rd\u0131\u011f\u0131n\u0131z <strong>h\u00fccreyi veya h\u00fccre aral\u0131\u011f\u0131n\u0131 se\u00e7meniz<\/strong> gerekir.<\/li><li> Bundan sonra <strong>ana sayfa sekmesine gidin ve orada hizalama sekmesini bulun<\/strong> .<\/li><li> Buradan hizalama sekmesinde <strong>iki d\u00fc\u011fmeyi<\/strong> kullanabilirsiniz.<\/li><li> Sonunda <strong>girintiyi eklemek veya kald\u0131rmak<\/strong> i\u00e7in d\u00fc\u011fmeye t\u0131klay\u0131n.<\/li><\/ol><p> A\u015fa\u011f\u0131daki \u00f6rnekte A1 h\u00fccresine girinti ekledi\u011fimizi g\u00f6rebilirsiniz. <\/p><div class=\"wp-block-image\"><figure class=\"aligncenter size-full is-resized\"><img loading=\"lazy\" decoding=\"async\" class=\"alignnone  wp-image-12941\" src=\"https:\/\/exceladvisor.org\/wp-content\/uploads\/2023\/11\/ajouter-ou-supprimer-retrait.png\" alt=\"kald\u0131rmay\u0131 ekle veya kald\u0131r\" width=\"628\" height=\"335\" srcset=\"https:\/\/exceladvisor.org\/wp-content\/uploads\/2023\/11\/ajouter-ou-supprimer-retrait.png 821w, https:\/\/exceladvisor.org\/wp-content\/uploads\/2023\/11\/ajouter-ou-supprimer-retrait-300x160.png 300w, https:\/\/exceladvisor.org\/wp-content\/uploads\/2023\/11\/ajouter-ou-supprimer-retrait-768x410.png 768w\" sizes=\"auto, (max-width: 628px) 100vw, 628px\"><\/figure><\/div><p> Birden fazla girinti eklemek istiyorsan\u0131z d\u00fc\u011fmeye birka\u00e7 kez t\u0131klaman\u0131z gerekir. Bu, \u00fc\u00e7 kez girinti eklemek istiyorsan\u0131z d\u00fc\u011fmeye \u00fc\u00e7 kez t\u0131klaman\u0131z gerekti\u011fi anlam\u0131na gelir. Bir girintiyi silmek de ayn\u0131 \u015fekilde ger\u00e7ekle\u015fir.<\/p><h2 class=\"wp-block-heading\"> Girinti eklemek i\u00e7in klavye k\u0131sayolu<\/h2><p> H\u00fccreye girinti eklemek veya kald\u0131rmak i\u00e7in klavye k\u0131sayolunu da kullanabilirsiniz. Silme girintisi eklemek i\u00e7in iki farkl\u0131 k\u0131sayol vard\u0131r.<\/p><ul><li> <strong>Girintiyi art\u0131r:<\/strong> <kbd>Alt \u279c H \u279c 6<\/kbd><\/li><li> <strong>Girintiyi azalt:<\/strong> <kbd>Alt \u279c H \u279c 5<\/kbd><\/li><\/ul><p> <strong>\u0130lgili: <a href=\"https:\/\/exceladvisor.org\/tr\/klavye-kisayollari\/\">Klavye K\u0131sayollar\u0131 (PDF Hile Sayfas\u0131)<\/a><\/strong><\/p><h2 class=\"wp-block-heading\"> Girinti eklemek i\u00e7in VBA kodu<\/h2><p> <a href=\"https:\/\/exceladvisor.org\/tr\/vba\/\">VBA&#8217;y\u0131 anl\u0131yorsan\u0131z<\/a> t\u0131pk\u0131 a\u015fa\u011f\u0131daki kod gibi se\u00e7ili h\u00fccreye girinti ekleyebilecek kod yazabilirsiniz.<\/p><pre class=\"wp-block-code\"> <code class=\"language-visual-basic line-numbers\" lang=\"visual-basic\"><strong>Sub<\/strong> Macro1() <strong>Dim<\/strong> myInt <strong>As<\/strong> Integer myInt = InputBox(\"how many indents you want to add?\", \"Add Indent\") Selection.InsertIndent myInt <strong>End<\/strong> <strong>Sub<\/strong><\/code><\/pre><p> <a href=\"https:\/\/exceladvisor.org\/tr\/makro-2yi-calistir\/\">Bu kodu \u00e7al\u0131\u015ft\u0131rmadan<\/a> \u00f6nce girintiyi art\u0131rmak istedi\u011finiz h\u00fccreleri se\u00e7meniz gerekir. Eklemek istedi\u011finiz para \u00e7ekme numaras\u0131n\u0131 girmeniz i\u00e7in size bir giri\u015f kutusu g\u00f6sterecektir. <\/p><div class=\"wp-block-image\"><figure class=\"aligncenter size-full is-resized\"><img loading=\"lazy\" decoding=\"async\" class=\"wp-image-61142\" src=\"https:\/\/exceladvisor.org\/wp-content\/uploads\/2023\/08\/3-vba-pour-ajouter-un-retrait.png\" sizes=\"auto, \" srcset=\"\" alt=\"vba-ekleme-girintisi\" width=\"474\" height=\"205\"><\/figure><\/div><h2 class=\"wp-block-heading\"> H\u00fccredeki girintiyi kald\u0131rma<\/h2><p> Bu e\u011fitimin ba\u015f\u0131nda tart\u0131\u015ft\u0131\u011f\u0131m\u0131z gibi, bir h\u00fccredeki girintiyi kald\u0131rmak i\u00e7in girintiyi azalt d\u00fc\u011fmesini kullanabilirsiniz. <\/p><div class=\"wp-block-image\"><figure class=\"aligncenter size-full is-resized\"><img loading=\"lazy\" decoding=\"async\" class=\"wp-image-61143\" src=\"https:\/\/exceladvisor.org\/wp-content\/uploads\/2023\/08\/4-supprimer-lindentation-de-la-cellule.png\" sizes=\"auto, \" srcset=\"\" alt=\"h\u00fccre girintisini kald\u0131rma\" width=\"623\" height=\"179\"><\/figure><\/div><p> Bunun d\u0131\u015f\u0131nda, h\u00fccre bi\u00e7imlendirmesinin bir par\u00e7as\u0131 oldu\u011fu i\u00e7in girintiyi kald\u0131rmak i\u00e7in bir h\u00fccrenin veya bir h\u00fccre aral\u0131\u011f\u0131n\u0131n bi\u00e7imlendirmesini temizleyebilirsiniz. <\/p><div class=\"wp-block-image\"><figure class=\"aligncenter size-full is-resized\"><img loading=\"lazy\" decoding=\"async\" class=\"wp-image-61144\" src=\"https:\/\/exceladvisor.org\/wp-content\/uploads\/2023\/08\/5-formatage-clair.png\" sizes=\"auto, \" srcset=\"\" alt=\"bi\u00e7imlendirmeyi kald\u0131r\" width=\"582\" height=\"328\"><\/figure><\/div><div class=\"gb-container gb-container-4db6181c gb-container-mt\"> <a class=\"gb-button gb-button-c5897111 gb-button-text gb-button-mt-button\" href=\"https:\/\/exceladvisor.org\/tr\/excelin-temelleri\/\">Microsoft Excel Temelleri (Bile\u015fenler, Par\u00e7alar ve Bilgi Notlar\u0131)<\/a><h2 class=\"gb-headline gb-headline-665e5f6b gb-headline-text gb-headline-mt-heading\"> \u0130lgili e\u011fitimler <\/h2><div class=\"gb-grid-wrapper gb-grid-wrapper-a20baf7c gb-grid-wrapper-mt-grid\"><div class=\"gb-grid-column gb-grid-column-65ddf67e\"><div class=\"gb-container gb-container-65ddf67e\"><ul><li> <a href=\"https:\/\/exceladvisor.org\/tr\/bir-cizgi-ciz\/\">Excel&#8217;de bir \u00e7izgi \u00e7izin<\/a><\/li><li> <a href=\"https:\/\/exceladvisor.org\/tr\/dugme-ekle\/\">Excel&#8217;e d\u00fc\u011fme ekleme<\/a><\/li><li> <a href=\"https:\/\/exceladvisor.org\/tr\/ayrisan-hucreleri-birlestirme\/\">Birle\u015ftirme \u2013 Excel&#8217;deki h\u00fccrelerin grubunu \u00e7\u00f6zme<\/a><\/li><li> <a href=\"https:\/\/exceladvisor.org\/tr\/yazim-denetleyicisi\/\">Excel&#8217;de yaz\u0131m denetimi<\/a><\/li><li> <a href=\"https:\/\/exceladvisor.org\/tr\/metni-dondur\/\">Excel&#8217;de metni d\u00f6nd\u00fcrme (metin y\u00f6nlendirmesi)<\/a> <\/li><\/ul><\/div><\/div><div class=\"gb-grid-column gb-grid-column-50067b57\"><div class=\"gb-container gb-container-50067b57\"><\/div><\/div><\/div><\/div>","protected":false},"excerpt":{"rendered":"","protected":false},"author":1,"featured_media":0,"parent":0,"menu_order":0,"comment_status":"open","ping_status":"closed","template":"","meta":{"ub_ctt_via":"","footnotes":""},"class_list":["post-1830","page","type-page","status-publish","hentry"],"featured_image_src":null,"yoast_head":"<!-- This site is optimized with the Yoast SEO plugin v25.4 - https:\/\/yoast.com\/wordpress\/plugins\/seo\/ -->\n<title>\u25b7 Excel&#039;de girinti nas\u0131l art\u0131r\u0131l\u0131p azalt\u0131l\u0131r?<\/title>\n<meta name=\"description\" content=\"Excel&#039;de girintiyi art\u0131rman\u0131n ve azaltman\u0131n birka\u00e7 yolu vard\u0131r ve bu derste t\u00fcm bu y\u00f6ntemleri \u00f6\u011frenece\u011fiz.\" \/>\n<meta name=\"robots\" content=\"index, follow, max-snippet:-1, max-image-preview:large, max-video-preview:-1\" \/>\n<link rel=\"canonical\" href=\"https:\/\/exceladvisor.org\/tr\/para-cekme\/\" \/>\n<meta property=\"og:locale\" content=\"tr_TR\" \/>\n<meta property=\"og:type\" content=\"article\" \/>\n<meta property=\"og:title\" content=\"\u25b7 Excel&#039;de girinti nas\u0131l art\u0131r\u0131l\u0131p azalt\u0131l\u0131r?\" \/>\n<meta property=\"og:description\" content=\"Excel&#039;de girintiyi art\u0131rman\u0131n ve azaltman\u0131n birka\u00e7 yolu vard\u0131r ve bu derste t\u00fcm bu y\u00f6ntemleri \u00f6\u011frenece\u011fiz.\" \/>\n<meta property=\"og:url\" content=\"https:\/\/exceladvisor.org\/tr\/para-cekme\/\" \/>\n<meta property=\"og:site_name\" content=\"Excel Advisor\" \/>\n<meta property=\"article:modified_time\" content=\"2023-12-10T06:01:27+00:00\" \/>\n<meta property=\"og:image\" content=\"https:\/\/exceladvisor.org\/wp-content\/uploads\/2023\/08\/1-boutons-en-retrait-du-ruban.png\" \/>\n<meta name=\"twitter:card\" content=\"summary_large_image\" \/>\n<meta name=\"twitter:label1\" content=\"Tahmini okuma s\u00fcresi\" \/>\n\t<meta name=\"twitter:data1\" content=\"2 dakika\" \/>\n<script type=\"application\/ld+json\" class=\"yoast-schema-graph\">{\"@context\":\"https:\/\/schema.org\",\"@graph\":[{\"@type\":\"WebPage\",\"@id\":\"https:\/\/exceladvisor.org\/tr\/para-cekme\/\",\"url\":\"https:\/\/exceladvisor.org\/tr\/para-cekme\/\",\"name\":\"\u25b7 Excel&#39;de girinti nas\u0131l art\u0131r\u0131l\u0131p azalt\u0131l\u0131r?\",\"isPartOf\":{\"@id\":\"https:\/\/exceladvisor.org\/tr\/#website\"},\"primaryImageOfPage\":{\"@id\":\"https:\/\/exceladvisor.org\/tr\/para-cekme\/#primaryimage\"},\"image\":{\"@id\":\"https:\/\/exceladvisor.org\/tr\/para-cekme\/#primaryimage\"},\"thumbnailUrl\":\"https:\/\/exceladvisor.org\/wp-content\/uploads\/2023\/08\/1-boutons-en-retrait-du-ruban.png\",\"datePublished\":\"2023-10-31T22:52:09+00:00\",\"dateModified\":\"2023-12-10T06:01:27+00:00\",\"description\":\"Excel&#39;de girintiyi art\u0131rman\u0131n ve azaltman\u0131n birka\u00e7 yolu vard\u0131r ve bu derste t\u00fcm bu y\u00f6ntemleri \u00f6\u011frenece\u011fiz.\",\"breadcrumb\":{\"@id\":\"https:\/\/exceladvisor.org\/tr\/para-cekme\/#breadcrumb\"},\"inLanguage\":\"tr\",\"potentialAction\":[{\"@type\":\"ReadAction\",\"target\":[\"https:\/\/exceladvisor.org\/tr\/para-cekme\/\"]}]},{\"@type\":\"ImageObject\",\"inLanguage\":\"tr\",\"@id\":\"https:\/\/exceladvisor.org\/tr\/para-cekme\/#primaryimage\",\"url\":\"https:\/\/exceladvisor.org\/wp-content\/uploads\/2023\/08\/1-boutons-en-retrait-du-ruban.png\",\"contentUrl\":\"https:\/\/exceladvisor.org\/wp-content\/uploads\/2023\/08\/1-boutons-en-retrait-du-ruban.png\"},{\"@type\":\"BreadcrumbList\",\"@id\":\"https:\/\/exceladvisor.org\/tr\/para-cekme\/#breadcrumb\",\"itemListElement\":[{\"@type\":\"ListItem\",\"position\":1,\"name\":\"Ev\",\"item\":\"https:\/\/exceladvisor.org\/tr\/\"},{\"@type\":\"ListItem\",\"position\":2,\"name\":\"Excel&#39;de girinti nas\u0131l art\u0131r\u0131l\u0131r ve azalt\u0131l\u0131r?\"}]},{\"@type\":\"WebSite\",\"@id\":\"https:\/\/exceladvisor.org\/tr\/#website\",\"url\":\"https:\/\/exceladvisor.org\/tr\/\",\"name\":\"Excel Advisor\",\"description\":\"Veri hakimiyetine y\u00f6nelik nihai rehberiniz!\",\"publisher\":{\"@id\":\"https:\/\/exceladvisor.org\/tr\/#organization\"},\"potentialAction\":[{\"@type\":\"SearchAction\",\"target\":{\"@type\":\"EntryPoint\",\"urlTemplate\":\"https:\/\/exceladvisor.org\/tr\/?s={search_term_string}\"},\"query-input\":{\"@type\":\"PropertyValueSpecification\",\"valueRequired\":true,\"valueName\":\"search_term_string\"}}],\"inLanguage\":\"tr\"},{\"@type\":\"Organization\",\"@id\":\"https:\/\/exceladvisor.org\/tr\/#organization\",\"name\":\"Excel Advisor\",\"url\":\"https:\/\/exceladvisor.org\/tr\/\",\"logo\":{\"@type\":\"ImageObject\",\"inLanguage\":\"tr\",\"@id\":\"https:\/\/exceladvisor.org\/tr\/#\/schema\/logo\/image\/\",\"url\":\"https:\/\/exceladvisor.org\/tr\/wp-content\/uploads\/2023\/12\/exceladvisor.org_.png\",\"contentUrl\":\"https:\/\/exceladvisor.org\/tr\/wp-content\/uploads\/2023\/12\/exceladvisor.org_.png\",\"width\":105,\"height\":36,\"caption\":\"Excel Advisor\"},\"image\":{\"@id\":\"https:\/\/exceladvisor.org\/tr\/#\/schema\/logo\/image\/\"}}]}<\/script>\n<!-- \/ Yoast SEO plugin. -->","yoast_head_json":{"title":"\u25b7 Excel&#39;de girinti nas\u0131l art\u0131r\u0131l\u0131p azalt\u0131l\u0131r?","description":"Excel&#39;de girintiyi art\u0131rman\u0131n ve azaltman\u0131n birka\u00e7 yolu vard\u0131r ve bu derste t\u00fcm bu y\u00f6ntemleri \u00f6\u011frenece\u011fiz.","robots":{"index":"index","follow":"follow","max-snippet":"max-snippet:-1","max-image-preview":"max-image-preview:large","max-video-preview":"max-video-preview:-1"},"canonical":"https:\/\/exceladvisor.org\/tr\/para-cekme\/","og_locale":"tr_TR","og_type":"article","og_title":"\u25b7 Excel&#39;de girinti nas\u0131l art\u0131r\u0131l\u0131p azalt\u0131l\u0131r?","og_description":"Excel&#39;de girintiyi art\u0131rman\u0131n ve azaltman\u0131n birka\u00e7 yolu vard\u0131r ve bu derste t\u00fcm bu y\u00f6ntemleri \u00f6\u011frenece\u011fiz.","og_url":"https:\/\/exceladvisor.org\/tr\/para-cekme\/","og_site_name":"Excel Advisor","article_modified_time":"2023-12-10T06:01:27+00:00","og_image":[{"url":"https:\/\/exceladvisor.org\/wp-content\/uploads\/2023\/08\/1-boutons-en-retrait-du-ruban.png","type":"","width":"","height":""}],"twitter_card":"summary_large_image","twitter_misc":{"Tahmini okuma s\u00fcresi":"2 dakika"},"schema":{"@context":"https:\/\/schema.org","@graph":[{"@type":"WebPage","@id":"https:\/\/exceladvisor.org\/tr\/para-cekme\/","url":"https:\/\/exceladvisor.org\/tr\/para-cekme\/","name":"\u25b7 Excel&#39;de girinti nas\u0131l art\u0131r\u0131l\u0131p azalt\u0131l\u0131r?","isPartOf":{"@id":"https:\/\/exceladvisor.org\/tr\/#website"},"primaryImageOfPage":{"@id":"https:\/\/exceladvisor.org\/tr\/para-cekme\/#primaryimage"},"image":{"@id":"https:\/\/exceladvisor.org\/tr\/para-cekme\/#primaryimage"},"thumbnailUrl":"https:\/\/exceladvisor.org\/wp-content\/uploads\/2023\/08\/1-boutons-en-retrait-du-ruban.png","datePublished":"2023-10-31T22:52:09+00:00","dateModified":"2023-12-10T06:01:27+00:00","description":"Excel&#39;de girintiyi art\u0131rman\u0131n ve azaltman\u0131n birka\u00e7 yolu vard\u0131r ve bu derste t\u00fcm bu y\u00f6ntemleri \u00f6\u011frenece\u011fiz.","breadcrumb":{"@id":"https:\/\/exceladvisor.org\/tr\/para-cekme\/#breadcrumb"},"inLanguage":"tr","potentialAction":[{"@type":"ReadAction","target":["https:\/\/exceladvisor.org\/tr\/para-cekme\/"]}]},{"@type":"ImageObject","inLanguage":"tr","@id":"https:\/\/exceladvisor.org\/tr\/para-cekme\/#primaryimage","url":"https:\/\/exceladvisor.org\/wp-content\/uploads\/2023\/08\/1-boutons-en-retrait-du-ruban.png","contentUrl":"https:\/\/exceladvisor.org\/wp-content\/uploads\/2023\/08\/1-boutons-en-retrait-du-ruban.png"},{"@type":"BreadcrumbList","@id":"https:\/\/exceladvisor.org\/tr\/para-cekme\/#breadcrumb","itemListElement":[{"@type":"ListItem","position":1,"name":"Ev","item":"https:\/\/exceladvisor.org\/tr\/"},{"@type":"ListItem","position":2,"name":"Excel&#39;de girinti nas\u0131l art\u0131r\u0131l\u0131r ve azalt\u0131l\u0131r?"}]},{"@type":"WebSite","@id":"https:\/\/exceladvisor.org\/tr\/#website","url":"https:\/\/exceladvisor.org\/tr\/","name":"Excel Advisor","description":"Veri hakimiyetine y\u00f6nelik nihai rehberiniz!","publisher":{"@id":"https:\/\/exceladvisor.org\/tr\/#organization"},"potentialAction":[{"@type":"SearchAction","target":{"@type":"EntryPoint","urlTemplate":"https:\/\/exceladvisor.org\/tr\/?s={search_term_string}"},"query-input":{"@type":"PropertyValueSpecification","valueRequired":true,"valueName":"search_term_string"}}],"inLanguage":"tr"},{"@type":"Organization","@id":"https:\/\/exceladvisor.org\/tr\/#organization","name":"Excel Advisor","url":"https:\/\/exceladvisor.org\/tr\/","logo":{"@type":"ImageObject","inLanguage":"tr","@id":"https:\/\/exceladvisor.org\/tr\/#\/schema\/logo\/image\/","url":"https:\/\/exceladvisor.org\/tr\/wp-content\/uploads\/2023\/12\/exceladvisor.org_.png","contentUrl":"https:\/\/exceladvisor.org\/tr\/wp-content\/uploads\/2023\/12\/exceladvisor.org_.png","width":105,"height":36,"caption":"Excel Advisor"},"image":{"@id":"https:\/\/exceladvisor.org\/tr\/#\/schema\/logo\/image\/"}}]}},"yoast_meta":{"yoast_wpseo_title":"","yoast_wpseo_metadesc":"","yoast_wpseo_canonical":""},"_links":{"self":[{"href":"https:\/\/exceladvisor.org\/tr\/wp-json\/wp\/v2\/pages\/1830","targetHints":{"allow":["GET"]}}],"collection":[{"href":"https:\/\/exceladvisor.org\/tr\/wp-json\/wp\/v2\/pages"}],"about":[{"href":"https:\/\/exceladvisor.org\/tr\/wp-json\/wp\/v2\/types\/page"}],"author":[{"embeddable":true,"href":"https:\/\/exceladvisor.org\/tr\/wp-json\/wp\/v2\/users\/1"}],"replies":[{"embeddable":true,"href":"https:\/\/exceladvisor.org\/tr\/wp-json\/wp\/v2\/comments?post=1830"}],"version-history":[{"count":1,"href":"https:\/\/exceladvisor.org\/tr\/wp-json\/wp\/v2\/pages\/1830\/revisions"}],"predecessor-version":[{"id":2524,"href":"https:\/\/exceladvisor.org\/tr\/wp-json\/wp\/v2\/pages\/1830\/revisions\/2524"}],"wp:attachment":[{"href":"https:\/\/exceladvisor.org\/tr\/wp-json\/wp\/v2\/media?parent=1830"}],"curies":[{"name":"wp","href":"https:\/\/api.w.org\/{rel}","templated":true}]}}