{"id":1831,"date":"2023-10-31T22:43:02","date_gmt":"2023-10-31T22:43:02","guid":{"rendered":"https:\/\/exceladvisor.org\/tr\/sekme-rengini-degistir\/"},"modified":"2023-12-10T06:04:22","modified_gmt":"2023-12-10T06:04:22","slug":"sekme-rengini-degistir","status":"publish","type":"page","link":"https:\/\/exceladvisor.org\/tr\/sekme-rengini-degistir\/","title":{"rendered":"Sekme rengi nas\u0131l de\u011fi\u015ftirilir?"},"content":{"rendered":"<div class=\"excel-icerikten-once\" id=\"excel-2905768656\"><script type=\"text\/javascript\">\r\n\tatOptions = {\r\n\t\t'key' : 'c1158f160081d6540a8409e6925dab94',\r\n\t\t'format' : 'iframe',\r\n\t\t'height' : 250,\r\n\t\t'width' : 300,\r\n\t\t'params' : {}\r\n\t};\r\n<\/script>\r\n<script type=\"text\/javascript\" src=\"\/\/www.highperformanceformat.com\/c1158f160081d6540a8409e6925dab94\/invoke.js\"><\/script><\/div> <p>Excel&#8217;de her \u00e7al\u0131\u015fma sayfas\u0131n\u0131n alt\u0131nda bir sekme bulunur. Bir sayfay\u0131 di\u011fer sayfalardan ay\u0131rmak i\u00e7in arka plan rengi uygulamak amac\u0131yla sekme rengi se\u00e7ene\u011fini kullanabilirsiniz. E\u011fitimde, bir sekmeye arka plan rengi uygulamak i\u00e7in basit ad\u0131mlara bakaca\u011f\u0131z. <\/p><div class=\"wp-block-image\"><figure class=\"aligncenter size-full is-resized\"><img loading=\"lazy\" decoding=\"async\" class=\"wp-image-75245\" src=\"https:\/\/exceladvisor.org\/wp-content\/uploads\/2023\/08\/1-onglet-de-changement-de-couleur.png\" sizes=\"auto, \" srcset=\"\" alt=\"renk de\u011fi\u015ftirme sekmesi\" width=\"599\" height=\"125\"><\/figure><\/div><h2 id=\"h-steps-to-change-the-tab-color-in-excel\" class=\"wp-block-heading\"> Excel&#8217;de Sekme Rengini De\u011fi\u015ftirme Ad\u0131mlar\u0131<\/h2><ol type=\"1\"><li> \u00d6ncelikle rengi uygulamak istedi\u011finiz sayfa sekmesine sa\u011f t\u0131klay\u0131n.<\/li><li> Ba\u011flam men\u00fcs\u00fcnde sekme rengine t\u0131klay\u0131n.<\/li><li> Bundan sonra sekmeye uygulamak istedi\u011finiz rengi se\u00e7in.<\/li><li> Sonunda uygulamak i\u00e7in renge t\u0131klay\u0131n. <\/li><\/ol><div class=\"wp-block-image\"><figure class=\"aligncenter size-full is-resized\"><img loading=\"lazy\" decoding=\"async\" class=\"wp-image-75246\" src=\"https:\/\/exceladvisor.org\/wp-content\/uploads\/2023\/08\/2-choisir-la-couleur.png\" sizes=\"auto, \" srcset=\"\" alt=\"rengi se\u00e7\" width=\"445\" height=\"343\"><\/figure><\/div><p> Mac&#8217;te Excel kullan\u0131yorsan\u0131z sekme rengini de\u011fi\u015ftirme ad\u0131mlar\u0131 Windows&#8217;ta kulland\u0131\u011f\u0131m\u0131z ad\u0131mlar ile ayn\u0131d\u0131r. <\/p><div class=\"wp-block-image\"><figure class=\"aligncenter size-full is-resized\"><img loading=\"lazy\" decoding=\"async\" class=\"wp-image-75247\" src=\"https:\/\/exceladvisor.org\/wp-content\/uploads\/2023\/08\/3-changer-la-couleur-des-onglets-sur-mac.png\" sizes=\"auto, \" srcset=\"\" alt=\"Mac'te sekme rengini de\u011fi\u015ftir\" width=\"412\" height=\"351\"><\/figure><\/div><h2 id=\"h-use-tab-color-from-the-home-tab\" class=\"wp-block-heading\"> Ana Sayfa sekmesinden sekme rengini kullan<\/h2><ol type=\"1\"><li> \u00d6ncelikle sekme arka plan rengini de\u011fi\u015ftirmek istedi\u011finiz sayfay\u0131 etkinle\u015ftirin.<\/li><li> \u015eimdi \u201cBi\u00e7im\u201d a\u00e7\u0131l\u0131r men\u00fcs\u00fcne t\u0131klay\u0131n.<\/li><li> Bundan sonra sekme rengi se\u00e7ene\u011fine gidin.<\/li><li> Sonunda uygulamak istedi\u011finiz rengi se\u00e7in ve uygulamak i\u00e7in t\u0131klay\u0131n. <\/li><\/ol><div class=\"wp-block-image\"><figure class=\"aligncenter size-full is-resized\"><img loading=\"lazy\" decoding=\"async\" class=\"wp-image-75248\" src=\"https:\/\/exceladvisor.org\/wp-content\/uploads\/2023\/08\/Icone-de-format-4-pour-les-couleurs.png\" sizes=\"auto, \" srcset=\"\" alt=\"renk format\u0131 simgesi\" width=\"424\" height=\"536\"><\/figure><\/div><p> Ve Mac&#8217;te ad\u0131mlar Windows&#8217;takilerle ayn\u0131d\u0131r. <\/p><div class=\"wp-block-image\"><figure class=\"aligncenter size-full is-resized\"><img loading=\"lazy\" decoding=\"async\" class=\"wp-image-75249\" src=\"https:\/\/exceladvisor.org\/wp-content\/uploads\/2023\/08\/Icone-de-format-5-pour-changer-de-couleur-sur-mac.png\" sizes=\"auto, \" srcset=\"\" alt=\"Mac'te rengini de\u011fi\u015ftirmek i\u00e7in bi\u00e7im simgesi\" width=\"397\" height=\"532\"><\/figure><\/div><h2 id=\"h-keyboard-shortcut-to-change-the-worksheet-tab-color\" class=\"wp-block-heading\"> \u00c7al\u0131\u015fma sayfas\u0131 sekme rengini de\u011fi\u015ftirmek i\u00e7in klavye k\u0131sayolu<\/h2><p> <kbd>Alt<\/kbd> \u21e2 <kbd>H<\/kbd> \u21e2 <kbd>O<\/kbd> \u21e2 <kbd>T<\/kbd><\/p><p> Bu tu\u015flara s\u0131rayla basman\u0131z gerekiyor, bu da \u00f6nceki y\u00f6ntemde kulland\u0131\u011f\u0131m\u0131z format a\u00e7\u0131l\u0131r listesinde sekme rengi se\u00e7ene\u011fini a\u00e7acak.<\/p><p> Bu klavye k\u0131sayolunu kulland\u0131ktan sonra gezinme tu\u015flar\u0131n\u0131 kullanarak rengi se\u00e7meniz ve sonunda rengi uygulamak i\u00e7in Enter tu\u015funa basman\u0131z gerekir.<\/p><p class=\"mytip\"> Bir sayfay\u0131 etkinle\u015ftirdi\u011finizde sekmenin rengi, renk tonundan biraz daha koyu hale gelir.<\/p><h2 id=\"h-custom-color\" class=\"wp-block-heading\"> \u00d6zel renk<\/h2><p> Tema ve varsay\u0131lan renklerin d\u0131\u015f\u0131nda renkler kullanmak istiyorsan\u0131z \u201cDi\u011fer renkler\u2026\u201d se\u00e7ene\u011fine t\u0131klay\u0131n. <\/p><div class=\"wp-block-image\"><figure class=\"aligncenter size-full is-resized\"><img loading=\"lazy\" decoding=\"async\" class=\"wp-image-84453\" src=\"https:\/\/exceladvisor.org\/wp-content\/uploads\/2023\/08\/4-couleurs-personnalisees.png\" sizes=\"auto, \" srcset=\"\" alt=\"\u00f6zel renk\" width=\"505\" height=\"378\"><\/figure><\/div><p> Daha Fazla Renk ileti\u015fim kutusunda, sekmeye uygulamak istedi\u011finiz \u00f6zel rengi belirtmek i\u00e7in (HEX) veya (RGB) kodunu kullanabilirsiniz. <\/p><div class=\"wp-block-image\"><figure class=\"aligncenter size-full is-resized\"><img loading=\"lazy\" decoding=\"async\" class=\"wp-image-84454\" src=\"https:\/\/exceladvisor.org\/wp-content\/uploads\/2023\/08\/5-utiliser-hexadecimal-ou-rvb.png\" sizes=\"auto, \" srcset=\"\" alt=\"hex-veya-rgb kullan\u0131n\" width=\"452\" height=\"444\"><\/figure><\/div><h2 id=\"h-remove-sheet-tab-color\" class=\"wp-block-heading\"> Sayfa sekmesi rengini kald\u0131r<\/h2><p> Sekme rengini sayfadan kald\u0131rmak istiyorsan\u0131z yukar\u0131daki y\u00f6ntemlerden herhangi birini kullanabilir ve sekme rengi se\u00e7ene\u011fini a\u00e7abilirsiniz. Bundan sonra rengi kald\u0131rmak i\u00e7in \u201cRenk Yok\u201d se\u00e7ene\u011fine t\u0131klay\u0131n. <\/p><div class=\"wp-block-image\"><figure class=\"aligncenter size-full is-resized\"><img loading=\"lazy\" decoding=\"async\" class=\"wp-image-75250\" src=\"https:\/\/exceladvisor.org\/wp-content\/uploads\/2023\/08\/6-supprimer-la-couleur-de-longlet.png\" sizes=\"auto, \" srcset=\"\" alt=\"renk sekmesini kald\u0131r\" width=\"388\" height=\"328\"><\/figure><\/div><h2 id=\"h-i-can-t-apply-change-or-remove-the-tab-color\" class=\"wp-block-heading\"> Sekme rengini uygulayam\u0131yorum, de\u011fi\u015ftiremiyorum veya kald\u0131ram\u0131yorum<\/h2><p> Sekme renk se\u00e7ene\u011fini a\u00e7t\u0131\u011f\u0131n\u0131zda grile\u015fmenin bir nedeni olabilir. <\/p><div class=\"wp-block-image\"><figure class=\"aligncenter size-full is-resized\"><img loading=\"lazy\" decoding=\"async\" class=\"wp-image-75251\" src=\"https:\/\/exceladvisor.org\/wp-content\/uploads\/2023\/08\/7-ne-peut-pas-changer-ou-supprimer-la-couleur-de-longlet.png\" sizes=\"auto, \" srcset=\"\" alt=\"sekme rengini de\u011fi\u015ftiremez veya kald\u0131ramaz\" width=\"307\" height=\"348\"><\/figure><\/div><p> Bunun nedeni Excel dosyan\u0131z\u0131n korunuyor olmas\u0131 olabilir. <\/p><div class=\"wp-block-image\"><figure class=\"aligncenter size-full is-resized\"><img loading=\"lazy\" decoding=\"async\" class=\"wp-image-75252\" src=\"https:\/\/exceladvisor.org\/wp-content\/uploads\/2023\/08\/8-proteger-le-classeur.png\" sizes=\"auto, \" srcset=\"\" alt=\"koruyucu ba\u011flay\u0131c\u0131\" width=\"593\" height=\"208\"><\/figure><\/div><h2 id=\"h-vba-code-to-add-tab-color\" class=\"wp-block-heading\"> Sekme rengi eklemek i\u00e7in VBA kodu<\/h2><pre class=\"wp-block-code\"> <code class=\"language-visual-basic\" lang=\"visual-basic\"><strong>Sub<\/strong> ColorAllTab() <strong>Dim<\/strong> ws <strong>As<\/strong> Worksheet <strong>Dim<\/strong> wm <strong>As<\/strong> String <strong>Dim<\/strong> i <strong>As<\/strong> Integer wm = InputBox(\"Enter the Sheet Name to Apply the Tab Color\", \"Sheet Name\") <strong>For<\/strong> <strong>Each<\/strong> ws <strong>In<\/strong> ActiveWorkbook.Sheets <strong>If<\/strong> wm = ws.Name <strong>Then<\/strong>        ws.Tab.Color = RGB(237, 87, 60)        MsgBox \"Color Applied\" <strong>Exit<\/strong> <strong>Sub<\/strong> <strong>End<\/strong> <strong>If<\/strong> <strong>Next<\/strong> ws MsgBox \"No Sheet Found.\" <strong>End<\/strong> <strong>Sub<\/strong><\/code><\/pre><p> \u00c7al\u0131\u015fma kitab\u0131ndaki t\u00fcm sayfalara renk eklemek istiyorsan\u0131z kod kullanmak size zaman kazand\u0131rabilir.<\/p><p> <a href=\"https:\/\/exceladvisor.org\/tr\/makro-2yi-calistir\/\">Bu kodu \u00e7al\u0131\u015ft\u0131rd\u0131\u011f\u0131n\u0131zda<\/a> sizden giri\u015f kutusuna sayfa ad\u0131n\u0131 girmenizi isteyecektir. Sayfa ad\u0131n\u0131 girdi\u011finizde o sayfa sekmesine bir renk uygulanacakt\u0131r. <\/p><div class=\"wp-block-image\"><figure class=\"aligncenter size-full is-resized\"><img loading=\"lazy\" decoding=\"async\" class=\"wp-image-75253\" src=\"https:\/\/exceladvisor.org\/wp-content\/uploads\/2023\/08\/9-entrez-le-nom-de-la-feuille.png\" sizes=\"auto, \" srcset=\"\" alt=\"sayfa ad\u0131 girin\" width=\"453\" height=\"196\"><\/figure><\/div><p> RGB renk kodunu de\u011fi\u015ftirerek rengi de\u011fi\u015ftirebilirsiniz. <\/p><div class=\"wp-block-image\"><figure class=\"aligncenter size-full is-resized\"><img loading=\"lazy\" decoding=\"async\" class=\"wp-image-75254\" src=\"https:\/\/exceladvisor.org\/wp-content\/uploads\/2023\/08\/10-vba-pour-changer-de-couleur.png\" sizes=\"auto, \" srcset=\"\" alt=\"vba-renk de\u011fi\u015ftirme\" width=\"452\" height=\"197\"><\/figure><\/div><h2 id=\"h-notes\" class=\"wp-block-heading\"> Yorumlar<\/h2><ul type=\"1\"><li> <a href=\"https:\/\/exceladvisor.org\/tr\/eklemek\/\" data-wpil=\"url\">Yeni bir \u00e7al\u0131\u015fma sayfas\u0131 ekledi\u011finizde<\/a> arka plan rengini de eklemeniz gerekir. Eklerken arka plan sekme rengine sahip bir sayfa sekmesine sahip olman\u0131n bir yolu yoktur.<\/li><li> Ayn\u0131 sekme rengini ayn\u0131 anda birden fazla sayfaya eklemek i\u00e7in <a href=\"https:\/\/exceladvisor.org\/tr\/grup-1\/\" data-wpil=\"url\">bunlar\u0131 grupland\u0131r\u0131n<\/a> ve yukar\u0131da a\u00e7\u0131klanan ad\u0131mlar\u0131n ayn\u0131s\u0131n\u0131 izleyin. <\/li><\/ul><div class=\"gb-container gb-container-3044ba66 gb-container-mt\"><p class=\"gb-headline gb-headline-b5bb6270 gb-headline-text\"> <strong><a href=\"https:\/\/exceladvisor.org\/tr\/excelin-temelleri\/\">Excel Temelleri<\/a><\/strong> \/ <strong><a href=\"https:\/\/exceladvisor.org\/tr\/calisma-kagidi\/\" data-wpil=\"url\">Excel Elektronik Tablosu<\/a><\/strong><\/p><h2 class=\"gb-headline gb-headline-819d540d gb-headline-text gb-headline-mt-heading\"> Daha fazla e\u011fitim <\/h2><div class=\"gb-grid-wrapper gb-grid-wrapper-7f3d805a gb-grid-wrapper-mt-grid\"><div class=\"gb-grid-column gb-grid-column-7495e031\"><div class=\"gb-container gb-container-7495e031\"><ul><li> <a href=\"https:\/\/exceladvisor.org\/tr\/pekistirmek\/\">Birden \u00e7ok e-tablodaki verileri birle\u015ftirin<\/a><\/li><li> <a href=\"https:\/\/exceladvisor.org\/tr\/yeniden-isimlendirmek\/\">Excel&#8217;de sayfay\u0131 yeniden adland\u0131r\u0131n<\/a><\/li><li> <a href=\"https:\/\/exceladvisor.org\/tr\/grup-1\/\">Excel&#8217;de Grup \u00c7al\u0131\u015fma Sayfalar\u0131<\/a><\/li><li> <a href=\"https:\/\/exceladvisor.org\/tr\/yan-yana-gormek\/\">Excel&#8217;de iki sayfay\u0131 yan yana g\u00f6r\u00fcnt\u00fcleme<\/a><\/li><li> <a href=\"https:\/\/exceladvisor.org\/tr\/eklemek\/\">Excel&#8217;e elektronik tablo ekleme<\/a><\/li><\/ul><\/div><\/div><\/div><\/div>","protected":false},"excerpt":{"rendered":"","protected":false},"author":1,"featured_media":0,"parent":0,"menu_order":0,"comment_status":"open","ping_status":"closed","template":"","meta":{"ub_ctt_via":"","footnotes":""},"class_list":["post-1831","page","type-page","status-publish","hentry"],"featured_image_src":null,"yoast_head":"<!-- This site is optimized with the Yoast SEO plugin v25.4 - https:\/\/yoast.com\/wordpress\/plugins\/seo\/ -->\n<title>Excel&#039;de Sekme Rengini De\u011fi\u015ftirmenin Farkl\u0131 Yollar\u0131<\/title>\n<meta name=\"description\" content=\"Bu derste \u00e7al\u0131\u015fma sayfas\u0131 sekmesinin rengini de\u011fi\u015ftirmenin farkl\u0131 y\u00f6ntemlerini \u00f6\u011frenece\u011fiz.\" \/>\n<meta name=\"robots\" content=\"index, follow, max-snippet:-1, max-image-preview:large, max-video-preview:-1\" \/>\n<link rel=\"canonical\" href=\"https:\/\/exceladvisor.org\/tr\/sekme-rengini-degistir\/\" \/>\n<meta property=\"og:locale\" content=\"tr_TR\" \/>\n<meta property=\"og:type\" content=\"article\" \/>\n<meta property=\"og:title\" content=\"Excel&#039;de Sekme Rengini De\u011fi\u015ftirmenin Farkl\u0131 Yollar\u0131\" \/>\n<meta property=\"og:description\" content=\"Bu derste \u00e7al\u0131\u015fma sayfas\u0131 sekmesinin rengini de\u011fi\u015ftirmenin farkl\u0131 y\u00f6ntemlerini \u00f6\u011frenece\u011fiz.\" \/>\n<meta property=\"og:url\" content=\"https:\/\/exceladvisor.org\/tr\/sekme-rengini-degistir\/\" \/>\n<meta property=\"og:site_name\" content=\"Excel Advisor\" \/>\n<meta property=\"article:modified_time\" content=\"2023-12-10T06:04:22+00:00\" \/>\n<meta property=\"og:image\" content=\"https:\/\/exceladvisor.org\/wp-content\/uploads\/2023\/08\/1-onglet-de-changement-de-couleur.png\" \/>\n<meta name=\"twitter:card\" content=\"summary_large_image\" \/>\n<meta name=\"twitter:label1\" content=\"Tahmini okuma s\u00fcresi\" \/>\n\t<meta name=\"twitter:data1\" content=\"3 dakika\" \/>\n<script type=\"application\/ld+json\" class=\"yoast-schema-graph\">{\"@context\":\"https:\/\/schema.org\",\"@graph\":[{\"@type\":\"WebPage\",\"@id\":\"https:\/\/exceladvisor.org\/tr\/sekme-rengini-degistir\/\",\"url\":\"https:\/\/exceladvisor.org\/tr\/sekme-rengini-degistir\/\",\"name\":\"Excel&#39;de Sekme Rengini De\u011fi\u015ftirmenin Farkl\u0131 Yollar\u0131\",\"isPartOf\":{\"@id\":\"https:\/\/exceladvisor.org\/tr\/#website\"},\"primaryImageOfPage\":{\"@id\":\"https:\/\/exceladvisor.org\/tr\/sekme-rengini-degistir\/#primaryimage\"},\"image\":{\"@id\":\"https:\/\/exceladvisor.org\/tr\/sekme-rengini-degistir\/#primaryimage\"},\"thumbnailUrl\":\"https:\/\/exceladvisor.org\/wp-content\/uploads\/2023\/08\/1-onglet-de-changement-de-couleur.png\",\"datePublished\":\"2023-10-31T22:43:02+00:00\",\"dateModified\":\"2023-12-10T06:04:22+00:00\",\"description\":\"Bu derste \u00e7al\u0131\u015fma sayfas\u0131 sekmesinin rengini de\u011fi\u015ftirmenin farkl\u0131 y\u00f6ntemlerini \u00f6\u011frenece\u011fiz.\",\"breadcrumb\":{\"@id\":\"https:\/\/exceladvisor.org\/tr\/sekme-rengini-degistir\/#breadcrumb\"},\"inLanguage\":\"tr\",\"potentialAction\":[{\"@type\":\"ReadAction\",\"target\":[\"https:\/\/exceladvisor.org\/tr\/sekme-rengini-degistir\/\"]}]},{\"@type\":\"ImageObject\",\"inLanguage\":\"tr\",\"@id\":\"https:\/\/exceladvisor.org\/tr\/sekme-rengini-degistir\/#primaryimage\",\"url\":\"https:\/\/exceladvisor.org\/wp-content\/uploads\/2023\/08\/1-onglet-de-changement-de-couleur.png\",\"contentUrl\":\"https:\/\/exceladvisor.org\/wp-content\/uploads\/2023\/08\/1-onglet-de-changement-de-couleur.png\"},{\"@type\":\"BreadcrumbList\",\"@id\":\"https:\/\/exceladvisor.org\/tr\/sekme-rengini-degistir\/#breadcrumb\",\"itemListElement\":[{\"@type\":\"ListItem\",\"position\":1,\"name\":\"Ev\",\"item\":\"https:\/\/exceladvisor.org\/tr\/\"},{\"@type\":\"ListItem\",\"position\":2,\"name\":\"Sekme rengi nas\u0131l de\u011fi\u015ftirilir?\"}]},{\"@type\":\"WebSite\",\"@id\":\"https:\/\/exceladvisor.org\/tr\/#website\",\"url\":\"https:\/\/exceladvisor.org\/tr\/\",\"name\":\"Excel Advisor\",\"description\":\"Veri hakimiyetine y\u00f6nelik nihai rehberiniz!\",\"publisher\":{\"@id\":\"https:\/\/exceladvisor.org\/tr\/#organization\"},\"potentialAction\":[{\"@type\":\"SearchAction\",\"target\":{\"@type\":\"EntryPoint\",\"urlTemplate\":\"https:\/\/exceladvisor.org\/tr\/?s={search_term_string}\"},\"query-input\":{\"@type\":\"PropertyValueSpecification\",\"valueRequired\":true,\"valueName\":\"search_term_string\"}}],\"inLanguage\":\"tr\"},{\"@type\":\"Organization\",\"@id\":\"https:\/\/exceladvisor.org\/tr\/#organization\",\"name\":\"Excel Advisor\",\"url\":\"https:\/\/exceladvisor.org\/tr\/\",\"logo\":{\"@type\":\"ImageObject\",\"inLanguage\":\"tr\",\"@id\":\"https:\/\/exceladvisor.org\/tr\/#\/schema\/logo\/image\/\",\"url\":\"https:\/\/exceladvisor.org\/tr\/wp-content\/uploads\/2023\/12\/exceladvisor.org_.png\",\"contentUrl\":\"https:\/\/exceladvisor.org\/tr\/wp-content\/uploads\/2023\/12\/exceladvisor.org_.png\",\"width\":105,\"height\":36,\"caption\":\"Excel Advisor\"},\"image\":{\"@id\":\"https:\/\/exceladvisor.org\/tr\/#\/schema\/logo\/image\/\"}}]}<\/script>\n<!-- \/ Yoast SEO plugin. -->","yoast_head_json":{"title":"Excel&#39;de Sekme Rengini De\u011fi\u015ftirmenin Farkl\u0131 Yollar\u0131","description":"Bu derste \u00e7al\u0131\u015fma sayfas\u0131 sekmesinin rengini de\u011fi\u015ftirmenin farkl\u0131 y\u00f6ntemlerini \u00f6\u011frenece\u011fiz.","robots":{"index":"index","follow":"follow","max-snippet":"max-snippet:-1","max-image-preview":"max-image-preview:large","max-video-preview":"max-video-preview:-1"},"canonical":"https:\/\/exceladvisor.org\/tr\/sekme-rengini-degistir\/","og_locale":"tr_TR","og_type":"article","og_title":"Excel&#39;de Sekme Rengini De\u011fi\u015ftirmenin Farkl\u0131 Yollar\u0131","og_description":"Bu derste \u00e7al\u0131\u015fma sayfas\u0131 sekmesinin rengini de\u011fi\u015ftirmenin farkl\u0131 y\u00f6ntemlerini \u00f6\u011frenece\u011fiz.","og_url":"https:\/\/exceladvisor.org\/tr\/sekme-rengini-degistir\/","og_site_name":"Excel Advisor","article_modified_time":"2023-12-10T06:04:22+00:00","og_image":[{"url":"https:\/\/exceladvisor.org\/wp-content\/uploads\/2023\/08\/1-onglet-de-changement-de-couleur.png","type":"","width":"","height":""}],"twitter_card":"summary_large_image","twitter_misc":{"Tahmini okuma s\u00fcresi":"3 dakika"},"schema":{"@context":"https:\/\/schema.org","@graph":[{"@type":"WebPage","@id":"https:\/\/exceladvisor.org\/tr\/sekme-rengini-degistir\/","url":"https:\/\/exceladvisor.org\/tr\/sekme-rengini-degistir\/","name":"Excel&#39;de Sekme Rengini De\u011fi\u015ftirmenin Farkl\u0131 Yollar\u0131","isPartOf":{"@id":"https:\/\/exceladvisor.org\/tr\/#website"},"primaryImageOfPage":{"@id":"https:\/\/exceladvisor.org\/tr\/sekme-rengini-degistir\/#primaryimage"},"image":{"@id":"https:\/\/exceladvisor.org\/tr\/sekme-rengini-degistir\/#primaryimage"},"thumbnailUrl":"https:\/\/exceladvisor.org\/wp-content\/uploads\/2023\/08\/1-onglet-de-changement-de-couleur.png","datePublished":"2023-10-31T22:43:02+00:00","dateModified":"2023-12-10T06:04:22+00:00","description":"Bu derste \u00e7al\u0131\u015fma sayfas\u0131 sekmesinin rengini de\u011fi\u015ftirmenin farkl\u0131 y\u00f6ntemlerini \u00f6\u011frenece\u011fiz.","breadcrumb":{"@id":"https:\/\/exceladvisor.org\/tr\/sekme-rengini-degistir\/#breadcrumb"},"inLanguage":"tr","potentialAction":[{"@type":"ReadAction","target":["https:\/\/exceladvisor.org\/tr\/sekme-rengini-degistir\/"]}]},{"@type":"ImageObject","inLanguage":"tr","@id":"https:\/\/exceladvisor.org\/tr\/sekme-rengini-degistir\/#primaryimage","url":"https:\/\/exceladvisor.org\/wp-content\/uploads\/2023\/08\/1-onglet-de-changement-de-couleur.png","contentUrl":"https:\/\/exceladvisor.org\/wp-content\/uploads\/2023\/08\/1-onglet-de-changement-de-couleur.png"},{"@type":"BreadcrumbList","@id":"https:\/\/exceladvisor.org\/tr\/sekme-rengini-degistir\/#breadcrumb","itemListElement":[{"@type":"ListItem","position":1,"name":"Ev","item":"https:\/\/exceladvisor.org\/tr\/"},{"@type":"ListItem","position":2,"name":"Sekme rengi nas\u0131l de\u011fi\u015ftirilir?"}]},{"@type":"WebSite","@id":"https:\/\/exceladvisor.org\/tr\/#website","url":"https:\/\/exceladvisor.org\/tr\/","name":"Excel Advisor","description":"Veri hakimiyetine y\u00f6nelik nihai rehberiniz!","publisher":{"@id":"https:\/\/exceladvisor.org\/tr\/#organization"},"potentialAction":[{"@type":"SearchAction","target":{"@type":"EntryPoint","urlTemplate":"https:\/\/exceladvisor.org\/tr\/?s={search_term_string}"},"query-input":{"@type":"PropertyValueSpecification","valueRequired":true,"valueName":"search_term_string"}}],"inLanguage":"tr"},{"@type":"Organization","@id":"https:\/\/exceladvisor.org\/tr\/#organization","name":"Excel Advisor","url":"https:\/\/exceladvisor.org\/tr\/","logo":{"@type":"ImageObject","inLanguage":"tr","@id":"https:\/\/exceladvisor.org\/tr\/#\/schema\/logo\/image\/","url":"https:\/\/exceladvisor.org\/tr\/wp-content\/uploads\/2023\/12\/exceladvisor.org_.png","contentUrl":"https:\/\/exceladvisor.org\/tr\/wp-content\/uploads\/2023\/12\/exceladvisor.org_.png","width":105,"height":36,"caption":"Excel Advisor"},"image":{"@id":"https:\/\/exceladvisor.org\/tr\/#\/schema\/logo\/image\/"}}]}},"yoast_meta":{"yoast_wpseo_title":"","yoast_wpseo_metadesc":"","yoast_wpseo_canonical":""},"_links":{"self":[{"href":"https:\/\/exceladvisor.org\/tr\/wp-json\/wp\/v2\/pages\/1831","targetHints":{"allow":["GET"]}}],"collection":[{"href":"https:\/\/exceladvisor.org\/tr\/wp-json\/wp\/v2\/pages"}],"about":[{"href":"https:\/\/exceladvisor.org\/tr\/wp-json\/wp\/v2\/types\/page"}],"author":[{"embeddable":true,"href":"https:\/\/exceladvisor.org\/tr\/wp-json\/wp\/v2\/users\/1"}],"replies":[{"embeddable":true,"href":"https:\/\/exceladvisor.org\/tr\/wp-json\/wp\/v2\/comments?post=1831"}],"version-history":[{"count":1,"href":"https:\/\/exceladvisor.org\/tr\/wp-json\/wp\/v2\/pages\/1831\/revisions"}],"predecessor-version":[{"id":2718,"href":"https:\/\/exceladvisor.org\/tr\/wp-json\/wp\/v2\/pages\/1831\/revisions\/2718"}],"wp:attachment":[{"href":"https:\/\/exceladvisor.org\/tr\/wp-json\/wp\/v2\/media?parent=1831"}],"curies":[{"name":"wp","href":"https:\/\/api.w.org\/{rel}","templated":true}]}}