{"id":1832,"date":"2023-10-31T22:33:40","date_gmt":"2023-10-31T22:33:40","guid":{"rendered":"https:\/\/exceladvisor.org\/tr\/dolar-isareti\/"},"modified":"2023-12-10T06:01:09","modified_gmt":"2023-12-10T06:01:09","slug":"dolar-isareti","status":"publish","type":"page","link":"https:\/\/exceladvisor.org\/tr\/dolar-isareti\/","title":{"rendered":"Excel&#39;de dolar i\u015fareti nas\u0131l eklenir?"},"content":{"rendered":"<div class=\"excel-icerikten-once\" id=\"excel-1186353333\"><script type=\"text\/javascript\">\r\n\tatOptions = {\r\n\t\t'key' : 'c1158f160081d6540a8409e6925dab94',\r\n\t\t'format' : 'iframe',\r\n\t\t'height' : 250,\r\n\t\t'width' : 300,\r\n\t\t'params' : {}\r\n\t};\r\n<\/script>\r\n<script type=\"text\/javascript\" src=\"\/\/www.highperformanceformat.com\/c1158f160081d6540a8409e6925dab94\/invoke.js\"><\/script><\/div> <p>Excel&#8217;de kullan\u0131c\u0131lar, de\u011feri parasal bir de\u011fer olarak temsil eden dolar i\u015faretini $ de\u011ferinin ba\u015f\u0131na ekler. Ayr\u0131ca standart say\u0131sal de\u011ferlerin \u00f6n\u00fcne $ i\u015faretini ekleyerek para birimi de\u011ferlerine d\u00f6n\u00fc\u015ft\u00fcrebilirsiniz.<\/p><p> Excel&#8217;de $Dolar i\u015faretini eklemenin, $sign in h\u00fccrelerini manuel olarak eklemek veya h\u00fccrelerin bi\u00e7imini para birimi veya muhasebe bi\u00e7imine de\u011fi\u015ftirmek gibi birka\u00e7 yolu vard\u0131r. <\/p><div class=\"wp-block-image\"><figure class=\"aligncenter size-full\"><img loading=\"lazy\" decoding=\"async\" class=\"wp-image-80373\" src=\"https:\/\/exceladvisor.org\/wp-content\/uploads\/2023\/08\/1-ajouter-un-signe.png\" sizes=\"auto, \" srcset=\"\" alt=\"ekle-$-i\u015fareti\" width=\"315\" height=\"227\"><\/figure><\/div><p> Bu e\u011fitim size $Dollar oturum a\u00e7ma h\u00fccrelerini \u00e7e\u015fitli \u015fekillerde nas\u0131l ekleyece\u011finizi g\u00f6sterecektir.<\/p><h2 class=\"wp-block-heading\"> $ i\u015faretini yazarak dolar i\u015faretini ekleyin<\/h2><ol><li> \u00d6ncelikle h\u00fccreye giderek h\u00fccrenin i\u00e7ine \u00e7ift t\u0131klay\u0131n veya \u201cFn+F2\u201d tu\u015flar\u0131na basarak h\u00fccreyi d\u00fczenleme moduna al\u0131n.<\/li><li> Daha sonra imleci de\u011ferin \u00f6n\u00fcne sola hareket ettirip \u201cShift + $\u201d tu\u015flar\u0131na ayn\u0131 anda bast\u0131\u011f\u0131n\u0131zda de\u011ferin \u00f6n\u00fcne $ i\u015fareti eklenecektir. <br><img loading=\"lazy\" decoding=\"async\" title=\"\u0130\u015faret eklemek i\u00e7in 2 klavye tu\u015fu\" src=\"https:\/\/exceladvisor.org\/wp-content\/uploads\/2023\/08\/2-touches-de-clavier-pour-ajouter-un-signe.png\" sizes=\"auto, \" srcset=\"\" alt=\"keyboard-keys-to-add-$-sign\" width=\"746\" height=\"294\"><\/li><li> $ \u0130\u015fareti h\u00fccreye eklendikten sonra, $ i\u015faretini otomatik olarak eklemek \u00fczere bi\u00e7imlendirmeyi h\u00fccrelerin geri kalan\u0131na kopyalay\u0131p yap\u0131\u015ft\u0131rmak i\u00e7in <a href=\"https:\/\/exceladvisor.org\/tr\/ressam-formati\/\">Bi\u00e7im Boyac\u0131s\u0131&#8217;n\u0131<\/a> kullan\u0131n. <br><img loading=\"lazy\" decoding=\"async\" title=\"3-kopyala-yap\u0131\u015ft\u0131r-min-de\u011ferler.gif\" src=\"https:\/\/exceladvisor.org\/wp-content\/uploads\/2023\/08\/3-valeurs-copier-coller-min.gif\" sizes=\"auto, \" srcset=\"\" alt=\"copy-paste-values\" width=\"241\" height=\"302\"><\/li><\/ol><h2 class=\"wp-block-heading\"> Birle\u015ftirme i\u015flevini kullanarak dolar i\u015fareti ekleme<\/h2><p> A\u015fa\u011f\u0131daki ad\u0131mlar\u0131 izleyerek h\u00fccre de\u011ferlerine $ i\u015faretini eklemek i\u00e7in CONCATENATE fonksiyonunu kullanabilirsiniz:<\/p><ol><li> \u00d6ncelikle h\u00fccreye gidin ve \u201cBirle\u015ftirme\u201d form\u00fcl\u00fcn\u00fc yaz\u0131n.<\/li><li> A\u015fa\u011f\u0131daki resimde g\u00f6sterilen form\u00fclde, a\u00e7\u0131k parantezlerden sonra dolar i\u015faretini \u201c$\u201d girin ve virg\u00fcl girin, ard\u0131ndan de\u011ferin bulundu\u011fu h\u00fccre referans\u0131n\u0131 (B2) se\u00e7in ve parantezleri kapat\u0131p Enter tu\u015funa bas\u0131n. <br><img loading=\"lazy\" decoding=\"async\" title=\"4-ekleme i\u015faretine birle\u015ftirme\" src=\"https:\/\/exceladvisor.org\/wp-content\/uploads\/2023\/08\/4-concatener-pour-ajouter-un-signe.png\" sizes=\"auto, \" srcset=\"\" alt=\"concatenate-to-add-$-sign\" width=\"597\" height=\"236\"><\/li><li> Bundan sonra, h\u00fccrenin sa\u011f alt k\u00f6\u015fesine gelin ve form\u00fcl\u00fc di\u011fer h\u00fccrelere kopyalamak i\u00e7in \u00e7ift sa\u011f t\u0131klay\u0131n. <br><img loading=\"lazy\" decoding=\"async\" title=\"5-kopyalama-format-min.gif-doldurma sap\u0131\" src=\"https:\/\/exceladvisor.org\/wp-content\/uploads\/2023\/08\/5-poignee-de-remplissage-pour-copier-le-format-min.gif\" sizes=\"auto, \" srcset=\"\" alt=\"fill-handle-to-copy-format\" width=\"415\" height=\"215\"><\/li><li> Form\u00fcll\u00fc h\u00fccre aral\u0131\u011f\u0131n\u0131 kopyalay\u0131p, de\u011ferlerin bulundu\u011fu $ i\u015faretinin olmas\u0131n\u0131 istedi\u011finiz h\u00fccrelere \u00f6zel yap\u0131\u015ft\u0131r\u0131n ve ard\u0131ndan bunlar\u0131 a\u015fa\u011f\u0131daki g\u00f6rseldeki gibi say\u0131sal de\u011ferlere d\u00f6n\u00fc\u015ft\u00fcr\u00fcn. <br><img loading=\"lazy\" decoding=\"async\" title=\"6-\u00f6zel-yap\u0131\u015ft\u0131r\u0131n ve-min-say\u0131-format\u0131na-d\u00f6n\u00fc\u015ft\u00fcr\u00fcn.gif\" src=\"https:\/\/exceladvisor.org\/wp-content\/uploads\/2023\/08\/6-coller-special-et-convertir-au-format-numerique-min.gif\" sizes=\"auto, \" srcset=\"\" alt=\"paste-special-and-convert-to-number-format\" width=\"418\" height=\"205\"><\/li><\/ol><h2 class=\"wp-block-heading\"> Metin i\u015flevini kullanarak dolar i\u015fareti ekleyin<\/h2><p> A\u015fa\u011f\u0131daki ad\u0131mlar\u0131 izleyerek $sign in h\u00fccrelerini eklemek i\u00e7in metin i\u015flevini de kullanabilirsiniz:<\/p><ol><li> \u00d6ncelikle bo\u015f h\u00fccreye gidin ve \u201cMET\u0130N\u201d form\u00fcl\u00fcn\u00fc yaz\u0131n.<\/li><li> Form\u00fclde a\u015fa\u011f\u0131daki resimde g\u00f6r\u00fcld\u00fc\u011f\u00fc gibi parantezleri a\u00e7t\u0131ktan sonra $ i\u015faretini eklemek istedi\u011finiz de\u011ferin bulundu\u011fu h\u00fccre referans\u0131n\u0131 (B2) se\u00e7ip virg\u00fcl girin ve ard\u0131ndan \u201c$ 00\u201d yaz\u0131n. metin de\u011feri bi\u00e7imini se\u00e7in ve parantezleri kapat\u0131p Enter tu\u015funa bas\u0131n. <br><img loading=\"lazy\" decoding=\"async\" title=\"7-i\u015faret eklenecek metin\" src=\"https:\/\/exceladvisor.org\/wp-content\/uploads\/2023\/08\/7-texte-pour-ajouter-un-signe.png\" sizes=\"auto, \" srcset=\"\" alt=\"text-to-add-$-sign\" width=\"474\" height=\"222\"><\/li><li> Bundan sonra, h\u00fccrenin sa\u011f alt k\u00f6\u015fesine gelin ve form\u00fcl\u00fc di\u011fer h\u00fccrelere kopyalamak i\u00e7in \u00e7ift sa\u011f t\u0131klay\u0131n.<\/li><li> Form\u00fcll\u00fc h\u00fccre aral\u0131\u011f\u0131n\u0131 kopyalay\u0131p, de\u011ferlerin bulundu\u011fu $ i\u015faretinin olmas\u0131n\u0131 istedi\u011finiz h\u00fccrelere \u00f6zel yap\u0131\u015ft\u0131r\u0131n ve ard\u0131ndan bunlar\u0131 a\u015fa\u011f\u0131daki g\u00f6rseldeki gibi say\u0131sal de\u011ferlere d\u00f6n\u00fc\u015ft\u00fcr\u00fcn. <br><img loading=\"lazy\" decoding=\"async\" title=\"8-yap\u0131\u015ft\u0131r-\u00f6zel-ve-say\u0131-bi\u00e7imli-min.gif\" src=\"https:\/\/exceladvisor.org\/wp-content\/uploads\/2023\/08\/8-pates-speciales-et-format-numerique-min.gif\" sizes=\"auto, \" srcset=\"\" alt=\"paste-special-and-number-format\" width=\"427\" height=\"209\"><\/li><\/ol><h2 class=\"wp-block-heading\"> H\u00fccre bi\u00e7imlendirmesini para veya muhasebe bi\u00e7imine d\u00f6n\u00fc\u015ft\u00fcrerek dolar i\u015fareti ekleyin<\/h2><ol><li> \u0130lk \u00f6nce h\u00fccre aral\u0131\u011f\u0131n\u0131 se\u00e7in ve \u201cGiri\u015f\u201d sekmesine gidin.<\/li><li> Daha sonra \u201cNumara\u201d grubunun alt\u0131ndaki \u201cFormat\u201d a\u00e7\u0131l\u0131r okuna t\u0131klay\u0131n ve men\u00fcden \u201cPara Birimi\u201d veya \u201cMuhasebe\u201d se\u00e7ene\u011fini se\u00e7in.<\/li><li> \u0130ki formattan birini se\u00e7ti\u011finizde de\u011ferlerin \u00f6n\u00fcndeki h\u00fccrelere $ i\u015fareti eklenecektir. <\/li><\/ol><div class=\"wp-block-image\"><figure class=\"aligncenter size-full is-resized\"><img loading=\"lazy\" decoding=\"async\" class=\"wp-image-80381\" src=\"https:\/\/exceladvisor.org\/wp-content\/uploads\/2023\/08\/9-formats-monetaires-et-comptables.png\" sizes=\"auto, \" srcset=\"\" alt=\"para birimi ve muhasebe bi\u00e7imleri\" width=\"620\" height=\"351\"><\/figure><\/div><p> <a href=\"https:\/\/exceladvisor.org\/tr\/muhasebe-numarasi-formati\/\">Para birimi bi\u00e7imi ile muhasebe bi\u00e7imi<\/a> aras\u0131ndaki tek fark, para birimi bi\u00e7iminde de\u011ferin ba\u015f\u0131na $ i\u015faretini yerle\u015ftirmesidir. Muhasebe format\u0131nda $ i\u015faretini en sola veya h\u00fccrenin ba\u015f\u0131na yerle\u015ftirir. <\/p><div class=\"wp-block-image\"><figure class=\"aligncenter size-full is-resized\"><img loading=\"lazy\" decoding=\"async\" class=\"wp-image-80382\" src=\"https:\/\/exceladvisor.org\/wp-content\/uploads\/2023\/08\/10-devise-vs-format-comptable.png\" sizes=\"auto, \" srcset=\"\" alt=\"para birimi ve muhasebe bi\u00e7imi\" width=\"461\" height=\"263\"><\/figure><\/div><h2 class=\"wp-block-heading\"> Dolar i\u015fareti eklemek i\u00e7in para birimi bi\u00e7imini uygulaman\u0131n k\u0131sayolu<\/h2><p> <a href=\"https:\/\/exceladvisor.org\/tr\/para-birimi-bicimi\/\"><strong>Para Birimi Bi\u00e7imi klavye k\u0131sayolunu kullanarak h\u00fccre bi\u00e7imlendirmesini para birimi bi\u00e7imlendirmesine<\/strong><\/a> d\u00f6n\u00fc\u015ft\u00fcrebilirsiniz:<\/p><p> <kbd>Ctrl<\/kbd> + <kbd>\u00dcst Karakter<\/kbd> + <kbd>$<\/kbd><\/p><div class=\"gb-container gb-container-4db6181c gb-container-mt\"> <a class=\"gb-button gb-button-c5897111 gb-button-text gb-button-mt-button\" href=\"https:\/\/exceladvisor.org\/tr\/excelin-temelleri\/\">Microsoft Excel Temelleri (Bile\u015fenler, Par\u00e7alar ve Bilgi Notlar\u0131)<\/a><h2 class=\"gb-headline gb-headline-665e5f6b gb-headline-text gb-headline-mt-heading\"> \u0130lgili e\u011fitimler <\/h2><div class=\"gb-grid-wrapper gb-grid-wrapper-a20baf7c gb-grid-wrapper-mt-grid\"><div class=\"gb-grid-column gb-grid-column-65ddf67e\"><div class=\"gb-container gb-container-65ddf67e\"><ul><li> <a href=\"https:\/\/exceladvisor.org\/tr\/ayrisan-hucreleri-birlestirme\/\">Birle\u015ftirme \u2013 Excel&#8217;deki h\u00fccrelerin grubunu \u00e7\u00f6zme<\/a><\/li><li> <a href=\"https:\/\/exceladvisor.org\/tr\/yazim-denetleyicisi\/\">Excel&#8217;de yaz\u0131m denetimi<\/a><\/li><li> <a href=\"https:\/\/exceladvisor.org\/tr\/para-cekme\/\">Excel&#8217;de girintiyi art\u0131rma ve azaltma<\/a><\/li><li> <a href=\"https:\/\/exceladvisor.org\/tr\/metni-dondur\/\">Excel&#8217;de metni d\u00f6nd\u00fcrme (metin y\u00f6nlendirmesi)<\/a> <\/li><\/ul><\/div><\/div><div class=\"gb-grid-column gb-grid-column-50067b57\"><div class=\"gb-container gb-container-50067b57\"><\/div><\/div><\/div><\/div>","protected":false},"excerpt":{"rendered":"","protected":false},"author":1,"featured_media":0,"parent":0,"menu_order":0,"comment_status":"open","ping_status":"closed","template":"","meta":{"ub_ctt_via":"","footnotes":""},"class_list":["post-1832","page","type-page","status-publish","hentry"],"featured_image_src":null,"yoast_head":"<!-- This site is optimized with the Yoast SEO plugin v25.4 - https:\/\/yoast.com\/wordpress\/plugins\/seo\/ -->\n<title>\u25b7 Excel&#039;de dolar i\u015fareti nas\u0131l eklenir? (E\u011fitim 2023)<\/title>\n<meta name=\"description\" content=\"Bu, bir h\u00fccreye dolar i\u015fareti eklemeye y\u00f6nelik temel bir Microsoft Excel \u00f6\u011freticisidir. Bu e\u011fitimde nas\u0131l yap\u0131laca\u011f\u0131n\u0131 \u00f6\u011freneceksiniz...\" \/>\n<meta name=\"robots\" content=\"index, follow, max-snippet:-1, max-image-preview:large, max-video-preview:-1\" \/>\n<link rel=\"canonical\" href=\"https:\/\/exceladvisor.org\/tr\/dolar-isareti\/\" \/>\n<meta property=\"og:locale\" content=\"tr_TR\" \/>\n<meta property=\"og:type\" content=\"article\" \/>\n<meta property=\"og:title\" content=\"\u25b7 Excel&#039;de dolar i\u015fareti nas\u0131l eklenir? (E\u011fitim 2023)\" \/>\n<meta property=\"og:description\" content=\"Bu, bir h\u00fccreye dolar i\u015fareti eklemeye y\u00f6nelik temel bir Microsoft Excel \u00f6\u011freticisidir. Bu e\u011fitimde nas\u0131l yap\u0131laca\u011f\u0131n\u0131 \u00f6\u011freneceksiniz...\" \/>\n<meta property=\"og:url\" content=\"https:\/\/exceladvisor.org\/tr\/dolar-isareti\/\" \/>\n<meta property=\"og:site_name\" content=\"Excel Advisor\" \/>\n<meta property=\"article:modified_time\" content=\"2023-12-10T06:01:09+00:00\" \/>\n<meta property=\"og:image\" content=\"https:\/\/exceladvisor.org\/wp-content\/uploads\/2023\/08\/1-ajouter-un-signe.png\" \/>\n<meta name=\"twitter:card\" content=\"summary_large_image\" \/>\n<meta name=\"twitter:label1\" content=\"Tahmini okuma s\u00fcresi\" \/>\n\t<meta name=\"twitter:data1\" content=\"3 dakika\" \/>\n<script type=\"application\/ld+json\" class=\"yoast-schema-graph\">{\"@context\":\"https:\/\/schema.org\",\"@graph\":[{\"@type\":\"WebPage\",\"@id\":\"https:\/\/exceladvisor.org\/tr\/dolar-isareti\/\",\"url\":\"https:\/\/exceladvisor.org\/tr\/dolar-isareti\/\",\"name\":\"\u25b7 Excel&#39;de dolar i\u015fareti nas\u0131l eklenir? (E\u011fitim 2023)\",\"isPartOf\":{\"@id\":\"https:\/\/exceladvisor.org\/tr\/#website\"},\"primaryImageOfPage\":{\"@id\":\"https:\/\/exceladvisor.org\/tr\/dolar-isareti\/#primaryimage\"},\"image\":{\"@id\":\"https:\/\/exceladvisor.org\/tr\/dolar-isareti\/#primaryimage\"},\"thumbnailUrl\":\"https:\/\/exceladvisor.org\/wp-content\/uploads\/2023\/08\/1-ajouter-un-signe.png\",\"datePublished\":\"2023-10-31T22:33:40+00:00\",\"dateModified\":\"2023-12-10T06:01:09+00:00\",\"description\":\"Bu, bir h\u00fccreye dolar i\u015fareti eklemeye y\u00f6nelik temel bir Microsoft Excel \u00f6\u011freticisidir. Bu e\u011fitimde nas\u0131l yap\u0131laca\u011f\u0131n\u0131 \u00f6\u011freneceksiniz...\",\"breadcrumb\":{\"@id\":\"https:\/\/exceladvisor.org\/tr\/dolar-isareti\/#breadcrumb\"},\"inLanguage\":\"tr\",\"potentialAction\":[{\"@type\":\"ReadAction\",\"target\":[\"https:\/\/exceladvisor.org\/tr\/dolar-isareti\/\"]}]},{\"@type\":\"ImageObject\",\"inLanguage\":\"tr\",\"@id\":\"https:\/\/exceladvisor.org\/tr\/dolar-isareti\/#primaryimage\",\"url\":\"https:\/\/exceladvisor.org\/wp-content\/uploads\/2023\/08\/1-ajouter-un-signe.png\",\"contentUrl\":\"https:\/\/exceladvisor.org\/wp-content\/uploads\/2023\/08\/1-ajouter-un-signe.png\"},{\"@type\":\"BreadcrumbList\",\"@id\":\"https:\/\/exceladvisor.org\/tr\/dolar-isareti\/#breadcrumb\",\"itemListElement\":[{\"@type\":\"ListItem\",\"position\":1,\"name\":\"Ev\",\"item\":\"https:\/\/exceladvisor.org\/tr\/\"},{\"@type\":\"ListItem\",\"position\":2,\"name\":\"Excel&#39;de dolar i\u015fareti nas\u0131l eklenir?\"}]},{\"@type\":\"WebSite\",\"@id\":\"https:\/\/exceladvisor.org\/tr\/#website\",\"url\":\"https:\/\/exceladvisor.org\/tr\/\",\"name\":\"Excel Advisor\",\"description\":\"Veri hakimiyetine y\u00f6nelik nihai rehberiniz!\",\"publisher\":{\"@id\":\"https:\/\/exceladvisor.org\/tr\/#organization\"},\"potentialAction\":[{\"@type\":\"SearchAction\",\"target\":{\"@type\":\"EntryPoint\",\"urlTemplate\":\"https:\/\/exceladvisor.org\/tr\/?s={search_term_string}\"},\"query-input\":{\"@type\":\"PropertyValueSpecification\",\"valueRequired\":true,\"valueName\":\"search_term_string\"}}],\"inLanguage\":\"tr\"},{\"@type\":\"Organization\",\"@id\":\"https:\/\/exceladvisor.org\/tr\/#organization\",\"name\":\"Excel Advisor\",\"url\":\"https:\/\/exceladvisor.org\/tr\/\",\"logo\":{\"@type\":\"ImageObject\",\"inLanguage\":\"tr\",\"@id\":\"https:\/\/exceladvisor.org\/tr\/#\/schema\/logo\/image\/\",\"url\":\"https:\/\/exceladvisor.org\/tr\/wp-content\/uploads\/2023\/12\/exceladvisor.org_.png\",\"contentUrl\":\"https:\/\/exceladvisor.org\/tr\/wp-content\/uploads\/2023\/12\/exceladvisor.org_.png\",\"width\":105,\"height\":36,\"caption\":\"Excel Advisor\"},\"image\":{\"@id\":\"https:\/\/exceladvisor.org\/tr\/#\/schema\/logo\/image\/\"}}]}<\/script>\n<!-- \/ Yoast SEO plugin. -->","yoast_head_json":{"title":"\u25b7 Excel&#39;de dolar i\u015fareti nas\u0131l eklenir? (E\u011fitim 2023)","description":"Bu, bir h\u00fccreye dolar i\u015fareti eklemeye y\u00f6nelik temel bir Microsoft Excel \u00f6\u011freticisidir. Bu e\u011fitimde nas\u0131l yap\u0131laca\u011f\u0131n\u0131 \u00f6\u011freneceksiniz...","robots":{"index":"index","follow":"follow","max-snippet":"max-snippet:-1","max-image-preview":"max-image-preview:large","max-video-preview":"max-video-preview:-1"},"canonical":"https:\/\/exceladvisor.org\/tr\/dolar-isareti\/","og_locale":"tr_TR","og_type":"article","og_title":"\u25b7 Excel&#39;de dolar i\u015fareti nas\u0131l eklenir? (E\u011fitim 2023)","og_description":"Bu, bir h\u00fccreye dolar i\u015fareti eklemeye y\u00f6nelik temel bir Microsoft Excel \u00f6\u011freticisidir. Bu e\u011fitimde nas\u0131l yap\u0131laca\u011f\u0131n\u0131 \u00f6\u011freneceksiniz...","og_url":"https:\/\/exceladvisor.org\/tr\/dolar-isareti\/","og_site_name":"Excel Advisor","article_modified_time":"2023-12-10T06:01:09+00:00","og_image":[{"url":"https:\/\/exceladvisor.org\/wp-content\/uploads\/2023\/08\/1-ajouter-un-signe.png","type":"","width":"","height":""}],"twitter_card":"summary_large_image","twitter_misc":{"Tahmini okuma s\u00fcresi":"3 dakika"},"schema":{"@context":"https:\/\/schema.org","@graph":[{"@type":"WebPage","@id":"https:\/\/exceladvisor.org\/tr\/dolar-isareti\/","url":"https:\/\/exceladvisor.org\/tr\/dolar-isareti\/","name":"\u25b7 Excel&#39;de dolar i\u015fareti nas\u0131l eklenir? (E\u011fitim 2023)","isPartOf":{"@id":"https:\/\/exceladvisor.org\/tr\/#website"},"primaryImageOfPage":{"@id":"https:\/\/exceladvisor.org\/tr\/dolar-isareti\/#primaryimage"},"image":{"@id":"https:\/\/exceladvisor.org\/tr\/dolar-isareti\/#primaryimage"},"thumbnailUrl":"https:\/\/exceladvisor.org\/wp-content\/uploads\/2023\/08\/1-ajouter-un-signe.png","datePublished":"2023-10-31T22:33:40+00:00","dateModified":"2023-12-10T06:01:09+00:00","description":"Bu, bir h\u00fccreye dolar i\u015fareti eklemeye y\u00f6nelik temel bir Microsoft Excel \u00f6\u011freticisidir. Bu e\u011fitimde nas\u0131l yap\u0131laca\u011f\u0131n\u0131 \u00f6\u011freneceksiniz...","breadcrumb":{"@id":"https:\/\/exceladvisor.org\/tr\/dolar-isareti\/#breadcrumb"},"inLanguage":"tr","potentialAction":[{"@type":"ReadAction","target":["https:\/\/exceladvisor.org\/tr\/dolar-isareti\/"]}]},{"@type":"ImageObject","inLanguage":"tr","@id":"https:\/\/exceladvisor.org\/tr\/dolar-isareti\/#primaryimage","url":"https:\/\/exceladvisor.org\/wp-content\/uploads\/2023\/08\/1-ajouter-un-signe.png","contentUrl":"https:\/\/exceladvisor.org\/wp-content\/uploads\/2023\/08\/1-ajouter-un-signe.png"},{"@type":"BreadcrumbList","@id":"https:\/\/exceladvisor.org\/tr\/dolar-isareti\/#breadcrumb","itemListElement":[{"@type":"ListItem","position":1,"name":"Ev","item":"https:\/\/exceladvisor.org\/tr\/"},{"@type":"ListItem","position":2,"name":"Excel&#39;de dolar i\u015fareti nas\u0131l eklenir?"}]},{"@type":"WebSite","@id":"https:\/\/exceladvisor.org\/tr\/#website","url":"https:\/\/exceladvisor.org\/tr\/","name":"Excel Advisor","description":"Veri hakimiyetine y\u00f6nelik nihai rehberiniz!","publisher":{"@id":"https:\/\/exceladvisor.org\/tr\/#organization"},"potentialAction":[{"@type":"SearchAction","target":{"@type":"EntryPoint","urlTemplate":"https:\/\/exceladvisor.org\/tr\/?s={search_term_string}"},"query-input":{"@type":"PropertyValueSpecification","valueRequired":true,"valueName":"search_term_string"}}],"inLanguage":"tr"},{"@type":"Organization","@id":"https:\/\/exceladvisor.org\/tr\/#organization","name":"Excel Advisor","url":"https:\/\/exceladvisor.org\/tr\/","logo":{"@type":"ImageObject","inLanguage":"tr","@id":"https:\/\/exceladvisor.org\/tr\/#\/schema\/logo\/image\/","url":"https:\/\/exceladvisor.org\/tr\/wp-content\/uploads\/2023\/12\/exceladvisor.org_.png","contentUrl":"https:\/\/exceladvisor.org\/tr\/wp-content\/uploads\/2023\/12\/exceladvisor.org_.png","width":105,"height":36,"caption":"Excel Advisor"},"image":{"@id":"https:\/\/exceladvisor.org\/tr\/#\/schema\/logo\/image\/"}}]}},"yoast_meta":{"yoast_wpseo_title":"","yoast_wpseo_metadesc":"","yoast_wpseo_canonical":""},"_links":{"self":[{"href":"https:\/\/exceladvisor.org\/tr\/wp-json\/wp\/v2\/pages\/1832","targetHints":{"allow":["GET"]}}],"collection":[{"href":"https:\/\/exceladvisor.org\/tr\/wp-json\/wp\/v2\/pages"}],"about":[{"href":"https:\/\/exceladvisor.org\/tr\/wp-json\/wp\/v2\/types\/page"}],"author":[{"embeddable":true,"href":"https:\/\/exceladvisor.org\/tr\/wp-json\/wp\/v2\/users\/1"}],"replies":[{"embeddable":true,"href":"https:\/\/exceladvisor.org\/tr\/wp-json\/wp\/v2\/comments?post=1832"}],"version-history":[{"count":1,"href":"https:\/\/exceladvisor.org\/tr\/wp-json\/wp\/v2\/pages\/1832\/revisions"}],"predecessor-version":[{"id":2478,"href":"https:\/\/exceladvisor.org\/tr\/wp-json\/wp\/v2\/pages\/1832\/revisions\/2478"}],"wp:attachment":[{"href":"https:\/\/exceladvisor.org\/tr\/wp-json\/wp\/v2\/media?parent=1832"}],"curies":[{"name":"wp","href":"https:\/\/api.w.org\/{rel}","templated":true}]}}