{"id":1833,"date":"2023-10-31T22:32:17","date_gmt":"2023-10-31T22:32:17","guid":{"rendered":"https:\/\/exceladvisor.org\/tr\/eklemek\/"},"modified":"2023-12-10T06:01:15","modified_gmt":"2023-12-10T06:01:15","slug":"eklemek","status":"publish","type":"page","link":"https:\/\/exceladvisor.org\/tr\/eklemek\/","title":{"rendered":"Excel&#39;de elektronik tablo nas\u0131l eklenir?"},"content":{"rendered":"<div class=\"excel-icerikten-once\" id=\"excel-2234561025\"><script type=\"text\/javascript\">\r\n\tatOptions = {\r\n\t\t'key' : 'c1158f160081d6540a8409e6925dab94',\r\n\t\t'format' : 'iframe',\r\n\t\t'height' : 250,\r\n\t\t'width' : 300,\r\n\t\t'params' : {}\r\n\t};\r\n<\/script>\r\n<script type=\"text\/javascript\" src=\"\/\/www.highperformanceformat.com\/c1158f160081d6540a8409e6925dab94\/invoke.js\"><\/script><\/div> <p>Excel&#8217;de \u00e7al\u0131\u015f\u0131rken, kullan\u0131c\u0131lar\u0131n s\u0131kl\u0131kla yeni bir \u00e7al\u0131\u015fma sayfas\u0131 eklemesi veya mevcut \u00e7al\u0131\u015fma kitab\u0131nda mevcut bir \u00e7al\u0131\u015fma sayfas\u0131n\u0131 silmeleri gerekir. Bu dersimizde size nas\u0131l ekleyece\u011finizi g\u00f6sterece\u011fiz. Bunun i\u00e7in baz\u0131 h\u0131zl\u0131 ve kolay y\u00f6ntemlerimiz var.<\/p><h2 id=\"h-add-a-worksheet-using-the-home-tab\" class=\"wp-block-heading\"> Giri\u015f sekmesini kullanarak e-tablo ekleme<\/h2><p> Giri\u015f sekmesini kullanarak \u00e7al\u0131\u015fma sayfas\u0131n\u0131 se\u00e7ilen \u00e7al\u0131\u015fma sayfas\u0131n\u0131n soluna ekleyebilirsiniz ve bunun i\u00e7in a\u015fa\u011f\u0131daki ad\u0131mlar\u0131 izlemeniz gerekir:<\/p><ol><li> \u00d6ncelikle sol tarafta yeni \u00e7al\u0131\u015fma sayfas\u0131 eklemek istedi\u011finiz \u00e7al\u0131\u015fma sayfas\u0131 sekmesine t\u0131klay\u0131n.<\/li><li> Bundan sonra, &#8220;Giri\u015f&#8221; sekmesine gidin ve \u015feritteki &#8220;H\u00fccreler&#8221; grubunun alt\u0131ndaki &#8220;Ekle&#8221; simgesi a\u00e7\u0131l\u0131r men\u00fcs\u00fcne t\u0131klay\u0131n.<\/li><li> \u015eimdi a\u00e7\u0131l\u0131r listeden \u201cSayfa Ekle\u201d se\u00e7ene\u011fini se\u00e7in. <br><img loading=\"lazy\" decoding=\"async\" title=\"1-ana sayfa sekmesini kullanarak sayfa ekleme\" src=\"https:\/\/exceladvisor.org\/wp-content\/uploads\/2023\/08\/1-feuille-dinsertion-a-laide-de-longlet-daccueil.png\" sizes=\"auto, \" srcset=\"\" alt=\"insert-sheet-using-home-tab\" width=\"697\" height=\"236\"><\/li><li> Bu noktada yeni \u00e7al\u0131\u015fma sayfan\u0131z\u0131 (Sayfa2) &#8220;Mar_22&#8221; \u00e7al\u0131\u015fma sayfas\u0131n\u0131n soluna ekleyeceksiniz. <br><img loading=\"lazy\" decoding=\"async\" title=\"2-yeni sayfa eklendi\" src=\"https:\/\/exceladvisor.org\/wp-content\/uploads\/2023\/08\/2-nouvelles-feuilles-inserees.png\" sizes=\"auto, \" srcset=\"\" alt=\"new-sheet-inserted\" width=\"337\" height=\"282\"><\/li><\/ol><h2 id=\"h-add-a-worksheet-using-right-click-option\" class=\"wp-block-heading\"> Sa\u011f t\u0131klama se\u00e7ene\u011fini kullanarak bir e-tablo ekleyin<\/h2><ol><li> \u00d6ncelikle solunda yeni bir \u00e7al\u0131\u015fma sayfas\u0131 eklemek istedi\u011finiz \u00e7al\u0131\u015fma sayfas\u0131 sekmesine sa\u011f t\u0131klay\u0131n.<\/li><li> Bundan sonra listeden \u201cEkle\u201d se\u00e7ene\u011fine t\u0131klay\u0131n. <br><img loading=\"lazy\" decoding=\"async\" title=\"3-sayfa ekle-sa\u011f t\u0131klama\" src=\"https:\/\/exceladvisor.org\/wp-content\/uploads\/2023\/08\/3-inserer-une-feuille-avec-le-clic-droit.png\" sizes=\"auto, \" srcset=\"\" alt=\"insert-sheet-using-right-click\" width=\"348\" height=\"374\"><\/li><li> \u201cEkle\u201d se\u00e7ene\u011fine t\u0131klad\u0131\u011f\u0131n\u0131zda yeni bir \u201cEkle\u201d ileti\u015fim kutusu a\u00e7\u0131lacakt\u0131r.<\/li><li> \u015eimdi \u201cE-tablo\u201dyu se\u00e7in ve Tamam&#8217;a t\u0131klay\u0131n. <br><img loading=\"lazy\" decoding=\"async\" title=\"4 Se\u00e7im \u00c7al\u0131\u015fma Sayfas\u0131\" src=\"https:\/\/exceladvisor.org\/wp-content\/uploads\/2023\/08\/4-selectionner-la-feuille-de-calcul.png\" sizes=\"auto, \" srcset=\"\" alt=\"select-worksheet\" width=\"473\" height=\"316\"><\/li><li> Bu noktada yeni \u00e7al\u0131\u015fma sayfan\u0131z\u0131 (Sayfa3) &#8220;Mar_22&#8221; \u00e7al\u0131\u015fma sayfas\u0131n\u0131n soluna ekleyeceksiniz. <br><img loading=\"lazy\" decoding=\"async\" title=\"5-yeni-sayfa-sola-eklendi\" src=\"https:\/\/exceladvisor.org\/wp-content\/uploads\/2023\/08\/5-nouvelles-feuilles-inserees-a-gauche.png\" sizes=\"auto, \" srcset=\"\" alt=\"new-sheet-inserted-to-the-left\" width=\"394\" height=\"257\"><\/li><\/ol><p> Yukar\u0131daki ad\u0131mlar\u0131 takip ederek mevcut \u00e7al\u0131\u015fma sayfalar\u0131n\u0131 se\u00e7erek birden fazla \u00e7al\u0131\u015fma sayfas\u0131n\u0131 tek seferde ekleyebilirsiniz. Excel, \u015fu anda se\u00e7mi\u015f oldu\u011funuz say\u0131da yeni \u00e7al\u0131\u015fma sayfas\u0131 ekleyecektir.<\/p><h2 id=\"h-keyboard-shortcut\" class=\"wp-block-heading\"> Klavye k\u0131sayolu<\/h2><p> <kbd>Shift<\/kbd> + <kbd>F11<\/kbd> k\u0131sayol tu\u015funu <a href=\"https:\/\/exceladvisor.org\/tr\/yeni-bir-sayfa-ekle\/\">kullanarak<\/a> se\u00e7ilen \u00e7al\u0131\u015fma sayfas\u0131n\u0131n soluna da yeni bir \u00e7al\u0131\u015fma kitab\u0131 ekleyebilirsiniz.<\/p><h2 id=\"h-add-a-worksheet-to-the-right-using-plus-sign\" class=\"wp-block-heading\"> Art\u0131 i\u015faretini (+) kullanarak sa\u011fa bir \u00e7al\u0131\u015fma sayfas\u0131 ekleyin<\/h2><p> (+) butonu ile yeni \u00e7al\u0131\u015fma sayfas\u0131n\u0131 se\u00e7ilen \u00e7al\u0131\u015fma sayfas\u0131 sekmesinin sa\u011f\u0131na ekleyebilirsiniz ancak bu durumda birden fazla \u00e7al\u0131\u015fma sayfas\u0131n\u0131 ayn\u0131 anda ekleyemezsiniz.<\/p><ol><li> \u00d6ncelikle sa\u011f tarafta yeni \u00e7al\u0131\u015fma sayfas\u0131 eklemek istedi\u011finiz \u00e7al\u0131\u015fma sayfas\u0131 sekmesini se\u00e7in.<\/li><li> Bundan sonra sekme \u00e7ubu\u011fundaki art\u0131 (+) d\u00fc\u011fmesini t\u0131klad\u0131\u011f\u0131n\u0131zda se\u00e7ilen \u00e7al\u0131\u015fma sayfas\u0131n\u0131n sa\u011f\u0131na yeni bir \u00e7al\u0131\u015fma sayfas\u0131 eklenecektir. <\/li><\/ol><div class=\"wp-block-image\"><figure class=\"aligncenter size-full is-resized\"><img loading=\"lazy\" decoding=\"async\" class=\"wp-image-65887\" src=\"https:\/\/exceladvisor.org\/wp-content\/uploads\/2023\/08\/6-ajouter-une-feuille-de-calcul-a-droite.png\" sizes=\"auto, \" srcset=\"\" alt=\"sa\u011fa elektronik tablo ekle\" width=\"337\" height=\"295\"><\/figure><\/div><div class=\"gb-container gb-container-3044ba66 gb-container-mt\"><p class=\"gb-headline gb-headline-b5bb6270 gb-headline-text\"> <strong><a href=\"https:\/\/exceladvisor.org\/tr\/excelin-temelleri\/\">Excel Temelleri<\/a><\/strong> \/ <strong><a href=\"https:\/\/exceladvisor.org\/tr\/calisma-kagidi\/\" data-wpil=\"url\">Excel Elektronik Tablosu<\/a><\/strong><\/p><h2> Daha fazla e\u011fitim<\/h2><ul><li> <a href=\"https:\/\/exceladvisor.org\/tr\/kopyalamak\/\">Excel&#8217;de bir sayfay\u0131 veya elektronik tabloyu \u00e7o\u011faltma<\/a><\/li><li> <a href=\"https:\/\/exceladvisor.org\/tr\/baska-bir-sayfaya-baglanti\/\">Ba\u015fka bir e-tabloya k\u00f6pr\u00fc (ba\u011flant\u0131) olu\u015fturma<\/a><\/li><li> <a href=\"https:\/\/exceladvisor.org\/tr\/kilit\/\">Excel&#8217;de bir sayfay\u0131 (\u00e7al\u0131\u015fma sayfas\u0131n\u0131) kilitleme<\/a><\/li><li> <a href=\"https:\/\/exceladvisor.org\/tr\/yenileme\/\">Excel&#8217;de bir sayfay\u0131 (elektronik tablo) yenileme<\/a><\/li><li> <a href=\"https:\/\/exceladvisor.org\/tr\/acik\/\">\u015eifreli bir sayfan\u0131n kilidini a\u00e7\u0131n (\u015fifresiz)<\/a><\/li><\/ul><\/div>","protected":false},"excerpt":{"rendered":"","protected":false},"author":1,"featured_media":0,"parent":0,"menu_order":0,"comment_status":"open","ping_status":"closed","template":"","meta":{"ub_ctt_via":"","footnotes":""},"class_list":["post-1833","page","type-page","status-publish","hentry"],"featured_image_src":null,"yoast_head":"<!-- This site is optimized with the Yoast SEO plugin v25.4 - https:\/\/yoast.com\/wordpress\/plugins\/seo\/ -->\n<title>Excel&#039;de Elektronik Tablo Nas\u0131l Eklenir (2023 K\u0131lavuzu)<\/title>\n<meta name=\"description\" content=\"Bu e\u011fitimde, Excel&#039;de tek veya birden fazla \u00e7al\u0131\u015fma sayfas\u0131n\u0131 farkl\u0131 \u015fekillerde nas\u0131l ekleyece\u011finizi veya silece\u011finizi \u00f6\u011freneceksiniz.\" \/>\n<meta name=\"robots\" content=\"index, follow, max-snippet:-1, max-image-preview:large, max-video-preview:-1\" \/>\n<link rel=\"canonical\" href=\"https:\/\/exceladvisor.org\/tr\/eklemek\/\" \/>\n<meta property=\"og:locale\" content=\"tr_TR\" \/>\n<meta property=\"og:type\" content=\"article\" \/>\n<meta property=\"og:title\" content=\"Excel&#039;de Elektronik Tablo Nas\u0131l Eklenir (2023 K\u0131lavuzu)\" \/>\n<meta property=\"og:description\" content=\"Bu e\u011fitimde, Excel&#039;de tek veya birden fazla \u00e7al\u0131\u015fma sayfas\u0131n\u0131 farkl\u0131 \u015fekillerde nas\u0131l ekleyece\u011finizi veya silece\u011finizi \u00f6\u011freneceksiniz.\" \/>\n<meta property=\"og:url\" content=\"https:\/\/exceladvisor.org\/tr\/eklemek\/\" \/>\n<meta property=\"og:site_name\" content=\"Excel Advisor\" \/>\n<meta property=\"article:modified_time\" content=\"2023-12-10T06:01:15+00:00\" \/>\n<meta property=\"og:image\" content=\"https:\/\/exceladvisor.org\/wp-content\/uploads\/2023\/08\/1-feuille-dinsertion-a-laide-de-longlet-daccueil.png\" \/>\n<meta name=\"twitter:card\" content=\"summary_large_image\" \/>\n<meta name=\"twitter:label1\" content=\"Tahmini okuma s\u00fcresi\" \/>\n\t<meta name=\"twitter:data1\" content=\"2 dakika\" \/>\n<script type=\"application\/ld+json\" class=\"yoast-schema-graph\">{\"@context\":\"https:\/\/schema.org\",\"@graph\":[{\"@type\":\"WebPage\",\"@id\":\"https:\/\/exceladvisor.org\/tr\/eklemek\/\",\"url\":\"https:\/\/exceladvisor.org\/tr\/eklemek\/\",\"name\":\"Excel&#39;de Elektronik Tablo Nas\u0131l Eklenir (2023 K\u0131lavuzu)\",\"isPartOf\":{\"@id\":\"https:\/\/exceladvisor.org\/tr\/#website\"},\"primaryImageOfPage\":{\"@id\":\"https:\/\/exceladvisor.org\/tr\/eklemek\/#primaryimage\"},\"image\":{\"@id\":\"https:\/\/exceladvisor.org\/tr\/eklemek\/#primaryimage\"},\"thumbnailUrl\":\"https:\/\/exceladvisor.org\/wp-content\/uploads\/2023\/08\/1-feuille-dinsertion-a-laide-de-longlet-daccueil.png\",\"datePublished\":\"2023-10-31T22:32:17+00:00\",\"dateModified\":\"2023-12-10T06:01:15+00:00\",\"description\":\"Bu e\u011fitimde, Excel&#39;de tek veya birden fazla \u00e7al\u0131\u015fma sayfas\u0131n\u0131 farkl\u0131 \u015fekillerde nas\u0131l ekleyece\u011finizi veya silece\u011finizi \u00f6\u011freneceksiniz.\",\"breadcrumb\":{\"@id\":\"https:\/\/exceladvisor.org\/tr\/eklemek\/#breadcrumb\"},\"inLanguage\":\"tr\",\"potentialAction\":[{\"@type\":\"ReadAction\",\"target\":[\"https:\/\/exceladvisor.org\/tr\/eklemek\/\"]}]},{\"@type\":\"ImageObject\",\"inLanguage\":\"tr\",\"@id\":\"https:\/\/exceladvisor.org\/tr\/eklemek\/#primaryimage\",\"url\":\"https:\/\/exceladvisor.org\/wp-content\/uploads\/2023\/08\/1-feuille-dinsertion-a-laide-de-longlet-daccueil.png\",\"contentUrl\":\"https:\/\/exceladvisor.org\/wp-content\/uploads\/2023\/08\/1-feuille-dinsertion-a-laide-de-longlet-daccueil.png\"},{\"@type\":\"BreadcrumbList\",\"@id\":\"https:\/\/exceladvisor.org\/tr\/eklemek\/#breadcrumb\",\"itemListElement\":[{\"@type\":\"ListItem\",\"position\":1,\"name\":\"Ev\",\"item\":\"https:\/\/exceladvisor.org\/tr\/\"},{\"@type\":\"ListItem\",\"position\":2,\"name\":\"Excel&#39;de elektronik tablo nas\u0131l eklenir?\"}]},{\"@type\":\"WebSite\",\"@id\":\"https:\/\/exceladvisor.org\/tr\/#website\",\"url\":\"https:\/\/exceladvisor.org\/tr\/\",\"name\":\"Excel Advisor\",\"description\":\"Veri hakimiyetine y\u00f6nelik nihai rehberiniz!\",\"publisher\":{\"@id\":\"https:\/\/exceladvisor.org\/tr\/#organization\"},\"potentialAction\":[{\"@type\":\"SearchAction\",\"target\":{\"@type\":\"EntryPoint\",\"urlTemplate\":\"https:\/\/exceladvisor.org\/tr\/?s={search_term_string}\"},\"query-input\":{\"@type\":\"PropertyValueSpecification\",\"valueRequired\":true,\"valueName\":\"search_term_string\"}}],\"inLanguage\":\"tr\"},{\"@type\":\"Organization\",\"@id\":\"https:\/\/exceladvisor.org\/tr\/#organization\",\"name\":\"Excel Advisor\",\"url\":\"https:\/\/exceladvisor.org\/tr\/\",\"logo\":{\"@type\":\"ImageObject\",\"inLanguage\":\"tr\",\"@id\":\"https:\/\/exceladvisor.org\/tr\/#\/schema\/logo\/image\/\",\"url\":\"https:\/\/exceladvisor.org\/tr\/wp-content\/uploads\/2023\/12\/exceladvisor.org_.png\",\"contentUrl\":\"https:\/\/exceladvisor.org\/tr\/wp-content\/uploads\/2023\/12\/exceladvisor.org_.png\",\"width\":105,\"height\":36,\"caption\":\"Excel Advisor\"},\"image\":{\"@id\":\"https:\/\/exceladvisor.org\/tr\/#\/schema\/logo\/image\/\"}}]}<\/script>\n<!-- \/ Yoast SEO plugin. -->","yoast_head_json":{"title":"Excel&#39;de Elektronik Tablo Nas\u0131l Eklenir (2023 K\u0131lavuzu)","description":"Bu e\u011fitimde, Excel&#39;de tek veya birden fazla \u00e7al\u0131\u015fma sayfas\u0131n\u0131 farkl\u0131 \u015fekillerde nas\u0131l ekleyece\u011finizi veya silece\u011finizi \u00f6\u011freneceksiniz.","robots":{"index":"index","follow":"follow","max-snippet":"max-snippet:-1","max-image-preview":"max-image-preview:large","max-video-preview":"max-video-preview:-1"},"canonical":"https:\/\/exceladvisor.org\/tr\/eklemek\/","og_locale":"tr_TR","og_type":"article","og_title":"Excel&#39;de Elektronik Tablo Nas\u0131l Eklenir (2023 K\u0131lavuzu)","og_description":"Bu e\u011fitimde, Excel&#39;de tek veya birden fazla \u00e7al\u0131\u015fma sayfas\u0131n\u0131 farkl\u0131 \u015fekillerde nas\u0131l ekleyece\u011finizi veya silece\u011finizi \u00f6\u011freneceksiniz.","og_url":"https:\/\/exceladvisor.org\/tr\/eklemek\/","og_site_name":"Excel Advisor","article_modified_time":"2023-12-10T06:01:15+00:00","og_image":[{"url":"https:\/\/exceladvisor.org\/wp-content\/uploads\/2023\/08\/1-feuille-dinsertion-a-laide-de-longlet-daccueil.png","type":"","width":"","height":""}],"twitter_card":"summary_large_image","twitter_misc":{"Tahmini okuma s\u00fcresi":"2 dakika"},"schema":{"@context":"https:\/\/schema.org","@graph":[{"@type":"WebPage","@id":"https:\/\/exceladvisor.org\/tr\/eklemek\/","url":"https:\/\/exceladvisor.org\/tr\/eklemek\/","name":"Excel&#39;de Elektronik Tablo Nas\u0131l Eklenir (2023 K\u0131lavuzu)","isPartOf":{"@id":"https:\/\/exceladvisor.org\/tr\/#website"},"primaryImageOfPage":{"@id":"https:\/\/exceladvisor.org\/tr\/eklemek\/#primaryimage"},"image":{"@id":"https:\/\/exceladvisor.org\/tr\/eklemek\/#primaryimage"},"thumbnailUrl":"https:\/\/exceladvisor.org\/wp-content\/uploads\/2023\/08\/1-feuille-dinsertion-a-laide-de-longlet-daccueil.png","datePublished":"2023-10-31T22:32:17+00:00","dateModified":"2023-12-10T06:01:15+00:00","description":"Bu e\u011fitimde, Excel&#39;de tek veya birden fazla \u00e7al\u0131\u015fma sayfas\u0131n\u0131 farkl\u0131 \u015fekillerde nas\u0131l ekleyece\u011finizi veya silece\u011finizi \u00f6\u011freneceksiniz.","breadcrumb":{"@id":"https:\/\/exceladvisor.org\/tr\/eklemek\/#breadcrumb"},"inLanguage":"tr","potentialAction":[{"@type":"ReadAction","target":["https:\/\/exceladvisor.org\/tr\/eklemek\/"]}]},{"@type":"ImageObject","inLanguage":"tr","@id":"https:\/\/exceladvisor.org\/tr\/eklemek\/#primaryimage","url":"https:\/\/exceladvisor.org\/wp-content\/uploads\/2023\/08\/1-feuille-dinsertion-a-laide-de-longlet-daccueil.png","contentUrl":"https:\/\/exceladvisor.org\/wp-content\/uploads\/2023\/08\/1-feuille-dinsertion-a-laide-de-longlet-daccueil.png"},{"@type":"BreadcrumbList","@id":"https:\/\/exceladvisor.org\/tr\/eklemek\/#breadcrumb","itemListElement":[{"@type":"ListItem","position":1,"name":"Ev","item":"https:\/\/exceladvisor.org\/tr\/"},{"@type":"ListItem","position":2,"name":"Excel&#39;de elektronik tablo nas\u0131l eklenir?"}]},{"@type":"WebSite","@id":"https:\/\/exceladvisor.org\/tr\/#website","url":"https:\/\/exceladvisor.org\/tr\/","name":"Excel Advisor","description":"Veri hakimiyetine y\u00f6nelik nihai rehberiniz!","publisher":{"@id":"https:\/\/exceladvisor.org\/tr\/#organization"},"potentialAction":[{"@type":"SearchAction","target":{"@type":"EntryPoint","urlTemplate":"https:\/\/exceladvisor.org\/tr\/?s={search_term_string}"},"query-input":{"@type":"PropertyValueSpecification","valueRequired":true,"valueName":"search_term_string"}}],"inLanguage":"tr"},{"@type":"Organization","@id":"https:\/\/exceladvisor.org\/tr\/#organization","name":"Excel Advisor","url":"https:\/\/exceladvisor.org\/tr\/","logo":{"@type":"ImageObject","inLanguage":"tr","@id":"https:\/\/exceladvisor.org\/tr\/#\/schema\/logo\/image\/","url":"https:\/\/exceladvisor.org\/tr\/wp-content\/uploads\/2023\/12\/exceladvisor.org_.png","contentUrl":"https:\/\/exceladvisor.org\/tr\/wp-content\/uploads\/2023\/12\/exceladvisor.org_.png","width":105,"height":36,"caption":"Excel Advisor"},"image":{"@id":"https:\/\/exceladvisor.org\/tr\/#\/schema\/logo\/image\/"}}]}},"yoast_meta":{"yoast_wpseo_title":"","yoast_wpseo_metadesc":"","yoast_wpseo_canonical":""},"_links":{"self":[{"href":"https:\/\/exceladvisor.org\/tr\/wp-json\/wp\/v2\/pages\/1833","targetHints":{"allow":["GET"]}}],"collection":[{"href":"https:\/\/exceladvisor.org\/tr\/wp-json\/wp\/v2\/pages"}],"about":[{"href":"https:\/\/exceladvisor.org\/tr\/wp-json\/wp\/v2\/types\/page"}],"author":[{"embeddable":true,"href":"https:\/\/exceladvisor.org\/tr\/wp-json\/wp\/v2\/users\/1"}],"replies":[{"embeddable":true,"href":"https:\/\/exceladvisor.org\/tr\/wp-json\/wp\/v2\/comments?post=1833"}],"version-history":[{"count":1,"href":"https:\/\/exceladvisor.org\/tr\/wp-json\/wp\/v2\/pages\/1833\/revisions"}],"predecessor-version":[{"id":2494,"href":"https:\/\/exceladvisor.org\/tr\/wp-json\/wp\/v2\/pages\/1833\/revisions\/2494"}],"wp:attachment":[{"href":"https:\/\/exceladvisor.org\/tr\/wp-json\/wp\/v2\/media?parent=1833"}],"curies":[{"name":"wp","href":"https:\/\/api.w.org\/{rel}","templated":true}]}}