{"id":1834,"date":"2023-10-31T22:06:07","date_gmt":"2023-10-31T22:06:07","guid":{"rendered":"https:\/\/exceladvisor.org\/tr\/1i-sil\/"},"modified":"2023-12-10T06:00:43","modified_gmt":"2023-12-10T06:00:43","slug":"1i-sil","status":"publish","type":"page","link":"https:\/\/exceladvisor.org\/tr\/1i-sil\/","title":{"rendered":"Excel&#39;de bir sayfa nas\u0131l silinir?"},"content":{"rendered":"<div class=\"excel-icerikten-once\" id=\"excel-3833630910\"><script type=\"text\/javascript\">\r\n\tatOptions = {\r\n\t\t'key' : 'c1158f160081d6540a8409e6925dab94',\r\n\t\t'format' : 'iframe',\r\n\t\t'height' : 250,\r\n\t\t'width' : 300,\r\n\t\t'params' : {}\r\n\t};\r\n<\/script>\r\n<script type=\"text\/javascript\" src=\"\/\/www.highperformanceformat.com\/c1158f160081d6540a8409e6925dab94\/invoke.js\"><\/script><\/div> <p>Bu derste Excel&#8217;de bir sayfay\u0131 silmenin \u00fc\u00e7 kolay y\u00f6ntemini \u00f6\u011frenece\u011fiz. Bu y\u00f6ntemlerin t\u00fcm\u00fc h\u0131zl\u0131 ve takip edilmesi kolayd\u0131r. Bu y\u00f6ntemlerden size uygun olan\u0131n\u0131 kullanabilirsiniz.<\/p><h2 id=\"h-delete-a-sheet-using-the-keyboard-shortcut\" class=\"wp-block-heading\"> Klavye k\u0131sayolunu kullanarak bir sayfay\u0131 silme<\/h2><ul><li> <kbd>Alt<\/kbd> \u2192 <kbd>H<\/kbd> \u2192 <kbd>D<\/kbd> \u2192 <kbd>S<\/kbd><\/li><li> <kbd>Alt<\/kbd> \u2192 <kbd>E<\/kbd> \u2192 <kbd>L<\/kbd><\/li><\/ul><p> \u00c7al\u0131\u015fma kitab\u0131ndaki bir sayfay\u0131 h\u0131zla silmek i\u00e7in klavye k\u0131sayolunu kullanabilirsiniz. <\/p><div class=\"wp-block-image\"><figure class=\"aligncenter size-full is-resized\"><img loading=\"lazy\" decoding=\"async\" class=\"wp-image-92513\" src=\"https:\/\/exceladvisor.org\/wp-content\/uploads\/2023\/08\/raccourci-clavier-supprimer-une-feuille.png\" sizes=\"auto, \" srcset=\"\" alt=\"k\u0131sayol tu\u015fu-silme-sayfas\u0131\" width=\"303\" height=\"137\"><\/figure><\/div><h2 id=\"h-delete-a-worksheet-using-home-tab\" class=\"wp-block-heading\"> Giri\u015f sekmesini kullanarak \u00e7al\u0131\u015fma sayfas\u0131n\u0131 silme<\/h2><ol><li> Birden fazla \u00e7al\u0131\u015fma sayfas\u0131n\u0131 silmek istiyorsan\u0131z \u00f6ncelikle \u00e7al\u0131\u015fma sayfas\u0131 sekmesine t\u0131klay\u0131n veya birden fazla \u00e7al\u0131\u015fma sayfas\u0131 sekmesi se\u00e7in.<\/li><li> Bundan sonra, \u201cGiri\u015f\u201d sekmesine gidin ve \u015feritteki \u201cH\u00fccreler\u201d grubunun alt\u0131ndaki \u201cSil\u201d simgesi a\u00e7\u0131l\u0131r men\u00fcs\u00fcne t\u0131klay\u0131n.<\/li><li> \u015eimdi a\u00e7\u0131l\u0131r listeden \u201cSayfay\u0131 Sil\u201d se\u00e7ene\u011fini se\u00e7in. <br><img loading=\"lazy\" decoding=\"async\" title=\"7-ana sayfa sekmesini kullanarak \u00e7al\u0131\u015fma sayfas\u0131n\u0131 sil\" src=\"https:\/\/exceladvisor.org\/wp-content\/uploads\/2023\/08\/7-supprimer-une-feuille-de-calcul-a-laide-de-longlet-daccueil.png\" sizes=\"auto, \" srcset=\"\" alt=\"delete-worksheet-using-home-tab\" width=\"749\" height=\"251\"><\/li><li> Bu noktada, se\u00e7ili \u00e7al\u0131\u015fma sayfalar\u0131n\u0131z\u0131n mevcut \u00e7al\u0131\u015fma kitab\u0131ndan silindi\u011fini g\u00f6receksiniz. <br><img loading=\"lazy\" decoding=\"async\" title=\"8-\u00e7al\u0131\u015fma sayfas\u0131-silindi1\" src=\"https:\/\/exceladvisor.org\/wp-content\/uploads\/2023\/08\/8-feuille-de-calcul-supprimee1.png\" sizes=\"auto, \" srcset=\"\" alt=\"worksheet-deleted\" width=\"325\" height=\"284\"><\/li><\/ol><h2 id=\"h-delete-a-sheet-using-right-click-option\" class=\"wp-block-heading\"> Sa\u011f t\u0131klama se\u00e7ene\u011fini kullanarak bir sayfay\u0131 silin<\/h2><ol><li> \u00d6ncelikle \u00e7al\u0131\u015fma sayfas\u0131 sekmesine sa\u011f t\u0131klay\u0131n ve listeden \u201cSil\u201d se\u00e7ene\u011fine t\u0131klay\u0131n.<\/li><li> Birden fazla \u00e7al\u0131\u015fma sayfas\u0131n\u0131 silmek i\u00e7in birden fazla \u00e7al\u0131\u015fma sayfas\u0131n\u0131 se\u00e7in, ard\u0131ndan sa\u011f t\u0131klay\u0131n ve &#8220;Sil&#8221; se\u00e7ene\u011fini t\u0131klay\u0131n. <\/li><\/ol><div class=\"wp-block-image\"><figure class=\"aligncenter size-full is-resized\"><img loading=\"lazy\" decoding=\"async\" class=\"wp-image-65890\" src=\"https:\/\/exceladvisor.org\/wp-content\/uploads\/2023\/08\/9-supprimer-une-feuille-de-calcul-en-utilisant-le-clic-droit.png\" sizes=\"auto, \" srcset=\"\" alt=\"sa\u011f t\u0131klamay\u0131 kullanarak bir e-tabloyu silme\" width=\"467\" height=\"477\"><\/figure><\/div><div class=\"gb-container gb-container-3044ba66 gb-container-mt\"><p class=\"gb-headline gb-headline-b5bb6270 gb-headline-text\"> <strong><a href=\"https:\/\/exceladvisor.org\/tr\/excelin-temelleri\/\">Excel Temelleri<\/a><\/strong> \/ <strong><a href=\"https:\/\/exceladvisor.org\/tr\/calisma-kagidi\/\" data-wpil=\"url\">Excel Elektronik Tablosu<\/a><\/strong><\/p><h2 class=\"gb-headline gb-headline-819d540d gb-headline-text gb-headline-mt-heading\"> Daha fazla e\u011fitim <\/h2><div class=\"gb-grid-wrapper gb-grid-wrapper-7f3d805a gb-grid-wrapper-mt-grid\"><div class=\"gb-grid-column gb-grid-column-7495e031\"><div class=\"gb-container gb-container-7495e031\"><ul><li> <a href=\"https:\/\/exceladvisor.org\/tr\/eklemek\/\">Excel&#8217;e elektronik tablo ekleme<\/a><\/li><li> <a href=\"https:\/\/exceladvisor.org\/tr\/sekme-rengini-degistir\/\">Excel&#8217;de Sekme Rengini De\u011fi\u015ftirme (\u00c7al\u0131\u015fma Sayfas\u0131 Sekmesi)<\/a><\/li><li> <a href=\"https:\/\/exceladvisor.org\/tr\/baslik-ekle\/\">Excel&#8217;de \u00e7al\u0131\u015fma sayfas\u0131na ba\u015fl\u0131k ekleme<\/a><\/li><li> <a href=\"https:\/\/exceladvisor.org\/tr\/1i-kopyala\/\">Bir sayfay\u0131 (e-tablo) kopyalama veya ta\u015f\u0131ma<\/a><\/li><li> <a href=\"https:\/\/exceladvisor.org\/tr\/hepsini-sec-1\/\">T\u00fcm \u00e7al\u0131\u015fma sayfalar\u0131n\u0131 (sayfalar\u0131) se\u00e7<\/a> <\/li><\/ul><\/div><\/div><div class=\"gb-grid-column gb-grid-column-530ab33a\"><div class=\"gb-container gb-container-530ab33a\"><\/div><\/div><\/div><\/div>","protected":false},"excerpt":{"rendered":"","protected":false},"author":1,"featured_media":0,"parent":0,"menu_order":0,"comment_status":"open","ping_status":"closed","template":"","meta":{"ub_ctt_via":"","footnotes":""},"class_list":["post-1834","page","type-page","status-publish","hentry"],"featured_image_src":null,"yoast_head":"<!-- This site is optimized with the Yoast SEO plugin v25.4 - https:\/\/yoast.com\/wordpress\/plugins\/seo\/ -->\n<title>Excel&#039;de bir sayfa nas\u0131l silinir? (E\u011fitim 2023)<\/title>\n<meta name=\"description\" content=\"Bu h\u0131zl\u0131 e\u011fitim, Excel&#039;de bir sayfay\u0131 nas\u0131l silece\u011finizi \u00f6\u011frenmenize yard\u0131mc\u0131 olur. Kullanabilece\u011finiz \u00fc\u00e7 farkl\u0131 y\u00f6ntem var.\" \/>\n<meta name=\"robots\" content=\"index, follow, max-snippet:-1, max-image-preview:large, max-video-preview:-1\" \/>\n<link rel=\"canonical\" href=\"https:\/\/exceladvisor.org\/tr\/1i-sil\/\" \/>\n<meta property=\"og:locale\" content=\"tr_TR\" \/>\n<meta property=\"og:type\" content=\"article\" \/>\n<meta property=\"og:title\" content=\"Excel&#039;de bir sayfa nas\u0131l silinir? (E\u011fitim 2023)\" \/>\n<meta property=\"og:description\" content=\"Bu h\u0131zl\u0131 e\u011fitim, Excel&#039;de bir sayfay\u0131 nas\u0131l silece\u011finizi \u00f6\u011frenmenize yard\u0131mc\u0131 olur. Kullanabilece\u011finiz \u00fc\u00e7 farkl\u0131 y\u00f6ntem var.\" \/>\n<meta property=\"og:url\" content=\"https:\/\/exceladvisor.org\/tr\/1i-sil\/\" \/>\n<meta property=\"og:site_name\" content=\"Excel Advisor\" \/>\n<meta property=\"article:modified_time\" content=\"2023-12-10T06:00:43+00:00\" \/>\n<meta property=\"og:image\" content=\"https:\/\/exceladvisor.org\/wp-content\/uploads\/2023\/08\/raccourci-clavier-supprimer-une-feuille.png\" \/>\n<meta name=\"twitter:card\" content=\"summary_large_image\" \/>\n<meta name=\"twitter:label1\" content=\"Tahmini okuma s\u00fcresi\" \/>\n\t<meta name=\"twitter:data1\" content=\"1 dakika\" \/>\n<script type=\"application\/ld+json\" class=\"yoast-schema-graph\">{\"@context\":\"https:\/\/schema.org\",\"@graph\":[{\"@type\":\"WebPage\",\"@id\":\"https:\/\/exceladvisor.org\/tr\/1i-sil\/\",\"url\":\"https:\/\/exceladvisor.org\/tr\/1i-sil\/\",\"name\":\"Excel&#39;de bir sayfa nas\u0131l silinir? (E\u011fitim 2023)\",\"isPartOf\":{\"@id\":\"https:\/\/exceladvisor.org\/tr\/#website\"},\"primaryImageOfPage\":{\"@id\":\"https:\/\/exceladvisor.org\/tr\/1i-sil\/#primaryimage\"},\"image\":{\"@id\":\"https:\/\/exceladvisor.org\/tr\/1i-sil\/#primaryimage\"},\"thumbnailUrl\":\"https:\/\/exceladvisor.org\/wp-content\/uploads\/2023\/08\/raccourci-clavier-supprimer-une-feuille.png\",\"datePublished\":\"2023-10-31T22:06:07+00:00\",\"dateModified\":\"2023-12-10T06:00:43+00:00\",\"description\":\"Bu h\u0131zl\u0131 e\u011fitim, Excel&#39;de bir sayfay\u0131 nas\u0131l silece\u011finizi \u00f6\u011frenmenize yard\u0131mc\u0131 olur. Kullanabilece\u011finiz \u00fc\u00e7 farkl\u0131 y\u00f6ntem var.\",\"breadcrumb\":{\"@id\":\"https:\/\/exceladvisor.org\/tr\/1i-sil\/#breadcrumb\"},\"inLanguage\":\"tr\",\"potentialAction\":[{\"@type\":\"ReadAction\",\"target\":[\"https:\/\/exceladvisor.org\/tr\/1i-sil\/\"]}]},{\"@type\":\"ImageObject\",\"inLanguage\":\"tr\",\"@id\":\"https:\/\/exceladvisor.org\/tr\/1i-sil\/#primaryimage\",\"url\":\"https:\/\/exceladvisor.org\/wp-content\/uploads\/2023\/08\/raccourci-clavier-supprimer-une-feuille.png\",\"contentUrl\":\"https:\/\/exceladvisor.org\/wp-content\/uploads\/2023\/08\/raccourci-clavier-supprimer-une-feuille.png\"},{\"@type\":\"BreadcrumbList\",\"@id\":\"https:\/\/exceladvisor.org\/tr\/1i-sil\/#breadcrumb\",\"itemListElement\":[{\"@type\":\"ListItem\",\"position\":1,\"name\":\"Ev\",\"item\":\"https:\/\/exceladvisor.org\/tr\/\"},{\"@type\":\"ListItem\",\"position\":2,\"name\":\"Excel&#39;de bir sayfa nas\u0131l silinir?\"}]},{\"@type\":\"WebSite\",\"@id\":\"https:\/\/exceladvisor.org\/tr\/#website\",\"url\":\"https:\/\/exceladvisor.org\/tr\/\",\"name\":\"Excel Advisor\",\"description\":\"Veri hakimiyetine y\u00f6nelik nihai rehberiniz!\",\"publisher\":{\"@id\":\"https:\/\/exceladvisor.org\/tr\/#organization\"},\"potentialAction\":[{\"@type\":\"SearchAction\",\"target\":{\"@type\":\"EntryPoint\",\"urlTemplate\":\"https:\/\/exceladvisor.org\/tr\/?s={search_term_string}\"},\"query-input\":{\"@type\":\"PropertyValueSpecification\",\"valueRequired\":true,\"valueName\":\"search_term_string\"}}],\"inLanguage\":\"tr\"},{\"@type\":\"Organization\",\"@id\":\"https:\/\/exceladvisor.org\/tr\/#organization\",\"name\":\"Excel Advisor\",\"url\":\"https:\/\/exceladvisor.org\/tr\/\",\"logo\":{\"@type\":\"ImageObject\",\"inLanguage\":\"tr\",\"@id\":\"https:\/\/exceladvisor.org\/tr\/#\/schema\/logo\/image\/\",\"url\":\"https:\/\/exceladvisor.org\/tr\/wp-content\/uploads\/2023\/12\/exceladvisor.org_.png\",\"contentUrl\":\"https:\/\/exceladvisor.org\/tr\/wp-content\/uploads\/2023\/12\/exceladvisor.org_.png\",\"width\":105,\"height\":36,\"caption\":\"Excel Advisor\"},\"image\":{\"@id\":\"https:\/\/exceladvisor.org\/tr\/#\/schema\/logo\/image\/\"}}]}<\/script>\n<!-- \/ Yoast SEO plugin. -->","yoast_head_json":{"title":"Excel&#39;de bir sayfa nas\u0131l silinir? (E\u011fitim 2023)","description":"Bu h\u0131zl\u0131 e\u011fitim, Excel&#39;de bir sayfay\u0131 nas\u0131l silece\u011finizi \u00f6\u011frenmenize yard\u0131mc\u0131 olur. Kullanabilece\u011finiz \u00fc\u00e7 farkl\u0131 y\u00f6ntem var.","robots":{"index":"index","follow":"follow","max-snippet":"max-snippet:-1","max-image-preview":"max-image-preview:large","max-video-preview":"max-video-preview:-1"},"canonical":"https:\/\/exceladvisor.org\/tr\/1i-sil\/","og_locale":"tr_TR","og_type":"article","og_title":"Excel&#39;de bir sayfa nas\u0131l silinir? (E\u011fitim 2023)","og_description":"Bu h\u0131zl\u0131 e\u011fitim, Excel&#39;de bir sayfay\u0131 nas\u0131l silece\u011finizi \u00f6\u011frenmenize yard\u0131mc\u0131 olur. Kullanabilece\u011finiz \u00fc\u00e7 farkl\u0131 y\u00f6ntem var.","og_url":"https:\/\/exceladvisor.org\/tr\/1i-sil\/","og_site_name":"Excel Advisor","article_modified_time":"2023-12-10T06:00:43+00:00","og_image":[{"url":"https:\/\/exceladvisor.org\/wp-content\/uploads\/2023\/08\/raccourci-clavier-supprimer-une-feuille.png","type":"","width":"","height":""}],"twitter_card":"summary_large_image","twitter_misc":{"Tahmini okuma s\u00fcresi":"1 dakika"},"schema":{"@context":"https:\/\/schema.org","@graph":[{"@type":"WebPage","@id":"https:\/\/exceladvisor.org\/tr\/1i-sil\/","url":"https:\/\/exceladvisor.org\/tr\/1i-sil\/","name":"Excel&#39;de bir sayfa nas\u0131l silinir? (E\u011fitim 2023)","isPartOf":{"@id":"https:\/\/exceladvisor.org\/tr\/#website"},"primaryImageOfPage":{"@id":"https:\/\/exceladvisor.org\/tr\/1i-sil\/#primaryimage"},"image":{"@id":"https:\/\/exceladvisor.org\/tr\/1i-sil\/#primaryimage"},"thumbnailUrl":"https:\/\/exceladvisor.org\/wp-content\/uploads\/2023\/08\/raccourci-clavier-supprimer-une-feuille.png","datePublished":"2023-10-31T22:06:07+00:00","dateModified":"2023-12-10T06:00:43+00:00","description":"Bu h\u0131zl\u0131 e\u011fitim, Excel&#39;de bir sayfay\u0131 nas\u0131l silece\u011finizi \u00f6\u011frenmenize yard\u0131mc\u0131 olur. Kullanabilece\u011finiz \u00fc\u00e7 farkl\u0131 y\u00f6ntem var.","breadcrumb":{"@id":"https:\/\/exceladvisor.org\/tr\/1i-sil\/#breadcrumb"},"inLanguage":"tr","potentialAction":[{"@type":"ReadAction","target":["https:\/\/exceladvisor.org\/tr\/1i-sil\/"]}]},{"@type":"ImageObject","inLanguage":"tr","@id":"https:\/\/exceladvisor.org\/tr\/1i-sil\/#primaryimage","url":"https:\/\/exceladvisor.org\/wp-content\/uploads\/2023\/08\/raccourci-clavier-supprimer-une-feuille.png","contentUrl":"https:\/\/exceladvisor.org\/wp-content\/uploads\/2023\/08\/raccourci-clavier-supprimer-une-feuille.png"},{"@type":"BreadcrumbList","@id":"https:\/\/exceladvisor.org\/tr\/1i-sil\/#breadcrumb","itemListElement":[{"@type":"ListItem","position":1,"name":"Ev","item":"https:\/\/exceladvisor.org\/tr\/"},{"@type":"ListItem","position":2,"name":"Excel&#39;de bir sayfa nas\u0131l silinir?"}]},{"@type":"WebSite","@id":"https:\/\/exceladvisor.org\/tr\/#website","url":"https:\/\/exceladvisor.org\/tr\/","name":"Excel Advisor","description":"Veri hakimiyetine y\u00f6nelik nihai rehberiniz!","publisher":{"@id":"https:\/\/exceladvisor.org\/tr\/#organization"},"potentialAction":[{"@type":"SearchAction","target":{"@type":"EntryPoint","urlTemplate":"https:\/\/exceladvisor.org\/tr\/?s={search_term_string}"},"query-input":{"@type":"PropertyValueSpecification","valueRequired":true,"valueName":"search_term_string"}}],"inLanguage":"tr"},{"@type":"Organization","@id":"https:\/\/exceladvisor.org\/tr\/#organization","name":"Excel Advisor","url":"https:\/\/exceladvisor.org\/tr\/","logo":{"@type":"ImageObject","inLanguage":"tr","@id":"https:\/\/exceladvisor.org\/tr\/#\/schema\/logo\/image\/","url":"https:\/\/exceladvisor.org\/tr\/wp-content\/uploads\/2023\/12\/exceladvisor.org_.png","contentUrl":"https:\/\/exceladvisor.org\/tr\/wp-content\/uploads\/2023\/12\/exceladvisor.org_.png","width":105,"height":36,"caption":"Excel Advisor"},"image":{"@id":"https:\/\/exceladvisor.org\/tr\/#\/schema\/logo\/image\/"}}]}},"yoast_meta":{"yoast_wpseo_title":"","yoast_wpseo_metadesc":"","yoast_wpseo_canonical":""},"_links":{"self":[{"href":"https:\/\/exceladvisor.org\/tr\/wp-json\/wp\/v2\/pages\/1834","targetHints":{"allow":["GET"]}}],"collection":[{"href":"https:\/\/exceladvisor.org\/tr\/wp-json\/wp\/v2\/pages"}],"about":[{"href":"https:\/\/exceladvisor.org\/tr\/wp-json\/wp\/v2\/types\/page"}],"author":[{"embeddable":true,"href":"https:\/\/exceladvisor.org\/tr\/wp-json\/wp\/v2\/users\/1"}],"replies":[{"embeddable":true,"href":"https:\/\/exceladvisor.org\/tr\/wp-json\/wp\/v2\/comments?post=1834"}],"version-history":[{"count":1,"href":"https:\/\/exceladvisor.org\/tr\/wp-json\/wp\/v2\/pages\/1834\/revisions"}],"predecessor-version":[{"id":2429,"href":"https:\/\/exceladvisor.org\/tr\/wp-json\/wp\/v2\/pages\/1834\/revisions\/2429"}],"wp:attachment":[{"href":"https:\/\/exceladvisor.org\/tr\/wp-json\/wp\/v2\/media?parent=1834"}],"curies":[{"name":"wp","href":"https:\/\/api.w.org\/{rel}","templated":true}]}}