{"id":1835,"date":"2023-10-31T21:51:48","date_gmt":"2023-10-31T21:51:48","guid":{"rendered":"https:\/\/exceladvisor.org\/tr\/goruntulemek\/"},"modified":"2023-12-10T05:58:52","modified_gmt":"2023-12-10T05:58:52","slug":"goruntulemek","status":"publish","type":"page","link":"https:\/\/exceladvisor.org\/tr\/goruntulemek\/","title":{"rendered":"Bir excel sayfas\u0131 veya t\u00fcm sayfalar nas\u0131l g\u00f6r\u00fcnt\u00fclenir?"},"content":{"rendered":"<div class=\"excel-icerikten-once\" id=\"excel-3461744312\"><script type=\"text\/javascript\">\r\n\tatOptions = {\r\n\t\t'key' : 'c1158f160081d6540a8409e6925dab94',\r\n\t\t'format' : 'iframe',\r\n\t\t'height' : 250,\r\n\t\t'width' : 300,\r\n\t\t'params' : {}\r\n\t};\r\n<\/script>\r\n<script type=\"text\/javascript\" src=\"\/\/www.highperformanceformat.com\/c1158f160081d6540a8409e6925dab94\/invoke.js\"><\/script><\/div> <p>Excel&#8217;de bir veya daha fazla sayfay\u0131 h\u0131zla g\u00f6r\u00fcnt\u00fcleyebilirsiniz. Ve bu derste bunu birka\u00e7 basit ad\u0131mda nas\u0131l yapaca\u011f\u0131m\u0131z\u0131 \u00f6\u011frenece\u011fiz.<\/p><h2 id=\"h-unhide-a-single-sheet-in-excel\" class=\"wp-block-heading\"> Excel&#8217;de tek bir sayfay\u0131 g\u00f6r\u00fcnt\u00fcleme<\/h2><ol><li> \u00d6ncelikle \u00e7al\u0131\u015fma kitab\u0131n\u0131zdaki sayfa sekmelerinden birinin \u00fczerine gelin.<\/li><li> \u015eimdi sa\u011f t\u0131klay\u0131n ve ard\u0131ndan \u201cG\u00f6ster\u201d se\u00e7ene\u011fine t\u0131klay\u0131n. <br><img loading=\"lazy\" decoding=\"async\" title=\"1-bir excel sayfas\u0131n\u0131 g\u00f6ster\" src=\"https:\/\/exceladvisor.org\/wp-content\/uploads\/2023\/08\/1-afficher-une-feuille-excel.png\" sizes=\"auto, \" srcset=\"\" alt=\"1-unhide-an-excel-sheet\" width=\"372\" height=\"358\"><\/li><li> Bundan sonra ileti\u015fim kutusunda g\u00f6r\u00fcnt\u00fclemek istedi\u011finiz sayfan\u0131n ad\u0131na t\u0131klay\u0131n. <br><img loading=\"lazy\" decoding=\"async\" title=\"2-g\u00f6r\u00fcnt\u00fclenecek sayfan\u0131n ad\u0131n\u0131 se\u00e7in\" src=\"https:\/\/exceladvisor.org\/wp-content\/uploads\/2023\/08\/2-choisissez-le-nom-de-la-feuille-a-afficher.png\" sizes=\"auto, \" srcset=\"\" alt=\"2-choose-sheetname-to-unhide\" width=\"378\" height=\"236\"><\/li><li> Sonunda sayfay\u0131 g\u00f6r\u00fcnt\u00fclemek i\u00e7in Tamam&#8217;\u0131 t\u0131klay\u0131n.<\/li><\/ol><p> Tamam&#8217;\u0131 t\u0131klatt\u0131\u011f\u0131n\u0131zda, ileti\u015fim kutusunda se\u00e7ti\u011finiz sayfay\u0131 g\u00f6r\u00fcnt\u00fcleyecektir. <\/p><div class=\"wp-block-image\"><figure class=\"aligncenter size-full is-resized\"><img loading=\"lazy\" decoding=\"async\" class=\"wp-image-92283\" src=\"https:\/\/exceladvisor.org\/wp-content\/uploads\/2023\/08\/3-feuilles-selectionnees-afficher.png\" sizes=\"auto, \" srcset=\"\" alt=\"se\u00e7ilen sayfa g\u00f6sterisi\" width=\"615\" height=\"180\"><\/figure><\/div><p> <strong>Not:<\/strong> Ayn\u0131 \u201cG\u00f6ster\u2026\u201d se\u00e7ene\u011fini Ana Sayfa &gt; Bi\u00e7im &gt; Gizle ve G\u00f6ster &gt; Sayfay\u0131 G\u00f6ster&#8217;de de kullanabilirsiniz. <\/p><div class=\"wp-block-image\"><figure class=\"aligncenter size-full is-resized\"><img loading=\"lazy\" decoding=\"async\" class=\"wp-image-92284\" src=\"https:\/\/exceladvisor.org\/wp-content\/uploads\/2023\/08\/4-formats-masquer-afficher-les-feuilles.png\" sizes=\"auto, \" srcset=\"\" alt=\"format-gizleme-g\u00f6steri-sayfalar\u0131\" width=\"522\" height=\"508\"><\/figure><\/div><h2 id=\"h-unhide-all-the-hidden-sheets-in-excel\" class=\"wp-block-heading\"> T\u00fcm gizli sayfalar\u0131 Excel&#8217;de g\u00f6ster<\/h2><p> Son zamanlarda Microsoft, ayn\u0131 anda g\u00f6r\u00fcnt\u00fclemek i\u00e7in ileti\u015fim kutusunda birden fazla sayfa se\u00e7me se\u00e7ene\u011fini g\u00fcncelledi.<\/p><ol type=\"1\"><li> \u00d6ncelikle sayfa sekmesine sa\u011f t\u0131klay\u0131n.<\/li><li> \u015eimdi ileti\u015fim kutusunda Ctrl tu\u015funu bas\u0131l\u0131 tutun.<\/li><li> Daha sonra listeden birden fazla sayfay\u0131 veya t\u00fcm sayfalar\u0131 se\u00e7in.<\/li><li> Sonunda se\u00e7ilen sayfalar\u0131 g\u00f6r\u00fcnt\u00fclemek i\u00e7in Tamam&#8217;\u0131 t\u0131klay\u0131n. <\/li><\/ol><div class=\"wp-block-image\"><figure class=\"aligncenter size-full is-resized\"><img loading=\"lazy\" decoding=\"async\" class=\"wp-image-92285\" src=\"https:\/\/exceladvisor.org\/wp-content\/uploads\/2023\/08\/5-afficher-toutes-les-feuilles-masquees.png\" sizes=\"auto, \" srcset=\"\" alt=\"t\u00fcm gizli sayfalar\u0131 g\u00f6ster\" width=\"640\" height=\"348\"><\/figure><\/div><p> Tamam&#8217;\u0131 t\u0131klad\u0131\u011f\u0131n\u0131zda, ileti\u015fim kutusunda se\u00e7ti\u011finiz t\u00fcm sayfalar ayn\u0131 anda g\u00f6r\u00fcnt\u00fclenir. <\/p><div class=\"wp-block-image\"><figure class=\"aligncenter size-full is-resized\"><img loading=\"lazy\" decoding=\"async\" class=\"wp-image-92286\" src=\"https:\/\/exceladvisor.org\/wp-content\/uploads\/2023\/08\/6-toutes-les-feuilles-ont-ete-masquees.png\" sizes=\"auto, \" srcset=\"\" alt=\"t\u00fcm yapraklar-g\u00f6sterir\" width=\"682\" height=\"145\"><\/figure><\/div><div class=\"gb-container gb-container-3044ba66 gb-container-mt\"><p class=\"gb-headline gb-headline-b5bb6270 gb-headline-text\"> <strong><a href=\"https:\/\/exceladvisor.org\/tr\/excelin-temelleri\/\">Excel Temelleri<\/a><\/strong> \/ <strong><a href=\"https:\/\/exceladvisor.org\/tr\/calisma-kagidi\/\" data-wpil=\"url\">Excel Elektronik Tablosu<\/a><\/strong><\/p><h2 class=\"gb-headline gb-headline-819d540d gb-headline-text gb-headline-mt-heading\"> Daha fazla e\u011fitim <\/h2><div class=\"gb-grid-wrapper gb-grid-wrapper-7f3d805a gb-grid-wrapper-mt-grid\"><div class=\"gb-grid-column gb-grid-column-530ab33a\"><div class=\"gb-container gb-container-530ab33a\"><ul><li> <a href=\"https:\/\/exceladvisor.org\/tr\/kopyalamak\/\">Excel&#8217;de bir sayfay\u0131 veya elektronik tabloyu \u00e7o\u011faltma<\/a><\/li><li> <a href=\"https:\/\/exceladvisor.org\/tr\/baska-bir-sayfaya-baglanti\/\">Ba\u015fka bir e-tabloya k\u00f6pr\u00fc (ba\u011flant\u0131) olu\u015fturma<\/a><\/li><li> <a href=\"https:\/\/exceladvisor.org\/tr\/kilit\/\">Excel&#8217;de bir sayfay\u0131 (\u00e7al\u0131\u015fma sayfas\u0131n\u0131) kilitleme<\/a><\/li><li> <a href=\"https:\/\/exceladvisor.org\/tr\/yenileme\/\">Excel&#8217;de bir sayfay\u0131 (elektronik tablo) yenileme<\/a><\/li><li> <a href=\"https:\/\/exceladvisor.org\/tr\/acik\/\">\u015eifreli bir sayfan\u0131n kilidini a\u00e7\u0131n (\u015fifresiz)<\/a><\/li><\/ul><\/div><\/div><\/div><\/div>","protected":false},"excerpt":{"rendered":"","protected":false},"author":1,"featured_media":0,"parent":0,"menu_order":0,"comment_status":"open","ping_status":"closed","template":"","meta":{"ub_ctt_via":"","footnotes":""},"class_list":["post-1835","page","type-page","status-publish","hentry"],"featured_image_src":null,"yoast_head":"<!-- This site is optimized with the Yoast SEO plugin v25.4 - https:\/\/yoast.com\/wordpress\/plugins\/seo\/ -->\n<title>Gizli Excel sayfalar\u0131 nas\u0131l g\u00f6sterilir? (E\u011fitim 2023)<\/title>\n<meta name=\"description\" content=\"Excel&#039;de bir veya daha fazla sayfay\u0131 h\u0131zl\u0131 bir \u015fekilde g\u00f6r\u00fcnt\u00fcleyebilirsiniz. Ve bu e\u011fitimde, birka\u00e7 dakika i\u00e7inde bunu nas\u0131l yapaca\u011f\u0131m\u0131z\u0131 \u00f6\u011frenece\u011fiz.\" \/>\n<meta name=\"robots\" content=\"index, follow, max-snippet:-1, max-image-preview:large, max-video-preview:-1\" \/>\n<link rel=\"canonical\" href=\"https:\/\/exceladvisor.org\/tr\/goruntulemek\/\" \/>\n<meta property=\"og:locale\" content=\"tr_TR\" \/>\n<meta property=\"og:type\" content=\"article\" \/>\n<meta property=\"og:title\" content=\"Gizli Excel sayfalar\u0131 nas\u0131l g\u00f6sterilir? (E\u011fitim 2023)\" \/>\n<meta property=\"og:description\" content=\"Excel&#039;de bir veya daha fazla sayfay\u0131 h\u0131zl\u0131 bir \u015fekilde g\u00f6r\u00fcnt\u00fcleyebilirsiniz. Ve bu e\u011fitimde, birka\u00e7 dakika i\u00e7inde bunu nas\u0131l yapaca\u011f\u0131m\u0131z\u0131 \u00f6\u011frenece\u011fiz.\" \/>\n<meta property=\"og:url\" content=\"https:\/\/exceladvisor.org\/tr\/goruntulemek\/\" \/>\n<meta property=\"og:site_name\" content=\"Excel Advisor\" \/>\n<meta property=\"article:modified_time\" content=\"2023-12-10T05:58:52+00:00\" \/>\n<meta property=\"og:image\" content=\"https:\/\/exceladvisor.org\/wp-content\/uploads\/2023\/08\/1-afficher-une-feuille-excel.png\" \/>\n<meta name=\"twitter:card\" content=\"summary_large_image\" \/>\n<meta name=\"twitter:label1\" content=\"Tahmini okuma s\u00fcresi\" \/>\n\t<meta name=\"twitter:data1\" content=\"1 dakika\" \/>\n<script type=\"application\/ld+json\" class=\"yoast-schema-graph\">{\"@context\":\"https:\/\/schema.org\",\"@graph\":[{\"@type\":\"WebPage\",\"@id\":\"https:\/\/exceladvisor.org\/tr\/goruntulemek\/\",\"url\":\"https:\/\/exceladvisor.org\/tr\/goruntulemek\/\",\"name\":\"Gizli Excel sayfalar\u0131 nas\u0131l g\u00f6sterilir? (E\u011fitim 2023)\",\"isPartOf\":{\"@id\":\"https:\/\/exceladvisor.org\/tr\/#website\"},\"primaryImageOfPage\":{\"@id\":\"https:\/\/exceladvisor.org\/tr\/goruntulemek\/#primaryimage\"},\"image\":{\"@id\":\"https:\/\/exceladvisor.org\/tr\/goruntulemek\/#primaryimage\"},\"thumbnailUrl\":\"https:\/\/exceladvisor.org\/wp-content\/uploads\/2023\/08\/1-afficher-une-feuille-excel.png\",\"datePublished\":\"2023-10-31T21:51:48+00:00\",\"dateModified\":\"2023-12-10T05:58:52+00:00\",\"description\":\"Excel&#39;de bir veya daha fazla sayfay\u0131 h\u0131zl\u0131 bir \u015fekilde g\u00f6r\u00fcnt\u00fcleyebilirsiniz. Ve bu e\u011fitimde, birka\u00e7 dakika i\u00e7inde bunu nas\u0131l yapaca\u011f\u0131m\u0131z\u0131 \u00f6\u011frenece\u011fiz.\",\"breadcrumb\":{\"@id\":\"https:\/\/exceladvisor.org\/tr\/goruntulemek\/#breadcrumb\"},\"inLanguage\":\"tr\",\"potentialAction\":[{\"@type\":\"ReadAction\",\"target\":[\"https:\/\/exceladvisor.org\/tr\/goruntulemek\/\"]}]},{\"@type\":\"ImageObject\",\"inLanguage\":\"tr\",\"@id\":\"https:\/\/exceladvisor.org\/tr\/goruntulemek\/#primaryimage\",\"url\":\"https:\/\/exceladvisor.org\/wp-content\/uploads\/2023\/08\/1-afficher-une-feuille-excel.png\",\"contentUrl\":\"https:\/\/exceladvisor.org\/wp-content\/uploads\/2023\/08\/1-afficher-une-feuille-excel.png\"},{\"@type\":\"BreadcrumbList\",\"@id\":\"https:\/\/exceladvisor.org\/tr\/goruntulemek\/#breadcrumb\",\"itemListElement\":[{\"@type\":\"ListItem\",\"position\":1,\"name\":\"Ev\",\"item\":\"https:\/\/exceladvisor.org\/tr\/\"},{\"@type\":\"ListItem\",\"position\":2,\"name\":\"Bir excel sayfas\u0131 veya t\u00fcm sayfalar nas\u0131l g\u00f6r\u00fcnt\u00fclenir?\"}]},{\"@type\":\"WebSite\",\"@id\":\"https:\/\/exceladvisor.org\/tr\/#website\",\"url\":\"https:\/\/exceladvisor.org\/tr\/\",\"name\":\"Excel Advisor\",\"description\":\"Veri hakimiyetine y\u00f6nelik nihai rehberiniz!\",\"publisher\":{\"@id\":\"https:\/\/exceladvisor.org\/tr\/#organization\"},\"potentialAction\":[{\"@type\":\"SearchAction\",\"target\":{\"@type\":\"EntryPoint\",\"urlTemplate\":\"https:\/\/exceladvisor.org\/tr\/?s={search_term_string}\"},\"query-input\":{\"@type\":\"PropertyValueSpecification\",\"valueRequired\":true,\"valueName\":\"search_term_string\"}}],\"inLanguage\":\"tr\"},{\"@type\":\"Organization\",\"@id\":\"https:\/\/exceladvisor.org\/tr\/#organization\",\"name\":\"Excel Advisor\",\"url\":\"https:\/\/exceladvisor.org\/tr\/\",\"logo\":{\"@type\":\"ImageObject\",\"inLanguage\":\"tr\",\"@id\":\"https:\/\/exceladvisor.org\/tr\/#\/schema\/logo\/image\/\",\"url\":\"https:\/\/exceladvisor.org\/tr\/wp-content\/uploads\/2023\/12\/exceladvisor.org_.png\",\"contentUrl\":\"https:\/\/exceladvisor.org\/tr\/wp-content\/uploads\/2023\/12\/exceladvisor.org_.png\",\"width\":105,\"height\":36,\"caption\":\"Excel Advisor\"},\"image\":{\"@id\":\"https:\/\/exceladvisor.org\/tr\/#\/schema\/logo\/image\/\"}}]}<\/script>\n<!-- \/ Yoast SEO plugin. -->","yoast_head_json":{"title":"Gizli Excel sayfalar\u0131 nas\u0131l g\u00f6sterilir? (E\u011fitim 2023)","description":"Excel&#39;de bir veya daha fazla sayfay\u0131 h\u0131zl\u0131 bir \u015fekilde g\u00f6r\u00fcnt\u00fcleyebilirsiniz. Ve bu e\u011fitimde, birka\u00e7 dakika i\u00e7inde bunu nas\u0131l yapaca\u011f\u0131m\u0131z\u0131 \u00f6\u011frenece\u011fiz.","robots":{"index":"index","follow":"follow","max-snippet":"max-snippet:-1","max-image-preview":"max-image-preview:large","max-video-preview":"max-video-preview:-1"},"canonical":"https:\/\/exceladvisor.org\/tr\/goruntulemek\/","og_locale":"tr_TR","og_type":"article","og_title":"Gizli Excel sayfalar\u0131 nas\u0131l g\u00f6sterilir? (E\u011fitim 2023)","og_description":"Excel&#39;de bir veya daha fazla sayfay\u0131 h\u0131zl\u0131 bir \u015fekilde g\u00f6r\u00fcnt\u00fcleyebilirsiniz. Ve bu e\u011fitimde, birka\u00e7 dakika i\u00e7inde bunu nas\u0131l yapaca\u011f\u0131m\u0131z\u0131 \u00f6\u011frenece\u011fiz.","og_url":"https:\/\/exceladvisor.org\/tr\/goruntulemek\/","og_site_name":"Excel Advisor","article_modified_time":"2023-12-10T05:58:52+00:00","og_image":[{"url":"https:\/\/exceladvisor.org\/wp-content\/uploads\/2023\/08\/1-afficher-une-feuille-excel.png","type":"","width":"","height":""}],"twitter_card":"summary_large_image","twitter_misc":{"Tahmini okuma s\u00fcresi":"1 dakika"},"schema":{"@context":"https:\/\/schema.org","@graph":[{"@type":"WebPage","@id":"https:\/\/exceladvisor.org\/tr\/goruntulemek\/","url":"https:\/\/exceladvisor.org\/tr\/goruntulemek\/","name":"Gizli Excel sayfalar\u0131 nas\u0131l g\u00f6sterilir? (E\u011fitim 2023)","isPartOf":{"@id":"https:\/\/exceladvisor.org\/tr\/#website"},"primaryImageOfPage":{"@id":"https:\/\/exceladvisor.org\/tr\/goruntulemek\/#primaryimage"},"image":{"@id":"https:\/\/exceladvisor.org\/tr\/goruntulemek\/#primaryimage"},"thumbnailUrl":"https:\/\/exceladvisor.org\/wp-content\/uploads\/2023\/08\/1-afficher-une-feuille-excel.png","datePublished":"2023-10-31T21:51:48+00:00","dateModified":"2023-12-10T05:58:52+00:00","description":"Excel&#39;de bir veya daha fazla sayfay\u0131 h\u0131zl\u0131 bir \u015fekilde g\u00f6r\u00fcnt\u00fcleyebilirsiniz. Ve bu e\u011fitimde, birka\u00e7 dakika i\u00e7inde bunu nas\u0131l yapaca\u011f\u0131m\u0131z\u0131 \u00f6\u011frenece\u011fiz.","breadcrumb":{"@id":"https:\/\/exceladvisor.org\/tr\/goruntulemek\/#breadcrumb"},"inLanguage":"tr","potentialAction":[{"@type":"ReadAction","target":["https:\/\/exceladvisor.org\/tr\/goruntulemek\/"]}]},{"@type":"ImageObject","inLanguage":"tr","@id":"https:\/\/exceladvisor.org\/tr\/goruntulemek\/#primaryimage","url":"https:\/\/exceladvisor.org\/wp-content\/uploads\/2023\/08\/1-afficher-une-feuille-excel.png","contentUrl":"https:\/\/exceladvisor.org\/wp-content\/uploads\/2023\/08\/1-afficher-une-feuille-excel.png"},{"@type":"BreadcrumbList","@id":"https:\/\/exceladvisor.org\/tr\/goruntulemek\/#breadcrumb","itemListElement":[{"@type":"ListItem","position":1,"name":"Ev","item":"https:\/\/exceladvisor.org\/tr\/"},{"@type":"ListItem","position":2,"name":"Bir excel sayfas\u0131 veya t\u00fcm sayfalar nas\u0131l g\u00f6r\u00fcnt\u00fclenir?"}]},{"@type":"WebSite","@id":"https:\/\/exceladvisor.org\/tr\/#website","url":"https:\/\/exceladvisor.org\/tr\/","name":"Excel Advisor","description":"Veri hakimiyetine y\u00f6nelik nihai rehberiniz!","publisher":{"@id":"https:\/\/exceladvisor.org\/tr\/#organization"},"potentialAction":[{"@type":"SearchAction","target":{"@type":"EntryPoint","urlTemplate":"https:\/\/exceladvisor.org\/tr\/?s={search_term_string}"},"query-input":{"@type":"PropertyValueSpecification","valueRequired":true,"valueName":"search_term_string"}}],"inLanguage":"tr"},{"@type":"Organization","@id":"https:\/\/exceladvisor.org\/tr\/#organization","name":"Excel Advisor","url":"https:\/\/exceladvisor.org\/tr\/","logo":{"@type":"ImageObject","inLanguage":"tr","@id":"https:\/\/exceladvisor.org\/tr\/#\/schema\/logo\/image\/","url":"https:\/\/exceladvisor.org\/tr\/wp-content\/uploads\/2023\/12\/exceladvisor.org_.png","contentUrl":"https:\/\/exceladvisor.org\/tr\/wp-content\/uploads\/2023\/12\/exceladvisor.org_.png","width":105,"height":36,"caption":"Excel Advisor"},"image":{"@id":"https:\/\/exceladvisor.org\/tr\/#\/schema\/logo\/image\/"}}]}},"yoast_meta":{"yoast_wpseo_title":"","yoast_wpseo_metadesc":"","yoast_wpseo_canonical":""},"_links":{"self":[{"href":"https:\/\/exceladvisor.org\/tr\/wp-json\/wp\/v2\/pages\/1835","targetHints":{"allow":["GET"]}}],"collection":[{"href":"https:\/\/exceladvisor.org\/tr\/wp-json\/wp\/v2\/pages"}],"about":[{"href":"https:\/\/exceladvisor.org\/tr\/wp-json\/wp\/v2\/types\/page"}],"author":[{"embeddable":true,"href":"https:\/\/exceladvisor.org\/tr\/wp-json\/wp\/v2\/users\/1"}],"replies":[{"embeddable":true,"href":"https:\/\/exceladvisor.org\/tr\/wp-json\/wp\/v2\/comments?post=1835"}],"version-history":[{"count":1,"href":"https:\/\/exceladvisor.org\/tr\/wp-json\/wp\/v2\/pages\/1835\/revisions"}],"predecessor-version":[{"id":2276,"href":"https:\/\/exceladvisor.org\/tr\/wp-json\/wp\/v2\/pages\/1835\/revisions\/2276"}],"wp:attachment":[{"href":"https:\/\/exceladvisor.org\/tr\/wp-json\/wp\/v2\/media?parent=1835"}],"curies":[{"name":"wp","href":"https:\/\/api.w.org\/{rel}","templated":true}]}}