{"id":1836,"date":"2023-10-31T21:38:48","date_gmt":"2023-10-31T21:38:48","guid":{"rendered":"https:\/\/exceladvisor.org\/tr\/hepsini-sec-1\/"},"modified":"2023-12-10T06:03:42","modified_gmt":"2023-12-10T06:03:42","slug":"hepsini-sec-1","status":"publish","type":"page","link":"https:\/\/exceladvisor.org\/tr\/hepsini-sec-1\/","title":{"rendered":"Excel&#39;deki t\u00fcm \u00e7al\u0131\u015fma sayfalar\u0131 nas\u0131l se\u00e7ilir?"},"content":{"rendered":"<div class=\"excel-icerikten-once\" id=\"excel-2776294635\"><script type=\"text\/javascript\">\r\n\tatOptions = {\r\n\t\t'key' : 'c1158f160081d6540a8409e6925dab94',\r\n\t\t'format' : 'iframe',\r\n\t\t'height' : 250,\r\n\t\t'width' : 300,\r\n\t\t'params' : {}\r\n\t};\r\n<\/script>\r\n<script type=\"text\/javascript\" src=\"\/\/www.highperformanceformat.com\/c1158f160081d6540a8409e6925dab94\/invoke.js\"><\/script><\/div> <p>Excel&#8217;de bir \u00e7al\u0131\u015fma kitab\u0131ndaki t\u00fcm sayfalar\u0131 se\u00e7mek istiyorsan\u0131z bunu yapman\u0131n iki h\u0131zl\u0131 ve kolay yolu vard\u0131r. Ve bu derste her iki y\u00f6ntemi de ayr\u0131nt\u0131l\u0131 olarak \u00f6\u011frenece\u011fiz.<\/p><h2 id=\"h-use-the-shift-key-mouse-to-select-all-sheets\" class=\"wp-block-heading\"> T\u00fcm sayfalar\u0131 se\u00e7mek i\u00e7in Shift+fareyi kullan\u0131n.<\/h2><ol type=\"1\"><li> \u00c7al\u0131\u015fma kitab\u0131ndaki ilk sayfay\u0131 etkinle\u015ftirin.<\/li><li> SHIFT tu\u015funa bas\u0131n.<\/li><li> SHIFT tu\u015funu bas\u0131l\u0131 tutarken \u00e7al\u0131\u015fma kitab\u0131n\u0131n son sayfas\u0131n\u0131n \u00fczerine gelin.<\/li><li> T\u00fcm sayfalar\u0131 se\u00e7mek i\u00e7in son sayfaya t\u0131klay\u0131n. <\/li><\/ol><div class=\"wp-block-image\"><figure class=\"aligncenter size-full is-resized\"><img loading=\"lazy\" decoding=\"async\" class=\"wp-image-92264\" src=\"https:\/\/exceladvisor.org\/wp-content\/uploads\/2023\/08\/1-selectionner-toutes-les-feuilles.png\" sizes=\"auto, \" srcset=\"\" alt=\"t\u00fcm sayfalar\u0131 se\u00e7\" width=\"690\" height=\"146\"><\/figure><\/div><p> Ve son sayfan\u0131n sekmesine t\u0131klad\u0131\u011f\u0131n\u0131z anda, ilk ve son sayfa aras\u0131ndaki t\u00fcm sayfalar se\u00e7ilecektir.<\/p><h2 id=\"h-use-the-select-all-sheets-option\" class=\"wp-block-heading\"> T\u00fcm Sayfalar\u0131 Se\u00e7 se\u00e7ene\u011fini kullan\u0131n<\/h2><p> Art\u0131k Excel&#8217;de t\u00fcm sayfalar\u0131 se\u00e7me se\u00e7ene\u011fi de var. Yani sayfa sekmelerinden birine sa\u011f t\u0131klad\u0131\u011f\u0131n\u0131zda se\u00e7enek &#8220;T\u00fcm Sayfalar\u0131 Se\u00e7&#8221; ifadesini g\u00f6sterir. <\/p><div class=\"wp-block-image\"><figure class=\"aligncenter size-full is-resized\"><img loading=\"lazy\" decoding=\"async\" class=\"wp-image-92265\" src=\"https:\/\/exceladvisor.org\/wp-content\/uploads\/2023\/08\/2-selectionnez-loption-toutes-les-feuilles.png\" sizes=\"auto, \" srcset=\"\" alt=\"t\u00fcm sayfalar\u0131 se\u00e7me se\u00e7ene\u011fi\" width=\"344\" height=\"432\"><\/figure><\/div><p> Ve se\u00e7ene\u011fe t\u0131klad\u0131\u011f\u0131n\u0131zda mevcut \u00e7al\u0131\u015fma kitab\u0131n\u0131zdaki t\u00fcm sayfalar ayn\u0131 anda se\u00e7ilir. <\/p><div class=\"wp-block-image\"><figure class=\"aligncenter size-full is-resized\"><img loading=\"lazy\" decoding=\"async\" class=\"wp-image-92266\" src=\"https:\/\/exceladvisor.org\/wp-content\/uploads\/2023\/08\/3-selectionne-toutes-les-feuilles-du-classeur.png\" sizes=\"auto, \" srcset=\"\" alt=\"\u00e7al\u0131\u015fma kitab\u0131ndaki t\u00fcm sayfalar\u0131 se\u00e7\" width=\"698\" height=\"167\"><\/figure><\/div><h2 id=\"h-vba-code\" class=\"wp-block-heading\"> VBA kodu<\/h2><p> Ayr\u0131ca ge\u00e7erli \u00e7al\u0131\u015fma kitab\u0131ndaki t\u00fcm sayfalar\u0131 se\u00e7mek i\u00e7in VBA kodunu da kullanabilirsiniz. Geli\u015ftirici sekmesi &gt; Visual Basic &gt; Mod\u00fcl Ekle &gt; Kodu Yap\u0131\u015ft\u0131r&#8217;a gidin. <\/p><div class=\"wp-block-image\"><figure class=\"aligncenter size-full is-resized\"><img loading=\"lazy\" decoding=\"async\" class=\"wp-image-92267\" src=\"https:\/\/exceladvisor.org\/wp-content\/uploads\/2023\/08\/4-vba-pour-selectionner-toutes-les-feuilles.png\" sizes=\"auto, \" srcset=\"\" alt=\"vba-t\u00fcm sayfalar\u0131 se\u00e7mek i\u00e7in\" width=\"505\" height=\"210\"><\/figure><\/div><pre class=\"wp-block-code\"> <code class=\"language-visual-basic\" lang=\"visual-basic\">Sub Select_All_Sheets() Sheets.Select End Sub<\/code><\/pre><div class=\"gb-container gb-container-3044ba66 gb-container-mt\"><p class=\"gb-headline gb-headline-b5bb6270 gb-headline-text\"> <strong><a href=\"https:\/\/exceladvisor.org\/tr\/excelin-temelleri\/\">Excel Temelleri<\/a><\/strong> \/ <strong><a href=\"https:\/\/exceladvisor.org\/tr\/calisma-kagidi\/\" data-wpil=\"url\">Excel Elektronik Tablosu<\/a><\/strong><\/p><h2 class=\"gb-headline gb-headline-819d540d gb-headline-text gb-headline-mt-heading\"> Daha fazla e\u011fitim <\/h2><div class=\"gb-grid-wrapper gb-grid-wrapper-7f3d805a gb-grid-wrapper-mt-grid\"><div class=\"gb-grid-column gb-grid-column-7495e031\"><div class=\"gb-container gb-container-7495e031\"><ul><li> <a href=\"https:\/\/exceladvisor.org\/tr\/pekistirmek\/\">Birden \u00e7ok e-tablodaki verileri birle\u015ftirin<\/a><\/li><li> <a href=\"https:\/\/exceladvisor.org\/tr\/yeniden-isimlendirmek\/\">Excel&#8217;de sayfay\u0131 yeniden adland\u0131r\u0131n<\/a><\/li><li> <a href=\"https:\/\/exceladvisor.org\/tr\/grup-1\/\">Excel&#8217;de Grup \u00c7al\u0131\u015fma Sayfalar\u0131<\/a><\/li><li> <a href=\"https:\/\/exceladvisor.org\/tr\/yan-yana-gormek\/\">Excel&#8217;de iki sayfay\u0131 yan yana g\u00f6r\u00fcnt\u00fcleme<\/a><\/li><li> <a href=\"https:\/\/exceladvisor.org\/tr\/eklemek\/\">Excel&#8217;e elektronik tablo ekleme<\/a><\/li><\/ul><\/div><\/div><\/div><\/div>","protected":false},"excerpt":{"rendered":"","protected":false},"author":1,"featured_media":0,"parent":0,"menu_order":0,"comment_status":"open","ping_status":"closed","template":"","meta":{"ub_ctt_via":"","footnotes":""},"class_list":["post-1836","page","type-page","status-publish","hentry"],"featured_image_src":null,"yoast_head":"<!-- This site is optimized with the Yoast SEO plugin v25.4 - https:\/\/yoast.com\/wordpress\/plugins\/seo\/ -->\n<title>Excel&#039;deki t\u00fcm \u00e7al\u0131\u015fma sayfalar\u0131 nas\u0131l se\u00e7ilir?<\/title>\n<meta name=\"description\" content=\"Bu e\u011fitim, Excel&#039;de t\u00fcm sayfalar\u0131 ayn\u0131 anda se\u00e7menin 3 farkl\u0131 y\u00f6ntemini \u00f6\u011frenmenize yard\u0131mc\u0131 olur.\" \/>\n<meta name=\"robots\" content=\"index, follow, max-snippet:-1, max-image-preview:large, max-video-preview:-1\" \/>\n<link rel=\"canonical\" href=\"https:\/\/exceladvisor.org\/tr\/hepsini-sec-1\/\" \/>\n<meta property=\"og:locale\" content=\"tr_TR\" \/>\n<meta property=\"og:type\" content=\"article\" \/>\n<meta property=\"og:title\" content=\"Excel&#039;deki t\u00fcm \u00e7al\u0131\u015fma sayfalar\u0131 nas\u0131l se\u00e7ilir?\" \/>\n<meta property=\"og:description\" content=\"Bu e\u011fitim, Excel&#039;de t\u00fcm sayfalar\u0131 ayn\u0131 anda se\u00e7menin 3 farkl\u0131 y\u00f6ntemini \u00f6\u011frenmenize yard\u0131mc\u0131 olur.\" \/>\n<meta property=\"og:url\" content=\"https:\/\/exceladvisor.org\/tr\/hepsini-sec-1\/\" \/>\n<meta property=\"og:site_name\" content=\"Excel Advisor\" \/>\n<meta property=\"article:modified_time\" content=\"2023-12-10T06:03:42+00:00\" \/>\n<meta property=\"og:image\" content=\"https:\/\/exceladvisor.org\/wp-content\/uploads\/2023\/08\/1-selectionner-toutes-les-feuilles.png\" \/>\n<meta name=\"twitter:card\" content=\"summary_large_image\" \/>\n<meta name=\"twitter:label1\" content=\"Tahmini okuma s\u00fcresi\" \/>\n\t<meta name=\"twitter:data1\" content=\"1 dakika\" \/>\n<script type=\"application\/ld+json\" class=\"yoast-schema-graph\">{\"@context\":\"https:\/\/schema.org\",\"@graph\":[{\"@type\":\"WebPage\",\"@id\":\"https:\/\/exceladvisor.org\/tr\/hepsini-sec-1\/\",\"url\":\"https:\/\/exceladvisor.org\/tr\/hepsini-sec-1\/\",\"name\":\"Excel&#39;deki t\u00fcm \u00e7al\u0131\u015fma sayfalar\u0131 nas\u0131l se\u00e7ilir?\",\"isPartOf\":{\"@id\":\"https:\/\/exceladvisor.org\/tr\/#website\"},\"primaryImageOfPage\":{\"@id\":\"https:\/\/exceladvisor.org\/tr\/hepsini-sec-1\/#primaryimage\"},\"image\":{\"@id\":\"https:\/\/exceladvisor.org\/tr\/hepsini-sec-1\/#primaryimage\"},\"thumbnailUrl\":\"https:\/\/exceladvisor.org\/wp-content\/uploads\/2023\/08\/1-selectionner-toutes-les-feuilles.png\",\"datePublished\":\"2023-10-31T21:38:48+00:00\",\"dateModified\":\"2023-12-10T06:03:42+00:00\",\"description\":\"Bu e\u011fitim, Excel&#39;de t\u00fcm sayfalar\u0131 ayn\u0131 anda se\u00e7menin 3 farkl\u0131 y\u00f6ntemini \u00f6\u011frenmenize yard\u0131mc\u0131 olur.\",\"breadcrumb\":{\"@id\":\"https:\/\/exceladvisor.org\/tr\/hepsini-sec-1\/#breadcrumb\"},\"inLanguage\":\"tr\",\"potentialAction\":[{\"@type\":\"ReadAction\",\"target\":[\"https:\/\/exceladvisor.org\/tr\/hepsini-sec-1\/\"]}]},{\"@type\":\"ImageObject\",\"inLanguage\":\"tr\",\"@id\":\"https:\/\/exceladvisor.org\/tr\/hepsini-sec-1\/#primaryimage\",\"url\":\"https:\/\/exceladvisor.org\/wp-content\/uploads\/2023\/08\/1-selectionner-toutes-les-feuilles.png\",\"contentUrl\":\"https:\/\/exceladvisor.org\/wp-content\/uploads\/2023\/08\/1-selectionner-toutes-les-feuilles.png\"},{\"@type\":\"BreadcrumbList\",\"@id\":\"https:\/\/exceladvisor.org\/tr\/hepsini-sec-1\/#breadcrumb\",\"itemListElement\":[{\"@type\":\"ListItem\",\"position\":1,\"name\":\"Ev\",\"item\":\"https:\/\/exceladvisor.org\/tr\/\"},{\"@type\":\"ListItem\",\"position\":2,\"name\":\"Excel&#39;deki t\u00fcm \u00e7al\u0131\u015fma sayfalar\u0131 nas\u0131l se\u00e7ilir?\"}]},{\"@type\":\"WebSite\",\"@id\":\"https:\/\/exceladvisor.org\/tr\/#website\",\"url\":\"https:\/\/exceladvisor.org\/tr\/\",\"name\":\"Excel Advisor\",\"description\":\"Veri hakimiyetine y\u00f6nelik nihai rehberiniz!\",\"publisher\":{\"@id\":\"https:\/\/exceladvisor.org\/tr\/#organization\"},\"potentialAction\":[{\"@type\":\"SearchAction\",\"target\":{\"@type\":\"EntryPoint\",\"urlTemplate\":\"https:\/\/exceladvisor.org\/tr\/?s={search_term_string}\"},\"query-input\":{\"@type\":\"PropertyValueSpecification\",\"valueRequired\":true,\"valueName\":\"search_term_string\"}}],\"inLanguage\":\"tr\"},{\"@type\":\"Organization\",\"@id\":\"https:\/\/exceladvisor.org\/tr\/#organization\",\"name\":\"Excel Advisor\",\"url\":\"https:\/\/exceladvisor.org\/tr\/\",\"logo\":{\"@type\":\"ImageObject\",\"inLanguage\":\"tr\",\"@id\":\"https:\/\/exceladvisor.org\/tr\/#\/schema\/logo\/image\/\",\"url\":\"https:\/\/exceladvisor.org\/tr\/wp-content\/uploads\/2023\/12\/exceladvisor.org_.png\",\"contentUrl\":\"https:\/\/exceladvisor.org\/tr\/wp-content\/uploads\/2023\/12\/exceladvisor.org_.png\",\"width\":105,\"height\":36,\"caption\":\"Excel Advisor\"},\"image\":{\"@id\":\"https:\/\/exceladvisor.org\/tr\/#\/schema\/logo\/image\/\"}}]}<\/script>\n<!-- \/ Yoast SEO plugin. -->","yoast_head_json":{"title":"Excel&#39;deki t\u00fcm \u00e7al\u0131\u015fma sayfalar\u0131 nas\u0131l se\u00e7ilir?","description":"Bu e\u011fitim, Excel&#39;de t\u00fcm sayfalar\u0131 ayn\u0131 anda se\u00e7menin 3 farkl\u0131 y\u00f6ntemini \u00f6\u011frenmenize yard\u0131mc\u0131 olur.","robots":{"index":"index","follow":"follow","max-snippet":"max-snippet:-1","max-image-preview":"max-image-preview:large","max-video-preview":"max-video-preview:-1"},"canonical":"https:\/\/exceladvisor.org\/tr\/hepsini-sec-1\/","og_locale":"tr_TR","og_type":"article","og_title":"Excel&#39;deki t\u00fcm \u00e7al\u0131\u015fma sayfalar\u0131 nas\u0131l se\u00e7ilir?","og_description":"Bu e\u011fitim, Excel&#39;de t\u00fcm sayfalar\u0131 ayn\u0131 anda se\u00e7menin 3 farkl\u0131 y\u00f6ntemini \u00f6\u011frenmenize yard\u0131mc\u0131 olur.","og_url":"https:\/\/exceladvisor.org\/tr\/hepsini-sec-1\/","og_site_name":"Excel Advisor","article_modified_time":"2023-12-10T06:03:42+00:00","og_image":[{"url":"https:\/\/exceladvisor.org\/wp-content\/uploads\/2023\/08\/1-selectionner-toutes-les-feuilles.png","type":"","width":"","height":""}],"twitter_card":"summary_large_image","twitter_misc":{"Tahmini okuma s\u00fcresi":"1 dakika"},"schema":{"@context":"https:\/\/schema.org","@graph":[{"@type":"WebPage","@id":"https:\/\/exceladvisor.org\/tr\/hepsini-sec-1\/","url":"https:\/\/exceladvisor.org\/tr\/hepsini-sec-1\/","name":"Excel&#39;deki t\u00fcm \u00e7al\u0131\u015fma sayfalar\u0131 nas\u0131l se\u00e7ilir?","isPartOf":{"@id":"https:\/\/exceladvisor.org\/tr\/#website"},"primaryImageOfPage":{"@id":"https:\/\/exceladvisor.org\/tr\/hepsini-sec-1\/#primaryimage"},"image":{"@id":"https:\/\/exceladvisor.org\/tr\/hepsini-sec-1\/#primaryimage"},"thumbnailUrl":"https:\/\/exceladvisor.org\/wp-content\/uploads\/2023\/08\/1-selectionner-toutes-les-feuilles.png","datePublished":"2023-10-31T21:38:48+00:00","dateModified":"2023-12-10T06:03:42+00:00","description":"Bu e\u011fitim, Excel&#39;de t\u00fcm sayfalar\u0131 ayn\u0131 anda se\u00e7menin 3 farkl\u0131 y\u00f6ntemini \u00f6\u011frenmenize yard\u0131mc\u0131 olur.","breadcrumb":{"@id":"https:\/\/exceladvisor.org\/tr\/hepsini-sec-1\/#breadcrumb"},"inLanguage":"tr","potentialAction":[{"@type":"ReadAction","target":["https:\/\/exceladvisor.org\/tr\/hepsini-sec-1\/"]}]},{"@type":"ImageObject","inLanguage":"tr","@id":"https:\/\/exceladvisor.org\/tr\/hepsini-sec-1\/#primaryimage","url":"https:\/\/exceladvisor.org\/wp-content\/uploads\/2023\/08\/1-selectionner-toutes-les-feuilles.png","contentUrl":"https:\/\/exceladvisor.org\/wp-content\/uploads\/2023\/08\/1-selectionner-toutes-les-feuilles.png"},{"@type":"BreadcrumbList","@id":"https:\/\/exceladvisor.org\/tr\/hepsini-sec-1\/#breadcrumb","itemListElement":[{"@type":"ListItem","position":1,"name":"Ev","item":"https:\/\/exceladvisor.org\/tr\/"},{"@type":"ListItem","position":2,"name":"Excel&#39;deki t\u00fcm \u00e7al\u0131\u015fma sayfalar\u0131 nas\u0131l se\u00e7ilir?"}]},{"@type":"WebSite","@id":"https:\/\/exceladvisor.org\/tr\/#website","url":"https:\/\/exceladvisor.org\/tr\/","name":"Excel Advisor","description":"Veri hakimiyetine y\u00f6nelik nihai rehberiniz!","publisher":{"@id":"https:\/\/exceladvisor.org\/tr\/#organization"},"potentialAction":[{"@type":"SearchAction","target":{"@type":"EntryPoint","urlTemplate":"https:\/\/exceladvisor.org\/tr\/?s={search_term_string}"},"query-input":{"@type":"PropertyValueSpecification","valueRequired":true,"valueName":"search_term_string"}}],"inLanguage":"tr"},{"@type":"Organization","@id":"https:\/\/exceladvisor.org\/tr\/#organization","name":"Excel Advisor","url":"https:\/\/exceladvisor.org\/tr\/","logo":{"@type":"ImageObject","inLanguage":"tr","@id":"https:\/\/exceladvisor.org\/tr\/#\/schema\/logo\/image\/","url":"https:\/\/exceladvisor.org\/tr\/wp-content\/uploads\/2023\/12\/exceladvisor.org_.png","contentUrl":"https:\/\/exceladvisor.org\/tr\/wp-content\/uploads\/2023\/12\/exceladvisor.org_.png","width":105,"height":36,"caption":"Excel Advisor"},"image":{"@id":"https:\/\/exceladvisor.org\/tr\/#\/schema\/logo\/image\/"}}]}},"yoast_meta":{"yoast_wpseo_title":"","yoast_wpseo_metadesc":"","yoast_wpseo_canonical":""},"_links":{"self":[{"href":"https:\/\/exceladvisor.org\/tr\/wp-json\/wp\/v2\/pages\/1836","targetHints":{"allow":["GET"]}}],"collection":[{"href":"https:\/\/exceladvisor.org\/tr\/wp-json\/wp\/v2\/pages"}],"about":[{"href":"https:\/\/exceladvisor.org\/tr\/wp-json\/wp\/v2\/types\/page"}],"author":[{"embeddable":true,"href":"https:\/\/exceladvisor.org\/tr\/wp-json\/wp\/v2\/users\/1"}],"replies":[{"embeddable":true,"href":"https:\/\/exceladvisor.org\/tr\/wp-json\/wp\/v2\/comments?post=1836"}],"version-history":[{"count":1,"href":"https:\/\/exceladvisor.org\/tr\/wp-json\/wp\/v2\/pages\/1836\/revisions"}],"predecessor-version":[{"id":2669,"href":"https:\/\/exceladvisor.org\/tr\/wp-json\/wp\/v2\/pages\/1836\/revisions\/2669"}],"wp:attachment":[{"href":"https:\/\/exceladvisor.org\/tr\/wp-json\/wp\/v2\/media?parent=1836"}],"curies":[{"name":"wp","href":"https:\/\/api.w.org\/{rel}","templated":true}]}}