{"id":1837,"date":"2023-10-31T21:28:51","date_gmt":"2023-10-31T21:28:51","guid":{"rendered":"https:\/\/exceladvisor.org\/tr\/altbilgi-basligi-ekle\/"},"modified":"2023-12-10T06:02:49","modified_gmt":"2023-12-10T06:02:49","slug":"altbilgi-basligi-ekle","status":"publish","type":"page","link":"https:\/\/exceladvisor.org\/tr\/altbilgi-basligi-ekle\/","title":{"rendered":"Excel&#39;de \u00fcstbilgi ve altbilgi nas\u0131l eklenir?"},"content":{"rendered":"<div class=\"excel-icerikten-once\" id=\"excel-776796052\"><script type=\"text\/javascript\">\r\n\tatOptions = {\r\n\t\t'key' : 'c1158f160081d6540a8409e6925dab94',\r\n\t\t'format' : 'iframe',\r\n\t\t'height' : 250,\r\n\t\t'width' : 300,\r\n\t\t'params' : {}\r\n\t};\r\n<\/script>\r\n<script type=\"text\/javascript\" src=\"\/\/www.highperformanceformat.com\/c1158f160081d6540a8409e6925dab94\/invoke.js\"><\/script><\/div> <p>\u00c7al\u0131\u015fma sayfas\u0131 verilerinizi yazd\u0131rmak i\u00e7in bazen sayfa numaralar\u0131, yazd\u0131rma tarihi, \u00e7al\u0131\u015fma kitab\u0131 ad\u0131 vb. gibi temel bilgileri g\u00f6r\u00fcnt\u00fclemeniz gerekir. e-tablonuzla ilgili olarak Excel&#8217;in \u00dcstbilgi ve Altbilgi i\u015flevini kullan\u0131rs\u0131n\u0131z.<\/p><p> Excel&#8217;in \u00f6nceden tan\u0131mlanm\u0131\u015f \u00fcstbilgi ve altbilgilerini kullanabilir veya tercihlerinize g\u00f6re \u00f6zelle\u015ftirebilirsiniz.<\/p><h2 id=\"steps-to-insert-a-header-in-excel\" class=\"wp-block-heading\"> Excel&#8217;e ba\u015fl\u0131k ekleme ad\u0131mlar\u0131<\/h2><ol><li> \u0130lk \u00f6nce \u201cEkle\u201d sekmesine gidin.<\/li><li> Bundan sonra \u201cMetin\u201d grubuna t\u0131klay\u0131n ve ard\u0131ndan \u201c\u00dcstbilgi ve Altbilgi\u201d se\u00e7ene\u011fine t\u0131klay\u0131n. <br><img loading=\"lazy\" decoding=\"async\" title=\"1-ekleme sekmesi\" src=\"https:\/\/exceladvisor.org\/wp-content\/uploads\/2023\/08\/1-onglet-dinsertion.png\" sizes=\"auto, \" srcset=\"\" alt=\"insert-tab\" width=\"931\" height=\"156\"><\/li><li> &#8220;\u00dcstbilgi ve Altbilgi&#8221;yi t\u0131klad\u0131\u011f\u0131n\u0131zda, Excel, ba\u015fl\u0131k \u00f6\u011felerini eklemek i\u00e7in ge\u00e7erli \u00e7al\u0131\u015fma sayfas\u0131n\u0131n ba\u015fl\u0131k b\u00f6l\u00fcm\u00fcn\u00fc g\u00f6r\u00fcnt\u00fcler. <br><img loading=\"lazy\" decoding=\"async\" title=\"2-Excel ba\u015fl\u0131\u011f\u0131\" src=\"https:\/\/exceladvisor.org\/wp-content\/uploads\/2023\/08\/2-en-tete-excel.png\" sizes=\"auto, \" srcset=\"\" alt=\"excel header\" width=\"618\" height=\"304\"><\/li><li> Ba\u015fl\u0131kla i\u015finiz bitti\u011finde sayfan\u0131n herhangi bir yerine dokundu\u011funuzda ba\u015fl\u0131k b\u00f6l\u00fcm\u00fcnden \u00e7\u0131kacaks\u0131n\u0131z ve ba\u015fl\u0131\u011f\u0131n\u0131z aktif hale gelecektir.<\/li><\/ol><h2 id=\"steps-to-insert-a-footer-in-excel\" class=\"wp-block-heading\"> Excel&#8217;de altbilgi ekleme ad\u0131mlar\u0131<\/h2><ol><li> \u0130lk \u00f6nce \u201cEkle\u201d sekmesine gidin.<\/li><li> Bundan sonra \u201cMetin\u201d grubuna t\u0131klay\u0131n ve ard\u0131ndan \u201c\u00dcstbilgi ve Altbilgi\u201d se\u00e7ene\u011fine t\u0131klay\u0131n. <br><img decoding=\"async\" title=\"3 metinden olu\u015fan grup\" src=\"https:\/\/exceladvisor.org\/wp-content\/uploads\/2023\/08\/3-groupe-de-texte.png\" sizes=\"\" srcset=\"\" alt=\"text group\"><\/li><li> Art\u0131k \u015feridin gezinme grubunda \u201cAlt Bilgiye Git\u201d simgesini g\u00f6receksiniz ve \u00fczerine t\u0131klaman\u0131z yeterli. <br><img loading=\"lazy\" decoding=\"async\" title=\"4-altbilgiye gitme\" src=\"https:\/\/exceladvisor.org\/wp-content\/uploads\/2023\/08\/4-aller-au-pied-de-page.png\" sizes=\"auto, \" srcset=\"\" alt=\"go-to-footer\" width=\"961\" height=\"136\"><\/li><li> &#8220;Altbilgiye Git&#8221; simgesini t\u0131klad\u0131\u011f\u0131n\u0131zda, Excel, altbilgi \u00f6\u011felerini eklemek i\u00e7in ge\u00e7erli \u00e7al\u0131\u015fma sayfas\u0131n\u0131n altbilgi b\u00f6l\u00fcm\u00fcn\u00fc g\u00f6r\u00fcnt\u00fcler. <br><img loading=\"lazy\" decoding=\"async\" title=\"5 Excel altbilgisi\" src=\"https:\/\/exceladvisor.org\/wp-content\/uploads\/2023\/08\/5-pied-de-page-excel.png\" sizes=\"auto, \" srcset=\"\" alt=\"excel-footer\" width=\"711\" height=\"324\"><\/li><li> Alt bilgiyle i\u015finiz bitti\u011finde sayfan\u0131n herhangi bir yerine dokundu\u011funuzda alt bilgi b\u00f6l\u00fcm\u00fcnden \u00e7\u0131kacaks\u0131n\u0131z ve alt bilginiz etkin hale gelecektir.<\/li><\/ol><p class=\"formula\"> \u201c\u00dcstbilgi ve Altbilgi\u201dde metin, de\u011fer, resim vb. girmek i\u00e7in her zaman \u00fc\u00e7 kutunuz (sa\u011f, orta ve sol) olacakt\u0131r. \u00fcstbilginiz ve altbilginiz i\u00e7in. \u00dcstbilgi ve altbilgi \u00f6\u011felerinizi hangi tarafta g\u00f6r\u00fcnt\u00fclemek istedi\u011finize ba\u011fl\u0131 olarak verileri bu kutuya girebilirsiniz.<\/p><h2 id=\"steps-to-insert-predefined-headers-and-footers-in-excel\" class=\"wp-block-heading\"> Excel&#8217;de \u00d6nceden Tan\u0131mlanm\u0131\u015f \u00dcstbilgi ve Altbilgi Ekleme Ad\u0131mlar\u0131<\/h2><p> Excel&#8217;de, belgeniz i\u00e7in tek bir fare t\u0131klamas\u0131 kadar h\u0131zl\u0131 bir \u015fekilde kullan\u0131labilecek, \u00f6nceden tan\u0131mlanm\u0131\u015f bir\u00e7ok &#8220;\u00dcstbilgi ve Altbilgi&#8221; \u00f6\u011fesi bulunur.<\/p><ol><li> \u0130lk \u00f6nce \u201cEkle\u201d sekmesine gidin.<\/li><li> Bundan sonra \u201cMetin\u201d grubuna t\u0131klay\u0131n ve ard\u0131ndan \u201c\u00dcstbilgi ve Altbilgi\u201d se\u00e7ene\u011fine t\u0131klay\u0131n. <br><img loading=\"lazy\" decoding=\"async\" title=\"Se\u00e7enek 6 \u00fcstbilgileri ve altbilgileri\" src=\"https:\/\/exceladvisor.org\/wp-content\/uploads\/2023\/08\/6-options-den-tete-et-de-pied-de-page.png\" sizes=\"auto, \" srcset=\"\" alt=\"header-and-footer-option\" width=\"1004\" height=\"168\"><\/li><li> \u201c\u00dcstbilgi ve Altbilgi\u201d se\u00e7ene\u011fini t\u0131klad\u0131\u011f\u0131n\u0131z anda, \u00f6nceden tan\u0131mlanm\u0131\u015f \u00e7e\u015fitli \u00f6\u011felerin bulundu\u011fu yeni \u201c\u00dcstbilgi ve Altbilgi\u201d sekmesini bulacaks\u0131n\u0131z.<\/li><li> Art\u0131k ba\u015fl\u0131k olarak kullanmak istedi\u011finiz bunlardan birini se\u00e7ebilirsiniz. <br><img loading=\"lazy\" decoding=\"async\" title=\"7 \u00fcstbilgi ve altbilgi \u00f6\u011fesi\" src=\"https:\/\/exceladvisor.org\/wp-content\/uploads\/2023\/08\/7-elements-den-tete-de-pied-de-page.png\" sizes=\"auto, \" srcset=\"\" alt=\"header-footer-elements\" width=\"1021\" height=\"145\"><\/li><li> \u00d6rne\u011fin, &#8220;Sayfa Say\u0131s\u0131&#8221; \u00f6\u011fesini kullanmak istiyorsan\u0131z, \u00fczerine t\u0131klaman\u0131z yeterlidir; bu, e-tablonuzda ba\u015fl\u0131k olarak g\u00f6r\u00fcnecektir. <br><img loading=\"lazy\" decoding=\"async\" title=\"8 sayfal\u0131-\u00f6\u011fe\" src=\"https:\/\/exceladvisor.org\/wp-content\/uploads\/2023\/08\/8-element-de-nombre-de-pages.png\" sizes=\"auto, \" srcset=\"\" alt=\"number-of-pages-element\" width=\"756\" height=\"347\"><\/li><li> Ayr\u0131ca \u201c\u00dcstbilgi\u201d ve \u201cAltbilgi\u201d se\u00e7eneklerine t\u0131klayarak \u00f6nceden tan\u0131mlanm\u0131\u015f \u201c\u00dcstbilgi ve Altbilgi\u201d \u00f6\u011felerini de se\u00e7ebilirsiniz.<\/li><li> \u201c\u00dcstbilgi\u201d ve \u201cAltbilgi\u201dye t\u0131klad\u0131\u011f\u0131n\u0131zda, aralar\u0131ndan se\u00e7im yapabilece\u011finiz \u00f6nceden tan\u0131mlanm\u0131\u015f \u00f6\u011felerin listesi g\u00f6sterilir. <br><img loading=\"lazy\" decoding=\"async\" title=\"9 altbilgiden olu\u015fan \u00f6nceden tan\u0131mlanm\u0131\u015f liste\" src=\"https:\/\/exceladvisor.org\/wp-content\/uploads\/2023\/08\/Liste-predefinie-de-9-pieds-de-page.png\" sizes=\"auto, \" srcset=\"\" alt=\"footer-predefined-list\" width=\"656\" height=\"438\"><\/li><\/ol><p> Bir \u00f6n ayar\u0131 se\u00e7tikten sonra &#8220;\u00dcstbilgi&#8221; ve &#8220;Altbilgi&#8221; se\u00e7iminizin nas\u0131l g\u00f6r\u00fcnd\u00fc\u011f\u00fcn\u00fc g\u00f6rmek i\u00e7in sayfada herhangi bir yeri t\u0131klaman\u0131z yeterlidir; \u00fcstbilgi ve altbilgi b\u00f6l\u00fcm\u00fc sayfas\u0131ndan \u00e7\u0131kacak ve se\u00e7ti\u011finiz \u00fcstbilgi ve altbilgiyi g\u00f6rebileceksiniz.<\/p><h2 id=\"edit-or-format-the-header-and-footer\" class=\"wp-block-heading\"> \u00dcstbilgiyi ve altbilgiyi d\u00fczenleme veya bi\u00e7imlendirme<\/h2><p> Excel, tercihlerinize g\u00f6re \u201c\u00dcstbilgi ve Altbilgi\u201d i\u00e7in yaz\u0131 tipi boyutunu, stilini, rengini ve efektini bi\u00e7imlendirme ve \u00f6zelle\u015ftirme olana\u011f\u0131na sahiptir.<\/p><ol><li> \u00d6ncelikle \u201cSayfa D\u00fczeni\u201d sekmesine gidin ve sayfa d\u00fczeni ileti\u015fim kutusu simgesine t\u0131klay\u0131n. <br><img loading=\"lazy\" decoding=\"async\" title=\"10 sayfa d\u00fczeni sekmesi\" src=\"https:\/\/exceladvisor.org\/wp-content\/uploads\/2023\/08\/Onglet-de-mise-en-page-de-10-pages.png\" sizes=\"auto, \" srcset=\"\" alt=\"page-layout-tab\" width=\"739\" height=\"148\"><\/li><li> Bundan sonra \u201c\u00dcstbilgi\/Altbilgi\u201d se\u00e7ene\u011fine t\u0131klad\u0131\u011f\u0131n\u0131zda \u201c\u00d6zel \u00dcstbilgi\u201d ve \u201c\u00d6zel Altbilgi\u201d se\u00e7eneklerini g\u00f6receksiniz.<\/li><li> \u015eimdi \u00f6zelle\u015ftirmek, d\u00fczenlemek veya d\u00fczenlemek istedi\u011finiz \u201c\u00d6zel Ba\u015fl\u0131k\u201d veya \u201c\u00d6zel Altbilgi\u201d se\u00e7ene\u011fine t\u0131klay\u0131n. <br><img loading=\"lazy\" decoding=\"async\" title=\"11-\u00f6zel \u00fcstbilgi-altbilgi\" src=\"https:\/\/exceladvisor.org\/wp-content\/uploads\/2023\/08\/11-pied-de-page-den-tete-personnalise.png\" sizes=\"auto, \" srcset=\"\" alt=\"custom-header-footer\" width=\"502\" height=\"426\"><\/li><li> \u015eimdi yaz\u0131 tipi simgesine t\u0131klad\u0131\u011f\u0131n\u0131zda \u201c\u00dcstbilgi ve Altbilgi\u201d i\u00e7in yaz\u0131 tipi boyutunu, rengini, stilini ve efektlerini de\u011fi\u015ftirebilece\u011finiz veya se\u00e7ebilece\u011finiz a\u00e7\u0131k i\u00e7erik men\u00fcs\u00fcn\u00fc g\u00f6receksiniz. <br><img loading=\"lazy\" decoding=\"async\" title=\"12-\u00f6zel-altbilgi-ba\u015fl\u0131k-yaz\u0131 tipi\" src=\"https:\/\/exceladvisor.org\/wp-content\/uploads\/2023\/08\/12-polices-den-tete-de-pied-de-page-personnalisees.png\" sizes=\"auto, \" srcset=\"\" alt=\"custom-header-footer-font\" width=\"613\" height=\"331\"><br><img decoding=\"async\" style=\"display: block; margin-left: auto; margin-right: auto;\" title=\"13 \u00f6zel \u00fcstbilgi-altbilgi-yaz\u0131 tipi se\u00e7ene\u011fi\" src=\"https:\/\/exceladvisor.org\/wp-content\/uploads\/2023\/08\/13-options-de-police-den-tete-de-pied-de-page-personnalisees.png\" sizes=\"\" srcset=\"\" alt=\"custom-header-footer-font-options\"><\/li><\/ol><h2 id=\"remove-the-header-and-footer-in-excel\" class=\"wp-block-heading\"> Excel&#8217;de \u00dcstbilgi ve Altbilgiyi Kald\u0131rma<\/h2><ol><li> Mevcut \u00fcstbilgi ve altbilgiyi kald\u0131rmak i\u00e7in \u201cG\u00f6r\u00fcn\u00fcm\u201d sekmesine gidin ve \u201cNormal\u201d simgesini t\u0131klay\u0131n. <br><img decoding=\"async\" title=\"14 sekmeli g\u00f6r\u00fcn\u00fcm excel\" src=\"https:\/\/exceladvisor.org\/wp-content\/uploads\/2023\/08\/14-onglet-vue-excel.png\" sizes=\"\" srcset=\"\" alt=\"excel-view-tab\"><\/li><li> Durum \u00e7ubu\u011fundaki &#8220;Normal&#8221; simgesini t\u0131klayarak da &#8220;\u00dcstbilgi ve Altbilgi&#8221;yi kald\u0131rabilirsiniz. <br><img decoding=\"async\" title=\"Normal 15 simgeli durum \u00e7ubu\u011fu\" src=\"https:\/\/exceladvisor.org\/wp-content\/uploads\/2023\/08\/15-barre-detat-dicone-normale.png\" sizes=\"\" srcset=\"\" alt=\"normal-icon-status-bar\"><\/li><\/ol><div class=\"gb-container gb-container-4db6181c gb-container-mt\"> <a class=\"gb-button gb-button-c5897111 gb-button-text gb-button-mt-button\" href=\"https:\/\/exceladvisor.org\/tr\/excelin-temelleri\/\">Microsoft Excel Temelleri (Bile\u015fenler, Par\u00e7alar ve Bilgi Notlar\u0131)<\/a><h2 class=\"gb-headline gb-headline-665e5f6b gb-headline-text gb-headline-mt-heading\"> \u0130lgili e\u011fitimler <\/h2><div class=\"gb-grid-wrapper gb-grid-wrapper-a20baf7c gb-grid-wrapper-mt-grid\"><div class=\"gb-grid-column gb-grid-column-65ddf67e\"><div class=\"gb-container gb-container-65ddf67e\"><ul><li> <a href=\"https:\/\/exceladvisor.org\/tr\/tamamen-hakli-cikarmak\/\">Excel&#8217;de Yasla&#8217;y\u0131 Doldurun<\/a><\/li><li> <a href=\"https:\/\/exceladvisor.org\/tr\/excel-formul-cubugu\/\">Excel&#8217;deki form\u00fcl \u00e7ubu\u011fu<\/a><\/li><li> <a href=\"https:\/\/exceladvisor.org\/tr\/cetvel\/\">Cetveli Excel&#8217;de g\u00f6ster<\/a><\/li><li> <a href=\"https:\/\/exceladvisor.org\/tr\/doldurma-kolu\/\">Excel&#8217;de doldurma tutamac\u0131<\/a><\/li><li> <a href=\"https:\/\/exceladvisor.org\/tr\/ressam-formati\/\">Excel&#8217;de Bi\u00e7im Boyac\u0131s\u0131<\/a> <\/li><\/ul><\/div><\/div><div class=\"gb-grid-column gb-grid-column-50067b57\"><div class=\"gb-container gb-container-50067b57\"><\/div><\/div><\/div><\/div>","protected":false},"excerpt":{"rendered":"","protected":false},"author":1,"featured_media":0,"parent":0,"menu_order":0,"comment_status":"open","ping_status":"closed","template":"","meta":{"ub_ctt_via":"","footnotes":""},"class_list":["post-1837","page","type-page","status-publish","hentry"],"featured_image_src":null,"yoast_head":"<!-- This site is optimized with the Yoast SEO plugin v25.4 - https:\/\/yoast.com\/wordpress\/plugins\/seo\/ -->\n<title>Excel&#039;de \u00fcstbilgi ve altbilgi nas\u0131l eklenir?<\/title>\n<meta name=\"description\" content=\"Bu derste, ba\u015fl\u0131k ve ba\u015fl\u0131k eklemeye y\u00f6nelik t\u00fcm y\u00f6ntemlere bakmak i\u00e7in t\u00fcm y\u00f6ntemlere bakaca\u011f\u0131z.\" \/>\n<meta name=\"robots\" content=\"index, follow, max-snippet:-1, max-image-preview:large, max-video-preview:-1\" \/>\n<link rel=\"canonical\" href=\"https:\/\/exceladvisor.org\/tr\/altbilgi-basligi-ekle\/\" \/>\n<meta property=\"og:locale\" content=\"tr_TR\" \/>\n<meta property=\"og:type\" content=\"article\" \/>\n<meta property=\"og:title\" content=\"Excel&#039;de \u00fcstbilgi ve altbilgi nas\u0131l eklenir?\" \/>\n<meta property=\"og:description\" content=\"Bu derste, ba\u015fl\u0131k ve ba\u015fl\u0131k eklemeye y\u00f6nelik t\u00fcm y\u00f6ntemlere bakmak i\u00e7in t\u00fcm y\u00f6ntemlere bakaca\u011f\u0131z.\" \/>\n<meta property=\"og:url\" content=\"https:\/\/exceladvisor.org\/tr\/altbilgi-basligi-ekle\/\" \/>\n<meta property=\"og:site_name\" content=\"Excel Advisor\" \/>\n<meta property=\"article:modified_time\" content=\"2023-12-10T06:02:49+00:00\" \/>\n<meta property=\"og:image\" content=\"https:\/\/exceladvisor.org\/wp-content\/uploads\/2023\/08\/1-onglet-dinsertion.png\" \/>\n<meta name=\"twitter:card\" content=\"summary_large_image\" \/>\n<meta name=\"twitter:label1\" content=\"Tahmini okuma s\u00fcresi\" \/>\n\t<meta name=\"twitter:data1\" content=\"4 dakika\" \/>\n<script type=\"application\/ld+json\" class=\"yoast-schema-graph\">{\"@context\":\"https:\/\/schema.org\",\"@graph\":[{\"@type\":\"WebPage\",\"@id\":\"https:\/\/exceladvisor.org\/tr\/altbilgi-basligi-ekle\/\",\"url\":\"https:\/\/exceladvisor.org\/tr\/altbilgi-basligi-ekle\/\",\"name\":\"Excel&#39;de \u00fcstbilgi ve altbilgi nas\u0131l eklenir?\",\"isPartOf\":{\"@id\":\"https:\/\/exceladvisor.org\/tr\/#website\"},\"primaryImageOfPage\":{\"@id\":\"https:\/\/exceladvisor.org\/tr\/altbilgi-basligi-ekle\/#primaryimage\"},\"image\":{\"@id\":\"https:\/\/exceladvisor.org\/tr\/altbilgi-basligi-ekle\/#primaryimage\"},\"thumbnailUrl\":\"https:\/\/exceladvisor.org\/wp-content\/uploads\/2023\/08\/1-onglet-dinsertion.png\",\"datePublished\":\"2023-10-31T21:28:51+00:00\",\"dateModified\":\"2023-12-10T06:02:49+00:00\",\"description\":\"Bu derste, ba\u015fl\u0131k ve ba\u015fl\u0131k eklemeye y\u00f6nelik t\u00fcm y\u00f6ntemlere bakmak i\u00e7in t\u00fcm y\u00f6ntemlere bakaca\u011f\u0131z.\",\"breadcrumb\":{\"@id\":\"https:\/\/exceladvisor.org\/tr\/altbilgi-basligi-ekle\/#breadcrumb\"},\"inLanguage\":\"tr\",\"potentialAction\":[{\"@type\":\"ReadAction\",\"target\":[\"https:\/\/exceladvisor.org\/tr\/altbilgi-basligi-ekle\/\"]}]},{\"@type\":\"ImageObject\",\"inLanguage\":\"tr\",\"@id\":\"https:\/\/exceladvisor.org\/tr\/altbilgi-basligi-ekle\/#primaryimage\",\"url\":\"https:\/\/exceladvisor.org\/wp-content\/uploads\/2023\/08\/1-onglet-dinsertion.png\",\"contentUrl\":\"https:\/\/exceladvisor.org\/wp-content\/uploads\/2023\/08\/1-onglet-dinsertion.png\"},{\"@type\":\"BreadcrumbList\",\"@id\":\"https:\/\/exceladvisor.org\/tr\/altbilgi-basligi-ekle\/#breadcrumb\",\"itemListElement\":[{\"@type\":\"ListItem\",\"position\":1,\"name\":\"Ev\",\"item\":\"https:\/\/exceladvisor.org\/tr\/\"},{\"@type\":\"ListItem\",\"position\":2,\"name\":\"Excel&#39;de \u00fcstbilgi ve altbilgi nas\u0131l eklenir?\"}]},{\"@type\":\"WebSite\",\"@id\":\"https:\/\/exceladvisor.org\/tr\/#website\",\"url\":\"https:\/\/exceladvisor.org\/tr\/\",\"name\":\"Excel Advisor\",\"description\":\"Veri hakimiyetine y\u00f6nelik nihai rehberiniz!\",\"publisher\":{\"@id\":\"https:\/\/exceladvisor.org\/tr\/#organization\"},\"potentialAction\":[{\"@type\":\"SearchAction\",\"target\":{\"@type\":\"EntryPoint\",\"urlTemplate\":\"https:\/\/exceladvisor.org\/tr\/?s={search_term_string}\"},\"query-input\":{\"@type\":\"PropertyValueSpecification\",\"valueRequired\":true,\"valueName\":\"search_term_string\"}}],\"inLanguage\":\"tr\"},{\"@type\":\"Organization\",\"@id\":\"https:\/\/exceladvisor.org\/tr\/#organization\",\"name\":\"Excel Advisor\",\"url\":\"https:\/\/exceladvisor.org\/tr\/\",\"logo\":{\"@type\":\"ImageObject\",\"inLanguage\":\"tr\",\"@id\":\"https:\/\/exceladvisor.org\/tr\/#\/schema\/logo\/image\/\",\"url\":\"https:\/\/exceladvisor.org\/tr\/wp-content\/uploads\/2023\/12\/exceladvisor.org_.png\",\"contentUrl\":\"https:\/\/exceladvisor.org\/tr\/wp-content\/uploads\/2023\/12\/exceladvisor.org_.png\",\"width\":105,\"height\":36,\"caption\":\"Excel Advisor\"},\"image\":{\"@id\":\"https:\/\/exceladvisor.org\/tr\/#\/schema\/logo\/image\/\"}}]}<\/script>\n<!-- \/ Yoast SEO plugin. -->","yoast_head_json":{"title":"Excel&#39;de \u00fcstbilgi ve altbilgi nas\u0131l eklenir?","description":"Bu derste, ba\u015fl\u0131k ve ba\u015fl\u0131k eklemeye y\u00f6nelik t\u00fcm y\u00f6ntemlere bakmak i\u00e7in t\u00fcm y\u00f6ntemlere bakaca\u011f\u0131z.","robots":{"index":"index","follow":"follow","max-snippet":"max-snippet:-1","max-image-preview":"max-image-preview:large","max-video-preview":"max-video-preview:-1"},"canonical":"https:\/\/exceladvisor.org\/tr\/altbilgi-basligi-ekle\/","og_locale":"tr_TR","og_type":"article","og_title":"Excel&#39;de \u00fcstbilgi ve altbilgi nas\u0131l eklenir?","og_description":"Bu derste, ba\u015fl\u0131k ve ba\u015fl\u0131k eklemeye y\u00f6nelik t\u00fcm y\u00f6ntemlere bakmak i\u00e7in t\u00fcm y\u00f6ntemlere bakaca\u011f\u0131z.","og_url":"https:\/\/exceladvisor.org\/tr\/altbilgi-basligi-ekle\/","og_site_name":"Excel Advisor","article_modified_time":"2023-12-10T06:02:49+00:00","og_image":[{"url":"https:\/\/exceladvisor.org\/wp-content\/uploads\/2023\/08\/1-onglet-dinsertion.png","type":"","width":"","height":""}],"twitter_card":"summary_large_image","twitter_misc":{"Tahmini okuma s\u00fcresi":"4 dakika"},"schema":{"@context":"https:\/\/schema.org","@graph":[{"@type":"WebPage","@id":"https:\/\/exceladvisor.org\/tr\/altbilgi-basligi-ekle\/","url":"https:\/\/exceladvisor.org\/tr\/altbilgi-basligi-ekle\/","name":"Excel&#39;de \u00fcstbilgi ve altbilgi nas\u0131l eklenir?","isPartOf":{"@id":"https:\/\/exceladvisor.org\/tr\/#website"},"primaryImageOfPage":{"@id":"https:\/\/exceladvisor.org\/tr\/altbilgi-basligi-ekle\/#primaryimage"},"image":{"@id":"https:\/\/exceladvisor.org\/tr\/altbilgi-basligi-ekle\/#primaryimage"},"thumbnailUrl":"https:\/\/exceladvisor.org\/wp-content\/uploads\/2023\/08\/1-onglet-dinsertion.png","datePublished":"2023-10-31T21:28:51+00:00","dateModified":"2023-12-10T06:02:49+00:00","description":"Bu derste, ba\u015fl\u0131k ve ba\u015fl\u0131k eklemeye y\u00f6nelik t\u00fcm y\u00f6ntemlere bakmak i\u00e7in t\u00fcm y\u00f6ntemlere bakaca\u011f\u0131z.","breadcrumb":{"@id":"https:\/\/exceladvisor.org\/tr\/altbilgi-basligi-ekle\/#breadcrumb"},"inLanguage":"tr","potentialAction":[{"@type":"ReadAction","target":["https:\/\/exceladvisor.org\/tr\/altbilgi-basligi-ekle\/"]}]},{"@type":"ImageObject","inLanguage":"tr","@id":"https:\/\/exceladvisor.org\/tr\/altbilgi-basligi-ekle\/#primaryimage","url":"https:\/\/exceladvisor.org\/wp-content\/uploads\/2023\/08\/1-onglet-dinsertion.png","contentUrl":"https:\/\/exceladvisor.org\/wp-content\/uploads\/2023\/08\/1-onglet-dinsertion.png"},{"@type":"BreadcrumbList","@id":"https:\/\/exceladvisor.org\/tr\/altbilgi-basligi-ekle\/#breadcrumb","itemListElement":[{"@type":"ListItem","position":1,"name":"Ev","item":"https:\/\/exceladvisor.org\/tr\/"},{"@type":"ListItem","position":2,"name":"Excel&#39;de \u00fcstbilgi ve altbilgi nas\u0131l eklenir?"}]},{"@type":"WebSite","@id":"https:\/\/exceladvisor.org\/tr\/#website","url":"https:\/\/exceladvisor.org\/tr\/","name":"Excel Advisor","description":"Veri hakimiyetine y\u00f6nelik nihai rehberiniz!","publisher":{"@id":"https:\/\/exceladvisor.org\/tr\/#organization"},"potentialAction":[{"@type":"SearchAction","target":{"@type":"EntryPoint","urlTemplate":"https:\/\/exceladvisor.org\/tr\/?s={search_term_string}"},"query-input":{"@type":"PropertyValueSpecification","valueRequired":true,"valueName":"search_term_string"}}],"inLanguage":"tr"},{"@type":"Organization","@id":"https:\/\/exceladvisor.org\/tr\/#organization","name":"Excel Advisor","url":"https:\/\/exceladvisor.org\/tr\/","logo":{"@type":"ImageObject","inLanguage":"tr","@id":"https:\/\/exceladvisor.org\/tr\/#\/schema\/logo\/image\/","url":"https:\/\/exceladvisor.org\/tr\/wp-content\/uploads\/2023\/12\/exceladvisor.org_.png","contentUrl":"https:\/\/exceladvisor.org\/tr\/wp-content\/uploads\/2023\/12\/exceladvisor.org_.png","width":105,"height":36,"caption":"Excel Advisor"},"image":{"@id":"https:\/\/exceladvisor.org\/tr\/#\/schema\/logo\/image\/"}}]}},"yoast_meta":{"yoast_wpseo_title":"","yoast_wpseo_metadesc":"","yoast_wpseo_canonical":""},"_links":{"self":[{"href":"https:\/\/exceladvisor.org\/tr\/wp-json\/wp\/v2\/pages\/1837","targetHints":{"allow":["GET"]}}],"collection":[{"href":"https:\/\/exceladvisor.org\/tr\/wp-json\/wp\/v2\/pages"}],"about":[{"href":"https:\/\/exceladvisor.org\/tr\/wp-json\/wp\/v2\/types\/page"}],"author":[{"embeddable":true,"href":"https:\/\/exceladvisor.org\/tr\/wp-json\/wp\/v2\/users\/1"}],"replies":[{"embeddable":true,"href":"https:\/\/exceladvisor.org\/tr\/wp-json\/wp\/v2\/comments?post=1837"}],"version-history":[{"count":1,"href":"https:\/\/exceladvisor.org\/tr\/wp-json\/wp\/v2\/pages\/1837\/revisions"}],"predecessor-version":[{"id":2619,"href":"https:\/\/exceladvisor.org\/tr\/wp-json\/wp\/v2\/pages\/1837\/revisions\/2619"}],"wp:attachment":[{"href":"https:\/\/exceladvisor.org\/tr\/wp-json\/wp\/v2\/media?parent=1837"}],"curies":[{"name":"wp","href":"https:\/\/api.w.org\/{rel}","templated":true}]}}