{"id":1838,"date":"2023-10-31T21:14:17","date_gmt":"2023-10-31T21:14:17","guid":{"rendered":"https:\/\/exceladvisor.org\/tr\/1i-kopyala\/"},"modified":"2023-12-10T06:00:29","modified_gmt":"2023-12-10T06:00:29","slug":"1i-kopyala","status":"publish","type":"page","link":"https:\/\/exceladvisor.org\/tr\/1i-kopyala\/","title":{"rendered":"Excel&#39;de bir e-tablo nas\u0131l kopyalan\u0131r\/ta\u015f\u0131n\u0131r?"},"content":{"rendered":"<div class=\"excel-icerikten-once\" id=\"excel-2804019093\"><script type=\"text\/javascript\">\r\n\tatOptions = {\r\n\t\t'key' : 'c1158f160081d6540a8409e6925dab94',\r\n\t\t'format' : 'iframe',\r\n\t\t'height' : 250,\r\n\t\t'width' : 300,\r\n\t\t'params' : {}\r\n\t};\r\n<\/script>\r\n<script type=\"text\/javascript\" src=\"\/\/www.highperformanceformat.com\/c1158f160081d6540a8409e6925dab94\/invoke.js\"><\/script><\/div> <p>Excel&#8217;de, bir sayfay\u0131 yeni bir \u00e7al\u0131\u015fma kitab\u0131na veya zaten a\u00e7\u0131k olan bir \u00e7al\u0131\u015fma kitab\u0131na kopyalayabilir veya ta\u015f\u0131yabilirsiniz. Ve bu derste bunu ayr\u0131nt\u0131l\u0131 olarak \u00f6\u011frenece\u011fiz.<\/p><ul><li> Kopyala \u2013 Yeni bir kopya olu\u015fturur ve onu ba\u015fka bir \u00e7al\u0131\u015fma kitab\u0131na ta\u015f\u0131r.<\/li><li> Ta\u015f\u0131 \u2013 Orijinal sayfay\u0131 ta\u015f\u0131r.<\/li><\/ul><p> Bunu \u00f6\u011frenelim.<\/p><h2 id=\"h-copy-a-sheet-to-an-existing-sheet\" class=\"wp-block-heading\"> Bir sayfay\u0131 mevcut bir sayfaya kopyalama<\/h2><ol><li> Sayfa sekmesine sa\u011f t\u0131klay\u0131n ve \u201cKopyala veya Ta\u015f\u0131\u201dya t\u0131klay\u0131n. <br><img loading=\"lazy\" decoding=\"async\" title=\"Yaprak ba\u015f\u0131na 1 kopya\" src=\"https:\/\/exceladvisor.org\/wp-content\/uploads\/2023\/08\/1-copier-une-feuille.png\" sizes=\"auto, \" srcset=\"\" alt=\"1-copy-a-sheet\" width=\"415\" height=\"451\"><\/li><li> \u0130leti\u015fim kutusunda, \u00e7al\u0131\u015fma kitab\u0131n\u0131 se\u00e7mek i\u00e7in \u201cKitap Vermek\u201d a\u00e7\u0131l\u0131r men\u00fcs\u00fcn\u00fc kullan\u0131n. Ve \u201cSayfadan \u00d6nce\u201d b\u00f6l\u00fcm\u00fcnde kopyalamak istedi\u011finiz sayfay\u0131 se\u00e7in.<\/li><li> Daha sonra \u201cBir kopya olu\u015ftur\u201d kutusunu i\u015faretleyin. <br><img loading=\"lazy\" decoding=\"async\" title=\"2 onay i\u015fareti-bir kopya olu\u015ftur\" src=\"https:\/\/exceladvisor.org\/wp-content\/uploads\/2023\/08\/2-coche-creer-une-copie.png\" sizes=\"auto, \" srcset=\"\" alt=\"2-tickmark-create-a-copy\" width=\"320\" height=\"326\"><\/li><li> Sonunda Tamam&#8217;\u0131 t\u0131klay\u0131n.<\/li><\/ol><p> Bu \u00f6rnekte \u201cPuneet\u201d sayfas\u0131n\u0131 Kitap2&#8217;den Kitap1&#8217;e kopyalad\u0131k. <\/p><div class=\"wp-block-image\"><figure class=\"aligncenter size-full is-resized\"><img loading=\"lazy\" decoding=\"async\" class=\"wp-image-92247\" src=\"https:\/\/exceladvisor.org\/wp-content\/uploads\/2023\/08\/3-feuilles-copiees-dans-un-autre-classeur.png\" sizes=\"auto, \" srcset=\"\" alt=\"sayfa ba\u015fka bir \u00e7al\u0131\u015fma kitab\u0131na kopyaland\u0131\" width=\"576\" height=\"371\"><\/figure><\/div><p class=\"qt-tip\"> <strong>Not<\/strong> : Sayfay\u0131 kopyalamak yerine ta\u015f\u0131mak istiyorsan\u0131z \u201cKopya olu\u015ftur\u201d kutusunu i\u015faretleyin.<\/p><h2 id=\"h-copy-a-sheet-to-a-new-sheet\" class=\"wp-block-heading\"> Bir sayfay\u0131 yeni bir sayfaya kopyalama<\/h2><p> Ayn\u0131 \u015fekilde ayn\u0131 se\u00e7enekle yeni bir \u00e7al\u0131\u015fma kitab\u0131 olu\u015fturabilir ve bu \u00e7al\u0131\u015fma kitab\u0131na bir sayfay\u0131 kopyalayabilir veya ta\u015f\u0131yabilirsiniz. \u201cTa\u015f\u0131 veya Kopyala\u201d ileti\u015fim kutusunu a\u00e7arken \u201cAy\u0131rmak i\u00e7in; \u00bb a\u00e7\u0131l\u0131r listesinden (yeni kitap) se\u00e7ene\u011fini se\u00e7in ve ard\u0131ndan Tamam&#8217;a t\u0131klay\u0131n. <\/p><div class=\"wp-block-image\"><figure class=\"aligncenter size-full is-resized\"><img loading=\"lazy\" decoding=\"async\" class=\"wp-image-92248\" src=\"https:\/\/exceladvisor.org\/wp-content\/uploads\/2023\/08\/4-copier-une-feuille-vers-une-nouvelle-feuille.png\" sizes=\"auto, \" srcset=\"\" alt=\"bir sayfay\u0131 yeni bir sayfaya kopyala\" width=\"287\" height=\"266\"><\/figure><\/div><p> Tamam&#8217;\u0131 t\u0131klatt\u0131\u011f\u0131n\u0131zda, Excel an\u0131nda yeni bir \u00e7al\u0131\u015fma kitab\u0131 a\u00e7ar ve sayfay\u0131 bu yeni \u00e7al\u0131\u015fma kitab\u0131na kopyalar. <\/p><div class=\"wp-block-image\"><figure class=\"aligncenter size-full is-resized\"><img loading=\"lazy\" decoding=\"async\" class=\"wp-image-92249\" src=\"https:\/\/exceladvisor.org\/wp-content\/uploads\/2023\/08\/4-feuilles-copiees-dans-un-nouveau-classeur.png\" sizes=\"auto, \" srcset=\"\" alt=\"sayfa yeni \u00e7al\u0131\u015fma kitab\u0131na kopyaland\u0131\" width=\"227\" height=\"286\"><\/figure><\/div><p class=\"qt-tip\"> <strong>Not:<\/strong> Sayfan\u0131n bir kopyas\u0131n\u0131 olu\u015fturmak istemiyorsan\u0131z ve sayfay\u0131 yeni bir \u00e7al\u0131\u015fma kitab\u0131na ta\u015f\u0131mak istiyorsan\u0131z &#8220;Kopya olu\u015ftur&#8221; onay i\u015faretine ge\u00e7in. <\/p><div class=\"gb-container gb-container-3044ba66 gb-container-mt\"><p class=\"gb-headline gb-headline-b5bb6270 gb-headline-text\"> <strong><a href=\"https:\/\/exceladvisor.org\/tr\/excelin-temelleri\/\">Excel Temelleri<\/a><\/strong> \/ <strong><a href=\"https:\/\/exceladvisor.org\/tr\/calisma-kagidi\/\" data-wpil=\"url\">Excel Elektronik Tablosu<\/a><\/strong><\/p><h2 class=\"gb-headline gb-headline-819d540d gb-headline-text gb-headline-mt-heading\"> Daha fazla e\u011fitim <\/h2><div class=\"gb-grid-wrapper gb-grid-wrapper-7f3d805a gb-grid-wrapper-mt-grid\"><div class=\"gb-grid-column gb-grid-column-530ab33a\"><div class=\"gb-container gb-container-530ab33a\"><ul><li> <a href=\"https:\/\/exceladvisor.org\/tr\/goruntulemek\/\">Bir Excel sayfas\u0131n\u0131 veya t\u00fcm sayfalar\u0131 (e-tablo) g\u00f6r\u00fcnt\u00fcleme<\/a><\/li><li> <a href=\"https:\/\/exceladvisor.org\/tr\/1i-sil\/\">Excel&#8217;de bir sayfay\u0131 (\u00e7al\u0131\u015fma sayfas\u0131n\u0131) silme<\/a><\/li><li> <a href=\"https:\/\/exceladvisor.org\/tr\/kopyalamak\/\">Excel&#8217;de bir sayfay\u0131 veya elektronik tabloyu \u00e7o\u011faltma<\/a><\/li><li> <a href=\"https:\/\/exceladvisor.org\/tr\/baska-bir-sayfaya-baglanti\/\">Ba\u015fka bir e-tabloya k\u00f6pr\u00fc (ba\u011flant\u0131) olu\u015fturma<\/a><\/li><li> <a href=\"https:\/\/exceladvisor.org\/tr\/kilit\/\">Excel&#8217;de bir sayfay\u0131 (\u00e7al\u0131\u015fma sayfas\u0131n\u0131) kilitleme<\/a><\/li><\/ul><\/div><\/div><\/div><\/div>","protected":false},"excerpt":{"rendered":"","protected":false},"author":1,"featured_media":0,"parent":0,"menu_order":0,"comment_status":"open","ping_status":"closed","template":"","meta":{"ub_ctt_via":"","footnotes":""},"class_list":["post-1838","page","type-page","status-publish","hentry"],"featured_image_src":null,"yoast_head":"<!-- This site is optimized with the Yoast SEO plugin v25.4 - https:\/\/yoast.com\/wordpress\/plugins\/seo\/ -->\n<title>Excel&#039;de bir elektronik tablo nas\u0131l kopyalan\u0131r\/ta\u015f\u0131n\u0131r?<\/title>\n<meta name=\"description\" content=\"Bu e\u011fitim, bir sayfay\u0131 yeni bir \u00e7al\u0131\u015fma kitab\u0131na kopyalamak veya ta\u015f\u0131mak i\u00e7in 2 farkl\u0131 y\u00f6ntemi \u00f6\u011frenmenize yard\u0131mc\u0131 olur.\" \/>\n<meta name=\"robots\" content=\"index, follow, max-snippet:-1, max-image-preview:large, max-video-preview:-1\" \/>\n<link rel=\"canonical\" href=\"https:\/\/exceladvisor.org\/tr\/1i-kopyala\/\" \/>\n<meta property=\"og:locale\" content=\"tr_TR\" \/>\n<meta property=\"og:type\" content=\"article\" \/>\n<meta property=\"og:title\" content=\"Excel&#039;de bir elektronik tablo nas\u0131l kopyalan\u0131r\/ta\u015f\u0131n\u0131r?\" \/>\n<meta property=\"og:description\" content=\"Bu e\u011fitim, bir sayfay\u0131 yeni bir \u00e7al\u0131\u015fma kitab\u0131na kopyalamak veya ta\u015f\u0131mak i\u00e7in 2 farkl\u0131 y\u00f6ntemi \u00f6\u011frenmenize yard\u0131mc\u0131 olur.\" \/>\n<meta property=\"og:url\" content=\"https:\/\/exceladvisor.org\/tr\/1i-kopyala\/\" \/>\n<meta property=\"og:site_name\" content=\"Excel Advisor\" \/>\n<meta property=\"article:modified_time\" content=\"2023-12-10T06:00:29+00:00\" \/>\n<meta property=\"og:image\" content=\"https:\/\/exceladvisor.org\/wp-content\/uploads\/2023\/08\/1-copier-une-feuille.png\" \/>\n<meta name=\"twitter:card\" content=\"summary_large_image\" \/>\n<meta name=\"twitter:label1\" content=\"Tahmini okuma s\u00fcresi\" \/>\n\t<meta name=\"twitter:data1\" content=\"2 dakika\" \/>\n<script type=\"application\/ld+json\" class=\"yoast-schema-graph\">{\"@context\":\"https:\/\/schema.org\",\"@graph\":[{\"@type\":\"WebPage\",\"@id\":\"https:\/\/exceladvisor.org\/tr\/1i-kopyala\/\",\"url\":\"https:\/\/exceladvisor.org\/tr\/1i-kopyala\/\",\"name\":\"Excel&#39;de bir elektronik tablo nas\u0131l kopyalan\u0131r\/ta\u015f\u0131n\u0131r?\",\"isPartOf\":{\"@id\":\"https:\/\/exceladvisor.org\/tr\/#website\"},\"primaryImageOfPage\":{\"@id\":\"https:\/\/exceladvisor.org\/tr\/1i-kopyala\/#primaryimage\"},\"image\":{\"@id\":\"https:\/\/exceladvisor.org\/tr\/1i-kopyala\/#primaryimage\"},\"thumbnailUrl\":\"https:\/\/exceladvisor.org\/wp-content\/uploads\/2023\/08\/1-copier-une-feuille.png\",\"datePublished\":\"2023-10-31T21:14:17+00:00\",\"dateModified\":\"2023-12-10T06:00:29+00:00\",\"description\":\"Bu e\u011fitim, bir sayfay\u0131 yeni bir \u00e7al\u0131\u015fma kitab\u0131na kopyalamak veya ta\u015f\u0131mak i\u00e7in 2 farkl\u0131 y\u00f6ntemi \u00f6\u011frenmenize yard\u0131mc\u0131 olur.\",\"breadcrumb\":{\"@id\":\"https:\/\/exceladvisor.org\/tr\/1i-kopyala\/#breadcrumb\"},\"inLanguage\":\"tr\",\"potentialAction\":[{\"@type\":\"ReadAction\",\"target\":[\"https:\/\/exceladvisor.org\/tr\/1i-kopyala\/\"]}]},{\"@type\":\"ImageObject\",\"inLanguage\":\"tr\",\"@id\":\"https:\/\/exceladvisor.org\/tr\/1i-kopyala\/#primaryimage\",\"url\":\"https:\/\/exceladvisor.org\/wp-content\/uploads\/2023\/08\/1-copier-une-feuille.png\",\"contentUrl\":\"https:\/\/exceladvisor.org\/wp-content\/uploads\/2023\/08\/1-copier-une-feuille.png\"},{\"@type\":\"BreadcrumbList\",\"@id\":\"https:\/\/exceladvisor.org\/tr\/1i-kopyala\/#breadcrumb\",\"itemListElement\":[{\"@type\":\"ListItem\",\"position\":1,\"name\":\"Ev\",\"item\":\"https:\/\/exceladvisor.org\/tr\/\"},{\"@type\":\"ListItem\",\"position\":2,\"name\":\"Excel&#39;de bir e-tablo nas\u0131l kopyalan\u0131r\/ta\u015f\u0131n\u0131r?\"}]},{\"@type\":\"WebSite\",\"@id\":\"https:\/\/exceladvisor.org\/tr\/#website\",\"url\":\"https:\/\/exceladvisor.org\/tr\/\",\"name\":\"Excel Advisor\",\"description\":\"Veri hakimiyetine y\u00f6nelik nihai rehberiniz!\",\"publisher\":{\"@id\":\"https:\/\/exceladvisor.org\/tr\/#organization\"},\"potentialAction\":[{\"@type\":\"SearchAction\",\"target\":{\"@type\":\"EntryPoint\",\"urlTemplate\":\"https:\/\/exceladvisor.org\/tr\/?s={search_term_string}\"},\"query-input\":{\"@type\":\"PropertyValueSpecification\",\"valueRequired\":true,\"valueName\":\"search_term_string\"}}],\"inLanguage\":\"tr\"},{\"@type\":\"Organization\",\"@id\":\"https:\/\/exceladvisor.org\/tr\/#organization\",\"name\":\"Excel Advisor\",\"url\":\"https:\/\/exceladvisor.org\/tr\/\",\"logo\":{\"@type\":\"ImageObject\",\"inLanguage\":\"tr\",\"@id\":\"https:\/\/exceladvisor.org\/tr\/#\/schema\/logo\/image\/\",\"url\":\"https:\/\/exceladvisor.org\/tr\/wp-content\/uploads\/2023\/12\/exceladvisor.org_.png\",\"contentUrl\":\"https:\/\/exceladvisor.org\/tr\/wp-content\/uploads\/2023\/12\/exceladvisor.org_.png\",\"width\":105,\"height\":36,\"caption\":\"Excel Advisor\"},\"image\":{\"@id\":\"https:\/\/exceladvisor.org\/tr\/#\/schema\/logo\/image\/\"}}]}<\/script>\n<!-- \/ Yoast SEO plugin. -->","yoast_head_json":{"title":"Excel&#39;de bir elektronik tablo nas\u0131l kopyalan\u0131r\/ta\u015f\u0131n\u0131r?","description":"Bu e\u011fitim, bir sayfay\u0131 yeni bir \u00e7al\u0131\u015fma kitab\u0131na kopyalamak veya ta\u015f\u0131mak i\u00e7in 2 farkl\u0131 y\u00f6ntemi \u00f6\u011frenmenize yard\u0131mc\u0131 olur.","robots":{"index":"index","follow":"follow","max-snippet":"max-snippet:-1","max-image-preview":"max-image-preview:large","max-video-preview":"max-video-preview:-1"},"canonical":"https:\/\/exceladvisor.org\/tr\/1i-kopyala\/","og_locale":"tr_TR","og_type":"article","og_title":"Excel&#39;de bir elektronik tablo nas\u0131l kopyalan\u0131r\/ta\u015f\u0131n\u0131r?","og_description":"Bu e\u011fitim, bir sayfay\u0131 yeni bir \u00e7al\u0131\u015fma kitab\u0131na kopyalamak veya ta\u015f\u0131mak i\u00e7in 2 farkl\u0131 y\u00f6ntemi \u00f6\u011frenmenize yard\u0131mc\u0131 olur.","og_url":"https:\/\/exceladvisor.org\/tr\/1i-kopyala\/","og_site_name":"Excel Advisor","article_modified_time":"2023-12-10T06:00:29+00:00","og_image":[{"url":"https:\/\/exceladvisor.org\/wp-content\/uploads\/2023\/08\/1-copier-une-feuille.png","type":"","width":"","height":""}],"twitter_card":"summary_large_image","twitter_misc":{"Tahmini okuma s\u00fcresi":"2 dakika"},"schema":{"@context":"https:\/\/schema.org","@graph":[{"@type":"WebPage","@id":"https:\/\/exceladvisor.org\/tr\/1i-kopyala\/","url":"https:\/\/exceladvisor.org\/tr\/1i-kopyala\/","name":"Excel&#39;de bir elektronik tablo nas\u0131l kopyalan\u0131r\/ta\u015f\u0131n\u0131r?","isPartOf":{"@id":"https:\/\/exceladvisor.org\/tr\/#website"},"primaryImageOfPage":{"@id":"https:\/\/exceladvisor.org\/tr\/1i-kopyala\/#primaryimage"},"image":{"@id":"https:\/\/exceladvisor.org\/tr\/1i-kopyala\/#primaryimage"},"thumbnailUrl":"https:\/\/exceladvisor.org\/wp-content\/uploads\/2023\/08\/1-copier-une-feuille.png","datePublished":"2023-10-31T21:14:17+00:00","dateModified":"2023-12-10T06:00:29+00:00","description":"Bu e\u011fitim, bir sayfay\u0131 yeni bir \u00e7al\u0131\u015fma kitab\u0131na kopyalamak veya ta\u015f\u0131mak i\u00e7in 2 farkl\u0131 y\u00f6ntemi \u00f6\u011frenmenize yard\u0131mc\u0131 olur.","breadcrumb":{"@id":"https:\/\/exceladvisor.org\/tr\/1i-kopyala\/#breadcrumb"},"inLanguage":"tr","potentialAction":[{"@type":"ReadAction","target":["https:\/\/exceladvisor.org\/tr\/1i-kopyala\/"]}]},{"@type":"ImageObject","inLanguage":"tr","@id":"https:\/\/exceladvisor.org\/tr\/1i-kopyala\/#primaryimage","url":"https:\/\/exceladvisor.org\/wp-content\/uploads\/2023\/08\/1-copier-une-feuille.png","contentUrl":"https:\/\/exceladvisor.org\/wp-content\/uploads\/2023\/08\/1-copier-une-feuille.png"},{"@type":"BreadcrumbList","@id":"https:\/\/exceladvisor.org\/tr\/1i-kopyala\/#breadcrumb","itemListElement":[{"@type":"ListItem","position":1,"name":"Ev","item":"https:\/\/exceladvisor.org\/tr\/"},{"@type":"ListItem","position":2,"name":"Excel&#39;de bir e-tablo nas\u0131l kopyalan\u0131r\/ta\u015f\u0131n\u0131r?"}]},{"@type":"WebSite","@id":"https:\/\/exceladvisor.org\/tr\/#website","url":"https:\/\/exceladvisor.org\/tr\/","name":"Excel Advisor","description":"Veri hakimiyetine y\u00f6nelik nihai rehberiniz!","publisher":{"@id":"https:\/\/exceladvisor.org\/tr\/#organization"},"potentialAction":[{"@type":"SearchAction","target":{"@type":"EntryPoint","urlTemplate":"https:\/\/exceladvisor.org\/tr\/?s={search_term_string}"},"query-input":{"@type":"PropertyValueSpecification","valueRequired":true,"valueName":"search_term_string"}}],"inLanguage":"tr"},{"@type":"Organization","@id":"https:\/\/exceladvisor.org\/tr\/#organization","name":"Excel Advisor","url":"https:\/\/exceladvisor.org\/tr\/","logo":{"@type":"ImageObject","inLanguage":"tr","@id":"https:\/\/exceladvisor.org\/tr\/#\/schema\/logo\/image\/","url":"https:\/\/exceladvisor.org\/tr\/wp-content\/uploads\/2023\/12\/exceladvisor.org_.png","contentUrl":"https:\/\/exceladvisor.org\/tr\/wp-content\/uploads\/2023\/12\/exceladvisor.org_.png","width":105,"height":36,"caption":"Excel Advisor"},"image":{"@id":"https:\/\/exceladvisor.org\/tr\/#\/schema\/logo\/image\/"}}]}},"yoast_meta":{"yoast_wpseo_title":"","yoast_wpseo_metadesc":"","yoast_wpseo_canonical":""},"_links":{"self":[{"href":"https:\/\/exceladvisor.org\/tr\/wp-json\/wp\/v2\/pages\/1838","targetHints":{"allow":["GET"]}}],"collection":[{"href":"https:\/\/exceladvisor.org\/tr\/wp-json\/wp\/v2\/pages"}],"about":[{"href":"https:\/\/exceladvisor.org\/tr\/wp-json\/wp\/v2\/types\/page"}],"author":[{"embeddable":true,"href":"https:\/\/exceladvisor.org\/tr\/wp-json\/wp\/v2\/users\/1"}],"replies":[{"embeddable":true,"href":"https:\/\/exceladvisor.org\/tr\/wp-json\/wp\/v2\/comments?post=1838"}],"version-history":[{"count":1,"href":"https:\/\/exceladvisor.org\/tr\/wp-json\/wp\/v2\/pages\/1838\/revisions"}],"predecessor-version":[{"id":2410,"href":"https:\/\/exceladvisor.org\/tr\/wp-json\/wp\/v2\/pages\/1838\/revisions\/2410"}],"wp:attachment":[{"href":"https:\/\/exceladvisor.org\/tr\/wp-json\/wp\/v2\/media?parent=1838"}],"curies":[{"name":"wp","href":"https:\/\/api.w.org\/{rel}","templated":true}]}}