{"id":1839,"date":"2023-10-31T20:56:18","date_gmt":"2023-10-31T20:56:18","guid":{"rendered":"https:\/\/exceladvisor.org\/tr\/baslik-ekle\/"},"modified":"2023-12-10T06:00:29","modified_gmt":"2023-12-10T06:00:29","slug":"baslik-ekle","status":"publish","type":"page","link":"https:\/\/exceladvisor.org\/tr\/baslik-ekle\/","title":{"rendered":"Excel&#39;de bir e-tabloya ba\u015fl\u0131k nas\u0131l eklenir?"},"content":{"rendered":"<div class=\"excel-icerikten-once\" id=\"excel-1580376375\"><script type=\"text\/javascript\">\r\n\tatOptions = {\r\n\t\t'key' : 'c1158f160081d6540a8409e6925dab94',\r\n\t\t'format' : 'iframe',\r\n\t\t'height' : 250,\r\n\t\t'width' : 300,\r\n\t\t'params' : {}\r\n\t};\r\n<\/script>\r\n<script type=\"text\/javascript\" src=\"\/\/www.highperformanceformat.com\/c1158f160081d6540a8409e6925dab94\/invoke.js\"><\/script><\/div> <p>Excel&#8217;de, bir \u00e7al\u0131\u015fma sayfas\u0131na ba\u015fl\u0131k eklemek istiyorsan\u0131z bunu yapman\u0131n en iyi yolu, bir h\u00fccreye uygulanacak \u00f6nceden tan\u0131mlanm\u0131\u015f bir ba\u015fl\u0131k stili olan H\u00fccre Stilleri se\u00e7eneklerini kullanmakt\u0131r. Bu derste onu nas\u0131l kullanaca\u011f\u0131m\u0131z\u0131 ve bi\u00e7imlendirmesini nas\u0131l de\u011fi\u015ftirece\u011fimizi \u00f6\u011frenece\u011fiz.<\/p><h2 id=\"h-steps-to-add-a-title-in-a-worksheet\" class=\"wp-block-heading\"> Elektronik Tabloya Ba\u015fl\u0131k Ekleme Ad\u0131mlar\u0131<\/h2><ol type=\"1\"><li> Ba\u015fl\u0131\u011fa d\u00f6n\u00fc\u015ft\u00fcrmek istedi\u011finiz h\u00fccreye bir de\u011fer girin.<\/li><li> Giri\u015f sekmesi &gt; H\u00fccre Stilleri&#8217;ne gidin.<\/li><li> H\u00fccre Stilleri&#8217;nde &#8220;Ba\u015fl\u0131k&#8221; stilinin \u00fczerine gelin.<\/li><li> H\u00fccreye uygulamak i\u00e7in \u00fczerine t\u0131klay\u0131n. <\/li><\/ol><div class=\"wp-block-image\"><figure class=\"aligncenter size-full is-resized\"><img loading=\"lazy\" decoding=\"async\" class=\"wp-image-92236\" src=\"https:\/\/exceladvisor.org\/wp-content\/uploads\/2023\/08\/1-ajouter-un-titre-a-une-feuille-de-calcul.png\" sizes=\"auto, \" srcset=\"\" alt=\"e-tabloya ba\u015fl\u0131k ekleme\" width=\"552\" height=\"395\"><\/figure><\/div><p> Yukar\u0131daki \u00f6rnekte g\u00f6rebilece\u011finiz gibi bu, se\u00e7ilen h\u00fccrenin h\u00fccre stilini ba\u015fl\u0131\u011fa d\u00f6n\u00fc\u015ft\u00fcrecektir.<\/p><h2 id=\"h-modify-the-formatting-of-the-cell\" class=\"wp-block-heading\"> H\u00fccre bi\u00e7imlendirmesini de\u011fi\u015ftirme<\/h2><p> H\u00fccredeki format\u0131 de\u011fi\u015ftirmek yerine ba\u015fl\u0131k stili format\u0131n\u0131 de\u011fi\u015ftirebilirsiniz. Bu se\u00e7eneklerin avantaj\u0131, format\u0131 tekrar tekrar uygulaman\u0131za gerek olmamas\u0131d\u0131r. Giri\u015f &gt; H\u00fccre Stilleri &gt; Ba\u015fl\u0131k&#8217;a gidin ve sa\u011f t\u0131klay\u0131n. <\/p><div class=\"wp-block-image\"><figure class=\"aligncenter size-full is-resized\"><img loading=\"lazy\" decoding=\"async\" class=\"wp-image-92237\" src=\"https:\/\/exceladvisor.org\/wp-content\/uploads\/2023\/08\/2-formatage-de-la-cellule.png\" sizes=\"auto, \" srcset=\"\" alt=\"h\u00fccre bi\u00e7imlendirme\" width=\"493\" height=\"405\"><\/figure><\/div><p> D\u00fczenle&#8217;yi t\u0131klatt\u0131\u011f\u0131n\u0131zda &#8220;Stil&#8221; ileti\u015fim kutusunu g\u00f6r\u00fcrs\u00fcn\u00fcz. <\/p><div class=\"wp-block-image\"><figure class=\"aligncenter size-full is-resized\"><img loading=\"lazy\" decoding=\"async\" class=\"wp-image-92238\" src=\"https:\/\/exceladvisor.org\/wp-content\/uploads\/2023\/08\/boite-de-dialogue-style-image3.png\" sizes=\"auto, \" srcset=\"\" alt=\"diyalog stili\" width=\"320\" height=\"401\"><\/figure><\/div><p> Bu ileti\u015fim kutusundan mizanpaja dahil etmek istedi\u011finiz format\u0131 i\u015faretleyebilir ve i\u015faretini kald\u0131rabilirsiniz. &#8220;Bi\u00e7imlendir&#8221; d\u00fc\u011fmesini t\u0131klad\u0131\u011f\u0131n\u0131zda, bi\u00e7imlendirmeyi de\u011fi\u015ftirebilece\u011finiz bi\u00e7im se\u00e7enekleri ileti\u015fim kutusu g\u00f6r\u00fcnecektir. <\/p><div class=\"gb-container gb-container-3044ba66 gb-container-mt\"><p class=\"gb-headline gb-headline-b5bb6270 gb-headline-text\"> <strong><a href=\"https:\/\/exceladvisor.org\/tr\/excelin-temelleri\/\">Excel Temelleri<\/a><\/strong> \/ <strong><a href=\"https:\/\/exceladvisor.org\/tr\/calisma-kagidi\/\" data-wpil=\"url\">Excel Elektronik Tablosu<\/a><\/strong><\/p><h2 class=\"gb-headline gb-headline-819d540d gb-headline-text gb-headline-mt-heading\"> Daha fazla e\u011fitim <\/h2><div class=\"gb-grid-wrapper gb-grid-wrapper-7f3d805a gb-grid-wrapper-mt-grid\"><div class=\"gb-grid-column gb-grid-column-7495e031\"><div class=\"gb-container gb-container-7495e031\"><ul><li> <a href=\"https:\/\/exceladvisor.org\/tr\/pekistirmek\/\">Birden \u00e7ok e-tablodaki verileri birle\u015ftirin<\/a><\/li><li> <a href=\"https:\/\/exceladvisor.org\/tr\/yeniden-isimlendirmek\/\">Excel&#8217;de sayfay\u0131 yeniden adland\u0131r\u0131n<\/a><\/li><li> <a href=\"https:\/\/exceladvisor.org\/tr\/grup-1\/\">Excel&#8217;de Grup \u00c7al\u0131\u015fma Sayfalar\u0131<\/a><\/li><li> <a href=\"https:\/\/exceladvisor.org\/tr\/yan-yana-gormek\/\">Excel&#8217;de iki sayfay\u0131 yan yana g\u00f6r\u00fcnt\u00fcleme<\/a><\/li><li> <a href=\"https:\/\/exceladvisor.org\/tr\/eklemek\/\">Excel&#8217;e elektronik tablo ekleme<\/a><\/li><\/ul><\/div><\/div><\/div><\/div>","protected":false},"excerpt":{"rendered":"","protected":false},"author":1,"featured_media":0,"parent":0,"menu_order":0,"comment_status":"open","ping_status":"closed","template":"","meta":{"ub_ctt_via":"","footnotes":""},"class_list":["post-1839","page","type-page","status-publish","hentry"],"featured_image_src":null,"yoast_head":"<!-- This site is optimized with the Yoast SEO plugin v25.4 - https:\/\/yoast.com\/wordpress\/plugins\/seo\/ -->\n<title>Excel&#039;de bir e-tabloya ba\u015fl\u0131k nas\u0131l eklenir?<\/title>\n<meta name=\"description\" content=\"Bu e\u011fitim, h\u00fccre stili se\u00e7ene\u011fini kullanarak \u00e7al\u0131\u015fma sayfas\u0131na nas\u0131l ba\u015fl\u0131k ekleyece\u011finizi \u00f6\u011frenmenize yard\u0131mc\u0131 olur.\" \/>\n<meta name=\"robots\" content=\"index, follow, max-snippet:-1, max-image-preview:large, max-video-preview:-1\" \/>\n<link rel=\"canonical\" href=\"https:\/\/exceladvisor.org\/tr\/baslik-ekle\/\" \/>\n<meta property=\"og:locale\" content=\"tr_TR\" \/>\n<meta property=\"og:type\" content=\"article\" \/>\n<meta property=\"og:title\" content=\"Excel&#039;de bir e-tabloya ba\u015fl\u0131k nas\u0131l eklenir?\" \/>\n<meta property=\"og:description\" content=\"Bu e\u011fitim, h\u00fccre stili se\u00e7ene\u011fini kullanarak \u00e7al\u0131\u015fma sayfas\u0131na nas\u0131l ba\u015fl\u0131k ekleyece\u011finizi \u00f6\u011frenmenize yard\u0131mc\u0131 olur.\" \/>\n<meta property=\"og:url\" content=\"https:\/\/exceladvisor.org\/tr\/baslik-ekle\/\" \/>\n<meta property=\"og:site_name\" content=\"Excel Advisor\" \/>\n<meta property=\"article:modified_time\" content=\"2023-12-10T06:00:29+00:00\" \/>\n<meta property=\"og:image\" content=\"https:\/\/exceladvisor.org\/wp-content\/uploads\/2023\/08\/1-ajouter-un-titre-a-une-feuille-de-calcul.png\" \/>\n<meta name=\"twitter:card\" content=\"summary_large_image\" \/>\n<meta name=\"twitter:label1\" content=\"Tahmini okuma s\u00fcresi\" \/>\n\t<meta name=\"twitter:data1\" content=\"1 dakika\" \/>\n<script type=\"application\/ld+json\" class=\"yoast-schema-graph\">{\"@context\":\"https:\/\/schema.org\",\"@graph\":[{\"@type\":\"WebPage\",\"@id\":\"https:\/\/exceladvisor.org\/tr\/baslik-ekle\/\",\"url\":\"https:\/\/exceladvisor.org\/tr\/baslik-ekle\/\",\"name\":\"Excel&#39;de bir e-tabloya ba\u015fl\u0131k nas\u0131l eklenir?\",\"isPartOf\":{\"@id\":\"https:\/\/exceladvisor.org\/tr\/#website\"},\"primaryImageOfPage\":{\"@id\":\"https:\/\/exceladvisor.org\/tr\/baslik-ekle\/#primaryimage\"},\"image\":{\"@id\":\"https:\/\/exceladvisor.org\/tr\/baslik-ekle\/#primaryimage\"},\"thumbnailUrl\":\"https:\/\/exceladvisor.org\/wp-content\/uploads\/2023\/08\/1-ajouter-un-titre-a-une-feuille-de-calcul.png\",\"datePublished\":\"2023-10-31T20:56:18+00:00\",\"dateModified\":\"2023-12-10T06:00:29+00:00\",\"description\":\"Bu e\u011fitim, h\u00fccre stili se\u00e7ene\u011fini kullanarak \u00e7al\u0131\u015fma sayfas\u0131na nas\u0131l ba\u015fl\u0131k ekleyece\u011finizi \u00f6\u011frenmenize yard\u0131mc\u0131 olur.\",\"breadcrumb\":{\"@id\":\"https:\/\/exceladvisor.org\/tr\/baslik-ekle\/#breadcrumb\"},\"inLanguage\":\"tr\",\"potentialAction\":[{\"@type\":\"ReadAction\",\"target\":[\"https:\/\/exceladvisor.org\/tr\/baslik-ekle\/\"]}]},{\"@type\":\"ImageObject\",\"inLanguage\":\"tr\",\"@id\":\"https:\/\/exceladvisor.org\/tr\/baslik-ekle\/#primaryimage\",\"url\":\"https:\/\/exceladvisor.org\/wp-content\/uploads\/2023\/08\/1-ajouter-un-titre-a-une-feuille-de-calcul.png\",\"contentUrl\":\"https:\/\/exceladvisor.org\/wp-content\/uploads\/2023\/08\/1-ajouter-un-titre-a-une-feuille-de-calcul.png\"},{\"@type\":\"BreadcrumbList\",\"@id\":\"https:\/\/exceladvisor.org\/tr\/baslik-ekle\/#breadcrumb\",\"itemListElement\":[{\"@type\":\"ListItem\",\"position\":1,\"name\":\"Ev\",\"item\":\"https:\/\/exceladvisor.org\/tr\/\"},{\"@type\":\"ListItem\",\"position\":2,\"name\":\"Excel&#39;de bir e-tabloya ba\u015fl\u0131k nas\u0131l eklenir?\"}]},{\"@type\":\"WebSite\",\"@id\":\"https:\/\/exceladvisor.org\/tr\/#website\",\"url\":\"https:\/\/exceladvisor.org\/tr\/\",\"name\":\"Excel Advisor\",\"description\":\"Veri hakimiyetine y\u00f6nelik nihai rehberiniz!\",\"publisher\":{\"@id\":\"https:\/\/exceladvisor.org\/tr\/#organization\"},\"potentialAction\":[{\"@type\":\"SearchAction\",\"target\":{\"@type\":\"EntryPoint\",\"urlTemplate\":\"https:\/\/exceladvisor.org\/tr\/?s={search_term_string}\"},\"query-input\":{\"@type\":\"PropertyValueSpecification\",\"valueRequired\":true,\"valueName\":\"search_term_string\"}}],\"inLanguage\":\"tr\"},{\"@type\":\"Organization\",\"@id\":\"https:\/\/exceladvisor.org\/tr\/#organization\",\"name\":\"Excel Advisor\",\"url\":\"https:\/\/exceladvisor.org\/tr\/\",\"logo\":{\"@type\":\"ImageObject\",\"inLanguage\":\"tr\",\"@id\":\"https:\/\/exceladvisor.org\/tr\/#\/schema\/logo\/image\/\",\"url\":\"https:\/\/exceladvisor.org\/tr\/wp-content\/uploads\/2023\/12\/exceladvisor.org_.png\",\"contentUrl\":\"https:\/\/exceladvisor.org\/tr\/wp-content\/uploads\/2023\/12\/exceladvisor.org_.png\",\"width\":105,\"height\":36,\"caption\":\"Excel Advisor\"},\"image\":{\"@id\":\"https:\/\/exceladvisor.org\/tr\/#\/schema\/logo\/image\/\"}}]}<\/script>\n<!-- \/ Yoast SEO plugin. -->","yoast_head_json":{"title":"Excel&#39;de bir e-tabloya ba\u015fl\u0131k nas\u0131l eklenir?","description":"Bu e\u011fitim, h\u00fccre stili se\u00e7ene\u011fini kullanarak \u00e7al\u0131\u015fma sayfas\u0131na nas\u0131l ba\u015fl\u0131k ekleyece\u011finizi \u00f6\u011frenmenize yard\u0131mc\u0131 olur.","robots":{"index":"index","follow":"follow","max-snippet":"max-snippet:-1","max-image-preview":"max-image-preview:large","max-video-preview":"max-video-preview:-1"},"canonical":"https:\/\/exceladvisor.org\/tr\/baslik-ekle\/","og_locale":"tr_TR","og_type":"article","og_title":"Excel&#39;de bir e-tabloya ba\u015fl\u0131k nas\u0131l eklenir?","og_description":"Bu e\u011fitim, h\u00fccre stili se\u00e7ene\u011fini kullanarak \u00e7al\u0131\u015fma sayfas\u0131na nas\u0131l ba\u015fl\u0131k ekleyece\u011finizi \u00f6\u011frenmenize yard\u0131mc\u0131 olur.","og_url":"https:\/\/exceladvisor.org\/tr\/baslik-ekle\/","og_site_name":"Excel Advisor","article_modified_time":"2023-12-10T06:00:29+00:00","og_image":[{"url":"https:\/\/exceladvisor.org\/wp-content\/uploads\/2023\/08\/1-ajouter-un-titre-a-une-feuille-de-calcul.png","type":"","width":"","height":""}],"twitter_card":"summary_large_image","twitter_misc":{"Tahmini okuma s\u00fcresi":"1 dakika"},"schema":{"@context":"https:\/\/schema.org","@graph":[{"@type":"WebPage","@id":"https:\/\/exceladvisor.org\/tr\/baslik-ekle\/","url":"https:\/\/exceladvisor.org\/tr\/baslik-ekle\/","name":"Excel&#39;de bir e-tabloya ba\u015fl\u0131k nas\u0131l eklenir?","isPartOf":{"@id":"https:\/\/exceladvisor.org\/tr\/#website"},"primaryImageOfPage":{"@id":"https:\/\/exceladvisor.org\/tr\/baslik-ekle\/#primaryimage"},"image":{"@id":"https:\/\/exceladvisor.org\/tr\/baslik-ekle\/#primaryimage"},"thumbnailUrl":"https:\/\/exceladvisor.org\/wp-content\/uploads\/2023\/08\/1-ajouter-un-titre-a-une-feuille-de-calcul.png","datePublished":"2023-10-31T20:56:18+00:00","dateModified":"2023-12-10T06:00:29+00:00","description":"Bu e\u011fitim, h\u00fccre stili se\u00e7ene\u011fini kullanarak \u00e7al\u0131\u015fma sayfas\u0131na nas\u0131l ba\u015fl\u0131k ekleyece\u011finizi \u00f6\u011frenmenize yard\u0131mc\u0131 olur.","breadcrumb":{"@id":"https:\/\/exceladvisor.org\/tr\/baslik-ekle\/#breadcrumb"},"inLanguage":"tr","potentialAction":[{"@type":"ReadAction","target":["https:\/\/exceladvisor.org\/tr\/baslik-ekle\/"]}]},{"@type":"ImageObject","inLanguage":"tr","@id":"https:\/\/exceladvisor.org\/tr\/baslik-ekle\/#primaryimage","url":"https:\/\/exceladvisor.org\/wp-content\/uploads\/2023\/08\/1-ajouter-un-titre-a-une-feuille-de-calcul.png","contentUrl":"https:\/\/exceladvisor.org\/wp-content\/uploads\/2023\/08\/1-ajouter-un-titre-a-une-feuille-de-calcul.png"},{"@type":"BreadcrumbList","@id":"https:\/\/exceladvisor.org\/tr\/baslik-ekle\/#breadcrumb","itemListElement":[{"@type":"ListItem","position":1,"name":"Ev","item":"https:\/\/exceladvisor.org\/tr\/"},{"@type":"ListItem","position":2,"name":"Excel&#39;de bir e-tabloya ba\u015fl\u0131k nas\u0131l eklenir?"}]},{"@type":"WebSite","@id":"https:\/\/exceladvisor.org\/tr\/#website","url":"https:\/\/exceladvisor.org\/tr\/","name":"Excel Advisor","description":"Veri hakimiyetine y\u00f6nelik nihai rehberiniz!","publisher":{"@id":"https:\/\/exceladvisor.org\/tr\/#organization"},"potentialAction":[{"@type":"SearchAction","target":{"@type":"EntryPoint","urlTemplate":"https:\/\/exceladvisor.org\/tr\/?s={search_term_string}"},"query-input":{"@type":"PropertyValueSpecification","valueRequired":true,"valueName":"search_term_string"}}],"inLanguage":"tr"},{"@type":"Organization","@id":"https:\/\/exceladvisor.org\/tr\/#organization","name":"Excel Advisor","url":"https:\/\/exceladvisor.org\/tr\/","logo":{"@type":"ImageObject","inLanguage":"tr","@id":"https:\/\/exceladvisor.org\/tr\/#\/schema\/logo\/image\/","url":"https:\/\/exceladvisor.org\/tr\/wp-content\/uploads\/2023\/12\/exceladvisor.org_.png","contentUrl":"https:\/\/exceladvisor.org\/tr\/wp-content\/uploads\/2023\/12\/exceladvisor.org_.png","width":105,"height":36,"caption":"Excel Advisor"},"image":{"@id":"https:\/\/exceladvisor.org\/tr\/#\/schema\/logo\/image\/"}}]}},"yoast_meta":{"yoast_wpseo_title":"","yoast_wpseo_metadesc":"","yoast_wpseo_canonical":""},"_links":{"self":[{"href":"https:\/\/exceladvisor.org\/tr\/wp-json\/wp\/v2\/pages\/1839","targetHints":{"allow":["GET"]}}],"collection":[{"href":"https:\/\/exceladvisor.org\/tr\/wp-json\/wp\/v2\/pages"}],"about":[{"href":"https:\/\/exceladvisor.org\/tr\/wp-json\/wp\/v2\/types\/page"}],"author":[{"embeddable":true,"href":"https:\/\/exceladvisor.org\/tr\/wp-json\/wp\/v2\/users\/1"}],"replies":[{"embeddable":true,"href":"https:\/\/exceladvisor.org\/tr\/wp-json\/wp\/v2\/comments?post=1839"}],"version-history":[{"count":1,"href":"https:\/\/exceladvisor.org\/tr\/wp-json\/wp\/v2\/pages\/1839\/revisions"}],"predecessor-version":[{"id":2411,"href":"https:\/\/exceladvisor.org\/tr\/wp-json\/wp\/v2\/pages\/1839\/revisions\/2411"}],"wp:attachment":[{"href":"https:\/\/exceladvisor.org\/tr\/wp-json\/wp\/v2\/media?parent=1839"}],"curies":[{"name":"wp","href":"https:\/\/api.w.org\/{rel}","templated":true}]}}