{"id":1840,"date":"2023-10-31T20:37:21","date_gmt":"2023-10-31T20:37:21","guid":{"rendered":"https:\/\/exceladvisor.org\/tr\/yazdirmadan-once-onizleme\/"},"modified":"2023-12-10T06:00:18","modified_gmt":"2023-12-10T06:00:18","slug":"yazdirmadan-once-onizleme","status":"publish","type":"page","link":"https:\/\/exceladvisor.org\/tr\/yazdirmadan-once-onizleme\/","title":{"rendered":"Excel&#39;de bask\u0131 \u00f6nizlemesi nas\u0131l edinilir?"},"content":{"rendered":"<div class=\"excel-icerikten-once\" id=\"excel-2341039848\"><script type=\"text\/javascript\">\r\n\tatOptions = {\r\n\t\t'key' : 'c1158f160081d6540a8409e6925dab94',\r\n\t\t'format' : 'iframe',\r\n\t\t'height' : 250,\r\n\t\t'width' : 300,\r\n\t\t'params' : {}\r\n\t};\r\n<\/script>\r\n<script type=\"text\/javascript\" src=\"\/\/www.highperformanceformat.com\/c1158f160081d6540a8409e6925dab94\/invoke.js\"><\/script><\/div> <p>Bask\u0131 \u00f6nizleme se\u00e7ene\u011fi Excel 2010&#8217;da mevcuttur ve art\u0131k Yazd\u0131r olarak adland\u0131r\u0131lmaktad\u0131r. \u00c7\u0131kt\u0131y\u0131 almak i\u00e7in Control + P klavye k\u0131sayolunu kullanman\u0131z gerekir.<\/p><p> Ge\u00e7erli sayfan\u0131n \u00f6nizlemesini g\u00f6rmenizi sa\u011flar ve yazd\u0131rmadan \u00f6nce de\u011fi\u015fiklik yapabilirsiniz. <\/p><div class=\"wp-block-image\"><figure class=\"aligncenter size-full is-resized\"><img loading=\"lazy\" decoding=\"async\" class=\"wp-image-82070\" src=\"https:\/\/exceladvisor.org\/wp-content\/uploads\/2023\/08\/1-page-dapercu-avant-impression.png\" sizes=\"auto, \" srcset=\"\" alt=\"\u00f6nizleme sayfas\u0131n\u0131 yazd\u0131r\" width=\"719\" height=\"478\"><\/figure><\/div><p> Bu dersimizde Excel&#8217;de bask\u0131 \u00f6nizleme \u00f6zelli\u011finin kullan\u0131m\u0131n\u0131, ayarlar\u0131n\u0131 ve se\u00e7eneklerini \u00f6\u011frenece\u011fiz.<\/p><h2 class=\"wp-block-heading\"> Bask\u0131 \u00d6nizlemesini G\u00f6r\u00fcnt\u00fcleme Ad\u0131mlar\u0131<\/h2><h3 class=\"wp-block-heading\"> <strong>Dosya sekmesinden<\/strong><\/h3><ul><li> \u00d6ncelikle yazd\u0131rmak istedi\u011finiz t\u00fcm verileri se\u00e7meniz gerekir. <\/li><\/ul><div class=\"wp-block-image\"><figure class=\"aligncenter size-full is-resized\"><img loading=\"lazy\" decoding=\"async\" class=\"wp-image-82071\" src=\"https:\/\/exceladvisor.org\/wp-content\/uploads\/2023\/08\/2-selectionner-les-donnees-a-imprimer.png\" sizes=\"auto, \" srcset=\"\" alt=\"yazd\u0131r\u0131lacak verileri se\u00e7in\" width=\"691\" height=\"311\"><\/figure><\/div><ul><li> Bundan sonra Dosya sekmesine t\u0131klay\u0131n ve se\u00e7enekler listesinden Yazd\u0131r se\u00e7ene\u011fini se\u00e7in. <\/li><\/ul><div class=\"wp-block-image\"><figure class=\"aligncenter size-full is-resized\"><img loading=\"lazy\" decoding=\"async\" class=\"wp-image-82072\" src=\"https:\/\/exceladvisor.org\/wp-content\/uploads\/2023\/08\/3-cliquez-sur-longlet-fichier-et-selectionnez-imprimer.png\" sizes=\"auto, \" srcset=\"\" alt=\"dosya sekmesine t\u0131klay\u0131n ve yazd\u0131r\u0131n\" width=\"543\" height=\"466\"><\/figure><\/div><h3 class=\"wp-block-heading\"> <strong>Klavye k\u0131sayolu kullanma<\/strong><\/h3><p> CTRL + P klavye k\u0131sayol tu\u015flar\u0131na basarak da verileri yazd\u0131rabilirsiniz. Bu tu\u015flara bast\u0131\u011f\u0131n\u0131zda do\u011frudan bask\u0131 \u00f6nizleme sayfas\u0131 a\u00e7\u0131lacakt\u0131r.<\/p><h2 class=\"wp-block-heading\"> Sayfa Ayarlar\u0131<\/h2><ul><li> Yazd\u0131r butonu: Sayfan\u0131n sol \u00fcst k\u0131sm\u0131nda bulunur. Ve t\u0131klad\u0131\u011f\u0131n\u0131zda sa\u011f tarafta g\u00f6r\u00fcnt\u00fcledi\u011finiz sayfay\u0131 yazd\u0131racakt\u0131r. <\/li><\/ul><div class=\"wp-block-image\"><figure class=\"aligncenter size-full is-resized\"><img loading=\"lazy\" decoding=\"async\" class=\"wp-image-82073\" src=\"https:\/\/exceladvisor.org\/wp-content\/uploads\/2023\/08\/4-bouton-dimpression.png\" sizes=\"auto, \" srcset=\"\" alt=\"yazd\u0131r d\u00fc\u011fmesi\" width=\"364\" height=\"325\"><\/figure><\/div><ul><li> Kopya Say\u0131s\u0131: Burada yazd\u0131rmak istedi\u011finiz kopya say\u0131s\u0131n\u0131 belirleyebilirsiniz. <\/li><\/ul><div class=\"wp-block-image\"><figure class=\"aligncenter size-full is-resized\"><img loading=\"lazy\" decoding=\"async\" class=\"wp-image-82074\" src=\"https:\/\/exceladvisor.org\/wp-content\/uploads\/2023\/08\/5-ajouter-le-nombre-dexemplaires.png\" sizes=\"auto, \" srcset=\"\" alt=\"kopya say\u0131s\u0131 eklendi\" width=\"349\" height=\"312\"><\/figure><\/div><ul><li> Yaz\u0131c\u0131: Yaz\u0131c\u0131y\u0131 se\u00e7in ve sayfay\u0131 yazd\u0131rma komutunu verin. Yaz\u0131c\u0131 listede yoksa \u00f6nce onu ekleyin. <\/li><\/ul><div class=\"wp-block-image\"><figure class=\"aligncenter size-full is-resized\"><img loading=\"lazy\" decoding=\"async\" class=\"wp-image-82114\" src=\"https:\/\/exceladvisor.org\/wp-content\/uploads\/2023\/08\/12-selectionner-limprimante.png\" sizes=\"auto, \" srcset=\"\" alt=\"\" width=\"351\" height=\"559\"><\/figure><\/div><ul><li> Yazd\u0131rma aral\u0131\u011f\u0131 a\u00e7\u0131l\u0131r listesi<\/li><\/ul><p> Etkin Sayfa: Etkin bir sayfay\u0131 yazd\u0131rmak i\u00e7in, Yazd\u0131rma Aral\u0131\u011f\u0131 a\u00e7\u0131l\u0131r listesinden yazd\u0131r\u0131lacak etkin sayfalar\u0131 se\u00e7in ve ard\u0131ndan Yazd\u0131r&#8217;a t\u0131klay\u0131n. <\/p><div class=\"wp-block-image\"><figure class=\"aligncenter size-full is-resized\"><img loading=\"lazy\" decoding=\"async\" class=\"wp-image-82075\" src=\"https:\/\/exceladvisor.org\/wp-content\/uploads\/2023\/08\/6-selectionnez-imprimer-la-feuille-active.png\" sizes=\"auto, \" srcset=\"\" alt=\"se\u00e7-yazd\u0131r-aktif-sayfa\" width=\"328\" height=\"331\"><\/figure><\/div><p> T\u00fcm \u00c7al\u0131\u015fma Kitab\u0131n\u0131 Yazd\u0131r: Tek bir \u00e7al\u0131\u015fma kitab\u0131ndan birden fazla \u00e7al\u0131\u015fma sayfas\u0131 yazd\u0131rabilirsiniz. Bunun i\u00e7in de a\u015fa\u011f\u0131da g\u00f6rd\u00fc\u011f\u00fcn\u00fcz gibi yazd\u0131rma \u00e7al\u0131\u015fma kitab\u0131n\u0131n tamam\u0131n\u0131 se\u00e7meniz gerekiyor. <\/p><div class=\"wp-block-image\"><figure class=\"aligncenter size-full is-resized\"><img loading=\"lazy\" decoding=\"async\" class=\"wp-image-82077\" src=\"https:\/\/exceladvisor.org\/wp-content\/uploads\/2023\/08\/7-clic-lors-de-limpression-du-classeur-entier.png\" sizes=\"auto, \" srcset=\"\" alt=\"\u00e7al\u0131\u015fma kitab\u0131n\u0131n tamam\u0131n\u0131 yazd\u0131r\u0131rken t\u0131kla\" width=\"335\" height=\"332\"><\/figure><\/div><p> Se\u00e7imi Yazd\u0131r: Bu se\u00e7enek \u00f6zellikle bir sayfan\u0131n tamam\u0131 yerine belirli bir h\u00fccre aral\u0131\u011f\u0131n\u0131 yazd\u0131rmak istedi\u011finizde kullan\u0131l\u0131r. Bask\u0131 se\u00e7imi i\u00e7in \u00f6ncelikle h\u00fccreleri se\u00e7meniz ve ard\u0131ndan a\u00e7\u0131l\u0131r listeden se\u00e7imi yazd\u0131r se\u00e7ene\u011fine t\u0131klaman\u0131z gerekir. <\/p><div class=\"wp-block-image\"><figure class=\"aligncenter size-full is-resized\"><img loading=\"lazy\" decoding=\"async\" class=\"wp-image-82081\" src=\"https:\/\/exceladvisor.org\/wp-content\/uploads\/2023\/08\/8-selectionnez-la-zone-a-imprimer.png\" sizes=\"auto, \" srcset=\"\" alt=\"yazd\u0131r\u0131lacak alan\u0131 se\u00e7in\" width=\"342\" height=\"338\"><\/figure><\/div><ul><li> Y\u00f6nlendirme sayfas\u0131<\/li><\/ul><p> Dikey Y\u00f6nlendirme: \u00c7al\u0131\u015fma sayfas\u0131nda daha fazla sat\u0131r i\u00e7eren verileriniz varsa, dikey y\u00f6nlendirmeyi se\u00e7in; bu, t\u00fcm sat\u0131rlar\u0131 tek bir sayfaya s\u0131\u011fd\u0131rman\u0131za yard\u0131mc\u0131 olacakt\u0131r. <\/p><div class=\"wp-block-image\"><figure class=\"aligncenter size-full is-resized\"><img loading=\"lazy\" decoding=\"async\" class=\"wp-image-82082\" src=\"https:\/\/exceladvisor.org\/wp-content\/uploads\/2023\/08\/9-page-dorientation-portrait.png\" sizes=\"auto, \" srcset=\"\" alt=\"dikey sayfa y\u00f6nlendirmesi\" width=\"800\" height=\"444\"><\/figure><\/div><p> Yatay y\u00f6nlendirme: T\u0131pk\u0131 di\u011fer sat\u0131rlar gibi yatay y\u00f6nlendirme de \u00e7ok say\u0131da s\u00fctunu tek bir sayfaya s\u0131\u011fd\u0131rman\u0131za yard\u0131mc\u0131 olacakt\u0131r. <\/p><div class=\"wp-block-image\"><figure class=\"aligncenter size-full is-resized\"><img loading=\"lazy\" decoding=\"async\" class=\"wp-image-82085\" src=\"https:\/\/exceladvisor.org\/wp-content\/uploads\/2023\/08\/10-selectionner-lorientation-paysage-pour-sadapter-aux-colonnes.png\" sizes=\"auto, \" srcset=\"\" alt=\"s\u00fctunlara s\u0131\u011facak \u015fekilde peyzaj y\u00f6n\u00fcn\u00fc se\u00e7in\" width=\"314\" height=\"200\"><\/figure><\/div><ul><li> Ka\u011f\u0131t Boyutu: Sayfa y\u00f6n\u00fcn\u00fc se\u00e7tikten sonra yap\u0131lacak sonraki \u015fey ka\u011f\u0131t boyutunu se\u00e7mektir. Santimetre cinsinden olup harf, A4, yasal sayfa, zarf vb. farkl\u0131 \u015fekillerdedir. <\/li><\/ul><div class=\"wp-block-image\"><figure class=\"aligncenter size-full is-resized\"><img loading=\"lazy\" decoding=\"async\" class=\"wp-image-82086\" src=\"https:\/\/exceladvisor.org\/wp-content\/uploads\/2023\/08\/11-selectionner-le-format-de-papier.png\" sizes=\"auto, \" srcset=\"\" alt=\"ka\u011f\u0131t boyutunu se\u00e7in\" width=\"336\" height=\"725\"><\/figure><\/div><ul><li> Kenar Bo\u015fluklar\u0131: Sayfa kenar bo\u015fluklar\u0131n\u0131 ve \u00fcst, alt, sol, sa\u011f, \u00fcstbilgi ve altbilgi verilerini ayarlamak faydal\u0131d\u0131r. Normal, geni\u015f ve dar olmak \u00fczere \u00fc\u00e7 kategoriye ayr\u0131lm\u0131\u015ft\u0131r ve siz de ihtiya\u00e7lar\u0131n\u0131za g\u00f6re \u00f6zelle\u015ftirebilirsiniz. <\/li><\/ul><div class=\"wp-block-image\"><figure class=\"aligncenter size-full is-resized\"><img loading=\"lazy\" decoding=\"async\" class=\"wp-image-82087\" src=\"https:\/\/exceladvisor.org\/wp-content\/uploads\/2023\/08\/12-marges-de-la-page.png\" sizes=\"auto, \" srcset=\"\" alt=\"sayfa kenar bo\u015fluklar\u0131\" width=\"365\" height=\"410\"><\/figure><\/div><ul><li> \u00d6l\u00e7ekleme: Bu \u00f6zellik, yazd\u0131rma s\u0131ras\u0131nda yaz\u0131c\u0131 taraf\u0131ndan kesilmemesi i\u00e7in verilerinizi sayfaya s\u0131\u011fd\u0131rmak amac\u0131yla belirli ayarlamalar yapmak i\u00e7in kullan\u0131l\u0131r. \u00d6l\u00e7eklendirme a\u00e7\u0131l\u0131r listesinde istedi\u011finiz se\u00e7ene\u011fi belirleyebilirsiniz.<\/li><\/ul><p> A\u015fa\u011f\u0131daki \u00f6rnekte t\u00fcm verileri tek sayfaya s\u0131\u011fd\u0131rmak i\u00e7in Sayfay\u0131 Tek Sayfaya S\u0131\u011fd\u0131r se\u00e7ene\u011fini se\u00e7tik. Ancak bunda verileriniz azald\u0131 ve okunmas\u0131 \u00e7ok zorla\u015ft\u0131. <\/p><figure class=\"wp-block-image size-full is-resized\"><img loading=\"lazy\" decoding=\"async\" class=\"wp-image-82088\" src=\"https:\/\/exceladvisor.org\/wp-content\/uploads\/2023\/08\/13-mise-a-lechelle-pour-sadapter-a-la-feuille-sur-une-page.png\" sizes=\"auto, \" srcset=\"\" alt=\"sayfaya s\u0131\u011fd\u0131rma sayfas\u0131n\u0131 \u00f6l\u00e7eklendirme\" width=\"866\" height=\"468\"><\/figure><div class=\"gb-container gb-container-4db6181c gb-container-mt\"> <a class=\"gb-button gb-button-c5897111 gb-button-text gb-button-mt-button\" href=\"https:\/\/exceladvisor.org\/tr\/excelin-temelleri\/\">Microsoft Excel Temelleri (Bile\u015fenler, Par\u00e7alar ve Bilgi Notlar\u0131)<\/a><h2 class=\"gb-headline gb-headline-665e5f6b gb-headline-text gb-headline-mt-heading\"> \u0130lgili e\u011fitimler <\/h2><div class=\"gb-grid-wrapper gb-grid-wrapper-a20baf7c gb-grid-wrapper-mt-grid\"><div class=\"gb-grid-column gb-grid-column-65ddf67e\"><div class=\"gb-container gb-container-65ddf67e\"><ul><li> <a href=\"https:\/\/exceladvisor.org\/tr\/basliklari-yazdir\/\">Excel&#8217;de Yazd\u0131rma Ba\u015fl\u0131klar\u0131n\u0131 Uygula (sat\u0131r 1&#8217;i her sayfaya yazd\u0131racak \u015fekilde ayarlay\u0131n)<\/a><\/li><li> <a href=\"https:\/\/exceladvisor.org\/tr\/grafik-kagidi\/\">Excel&#8217;de bir grafik ka\u011f\u0131d\u0131 yazd\u0131rma (kare \u0131zgara \u015fablonu)<\/a><\/li><li> <a href=\"https:\/\/exceladvisor.org\/tr\/sayfa-sonunu-kaldir\/\">Excel&#8217;de sayfa sonunu kald\u0131r<\/a><\/li><li> <a href=\"https:\/\/exceladvisor.org\/tr\/yazdirma-alanini-ayarla\/\">Excel&#8217;de Yazd\u0131rma Alan\u0131n\u0131 Ayarlama<\/a><\/li><li> <a href=\"https:\/\/exceladvisor.org\/tr\/calisma-sayfasini-yatay-olarak-ortalayin\/\">Excel&#8217;de \u00e7al\u0131\u015fma sayfas\u0131n\u0131 yatay ve dikey olarak ortalama<\/a> <\/li><\/ul><\/div><\/div><div class=\"gb-grid-column gb-grid-column-50067b57\"><div class=\"gb-container gb-container-50067b57\"><\/div><\/div><\/div><\/div>","protected":false},"excerpt":{"rendered":"","protected":false},"author":1,"featured_media":0,"parent":0,"menu_order":0,"comment_status":"open","ping_status":"closed","template":"","meta":{"ub_ctt_via":"","footnotes":""},"class_list":["post-1840","page","type-page","status-publish","hentry"],"featured_image_src":null,"yoast_head":"<!-- This site is optimized with the Yoast SEO plugin v25.4 - https:\/\/yoast.com\/wordpress\/plugins\/seo\/ -->\n<title>\u25b7 Excel&#039;de bask\u0131 \u00f6nizlemesi nas\u0131l al\u0131n\u0131r?<\/title>\n<meta name=\"description\" content=\"Bu dersimizde Excel&#039;de bask\u0131 \u00f6nizleme \u00f6zelli\u011finin kullan\u0131m\u0131n\u0131, ayarlar\u0131n\u0131 ve se\u00e7eneklerini \u00f6\u011frenece\u011fiz.\" \/>\n<meta name=\"robots\" content=\"index, follow, max-snippet:-1, max-image-preview:large, max-video-preview:-1\" \/>\n<link rel=\"canonical\" href=\"https:\/\/exceladvisor.org\/tr\/yazdirmadan-once-onizleme\/\" \/>\n<meta property=\"og:locale\" content=\"tr_TR\" \/>\n<meta property=\"og:type\" content=\"article\" \/>\n<meta property=\"og:title\" content=\"\u25b7 Excel&#039;de bask\u0131 \u00f6nizlemesi nas\u0131l al\u0131n\u0131r?\" \/>\n<meta property=\"og:description\" content=\"Bu dersimizde Excel&#039;de bask\u0131 \u00f6nizleme \u00f6zelli\u011finin kullan\u0131m\u0131n\u0131, ayarlar\u0131n\u0131 ve se\u00e7eneklerini \u00f6\u011frenece\u011fiz.\" \/>\n<meta property=\"og:url\" content=\"https:\/\/exceladvisor.org\/tr\/yazdirmadan-once-onizleme\/\" \/>\n<meta property=\"og:site_name\" content=\"Excel Advisor\" \/>\n<meta property=\"article:modified_time\" content=\"2023-12-10T06:00:18+00:00\" \/>\n<meta property=\"og:image\" content=\"https:\/\/exceladvisor.org\/wp-content\/uploads\/2023\/08\/1-page-dapercu-avant-impression.png\" \/>\n<meta name=\"twitter:card\" content=\"summary_large_image\" \/>\n<meta name=\"twitter:label1\" content=\"Tahmini okuma s\u00fcresi\" \/>\n\t<meta name=\"twitter:data1\" content=\"3 dakika\" \/>\n<script type=\"application\/ld+json\" class=\"yoast-schema-graph\">{\"@context\":\"https:\/\/schema.org\",\"@graph\":[{\"@type\":\"WebPage\",\"@id\":\"https:\/\/exceladvisor.org\/tr\/yazdirmadan-once-onizleme\/\",\"url\":\"https:\/\/exceladvisor.org\/tr\/yazdirmadan-once-onizleme\/\",\"name\":\"\u25b7 Excel&#39;de bask\u0131 \u00f6nizlemesi nas\u0131l al\u0131n\u0131r?\",\"isPartOf\":{\"@id\":\"https:\/\/exceladvisor.org\/tr\/#website\"},\"primaryImageOfPage\":{\"@id\":\"https:\/\/exceladvisor.org\/tr\/yazdirmadan-once-onizleme\/#primaryimage\"},\"image\":{\"@id\":\"https:\/\/exceladvisor.org\/tr\/yazdirmadan-once-onizleme\/#primaryimage\"},\"thumbnailUrl\":\"https:\/\/exceladvisor.org\/wp-content\/uploads\/2023\/08\/1-page-dapercu-avant-impression.png\",\"datePublished\":\"2023-10-31T20:37:21+00:00\",\"dateModified\":\"2023-12-10T06:00:18+00:00\",\"description\":\"Bu dersimizde Excel&#39;de bask\u0131 \u00f6nizleme \u00f6zelli\u011finin kullan\u0131m\u0131n\u0131, ayarlar\u0131n\u0131 ve se\u00e7eneklerini \u00f6\u011frenece\u011fiz.\",\"breadcrumb\":{\"@id\":\"https:\/\/exceladvisor.org\/tr\/yazdirmadan-once-onizleme\/#breadcrumb\"},\"inLanguage\":\"tr\",\"potentialAction\":[{\"@type\":\"ReadAction\",\"target\":[\"https:\/\/exceladvisor.org\/tr\/yazdirmadan-once-onizleme\/\"]}]},{\"@type\":\"ImageObject\",\"inLanguage\":\"tr\",\"@id\":\"https:\/\/exceladvisor.org\/tr\/yazdirmadan-once-onizleme\/#primaryimage\",\"url\":\"https:\/\/exceladvisor.org\/wp-content\/uploads\/2023\/08\/1-page-dapercu-avant-impression.png\",\"contentUrl\":\"https:\/\/exceladvisor.org\/wp-content\/uploads\/2023\/08\/1-page-dapercu-avant-impression.png\"},{\"@type\":\"BreadcrumbList\",\"@id\":\"https:\/\/exceladvisor.org\/tr\/yazdirmadan-once-onizleme\/#breadcrumb\",\"itemListElement\":[{\"@type\":\"ListItem\",\"position\":1,\"name\":\"Ev\",\"item\":\"https:\/\/exceladvisor.org\/tr\/\"},{\"@type\":\"ListItem\",\"position\":2,\"name\":\"Excel&#39;de bask\u0131 \u00f6nizlemesi nas\u0131l edinilir?\"}]},{\"@type\":\"WebSite\",\"@id\":\"https:\/\/exceladvisor.org\/tr\/#website\",\"url\":\"https:\/\/exceladvisor.org\/tr\/\",\"name\":\"Excel Advisor\",\"description\":\"Veri hakimiyetine y\u00f6nelik nihai rehberiniz!\",\"publisher\":{\"@id\":\"https:\/\/exceladvisor.org\/tr\/#organization\"},\"potentialAction\":[{\"@type\":\"SearchAction\",\"target\":{\"@type\":\"EntryPoint\",\"urlTemplate\":\"https:\/\/exceladvisor.org\/tr\/?s={search_term_string}\"},\"query-input\":{\"@type\":\"PropertyValueSpecification\",\"valueRequired\":true,\"valueName\":\"search_term_string\"}}],\"inLanguage\":\"tr\"},{\"@type\":\"Organization\",\"@id\":\"https:\/\/exceladvisor.org\/tr\/#organization\",\"name\":\"Excel Advisor\",\"url\":\"https:\/\/exceladvisor.org\/tr\/\",\"logo\":{\"@type\":\"ImageObject\",\"inLanguage\":\"tr\",\"@id\":\"https:\/\/exceladvisor.org\/tr\/#\/schema\/logo\/image\/\",\"url\":\"https:\/\/exceladvisor.org\/tr\/wp-content\/uploads\/2023\/12\/exceladvisor.org_.png\",\"contentUrl\":\"https:\/\/exceladvisor.org\/tr\/wp-content\/uploads\/2023\/12\/exceladvisor.org_.png\",\"width\":105,\"height\":36,\"caption\":\"Excel Advisor\"},\"image\":{\"@id\":\"https:\/\/exceladvisor.org\/tr\/#\/schema\/logo\/image\/\"}}]}<\/script>\n<!-- \/ Yoast SEO plugin. -->","yoast_head_json":{"title":"\u25b7 Excel&#39;de bask\u0131 \u00f6nizlemesi nas\u0131l al\u0131n\u0131r?","description":"Bu dersimizde Excel&#39;de bask\u0131 \u00f6nizleme \u00f6zelli\u011finin kullan\u0131m\u0131n\u0131, ayarlar\u0131n\u0131 ve se\u00e7eneklerini \u00f6\u011frenece\u011fiz.","robots":{"index":"index","follow":"follow","max-snippet":"max-snippet:-1","max-image-preview":"max-image-preview:large","max-video-preview":"max-video-preview:-1"},"canonical":"https:\/\/exceladvisor.org\/tr\/yazdirmadan-once-onizleme\/","og_locale":"tr_TR","og_type":"article","og_title":"\u25b7 Excel&#39;de bask\u0131 \u00f6nizlemesi nas\u0131l al\u0131n\u0131r?","og_description":"Bu dersimizde Excel&#39;de bask\u0131 \u00f6nizleme \u00f6zelli\u011finin kullan\u0131m\u0131n\u0131, ayarlar\u0131n\u0131 ve se\u00e7eneklerini \u00f6\u011frenece\u011fiz.","og_url":"https:\/\/exceladvisor.org\/tr\/yazdirmadan-once-onizleme\/","og_site_name":"Excel Advisor","article_modified_time":"2023-12-10T06:00:18+00:00","og_image":[{"url":"https:\/\/exceladvisor.org\/wp-content\/uploads\/2023\/08\/1-page-dapercu-avant-impression.png","type":"","width":"","height":""}],"twitter_card":"summary_large_image","twitter_misc":{"Tahmini okuma s\u00fcresi":"3 dakika"},"schema":{"@context":"https:\/\/schema.org","@graph":[{"@type":"WebPage","@id":"https:\/\/exceladvisor.org\/tr\/yazdirmadan-once-onizleme\/","url":"https:\/\/exceladvisor.org\/tr\/yazdirmadan-once-onizleme\/","name":"\u25b7 Excel&#39;de bask\u0131 \u00f6nizlemesi nas\u0131l al\u0131n\u0131r?","isPartOf":{"@id":"https:\/\/exceladvisor.org\/tr\/#website"},"primaryImageOfPage":{"@id":"https:\/\/exceladvisor.org\/tr\/yazdirmadan-once-onizleme\/#primaryimage"},"image":{"@id":"https:\/\/exceladvisor.org\/tr\/yazdirmadan-once-onizleme\/#primaryimage"},"thumbnailUrl":"https:\/\/exceladvisor.org\/wp-content\/uploads\/2023\/08\/1-page-dapercu-avant-impression.png","datePublished":"2023-10-31T20:37:21+00:00","dateModified":"2023-12-10T06:00:18+00:00","description":"Bu dersimizde Excel&#39;de bask\u0131 \u00f6nizleme \u00f6zelli\u011finin kullan\u0131m\u0131n\u0131, ayarlar\u0131n\u0131 ve se\u00e7eneklerini \u00f6\u011frenece\u011fiz.","breadcrumb":{"@id":"https:\/\/exceladvisor.org\/tr\/yazdirmadan-once-onizleme\/#breadcrumb"},"inLanguage":"tr","potentialAction":[{"@type":"ReadAction","target":["https:\/\/exceladvisor.org\/tr\/yazdirmadan-once-onizleme\/"]}]},{"@type":"ImageObject","inLanguage":"tr","@id":"https:\/\/exceladvisor.org\/tr\/yazdirmadan-once-onizleme\/#primaryimage","url":"https:\/\/exceladvisor.org\/wp-content\/uploads\/2023\/08\/1-page-dapercu-avant-impression.png","contentUrl":"https:\/\/exceladvisor.org\/wp-content\/uploads\/2023\/08\/1-page-dapercu-avant-impression.png"},{"@type":"BreadcrumbList","@id":"https:\/\/exceladvisor.org\/tr\/yazdirmadan-once-onizleme\/#breadcrumb","itemListElement":[{"@type":"ListItem","position":1,"name":"Ev","item":"https:\/\/exceladvisor.org\/tr\/"},{"@type":"ListItem","position":2,"name":"Excel&#39;de bask\u0131 \u00f6nizlemesi nas\u0131l edinilir?"}]},{"@type":"WebSite","@id":"https:\/\/exceladvisor.org\/tr\/#website","url":"https:\/\/exceladvisor.org\/tr\/","name":"Excel Advisor","description":"Veri hakimiyetine y\u00f6nelik nihai rehberiniz!","publisher":{"@id":"https:\/\/exceladvisor.org\/tr\/#organization"},"potentialAction":[{"@type":"SearchAction","target":{"@type":"EntryPoint","urlTemplate":"https:\/\/exceladvisor.org\/tr\/?s={search_term_string}"},"query-input":{"@type":"PropertyValueSpecification","valueRequired":true,"valueName":"search_term_string"}}],"inLanguage":"tr"},{"@type":"Organization","@id":"https:\/\/exceladvisor.org\/tr\/#organization","name":"Excel Advisor","url":"https:\/\/exceladvisor.org\/tr\/","logo":{"@type":"ImageObject","inLanguage":"tr","@id":"https:\/\/exceladvisor.org\/tr\/#\/schema\/logo\/image\/","url":"https:\/\/exceladvisor.org\/tr\/wp-content\/uploads\/2023\/12\/exceladvisor.org_.png","contentUrl":"https:\/\/exceladvisor.org\/tr\/wp-content\/uploads\/2023\/12\/exceladvisor.org_.png","width":105,"height":36,"caption":"Excel Advisor"},"image":{"@id":"https:\/\/exceladvisor.org\/tr\/#\/schema\/logo\/image\/"}}]}},"yoast_meta":{"yoast_wpseo_title":"","yoast_wpseo_metadesc":"","yoast_wpseo_canonical":""},"_links":{"self":[{"href":"https:\/\/exceladvisor.org\/tr\/wp-json\/wp\/v2\/pages\/1840","targetHints":{"allow":["GET"]}}],"collection":[{"href":"https:\/\/exceladvisor.org\/tr\/wp-json\/wp\/v2\/pages"}],"about":[{"href":"https:\/\/exceladvisor.org\/tr\/wp-json\/wp\/v2\/types\/page"}],"author":[{"embeddable":true,"href":"https:\/\/exceladvisor.org\/tr\/wp-json\/wp\/v2\/users\/1"}],"replies":[{"embeddable":true,"href":"https:\/\/exceladvisor.org\/tr\/wp-json\/wp\/v2\/comments?post=1840"}],"version-history":[{"count":1,"href":"https:\/\/exceladvisor.org\/tr\/wp-json\/wp\/v2\/pages\/1840\/revisions"}],"predecessor-version":[{"id":2395,"href":"https:\/\/exceladvisor.org\/tr\/wp-json\/wp\/v2\/pages\/1840\/revisions\/2395"}],"wp:attachment":[{"href":"https:\/\/exceladvisor.org\/tr\/wp-json\/wp\/v2\/media?parent=1840"}],"curies":[{"name":"wp","href":"https:\/\/api.w.org\/{rel}","templated":true}]}}