{"id":1841,"date":"2023-10-31T18:49:50","date_gmt":"2023-10-31T18:49:50","guid":{"rendered":"https:\/\/exceladvisor.org\/tr\/sutun-ekle\/"},"modified":"2023-12-10T06:02:36","modified_gmt":"2023-12-10T06:02:36","slug":"sutun-ekle","status":"publish","type":"page","link":"https:\/\/exceladvisor.org\/tr\/sutun-ekle\/","title":{"rendered":"Excel&#39;de s\u00fctun nas\u0131l eklenir?"},"content":{"rendered":"<div class=\"excel-icerikten-once\" id=\"excel-1374245111\"><script type=\"text\/javascript\">\r\n\tatOptions = {\r\n\t\t'key' : 'c1158f160081d6540a8409e6925dab94',\r\n\t\t'format' : 'iframe',\r\n\t\t'height' : 250,\r\n\t\t'width' : 300,\r\n\t\t'params' : {}\r\n\t};\r\n<\/script>\r\n<script type=\"text\/javascript\" src=\"\/\/www.highperformanceformat.com\/c1158f160081d6540a8409e6925dab94\/invoke.js\"><\/script><\/div> <p>Excel&#8217;de \u00e7al\u0131\u015f\u0131rken s\u00fctun eklemek veya kald\u0131rmak yayg\u0131n bir g\u00f6revdir ve Excel sayfalar\u0131na s\u00fctun eklemenin veya eklemenin birka\u00e7 yolu vard\u0131r.<\/p><p> Tercihlerine g\u00f6re s\u00fctun ekleme veya ekleme yollar\u0131ndan biri se\u00e7ilebilir.<\/p><h2 id=\"steps-to-insert-a-single-column\" class=\"wp-block-heading\"> Tek bir s\u00fctun ekleme ad\u0131mlar\u0131<\/h2><ol><li> \u00d6ncelikle s\u00fctundaki herhangi bir h\u00fccreye sa\u011f t\u0131klay\u0131n.<\/li><li> Bundan sonra, \u00e7e\u015fitli se\u00e7eneklerin bulundu\u011fu bir a\u00e7\u0131l\u0131r pencere g\u00f6receksiniz.<\/li><li> \u015eimdi <strong>\u201cEkle\u201d<\/strong> se\u00e7ene\u011fine t\u0131klay\u0131n. <br><img loading=\"lazy\" decoding=\"async\" title=\"\" src=\"https:\/\/exceladvisor.org\/wp-content\/uploads\/2023\/08\/1-option-dinsertion.png\" sizes=\"auto, \" srcset=\"\" alt=\"insert-option\" width=\"599\" height=\"201\"><\/li><li> Bundan sonra sa\u011f t\u0131klay\u0131n ve \u00e7e\u015fitli se\u00e7eneklerin bulundu\u011fu bir a\u00e7\u0131l\u0131r pencere g\u00f6receksiniz.<\/li><li> \u015eimdi <strong>\u201cS\u00fctunun Tamam\u0131\u201d<\/strong> se\u00e7ene\u011fini se\u00e7in ve Tamam&#8217;a t\u0131klay\u0131n. <br><img loading=\"lazy\" decoding=\"async\" title=\"ah\" src=\"https:\/\/exceladvisor.org\/wp-content\/uploads\/2023\/08\/2-selectionner-la-colonne-entiere.png\" sizes=\"auto, \" srcset=\"\" alt=\"select-entire-column\" width=\"192\" height=\"183\"><\/li><li> Bu noktada s\u00fctun se\u00e7ilen h\u00fccrenin soluna eklenmi\u015ftir. <br><img loading=\"lazy\" decoding=\"async\" title=\"dk.\" src=\"https:\/\/exceladvisor.org\/wp-content\/uploads\/2023\/08\/3-nouvelle-colonne-inseree.png\" sizes=\"auto, \" srcset=\"\" alt=\"new-inserted-column\" width=\"705\" height=\"162\"><\/li><\/ol><p class=\"qt-tip\"> <strong>\u0130pucu<\/strong> : S\u00fctun ba\u015fl\u0131k harflerini se\u00e7ip sa\u011f t\u0131klay\u0131p ard\u0131ndan a\u00e7\u0131l\u0131r se\u00e7enekten <strong>&#8220;Ekle&#8221;yi<\/strong> se\u00e7erek tek veya birden fazla s\u00fctunu se\u00e7ebilirsiniz. Eklenen s\u00fctun say\u0131s\u0131 her zaman se\u00e7ti\u011finiz s\u00fctun say\u0131s\u0131na ba\u011fl\u0131d\u0131r. <\/p><div class=\"wp-block-image\"><figure class=\"aligncenter size-full is-resized\"><img loading=\"lazy\" decoding=\"async\" class=\"wp-image-63688\" src=\"https:\/\/exceladvisor.org\/wp-content\/uploads\/2023\/08\/4-inserer-plusieurs-colonnes-simples.gif\" sizes=\"auto, \" srcset=\"\" alt=\"ekleme-tek-\u00e7oklu-s\u00fctunlar\" width=\"635\" height=\"223\"><\/figure><\/div><p> S\u00fctunu ayr\u0131ca \u201cGiri\u015f\u201d sekmesindeki \u015feritten de ekleyebilirsiniz.<\/p><ol><li> \u00d6ncelikle <strong>\u201cGiri\u015f\u201d sekmesinde<\/strong> oldu\u011funuzdan emin olun, ard\u0131ndan s\u00fctundaki herhangi bir h\u00fccreyi t\u0131klay\u0131n. <br><img loading=\"lazy\" decoding=\"async\" title=\"5-ana sayfa sekmesi\" src=\"https:\/\/exceladvisor.org\/wp-content\/uploads\/2023\/08\/5-onglet-daccueil.png\" sizes=\"auto, \" srcset=\"\" alt=\"home-tab-sheet\" width=\"554\" height=\"297\"><\/li><li> Burada \u015feridin <strong>&#8220;h\u00fccreler&#8221;<\/strong> grubunda <strong>&#8220;Ekle&#8221;<\/strong> simgesini bulacaks\u0131n\u0131z. <br><img loading=\"lazy\" decoding=\"async\" title=\"6 h\u00fccreli \u015ferit-sekme grubu\" src=\"https:\/\/exceladvisor.org\/wp-content\/uploads\/2023\/08\/Groupe-de-6-cellules-dans-longlet-du-ruban.png\" sizes=\"auto, \" srcset=\"\" alt=\"cells-group-in-ribbon-tab\" width=\"1081\" height=\"110\"><\/li><li> \u015eimdi <strong>\u201cEkle\u201d<\/strong> simgesine t\u0131klay\u0131n ve listelenen a\u00e7\u0131l\u0131r men\u00fcden <strong>\u201cSayfa S\u00fctunu Ekle\u201dyi<\/strong> se\u00e7in. <br><img loading=\"lazy\" decoding=\"async\" title=\"7 s\u00fctun ekleme\" src=\"https:\/\/exceladvisor.org\/wp-content\/uploads\/2023\/08\/7-colonnes-de-feuille-dinsertion.png\" sizes=\"auto, \" srcset=\"\" alt=\"insert-sheet-columns\" width=\"173\" height=\"186\"><\/li><li> Bu noktada s\u00fctun, se\u00e7ilen s\u00fctun h\u00fccresinin soluna eklenmi\u015ftir. <br><img loading=\"lazy\" decoding=\"async\" title=\"8-yeni-s\u00fctun eklendi\" src=\"https:\/\/exceladvisor.org\/wp-content\/uploads\/2023\/08\/8-nouvelle-colonne-inseree.png\" sizes=\"auto, \" srcset=\"\" alt=\"new-inserted-column\" width=\"657\" height=\"151\"><\/li><\/ol><h2 id=\"add-multiple-columns\" class=\"wp-block-heading\"> Birden \u00e7ok s\u00fctun ekle<\/h2><ul><li> Birden \u00e7ok s\u00fctun eklemek i\u00e7in \u00f6ncelikle tek bir h\u00fccre yerine birden \u00e7ok h\u00fccre se\u00e7melisiniz. <br><img loading=\"lazy\" decoding=\"async\" title=\"eller\" src=\"https:\/\/exceladvisor.org\/wp-content\/uploads\/2023\/08\/9-selectionner-plusieurs-cellules.png\" sizes=\"auto, \" srcset=\"\" alt=\"select-multiple-cells\" width=\"603\" height=\"164\"><\/li><li> Bundan sonra sa\u011f t\u0131klay\u0131n ve \u00e7e\u015fitli se\u00e7eneklerin bulundu\u011fu bir a\u00e7\u0131l\u0131r pencere g\u00f6receksiniz.<\/li><li> \u015eimdi <strong>\u201cEkle\u201d<\/strong> se\u00e7ene\u011fine t\u0131klay\u0131n. <br><img loading=\"lazy\" decoding=\"async\" title=\"G\" src=\"https:\/\/exceladvisor.org\/wp-content\/uploads\/2023\/08\/10-options-dinsertion.png\" sizes=\"auto, \" srcset=\"\" alt=\"insert-option\" width=\"557\" height=\"187\"><\/li><li> <strong>\u201cEkle\u201d<\/strong> se\u00e7ene\u011fine t\u0131klad\u0131\u011f\u0131n\u0131zda, tekrar bir a\u00e7\u0131l\u0131r se\u00e7enek g\u00f6receksiniz.<\/li><li> \u015eimdi <strong>\u201cS\u00fctunun Tamam\u0131\u201d<\/strong> se\u00e7ene\u011fini se\u00e7in ve Tamam&#8217;a t\u0131klay\u0131n. <br><img decoding=\"async\" title=\"\u0131\u015f\u0131k\" src=\"https:\/\/exceladvisor.org\/wp-content\/uploads\/2023\/08\/11-selectionner-la-colonne-entiere.png\" sizes=\"\" srcset=\"\" alt=\"select-entire-column\"><\/li><li> Bu noktada, se\u00e7mi\u015f oldu\u011funuz \u00fc\u00e7 h\u00fccre oldu\u011fundan, se\u00e7ti\u011finiz h\u00fccrelerin soluna \u00fc\u00e7 s\u00fctun eklenmi\u015ftir. <br><img loading=\"lazy\" decoding=\"async\" title=\"d s\u00fctunlar\u0131\" src=\"https:\/\/exceladvisor.org\/wp-content\/uploads\/2023\/08\/12-colonnes-inserees-multiples.png\" sizes=\"auto, \" srcset=\"\" alt=\"multiple-inserted-columns\" width=\"917\" height=\"162\"><\/li><li> Birden fazla \u201cbiti\u015fik olmayan\u201d s\u00fctun eklemek i\u00e7in \u00f6ncelikle klavyedeki CTRL tu\u015funu bas\u0131l\u0131 tutarak h\u00fccreleri tek tek se\u00e7melisiniz. <br><img loading=\"lazy\" decoding=\"async\" title=\"ls\" src=\"https:\/\/exceladvisor.org\/wp-content\/uploads\/2023\/08\/13-cellules-non-adjacentes.png\" sizes=\"auto, \" srcset=\"\" alt=\"non-adjacent-cells\" width=\"613\" height=\"167\"><\/li><li> H\u00fccreleri se\u00e7tikten sonra CTRL tu\u015funu b\u0131rak\u0131n<\/li><li> Daha sonra sa\u011f t\u0131klay\u0131p a\u00e7\u0131lan se\u00e7eneklerden <strong>\u201cEkle\u201d<\/strong> se\u00e7ene\u011fine t\u0131klay\u0131n. <br><img loading=\"lazy\" decoding=\"async\" title=\"iyon\" src=\"https:\/\/exceladvisor.org\/wp-content\/uploads\/2023\/08\/Option-dinsertion-en-14-clics.png\" sizes=\"auto, \" srcset=\"\" alt=\"click-insert-option\" width=\"586\" height=\"196\"><\/li><li> \u015eimdi <strong>\u201cS\u00fctunun Tamam\u0131\u201d<\/strong> se\u00e7ene\u011fini se\u00e7in ve Tamam&#8217;a t\u0131klay\u0131n.<\/li><li> Bu noktada, se\u00e7ti\u011finiz h\u00fccrelerin soluna &#8220;biti\u015fik olmayan&#8221; s\u00fctunlar eklenmi\u015ftir. <br><img loading=\"lazy\" decoding=\"async\" title=\"\u0131mm\" src=\"https:\/\/exceladvisor.org\/wp-content\/uploads\/2023\/08\/16-colonnes-non-adjacentes.png\" sizes=\"auto, \" srcset=\"\" alt=\"non-adjacent-columns\" width=\"863\" height=\"170\"><\/li><\/ul><h2 id=\"insert-a-column-in-excel-table\" class=\"wp-block-heading\"> Excel tablosuna s\u00fctun ekleme<\/h2><p> Veri k\u00fcmenizi tablo aral\u0131\u011f\u0131na d\u00f6n\u00fc\u015ft\u00fcrd\u00fc\u011f\u00fcn\u00fczde s\u00fctun ekleme y\u00f6ntemi baz\u0131 i\u015flevlerini kaybeder.<\/p><p> \u00d6rne\u011fin, normal bir veri k\u00fcmesinde oldu\u011fu gibi, biti\u015fik olmayan s\u00fctunlar\u0131 se\u00e7erek sollar\u0131na s\u00fctunlar ekleyerek biti\u015fik olmayan s\u00fctunlar\u0131n tamam\u0131n\u0131 ayn\u0131 anda ekleyemezsiniz.<\/p><p> Tablo aral\u0131\u011f\u0131na birden fazla biti\u015fik olmayan s\u00fctun eklemek istiyorsan\u0131z bunu tek tek yapman\u0131z gerekir.<\/p><ul><li> \u00d6ncelikle s\u00fctundaki herhangi bir h\u00fccreye t\u0131klay\u0131n ve sa\u011f t\u0131klay\u0131n.<\/li><li> \u015eimdi a\u00e7\u0131lan pencerede <strong>\u201cEkle\u201d<\/strong> se\u00e7ene\u011fine t\u0131klay\u0131n ve ard\u0131ndan \u201cSoldaki Tablo S\u00fctunlar\u0131\u201dn\u0131 se\u00e7in. <br><img loading=\"lazy\" decoding=\"async\" title=\"-sol\" src=\"https:\/\/exceladvisor.org\/wp-content\/uploads\/2023\/08\/17-colonnes-de-tableau-a-gauche.png\" sizes=\"auto, \" srcset=\"\" alt=\"table-columns-to-the-left\" width=\"688\" height=\"197\"><\/li><li> Bu noktada s\u00fctun se\u00e7ilen h\u00fccrenin soluna eklenmi\u015ftir. <br><img loading=\"lazy\" decoding=\"async\" title=\"Resimde\" src=\"https:\/\/exceladvisor.org\/wp-content\/uploads\/2023\/08\/18-colonne-inseree-dans-le-tableau.png\" sizes=\"auto, \" srcset=\"\" alt=\"inserted-column-in-table\" width=\"690\" height=\"192\"><\/li><li> Birden \u00e7ok biti\u015fik h\u00fccre eklemek i\u00e7in \u00f6nce birden \u00e7ok biti\u015fik s\u00fctun se\u00e7melisiniz.<\/li><li> \u015eimdi a\u00e7\u0131lan pencerede <strong>\u201cEkle\u201d<\/strong> se\u00e7ene\u011fine t\u0131klay\u0131n ve ard\u0131ndan \u201cSoldaki Tablo S\u00fctunlar\u0131\u201dn\u0131 se\u00e7in. <br><img loading=\"lazy\" decoding=\"async\" title=\"soldaki s\u00fctunlar\" src=\"https:\/\/exceladvisor.org\/wp-content\/uploads\/2023\/08\/19-colonnes-de-tableau-multiples-a-gauche.png\" sizes=\"auto, \" srcset=\"\" alt=\"multiple-table-columns-to-the-left\" width=\"814\" height=\"207\"><\/li><li> Bu noktada se\u00e7ti\u011finiz h\u00fccrelerin soluna iki s\u00fctun eklenmi\u015ftir. <br><img loading=\"lazy\" decoding=\"async\" title=\"d s\u00fctunlar\u0131\" src=\"https:\/\/exceladvisor.org\/wp-content\/uploads\/2023\/08\/20-colonnes-inserees-multiples.png\" sizes=\"auto, \" srcset=\"\" alt=\"multiple-inserted-columns\" width=\"818\" height=\"197\"><\/li><\/ul><h2 id=\"add-a-column-using-a-keyword-shortcut\" class=\"wp-block-heading\"> Anahtar kelime k\u0131sayolu kullanarak s\u00fctun ekleme<\/h2><ul><li> \u0130lk \u00f6nce solundaki s\u00fctunu eklemek istedi\u011finiz h\u00fccreye t\u0131klay\u0131n. <br><img loading=\"lazy\" decoding=\"async\" title=\"BEN\" src=\"https:\/\/exceladvisor.org\/wp-content\/uploads\/2023\/08\/21-cliquez-sur-la-cellule.png\" sizes=\"auto, \" srcset=\"\" alt=\"click-on-the-cell\" width=\"619\" height=\"168\"><\/li><li> Bundan sonra klavyenizdeki CTRL+SHIFT++(art\u0131) tu\u015funa bas\u0131n, bir a\u00e7\u0131l\u0131r pencere g\u00f6receksiniz.<\/li><li> \u015eimdi <strong>\u201cS\u00fctunun Tamam\u0131\u201d<\/strong> se\u00e7ene\u011fini se\u00e7in ve Tamam&#8217;a t\u0131klay\u0131n. <br><img decoding=\"async\" title=\"l\u00fcmen se\u00e7ene\u011fi\" src=\"https:\/\/exceladvisor.org\/wp-content\/uploads\/2023\/08\/22-selectionner-loption-de-colonne-entiere.png\" sizes=\"\" srcset=\"\" alt=\"select-entire-column-option\"><\/li><li> Bu noktada s\u00fctun, se\u00e7ilen s\u00fctun h\u00fccresinin soluna eklenmi\u015ftir. <br><img loading=\"lazy\" decoding=\"async\" title=\"ted\" src=\"https:\/\/exceladvisor.org\/wp-content\/uploads\/2023\/08\/23-nouvelle-colonne-inseree.png\" sizes=\"auto, \" srcset=\"\" alt=\"new-column-inserted\" width=\"741\" height=\"170\"><\/li><\/ul><p> S\u00fctun(lar)\u0131 eklemek i\u00e7in tercih etti\u011fim k\u0131sayol y\u00f6ntemi, s\u00fctunu eklemek istedi\u011finiz solundaki k\u0131sayol tu\u015fuyla t\u00fcm s\u00fctunu se\u00e7mektir.<\/p><ul><li> Bunu yapmak i\u00e7in \u00f6nce s\u00fctundaki herhangi bir h\u00fccreye t\u0131klay\u0131n ve klavyede CTRL + SPACE tu\u015flar\u0131na bas\u0131n; art\u0131k s\u00fctununuzun tamam\u0131n\u0131n se\u00e7ildi\u011fini g\u00f6receksiniz. <br><img loading=\"lazy\" decoding=\"async\" title=\"\u0131\u015f\u0131k\" src=\"https:\/\/exceladvisor.org\/wp-content\/uploads\/2023\/08\/24-selectionner-la-colonne-entiere.png\" sizes=\"auto, \" srcset=\"\" alt=\"select-entire-column\" width=\"598\" height=\"208\"><\/li><li> \u015eimdi CTRL + BO\u015eLUK \u00c7UBU\u011eUNU b\u0131rak\u0131n ve SHIFT + CTRL tu\u015flar\u0131n\u0131 bas\u0131l\u0131 tutun ve klavyeden + (art\u0131 i\u015fareti) tu\u015funa bas\u0131n.<\/li><li> Bu noktada s\u00fctun se\u00e7ilen h\u00fccrenin soluna eklenmi\u015ftir. <br><img loading=\"lazy\" decoding=\"async\" title=\"Olumsuz\" src=\"https:\/\/exceladvisor.org\/wp-content\/uploads\/2023\/08\/25-inserer-une-nouvelle-colonne.png\" sizes=\"auto, \" srcset=\"\" alt=\"insert-new-column\" width=\"712\" height=\"213\"><\/li><\/ul><p class=\"qt-tip\"> <strong>\u0130pucu:<\/strong> SHIFT+Kontrol tu\u015flar\u0131n\u0131 bas\u0131l\u0131 tutarken birden \u00e7ok s\u00fctun eklemek i\u00e7in + (art\u0131 i\u015fareti) tu\u015funa birden \u00e7ok kez basabilirsiniz.<\/p><div class=\"gb-container gb-container-4db6181c gb-container-mt\"> <a class=\"gb-button gb-button-c5897111 gb-button-text gb-button-mt-button\" href=\"https:\/\/exceladvisor.org\/tr\/excelin-temelleri\/\">Microsoft Excel Temelleri (Bile\u015fenler, Par\u00e7alar ve Bilgi Notlar\u0131)<\/a><h2 class=\"gb-headline gb-headline-665e5f6b gb-headline-text gb-headline-mt-heading\"> \u0130lgili e\u011fitimler <\/h2><div class=\"gb-grid-wrapper gb-grid-wrapper-a20baf7c gb-grid-wrapper-mt-grid\"><div class=\"gb-grid-column gb-grid-column-65ddf67e\"><div class=\"gb-container gb-container-65ddf67e\"><ul><li> <a href=\"https:\/\/exceladvisor.org\/tr\/kopruleri-ekle-kaldir\/\">Excel&#8217;de k\u00f6pr\u00fc ekleme ve kald\u0131rma<\/a><\/li><li> <a href=\"https:\/\/exceladvisor.org\/tr\/filigran-ekle\/\">Excel&#8217;e filigran ekleme<\/a><\/li><li> <a href=\"https:\/\/exceladvisor.org\/tr\/gizli-satir-sutunlarini-kaldir\/\">Excel&#8217;deki gizli sat\u0131rlar\u0131 silin<\/a><\/li><li> <a href=\"https:\/\/exceladvisor.org\/tr\/hucrelerin-secimini-kaldir\/\">Excel&#8217;de h\u00fccrelerin se\u00e7imini kald\u0131r\u0131n<\/a> <\/li><\/ul><\/div><\/div><div class=\"gb-grid-column gb-grid-column-50067b57\"><div class=\"gb-container gb-container-50067b57\"><ul><li> <a href=\"https:\/\/exceladvisor.org\/tr\/satirlari-sil\/\">Excel&#8217;de bir sat\u0131r\u0131 veya birden \u00e7ok sat\u0131r\u0131 silme<\/a><\/li><li> <a href=\"https:\/\/exceladvisor.org\/tr\/sutunu-kopyala\/\">Excel&#8217;de bir s\u00fctunu kopyalay\u0131p yap\u0131\u015ft\u0131r\u0131n<\/a><\/li><li> <a href=\"https:\/\/exceladvisor.org\/tr\/satir-sutununu-tasi\/\">Excel&#8217;de bir sat\u0131r\u0131 ve s\u00fctunu ta\u015f\u0131ma<\/a><\/li><li> <a href=\"https:\/\/exceladvisor.org\/tr\/sutun-genisligi\/\">Excel&#8217;de s\u00fctun geni\u015flikleri nas\u0131l de\u011fi\u015ftirilir?<\/a><\/li><\/ul><\/div><\/div><\/div><\/div>","protected":false},"excerpt":{"rendered":"","protected":false},"author":1,"featured_media":0,"parent":0,"menu_order":0,"comment_status":"open","ping_status":"closed","template":"","meta":{"ub_ctt_via":"","footnotes":""},"class_list":["post-1841","page","type-page","status-publish","hentry"],"featured_image_src":null,"yoast_head":"<!-- This site is optimized with the Yoast SEO plugin v25.4 - https:\/\/yoast.com\/wordpress\/plugins\/seo\/ -->\n<title>\u25b7 Excel&#039;de s\u00fctun nas\u0131l eklenir? (E\u011fitim 2023)<\/title>\n<meta name=\"description\" content=\"Bu derste Excel&#039;de tekli ve \u00e7oklu s\u00fctunlar\u0131n nas\u0131l eklenece\u011fini \u00f6\u011freneceksiniz. Ve ayr\u0131ca hepsini tan\u0131yaca\u011f\u0131z\" \/>\n<meta name=\"robots\" content=\"index, follow, max-snippet:-1, max-image-preview:large, max-video-preview:-1\" \/>\n<link rel=\"canonical\" href=\"https:\/\/exceladvisor.org\/tr\/sutun-ekle\/\" \/>\n<meta property=\"og:locale\" content=\"tr_TR\" \/>\n<meta property=\"og:type\" content=\"article\" \/>\n<meta property=\"og:title\" content=\"\u25b7 Excel&#039;de s\u00fctun nas\u0131l eklenir? (E\u011fitim 2023)\" \/>\n<meta property=\"og:description\" content=\"Bu derste Excel&#039;de tekli ve \u00e7oklu s\u00fctunlar\u0131n nas\u0131l eklenece\u011fini \u00f6\u011freneceksiniz. Ve ayr\u0131ca hepsini tan\u0131yaca\u011f\u0131z\" \/>\n<meta property=\"og:url\" content=\"https:\/\/exceladvisor.org\/tr\/sutun-ekle\/\" \/>\n<meta property=\"og:site_name\" content=\"Excel Advisor\" \/>\n<meta property=\"article:modified_time\" content=\"2023-12-10T06:02:36+00:00\" \/>\n<meta property=\"og:image\" content=\"https:\/\/exceladvisor.org\/wp-content\/uploads\/2023\/08\/1-option-dinsertion.png\" \/>\n<meta name=\"twitter:card\" content=\"summary_large_image\" \/>\n<meta name=\"twitter:label1\" content=\"Tahmini okuma s\u00fcresi\" \/>\n\t<meta name=\"twitter:data1\" content=\"4 dakika\" \/>\n<script type=\"application\/ld+json\" class=\"yoast-schema-graph\">{\"@context\":\"https:\/\/schema.org\",\"@graph\":[{\"@type\":\"WebPage\",\"@id\":\"https:\/\/exceladvisor.org\/tr\/sutun-ekle\/\",\"url\":\"https:\/\/exceladvisor.org\/tr\/sutun-ekle\/\",\"name\":\"\u25b7 Excel&#39;de s\u00fctun nas\u0131l eklenir? (E\u011fitim 2023)\",\"isPartOf\":{\"@id\":\"https:\/\/exceladvisor.org\/tr\/#website\"},\"primaryImageOfPage\":{\"@id\":\"https:\/\/exceladvisor.org\/tr\/sutun-ekle\/#primaryimage\"},\"image\":{\"@id\":\"https:\/\/exceladvisor.org\/tr\/sutun-ekle\/#primaryimage\"},\"thumbnailUrl\":\"https:\/\/exceladvisor.org\/wp-content\/uploads\/2023\/08\/1-option-dinsertion.png\",\"datePublished\":\"2023-10-31T18:49:50+00:00\",\"dateModified\":\"2023-12-10T06:02:36+00:00\",\"description\":\"Bu derste Excel&#39;de tekli ve \u00e7oklu s\u00fctunlar\u0131n nas\u0131l eklenece\u011fini \u00f6\u011freneceksiniz. Ve ayr\u0131ca hepsini tan\u0131yaca\u011f\u0131z\",\"breadcrumb\":{\"@id\":\"https:\/\/exceladvisor.org\/tr\/sutun-ekle\/#breadcrumb\"},\"inLanguage\":\"tr\",\"potentialAction\":[{\"@type\":\"ReadAction\",\"target\":[\"https:\/\/exceladvisor.org\/tr\/sutun-ekle\/\"]}]},{\"@type\":\"ImageObject\",\"inLanguage\":\"tr\",\"@id\":\"https:\/\/exceladvisor.org\/tr\/sutun-ekle\/#primaryimage\",\"url\":\"https:\/\/exceladvisor.org\/wp-content\/uploads\/2023\/08\/1-option-dinsertion.png\",\"contentUrl\":\"https:\/\/exceladvisor.org\/wp-content\/uploads\/2023\/08\/1-option-dinsertion.png\"},{\"@type\":\"BreadcrumbList\",\"@id\":\"https:\/\/exceladvisor.org\/tr\/sutun-ekle\/#breadcrumb\",\"itemListElement\":[{\"@type\":\"ListItem\",\"position\":1,\"name\":\"Ev\",\"item\":\"https:\/\/exceladvisor.org\/tr\/\"},{\"@type\":\"ListItem\",\"position\":2,\"name\":\"Excel&#39;de s\u00fctun nas\u0131l eklenir?\"}]},{\"@type\":\"WebSite\",\"@id\":\"https:\/\/exceladvisor.org\/tr\/#website\",\"url\":\"https:\/\/exceladvisor.org\/tr\/\",\"name\":\"Excel Advisor\",\"description\":\"Veri hakimiyetine y\u00f6nelik nihai rehberiniz!\",\"publisher\":{\"@id\":\"https:\/\/exceladvisor.org\/tr\/#organization\"},\"potentialAction\":[{\"@type\":\"SearchAction\",\"target\":{\"@type\":\"EntryPoint\",\"urlTemplate\":\"https:\/\/exceladvisor.org\/tr\/?s={search_term_string}\"},\"query-input\":{\"@type\":\"PropertyValueSpecification\",\"valueRequired\":true,\"valueName\":\"search_term_string\"}}],\"inLanguage\":\"tr\"},{\"@type\":\"Organization\",\"@id\":\"https:\/\/exceladvisor.org\/tr\/#organization\",\"name\":\"Excel Advisor\",\"url\":\"https:\/\/exceladvisor.org\/tr\/\",\"logo\":{\"@type\":\"ImageObject\",\"inLanguage\":\"tr\",\"@id\":\"https:\/\/exceladvisor.org\/tr\/#\/schema\/logo\/image\/\",\"url\":\"https:\/\/exceladvisor.org\/tr\/wp-content\/uploads\/2023\/12\/exceladvisor.org_.png\",\"contentUrl\":\"https:\/\/exceladvisor.org\/tr\/wp-content\/uploads\/2023\/12\/exceladvisor.org_.png\",\"width\":105,\"height\":36,\"caption\":\"Excel Advisor\"},\"image\":{\"@id\":\"https:\/\/exceladvisor.org\/tr\/#\/schema\/logo\/image\/\"}}]}<\/script>\n<!-- \/ Yoast SEO plugin. -->","yoast_head_json":{"title":"\u25b7 Excel&#39;de s\u00fctun nas\u0131l eklenir? (E\u011fitim 2023)","description":"Bu derste Excel&#39;de tekli ve \u00e7oklu s\u00fctunlar\u0131n nas\u0131l eklenece\u011fini \u00f6\u011freneceksiniz. Ve ayr\u0131ca hepsini tan\u0131yaca\u011f\u0131z","robots":{"index":"index","follow":"follow","max-snippet":"max-snippet:-1","max-image-preview":"max-image-preview:large","max-video-preview":"max-video-preview:-1"},"canonical":"https:\/\/exceladvisor.org\/tr\/sutun-ekle\/","og_locale":"tr_TR","og_type":"article","og_title":"\u25b7 Excel&#39;de s\u00fctun nas\u0131l eklenir? (E\u011fitim 2023)","og_description":"Bu derste Excel&#39;de tekli ve \u00e7oklu s\u00fctunlar\u0131n nas\u0131l eklenece\u011fini \u00f6\u011freneceksiniz. Ve ayr\u0131ca hepsini tan\u0131yaca\u011f\u0131z","og_url":"https:\/\/exceladvisor.org\/tr\/sutun-ekle\/","og_site_name":"Excel Advisor","article_modified_time":"2023-12-10T06:02:36+00:00","og_image":[{"url":"https:\/\/exceladvisor.org\/wp-content\/uploads\/2023\/08\/1-option-dinsertion.png","type":"","width":"","height":""}],"twitter_card":"summary_large_image","twitter_misc":{"Tahmini okuma s\u00fcresi":"4 dakika"},"schema":{"@context":"https:\/\/schema.org","@graph":[{"@type":"WebPage","@id":"https:\/\/exceladvisor.org\/tr\/sutun-ekle\/","url":"https:\/\/exceladvisor.org\/tr\/sutun-ekle\/","name":"\u25b7 Excel&#39;de s\u00fctun nas\u0131l eklenir? (E\u011fitim 2023)","isPartOf":{"@id":"https:\/\/exceladvisor.org\/tr\/#website"},"primaryImageOfPage":{"@id":"https:\/\/exceladvisor.org\/tr\/sutun-ekle\/#primaryimage"},"image":{"@id":"https:\/\/exceladvisor.org\/tr\/sutun-ekle\/#primaryimage"},"thumbnailUrl":"https:\/\/exceladvisor.org\/wp-content\/uploads\/2023\/08\/1-option-dinsertion.png","datePublished":"2023-10-31T18:49:50+00:00","dateModified":"2023-12-10T06:02:36+00:00","description":"Bu derste Excel&#39;de tekli ve \u00e7oklu s\u00fctunlar\u0131n nas\u0131l eklenece\u011fini \u00f6\u011freneceksiniz. Ve ayr\u0131ca hepsini tan\u0131yaca\u011f\u0131z","breadcrumb":{"@id":"https:\/\/exceladvisor.org\/tr\/sutun-ekle\/#breadcrumb"},"inLanguage":"tr","potentialAction":[{"@type":"ReadAction","target":["https:\/\/exceladvisor.org\/tr\/sutun-ekle\/"]}]},{"@type":"ImageObject","inLanguage":"tr","@id":"https:\/\/exceladvisor.org\/tr\/sutun-ekle\/#primaryimage","url":"https:\/\/exceladvisor.org\/wp-content\/uploads\/2023\/08\/1-option-dinsertion.png","contentUrl":"https:\/\/exceladvisor.org\/wp-content\/uploads\/2023\/08\/1-option-dinsertion.png"},{"@type":"BreadcrumbList","@id":"https:\/\/exceladvisor.org\/tr\/sutun-ekle\/#breadcrumb","itemListElement":[{"@type":"ListItem","position":1,"name":"Ev","item":"https:\/\/exceladvisor.org\/tr\/"},{"@type":"ListItem","position":2,"name":"Excel&#39;de s\u00fctun nas\u0131l eklenir?"}]},{"@type":"WebSite","@id":"https:\/\/exceladvisor.org\/tr\/#website","url":"https:\/\/exceladvisor.org\/tr\/","name":"Excel Advisor","description":"Veri hakimiyetine y\u00f6nelik nihai rehberiniz!","publisher":{"@id":"https:\/\/exceladvisor.org\/tr\/#organization"},"potentialAction":[{"@type":"SearchAction","target":{"@type":"EntryPoint","urlTemplate":"https:\/\/exceladvisor.org\/tr\/?s={search_term_string}"},"query-input":{"@type":"PropertyValueSpecification","valueRequired":true,"valueName":"search_term_string"}}],"inLanguage":"tr"},{"@type":"Organization","@id":"https:\/\/exceladvisor.org\/tr\/#organization","name":"Excel Advisor","url":"https:\/\/exceladvisor.org\/tr\/","logo":{"@type":"ImageObject","inLanguage":"tr","@id":"https:\/\/exceladvisor.org\/tr\/#\/schema\/logo\/image\/","url":"https:\/\/exceladvisor.org\/tr\/wp-content\/uploads\/2023\/12\/exceladvisor.org_.png","contentUrl":"https:\/\/exceladvisor.org\/tr\/wp-content\/uploads\/2023\/12\/exceladvisor.org_.png","width":105,"height":36,"caption":"Excel Advisor"},"image":{"@id":"https:\/\/exceladvisor.org\/tr\/#\/schema\/logo\/image\/"}}]}},"yoast_meta":{"yoast_wpseo_title":"","yoast_wpseo_metadesc":"","yoast_wpseo_canonical":""},"_links":{"self":[{"href":"https:\/\/exceladvisor.org\/tr\/wp-json\/wp\/v2\/pages\/1841","targetHints":{"allow":["GET"]}}],"collection":[{"href":"https:\/\/exceladvisor.org\/tr\/wp-json\/wp\/v2\/pages"}],"about":[{"href":"https:\/\/exceladvisor.org\/tr\/wp-json\/wp\/v2\/types\/page"}],"author":[{"embeddable":true,"href":"https:\/\/exceladvisor.org\/tr\/wp-json\/wp\/v2\/users\/1"}],"replies":[{"embeddable":true,"href":"https:\/\/exceladvisor.org\/tr\/wp-json\/wp\/v2\/comments?post=1841"}],"version-history":[{"count":1,"href":"https:\/\/exceladvisor.org\/tr\/wp-json\/wp\/v2\/pages\/1841\/revisions"}],"predecessor-version":[{"id":2606,"href":"https:\/\/exceladvisor.org\/tr\/wp-json\/wp\/v2\/pages\/1841\/revisions\/2606"}],"wp:attachment":[{"href":"https:\/\/exceladvisor.org\/tr\/wp-json\/wp\/v2\/media?parent=1841"}],"curies":[{"name":"wp","href":"https:\/\/api.w.org\/{rel}","templated":true}]}}