{"id":1843,"date":"2023-10-31T17:48:54","date_gmt":"2023-10-31T17:48:54","guid":{"rendered":"https:\/\/exceladvisor.org\/tr\/sayfa-numarasi-ekle\/"},"modified":"2023-12-10T06:02:23","modified_gmt":"2023-12-10T06:02:23","slug":"sayfa-numarasi-ekle","status":"publish","type":"page","link":"https:\/\/exceladvisor.org\/tr\/sayfa-numarasi-ekle\/","title":{"rendered":"Excel&#39;de sayfa numaras\u0131 nas\u0131l eklenir?"},"content":{"rendered":"<div class=\"excel-icerikten-once\" id=\"excel-760394238\"><script type=\"text\/javascript\">\r\n\tatOptions = {\r\n\t\t'key' : 'c1158f160081d6540a8409e6925dab94',\r\n\t\t'format' : 'iframe',\r\n\t\t'height' : 250,\r\n\t\t'width' : 300,\r\n\t\t'params' : {}\r\n\t};\r\n<\/script>\r\n<script type=\"text\/javascript\" src=\"\/\/www.highperformanceformat.com\/c1158f160081d6540a8409e6925dab94\/invoke.js\"><\/script><\/div> <p>Word veya PowerPoint gibi di\u011fer Microsoft Office uygulamalar\u0131 gibi Excel&#8217;in de Excel elektronik tablolar\u0131n\u0131 yazd\u0131r\u0131rken sayfa numaralar\u0131 ekleme \u00f6zelli\u011fi vard\u0131r.<\/p><p> Kullan\u0131c\u0131lar Excel&#8217;de sayfa ba\u015f\u0131na veya birden fazla sayfaya ayn\u0131 anda sayfa numaralar\u0131 ekleyebilir ve bunlar\u0131 \u00f6zelle\u015ftirebilir.<\/p><p> Excel&#8217;de sayfa numaralar\u0131n\u0131 eklemek veya kald\u0131rmak i\u00e7in baz\u0131 h\u0131zl\u0131 ve kolay ad\u0131mlardan bahsetmi\u015ftik.<\/p><h2 class=\"wp-block-heading\"> \u00dcstbilgi ve altbilgiyi kullanarak sayfa numaralar\u0131 ekleme<\/h2><ol><li> \u00d6ncelikle \u201cG\u00f6r\u00fcn\u00fcm\u201d sekmesine gidin, ard\u0131ndan \u201c\u00c7al\u0131\u015fma Kitab\u0131 G\u00f6r\u00fcn\u00fcmleri\u201d grubunun alt\u0131ndaki \u201cSayfa D\u00fczeni\u201d simgesine t\u0131klay\u0131n. <br><img loading=\"lazy\" decoding=\"async\" title=\"1 sayfal\u0131k d\u00fczen simgesi\" src=\"https:\/\/exceladvisor.org\/wp-content\/uploads\/2023\/08\/1-icone-de-mise-en-page.png\" sizes=\"auto, \" srcset=\"\" alt=\"page-layout-icon\" width=\"685\" height=\"118\"><\/li><li> Bundan sonra, sayfay\u0131 a\u015fa\u011f\u0131 kayd\u0131r\u0131n ve sayfa numaralar\u0131n\u0131 sayfan\u0131n hangi taraf\u0131nda g\u00f6r\u00fcnt\u00fclemek istedi\u011finize ba\u011fl\u0131 olarak &#8220;Altbilgi&#8221; s\u00fctununa (Sol, Orta, Sa\u011f) t\u0131klay\u0131n. <br><img loading=\"lazy\" decoding=\"async\" title=\"2 altbilgiden olu\u015fan s\u00fctun\" src=\"https:\/\/exceladvisor.org\/wp-content\/uploads\/2023\/08\/2-colonnes-de-pied-de-page.png\" sizes=\"auto, \" srcset=\"\" alt=\"footer-column\" width=\"721\" height=\"170\"><\/li><li> \u015eimdi \u201cTasar\u0131m\u201d sekmesine gidin ve sayfa numaralar\u0131n\u0131 eklemek i\u00e7in \u201cSayfa Numaras\u0131\u201d veya \u201cSayfa Say\u0131s\u0131\u201d simgesine t\u0131klay\u0131n.<\/li><li> Veya \u201cAltbilgi\u201d simgesine t\u0131klay\u0131n ve eklemek istedi\u011finiz sayfa numaras\u0131 yazd\u0131rma stilini se\u00e7in. <br><img loading=\"lazy\" decoding=\"async\" class=\"alignnone  wp-image-12919\" src=\"https:\/\/exceladvisor.org\/wp-content\/uploads\/2023\/11\/icone-de-numeros-de-3-page.png\" alt=\"3 sayfa numaras\u0131 simgesi\" width=\"675\" height=\"488\" srcset=\"https:\/\/exceladvisor.org\/wp-content\/uploads\/2023\/11\/icone-de-numeros-de-3-page.png 1076w, https:\/\/exceladvisor.org\/wp-content\/uploads\/2023\/11\/icone-de-numeros-de-3-page-300x217.png 300w, https:\/\/exceladvisor.org\/wp-content\/uploads\/2023\/11\/icone-de-numeros-de-3-page-1024x740.png 1024w, https:\/\/exceladvisor.org\/wp-content\/uploads\/2023\/11\/icone-de-numeros-de-3-page-768x555.png 768w\" sizes=\"auto, (max-width: 675px) 100vw, 675px\"><\/li><li> Eklemek ve yazd\u0131rmak istedi\u011finiz sayfa numaras\u0131 se\u00e7ene\u011fini se\u00e7tikten sonra Excel, o sayfa numaras\u0131n\u0131 kodlar halinde \u00e7al\u0131\u015fma sayfas\u0131na ekler. <br><img loading=\"lazy\" decoding=\"async\" title=\"4 kodlu sayfa numaralar\u01311\" src=\"https:\/\/exceladvisor.org\/wp-content\/uploads\/2023\/08\/4-numeros-de-page-code1.png\" sizes=\"auto, \" srcset=\"\" alt=\"page-numbers-code\" width=\"677\" height=\"164\"><\/li><li> Sonunda sayfa numaralar\u0131n\u0131 g\u00f6r\u00fcnt\u00fclemek i\u00e7in \u201cAltbilgi\u201d d\u0131\u015f\u0131nda herhangi bir yere t\u0131klay\u0131n. <br><img loading=\"lazy\" decoding=\"async\" title=\"5 ekran sayfa numaras\u0131\" src=\"https:\/\/exceladvisor.org\/wp-content\/uploads\/2023\/08\/5-numeros-de-page-daffichage.png\" sizes=\"auto, \" srcset=\"\" alt=\"display-page-numbers\" width=\"645\" height=\"181\"><\/li><\/ol><p> \u00dcstbilgi ve Altbilgi se\u00e7ene\u011fini kullanarak sayfa numaralar\u0131n\u0131 ekledikten sonra normal g\u00f6r\u00fcn\u00fcme d\u00f6nmek i\u00e7in Excel sayfas\u0131n\u0131n alt\u0131ndaki durum \u00e7ubu\u011fundaki &#8220;normal g\u00f6r\u00fcn\u00fcm&#8221; simgesini t\u0131klay\u0131n. <\/p><div class=\"wp-block-image\"><figure class=\"aligncenter size-full is-resized\"><img loading=\"lazy\" decoding=\"async\" class=\"wp-image-64746\" src=\"https:\/\/exceladvisor.org\/wp-content\/uploads\/2023\/08\/6-barre-detat-excel.png\" sizes=\"auto, \" srcset=\"\" alt=\"excel durum \u00e7ubu\u011fu\" width=\"774\" height=\"96\"><\/figure><\/div><h2 class=\"wp-block-heading\"> Sayfa Yap\u0131s\u0131 ileti\u015fim kutusunu kullanarak sayfa numaralar\u0131 ekleme<\/h2><p> Kullan\u0131c\u0131lar bir \u00e7al\u0131\u015fma kitab\u0131n\u0131n birden fazla sayfas\u0131nda veriye sahip olduklar\u0131nda ve bu verileri s\u00fcrekli bir seri halinde yazd\u0131rmak istediklerinde, &#8220;\u0130leti\u015fim Kutusu&#8221; se\u00e7ene\u011fini kullanarak sayfa numaralar\u0131n\u0131 t\u00fcm sayfalara ayn\u0131 anda ekleyebilirler. d\u00fczen&#8221;.<\/p><ol><li> \u00d6ncelikle \u00e7al\u0131\u015fma kitab\u0131n\u0131 a\u00e7\u0131n ve yazd\u0131rmak istedi\u011finiz sayfalar\u0131 se\u00e7in <strong>(birden fazla sayfa se\u00e7in) <br><img loading=\"lazy\" decoding=\"async\" title=\"7-birden fazla sayfay\u0131 se\u00e7in\" src=\"https:\/\/exceladvisor.org\/wp-content\/uploads\/2023\/08\/7-selectionner-plusieurs-feuilles.png\" sizes=\"auto, \" srcset=\"\" alt=\"select-multiple-sheets\" width=\"727\" height=\"126\"><\/strong><\/li><li> Bundan sonra \u201cSayfa D\u00fczeni\u201d sekmesine gidin ve \u201cSayfa D\u00fczeni\u201d ileti\u015fim kutusu ba\u015flat\u0131c\u0131s\u0131na t\u0131klay\u0131n. <br><img loading=\"lazy\" decoding=\"async\" title=\"8 Sayfa D\u00fczeni Sekmesi\" src=\"https:\/\/exceladvisor.org\/wp-content\/uploads\/2023\/08\/Onglet-de-mise-en-page-de-8-pages.png\" sizes=\"auto, \" srcset=\"\" alt=\"page-layout-tab\" width=\"444\" height=\"133\"><\/li><li> \u015eimdi \u201cSayfa Yap\u0131s\u0131\u201d penceresinde \u201c\u00dcstbilgi\/Altbilgi\u201d sekmesini se\u00e7in.<\/li><li> Sonunda Altbilgi a\u00e7\u0131l\u0131r okuna t\u0131klay\u0131n ve g\u00f6r\u00fcnt\u00fclemek istedi\u011finiz sayfa numaras\u0131 yazd\u0131rma stilini se\u00e7in, ard\u0131ndan Tamam&#8217;a t\u0131klay\u0131n.<\/li><li> \u00d6nizlemeyi g\u00f6r\u00fcnt\u00fclemek i\u00e7in \u201cBask\u0131 \u00d6nizleme\u201d d\u00fc\u011fmesini t\u0131klay\u0131n. <br><img loading=\"lazy\" decoding=\"async\" title=\"9 sayfal\u0131k konfig\u00fcrasyon penceresi\" src=\"https:\/\/exceladvisor.org\/wp-content\/uploads\/2023\/08\/Fenetre-de-configuration-de-9-pages.png\" sizes=\"auto, \" srcset=\"\" alt=\"page-setup-window\" width=\"414\" height=\"452\"><\/li><li> Tamam&#8217;\u0131 t\u0131klatt\u0131\u011f\u0131n\u0131zda, se\u00e7ilen t\u00fcm sayfalar, ilk sayfan\u0131n ilk sayfas\u0131ndan ba\u015flayarak seri olarak sayfa numaralar\u0131n\u0131 alacakt\u0131r.<\/li><\/ol><h2 class=\"wp-block-heading\"> Ba\u015flang\u0131\u00e7 sayfa numaras\u0131n\u0131 \u00f6zelle\u015ftirin<\/h2><p> Excel&#8217;de varsay\u0131lan olarak sayfa numaras\u0131 sayfa 1 ile ba\u015flar ancak kullan\u0131c\u0131lar ilk sayfan\u0131n ba\u015flang\u0131\u00e7 numaras\u0131n\u0131 de\u011fi\u015ftirme se\u00e7ene\u011fine sahiptir.<\/p><ol><li> \u0130lk \u00f6nce \u201cSayfa D\u00fczeni\u201d sekmesine gidin ve \u201cSayfa Yap\u0131s\u0131\u201d ileti\u015fim kutusu ba\u015flat\u0131c\u0131s\u0131na t\u0131klay\u0131n. <br><img loading=\"lazy\" decoding=\"async\" title=\"10 sayfal\u0131k kurulum diyalog ba\u015flat\u0131c\u0131s\u0131\" src=\"https:\/\/exceladvisor.org\/wp-content\/uploads\/2023\/08\/Lanceur-de-dialogue-de-configuration-de-10-pages.png\" sizes=\"auto, \" srcset=\"\" alt=\"page-setup-dialogue-launcher\" width=\"458\" height=\"137\"><\/li><li> Bundan sonra \u201cSayfa Yap\u0131s\u0131\u201d penceresinde \u201cSayfa\u201d sekmesini se\u00e7in.<\/li><li> \u015eimdi ilk sayfa numaran\u0131z\u0131 ba\u015flatmak istedi\u011finiz \u201c\u0130lk Sayfa Numaras\u0131\u201d s\u00fctununa numaray\u0131 girin ve Tamam&#8217;\u0131 t\u0131klay\u0131n. <br><img loading=\"lazy\" decoding=\"async\" title=\"11-\u00f6zel-sayfa-numaras\u0131\" src=\"https:\/\/exceladvisor.org\/wp-content\/uploads\/2023\/08\/11-personnaliser-le-numero-de-page.png\" sizes=\"auto, \" srcset=\"\" alt=\"customize-page-number\" width=\"430\" height=\"470\"><\/li><\/ol><h2 class=\"wp-block-heading\"> \u00c7ift ve tek sayfalar i\u00e7in farkl\u0131 bir sayfa numaras\u0131 stili ekleyin<\/h2><ol><li> \u00d6ncelikle \u201cG\u00f6r\u00fcn\u00fcm\u201d sekmesine gidin, ard\u0131ndan \u201c\u00c7al\u0131\u015fma Kitab\u0131 G\u00f6r\u00fcn\u00fcmleri\u201d grubunun alt\u0131ndaki \u201cSayfa D\u00fczeni\u201d simgesine t\u0131klay\u0131n. <br><img loading=\"lazy\" decoding=\"async\" title=\"12 sekme d\u00fczeni\" src=\"https:\/\/exceladvisor.org\/wp-content\/uploads\/2023\/08\/Disposition-de-la-page-a-12-onglets-de-vue.png\" sizes=\"auto, \" srcset=\"\" alt=\"view-tab-page-layout\" width=\"760\" height=\"131\"><\/li><li> Bundan sonra sayfay\u0131 a\u015fa\u011f\u0131 kayd\u0131r\u0131n ve ilk sayfan\u0131n &#8220;Altbilgi&#8221; s\u00fctununa t\u0131klay\u0131n.<\/li><li> \u015eimdi \u201cTasar\u0131m\u201d sekmesine gidin ve \u015feritteki \u201cFarkl\u0131 \u00e7ift ve tek sayfalar\u201d simgesini kontrol edin<\/li><li> Sonunda tek sayfalar i\u00e7in g\u00f6r\u00fcnt\u00fclemek istedi\u011finiz sayfa numaras\u0131 yazd\u0131rma stilini se\u00e7in. <br><img loading=\"lazy\" decoding=\"async\" class=\"alignnone  wp-image-12920\" src=\"https:\/\/exceladvisor.org\/wp-content\/uploads\/2023\/11\/Liste-deroulante-de-13-pied-de-page.png\" alt=\"13 Altbilgi A\u00e7\u0131l\u0131r Men\u00fcs\u00fc\" width=\"701\" height=\"398\" srcset=\"https:\/\/exceladvisor.org\/wp-content\/uploads\/2023\/11\/Liste-deroulante-de-13-pied-de-page.png 1185w, https:\/\/exceladvisor.org\/wp-content\/uploads\/2023\/11\/Liste-deroulante-de-13-pied-de-page-300x170.png 300w, https:\/\/exceladvisor.org\/wp-content\/uploads\/2023\/11\/Liste-deroulante-de-13-pied-de-page-1024x582.png 1024w, https:\/\/exceladvisor.org\/wp-content\/uploads\/2023\/11\/Liste-deroulante-de-13-pied-de-page-768x436.png 768w\" sizes=\"auto, (max-width: 701px) 100vw, 701px\"><\/li><li> \u015eu anda tek sayfalar i\u00e7in se\u00e7ti\u011finiz sayfa numaras\u0131 yazd\u0131rma stilindeki sayfa numaralar\u0131n\u0131z eklenir. <br><img loading=\"lazy\" decoding=\"async\" title=\"14 tek sayfa numaras\u0131\" src=\"https:\/\/exceladvisor.org\/wp-content\/uploads\/2023\/08\/14-numero-de-page-impair.png\" sizes=\"auto, \" srcset=\"\" alt=\"odd-page-number\" width=\"703\" height=\"142\"><\/li><li> Yine sayfay\u0131 a\u015fa\u011f\u0131 do\u011fru kayd\u0131rarak bir sonraki sayfaya yani 2 numaral\u0131 sayfaya gidin ve o sayfan\u0131n \u201cAltbilgi\u201d s\u00fctununu se\u00e7in.<\/li><li> Daha sonra ilk sayfan\u0131n \u201cAltbilgi\u201d s\u00fctununda yapt\u0131\u011f\u0131n\u0131z i\u015flemin ayn\u0131s\u0131n\u0131 tek sayfalar i\u00e7in de tekrarlay\u0131n.<\/li><li> \u015eu anda \u00e7ift sayfalar i\u00e7in se\u00e7ti\u011finiz sayfa numaras\u0131 yazd\u0131rma stilindeki sayfa numaralar\u0131n\u0131z eklenir. <br><img loading=\"lazy\" decoding=\"async\" title=\"15 \u00e7ift sayfa numaras\u0131\" src=\"https:\/\/exceladvisor.org\/wp-content\/uploads\/2023\/08\/15-numero-de-page-pair.png\" sizes=\"auto, \" srcset=\"\" alt=\"even-page-number\" width=\"738\" height=\"145\"><\/li><li> \u00c7ift ve tek altbilgilerle i\u015finiz bitti\u011finde, \u00e7ift ve tek say\u0131lar\u0131n\u0131z, se\u00e7ti\u011finiz sayfa numaras\u0131 yazd\u0131rma stillerine ba\u011fl\u0131 olarak iki farkl\u0131 stilde yazd\u0131r\u0131lacakt\u0131r.<\/li><\/ol><h2 class=\"wp-block-heading\"> \u00dcstbilgi ve altbilgiyi kullanarak sayfa numaralar\u0131n\u0131 kald\u0131rma<\/h2><ol><li> \u0130lk \u00f6nce \u201c\u00dcstbilgi ve Altbilgi\u201d se\u00e7eneklerini a\u00e7\u0131n.<\/li><li> Bundan sonra Excel sayfas\u0131n\u0131 a\u015fa\u011f\u0131 kayd\u0131r\u0131n ve sayfa numaras\u0131 kodunu ekledi\u011finiz \u201cAltbilgi\u201d s\u00fctununa t\u0131klay\u0131n.<\/li><li> \u015eimdi sayfa numaras\u0131 kodunun tamam\u0131n\u0131 se\u00e7in ve sil tu\u015funa bas\u0131n. <\/li><\/ol><div class=\"wp-block-image\"><figure class=\"aligncenter size-full is-resized\"><img loading=\"lazy\" decoding=\"async\" class=\"wp-image-64756\" src=\"https:\/\/exceladvisor.org\/wp-content\/uploads\/2023\/08\/16-supprimer-le-numero-de-page.png\" sizes=\"auto, \" srcset=\"\" alt=\"sayfa numaras\u0131n\u0131 kald\u0131r\" width=\"728\" height=\"135\"><\/figure><\/div><h2 class=\"wp-block-heading\"> Sayfa Yap\u0131s\u0131 ileti\u015fim kutusunu kullanarak sayfa numaralar\u0131n\u0131 kald\u0131r\u0131n<\/h2><ol><li> \u0130lk \u00f6nce \u201cSayfa D\u00fczeni\u201d sekmesine gidin ve \u201cSayfa Yap\u0131s\u0131\u201d ileti\u015fim kutusu ba\u015flat\u0131c\u0131s\u0131na t\u0131klay\u0131n.<\/li><li> Bundan sonra \u201c\u00dcstbilgi\/Altbilgi\u201d sekmesini se\u00e7in ve \u201c\u00d6zel Altbilgi\u201d se\u00e7ene\u011fine t\u0131klay\u0131n. <br><img loading=\"lazy\" decoding=\"async\" title=\"17 \u00f6zel altbilgi se\u00e7ene\u011fi\" src=\"https:\/\/exceladvisor.org\/wp-content\/uploads\/2023\/08\/17-option-de-pied-de-page-personnalise.png\" sizes=\"auto, \" srcset=\"\" alt=\"custom-footer-option\" width=\"397\" height=\"436\"><\/li><li> \u00c7ift ve tek sayfalar i\u00e7in farkl\u0131 sayfa numaras\u0131 stilleri eklediyseniz, \u015fimdi \u201cTek Alt Bilgi\u201d veya \u201c\u00c7ift Alt Bilgi\u201dyi se\u00e7in.<\/li><li> Sonunda sayfa numaras\u0131 kodunun tamam\u0131n\u0131 se\u00e7in ve Sil&#8217;e bas\u0131n, ard\u0131ndan Tamam&#8217;a t\u0131klay\u0131n. <br><img loading=\"lazy\" decoding=\"async\" title=\"18 tek \u00e7ift sayfan\u0131n altbilgisi\" src=\"https:\/\/exceladvisor.org\/wp-content\/uploads\/2023\/08\/18-pied-de-page-pair-impair.png\" sizes=\"auto, \" srcset=\"\" alt=\"odd-even-page-footer\" width=\"647\" height=\"336\"><\/li><\/ol><div class=\"gb-container gb-container-4db6181c gb-container-mt\"> <a class=\"gb-button gb-button-c5897111 gb-button-text gb-button-mt-button\" href=\"https:\/\/exceladvisor.org\/tr\/excelin-temelleri\/\">Microsoft Excel Temelleri (Bile\u015fenler, Par\u00e7alar ve Bilgi Notlar\u0131)<\/a><h2 class=\"gb-headline gb-headline-665e5f6b gb-headline-text gb-headline-mt-heading\"> \u0130lgili e\u011fitimler <\/h2><div class=\"gb-grid-wrapper gb-grid-wrapper-a20baf7c gb-grid-wrapper-mt-grid\"><div class=\"gb-grid-column gb-grid-column-65ddf67e\"><div class=\"gb-container gb-container-65ddf67e\"><ul><li> <a href=\"https:\/\/exceladvisor.org\/tr\/muhasebe-numarasi-formati\/\">Excel&#8217;de muhasebe numaras\u0131 bi\u00e7imini uygulama<\/a><\/li><li> <a href=\"https:\/\/exceladvisor.org\/tr\/hucre-rengi\/\">Excel&#8217;de bir h\u00fccreye veya sayfan\u0131n tamam\u0131na arka plan rengi uygulama<\/a><\/li><li> <a href=\"https:\/\/exceladvisor.org\/tr\/izgara\/\">Excel k\u0131lavuz \u00e7izgilerini yazd\u0131r\u0131n (silin, k\u0131salt\u0131n ve rengi de\u011fi\u015ftirin)<\/a><\/li><li> <a href=\"https:\/\/exceladvisor.org\/tr\/virgul-stilini-uygula\/\">Excel&#8217;de virg\u00fcl stilini uygulama<\/a><\/li><\/ul><\/div><\/div><\/div><\/div>","protected":false},"excerpt":{"rendered":"","protected":false},"author":1,"featured_media":0,"parent":0,"menu_order":0,"comment_status":"open","ping_status":"closed","template":"","meta":{"ub_ctt_via":"","footnotes":""},"class_list":["post-1843","page","type-page","status-publish","hentry"],"featured_image_src":null,"yoast_head":"<!-- This site is optimized with the Yoast SEO plugin v25.4 - https:\/\/yoast.com\/wordpress\/plugins\/seo\/ -->\n<title>Excel&#039;de sayfa numaras\u0131 nas\u0131l eklenir? (E\u011fitim 2023)<\/title>\n<meta name=\"description\" content=\"Bu dersimizde Excel&#039;de sayfa numaralar\u0131n\u0131n nas\u0131l eklenip kald\u0131r\u0131laca\u011f\u0131n\u0131 \u00f6\u011frenece\u011fiz. Farkl\u0131 yollara bakaca\u011f\u0131z\" \/>\n<meta name=\"robots\" content=\"index, follow, max-snippet:-1, max-image-preview:large, max-video-preview:-1\" \/>\n<link rel=\"canonical\" href=\"https:\/\/exceladvisor.org\/tr\/sayfa-numarasi-ekle\/\" \/>\n<meta property=\"og:locale\" content=\"tr_TR\" \/>\n<meta property=\"og:type\" content=\"article\" \/>\n<meta property=\"og:title\" content=\"Excel&#039;de sayfa numaras\u0131 nas\u0131l eklenir? (E\u011fitim 2023)\" \/>\n<meta property=\"og:description\" content=\"Bu dersimizde Excel&#039;de sayfa numaralar\u0131n\u0131n nas\u0131l eklenip kald\u0131r\u0131laca\u011f\u0131n\u0131 \u00f6\u011frenece\u011fiz. Farkl\u0131 yollara bakaca\u011f\u0131z\" \/>\n<meta property=\"og:url\" content=\"https:\/\/exceladvisor.org\/tr\/sayfa-numarasi-ekle\/\" \/>\n<meta property=\"og:site_name\" content=\"Excel Advisor\" \/>\n<meta property=\"article:modified_time\" content=\"2023-12-10T06:02:23+00:00\" \/>\n<meta property=\"og:image\" content=\"https:\/\/exceladvisor.org\/wp-content\/uploads\/2023\/08\/1-icone-de-mise-en-page.png\" \/>\n<meta name=\"twitter:card\" content=\"summary_large_image\" \/>\n<meta name=\"twitter:label1\" content=\"Tahmini okuma s\u00fcresi\" \/>\n\t<meta name=\"twitter:data1\" content=\"5 dakika\" \/>\n<script type=\"application\/ld+json\" class=\"yoast-schema-graph\">{\"@context\":\"https:\/\/schema.org\",\"@graph\":[{\"@type\":\"WebPage\",\"@id\":\"https:\/\/exceladvisor.org\/tr\/sayfa-numarasi-ekle\/\",\"url\":\"https:\/\/exceladvisor.org\/tr\/sayfa-numarasi-ekle\/\",\"name\":\"Excel&#39;de sayfa numaras\u0131 nas\u0131l eklenir? (E\u011fitim 2023)\",\"isPartOf\":{\"@id\":\"https:\/\/exceladvisor.org\/tr\/#website\"},\"primaryImageOfPage\":{\"@id\":\"https:\/\/exceladvisor.org\/tr\/sayfa-numarasi-ekle\/#primaryimage\"},\"image\":{\"@id\":\"https:\/\/exceladvisor.org\/tr\/sayfa-numarasi-ekle\/#primaryimage\"},\"thumbnailUrl\":\"https:\/\/exceladvisor.org\/wp-content\/uploads\/2023\/08\/1-icone-de-mise-en-page.png\",\"datePublished\":\"2023-10-31T17:48:54+00:00\",\"dateModified\":\"2023-12-10T06:02:23+00:00\",\"description\":\"Bu dersimizde Excel&#39;de sayfa numaralar\u0131n\u0131n nas\u0131l eklenip kald\u0131r\u0131laca\u011f\u0131n\u0131 \u00f6\u011frenece\u011fiz. Farkl\u0131 yollara bakaca\u011f\u0131z\",\"breadcrumb\":{\"@id\":\"https:\/\/exceladvisor.org\/tr\/sayfa-numarasi-ekle\/#breadcrumb\"},\"inLanguage\":\"tr\",\"potentialAction\":[{\"@type\":\"ReadAction\",\"target\":[\"https:\/\/exceladvisor.org\/tr\/sayfa-numarasi-ekle\/\"]}]},{\"@type\":\"ImageObject\",\"inLanguage\":\"tr\",\"@id\":\"https:\/\/exceladvisor.org\/tr\/sayfa-numarasi-ekle\/#primaryimage\",\"url\":\"https:\/\/exceladvisor.org\/wp-content\/uploads\/2023\/08\/1-icone-de-mise-en-page.png\",\"contentUrl\":\"https:\/\/exceladvisor.org\/wp-content\/uploads\/2023\/08\/1-icone-de-mise-en-page.png\"},{\"@type\":\"BreadcrumbList\",\"@id\":\"https:\/\/exceladvisor.org\/tr\/sayfa-numarasi-ekle\/#breadcrumb\",\"itemListElement\":[{\"@type\":\"ListItem\",\"position\":1,\"name\":\"Ev\",\"item\":\"https:\/\/exceladvisor.org\/tr\/\"},{\"@type\":\"ListItem\",\"position\":2,\"name\":\"Excel&#39;de sayfa numaras\u0131 nas\u0131l eklenir?\"}]},{\"@type\":\"WebSite\",\"@id\":\"https:\/\/exceladvisor.org\/tr\/#website\",\"url\":\"https:\/\/exceladvisor.org\/tr\/\",\"name\":\"Excel Advisor\",\"description\":\"Veri hakimiyetine y\u00f6nelik nihai rehberiniz!\",\"publisher\":{\"@id\":\"https:\/\/exceladvisor.org\/tr\/#organization\"},\"potentialAction\":[{\"@type\":\"SearchAction\",\"target\":{\"@type\":\"EntryPoint\",\"urlTemplate\":\"https:\/\/exceladvisor.org\/tr\/?s={search_term_string}\"},\"query-input\":{\"@type\":\"PropertyValueSpecification\",\"valueRequired\":true,\"valueName\":\"search_term_string\"}}],\"inLanguage\":\"tr\"},{\"@type\":\"Organization\",\"@id\":\"https:\/\/exceladvisor.org\/tr\/#organization\",\"name\":\"Excel Advisor\",\"url\":\"https:\/\/exceladvisor.org\/tr\/\",\"logo\":{\"@type\":\"ImageObject\",\"inLanguage\":\"tr\",\"@id\":\"https:\/\/exceladvisor.org\/tr\/#\/schema\/logo\/image\/\",\"url\":\"https:\/\/exceladvisor.org\/tr\/wp-content\/uploads\/2023\/12\/exceladvisor.org_.png\",\"contentUrl\":\"https:\/\/exceladvisor.org\/tr\/wp-content\/uploads\/2023\/12\/exceladvisor.org_.png\",\"width\":105,\"height\":36,\"caption\":\"Excel Advisor\"},\"image\":{\"@id\":\"https:\/\/exceladvisor.org\/tr\/#\/schema\/logo\/image\/\"}}]}<\/script>\n<!-- \/ Yoast SEO plugin. -->","yoast_head_json":{"title":"Excel&#39;de sayfa numaras\u0131 nas\u0131l eklenir? (E\u011fitim 2023)","description":"Bu dersimizde Excel&#39;de sayfa numaralar\u0131n\u0131n nas\u0131l eklenip kald\u0131r\u0131laca\u011f\u0131n\u0131 \u00f6\u011frenece\u011fiz. Farkl\u0131 yollara bakaca\u011f\u0131z","robots":{"index":"index","follow":"follow","max-snippet":"max-snippet:-1","max-image-preview":"max-image-preview:large","max-video-preview":"max-video-preview:-1"},"canonical":"https:\/\/exceladvisor.org\/tr\/sayfa-numarasi-ekle\/","og_locale":"tr_TR","og_type":"article","og_title":"Excel&#39;de sayfa numaras\u0131 nas\u0131l eklenir? (E\u011fitim 2023)","og_description":"Bu dersimizde Excel&#39;de sayfa numaralar\u0131n\u0131n nas\u0131l eklenip kald\u0131r\u0131laca\u011f\u0131n\u0131 \u00f6\u011frenece\u011fiz. Farkl\u0131 yollara bakaca\u011f\u0131z","og_url":"https:\/\/exceladvisor.org\/tr\/sayfa-numarasi-ekle\/","og_site_name":"Excel Advisor","article_modified_time":"2023-12-10T06:02:23+00:00","og_image":[{"url":"https:\/\/exceladvisor.org\/wp-content\/uploads\/2023\/08\/1-icone-de-mise-en-page.png","type":"","width":"","height":""}],"twitter_card":"summary_large_image","twitter_misc":{"Tahmini okuma s\u00fcresi":"5 dakika"},"schema":{"@context":"https:\/\/schema.org","@graph":[{"@type":"WebPage","@id":"https:\/\/exceladvisor.org\/tr\/sayfa-numarasi-ekle\/","url":"https:\/\/exceladvisor.org\/tr\/sayfa-numarasi-ekle\/","name":"Excel&#39;de sayfa numaras\u0131 nas\u0131l eklenir? (E\u011fitim 2023)","isPartOf":{"@id":"https:\/\/exceladvisor.org\/tr\/#website"},"primaryImageOfPage":{"@id":"https:\/\/exceladvisor.org\/tr\/sayfa-numarasi-ekle\/#primaryimage"},"image":{"@id":"https:\/\/exceladvisor.org\/tr\/sayfa-numarasi-ekle\/#primaryimage"},"thumbnailUrl":"https:\/\/exceladvisor.org\/wp-content\/uploads\/2023\/08\/1-icone-de-mise-en-page.png","datePublished":"2023-10-31T17:48:54+00:00","dateModified":"2023-12-10T06:02:23+00:00","description":"Bu dersimizde Excel&#39;de sayfa numaralar\u0131n\u0131n nas\u0131l eklenip kald\u0131r\u0131laca\u011f\u0131n\u0131 \u00f6\u011frenece\u011fiz. Farkl\u0131 yollara bakaca\u011f\u0131z","breadcrumb":{"@id":"https:\/\/exceladvisor.org\/tr\/sayfa-numarasi-ekle\/#breadcrumb"},"inLanguage":"tr","potentialAction":[{"@type":"ReadAction","target":["https:\/\/exceladvisor.org\/tr\/sayfa-numarasi-ekle\/"]}]},{"@type":"ImageObject","inLanguage":"tr","@id":"https:\/\/exceladvisor.org\/tr\/sayfa-numarasi-ekle\/#primaryimage","url":"https:\/\/exceladvisor.org\/wp-content\/uploads\/2023\/08\/1-icone-de-mise-en-page.png","contentUrl":"https:\/\/exceladvisor.org\/wp-content\/uploads\/2023\/08\/1-icone-de-mise-en-page.png"},{"@type":"BreadcrumbList","@id":"https:\/\/exceladvisor.org\/tr\/sayfa-numarasi-ekle\/#breadcrumb","itemListElement":[{"@type":"ListItem","position":1,"name":"Ev","item":"https:\/\/exceladvisor.org\/tr\/"},{"@type":"ListItem","position":2,"name":"Excel&#39;de sayfa numaras\u0131 nas\u0131l eklenir?"}]},{"@type":"WebSite","@id":"https:\/\/exceladvisor.org\/tr\/#website","url":"https:\/\/exceladvisor.org\/tr\/","name":"Excel Advisor","description":"Veri hakimiyetine y\u00f6nelik nihai rehberiniz!","publisher":{"@id":"https:\/\/exceladvisor.org\/tr\/#organization"},"potentialAction":[{"@type":"SearchAction","target":{"@type":"EntryPoint","urlTemplate":"https:\/\/exceladvisor.org\/tr\/?s={search_term_string}"},"query-input":{"@type":"PropertyValueSpecification","valueRequired":true,"valueName":"search_term_string"}}],"inLanguage":"tr"},{"@type":"Organization","@id":"https:\/\/exceladvisor.org\/tr\/#organization","name":"Excel Advisor","url":"https:\/\/exceladvisor.org\/tr\/","logo":{"@type":"ImageObject","inLanguage":"tr","@id":"https:\/\/exceladvisor.org\/tr\/#\/schema\/logo\/image\/","url":"https:\/\/exceladvisor.org\/tr\/wp-content\/uploads\/2023\/12\/exceladvisor.org_.png","contentUrl":"https:\/\/exceladvisor.org\/tr\/wp-content\/uploads\/2023\/12\/exceladvisor.org_.png","width":105,"height":36,"caption":"Excel Advisor"},"image":{"@id":"https:\/\/exceladvisor.org\/tr\/#\/schema\/logo\/image\/"}}]}},"yoast_meta":{"yoast_wpseo_title":"","yoast_wpseo_metadesc":"","yoast_wpseo_canonical":""},"_links":{"self":[{"href":"https:\/\/exceladvisor.org\/tr\/wp-json\/wp\/v2\/pages\/1843","targetHints":{"allow":["GET"]}}],"collection":[{"href":"https:\/\/exceladvisor.org\/tr\/wp-json\/wp\/v2\/pages"}],"about":[{"href":"https:\/\/exceladvisor.org\/tr\/wp-json\/wp\/v2\/types\/page"}],"author":[{"embeddable":true,"href":"https:\/\/exceladvisor.org\/tr\/wp-json\/wp\/v2\/users\/1"}],"replies":[{"embeddable":true,"href":"https:\/\/exceladvisor.org\/tr\/wp-json\/wp\/v2\/comments?post=1843"}],"version-history":[{"count":1,"href":"https:\/\/exceladvisor.org\/tr\/wp-json\/wp\/v2\/pages\/1843\/revisions"}],"predecessor-version":[{"id":2594,"href":"https:\/\/exceladvisor.org\/tr\/wp-json\/wp\/v2\/pages\/1843\/revisions\/2594"}],"wp:attachment":[{"href":"https:\/\/exceladvisor.org\/tr\/wp-json\/wp\/v2\/media?parent=1843"}],"curies":[{"name":"wp","href":"https:\/\/api.w.org\/{rel}","templated":true}]}}