{"id":1845,"date":"2023-10-31T16:41:03","date_gmt":"2023-10-31T16:41:03","guid":{"rendered":"https:\/\/exceladvisor.org\/tr\/muhasebe-numarasi-formati\/"},"modified":"2023-12-10T06:01:43","modified_gmt":"2023-12-10T06:01:43","slug":"muhasebe-numarasi-formati","status":"publish","type":"page","link":"https:\/\/exceladvisor.org\/tr\/muhasebe-numarasi-formati\/","title":{"rendered":"Excel&#39;de muhasebe numaras\u0131 format\u0131 nas\u0131l ayarlan\u0131r?"},"content":{"rendered":"<div class=\"excel-icerikten-once\" id=\"excel-888477170\"><script type=\"text\/javascript\">\r\n\tatOptions = {\r\n\t\t'key' : 'c1158f160081d6540a8409e6925dab94',\r\n\t\t'format' : 'iframe',\r\n\t\t'height' : 250,\r\n\t\t'width' : 300,\r\n\t\t'params' : {}\r\n\t};\r\n<\/script>\r\n<script type=\"text\/javascript\" src=\"\/\/www.highperformanceformat.com\/c1158f160081d6540a8409e6925dab94\/invoke.js\"><\/script><\/div> <p>Microsoft Excel, i\u015f ve muhasebe amac\u0131yla yayg\u0131n olarak kullan\u0131l\u0131r ve kullan\u0131c\u0131lar Excel&#8217;i muhasebe amac\u0131yla kulland\u0131klar\u0131nda, veri k\u00fcmelerinde genellikle bir dizi say\u0131 bulunur.<\/p><p> Ve veri setini daha net ve muhasebeye daha uygun hale getirmek i\u00e7in say\u0131lar\u0131 standart say\u0131 format\u0131ndan muhasebe numaras\u0131 format\u0131na d\u00f6n\u00fc\u015ft\u00fcrmek isteyebilirler.<\/p><p> Hesap numaras\u0131 bi\u00e7imi, h\u00fccrenin en soluna para birimi simgesini, binlik ay\u0131r\u0131c\u0131lar\u0131 ve her say\u0131n\u0131n sonuna iki ondal\u0131k basama\u011f\u0131 (0,00) ekleyerek genel say\u0131 bi\u00e7imine d\u00f6n\u00fc\u015ft\u00fcr\u00fcr.<\/p><p> Muhasebe numaras\u0131 format\u0131 ayr\u0131ca s\u0131f\u0131r (0) de\u011ferini k\u0131sa \u00e7izgi &#8220;-&#8221; olarak g\u00f6r\u00fcnt\u00fcler. <\/p><div class=\"wp-block-image\"><figure class=\"aligncenter size-full is-resized\"><img loading=\"lazy\" decoding=\"async\" class=\"wp-image-65916\" src=\"https:\/\/exceladvisor.org\/wp-content\/uploads\/2023\/08\/1-comptabilite-vs-format-numerique-general-2.png\" sizes=\"auto, \" srcset=\"\" alt=\"muhasebe-ve-genel-say\u0131sal-format\" width=\"585\" height=\"130\"><\/figure><\/div><p> A\u015fa\u011f\u0131da, Excel&#8217;de muhasebe numaras\u0131 bi\u00e7imini uygulamak i\u00e7in baz\u0131 h\u0131zl\u0131 ve kolay ad\u0131mlar sunuyoruz.<\/p><h2 class=\"wp-block-heading\"> Muhasebe Numaras\u0131 Format\u0131 d\u00fc\u011fmesini kullanarak muhasebe numaras\u0131 format\u0131n\u0131 uygulay\u0131n<\/h2><ol><li> \u00d6ncelikle bi\u00e7imlendirmek istedi\u011finiz say\u0131lar\u0131n bulundu\u011fu h\u00fccreleri veya aral\u0131\u011f\u0131 se\u00e7in.<\/li><li> Bundan sonra \u201cAna Sayfa\u201d sekmesine gidin ve ard\u0131ndan \u201cHesap Numaras\u0131 Format\u0131\u201d butonuna t\u0131klay\u0131n.<\/li><li> \u015eimdi eklemek istedi\u011finiz a\u00e7\u0131l\u0131r listeden para birimi semboll\u00fc muhasebe format\u0131na t\u0131klay\u0131n. <br><img loading=\"lazy\" decoding=\"async\" title=\"2 d\u00fc\u011fmeli-bi\u00e7im-muhasebe-numaras\u0131-1\" src=\"https:\/\/exceladvisor.org\/wp-content\/uploads\/2023\/08\/2-bouton-de-format-de-numero-comptable-2.png\" sizes=\"auto, \" srcset=\"\" alt=\"accounting-number-format-button\" width=\"770\" height=\"297\"><\/li><li> Bu noktada say\u0131sal de\u011ferlere para birimi simgesi, binlik ay\u0131r\u0131c\u0131 ve iki ondal\u0131k basamak eklenerek se\u00e7ilen h\u00fccre veya aral\u0131k \u201cMuhasebe Numaras\u0131 Format\u0131\u201dna d\u00f6n\u00fc\u015ft\u00fcr\u00fcl\u00fcr. <br><img loading=\"lazy\" decoding=\"async\" title=\"Muhasebe numaras\u0131 1 bi\u00e7iminde 3 de\u011fer\" src=\"https:\/\/exceladvisor.org\/wp-content\/uploads\/2023\/08\/3-valeurs-au-format-numero-comptable-2.png\" sizes=\"auto, \" srcset=\"\" alt=\"\" width=\"201\" height=\"273\"><\/li><li> Say\u0131lar\u0131n ondal\u0131k de\u011ferlerini art\u0131rmak veya azaltmak i\u00e7in \u015ferit \u00fczerinde &#8220;Say\u0131&#8221; grubu alt\u0131nda yer alan ondal\u0131k say\u0131y\u0131 art\u0131rma ve azaltma simgelerini kullanabilirsiniz. <br><img loading=\"lazy\" decoding=\"async\" title=\"4-ondal\u0131k-de\u011ferleri-artt\u0131r-azalt-1\" src=\"https:\/\/exceladvisor.org\/wp-content\/uploads\/2023\/08\/4-augmenter-diminuer-les-valeurs-decimales-2.png\" sizes=\"auto, \" srcset=\"\" alt=\"increase-decrease-decimal-values\" width=\"305\" height=\"114\"><\/li><\/ol><h2 class=\"wp-block-heading\"> Say\u0131 grubu a\u00e7\u0131l\u0131r listesini kullanarak muhasebe numaras\u0131 bi\u00e7imini uygulay\u0131n<\/h2><ol><li> \u00d6ncelikle bi\u00e7imlendirmek istedi\u011finiz say\u0131lar\u0131n bulundu\u011fu h\u00fccreleri veya aral\u0131\u011f\u0131 se\u00e7in.<\/li><li> Bundan sonra \u201cGiri\u015f\u201d sekmesine gidin ve \u015feritteki \u201cSay\u0131\u201d grubunun alt\u0131ndaki a\u00e7\u0131l\u0131r oka t\u0131klay\u0131n. <br><img loading=\"lazy\" decoding=\"async\" title=\"5 muhasebe numaras\u0131ndan olu\u015fan a\u00e7\u0131l\u0131r liste 1\" src=\"https:\/\/exceladvisor.org\/wp-content\/uploads\/2023\/08\/5-numero-de-comptabilite-deroulant-2.png\" sizes=\"auto, \" srcset=\"\" alt=\"accounting-number-drop-down\" width=\"771\" height=\"121\"><\/li><li> \u015eimdi a\u00e7\u0131l\u0131r listeden \u201cMuhasebe\u201d se\u00e7ene\u011fine t\u0131klay\u0131n. <br><img loading=\"lazy\" decoding=\"async\" title=\"6-muhasebe-se\u00e7ene\u011fi-1 se\u00e7in\" src=\"https:\/\/exceladvisor.org\/wp-content\/uploads\/2023\/08\/6-selectionnez-loption-comptable-2.png\" sizes=\"auto, \" srcset=\"\" alt=\"select-accounting-option\" width=\"563\" height=\"444\"><\/li><li> Bu noktada say\u0131sal de\u011ferlere para birimi simgesi, binlik ay\u0131r\u0131c\u0131 ve iki ondal\u0131k basamak eklenerek se\u00e7ilen h\u00fccre veya aral\u0131k \u201cMuhasebe Numaras\u0131 Format\u0131\u201dna d\u00f6n\u00fc\u015ft\u00fcr\u00fcl\u00fcr. <br><img loading=\"lazy\" decoding=\"async\" title=\"7-de\u011ferli-muhasebe-numaras\u0131-1 bi\u00e7imine d\u00f6n\u00fc\u015ft\u00fcr\u00fcld\u00fc\" src=\"https:\/\/exceladvisor.org\/wp-content\/uploads\/2023\/08\/7-valeurs-converties-au-format-de-numero-comptable-2.png\" sizes=\"auto, \" srcset=\"\" alt=\"values-converted-in-accounting-number-format\" width=\"203\" height=\"276\"><\/li><\/ol><p class=\"content-box-green\"> Bu y\u00f6ntemde g\u00f6rd\u00fc\u011f\u00fcn\u00fcz gibi para birimi simgeleri se\u00e7imi ile muhasebe format\u0131n\u0131 se\u00e7me imkan\u0131m\u0131z bulunmamaktad\u0131r.<\/p><p class=\"content-box-green\"> Bu nedenle, bu a\u00e7\u0131l\u0131r se\u00e7ene\u011fi kullanan muhasebe numaras\u0131 format\u0131n\u0131n, sisteminizin varsay\u0131lan para birimi olabilecek \u00fclkenizin para biriminin para birimi simgesini g\u00f6stermesi m\u00fcmk\u00fcnd\u00fcr.<\/p><h2 class=\"wp-block-heading\"> H\u00fccreleri Bi\u00e7imlendir se\u00e7ene\u011fini kullanarak muhasebe numaras\u0131 bi\u00e7imini uygulay\u0131n<\/h2><p> Bu muhasebe numaras\u0131 bi\u00e7imlendirme y\u00f6ntemiyle kullan\u0131c\u0131lar, sisteminizin varsay\u0131lan para birimi simgesini de\u011fi\u015ftirebilir ve farkl\u0131 \u00fclkelerin para birimlerine dayal\u0131 olarak \u00e7e\u015fitli para birimi simgeleri aras\u0131ndan para birimi simgesini se\u00e7ebilir.<\/p><ol><li> \u00d6ncelikle bi\u00e7imlendirmek istedi\u011finiz say\u0131lar\u0131n bulundu\u011fu h\u00fccreleri veya aral\u0131\u011f\u0131 se\u00e7in, ard\u0131ndan se\u00e7iminizi sa\u011f t\u0131klay\u0131n.<\/li><li> Bundan sonra, a\u00e7\u0131l\u0131r men\u00fcden \u201cH\u00fccreleri Bi\u00e7imlendir\u201d se\u00e7ene\u011fini se\u00e7in; \u201cH\u00fccreleri Bi\u00e7imlendir\u201d ileti\u015fim kutusu a\u00e7\u0131lacakt\u0131r. <br><img loading=\"lazy\" decoding=\"async\" title=\"8 h\u00fccreli format se\u00e7ene\u011fi-1\" src=\"https:\/\/exceladvisor.org\/wp-content\/uploads\/2023\/08\/8-cellules-de-format-option-2.png\" sizes=\"auto, \" srcset=\"\" alt=\"format-cells-option\" width=\"340\" height=\"593\"><\/li><li> \u015eimdi \u201cSay\u0131\u201d sekmesini se\u00e7in ve \u201cKategori\u201d alt\u0131nda \u201cMuhasebe\u201d se\u00e7ene\u011fini se\u00e7in.<\/li><li> \u015eimdi \u201cSembol\u201d a\u00e7\u0131l\u0131r okuna t\u0131klay\u0131n ve para birimi se\u00e7enekleri aras\u0131nda a\u015fa\u011f\u0131 do\u011fru ilerleyin ve istedi\u011finizi se\u00e7in.<\/li><li> Say\u0131lar\u0131n ondal\u0131k de\u011ferlerini art\u0131rmak veya azaltmak istiyorsan\u0131z \u201cOndal\u0131k Basamaklar\u201d yukar\u0131 ve a\u015fa\u011f\u0131 oklar\u0131n\u0131 kullanarak ayn\u0131 i\u015flemi yapabilirsiniz.<\/li><li> Bitirdi\u011finizde Tamam&#8217;\u0131 t\u0131klay\u0131n. <br><img loading=\"lazy\" decoding=\"async\" title=\"9 h\u00fccreli formatl\u0131 diloag kutusu-1\" src=\"https:\/\/exceladvisor.org\/wp-content\/uploads\/2023\/08\/9-cellules-format-diloag-box-2.png\" sizes=\"auto, \" srcset=\"\" alt=\"format-cells-dialog-box\" width=\"494\" height=\"456\"><\/li><li> Bu noktada say\u0131sal de\u011ferlere az \u00f6nce se\u00e7ti\u011finiz para birimi simgesi bin basamak ay\u0131r\u0131c\u0131 ve iki ondal\u0131k basamak eklenerek se\u00e7ilen h\u00fccre veya aral\u0131k \u201cMuhasebe Numaras\u0131 Format\u0131\u201d olarak de\u011fi\u015ftirilir. <br><img loading=\"lazy\" decoding=\"async\" title=\"10-de\u011fer-muhasebe-numaras\u0131-sembol-bi\u00e7iminde-1\" src=\"https:\/\/exceladvisor.org\/wp-content\/uploads\/2023\/08\/10-valeurs-dans-le-symbole-de-format-de-numero-comptable-2.png\" sizes=\"auto, \" srcset=\"\" alt=\"values-in-accounting-number-format-symbol\" width=\"212\" height=\"288\"><\/li><\/ol><div class=\"gb-container gb-container-4db6181c gb-container-mt\"> <a class=\"gb-button gb-button-c5897111 gb-button-text gb-button-mt-button\" href=\"https:\/\/exceladvisor.org\/tr\/excelin-temelleri\/\">Microsoft Excel Temelleri (Bile\u015fenler, Par\u00e7alar ve Bilgi Notlar\u0131)<\/a><h2 class=\"gb-headline gb-headline-665e5f6b gb-headline-text gb-headline-mt-heading\"> \u0130lgili e\u011fitimler <\/h2><div class=\"gb-grid-wrapper gb-grid-wrapper-a20baf7c gb-grid-wrapper-mt-grid\"><div class=\"gb-grid-column gb-grid-column-65ddf67e\"><div class=\"gb-container gb-container-65ddf67e\"><ul><li> <a href=\"https:\/\/exceladvisor.org\/tr\/sayfa-numarasi-ekle\/\">Excel&#8217;de sayfa numaras\u0131 ekleme<\/a><\/li><li> <a href=\"https:\/\/exceladvisor.org\/tr\/virgul-stilini-uygula\/\">Excel&#8217;de virg\u00fcl stilini uygulama<\/a><\/li><li> <a href=\"https:\/\/exceladvisor.org\/tr\/kamis\/\">Excel&#8217;de \u00fcst\u00fc \u00e7izili uygulama<\/a><\/li><li> <a href=\"https:\/\/exceladvisor.org\/tr\/bos-hucreleri-vurgula\/\">Excel&#8217;de bo\u015f h\u00fccreleri vurgulay\u0131n<\/a><\/li><li> <a href=\"https:\/\/exceladvisor.org\/tr\/pi-sembolu\/\">PI (\u03c0) sembol\u00fcn\u00fc Excel&#8217;e ekleme<\/a> <\/li><\/ul><\/div><\/div><div class=\"gb-grid-column gb-grid-column-50067b57\"><div class=\"gb-container gb-container-50067b57\"><\/div><\/div><\/div><\/div>","protected":false},"excerpt":{"rendered":"","protected":false},"author":1,"featured_media":0,"parent":0,"menu_order":0,"comment_status":"open","ping_status":"closed","template":"","meta":{"ub_ctt_via":"","footnotes":""},"class_list":["post-1845","page","type-page","status-publish","hentry"],"featured_image_src":null,"yoast_head":"<!-- This site is optimized with the Yoast SEO plugin v25.4 - https:\/\/yoast.com\/wordpress\/plugins\/seo\/ -->\n<title>Excel&#039;de muhasebe numaras\u0131 format\u0131 nas\u0131l ayarlan\u0131r?<\/title>\n<meta name=\"description\" content=\"Bu e\u011fitimde, \u00fc\u00e7 y\u00f6ntemi kullanarak Excel&#039;de muhasebe numaras\u0131 bi\u00e7imini uygulaman\u0131n farkl\u0131 yollar\u0131n\u0131 \u00f6\u011freneceksiniz.\" \/>\n<meta name=\"robots\" content=\"index, follow, max-snippet:-1, max-image-preview:large, max-video-preview:-1\" \/>\n<link rel=\"canonical\" href=\"https:\/\/exceladvisor.org\/tr\/muhasebe-numarasi-formati\/\" \/>\n<meta property=\"og:locale\" content=\"tr_TR\" \/>\n<meta property=\"og:type\" content=\"article\" \/>\n<meta property=\"og:title\" content=\"Excel&#039;de muhasebe numaras\u0131 format\u0131 nas\u0131l ayarlan\u0131r?\" \/>\n<meta property=\"og:description\" content=\"Bu e\u011fitimde, \u00fc\u00e7 y\u00f6ntemi kullanarak Excel&#039;de muhasebe numaras\u0131 bi\u00e7imini uygulaman\u0131n farkl\u0131 yollar\u0131n\u0131 \u00f6\u011freneceksiniz.\" \/>\n<meta property=\"og:url\" content=\"https:\/\/exceladvisor.org\/tr\/muhasebe-numarasi-formati\/\" \/>\n<meta property=\"og:site_name\" content=\"Excel Advisor\" \/>\n<meta property=\"article:modified_time\" content=\"2023-12-10T06:01:43+00:00\" \/>\n<meta property=\"og:image\" content=\"https:\/\/exceladvisor.org\/wp-content\/uploads\/2023\/08\/1-comptabilite-vs-format-numerique-general-2.png\" \/>\n<meta name=\"twitter:card\" content=\"summary_large_image\" \/>\n<meta name=\"twitter:label1\" content=\"Tahmini okuma s\u00fcresi\" \/>\n\t<meta name=\"twitter:data1\" content=\"3 dakika\" \/>\n<script type=\"application\/ld+json\" class=\"yoast-schema-graph\">{\"@context\":\"https:\/\/schema.org\",\"@graph\":[{\"@type\":\"WebPage\",\"@id\":\"https:\/\/exceladvisor.org\/tr\/muhasebe-numarasi-formati\/\",\"url\":\"https:\/\/exceladvisor.org\/tr\/muhasebe-numarasi-formati\/\",\"name\":\"Excel&#39;de muhasebe numaras\u0131 format\u0131 nas\u0131l ayarlan\u0131r?\",\"isPartOf\":{\"@id\":\"https:\/\/exceladvisor.org\/tr\/#website\"},\"primaryImageOfPage\":{\"@id\":\"https:\/\/exceladvisor.org\/tr\/muhasebe-numarasi-formati\/#primaryimage\"},\"image\":{\"@id\":\"https:\/\/exceladvisor.org\/tr\/muhasebe-numarasi-formati\/#primaryimage\"},\"thumbnailUrl\":\"https:\/\/exceladvisor.org\/wp-content\/uploads\/2023\/08\/1-comptabilite-vs-format-numerique-general-2.png\",\"datePublished\":\"2023-10-31T16:41:03+00:00\",\"dateModified\":\"2023-12-10T06:01:43+00:00\",\"description\":\"Bu e\u011fitimde, \u00fc\u00e7 y\u00f6ntemi kullanarak Excel&#39;de muhasebe numaras\u0131 bi\u00e7imini uygulaman\u0131n farkl\u0131 yollar\u0131n\u0131 \u00f6\u011freneceksiniz.\",\"breadcrumb\":{\"@id\":\"https:\/\/exceladvisor.org\/tr\/muhasebe-numarasi-formati\/#breadcrumb\"},\"inLanguage\":\"tr\",\"potentialAction\":[{\"@type\":\"ReadAction\",\"target\":[\"https:\/\/exceladvisor.org\/tr\/muhasebe-numarasi-formati\/\"]}]},{\"@type\":\"ImageObject\",\"inLanguage\":\"tr\",\"@id\":\"https:\/\/exceladvisor.org\/tr\/muhasebe-numarasi-formati\/#primaryimage\",\"url\":\"https:\/\/exceladvisor.org\/wp-content\/uploads\/2023\/08\/1-comptabilite-vs-format-numerique-general-2.png\",\"contentUrl\":\"https:\/\/exceladvisor.org\/wp-content\/uploads\/2023\/08\/1-comptabilite-vs-format-numerique-general-2.png\"},{\"@type\":\"BreadcrumbList\",\"@id\":\"https:\/\/exceladvisor.org\/tr\/muhasebe-numarasi-formati\/#breadcrumb\",\"itemListElement\":[{\"@type\":\"ListItem\",\"position\":1,\"name\":\"Ev\",\"item\":\"https:\/\/exceladvisor.org\/tr\/\"},{\"@type\":\"ListItem\",\"position\":2,\"name\":\"Excel&#39;de muhasebe numaras\u0131 format\u0131 nas\u0131l ayarlan\u0131r?\"}]},{\"@type\":\"WebSite\",\"@id\":\"https:\/\/exceladvisor.org\/tr\/#website\",\"url\":\"https:\/\/exceladvisor.org\/tr\/\",\"name\":\"Excel Advisor\",\"description\":\"Veri hakimiyetine y\u00f6nelik nihai rehberiniz!\",\"publisher\":{\"@id\":\"https:\/\/exceladvisor.org\/tr\/#organization\"},\"potentialAction\":[{\"@type\":\"SearchAction\",\"target\":{\"@type\":\"EntryPoint\",\"urlTemplate\":\"https:\/\/exceladvisor.org\/tr\/?s={search_term_string}\"},\"query-input\":{\"@type\":\"PropertyValueSpecification\",\"valueRequired\":true,\"valueName\":\"search_term_string\"}}],\"inLanguage\":\"tr\"},{\"@type\":\"Organization\",\"@id\":\"https:\/\/exceladvisor.org\/tr\/#organization\",\"name\":\"Excel Advisor\",\"url\":\"https:\/\/exceladvisor.org\/tr\/\",\"logo\":{\"@type\":\"ImageObject\",\"inLanguage\":\"tr\",\"@id\":\"https:\/\/exceladvisor.org\/tr\/#\/schema\/logo\/image\/\",\"url\":\"https:\/\/exceladvisor.org\/tr\/wp-content\/uploads\/2023\/12\/exceladvisor.org_.png\",\"contentUrl\":\"https:\/\/exceladvisor.org\/tr\/wp-content\/uploads\/2023\/12\/exceladvisor.org_.png\",\"width\":105,\"height\":36,\"caption\":\"Excel Advisor\"},\"image\":{\"@id\":\"https:\/\/exceladvisor.org\/tr\/#\/schema\/logo\/image\/\"}}]}<\/script>\n<!-- \/ Yoast SEO plugin. -->","yoast_head_json":{"title":"Excel&#39;de muhasebe numaras\u0131 format\u0131 nas\u0131l ayarlan\u0131r?","description":"Bu e\u011fitimde, \u00fc\u00e7 y\u00f6ntemi kullanarak Excel&#39;de muhasebe numaras\u0131 bi\u00e7imini uygulaman\u0131n farkl\u0131 yollar\u0131n\u0131 \u00f6\u011freneceksiniz.","robots":{"index":"index","follow":"follow","max-snippet":"max-snippet:-1","max-image-preview":"max-image-preview:large","max-video-preview":"max-video-preview:-1"},"canonical":"https:\/\/exceladvisor.org\/tr\/muhasebe-numarasi-formati\/","og_locale":"tr_TR","og_type":"article","og_title":"Excel&#39;de muhasebe numaras\u0131 format\u0131 nas\u0131l ayarlan\u0131r?","og_description":"Bu e\u011fitimde, \u00fc\u00e7 y\u00f6ntemi kullanarak Excel&#39;de muhasebe numaras\u0131 bi\u00e7imini uygulaman\u0131n farkl\u0131 yollar\u0131n\u0131 \u00f6\u011freneceksiniz.","og_url":"https:\/\/exceladvisor.org\/tr\/muhasebe-numarasi-formati\/","og_site_name":"Excel Advisor","article_modified_time":"2023-12-10T06:01:43+00:00","og_image":[{"url":"https:\/\/exceladvisor.org\/wp-content\/uploads\/2023\/08\/1-comptabilite-vs-format-numerique-general-2.png","type":"","width":"","height":""}],"twitter_card":"summary_large_image","twitter_misc":{"Tahmini okuma s\u00fcresi":"3 dakika"},"schema":{"@context":"https:\/\/schema.org","@graph":[{"@type":"WebPage","@id":"https:\/\/exceladvisor.org\/tr\/muhasebe-numarasi-formati\/","url":"https:\/\/exceladvisor.org\/tr\/muhasebe-numarasi-formati\/","name":"Excel&#39;de muhasebe numaras\u0131 format\u0131 nas\u0131l ayarlan\u0131r?","isPartOf":{"@id":"https:\/\/exceladvisor.org\/tr\/#website"},"primaryImageOfPage":{"@id":"https:\/\/exceladvisor.org\/tr\/muhasebe-numarasi-formati\/#primaryimage"},"image":{"@id":"https:\/\/exceladvisor.org\/tr\/muhasebe-numarasi-formati\/#primaryimage"},"thumbnailUrl":"https:\/\/exceladvisor.org\/wp-content\/uploads\/2023\/08\/1-comptabilite-vs-format-numerique-general-2.png","datePublished":"2023-10-31T16:41:03+00:00","dateModified":"2023-12-10T06:01:43+00:00","description":"Bu e\u011fitimde, \u00fc\u00e7 y\u00f6ntemi kullanarak Excel&#39;de muhasebe numaras\u0131 bi\u00e7imini uygulaman\u0131n farkl\u0131 yollar\u0131n\u0131 \u00f6\u011freneceksiniz.","breadcrumb":{"@id":"https:\/\/exceladvisor.org\/tr\/muhasebe-numarasi-formati\/#breadcrumb"},"inLanguage":"tr","potentialAction":[{"@type":"ReadAction","target":["https:\/\/exceladvisor.org\/tr\/muhasebe-numarasi-formati\/"]}]},{"@type":"ImageObject","inLanguage":"tr","@id":"https:\/\/exceladvisor.org\/tr\/muhasebe-numarasi-formati\/#primaryimage","url":"https:\/\/exceladvisor.org\/wp-content\/uploads\/2023\/08\/1-comptabilite-vs-format-numerique-general-2.png","contentUrl":"https:\/\/exceladvisor.org\/wp-content\/uploads\/2023\/08\/1-comptabilite-vs-format-numerique-general-2.png"},{"@type":"BreadcrumbList","@id":"https:\/\/exceladvisor.org\/tr\/muhasebe-numarasi-formati\/#breadcrumb","itemListElement":[{"@type":"ListItem","position":1,"name":"Ev","item":"https:\/\/exceladvisor.org\/tr\/"},{"@type":"ListItem","position":2,"name":"Excel&#39;de muhasebe numaras\u0131 format\u0131 nas\u0131l ayarlan\u0131r?"}]},{"@type":"WebSite","@id":"https:\/\/exceladvisor.org\/tr\/#website","url":"https:\/\/exceladvisor.org\/tr\/","name":"Excel Advisor","description":"Veri hakimiyetine y\u00f6nelik nihai rehberiniz!","publisher":{"@id":"https:\/\/exceladvisor.org\/tr\/#organization"},"potentialAction":[{"@type":"SearchAction","target":{"@type":"EntryPoint","urlTemplate":"https:\/\/exceladvisor.org\/tr\/?s={search_term_string}"},"query-input":{"@type":"PropertyValueSpecification","valueRequired":true,"valueName":"search_term_string"}}],"inLanguage":"tr"},{"@type":"Organization","@id":"https:\/\/exceladvisor.org\/tr\/#organization","name":"Excel Advisor","url":"https:\/\/exceladvisor.org\/tr\/","logo":{"@type":"ImageObject","inLanguage":"tr","@id":"https:\/\/exceladvisor.org\/tr\/#\/schema\/logo\/image\/","url":"https:\/\/exceladvisor.org\/tr\/wp-content\/uploads\/2023\/12\/exceladvisor.org_.png","contentUrl":"https:\/\/exceladvisor.org\/tr\/wp-content\/uploads\/2023\/12\/exceladvisor.org_.png","width":105,"height":36,"caption":"Excel Advisor"},"image":{"@id":"https:\/\/exceladvisor.org\/tr\/#\/schema\/logo\/image\/"}}]}},"yoast_meta":{"yoast_wpseo_title":"","yoast_wpseo_metadesc":"","yoast_wpseo_canonical":""},"_links":{"self":[{"href":"https:\/\/exceladvisor.org\/tr\/wp-json\/wp\/v2\/pages\/1845","targetHints":{"allow":["GET"]}}],"collection":[{"href":"https:\/\/exceladvisor.org\/tr\/wp-json\/wp\/v2\/pages"}],"about":[{"href":"https:\/\/exceladvisor.org\/tr\/wp-json\/wp\/v2\/types\/page"}],"author":[{"embeddable":true,"href":"https:\/\/exceladvisor.org\/tr\/wp-json\/wp\/v2\/users\/1"}],"replies":[{"embeddable":true,"href":"https:\/\/exceladvisor.org\/tr\/wp-json\/wp\/v2\/comments?post=1845"}],"version-history":[{"count":1,"href":"https:\/\/exceladvisor.org\/tr\/wp-json\/wp\/v2\/pages\/1845\/revisions"}],"predecessor-version":[{"id":2553,"href":"https:\/\/exceladvisor.org\/tr\/wp-json\/wp\/v2\/pages\/1845\/revisions\/2553"}],"wp:attachment":[{"href":"https:\/\/exceladvisor.org\/tr\/wp-json\/wp\/v2\/media?parent=1845"}],"curies":[{"name":"wp","href":"https:\/\/api.w.org\/{rel}","templated":true}]}}