{"id":1846,"date":"2023-10-31T16:15:04","date_gmt":"2023-10-31T16:15:04","guid":{"rendered":"https:\/\/exceladvisor.org\/tr\/virgul-stilini-uygula\/"},"modified":"2023-12-10T06:03:08","modified_gmt":"2023-12-10T06:03:08","slug":"virgul-stilini-uygula","status":"publish","type":"page","link":"https:\/\/exceladvisor.org\/tr\/virgul-stilini-uygula\/","title":{"rendered":"Excel&#39;de virg\u00fcl stili nas\u0131l uygulan\u0131r?"},"content":{"rendered":"<div class=\"excel-icerikten-once\" id=\"excel-1838951842\"><script type=\"text\/javascript\">\r\n\tatOptions = {\r\n\t\t'key' : 'c1158f160081d6540a8409e6925dab94',\r\n\t\t'format' : 'iframe',\r\n\t\t'height' : 250,\r\n\t\t'width' : 300,\r\n\t\t'params' : {}\r\n\t};\r\n<\/script>\r\n<script type=\"text\/javascript\" src=\"\/\/www.highperformanceformat.com\/c1158f160081d6540a8409e6925dab94\/invoke.js\"><\/script><\/div> <p>Excel&#8217;deki virg\u00fcl stili, say\u0131sal de\u011ferin uzunlu\u011funu binlere, y\u00fczbinlere, milyonlara vb. ay\u0131rmak i\u00e7in ay\u0131r\u0131c\u0131 olarak virg\u00fcl eklenmi\u015f b\u00fcy\u00fck say\u0131sal de\u011ferleri d\u00f6n\u00fc\u015ft\u00fcren binlik ay\u0131r\u0131c\u0131 format\u0131 olarak da bilinir.<\/p><p> Kullan\u0131c\u0131 virg\u00fcl bi\u00e7imini uygulad\u0131\u011f\u0131nda say\u0131lara ondal\u0131k de\u011ferler de ekler. Yani k\u0131sacas\u0131 muhasebe sistemi format\u0131yla ayn\u0131 \u015fekilde \u00e7al\u0131\u015f\u0131r ancak muhasebe sistemi format\u0131n\u0131n yapt\u0131\u011f\u0131 say\u0131ya herhangi bir para birimi simgesi eklemez.<\/p><p> Virg\u00fcl stili ay\u0131r\u0131c\u0131, sisteminizde se\u00e7ilen b\u00f6lgeye ve varsay\u0131lan para birimi bi\u00e7imine ba\u011fl\u0131 olarak lakh veya milyon bi\u00e7iminde ayr\u0131lm\u0131\u015f say\u0131sal de\u011ferleri g\u00f6sterebilir, ancak bunu lakh&#8217;tan milyonlara veya tam tersi \u015fekilde de\u011fi\u015ftirebilirsiniz.<\/p><p> Hindistan lakh cinsinden say\u0131sal de\u011fer muhasebe sistemini takip ederken, ABD de milyonlarla takip ediyor. Excel&#8217;de virg\u00fcl stilini uygulaman\u0131z i\u00e7in a\u015fa\u011f\u0131da belirtilen h\u0131zl\u0131 ve kolay ad\u0131mlar\u0131m\u0131z var.<\/p><h2 class=\"wp-block-heading\"> Giri\u015f sekmesini kullanarak virg\u00fcl stilini uygulay\u0131n<\/h2><ol><li> \u0130lk olarak, virg\u00fcl stilinin uygulanaca\u011f\u0131 h\u00fccreleri veya h\u00fccre aral\u0131\u011f\u0131n\u0131 veya s\u00fctunun tamam\u0131n\u0131 se\u00e7in. <br><img loading=\"lazy\" decoding=\"async\" title=\"1 h\u00fccre aral\u0131\u011f\u0131 se\u00e7\" src=\"https:\/\/exceladvisor.org\/wp-content\/uploads\/2023\/08\/1-selectionner-la-plage-de-cellules.png\" sizes=\"auto, \" srcset=\"\" alt=\"select-the-cells-range\" width=\"351\" height=\"281\"><\/li><li> Bundan sonra \u201cGiri\u015f\u201d sekmesine gidin ve \u015feritteki \u201cSay\u0131\u201d grubunun alt\u0131ndaki virg\u00fcl (,) simgesine t\u0131klay\u0131n. <br><img loading=\"lazy\" decoding=\"async\" title=\"2-virg\u00fcl-simge-alt grup-numaras\u0131\" src=\"https:\/\/exceladvisor.org\/wp-content\/uploads\/2023\/08\/2-icone-virgule-sous-le-groupe-de-numeros.png\" sizes=\"auto, \" srcset=\"\" alt=\"comma-icon-under-number-group\" width=\"690\" height=\"123\"><\/li><li> Virg\u00fcl (,) simgesine t\u0131klad\u0131\u011f\u0131n\u0131zda say\u0131sal de\u011ferlerde se\u00e7ti\u011finiz aral\u0131k virg\u00fcl ay\u0131r\u0131c\u0131larla uygulanacakt\u0131r. <br><img loading=\"lazy\" decoding=\"async\" title=\"3 aral\u0131kl\u0131 virg\u00fcl ay\u0131r\u0131c\u0131lar\" src=\"https:\/\/exceladvisor.org\/wp-content\/uploads\/2023\/08\/3-plages-avec-separateurs-virgule.png\" sizes=\"auto, \" srcset=\"\" alt=\"range-with-comma-seperators\" width=\"368\" height=\"276\"><\/li><\/ol><p> Say\u0131lar\u0131n ondal\u0131k de\u011ferlerini art\u0131rmak veya kald\u0131rmak i\u00e7in aral\u0131\u011f\u0131 se\u00e7in ve ard\u0131ndan \u015feritteki ayn\u0131 \u201cSay\u0131\u201d grubunun alt\u0131ndaki \u201cOndal\u0131k De\u011feri Art\u0131r veya Azalt\u201d simgesine t\u0131klay\u0131n. <\/p><div class=\"wp-block-image\"><figure class=\"aligncenter size-full is-resized\"><img loading=\"lazy\" decoding=\"async\" class=\"wp-image-66737\" src=\"https:\/\/exceladvisor.org\/wp-content\/uploads\/2023\/08\/4-augmenter-diminuer-les-valeurs-decimales.png\" sizes=\"auto, \" srcset=\"\" alt=\"art\u0131\u015f-azal\u0131\u015f-ondal\u0131k de\u011ferler\" width=\"317\" height=\"370\"><\/figure><\/div><h2 class=\"wp-block-heading\"> H\u00fccreleri Bi\u00e7imlendir se\u00e7ene\u011fini kullanarak virg\u00fcl stilini uygulay\u0131n<\/h2><ol><li> \u0130lk olarak, virg\u00fcl stilinin uygulanaca\u011f\u0131 h\u00fccreleri veya h\u00fccre aral\u0131\u011f\u0131n\u0131 veya s\u00fctunun tamam\u0131n\u0131 se\u00e7in.<\/li><li> Bundan sonra fareye sa\u011f t\u0131klay\u0131n ve a\u00e7\u0131l\u0131r listeden \u201cH\u00fccreleri Bi\u00e7imlendir\u201d se\u00e7ene\u011fini se\u00e7in. <br><img loading=\"lazy\" decoding=\"async\" title=\"5 h\u00fccreli format se\u00e7enekleri\" src=\"https:\/\/exceladvisor.org\/wp-content\/uploads\/2023\/08\/5-options-de-format-de-cellule.png\" sizes=\"auto, \" srcset=\"\" alt=\"format-cells-options\" width=\"450\" height=\"419\"><\/li><li> \u201cH\u00fccreleri Bi\u00e7imlendir\u201d se\u00e7ene\u011fine t\u0131klad\u0131\u011f\u0131n\u0131zda \u201cH\u00fccreleri Bi\u00e7imlendir\u201d ileti\u015fim kutusu a\u00e7\u0131l\u0131r.<\/li><li> \u015eimdi \u201cSay\u0131\u201d sekmesi alt\u0131nda \u201cSay\u0131\u201d se\u00e7ene\u011fini se\u00e7in ve ard\u0131ndan \u201c1000 ay\u0131r\u0131c\u0131 kullan\u201d kutusunu i\u015faretleyin.<\/li><li> Sonunda Tamam&#8217;\u0131 t\u0131klad\u0131\u011f\u0131n\u0131zda se\u00e7ti\u011finiz aral\u0131k, say\u0131sal de\u011ferlerde virg\u00fcl ay\u0131r\u0131c\u0131larla uygulanacakt\u0131r.<\/li><li> Ondal\u0131k de\u011ferleri kald\u0131rmak i\u00e7in \u201cOndal\u0131k basamaklar\u201d alan\u0131na s\u0131f\u0131r (0) girin. <br><img loading=\"lazy\" decoding=\"async\" title=\"6 formatl\u0131 h\u00fccre ileti\u015fim kutusu\" src=\"https:\/\/exceladvisor.org\/wp-content\/uploads\/2023\/08\/Boite-de-dialogue-6-cellules-de-format.png\" sizes=\"auto, \" srcset=\"\" alt=\"format-cells-dialog-box\" width=\"498\" height=\"459\"><\/li><\/ol><h2 class=\"wp-block-heading\"> Virg\u00fcl stili ay\u0131r\u0131c\u0131lar\u0131n\u0131 Lakh bi\u00e7iminden Milyon bi\u00e7imine de\u011fi\u015ftirme<\/h2><p> Bazen virg\u00fcl ay\u0131r\u0131c\u0131lar, sisteminizin varsay\u0131lan b\u00f6lgesi ve para birimi bi\u00e7imi nedeniyle lakh cinsinden ayr\u0131lm\u0131\u015f say\u0131sal de\u011ferler g\u00f6r\u00fcnt\u00fcler, ancak a\u015fa\u011f\u0131daki ad\u0131mlar\u0131 izleyerek para birimi bi\u00e7imini milyon bi\u00e7imine de\u011fi\u015ftirebilirsiniz:<\/p><ol><li> \u00d6ncelikle sisteminizin \u201cDenetim Masas\u0131\u201dna gidin ve \u201cSaat ve B\u00f6lge\u201d veya \u201cB\u00f6lge ve Dil\u201d se\u00e7ene\u011finin alt\u0131ndaki \u201cTarih, saat veya say\u0131 formatlar\u0131n\u0131 de\u011fi\u015ftir\u201d ba\u011flant\u0131s\u0131na t\u0131klay\u0131n. <em>(Se\u00e7enek adlar\u0131 Windows s\u00fcr\u00fcm\u00fcne ba\u011fl\u0131 olarak farkl\u0131 olabilir) <br><img loading=\"lazy\" decoding=\"async\" title=\"7-say\u0131-format\u0131n\u0131 de\u011fi\u015ftir\" src=\"https:\/\/exceladvisor.org\/wp-content\/uploads\/2023\/08\/7-changer-le-format-des-nombres.png\" sizes=\"auto, \" srcset=\"\" alt=\"change-number-format\" width=\"631\" height=\"312\"><\/em><\/li><li> Bundan sonra \u201cB\u00f6lge\u201d ileti\u015fim kutusunda \u201cEk Ayarlar\u201d\u0131 t\u0131klay\u0131n. <br><img loading=\"lazy\" decoding=\"async\" title=\"8-b\u00f6lgesel-ileti\u015fim kutusundaki-ek-ayarlar\" src=\"https:\/\/exceladvisor.org\/wp-content\/uploads\/2023\/08\/8-parametres-supplementaires-dans-la-boite-de-dialogue-regionale.png\" sizes=\"auto, \" srcset=\"\" alt=\"additional-settings-within-regional-dialog-box\" width=\"369\" height=\"474\"><\/li><li> \u201cEk Ayarlar\u201da t\u0131klad\u0131\u011f\u0131n\u0131zda \u201cBi\u00e7imi \u00d6zelle\u015ftir\u201d ileti\u015fim kutusu a\u00e7\u0131l\u0131r.<\/li><li> \u015eimdi \u201cPara Birimi\u201d ba\u015fl\u0131\u011f\u0131n\u0131 se\u00e7in, ard\u0131ndan say\u0131 gruplamas\u0131nda milyon virg\u00fcl ay\u0131r\u0131c\u0131 stili bi\u00e7imini se\u00e7in.<\/li><li> Sonunda, \u201cBi\u00e7imi \u00d6zelle\u015ftir\u201d ileti\u015fim kutusunda ve ard\u0131ndan \u201cB\u00f6lge\u201d ileti\u015fim kutusunda Uygula&#8217;y\u0131 ve ard\u0131ndan Tamam&#8217;\u0131 t\u0131klay\u0131n. <br><img loading=\"lazy\" decoding=\"async\" title=\"9-\u00f6zel-format-ileti\u015fim kutusu\" src=\"https:\/\/exceladvisor.org\/wp-content\/uploads\/2023\/08\/9-personnaliser-la-boite-de-dialogue-du-format.png\" sizes=\"auto, \" srcset=\"\" alt=\"customize-format-dialog-box\" width=\"406\" height=\"575\"><\/li><li> \u0130\u015finiz bitti\u011finde, Excel dosyas\u0131n\u0131 tekrar kapat\u0131p a\u00e7\u0131n ve virg\u00fcl stilini uygulay\u0131n; se\u00e7ti\u011finiz aral\u0131\u011f\u0131n virg\u00fcl ay\u0131r\u0131c\u0131larla bin, y\u00fcz bin ve milyonlarca say\u0131sal de\u011ferlere uygulanaca\u011f\u0131n\u0131 g\u00f6receksiniz. <br><img loading=\"lazy\" decoding=\"async\" title=\"10 virg\u00fcl stili milyonluk formatta\" src=\"https:\/\/exceladvisor.org\/wp-content\/uploads\/2023\/08\/Style-de-10-virgules-au-format-million.png\" sizes=\"auto, \" srcset=\"\" alt=\"comma-style-in-million-format\" width=\"401\" height=\"308\"><\/li><\/ol><h2 class=\"wp-block-heading\"> Klavye k\u0131sayolunu kullanarak virg\u00fcl stilini uygulay\u0131n<\/h2><p> Virg\u00fcl stilinin uygulanaca\u011f\u0131 s\u00fctunun veya aral\u0131\u011f\u0131n tamam\u0131n\u0131 se\u00e7in, ard\u0131ndan <kbd>Alt<\/kbd> + <kbd>H<\/kbd> + <kbd>K<\/kbd> tu\u015flar\u0131na bas\u0131n; se\u00e7ti\u011finiz aral\u0131\u011f\u0131n virg\u00fcl ay\u0131r\u0131c\u0131larla uygulanmas\u0131n\u0131 sa\u011flay\u0131n. <\/p><div class=\"wp-block-image\"><figure class=\"aligncenter size-full is-resized\"><img loading=\"lazy\" decoding=\"async\" class=\"wp-image-66744\" src=\"https:\/\/exceladvisor.org\/wp-content\/uploads\/2023\/08\/11-raccourci-vers-le-style-virgule.png\" sizes=\"auto, \" srcset=\"\" alt=\"virg\u00fcl stilinin k\u0131sayolu\" width=\"714\" height=\"167\"><\/figure><\/div><div class=\"gb-container gb-container-4db6181c gb-container-mt\"> <a class=\"gb-button gb-button-c5897111 gb-button-text gb-button-mt-button\" href=\"https:\/\/exceladvisor.org\/tr\/excelin-temelleri\/\">Microsoft Excel Temelleri (Bile\u015fenler, Par\u00e7alar ve Bilgi Notlar\u0131)<\/a><h2 class=\"gb-headline gb-headline-665e5f6b gb-headline-text gb-headline-mt-heading\"> \u0130lgili e\u011fitimler <\/h2><div class=\"gb-grid-wrapper gb-grid-wrapper-a20baf7c gb-grid-wrapper-mt-grid\"><div class=\"gb-grid-column gb-grid-column-65ddf67e\"><div class=\"gb-container gb-container-65ddf67e\"><ul><li> <a href=\"https:\/\/exceladvisor.org\/tr\/sayfa-numarasi-ekle\/\">Excel&#8217;de sayfa numaras\u0131 ekleme<\/a><\/li><li> <a href=\"https:\/\/exceladvisor.org\/tr\/kamis\/\">Excel&#8217;de \u00fcst\u00fc \u00e7izili uygulama<\/a><\/li><li> <a href=\"https:\/\/exceladvisor.org\/tr\/bos-hucreleri-vurgula\/\">Excel&#8217;de bo\u015f h\u00fccreleri vurgulay\u0131n<\/a><\/li><li> <a href=\"https:\/\/exceladvisor.org\/tr\/pi-sembolu\/\">PI (\u03c0) sembol\u00fcn\u00fc Excel&#8217;e ekleme<\/a> <\/li><\/ul><\/div><\/div><div class=\"gb-grid-column gb-grid-column-50067b57\"><div class=\"gb-container gb-container-50067b57\"><\/div><\/div><\/div><\/div>","protected":false},"excerpt":{"rendered":"","protected":false},"author":1,"featured_media":0,"parent":0,"menu_order":0,"comment_status":"open","ping_status":"closed","template":"","meta":{"ub_ctt_via":"","footnotes":""},"class_list":["post-1846","page","type-page","status-publish","hentry"],"featured_image_src":null,"yoast_head":"<!-- This site is optimized with the Yoast SEO plugin v25.4 - https:\/\/yoast.com\/wordpress\/plugins\/seo\/ -->\n<title>Excel&#039;de virg\u00fcl stili nas\u0131l uygulan\u0131r? (E\u011fitim 2023)<\/title>\n<meta name=\"description\" content=\"Bu e\u011fitimde, kullan\u0131m\u0131 kolay d\u00f6rt y\u00f6ntemi kullanarak Excel&#039;de virg\u00fcl stilini uygulaman\u0131n farkl\u0131 yollar\u0131n\u0131 \u00f6\u011freneceksiniz.\" \/>\n<meta name=\"robots\" content=\"index, follow, max-snippet:-1, max-image-preview:large, max-video-preview:-1\" \/>\n<link rel=\"canonical\" href=\"https:\/\/exceladvisor.org\/tr\/virgul-stilini-uygula\/\" \/>\n<meta property=\"og:locale\" content=\"tr_TR\" \/>\n<meta property=\"og:type\" content=\"article\" \/>\n<meta property=\"og:title\" content=\"Excel&#039;de virg\u00fcl stili nas\u0131l uygulan\u0131r? (E\u011fitim 2023)\" \/>\n<meta property=\"og:description\" content=\"Bu e\u011fitimde, kullan\u0131m\u0131 kolay d\u00f6rt y\u00f6ntemi kullanarak Excel&#039;de virg\u00fcl stilini uygulaman\u0131n farkl\u0131 yollar\u0131n\u0131 \u00f6\u011freneceksiniz.\" \/>\n<meta property=\"og:url\" content=\"https:\/\/exceladvisor.org\/tr\/virgul-stilini-uygula\/\" \/>\n<meta property=\"og:site_name\" content=\"Excel Advisor\" \/>\n<meta property=\"article:modified_time\" content=\"2023-12-10T06:03:08+00:00\" \/>\n<meta property=\"og:image\" content=\"https:\/\/exceladvisor.org\/wp-content\/uploads\/2023\/08\/1-selectionner-la-plage-de-cellules.png\" \/>\n<meta name=\"twitter:card\" content=\"summary_large_image\" \/>\n<meta name=\"twitter:label1\" content=\"Tahmini okuma s\u00fcresi\" \/>\n\t<meta name=\"twitter:data1\" content=\"4 dakika\" \/>\n<script type=\"application\/ld+json\" class=\"yoast-schema-graph\">{\"@context\":\"https:\/\/schema.org\",\"@graph\":[{\"@type\":\"WebPage\",\"@id\":\"https:\/\/exceladvisor.org\/tr\/virgul-stilini-uygula\/\",\"url\":\"https:\/\/exceladvisor.org\/tr\/virgul-stilini-uygula\/\",\"name\":\"Excel&#39;de virg\u00fcl stili nas\u0131l uygulan\u0131r? (E\u011fitim 2023)\",\"isPartOf\":{\"@id\":\"https:\/\/exceladvisor.org\/tr\/#website\"},\"primaryImageOfPage\":{\"@id\":\"https:\/\/exceladvisor.org\/tr\/virgul-stilini-uygula\/#primaryimage\"},\"image\":{\"@id\":\"https:\/\/exceladvisor.org\/tr\/virgul-stilini-uygula\/#primaryimage\"},\"thumbnailUrl\":\"https:\/\/exceladvisor.org\/wp-content\/uploads\/2023\/08\/1-selectionner-la-plage-de-cellules.png\",\"datePublished\":\"2023-10-31T16:15:04+00:00\",\"dateModified\":\"2023-12-10T06:03:08+00:00\",\"description\":\"Bu e\u011fitimde, kullan\u0131m\u0131 kolay d\u00f6rt y\u00f6ntemi kullanarak Excel&#39;de virg\u00fcl stilini uygulaman\u0131n farkl\u0131 yollar\u0131n\u0131 \u00f6\u011freneceksiniz.\",\"breadcrumb\":{\"@id\":\"https:\/\/exceladvisor.org\/tr\/virgul-stilini-uygula\/#breadcrumb\"},\"inLanguage\":\"tr\",\"potentialAction\":[{\"@type\":\"ReadAction\",\"target\":[\"https:\/\/exceladvisor.org\/tr\/virgul-stilini-uygula\/\"]}]},{\"@type\":\"ImageObject\",\"inLanguage\":\"tr\",\"@id\":\"https:\/\/exceladvisor.org\/tr\/virgul-stilini-uygula\/#primaryimage\",\"url\":\"https:\/\/exceladvisor.org\/wp-content\/uploads\/2023\/08\/1-selectionner-la-plage-de-cellules.png\",\"contentUrl\":\"https:\/\/exceladvisor.org\/wp-content\/uploads\/2023\/08\/1-selectionner-la-plage-de-cellules.png\"},{\"@type\":\"BreadcrumbList\",\"@id\":\"https:\/\/exceladvisor.org\/tr\/virgul-stilini-uygula\/#breadcrumb\",\"itemListElement\":[{\"@type\":\"ListItem\",\"position\":1,\"name\":\"Ev\",\"item\":\"https:\/\/exceladvisor.org\/tr\/\"},{\"@type\":\"ListItem\",\"position\":2,\"name\":\"Excel&#39;de virg\u00fcl stili nas\u0131l uygulan\u0131r?\"}]},{\"@type\":\"WebSite\",\"@id\":\"https:\/\/exceladvisor.org\/tr\/#website\",\"url\":\"https:\/\/exceladvisor.org\/tr\/\",\"name\":\"Excel Advisor\",\"description\":\"Veri hakimiyetine y\u00f6nelik nihai rehberiniz!\",\"publisher\":{\"@id\":\"https:\/\/exceladvisor.org\/tr\/#organization\"},\"potentialAction\":[{\"@type\":\"SearchAction\",\"target\":{\"@type\":\"EntryPoint\",\"urlTemplate\":\"https:\/\/exceladvisor.org\/tr\/?s={search_term_string}\"},\"query-input\":{\"@type\":\"PropertyValueSpecification\",\"valueRequired\":true,\"valueName\":\"search_term_string\"}}],\"inLanguage\":\"tr\"},{\"@type\":\"Organization\",\"@id\":\"https:\/\/exceladvisor.org\/tr\/#organization\",\"name\":\"Excel Advisor\",\"url\":\"https:\/\/exceladvisor.org\/tr\/\",\"logo\":{\"@type\":\"ImageObject\",\"inLanguage\":\"tr\",\"@id\":\"https:\/\/exceladvisor.org\/tr\/#\/schema\/logo\/image\/\",\"url\":\"https:\/\/exceladvisor.org\/tr\/wp-content\/uploads\/2023\/12\/exceladvisor.org_.png\",\"contentUrl\":\"https:\/\/exceladvisor.org\/tr\/wp-content\/uploads\/2023\/12\/exceladvisor.org_.png\",\"width\":105,\"height\":36,\"caption\":\"Excel Advisor\"},\"image\":{\"@id\":\"https:\/\/exceladvisor.org\/tr\/#\/schema\/logo\/image\/\"}}]}<\/script>\n<!-- \/ Yoast SEO plugin. -->","yoast_head_json":{"title":"Excel&#39;de virg\u00fcl stili nas\u0131l uygulan\u0131r? (E\u011fitim 2023)","description":"Bu e\u011fitimde, kullan\u0131m\u0131 kolay d\u00f6rt y\u00f6ntemi kullanarak Excel&#39;de virg\u00fcl stilini uygulaman\u0131n farkl\u0131 yollar\u0131n\u0131 \u00f6\u011freneceksiniz.","robots":{"index":"index","follow":"follow","max-snippet":"max-snippet:-1","max-image-preview":"max-image-preview:large","max-video-preview":"max-video-preview:-1"},"canonical":"https:\/\/exceladvisor.org\/tr\/virgul-stilini-uygula\/","og_locale":"tr_TR","og_type":"article","og_title":"Excel&#39;de virg\u00fcl stili nas\u0131l uygulan\u0131r? (E\u011fitim 2023)","og_description":"Bu e\u011fitimde, kullan\u0131m\u0131 kolay d\u00f6rt y\u00f6ntemi kullanarak Excel&#39;de virg\u00fcl stilini uygulaman\u0131n farkl\u0131 yollar\u0131n\u0131 \u00f6\u011freneceksiniz.","og_url":"https:\/\/exceladvisor.org\/tr\/virgul-stilini-uygula\/","og_site_name":"Excel Advisor","article_modified_time":"2023-12-10T06:03:08+00:00","og_image":[{"url":"https:\/\/exceladvisor.org\/wp-content\/uploads\/2023\/08\/1-selectionner-la-plage-de-cellules.png","type":"","width":"","height":""}],"twitter_card":"summary_large_image","twitter_misc":{"Tahmini okuma s\u00fcresi":"4 dakika"},"schema":{"@context":"https:\/\/schema.org","@graph":[{"@type":"WebPage","@id":"https:\/\/exceladvisor.org\/tr\/virgul-stilini-uygula\/","url":"https:\/\/exceladvisor.org\/tr\/virgul-stilini-uygula\/","name":"Excel&#39;de virg\u00fcl stili nas\u0131l uygulan\u0131r? (E\u011fitim 2023)","isPartOf":{"@id":"https:\/\/exceladvisor.org\/tr\/#website"},"primaryImageOfPage":{"@id":"https:\/\/exceladvisor.org\/tr\/virgul-stilini-uygula\/#primaryimage"},"image":{"@id":"https:\/\/exceladvisor.org\/tr\/virgul-stilini-uygula\/#primaryimage"},"thumbnailUrl":"https:\/\/exceladvisor.org\/wp-content\/uploads\/2023\/08\/1-selectionner-la-plage-de-cellules.png","datePublished":"2023-10-31T16:15:04+00:00","dateModified":"2023-12-10T06:03:08+00:00","description":"Bu e\u011fitimde, kullan\u0131m\u0131 kolay d\u00f6rt y\u00f6ntemi kullanarak Excel&#39;de virg\u00fcl stilini uygulaman\u0131n farkl\u0131 yollar\u0131n\u0131 \u00f6\u011freneceksiniz.","breadcrumb":{"@id":"https:\/\/exceladvisor.org\/tr\/virgul-stilini-uygula\/#breadcrumb"},"inLanguage":"tr","potentialAction":[{"@type":"ReadAction","target":["https:\/\/exceladvisor.org\/tr\/virgul-stilini-uygula\/"]}]},{"@type":"ImageObject","inLanguage":"tr","@id":"https:\/\/exceladvisor.org\/tr\/virgul-stilini-uygula\/#primaryimage","url":"https:\/\/exceladvisor.org\/wp-content\/uploads\/2023\/08\/1-selectionner-la-plage-de-cellules.png","contentUrl":"https:\/\/exceladvisor.org\/wp-content\/uploads\/2023\/08\/1-selectionner-la-plage-de-cellules.png"},{"@type":"BreadcrumbList","@id":"https:\/\/exceladvisor.org\/tr\/virgul-stilini-uygula\/#breadcrumb","itemListElement":[{"@type":"ListItem","position":1,"name":"Ev","item":"https:\/\/exceladvisor.org\/tr\/"},{"@type":"ListItem","position":2,"name":"Excel&#39;de virg\u00fcl stili nas\u0131l uygulan\u0131r?"}]},{"@type":"WebSite","@id":"https:\/\/exceladvisor.org\/tr\/#website","url":"https:\/\/exceladvisor.org\/tr\/","name":"Excel Advisor","description":"Veri hakimiyetine y\u00f6nelik nihai rehberiniz!","publisher":{"@id":"https:\/\/exceladvisor.org\/tr\/#organization"},"potentialAction":[{"@type":"SearchAction","target":{"@type":"EntryPoint","urlTemplate":"https:\/\/exceladvisor.org\/tr\/?s={search_term_string}"},"query-input":{"@type":"PropertyValueSpecification","valueRequired":true,"valueName":"search_term_string"}}],"inLanguage":"tr"},{"@type":"Organization","@id":"https:\/\/exceladvisor.org\/tr\/#organization","name":"Excel Advisor","url":"https:\/\/exceladvisor.org\/tr\/","logo":{"@type":"ImageObject","inLanguage":"tr","@id":"https:\/\/exceladvisor.org\/tr\/#\/schema\/logo\/image\/","url":"https:\/\/exceladvisor.org\/tr\/wp-content\/uploads\/2023\/12\/exceladvisor.org_.png","contentUrl":"https:\/\/exceladvisor.org\/tr\/wp-content\/uploads\/2023\/12\/exceladvisor.org_.png","width":105,"height":36,"caption":"Excel Advisor"},"image":{"@id":"https:\/\/exceladvisor.org\/tr\/#\/schema\/logo\/image\/"}}]}},"yoast_meta":{"yoast_wpseo_title":"","yoast_wpseo_metadesc":"","yoast_wpseo_canonical":""},"_links":{"self":[{"href":"https:\/\/exceladvisor.org\/tr\/wp-json\/wp\/v2\/pages\/1846","targetHints":{"allow":["GET"]}}],"collection":[{"href":"https:\/\/exceladvisor.org\/tr\/wp-json\/wp\/v2\/pages"}],"about":[{"href":"https:\/\/exceladvisor.org\/tr\/wp-json\/wp\/v2\/types\/page"}],"author":[{"embeddable":true,"href":"https:\/\/exceladvisor.org\/tr\/wp-json\/wp\/v2\/users\/1"}],"replies":[{"embeddable":true,"href":"https:\/\/exceladvisor.org\/tr\/wp-json\/wp\/v2\/comments?post=1846"}],"version-history":[{"count":1,"href":"https:\/\/exceladvisor.org\/tr\/wp-json\/wp\/v2\/pages\/1846\/revisions"}],"predecessor-version":[{"id":2636,"href":"https:\/\/exceladvisor.org\/tr\/wp-json\/wp\/v2\/pages\/1846\/revisions\/2636"}],"wp:attachment":[{"href":"https:\/\/exceladvisor.org\/tr\/wp-json\/wp\/v2\/media?parent=1846"}],"curies":[{"name":"wp","href":"https:\/\/api.w.org\/{rel}","templated":true}]}}