{"id":1848,"date":"2023-10-31T15:55:47","date_gmt":"2023-10-31T15:55:47","guid":{"rendered":"https:\/\/exceladvisor.org\/tr\/yeni-hat\/"},"modified":"2023-12-10T06:06:07","modified_gmt":"2023-12-10T06:06:07","slug":"yeni-hat","status":"publish","type":"page","link":"https:\/\/exceladvisor.org\/tr\/yeni-hat\/","title":{"rendered":"Vba koduna yeni bir sat\u0131r nas\u0131l eklenir?"},"content":{"rendered":"<div class=\"excel-icerikten-once\" id=\"excel-254963696\"><script type=\"text\/javascript\">\r\n\tatOptions = {\r\n\t\t'key' : 'c1158f160081d6540a8409e6925dab94',\r\n\t\t'format' : 'iframe',\r\n\t\t'height' : 250,\r\n\t\t'width' : 300,\r\n\t\t'params' : {}\r\n\t};\r\n<\/script>\r\n<script type=\"text\/javascript\" src=\"\/\/www.highperformanceformat.com\/c1158f160081d6540a8409e6925dab94\/invoke.js\"><\/script><\/div> <p>VBA&#8217;da sat\u0131r sonu eklemek i\u00e7in \u00fc\u00e7 farkl\u0131 (sabit) vard\u0131r.<\/p><ol><li> vbNewLine<\/li><li> vbCrLf<\/li><li> vbLf<\/li><\/ol><h2 class=\"wp-block-heading\"> vbNewLine<\/h2><p> vbNewLine, yeni sat\u0131ra giden bir yeni sat\u0131r karakteri ekler. A\u015fa\u011f\u0131daki kod sat\u0131r\u0131nda bunu kullanarak birle\u015ftirilmi\u015f iki dizeniz var.<\/p><pre class=\"wp-block-code\"> <code class=\"language-visual-basic\" lang=\"visual-basic\">Range(\"A1\") = \"Line1\" &amp; vbNewLine &amp; \"Line2\"<\/code><\/pre><p> <a href=\"https:\/\/exceladvisor.org\/tr\/makro-2yi-calistir\/\">Bu makroyu \u00e7al\u0131\u015ft\u0131rd\u0131\u011f\u0131n\u0131zda<\/a> dizeyi iki sat\u0131r halinde d\u00f6nd\u00fcr\u00fcr. <\/p><div class=\"wp-block-image\"><figure class=\"aligncenter size-large is-resized\"><img loading=\"lazy\" decoding=\"async\" class=\"wp-image-51775\" src=\"https:\/\/exceladvisor.org\/wp-content\/uploads\/2023\/08\/1-vba-nouvelle-ligne.png\" sizes=\"auto, \" srcset=\"\" alt=\"vba-yeni-sat\u0131r\" width=\"644\" height=\"281\"><\/figure><\/div><p> 13 ve 10 karakterlerini d\u00f6nd\u00fcr\u00fcr (Chr(13) + Chr(10)). Ayn\u0131 sonucu elde etmek i\u00e7in kodu a\u015fa\u011f\u0131daki \u015fekilde de kullanabilirsiniz.<\/p><pre class=\"wp-block-code\"> <code class=\"language-visual-basic\" lang=\"visual-basic\">Range(\"A1\") = \"Line1\" &amp; Chr(13) &amp; Chr(10) &amp; \"Line2\"<\/code><\/pre><p> Ancak vbNewLine&#8217;\u0131 kulland\u0131\u011f\u0131n\u0131zda CHAR i\u015flevini kullanman\u0131za gerek yoktur.<\/p><h2 class=\"wp-block-heading\"> vbCrLf<\/h2><p> vbCrLf sabiti sat\u0131r ba\u015f\u0131 ve sat\u0131r besleme anlam\u0131na gelir; bu, Cr&#8217;nin imleci sat\u0131r\u0131n ba\u015f\u0131na hareket ettirdi\u011fi ve Lf&#8217;nin imleci bir sonraki sat\u0131ra hareket ettirdi\u011fi anlam\u0131na gelir.<\/p><p> VbCrLf&#8217;yi a\u015fa\u011f\u0131daki kodda oldu\u011fu gibi iki dizede veya de\u011ferde kulland\u0131\u011f\u0131n\u0131zda, yeni bir sat\u0131r ekler. <\/p><pre class=\"wp-block-code\"> <code class=\"language-visual-basic\" lang=\"visual-basic\">Range(\"A1\") = \"Line1\" &amp; vbCrLf &amp; \"Line2\"<\/code><\/pre><div class=\"wp-block-image\"><figure class=\"aligncenter size-large is-resized\"><img loading=\"lazy\" decoding=\"async\" class=\"wp-image-51776\" src=\"https:\/\/exceladvisor.org\/wp-content\/uploads\/2023\/08\/2-retour-chariot-et-saut-de-ligne.png\" sizes=\"auto, \" srcset=\"\" alt=\"sat\u0131r ba\u015f\u0131 ve sat\u0131r besleme\" width=\"655\" height=\"294\"><\/figure><\/div><h2 class=\"wp-block-heading\"> vbLf<\/h2><p> vbLf sabiti yeni sat\u0131r karakteri anlam\u0131na gelir ve onu iki dizede kulland\u0131\u011f\u0131n\u0131zda, ikinci dize i\u00e7in yeni bir sat\u0131r ekleyen bir yeni sat\u0131r karakteri d\u00f6nd\u00fcr\u00fcr. <\/p><pre class=\"wp-block-code\"> <code class=\"language-visual-basic\" lang=\"visual-basic\">Range(\"A1\") = \"Line1\" &amp; vbLf &amp; \"Line2\"<\/code><\/pre><div class=\"wp-block-image\"><figure class=\"aligncenter size-large is-resized\"><img loading=\"lazy\" decoding=\"async\" class=\"wp-image-51777\" src=\"https:\/\/exceladvisor.org\/wp-content\/uploads\/2023\/08\/3-vblf-qui-ajoutent-une-nouvelle-ligne.png\" sizes=\"auto, \" srcset=\"\" alt=\"vblf-hangisi-yeni-sat\u0131r ekler\" width=\"659\" height=\"307\"><\/figure><\/div><h2 class=\"wp-block-heading\"> VBA MsgBox&#8217;a yeni sat\u0131r ekleyin<\/h2><p> <a href=\"https:\/\/exceladvisor.org\/tr\/vba-mesaj-kutusu\/\">VBA MsgBox<\/a> kullan\u0131rken yeni bir sat\u0131r eklemek istiyorsan\u0131z yukar\u0131da bahsetti\u011fimiz \u00fc\u00e7 sabitten herhangi birini kullanabilirsiniz.<\/p><pre class=\"wp-block-code\"> <code class=\"language-visual-basic\" lang=\"visual-basic\">MsgBox \"Line1\" &amp; vbNewLine &amp; \"Line2\" MsgBox \"Line1\" &amp; vbCrLf &amp; \"Line2\" MsgBox \"Line1\" &amp; vbLf &amp; \"Line2\"<\/code><\/pre><p> Ayr\u0131ca, mesaj kutusuna yeni bir sat\u0131r eklemek i\u00e7in kullanabilece\u011finiz sat\u0131rba\u015f\u0131 karakterini d\u00f6nd\u00fcren bir vbCr sabiti de vard\u0131r.<\/p><pre class=\"wp-block-code\"> <code class=\"language-visual-basic\" lang=\"visual-basic\">MsgBox \"Line1\" &amp; vbCr &amp; \"Line2\"<\/code><\/pre><p> Bir h\u00fccreye <a href=\"https:\/\/exceladvisor.org\/tr\/metni-kaydir-1\/\">metin kayd\u0131rma uygulayana<\/a> kadar <a href=\"https:\/\/exceladvisor.org\/tr\/hucre-degeri\/\">bir h\u00fccre de\u011feri girmek<\/a> istiyorsan\u0131z vbCr \u00e7al\u0131\u015fmaz.<\/p><div class=\"gb-container gb-container-4db6181c gb-container-mt\"> <a class=\"gb-button gb-button-c5897111 gb-button-text gb-button-mt-button\" href=\"https:\/\/exceladvisor.org\/tr\/vba\/\">VBA nedir<\/a><h2 class=\"gb-headline gb-headline-665e5f6b gb-headline-text gb-headline-mt-heading\"> \u0130lgili e\u011fitimler <\/h2><div class=\"gb-grid-wrapper gb-grid-wrapper-a20baf7c gb-grid-wrapper-mt-grid\"><div class=\"gb-grid-column gb-grid-column-65ddf67e\"><div class=\"gb-container gb-container-65ddf67e\"><ul><li> <a href=\"https:\/\/exceladvisor.org\/tr\/gorusme-sorulari\/\">VBA M\u00fclakat Sorular\u0131<\/a><\/li><li> <a href=\"https:\/\/exceladvisor.org\/tr\/yorum\/\">VBA koduna yorum ekleme<\/a><\/li><li> <a href=\"https:\/\/exceladvisor.org\/tr\/satir-sonu\/\">VBA koduna sat\u0131r sonu ekleme<\/a><\/li><li> <a href=\"https:\/\/exceladvisor.org\/tr\/makro-2yi-calistir\/\">Excel&#8217;de Makro \u00c7al\u0131\u015ft\u0131rma (VBA Kodunu \u00c7al\u0131\u015ft\u0131rma)<\/a> <\/li><\/ul><\/div><\/div><div class=\"gb-grid-column gb-grid-column-50067b57\"><div class=\"gb-container gb-container-50067b57\"><ul><li> <a href=\"https:\/\/exceladvisor.org\/tr\/aninda-pencere-hata-ayiklama-baskisi\/\">VBA Acil Penceresi (Debug.Print)<\/a><\/li><li> <a href=\"https:\/\/exceladvisor.org\/tr\/modul\/\">VBA mod\u00fcl\u00fc<\/a><\/li><li> <a href=\"https:\/\/exceladvisor.org\/tr\/vba-mesaj-kutusu\/\">VBA Mesaj Kutusu<\/a><\/li><li> <a href=\"https:\/\/exceladvisor.org\/tr\/nesneler\/\">VBA Nesneleri<\/a><\/li><\/ul><\/div><\/div><\/div><\/div>","protected":false},"excerpt":{"rendered":"","protected":false},"author":1,"featured_media":0,"parent":0,"menu_order":0,"comment_status":"open","ping_status":"closed","template":"","meta":{"ub_ctt_via":"","footnotes":""},"class_list":["post-1848","page","type-page","status-publish","hentry"],"featured_image_src":null,"yoast_head":"<!-- This site is optimized with the Yoast SEO plugin v25.4 - https:\/\/yoast.com\/wordpress\/plugins\/seo\/ -->\n<title>\u25b7 VBA koduna yeni sat\u0131r nas\u0131l eklenir?<\/title>\n<meta name=\"description\" content=\"Bu e\u011fitimde, birden fazla sat\u0131r\u0131 birle\u015ftirirken kullanabilece\u011finiz yeni bir sat\u0131r (sat\u0131r ba\u015f\u0131) eklemenin farkl\u0131 yollar\u0131 anlat\u0131lmaktad\u0131r.\" \/>\n<meta name=\"robots\" content=\"index, follow, max-snippet:-1, max-image-preview:large, max-video-preview:-1\" \/>\n<link rel=\"canonical\" href=\"https:\/\/exceladvisor.org\/tr\/yeni-hat\/\" \/>\n<meta property=\"og:locale\" content=\"tr_TR\" \/>\n<meta property=\"og:type\" content=\"article\" \/>\n<meta property=\"og:title\" content=\"\u25b7 VBA koduna yeni sat\u0131r nas\u0131l eklenir?\" \/>\n<meta property=\"og:description\" content=\"Bu e\u011fitimde, birden fazla sat\u0131r\u0131 birle\u015ftirirken kullanabilece\u011finiz yeni bir sat\u0131r (sat\u0131r ba\u015f\u0131) eklemenin farkl\u0131 yollar\u0131 anlat\u0131lmaktad\u0131r.\" \/>\n<meta property=\"og:url\" content=\"https:\/\/exceladvisor.org\/tr\/yeni-hat\/\" \/>\n<meta property=\"og:site_name\" content=\"Excel Advisor\" \/>\n<meta property=\"article:modified_time\" content=\"2023-12-10T06:06:07+00:00\" \/>\n<meta property=\"og:image\" content=\"https:\/\/exceladvisor.org\/wp-content\/uploads\/2023\/08\/1-vba-nouvelle-ligne.png\" \/>\n<meta name=\"twitter:card\" content=\"summary_large_image\" \/>\n<meta name=\"twitter:label1\" content=\"Tahmini okuma s\u00fcresi\" \/>\n\t<meta name=\"twitter:data1\" content=\"2 dakika\" \/>\n<script type=\"application\/ld+json\" class=\"yoast-schema-graph\">{\"@context\":\"https:\/\/schema.org\",\"@graph\":[{\"@type\":\"WebPage\",\"@id\":\"https:\/\/exceladvisor.org\/tr\/yeni-hat\/\",\"url\":\"https:\/\/exceladvisor.org\/tr\/yeni-hat\/\",\"name\":\"\u25b7 VBA koduna yeni sat\u0131r nas\u0131l eklenir?\",\"isPartOf\":{\"@id\":\"https:\/\/exceladvisor.org\/tr\/#website\"},\"primaryImageOfPage\":{\"@id\":\"https:\/\/exceladvisor.org\/tr\/yeni-hat\/#primaryimage\"},\"image\":{\"@id\":\"https:\/\/exceladvisor.org\/tr\/yeni-hat\/#primaryimage\"},\"thumbnailUrl\":\"https:\/\/exceladvisor.org\/wp-content\/uploads\/2023\/08\/1-vba-nouvelle-ligne.png\",\"datePublished\":\"2023-10-31T15:55:47+00:00\",\"dateModified\":\"2023-12-10T06:06:07+00:00\",\"description\":\"Bu e\u011fitimde, birden fazla sat\u0131r\u0131 birle\u015ftirirken kullanabilece\u011finiz yeni bir sat\u0131r (sat\u0131r ba\u015f\u0131) eklemenin farkl\u0131 yollar\u0131 anlat\u0131lmaktad\u0131r.\",\"breadcrumb\":{\"@id\":\"https:\/\/exceladvisor.org\/tr\/yeni-hat\/#breadcrumb\"},\"inLanguage\":\"tr\",\"potentialAction\":[{\"@type\":\"ReadAction\",\"target\":[\"https:\/\/exceladvisor.org\/tr\/yeni-hat\/\"]}]},{\"@type\":\"ImageObject\",\"inLanguage\":\"tr\",\"@id\":\"https:\/\/exceladvisor.org\/tr\/yeni-hat\/#primaryimage\",\"url\":\"https:\/\/exceladvisor.org\/wp-content\/uploads\/2023\/08\/1-vba-nouvelle-ligne.png\",\"contentUrl\":\"https:\/\/exceladvisor.org\/wp-content\/uploads\/2023\/08\/1-vba-nouvelle-ligne.png\"},{\"@type\":\"BreadcrumbList\",\"@id\":\"https:\/\/exceladvisor.org\/tr\/yeni-hat\/#breadcrumb\",\"itemListElement\":[{\"@type\":\"ListItem\",\"position\":1,\"name\":\"Ev\",\"item\":\"https:\/\/exceladvisor.org\/tr\/\"},{\"@type\":\"ListItem\",\"position\":2,\"name\":\"Vba koduna yeni bir sat\u0131r nas\u0131l eklenir?\"}]},{\"@type\":\"WebSite\",\"@id\":\"https:\/\/exceladvisor.org\/tr\/#website\",\"url\":\"https:\/\/exceladvisor.org\/tr\/\",\"name\":\"Excel Advisor\",\"description\":\"Veri hakimiyetine y\u00f6nelik nihai rehberiniz!\",\"publisher\":{\"@id\":\"https:\/\/exceladvisor.org\/tr\/#organization\"},\"potentialAction\":[{\"@type\":\"SearchAction\",\"target\":{\"@type\":\"EntryPoint\",\"urlTemplate\":\"https:\/\/exceladvisor.org\/tr\/?s={search_term_string}\"},\"query-input\":{\"@type\":\"PropertyValueSpecification\",\"valueRequired\":true,\"valueName\":\"search_term_string\"}}],\"inLanguage\":\"tr\"},{\"@type\":\"Organization\",\"@id\":\"https:\/\/exceladvisor.org\/tr\/#organization\",\"name\":\"Excel Advisor\",\"url\":\"https:\/\/exceladvisor.org\/tr\/\",\"logo\":{\"@type\":\"ImageObject\",\"inLanguage\":\"tr\",\"@id\":\"https:\/\/exceladvisor.org\/tr\/#\/schema\/logo\/image\/\",\"url\":\"https:\/\/exceladvisor.org\/tr\/wp-content\/uploads\/2023\/12\/exceladvisor.org_.png\",\"contentUrl\":\"https:\/\/exceladvisor.org\/tr\/wp-content\/uploads\/2023\/12\/exceladvisor.org_.png\",\"width\":105,\"height\":36,\"caption\":\"Excel Advisor\"},\"image\":{\"@id\":\"https:\/\/exceladvisor.org\/tr\/#\/schema\/logo\/image\/\"}}]}<\/script>\n<!-- \/ Yoast SEO plugin. -->","yoast_head_json":{"title":"\u25b7 VBA koduna yeni sat\u0131r nas\u0131l eklenir?","description":"Bu e\u011fitimde, birden fazla sat\u0131r\u0131 birle\u015ftirirken kullanabilece\u011finiz yeni bir sat\u0131r (sat\u0131r ba\u015f\u0131) eklemenin farkl\u0131 yollar\u0131 anlat\u0131lmaktad\u0131r.","robots":{"index":"index","follow":"follow","max-snippet":"max-snippet:-1","max-image-preview":"max-image-preview:large","max-video-preview":"max-video-preview:-1"},"canonical":"https:\/\/exceladvisor.org\/tr\/yeni-hat\/","og_locale":"tr_TR","og_type":"article","og_title":"\u25b7 VBA koduna yeni sat\u0131r nas\u0131l eklenir?","og_description":"Bu e\u011fitimde, birden fazla sat\u0131r\u0131 birle\u015ftirirken kullanabilece\u011finiz yeni bir sat\u0131r (sat\u0131r ba\u015f\u0131) eklemenin farkl\u0131 yollar\u0131 anlat\u0131lmaktad\u0131r.","og_url":"https:\/\/exceladvisor.org\/tr\/yeni-hat\/","og_site_name":"Excel Advisor","article_modified_time":"2023-12-10T06:06:07+00:00","og_image":[{"url":"https:\/\/exceladvisor.org\/wp-content\/uploads\/2023\/08\/1-vba-nouvelle-ligne.png","type":"","width":"","height":""}],"twitter_card":"summary_large_image","twitter_misc":{"Tahmini okuma s\u00fcresi":"2 dakika"},"schema":{"@context":"https:\/\/schema.org","@graph":[{"@type":"WebPage","@id":"https:\/\/exceladvisor.org\/tr\/yeni-hat\/","url":"https:\/\/exceladvisor.org\/tr\/yeni-hat\/","name":"\u25b7 VBA koduna yeni sat\u0131r nas\u0131l eklenir?","isPartOf":{"@id":"https:\/\/exceladvisor.org\/tr\/#website"},"primaryImageOfPage":{"@id":"https:\/\/exceladvisor.org\/tr\/yeni-hat\/#primaryimage"},"image":{"@id":"https:\/\/exceladvisor.org\/tr\/yeni-hat\/#primaryimage"},"thumbnailUrl":"https:\/\/exceladvisor.org\/wp-content\/uploads\/2023\/08\/1-vba-nouvelle-ligne.png","datePublished":"2023-10-31T15:55:47+00:00","dateModified":"2023-12-10T06:06:07+00:00","description":"Bu e\u011fitimde, birden fazla sat\u0131r\u0131 birle\u015ftirirken kullanabilece\u011finiz yeni bir sat\u0131r (sat\u0131r ba\u015f\u0131) eklemenin farkl\u0131 yollar\u0131 anlat\u0131lmaktad\u0131r.","breadcrumb":{"@id":"https:\/\/exceladvisor.org\/tr\/yeni-hat\/#breadcrumb"},"inLanguage":"tr","potentialAction":[{"@type":"ReadAction","target":["https:\/\/exceladvisor.org\/tr\/yeni-hat\/"]}]},{"@type":"ImageObject","inLanguage":"tr","@id":"https:\/\/exceladvisor.org\/tr\/yeni-hat\/#primaryimage","url":"https:\/\/exceladvisor.org\/wp-content\/uploads\/2023\/08\/1-vba-nouvelle-ligne.png","contentUrl":"https:\/\/exceladvisor.org\/wp-content\/uploads\/2023\/08\/1-vba-nouvelle-ligne.png"},{"@type":"BreadcrumbList","@id":"https:\/\/exceladvisor.org\/tr\/yeni-hat\/#breadcrumb","itemListElement":[{"@type":"ListItem","position":1,"name":"Ev","item":"https:\/\/exceladvisor.org\/tr\/"},{"@type":"ListItem","position":2,"name":"Vba koduna yeni bir sat\u0131r nas\u0131l eklenir?"}]},{"@type":"WebSite","@id":"https:\/\/exceladvisor.org\/tr\/#website","url":"https:\/\/exceladvisor.org\/tr\/","name":"Excel Advisor","description":"Veri hakimiyetine y\u00f6nelik nihai rehberiniz!","publisher":{"@id":"https:\/\/exceladvisor.org\/tr\/#organization"},"potentialAction":[{"@type":"SearchAction","target":{"@type":"EntryPoint","urlTemplate":"https:\/\/exceladvisor.org\/tr\/?s={search_term_string}"},"query-input":{"@type":"PropertyValueSpecification","valueRequired":true,"valueName":"search_term_string"}}],"inLanguage":"tr"},{"@type":"Organization","@id":"https:\/\/exceladvisor.org\/tr\/#organization","name":"Excel Advisor","url":"https:\/\/exceladvisor.org\/tr\/","logo":{"@type":"ImageObject","inLanguage":"tr","@id":"https:\/\/exceladvisor.org\/tr\/#\/schema\/logo\/image\/","url":"https:\/\/exceladvisor.org\/tr\/wp-content\/uploads\/2023\/12\/exceladvisor.org_.png","contentUrl":"https:\/\/exceladvisor.org\/tr\/wp-content\/uploads\/2023\/12\/exceladvisor.org_.png","width":105,"height":36,"caption":"Excel Advisor"},"image":{"@id":"https:\/\/exceladvisor.org\/tr\/#\/schema\/logo\/image\/"}}]}},"yoast_meta":{"yoast_wpseo_title":"","yoast_wpseo_metadesc":"","yoast_wpseo_canonical":""},"_links":{"self":[{"href":"https:\/\/exceladvisor.org\/tr\/wp-json\/wp\/v2\/pages\/1848","targetHints":{"allow":["GET"]}}],"collection":[{"href":"https:\/\/exceladvisor.org\/tr\/wp-json\/wp\/v2\/pages"}],"about":[{"href":"https:\/\/exceladvisor.org\/tr\/wp-json\/wp\/v2\/types\/page"}],"author":[{"embeddable":true,"href":"https:\/\/exceladvisor.org\/tr\/wp-json\/wp\/v2\/users\/1"}],"replies":[{"embeddable":true,"href":"https:\/\/exceladvisor.org\/tr\/wp-json\/wp\/v2\/comments?post=1848"}],"version-history":[{"count":1,"href":"https:\/\/exceladvisor.org\/tr\/wp-json\/wp\/v2\/pages\/1848\/revisions"}],"predecessor-version":[{"id":2851,"href":"https:\/\/exceladvisor.org\/tr\/wp-json\/wp\/v2\/pages\/1848\/revisions\/2851"}],"wp:attachment":[{"href":"https:\/\/exceladvisor.org\/tr\/wp-json\/wp\/v2\/media?parent=1848"}],"curies":[{"name":"wp","href":"https:\/\/api.w.org\/{rel}","templated":true}]}}