{"id":1849,"date":"2023-10-31T13:17:03","date_gmt":"2023-10-31T13:17:03","guid":{"rendered":"https:\/\/exceladvisor.org\/tr\/dugme-ekle\/"},"modified":"2023-12-10T06:01:12","modified_gmt":"2023-12-10T06:01:12","slug":"dugme-ekle","status":"publish","type":"page","link":"https:\/\/exceladvisor.org\/tr\/dugme-ekle\/","title":{"rendered":"Excel&#39;de d\u00fc\u011fme nas\u0131l eklenir?"},"content":{"rendered":"<div class=\"excel-icerikten-once\" id=\"excel-3786581607\"><script type=\"text\/javascript\">\r\n\tatOptions = {\r\n\t\t'key' : 'c1158f160081d6540a8409e6925dab94',\r\n\t\t'format' : 'iframe',\r\n\t\t'height' : 250,\r\n\t\t'width' : 300,\r\n\t\t'params' : {}\r\n\t};\r\n<\/script>\r\n<script type=\"text\/javascript\" src=\"\/\/www.highperformanceformat.com\/c1158f160081d6540a8409e6925dab94\/invoke.js\"><\/script><\/div> <p>Excel&#8217;de kullan\u0131c\u0131lar \u00e7al\u0131\u015fma sayfalar\u0131na makro \u00f6zellikli d\u00fc\u011fmeler ekleyebilir ve yaln\u0131zca \u00fczerlerine t\u0131klayarak makrolar\u0131 \u00e7al\u0131\u015ft\u0131rabilir.<\/p><p> Kullan\u0131c\u0131lar bu makro \u00f6zellikli d\u00fc\u011fmeleri, yaln\u0131zca d\u00fc\u011fmelere t\u0131klayarak verileri filtrelemek, verileri se\u00e7mek, elektronik tablo yazd\u0131rmak, form\u00fclleri ve hesaplamalar\u0131 \u00e7al\u0131\u015ft\u0131rmak gibi bir\u00e7ok farkl\u0131 g\u00f6revi ger\u00e7ekle\u015ftirmek i\u00e7in kullanabilir.<\/p><p> D\u00fc\u011fme eklemek ve makrolar\u0131 entegre etmek daha kolayd\u0131r. Excel, \u00e7al\u0131\u015fma sayfas\u0131na makro \u00f6zellikli d\u00fc\u011fmeler eklemenin \u00e7e\u015fitli yollar\u0131n\u0131 sa\u011flar. A\u015fa\u011f\u0131da Excel&#8217;de makro d\u00fc\u011fmeleri eklemenin baz\u0131 h\u0131zl\u0131 ve kolay yollar\u0131n\u0131 bulacaks\u0131n\u0131z.<\/p><h2 class=\"wp-block-heading\"> \u015eekilleri kullanarak makro d\u00fc\u011fmeleri ekleme<\/h2><p> Kullan\u0131c\u0131lar \u015fekilleri kullanarak Excel&#8217;de d\u00fc\u011fmeler olu\u015fturabilir. \u015eekilleri kullanarak d\u00fc\u011fme olu\u015fturmak, kontrol d\u00fc\u011fmelerinden veya ActiveX d\u00fc\u011fmelerinden olu\u015fturulan d\u00fc\u011fmelerden daha fazla bi\u00e7imlendirme se\u00e7ene\u011fi sunar. Kullan\u0131c\u0131lar \u015fekiller kullan\u0131larak olu\u015fturulan butonun tasar\u0131m\u0131n\u0131, rengini, yaz\u0131 tipini ve stilini de\u011fi\u015ftirebiliyor.<\/p><ol><li> \u00d6ncelikle \u201cEkle\u201d sekmesine gidin, ard\u0131ndan \u201c\u00c7izimler\u201d simgesine t\u0131klay\u0131n, ard\u0131ndan \u201c\u015eekiller\u201d se\u00e7ene\u011fine t\u0131klay\u0131n ve herhangi bir dikd\u00f6rtgen d\u00fc\u011fmesini se\u00e7in. <br><img loading=\"lazy\" decoding=\"async\" title=\"1-ill\u00fcstrasyon-\u015fekiller-simgesi\" src=\"https:\/\/exceladvisor.org\/wp-content\/uploads\/2023\/08\/1-icone-de-formes-dillustration.png\" sizes=\"auto, \" srcset=\"\" alt=\"illustration-shapes-icon\" width=\"406\" height=\"282\"><\/li><li> Bundan sonra, fareyi kullanarak \u00e7al\u0131\u015fma sayfas\u0131na dikd\u00f6rtgen d\u00fc\u011fmeyi \u00e7izin. <br><img loading=\"lazy\" decoding=\"async\" title=\"2-dikd\u00f6rtgen-\u00e7izme d\u00fc\u011fmesi\" src=\"https:\/\/exceladvisor.org\/wp-content\/uploads\/2023\/08\/2-dessiner-un-bouton-rectangulaire.png\" sizes=\"auto, \" srcset=\"\" alt=\"draw-a-rectangular-button\" width=\"618\" height=\"225\"><\/li><li> \u015eimdi butona metni girmek i\u00e7in butona \u00e7ift t\u0131klay\u0131n ve metni ekleyin. <br><img loading=\"lazy\" decoding=\"async\" title=\"3-d\u00fc\u011fmeye metin girin\" src=\"https:\/\/exceladvisor.org\/wp-content\/uploads\/2023\/08\/3-saisir-du-texte-sur-le-bouton.png\" sizes=\"auto, \" srcset=\"\" alt=\"enter-text-to-the-button\" width=\"242\" height=\"127\"><\/li><li> Bi\u00e7imlendirme i\u00e7in \u201c\u015eekli Bi\u00e7imlendir\u201d sekmesine gidin; d\u00fc\u011fmeyi bi\u00e7imlendirmek i\u00e7in \u00e7e\u015fitli se\u00e7enekler g\u00f6receksiniz.<\/li><li> Buradan yaz\u0131 tipi stilini, yaz\u0131 tipi rengini, d\u00fc\u011fme rengini, d\u00fc\u011fme efektlerini ve \u00e7ok daha fazlas\u0131n\u0131 bi\u00e7imlendirebilirsiniz. <br><img loading=\"lazy\" decoding=\"async\" title=\"4 \u015fekil sekmesi format\u0131\" src=\"https:\/\/exceladvisor.org\/wp-content\/uploads\/2023\/08\/4-onglet-de-format-de-forme.png\" sizes=\"auto, \" srcset=\"\" alt=\"shape-format-tab\" width=\"696\" height=\"237\"><\/li><li> Metni d\u00fczenlemek, k\u00f6pr\u00fcy\u00fc eklemek veya makroyu eklemek i\u00e7in d\u00fc\u011fmeye sa\u011f t\u0131klay\u0131n; \u00e7e\u015fitli se\u00e7eneklerin bulundu\u011fu i\u00e7erik men\u00fcs\u00fcn\u00fc g\u00f6receksiniz.<\/li><li> Buradan metni d\u00fczenleyebilir, k\u00f6pr\u00fcy\u00fc ekleyebilir ve makroyu d\u00fc\u011fmeye ekleyebilirsiniz.<\/li><li> \u015eimdi makroyu butona eklemek i\u00e7in \u201cMakro Ata\u201d se\u00e7ene\u011fini se\u00e7in. <br><img loading=\"lazy\" decoding=\"async\" title=\"5-d\u00fc\u011fmeye sa\u011f t\u0131klay\u0131n\" src=\"https:\/\/exceladvisor.org\/wp-content\/uploads\/2023\/08\/5-clic-droit-sur-le-bouton.png\" sizes=\"auto, \" srcset=\"\" alt=\"right-click-on-the-button\" width=\"264\" height=\"398\"><\/li><li> \u201cMakro Ata\u201d se\u00e7ene\u011fini se\u00e7ti\u011finizde \u201cMakro Ata\u201d ileti\u015fim kutusu a\u00e7\u0131l\u0131r.<\/li><li> Oradan makroyu se\u00e7in ve Tamam&#8217;a t\u0131klay\u0131n. <br><img loading=\"lazy\" decoding=\"async\" title=\"6-atama-makro-pencere\" src=\"https:\/\/exceladvisor.org\/wp-content\/uploads\/2023\/08\/6-attribuer-une-fenetre-de-macro.png\" sizes=\"auto, \" srcset=\"\" alt=\"assign-macro-window\" width=\"388\" height=\"369\"><\/li><li> Bu noktada d\u00fc\u011fme mikrofon etkin hale gelir ve imlecinizi d\u00fc\u011fmenin \u00fczerine getirdi\u011finizde imle\u00e7 el noktas\u0131 imlecine d\u00f6n\u00fc\u015f\u00fcr. <br><img decoding=\"async\" title=\"7 aktif mikro d\u00fc\u011fme\" src=\"https:\/\/exceladvisor.org\/wp-content\/uploads\/2023\/08\/7-micro-boutons-actives.png\" sizes=\"\" srcset=\"\" alt=\"micro-enabled-button\"><\/li><li> D\u00fc\u011fme hareketini dondurmak i\u00e7in d\u00fc\u011fmeye sa\u011f t\u0131klay\u0131n ve &#8220;\u015eekil Bi\u00e7imlendir&#8221; se\u00e7ene\u011fini se\u00e7in ve &#8220;H\u00fccrelerle ta\u015f\u0131ma veya yeniden boyutland\u0131rma&#8221; se\u00e7ene\u011fini se\u00e7in. <br><img loading=\"lazy\" decoding=\"async\" title=\"8-d\u00fc\u011fmeyi dondur\" src=\"https:\/\/exceladvisor.org\/wp-content\/uploads\/2023\/08\/8-geler-le-bouton.png\" sizes=\"auto, \" srcset=\"\" alt=\"freeze-the-button\" width=\"551\" height=\"390\"><\/li><\/ol><h2 class=\"wp-block-heading\"> Form kontrollerini kullanarak makro d\u00fc\u011fmeleri ekleme<\/h2><ol><li> \u00d6ncelikle \u201cGeli\u015ftirici\u201d sekmesine gidin ve \u015feritteki \u201cKontrol\u201d grubunun alt\u0131ndaki \u201cEkle\u201d simgesine t\u0131klay\u0131n. <br><img loading=\"lazy\" decoding=\"async\" title=\"9 sekmeli geli\u015ftirici\" src=\"https:\/\/exceladvisor.org\/wp-content\/uploads\/2023\/08\/9-onglet-developpeur.png\" sizes=\"auto, \" srcset=\"\" alt=\"developer-tab\" width=\"716\" height=\"118\"><\/li><li> Daha sonra \u201cForm Kontrolleri\u201d men\u00fcs\u00fcnden ilk buton se\u00e7ene\u011fini se\u00e7in ve \u00e7al\u0131\u015fma sayfas\u0131na bir buton \u00e7izin. <br><img decoding=\"async\" title=\"10 formlu kontrol d\u00fc\u011fmesi\" src=\"https:\/\/exceladvisor.org\/wp-content\/uploads\/2023\/08\/10-bouton-de-controle-de-formulaire.png\" sizes=\"\" srcset=\"\" alt=\"form-controls-button\"><\/li><li> \u015eimdi \u201cMakro Ata\u201d ileti\u015fim kutusunda makronun ad\u0131n\u0131 se\u00e7in veya yaz\u0131n ve Tamam&#8217;a t\u0131klay\u0131n.<\/li><li> Hen\u00fcz bir makro olu\u015fturmad\u0131ysan\u0131z, makroyu daha sonra eklemek i\u00e7in \u0130ptal&#8217;i t\u0131klatabilirsiniz. <br><img loading=\"lazy\" decoding=\"async\" title=\"11-makro-ileti\u015fim kutusunu-atay\u0131n-\" src=\"https:\/\/exceladvisor.org\/wp-content\/uploads\/2023\/08\/11-boite-de-dialogue-daffectation-de-macro.png\" sizes=\"auto, \" srcset=\"\" alt=\"assign-macro-dialogue-box\" width=\"338\" height=\"329\"><\/li><li> Oradan, d\u00fc\u011fmeye sa\u011f t\u0131klay\u0131n ve hen\u00fcz atanmam\u0131\u015fsa makroyu d\u00fc\u011fmeye eklemek i\u00e7in &#8220;Makro Ata&#8221; se\u00e7ene\u011fini se\u00e7in.<\/li><li> Yaz\u0131 tipi boyutunu, stilini, rengini vb. bi\u00e7imlendirmek i\u00e7in. d\u00fc\u011fmesini kullanarak \u201cBi\u00e7im Kontrol\u00fc\u201d se\u00e7ene\u011fini se\u00e7in. <br><img loading=\"lazy\" decoding=\"async\" title=\"12-d\u00fc\u011fmeye sa\u011f t\u0131klay\u0131n\" src=\"https:\/\/exceladvisor.org\/wp-content\/uploads\/2023\/08\/12-clic-droit-sur-le-bouton.png\" sizes=\"auto, \" srcset=\"\" alt=\"right-click-the-button\" width=\"244\" height=\"423\"><\/li><li> \u201cBi\u00e7im Kontrol\u00fc\u201dne t\u0131klad\u0131\u011f\u0131n\u0131zda \u201cBi\u00e7im Kontrol\u00fc\u201d penceresi a\u00e7\u0131l\u0131r ve ard\u0131ndan d\u00fc\u011fme yaz\u0131 tipini bi\u00e7imlendirebilirsiniz. <br><img loading=\"lazy\" decoding=\"async\" title=\"13 formatl\u0131 kontrol penceresi\" src=\"https:\/\/exceladvisor.org\/wp-content\/uploads\/2023\/08\/Fenetre-de-controle-13-formats.png\" sizes=\"auto, \" srcset=\"\" alt=\"format-control-window\" width=\"404\" height=\"401\"><\/li><li> D\u00fc\u011fme hareketini dondurmak i\u00e7in \u201c\u00d6zellikler\u201d sekmesini se\u00e7in ve \u201cH\u00fccrelerle ta\u015f\u0131ma veya boyutland\u0131rma\u201d se\u00e7ene\u011fini se\u00e7in ve Tamam&#8217;a t\u0131klay\u0131n. <br><img loading=\"lazy\" decoding=\"async\" title=\"14-hareket-dondurma d\u00fc\u011fmesi\" src=\"https:\/\/exceladvisor.org\/wp-content\/uploads\/2023\/08\/14-geler-le-mouvement-du-bouton.png\" sizes=\"auto, \" srcset=\"\" alt=\"freeze-the-button-movement\" width=\"403\" height=\"398\"><\/li><\/ol><h2 class=\"wp-block-heading\"> ActiveX denetimlerini kullanarak makro d\u00fc\u011fmeleri ekleme<\/h2><ol><li> \u00d6ncelikle \u201cGeli\u015ftirici\u201d sekmesine gidin ve \u015feritteki \u201cKontrol\u201d grubunun alt\u0131ndaki \u201cEkle\u201d simgesine t\u0131klay\u0131n. <br><img loading=\"lazy\" decoding=\"async\" title=\"15-geli\u015ftirici-sekmesi-ekleme-simgesi\" src=\"https:\/\/exceladvisor.org\/wp-content\/uploads\/2023\/08\/15-icone-dinsertion-de-longlet-developpeur.png\" sizes=\"auto, \" srcset=\"\" alt=\"developer-tab-insert-icon\" width=\"246\" height=\"306\"><\/li><li> Daha sonra \u201cActiveX Kontrolleri\u201d men\u00fcs\u00fcnden ilk buton se\u00e7ene\u011fini se\u00e7in ve \u00e7al\u0131\u015fma sayfas\u0131na bir buton \u00e7izin. <br><img loading=\"lazy\" decoding=\"async\" title=\"16 activex kontrol d\u00fc\u011fmesi\" src=\"https:\/\/exceladvisor.org\/wp-content\/uploads\/2023\/08\/16-boutons-de-commandes-activex.png\" sizes=\"auto, \" srcset=\"\" alt=\"activex-controls-button\" width=\"248\" height=\"309\"><\/li><li> \u015eimdi makroyu olu\u015fturup d\u00fc\u011fmeye eklemek i\u00e7in VBA d\u00fczenleyicisini ba\u015flatmak \u00fczere \u201cKodu G\u00f6ster\u201d simgesine t\u0131klay\u0131n. <br><img loading=\"lazy\" decoding=\"async\" title=\"Kod 17 g\u00f6r\u00fcnt\u00fclemeleri\" src=\"https:\/\/exceladvisor.org\/wp-content\/uploads\/2023\/08\/17-codes-de-vue.png\" sizes=\"auto, \" srcset=\"\" alt=\"view-code\" width=\"353\" height=\"258\"><\/li><li> \u015eimdi alt prosed\u00fcrde \u201cCommandButton1\u201d se\u00e7ene\u011fini se\u00e7in ve edit\u00f6r\u00fcn sa\u011f taraf\u0131ndaki a\u00e7\u0131l\u0131r listeden \u201cClick\u201d se\u00e7ene\u011fini se\u00e7in. <br><img loading=\"lazy\" decoding=\"async\" title=\"18-vba-edit\u00f6r\u00fc\" src=\"https:\/\/exceladvisor.org\/wp-content\/uploads\/2023\/08\/18-editeur-vba.png\" sizes=\"auto, \" srcset=\"\" alt=\"vba-editor\" width=\"793\" height=\"357\"><\/li><\/ol><div class=\"gb-container gb-container-4db6181c gb-container-mt\"> <a class=\"gb-button gb-button-c5897111 gb-button-text gb-button-mt-button\" href=\"https:\/\/exceladvisor.org\/tr\/excelin-temelleri\/\">Microsoft Excel Temelleri (Bile\u015fenler, Par\u00e7alar ve Bilgi Notlar\u0131)<\/a><h2 class=\"gb-headline gb-headline-665e5f6b gb-headline-text gb-headline-mt-heading\"> \u0130lgili e\u011fitimler <\/h2><div class=\"gb-grid-wrapper gb-grid-wrapper-a20baf7c gb-grid-wrapper-mt-grid\"><div class=\"gb-grid-column gb-grid-column-65ddf67e\"><div class=\"gb-container gb-container-65ddf67e\"><ul><li> <a href=\"https:\/\/exceladvisor.org\/tr\/bir-cizgi-ciz\/\">Excel&#8217;de bir \u00e7izgi \u00e7izin<\/a><\/li><li> <a href=\"https:\/\/exceladvisor.org\/tr\/ayrisan-hucreleri-birlestirme\/\">Birle\u015ftirme \u2013 Excel&#8217;deki h\u00fccrelerin grubunu \u00e7\u00f6zme<\/a><\/li><li> <a href=\"https:\/\/exceladvisor.org\/tr\/yazim-denetleyicisi\/\">Excel&#8217;de yaz\u0131m denetimi<\/a><\/li><li> <a href=\"https:\/\/exceladvisor.org\/tr\/para-cekme\/\">Excel&#8217;de girintiyi art\u0131rma ve azaltma<\/a><\/li><li> <a href=\"https:\/\/exceladvisor.org\/tr\/metni-dondur\/\">Excel&#8217;de metni d\u00f6nd\u00fcrme (metin y\u00f6nlendirmesi)<\/a> <\/li><\/ul><\/div><\/div><div class=\"gb-grid-column gb-grid-column-50067b57\"><div class=\"gb-container gb-container-50067b57\"><\/div><\/div><\/div><\/div>","protected":false},"excerpt":{"rendered":"","protected":false},"author":1,"featured_media":0,"parent":0,"menu_order":0,"comment_status":"open","ping_status":"closed","template":"","meta":{"ub_ctt_via":"","footnotes":""},"class_list":["post-1849","page","type-page","status-publish","hentry"],"featured_image_src":null,"yoast_head":"<!-- This site is optimized with the Yoast SEO plugin v25.4 - https:\/\/yoast.com\/wordpress\/plugins\/seo\/ -->\n<title>\u25b7 Excel&#039;de d\u00fc\u011fme nas\u0131l eklenir? (E\u011fitim 2023)<\/title>\n<meta name=\"description\" content=\"Bu derste Excel&#039;de nas\u0131l d\u00fc\u011fme eklenece\u011fini \u00f6\u011frenece\u011fiz (Form Kontrollerini Kullanma, \u015eekilleri Kullanma ve\" \/>\n<meta name=\"robots\" content=\"index, follow, max-snippet:-1, max-image-preview:large, max-video-preview:-1\" \/>\n<link rel=\"canonical\" href=\"https:\/\/exceladvisor.org\/tr\/dugme-ekle\/\" \/>\n<meta property=\"og:locale\" content=\"tr_TR\" \/>\n<meta property=\"og:type\" content=\"article\" \/>\n<meta property=\"og:title\" content=\"\u25b7 Excel&#039;de d\u00fc\u011fme nas\u0131l eklenir? (E\u011fitim 2023)\" \/>\n<meta property=\"og:description\" content=\"Bu derste Excel&#039;de nas\u0131l d\u00fc\u011fme eklenece\u011fini \u00f6\u011frenece\u011fiz (Form Kontrollerini Kullanma, \u015eekilleri Kullanma ve\" \/>\n<meta property=\"og:url\" content=\"https:\/\/exceladvisor.org\/tr\/dugme-ekle\/\" \/>\n<meta property=\"og:site_name\" content=\"Excel Advisor\" \/>\n<meta property=\"article:modified_time\" content=\"2023-12-10T06:01:12+00:00\" \/>\n<meta property=\"og:image\" content=\"https:\/\/exceladvisor.org\/wp-content\/uploads\/2023\/08\/1-icone-de-formes-dillustration.png\" \/>\n<meta name=\"twitter:card\" content=\"summary_large_image\" \/>\n<meta name=\"twitter:label1\" content=\"Tahmini okuma s\u00fcresi\" \/>\n\t<meta name=\"twitter:data1\" content=\"4 dakika\" \/>\n<script type=\"application\/ld+json\" class=\"yoast-schema-graph\">{\"@context\":\"https:\/\/schema.org\",\"@graph\":[{\"@type\":\"WebPage\",\"@id\":\"https:\/\/exceladvisor.org\/tr\/dugme-ekle\/\",\"url\":\"https:\/\/exceladvisor.org\/tr\/dugme-ekle\/\",\"name\":\"\u25b7 Excel&#39;de d\u00fc\u011fme nas\u0131l eklenir? (E\u011fitim 2023)\",\"isPartOf\":{\"@id\":\"https:\/\/exceladvisor.org\/tr\/#website\"},\"primaryImageOfPage\":{\"@id\":\"https:\/\/exceladvisor.org\/tr\/dugme-ekle\/#primaryimage\"},\"image\":{\"@id\":\"https:\/\/exceladvisor.org\/tr\/dugme-ekle\/#primaryimage\"},\"thumbnailUrl\":\"https:\/\/exceladvisor.org\/wp-content\/uploads\/2023\/08\/1-icone-de-formes-dillustration.png\",\"datePublished\":\"2023-10-31T13:17:03+00:00\",\"dateModified\":\"2023-12-10T06:01:12+00:00\",\"description\":\"Bu derste Excel&#39;de nas\u0131l d\u00fc\u011fme eklenece\u011fini \u00f6\u011frenece\u011fiz (Form Kontrollerini Kullanma, \u015eekilleri Kullanma ve\",\"breadcrumb\":{\"@id\":\"https:\/\/exceladvisor.org\/tr\/dugme-ekle\/#breadcrumb\"},\"inLanguage\":\"tr\",\"potentialAction\":[{\"@type\":\"ReadAction\",\"target\":[\"https:\/\/exceladvisor.org\/tr\/dugme-ekle\/\"]}]},{\"@type\":\"ImageObject\",\"inLanguage\":\"tr\",\"@id\":\"https:\/\/exceladvisor.org\/tr\/dugme-ekle\/#primaryimage\",\"url\":\"https:\/\/exceladvisor.org\/wp-content\/uploads\/2023\/08\/1-icone-de-formes-dillustration.png\",\"contentUrl\":\"https:\/\/exceladvisor.org\/wp-content\/uploads\/2023\/08\/1-icone-de-formes-dillustration.png\"},{\"@type\":\"BreadcrumbList\",\"@id\":\"https:\/\/exceladvisor.org\/tr\/dugme-ekle\/#breadcrumb\",\"itemListElement\":[{\"@type\":\"ListItem\",\"position\":1,\"name\":\"Ev\",\"item\":\"https:\/\/exceladvisor.org\/tr\/\"},{\"@type\":\"ListItem\",\"position\":2,\"name\":\"Excel&#39;de d\u00fc\u011fme nas\u0131l eklenir?\"}]},{\"@type\":\"WebSite\",\"@id\":\"https:\/\/exceladvisor.org\/tr\/#website\",\"url\":\"https:\/\/exceladvisor.org\/tr\/\",\"name\":\"Excel Advisor\",\"description\":\"Veri hakimiyetine y\u00f6nelik nihai rehberiniz!\",\"publisher\":{\"@id\":\"https:\/\/exceladvisor.org\/tr\/#organization\"},\"potentialAction\":[{\"@type\":\"SearchAction\",\"target\":{\"@type\":\"EntryPoint\",\"urlTemplate\":\"https:\/\/exceladvisor.org\/tr\/?s={search_term_string}\"},\"query-input\":{\"@type\":\"PropertyValueSpecification\",\"valueRequired\":true,\"valueName\":\"search_term_string\"}}],\"inLanguage\":\"tr\"},{\"@type\":\"Organization\",\"@id\":\"https:\/\/exceladvisor.org\/tr\/#organization\",\"name\":\"Excel Advisor\",\"url\":\"https:\/\/exceladvisor.org\/tr\/\",\"logo\":{\"@type\":\"ImageObject\",\"inLanguage\":\"tr\",\"@id\":\"https:\/\/exceladvisor.org\/tr\/#\/schema\/logo\/image\/\",\"url\":\"https:\/\/exceladvisor.org\/tr\/wp-content\/uploads\/2023\/12\/exceladvisor.org_.png\",\"contentUrl\":\"https:\/\/exceladvisor.org\/tr\/wp-content\/uploads\/2023\/12\/exceladvisor.org_.png\",\"width\":105,\"height\":36,\"caption\":\"Excel Advisor\"},\"image\":{\"@id\":\"https:\/\/exceladvisor.org\/tr\/#\/schema\/logo\/image\/\"}}]}<\/script>\n<!-- \/ Yoast SEO plugin. -->","yoast_head_json":{"title":"\u25b7 Excel&#39;de d\u00fc\u011fme nas\u0131l eklenir? (E\u011fitim 2023)","description":"Bu derste Excel&#39;de nas\u0131l d\u00fc\u011fme eklenece\u011fini \u00f6\u011frenece\u011fiz (Form Kontrollerini Kullanma, \u015eekilleri Kullanma ve","robots":{"index":"index","follow":"follow","max-snippet":"max-snippet:-1","max-image-preview":"max-image-preview:large","max-video-preview":"max-video-preview:-1"},"canonical":"https:\/\/exceladvisor.org\/tr\/dugme-ekle\/","og_locale":"tr_TR","og_type":"article","og_title":"\u25b7 Excel&#39;de d\u00fc\u011fme nas\u0131l eklenir? (E\u011fitim 2023)","og_description":"Bu derste Excel&#39;de nas\u0131l d\u00fc\u011fme eklenece\u011fini \u00f6\u011frenece\u011fiz (Form Kontrollerini Kullanma, \u015eekilleri Kullanma ve","og_url":"https:\/\/exceladvisor.org\/tr\/dugme-ekle\/","og_site_name":"Excel Advisor","article_modified_time":"2023-12-10T06:01:12+00:00","og_image":[{"url":"https:\/\/exceladvisor.org\/wp-content\/uploads\/2023\/08\/1-icone-de-formes-dillustration.png","type":"","width":"","height":""}],"twitter_card":"summary_large_image","twitter_misc":{"Tahmini okuma s\u00fcresi":"4 dakika"},"schema":{"@context":"https:\/\/schema.org","@graph":[{"@type":"WebPage","@id":"https:\/\/exceladvisor.org\/tr\/dugme-ekle\/","url":"https:\/\/exceladvisor.org\/tr\/dugme-ekle\/","name":"\u25b7 Excel&#39;de d\u00fc\u011fme nas\u0131l eklenir? (E\u011fitim 2023)","isPartOf":{"@id":"https:\/\/exceladvisor.org\/tr\/#website"},"primaryImageOfPage":{"@id":"https:\/\/exceladvisor.org\/tr\/dugme-ekle\/#primaryimage"},"image":{"@id":"https:\/\/exceladvisor.org\/tr\/dugme-ekle\/#primaryimage"},"thumbnailUrl":"https:\/\/exceladvisor.org\/wp-content\/uploads\/2023\/08\/1-icone-de-formes-dillustration.png","datePublished":"2023-10-31T13:17:03+00:00","dateModified":"2023-12-10T06:01:12+00:00","description":"Bu derste Excel&#39;de nas\u0131l d\u00fc\u011fme eklenece\u011fini \u00f6\u011frenece\u011fiz (Form Kontrollerini Kullanma, \u015eekilleri Kullanma ve","breadcrumb":{"@id":"https:\/\/exceladvisor.org\/tr\/dugme-ekle\/#breadcrumb"},"inLanguage":"tr","potentialAction":[{"@type":"ReadAction","target":["https:\/\/exceladvisor.org\/tr\/dugme-ekle\/"]}]},{"@type":"ImageObject","inLanguage":"tr","@id":"https:\/\/exceladvisor.org\/tr\/dugme-ekle\/#primaryimage","url":"https:\/\/exceladvisor.org\/wp-content\/uploads\/2023\/08\/1-icone-de-formes-dillustration.png","contentUrl":"https:\/\/exceladvisor.org\/wp-content\/uploads\/2023\/08\/1-icone-de-formes-dillustration.png"},{"@type":"BreadcrumbList","@id":"https:\/\/exceladvisor.org\/tr\/dugme-ekle\/#breadcrumb","itemListElement":[{"@type":"ListItem","position":1,"name":"Ev","item":"https:\/\/exceladvisor.org\/tr\/"},{"@type":"ListItem","position":2,"name":"Excel&#39;de d\u00fc\u011fme nas\u0131l eklenir?"}]},{"@type":"WebSite","@id":"https:\/\/exceladvisor.org\/tr\/#website","url":"https:\/\/exceladvisor.org\/tr\/","name":"Excel Advisor","description":"Veri hakimiyetine y\u00f6nelik nihai rehberiniz!","publisher":{"@id":"https:\/\/exceladvisor.org\/tr\/#organization"},"potentialAction":[{"@type":"SearchAction","target":{"@type":"EntryPoint","urlTemplate":"https:\/\/exceladvisor.org\/tr\/?s={search_term_string}"},"query-input":{"@type":"PropertyValueSpecification","valueRequired":true,"valueName":"search_term_string"}}],"inLanguage":"tr"},{"@type":"Organization","@id":"https:\/\/exceladvisor.org\/tr\/#organization","name":"Excel Advisor","url":"https:\/\/exceladvisor.org\/tr\/","logo":{"@type":"ImageObject","inLanguage":"tr","@id":"https:\/\/exceladvisor.org\/tr\/#\/schema\/logo\/image\/","url":"https:\/\/exceladvisor.org\/tr\/wp-content\/uploads\/2023\/12\/exceladvisor.org_.png","contentUrl":"https:\/\/exceladvisor.org\/tr\/wp-content\/uploads\/2023\/12\/exceladvisor.org_.png","width":105,"height":36,"caption":"Excel Advisor"},"image":{"@id":"https:\/\/exceladvisor.org\/tr\/#\/schema\/logo\/image\/"}}]}},"yoast_meta":{"yoast_wpseo_title":"","yoast_wpseo_metadesc":"","yoast_wpseo_canonical":""},"_links":{"self":[{"href":"https:\/\/exceladvisor.org\/tr\/wp-json\/wp\/v2\/pages\/1849","targetHints":{"allow":["GET"]}}],"collection":[{"href":"https:\/\/exceladvisor.org\/tr\/wp-json\/wp\/v2\/pages"}],"about":[{"href":"https:\/\/exceladvisor.org\/tr\/wp-json\/wp\/v2\/types\/page"}],"author":[{"embeddable":true,"href":"https:\/\/exceladvisor.org\/tr\/wp-json\/wp\/v2\/users\/1"}],"replies":[{"embeddable":true,"href":"https:\/\/exceladvisor.org\/tr\/wp-json\/wp\/v2\/comments?post=1849"}],"version-history":[{"count":1,"href":"https:\/\/exceladvisor.org\/tr\/wp-json\/wp\/v2\/pages\/1849\/revisions"}],"predecessor-version":[{"id":2486,"href":"https:\/\/exceladvisor.org\/tr\/wp-json\/wp\/v2\/pages\/1849\/revisions\/2486"}],"wp:attachment":[{"href":"https:\/\/exceladvisor.org\/tr\/wp-json\/wp\/v2\/media?parent=1849"}],"curies":[{"name":"wp","href":"https:\/\/api.w.org\/{rel}","templated":true}]}}