{"id":1852,"date":"2023-10-31T09:02:59","date_gmt":"2023-10-31T09:02:59","guid":{"rendered":"https:\/\/exceladvisor.org\/tr\/calisma-sayfasini-yatay-olarak-ortalayin\/"},"modified":"2023-12-10T06:00:30","modified_gmt":"2023-12-10T06:00:30","slug":"calisma-sayfasini-yatay-olarak-ortalayin","status":"publish","type":"page","link":"https:\/\/exceladvisor.org\/tr\/calisma-sayfasini-yatay-olarak-ortalayin\/","title":{"rendered":"Excel&#39;de bir elektronik tablo nas\u0131l ortalan\u0131r?"},"content":{"rendered":"<div class=\"excel-icerikten-once\" id=\"excel-2594637535\"><script type=\"text\/javascript\">\r\n\tatOptions = {\r\n\t\t'key' : 'c1158f160081d6540a8409e6925dab94',\r\n\t\t'format' : 'iframe',\r\n\t\t'height' : 250,\r\n\t\t'width' : 300,\r\n\t\t'params' : {}\r\n\t};\r\n<\/script>\r\n<script type=\"text\/javascript\" src=\"\/\/www.highperformanceformat.com\/c1158f160081d6540a8409e6925dab94\/invoke.js\"><\/script><\/div> <p>Excel&#8217;de bir elektronik tabloyu a\u00e7t\u0131\u011f\u0131n\u0131zda verileri soldan sa\u011fa girebilirsiniz. Bir \u00e7al\u0131\u015fma sayfas\u0131 yatay olarak sola, dikey olarak \u00fcste hizalan\u0131r.<\/p><p> Ancak bir \u00e7al\u0131\u015fma sayfas\u0131ndaki verileri yatay olarak ortaya ve dikey olarak ortaya hizalayabilirsiniz. <\/p><div class=\"wp-block-image\"><figure class=\"aligncenter size-full is-resized\"><img loading=\"lazy\" decoding=\"async\" class=\"wp-image-72534\" src=\"https:\/\/exceladvisor.org\/wp-content\/uploads\/2023\/08\/1-boite-de-dialogue-de-mise-en-page.png\" sizes=\"auto, \" srcset=\"\" alt=\"d\u00fczen ileti\u015fim kutusu\" width=\"485\" height=\"468\"><\/figure><\/div><h2 class=\"wp-block-heading\"> Yatay Olarak Ortalanm\u0131\u015f Bir Elektronik Tablo Olu\u015fturma Ad\u0131mlar\u0131<\/h2><ol><li> \u00d6ncelikle D\u00fczen sekmesine gidin ve kenar bo\u015flu\u011fu se\u00e7enekleri a\u00e7\u0131l\u0131r men\u00fcs\u00fcne t\u0131klay\u0131n. <br><img loading=\"lazy\" decoding=\"async\" title=\"2-T\u0131klamal\u0131 Marj Se\u00e7enekleri A\u00e7\u0131l\u0131r Men\u00fcs\u00fc\" src=\"https:\/\/exceladvisor.org\/wp-content\/uploads\/2023\/08\/Liste-deroulante-des-options-de-marge-en-2-clics.png\" sizes=\"auto, \" srcset=\"\" alt=\"click-margin-option-dropdown\" width=\"506\" height=\"209\"><\/li><li> \u015eimdi kenar bo\u015fluklar\u0131ndan \u00f6zel kenar bo\u015fluklar\u0131 se\u00e7ene\u011fine t\u0131klay\u0131n. Bu, d\u00fczen ileti\u015fim kutusunu a\u00e7ar. <br><img loading=\"lazy\" decoding=\"async\" title=\"3 t\u0131klamayla \u00f6zel kenar bo\u015flu\u011fu se\u00e7enekleri\" src=\"https:\/\/exceladvisor.org\/wp-content\/uploads\/2023\/08\/Options-de-marge-personnalisees-en-3-clics.png\" sizes=\"auto, \" srcset=\"\" alt=\"click-custom-margin-options\" width=\"549\" height=\"537\"><\/li><li> Bundan sonra, sayfa yap\u0131s\u0131 ileti\u015fim kutusunda sayfa se\u00e7eneklerinin ortas\u0131n\u0131 (yatay ve dikey) kontrol edin. Bunu yapt\u0131\u011f\u0131n\u0131z anda g\u00f6receksiniz ki \u00e7al\u0131\u015fma sayfas\u0131ndaki veriler art\u0131k yatay olarak ortada ve dikey olarak ortada yer al\u0131yor. <br><img loading=\"lazy\" decoding=\"async\" title=\"Yatay ve dikey olarak 4 onay i\u015fareti se\u00e7ene\u011fi\" src=\"https:\/\/exceladvisor.org\/wp-content\/uploads\/2023\/08\/4-options-de-coche-horizontalement-et-verticalement.png\" sizes=\"auto, \" srcset=\"\" alt=\"tickmark-horizontally-and-vertically-options\" width=\"536\" height=\"517\"><\/li><li> Sonunda bu ayarlar\u0131 kaydetmek i\u00e7in Tamam&#8217;\u0131 t\u0131klay\u0131n.<\/li><\/ol><p> Bu, e-tablodaki verileri de\u011fi\u015ftirmez, ancak bir bask\u0131 yapt\u0131\u011f\u0131n\u0131zda bunu yatay olarak ortada ve dikey olarak ortada yapacakt\u0131r.<\/p><h2 class=\"wp-block-heading\"> Yatay Olarak Ortalanm\u0131\u015f Bir Elektronik Tablo Olu\u015fturmak i\u00e7in Bask\u0131 \u00d6nizleme Se\u00e7ene\u011finin Kullan\u0131lmas\u0131<\/h2><p> Ayn\u0131 se\u00e7enek bask\u0131 \u00f6nizleme se\u00e7ene\u011finden de de\u011fi\u015ftirilebilir.<\/p><ol type=\"1\"><li> Dosya sekmesine gidin ve Yazd\u0131r se\u00e7ene\u011fine t\u0131klay\u0131n.<\/li><li> Bundan sonra \u201cSayfa Yap\u0131s\u0131\u201d na t\u0131klay\u0131n.<\/li><li> \u015eimdi Marj sekmesine t\u0131klay\u0131n.<\/li><li> Daha sonra kutular\u0131 yatay ve dikey olarak i\u015faretleyin.<\/li><li> Sonunda ayarlar\u0131 kaydetmek i\u00e7in Tamam&#8217;\u0131 t\u0131klay\u0131n. <\/li><\/ol><div class=\"wp-block-image\"><figure class=\"aligncenter size-full is-resized\"><img loading=\"lazy\" decoding=\"async\" class=\"wp-image-72538\" src=\"https:\/\/exceladvisor.org\/wp-content\/uploads\/2023\/08\/5-creer-une-feuille-de-calcul-horizontalement.png\" sizes=\"auto, \" srcset=\"\" alt=\"\u00e7al\u0131\u015fma sayfas\u0131n\u0131 yatay olarak yap\" width=\"710\" height=\"510\"><\/figure><\/div><p> Bu, ilk y\u00f6ntemde kulland\u0131\u011f\u0131m\u0131z se\u00e7ene\u011fin ayn\u0131s\u0131d\u0131r ancak onu a\u00e7man\u0131n yaln\u0131zca farkl\u0131 bir yoludur.<\/p><h2 class=\"wp-block-heading\"> Klavye k\u0131sayolu<\/h2><p> Ortada yatay olarak bir e-tablo olu\u015fturmak istiyorsan\u0131z d\u00fczeni a\u00e7mak i\u00e7in bir <a href=\"https:\/\/exceladvisor.org\/tr\/klavye-kisayollari\/\">klavye k\u0131sayolu<\/a> kullan\u0131r ve ard\u0131ndan ayarlar\u0131 uygulars\u0131n\u0131z:<\/p><p> <kbd>Alt<\/kbd> \u21e2 <kbd>P<\/kbd> \u21e2 <kbd>S<\/kbd> \u21e2 <kbd>P<\/kbd> \u21e2 <kbd>M<\/kbd><\/p><p> Bu k\u0131sayol tu\u015funa bast\u0131\u011f\u0131n\u0131zda d\u00fczen ileti\u015fim kutusu ve kenar bo\u015flu\u011fu sekmesi a\u00e7\u0131l\u0131r.<\/p><p> Ve buradan, \u00e7al\u0131\u015fma sayfan\u0131z\u0131 yatay olarak ortada ve dikey olarak ortada yapacak \u015fekilde ayar\u0131 uygulayabilirsiniz.<\/p><p> Daha \u00f6nce de s\u00f6yledi\u011fim gibi bu ayarlar\u0131 uygulad\u0131\u011f\u0131n\u0131zda \u00e7al\u0131\u015fma sayfas\u0131ndaki verilerde herhangi bir de\u011fi\u015fiklik yapmayacak, ancak yazd\u0131r\u0131rken sahip oldu\u011funuz hizalamay\u0131 de\u011fi\u015ftirecektir.<\/p><p> Bu ayar\u0131 <a href=\"https:\/\/exceladvisor.org\/tr\/baski-onizleme-1\/\">bask\u0131 \u00f6nizlemesinde<\/a> de g\u00f6r\u00fcrs\u00fcn\u00fcz.<\/p><div class=\"gb-container gb-container-4db6181c gb-container-mt\"> <a class=\"gb-button gb-button-c5897111 gb-button-text gb-button-mt-button\" href=\"https:\/\/exceladvisor.org\/tr\/excelin-temelleri\/\">Microsoft Excel Temelleri (Bile\u015fenler, Par\u00e7alar ve Bilgi Notlar\u0131)<\/a><h2 class=\"gb-headline gb-headline-665e5f6b gb-headline-text gb-headline-mt-heading\"> \u0130lgili e\u011fitimler <\/h2><div class=\"gb-grid-wrapper gb-grid-wrapper-a20baf7c gb-grid-wrapper-mt-grid\"><div class=\"gb-grid-column gb-grid-column-65ddf67e\"><div class=\"gb-container gb-container-65ddf67e\"><ul><li> <a href=\"https:\/\/exceladvisor.org\/tr\/basliklari-yazdir\/\">Excel&#8217;de Yazd\u0131rma Ba\u015fl\u0131klar\u0131n\u0131 Uygula (sat\u0131r 1&#8217;i her sayfaya yazd\u0131racak \u015fekilde ayarlay\u0131n)<\/a><\/li><li> <a href=\"https:\/\/exceladvisor.org\/tr\/grafik-kagidi\/\">Excel&#8217;de bir grafik ka\u011f\u0131d\u0131 yazd\u0131rma (kare \u0131zgara \u015fablonu)<\/a><\/li><li> <a href=\"https:\/\/exceladvisor.org\/tr\/sayfa-sonunu-kaldir\/\">Excel&#8217;de sayfa sonunu kald\u0131r<\/a><\/li><li> <a href=\"https:\/\/exceladvisor.org\/tr\/yazdirma-alanini-ayarla\/\">Excel&#8217;de Yazd\u0131rma Alan\u0131n\u0131 Ayarlama<\/a> <\/li><\/ul><\/div><\/div><div class=\"gb-grid-column gb-grid-column-50067b57\"><div class=\"gb-container gb-container-50067b57\"><\/div><\/div><\/div><\/div>","protected":false},"excerpt":{"rendered":"","protected":false},"author":1,"featured_media":0,"parent":0,"menu_order":0,"comment_status":"open","ping_status":"closed","template":"","meta":{"ub_ctt_via":"","footnotes":""},"class_list":["post-1852","page","type-page","status-publish","hentry"],"featured_image_src":null,"yoast_head":"<!-- This site is optimized with the Yoast SEO plugin v25.4 - https:\/\/yoast.com\/wordpress\/plugins\/seo\/ -->\n<title>Excel&#039;de bir elektronik tablo nas\u0131l ortalan\u0131r? (E\u011fitim 2023)<\/title>\n<meta name=\"description\" content=\"Bu derste, yatay olarak ortada ve dikey olarak ortada bir e-tablo olu\u015fturmay\u0131 \u00f6\u011frenece\u011fiz.\" \/>\n<meta name=\"robots\" content=\"index, follow, max-snippet:-1, max-image-preview:large, max-video-preview:-1\" \/>\n<link rel=\"canonical\" href=\"https:\/\/exceladvisor.org\/tr\/calisma-sayfasini-yatay-olarak-ortalayin\/\" \/>\n<meta property=\"og:locale\" content=\"tr_TR\" \/>\n<meta property=\"og:type\" content=\"article\" \/>\n<meta property=\"og:title\" content=\"Excel&#039;de bir elektronik tablo nas\u0131l ortalan\u0131r? (E\u011fitim 2023)\" \/>\n<meta property=\"og:description\" content=\"Bu derste, yatay olarak ortada ve dikey olarak ortada bir e-tablo olu\u015fturmay\u0131 \u00f6\u011frenece\u011fiz.\" \/>\n<meta property=\"og:url\" content=\"https:\/\/exceladvisor.org\/tr\/calisma-sayfasini-yatay-olarak-ortalayin\/\" \/>\n<meta property=\"og:site_name\" content=\"Excel Advisor\" \/>\n<meta property=\"article:modified_time\" content=\"2023-12-10T06:00:30+00:00\" \/>\n<meta property=\"og:image\" content=\"https:\/\/exceladvisor.org\/wp-content\/uploads\/2023\/08\/1-boite-de-dialogue-de-mise-en-page.png\" \/>\n<meta name=\"twitter:card\" content=\"summary_large_image\" \/>\n<meta name=\"twitter:label1\" content=\"Tahmini okuma s\u00fcresi\" \/>\n\t<meta name=\"twitter:data1\" content=\"2 dakika\" \/>\n<script type=\"application\/ld+json\" class=\"yoast-schema-graph\">{\"@context\":\"https:\/\/schema.org\",\"@graph\":[{\"@type\":\"WebPage\",\"@id\":\"https:\/\/exceladvisor.org\/tr\/calisma-sayfasini-yatay-olarak-ortalayin\/\",\"url\":\"https:\/\/exceladvisor.org\/tr\/calisma-sayfasini-yatay-olarak-ortalayin\/\",\"name\":\"Excel&#39;de bir elektronik tablo nas\u0131l ortalan\u0131r? (E\u011fitim 2023)\",\"isPartOf\":{\"@id\":\"https:\/\/exceladvisor.org\/tr\/#website\"},\"primaryImageOfPage\":{\"@id\":\"https:\/\/exceladvisor.org\/tr\/calisma-sayfasini-yatay-olarak-ortalayin\/#primaryimage\"},\"image\":{\"@id\":\"https:\/\/exceladvisor.org\/tr\/calisma-sayfasini-yatay-olarak-ortalayin\/#primaryimage\"},\"thumbnailUrl\":\"https:\/\/exceladvisor.org\/wp-content\/uploads\/2023\/08\/1-boite-de-dialogue-de-mise-en-page.png\",\"datePublished\":\"2023-10-31T09:02:59+00:00\",\"dateModified\":\"2023-12-10T06:00:30+00:00\",\"description\":\"Bu derste, yatay olarak ortada ve dikey olarak ortada bir e-tablo olu\u015fturmay\u0131 \u00f6\u011frenece\u011fiz.\",\"breadcrumb\":{\"@id\":\"https:\/\/exceladvisor.org\/tr\/calisma-sayfasini-yatay-olarak-ortalayin\/#breadcrumb\"},\"inLanguage\":\"tr\",\"potentialAction\":[{\"@type\":\"ReadAction\",\"target\":[\"https:\/\/exceladvisor.org\/tr\/calisma-sayfasini-yatay-olarak-ortalayin\/\"]}]},{\"@type\":\"ImageObject\",\"inLanguage\":\"tr\",\"@id\":\"https:\/\/exceladvisor.org\/tr\/calisma-sayfasini-yatay-olarak-ortalayin\/#primaryimage\",\"url\":\"https:\/\/exceladvisor.org\/wp-content\/uploads\/2023\/08\/1-boite-de-dialogue-de-mise-en-page.png\",\"contentUrl\":\"https:\/\/exceladvisor.org\/wp-content\/uploads\/2023\/08\/1-boite-de-dialogue-de-mise-en-page.png\"},{\"@type\":\"BreadcrumbList\",\"@id\":\"https:\/\/exceladvisor.org\/tr\/calisma-sayfasini-yatay-olarak-ortalayin\/#breadcrumb\",\"itemListElement\":[{\"@type\":\"ListItem\",\"position\":1,\"name\":\"Ev\",\"item\":\"https:\/\/exceladvisor.org\/tr\/\"},{\"@type\":\"ListItem\",\"position\":2,\"name\":\"Excel&#39;de bir elektronik tablo nas\u0131l ortalan\u0131r?\"}]},{\"@type\":\"WebSite\",\"@id\":\"https:\/\/exceladvisor.org\/tr\/#website\",\"url\":\"https:\/\/exceladvisor.org\/tr\/\",\"name\":\"Excel Advisor\",\"description\":\"Veri hakimiyetine y\u00f6nelik nihai rehberiniz!\",\"publisher\":{\"@id\":\"https:\/\/exceladvisor.org\/tr\/#organization\"},\"potentialAction\":[{\"@type\":\"SearchAction\",\"target\":{\"@type\":\"EntryPoint\",\"urlTemplate\":\"https:\/\/exceladvisor.org\/tr\/?s={search_term_string}\"},\"query-input\":{\"@type\":\"PropertyValueSpecification\",\"valueRequired\":true,\"valueName\":\"search_term_string\"}}],\"inLanguage\":\"tr\"},{\"@type\":\"Organization\",\"@id\":\"https:\/\/exceladvisor.org\/tr\/#organization\",\"name\":\"Excel Advisor\",\"url\":\"https:\/\/exceladvisor.org\/tr\/\",\"logo\":{\"@type\":\"ImageObject\",\"inLanguage\":\"tr\",\"@id\":\"https:\/\/exceladvisor.org\/tr\/#\/schema\/logo\/image\/\",\"url\":\"https:\/\/exceladvisor.org\/tr\/wp-content\/uploads\/2023\/12\/exceladvisor.org_.png\",\"contentUrl\":\"https:\/\/exceladvisor.org\/tr\/wp-content\/uploads\/2023\/12\/exceladvisor.org_.png\",\"width\":105,\"height\":36,\"caption\":\"Excel Advisor\"},\"image\":{\"@id\":\"https:\/\/exceladvisor.org\/tr\/#\/schema\/logo\/image\/\"}}]}<\/script>\n<!-- \/ Yoast SEO plugin. -->","yoast_head_json":{"title":"Excel&#39;de bir elektronik tablo nas\u0131l ortalan\u0131r? (E\u011fitim 2023)","description":"Bu derste, yatay olarak ortada ve dikey olarak ortada bir e-tablo olu\u015fturmay\u0131 \u00f6\u011frenece\u011fiz.","robots":{"index":"index","follow":"follow","max-snippet":"max-snippet:-1","max-image-preview":"max-image-preview:large","max-video-preview":"max-video-preview:-1"},"canonical":"https:\/\/exceladvisor.org\/tr\/calisma-sayfasini-yatay-olarak-ortalayin\/","og_locale":"tr_TR","og_type":"article","og_title":"Excel&#39;de bir elektronik tablo nas\u0131l ortalan\u0131r? (E\u011fitim 2023)","og_description":"Bu derste, yatay olarak ortada ve dikey olarak ortada bir e-tablo olu\u015fturmay\u0131 \u00f6\u011frenece\u011fiz.","og_url":"https:\/\/exceladvisor.org\/tr\/calisma-sayfasini-yatay-olarak-ortalayin\/","og_site_name":"Excel Advisor","article_modified_time":"2023-12-10T06:00:30+00:00","og_image":[{"url":"https:\/\/exceladvisor.org\/wp-content\/uploads\/2023\/08\/1-boite-de-dialogue-de-mise-en-page.png","type":"","width":"","height":""}],"twitter_card":"summary_large_image","twitter_misc":{"Tahmini okuma s\u00fcresi":"2 dakika"},"schema":{"@context":"https:\/\/schema.org","@graph":[{"@type":"WebPage","@id":"https:\/\/exceladvisor.org\/tr\/calisma-sayfasini-yatay-olarak-ortalayin\/","url":"https:\/\/exceladvisor.org\/tr\/calisma-sayfasini-yatay-olarak-ortalayin\/","name":"Excel&#39;de bir elektronik tablo nas\u0131l ortalan\u0131r? (E\u011fitim 2023)","isPartOf":{"@id":"https:\/\/exceladvisor.org\/tr\/#website"},"primaryImageOfPage":{"@id":"https:\/\/exceladvisor.org\/tr\/calisma-sayfasini-yatay-olarak-ortalayin\/#primaryimage"},"image":{"@id":"https:\/\/exceladvisor.org\/tr\/calisma-sayfasini-yatay-olarak-ortalayin\/#primaryimage"},"thumbnailUrl":"https:\/\/exceladvisor.org\/wp-content\/uploads\/2023\/08\/1-boite-de-dialogue-de-mise-en-page.png","datePublished":"2023-10-31T09:02:59+00:00","dateModified":"2023-12-10T06:00:30+00:00","description":"Bu derste, yatay olarak ortada ve dikey olarak ortada bir e-tablo olu\u015fturmay\u0131 \u00f6\u011frenece\u011fiz.","breadcrumb":{"@id":"https:\/\/exceladvisor.org\/tr\/calisma-sayfasini-yatay-olarak-ortalayin\/#breadcrumb"},"inLanguage":"tr","potentialAction":[{"@type":"ReadAction","target":["https:\/\/exceladvisor.org\/tr\/calisma-sayfasini-yatay-olarak-ortalayin\/"]}]},{"@type":"ImageObject","inLanguage":"tr","@id":"https:\/\/exceladvisor.org\/tr\/calisma-sayfasini-yatay-olarak-ortalayin\/#primaryimage","url":"https:\/\/exceladvisor.org\/wp-content\/uploads\/2023\/08\/1-boite-de-dialogue-de-mise-en-page.png","contentUrl":"https:\/\/exceladvisor.org\/wp-content\/uploads\/2023\/08\/1-boite-de-dialogue-de-mise-en-page.png"},{"@type":"BreadcrumbList","@id":"https:\/\/exceladvisor.org\/tr\/calisma-sayfasini-yatay-olarak-ortalayin\/#breadcrumb","itemListElement":[{"@type":"ListItem","position":1,"name":"Ev","item":"https:\/\/exceladvisor.org\/tr\/"},{"@type":"ListItem","position":2,"name":"Excel&#39;de bir elektronik tablo nas\u0131l ortalan\u0131r?"}]},{"@type":"WebSite","@id":"https:\/\/exceladvisor.org\/tr\/#website","url":"https:\/\/exceladvisor.org\/tr\/","name":"Excel Advisor","description":"Veri hakimiyetine y\u00f6nelik nihai rehberiniz!","publisher":{"@id":"https:\/\/exceladvisor.org\/tr\/#organization"},"potentialAction":[{"@type":"SearchAction","target":{"@type":"EntryPoint","urlTemplate":"https:\/\/exceladvisor.org\/tr\/?s={search_term_string}"},"query-input":{"@type":"PropertyValueSpecification","valueRequired":true,"valueName":"search_term_string"}}],"inLanguage":"tr"},{"@type":"Organization","@id":"https:\/\/exceladvisor.org\/tr\/#organization","name":"Excel Advisor","url":"https:\/\/exceladvisor.org\/tr\/","logo":{"@type":"ImageObject","inLanguage":"tr","@id":"https:\/\/exceladvisor.org\/tr\/#\/schema\/logo\/image\/","url":"https:\/\/exceladvisor.org\/tr\/wp-content\/uploads\/2023\/12\/exceladvisor.org_.png","contentUrl":"https:\/\/exceladvisor.org\/tr\/wp-content\/uploads\/2023\/12\/exceladvisor.org_.png","width":105,"height":36,"caption":"Excel Advisor"},"image":{"@id":"https:\/\/exceladvisor.org\/tr\/#\/schema\/logo\/image\/"}}]}},"yoast_meta":{"yoast_wpseo_title":"","yoast_wpseo_metadesc":"","yoast_wpseo_canonical":""},"_links":{"self":[{"href":"https:\/\/exceladvisor.org\/tr\/wp-json\/wp\/v2\/pages\/1852","targetHints":{"allow":["GET"]}}],"collection":[{"href":"https:\/\/exceladvisor.org\/tr\/wp-json\/wp\/v2\/pages"}],"about":[{"href":"https:\/\/exceladvisor.org\/tr\/wp-json\/wp\/v2\/types\/page"}],"author":[{"embeddable":true,"href":"https:\/\/exceladvisor.org\/tr\/wp-json\/wp\/v2\/users\/1"}],"replies":[{"embeddable":true,"href":"https:\/\/exceladvisor.org\/tr\/wp-json\/wp\/v2\/comments?post=1852"}],"version-history":[{"count":1,"href":"https:\/\/exceladvisor.org\/tr\/wp-json\/wp\/v2\/pages\/1852\/revisions"}],"predecessor-version":[{"id":2412,"href":"https:\/\/exceladvisor.org\/tr\/wp-json\/wp\/v2\/pages\/1852\/revisions\/2412"}],"wp:attachment":[{"href":"https:\/\/exceladvisor.org\/tr\/wp-json\/wp\/v2\/media?parent=1852"}],"curies":[{"name":"wp","href":"https:\/\/api.w.org\/{rel}","templated":true}]}}