{"id":1853,"date":"2023-10-31T06:42:12","date_gmt":"2023-10-31T06:42:12","guid":{"rendered":"https:\/\/exceladvisor.org\/tr\/veri-kaynagini-degistir\/"},"modified":"2023-12-10T06:05:00","modified_gmt":"2023-12-10T06:05:00","slug":"veri-kaynagini-degistir","status":"publish","type":"page","link":"https:\/\/exceladvisor.org\/tr\/veri-kaynagini-degistir\/","title":{"rendered":"Pivottable veri kayna\u011f\u0131n\u0131 nas\u0131l de\u011fi\u015ftiririm?"},"content":{"rendered":"<div class=\"excel-icerikten-once\" id=\"excel-4006027165\"><script type=\"text\/javascript\">\r\n\tatOptions = {\r\n\t\t'key' : 'c1158f160081d6540a8409e6925dab94',\r\n\t\t'format' : 'iframe',\r\n\t\t'height' : 250,\r\n\t\t'width' : 300,\r\n\t\t'params' : {}\r\n\t};\r\n<\/script>\r\n<script type=\"text\/javascript\" src=\"\/\/www.highperformanceformat.com\/c1158f160081d6540a8409e6925dab94\/invoke.js\"><\/script><\/div> <p>Bu yaz\u0131da belirli bir pivot tablo i\u00e7in veri kayna\u011f\u0131n\u0131 de\u011fi\u015ftirmeyi veya veri kayna\u011f\u0131n\u0131n yerini bulmay\u0131 tart\u0131\u015faca\u011f\u0131z. Verileriniz s\u00fcrekli de\u011fi\u015fti\u011finde bu son derece kullan\u0131\u015fl\u0131d\u0131r.<\/p><p> A\u015fa\u011f\u0131daki ad\u0131mlar\u0131 kullanabilirsiniz:<\/p><ol><li> \u00d6ncelikle analiz sekmesini etkinle\u015ftirmek i\u00e7in pivot tablonun herhangi bir yerine t\u0131klay\u0131n.<\/li><li> Bundan sonra Analiz sekmesine gidin <br><img loading=\"lazy\" decoding=\"async\" title=\"1 adet analize gidilecek sekme\" src=\"https:\/\/exceladvisor.org\/wp-content\/uploads\/2023\/08\/1-allez-dans-longlet-analyse.png\" sizes=\"auto, \" srcset=\"\" alt=\"go-to-analyze-tab\" width=\"739\" height=\"131\"><\/li><li> Burada Veriler alt\u0131ndaki \u201cVeri Kayna\u011f\u0131n\u0131 De\u011fi\u015ftir\u201d se\u00e7ene\u011fine t\u0131klaman\u0131z gerekiyor. <br><img loading=\"lazy\" decoding=\"async\" title=\"Se\u00e7enek 2-veri kayna\u011f\u0131n\u0131 de\u011fi\u015ftir\" src=\"https:\/\/exceladvisor.org\/wp-content\/uploads\/2023\/08\/2-option-de-changement-de-source-de-donnees.png\" sizes=\"auto, \" srcset=\"\" alt=\"change-data-source-option\" width=\"1025\" height=\"162\"><\/li><li> Art\u0131k a\u015fa\u011f\u0131daki gibi bir \u201cPivotTable Veri Kayna\u011f\u0131n\u0131 De\u011fi\u015ftir\u201d ileti\u015fim kutusuyla kar\u015f\u0131la\u015facaks\u0131n\u0131z. <br><img loading=\"lazy\" decoding=\"async\" title=\"3-de\u011fi\u015fim-pivot-tablo-veri-kayna\u011f\u0131\" src=\"https:\/\/exceladvisor.org\/wp-content\/uploads\/2023\/08\/3-changer-la-source-de-donnees-du-tableau-croise-dynamique.png\" sizes=\"auto, \" srcset=\"\" alt=\"change-pivot-table-data-source\" width=\"700\" height=\"240\"><\/li><li> Bu \u00f6rnekte, pivot tablonun veri aral\u0131\u011f\u0131 <strong>Sayfa1!$A$1:$F$8&#8217;dir;<\/strong> bu, A9&#8217;dan A13&#8217;e kadar olan sat\u0131rlar\u0131n pivot tabloya dahil olmad\u0131\u011f\u0131 anlam\u0131na gelir.<\/li><li> \u015eimdi tam verileri se\u00e7in, yani <strong>Sayfa1!$A$1:$F$13<\/strong> veya pivot tablonuzu\/veri kayna\u011f\u0131n\u0131z\u0131 g\u00fcncellemek i\u00e7in tablo ad\u0131 aral\u0131\u011f\u0131n\u0131 kullan\u0131n.<\/li><li> Sonunda veri kayna\u011f\u0131n\u0131 g\u00fcncellemek i\u00e7in Tamam&#8217;\u0131 t\u0131klay\u0131n.<\/li><\/ol><p> Bunun d\u0131\u015f\u0131nda, \u201c\u00d6zet Tablo Veri Kayna\u011f\u0131n\u0131 D\u00fczenle\u201d ileti\u015fim kutusunu do\u011frudan a\u00e7mak i\u00e7in Alt \u21e2 J \u21e2 T \u21e2 I \u21e2 D k\u0131sayol tu\u015funu da kullanabilirsiniz.<\/p><p class=\"tips\"> Kaynak verilerini her zaman Ctrl+T <a href=\"https:\/\/exceladvisor.org\/tr\/klavye-kisayollari\/\">klavye k\u0131sayoluna basarak bir Excel tablosuna d\u00f6n\u00fc\u015ft\u00fcr\u00fcn.<\/a><\/p><p> Bunu yapt\u0131\u011f\u0131n\u0131zda veri kayna\u011f\u0131n\u0131z\u0131 tekrar tekrar g\u00fcncellemenize gerek kalmayacak. Pivot tablonun yenilenmesi veri aral\u0131\u011f\u0131n\u0131 g\u00fcncelleyecektir. <\/p><div class=\"wp-block-group main-page-bottom is-layout-flow\"><div class=\"wp-block-group__inner-container\"><h2 class=\"wp-block-heading\"> Daha Fazla PivotTable E\u011fitimi <\/h2><div class=\"wp-block-columns is-layout-flex wp-container-20\"><div class=\"wp-block-column is-layout-flow\"><ul><li> <a href=\"https:\/\/exceladvisor.org\/tr\/ekle-genel-toplami-sil\/\">Pivot tabloya genel toplam ekleme veya kald\u0131rma<\/a><\/li><li> <a href=\"https:\/\/exceladvisor.org\/tr\/birikimli-toplam\/\">Pivot tabloya de\u011fi\u015fen toplam ekleme<\/a><\/li><li> <a href=\"https:\/\/exceladvisor.org\/tr\/otomatik-guncelleme-araligi\/\">Bir pivot tabloyu otomatik olarak g\u00fcncelleme<\/a><\/li><li> <a href=\"https:\/\/exceladvisor.org\/tr\/pivot-tabloda-hesaplama\/\">Pivot tablodaki form\u00fcller (hesaplanan alan ve \u00f6\u011fe)<\/a><\/li><\/ul><\/div><div class=\"wp-block-column is-layout-flow\"><ul><li> <a href=\"https:\/\/exceladvisor.org\/tr\/grup-tarihleri\/\">Excel&#8217;de tarihleri bir pivotta gruplama<\/a><\/li><li> <a href=\"https:\/\/exceladvisor.org\/tr\/dilimleyiciyi-birkac-pivot-tabloya-baglama\/\">Tek bir dilimleyiciyi Excel&#8217;de birden \u00e7ok pivot tabloyla ba\u011flama<\/a><\/li><li> <a href=\"https:\/\/exceladvisor.org\/tr\/pivot-tabloyu-hareket-ettir\/\">Excel&#8217;de PivotTable&#8217;\u0131 ta\u015f\u0131ma<\/a><\/li><li> <a href=\"https:\/\/exceladvisor.org\/tr\/duzen\/\">Excel&#8217;de PivotTable&#8217;lar\u0131 Bi\u00e7imlendirmek<\/a><\/li><\/ul><\/div><\/div><p> \u21e0 <a href=\"https:\/\/exceladvisor.org\/tr\/pivot-tablo\/\"><strong>Pivot Tablo E\u011fitimine<\/strong><\/a> Geri D\u00f6n<\/p><\/div><\/div>","protected":false},"excerpt":{"rendered":"","protected":false},"author":1,"featured_media":0,"parent":0,"menu_order":0,"comment_status":"open","ping_status":"closed","template":"","meta":{"ub_ctt_via":"","footnotes":""},"class_list":["post-1853","page","type-page","status-publish","hentry"],"featured_image_src":null,"yoast_head":"<!-- This site is optimized with the Yoast SEO plugin v25.4 - https:\/\/yoast.com\/wordpress\/plugins\/seo\/ -->\n<title>Excel&#039;de PivotTable veri kayna\u011f\u0131 nas\u0131l de\u011fi\u015ftirilir?<\/title>\n<meta name=\"description\" content=\"Bu \u00f6\u011freticide pivot tablo veri kayna\u011f\u0131n\u0131 nas\u0131l de\u011fi\u015ftirece\u011finizi \u00f6\u011frenebilirsiniz.\" \/>\n<meta name=\"robots\" content=\"index, follow, max-snippet:-1, max-image-preview:large, max-video-preview:-1\" \/>\n<link rel=\"canonical\" href=\"https:\/\/exceladvisor.org\/tr\/veri-kaynagini-degistir\/\" \/>\n<meta property=\"og:locale\" content=\"tr_TR\" \/>\n<meta property=\"og:type\" content=\"article\" \/>\n<meta property=\"og:title\" content=\"Excel&#039;de PivotTable veri kayna\u011f\u0131 nas\u0131l de\u011fi\u015ftirilir?\" \/>\n<meta property=\"og:description\" content=\"Bu \u00f6\u011freticide pivot tablo veri kayna\u011f\u0131n\u0131 nas\u0131l de\u011fi\u015ftirece\u011finizi \u00f6\u011frenebilirsiniz.\" \/>\n<meta property=\"og:url\" content=\"https:\/\/exceladvisor.org\/tr\/veri-kaynagini-degistir\/\" \/>\n<meta property=\"og:site_name\" content=\"Excel Advisor\" \/>\n<meta property=\"article:modified_time\" content=\"2023-12-10T06:05:00+00:00\" \/>\n<meta property=\"og:image\" content=\"https:\/\/exceladvisor.org\/wp-content\/uploads\/2023\/08\/1-allez-dans-longlet-analyse.png\" \/>\n<meta name=\"twitter:card\" content=\"summary_large_image\" \/>\n<meta name=\"twitter:label1\" content=\"Tahmini okuma s\u00fcresi\" \/>\n\t<meta name=\"twitter:data1\" content=\"2 dakika\" \/>\n<script type=\"application\/ld+json\" class=\"yoast-schema-graph\">{\"@context\":\"https:\/\/schema.org\",\"@graph\":[{\"@type\":\"WebPage\",\"@id\":\"https:\/\/exceladvisor.org\/tr\/veri-kaynagini-degistir\/\",\"url\":\"https:\/\/exceladvisor.org\/tr\/veri-kaynagini-degistir\/\",\"name\":\"Excel&#39;de PivotTable veri kayna\u011f\u0131 nas\u0131l de\u011fi\u015ftirilir?\",\"isPartOf\":{\"@id\":\"https:\/\/exceladvisor.org\/tr\/#website\"},\"primaryImageOfPage\":{\"@id\":\"https:\/\/exceladvisor.org\/tr\/veri-kaynagini-degistir\/#primaryimage\"},\"image\":{\"@id\":\"https:\/\/exceladvisor.org\/tr\/veri-kaynagini-degistir\/#primaryimage\"},\"thumbnailUrl\":\"https:\/\/exceladvisor.org\/wp-content\/uploads\/2023\/08\/1-allez-dans-longlet-analyse.png\",\"datePublished\":\"2023-10-31T06:42:12+00:00\",\"dateModified\":\"2023-12-10T06:05:00+00:00\",\"description\":\"Bu \u00f6\u011freticide pivot tablo veri kayna\u011f\u0131n\u0131 nas\u0131l de\u011fi\u015ftirece\u011finizi \u00f6\u011frenebilirsiniz.\",\"breadcrumb\":{\"@id\":\"https:\/\/exceladvisor.org\/tr\/veri-kaynagini-degistir\/#breadcrumb\"},\"inLanguage\":\"tr\",\"potentialAction\":[{\"@type\":\"ReadAction\",\"target\":[\"https:\/\/exceladvisor.org\/tr\/veri-kaynagini-degistir\/\"]}]},{\"@type\":\"ImageObject\",\"inLanguage\":\"tr\",\"@id\":\"https:\/\/exceladvisor.org\/tr\/veri-kaynagini-degistir\/#primaryimage\",\"url\":\"https:\/\/exceladvisor.org\/wp-content\/uploads\/2023\/08\/1-allez-dans-longlet-analyse.png\",\"contentUrl\":\"https:\/\/exceladvisor.org\/wp-content\/uploads\/2023\/08\/1-allez-dans-longlet-analyse.png\"},{\"@type\":\"BreadcrumbList\",\"@id\":\"https:\/\/exceladvisor.org\/tr\/veri-kaynagini-degistir\/#breadcrumb\",\"itemListElement\":[{\"@type\":\"ListItem\",\"position\":1,\"name\":\"Ev\",\"item\":\"https:\/\/exceladvisor.org\/tr\/\"},{\"@type\":\"ListItem\",\"position\":2,\"name\":\"Pivottable veri kayna\u011f\u0131n\u0131 nas\u0131l de\u011fi\u015ftiririm?\"}]},{\"@type\":\"WebSite\",\"@id\":\"https:\/\/exceladvisor.org\/tr\/#website\",\"url\":\"https:\/\/exceladvisor.org\/tr\/\",\"name\":\"Excel Advisor\",\"description\":\"Veri hakimiyetine y\u00f6nelik nihai rehberiniz!\",\"publisher\":{\"@id\":\"https:\/\/exceladvisor.org\/tr\/#organization\"},\"potentialAction\":[{\"@type\":\"SearchAction\",\"target\":{\"@type\":\"EntryPoint\",\"urlTemplate\":\"https:\/\/exceladvisor.org\/tr\/?s={search_term_string}\"},\"query-input\":{\"@type\":\"PropertyValueSpecification\",\"valueRequired\":true,\"valueName\":\"search_term_string\"}}],\"inLanguage\":\"tr\"},{\"@type\":\"Organization\",\"@id\":\"https:\/\/exceladvisor.org\/tr\/#organization\",\"name\":\"Excel Advisor\",\"url\":\"https:\/\/exceladvisor.org\/tr\/\",\"logo\":{\"@type\":\"ImageObject\",\"inLanguage\":\"tr\",\"@id\":\"https:\/\/exceladvisor.org\/tr\/#\/schema\/logo\/image\/\",\"url\":\"https:\/\/exceladvisor.org\/tr\/wp-content\/uploads\/2023\/12\/exceladvisor.org_.png\",\"contentUrl\":\"https:\/\/exceladvisor.org\/tr\/wp-content\/uploads\/2023\/12\/exceladvisor.org_.png\",\"width\":105,\"height\":36,\"caption\":\"Excel Advisor\"},\"image\":{\"@id\":\"https:\/\/exceladvisor.org\/tr\/#\/schema\/logo\/image\/\"}}]}<\/script>\n<!-- \/ Yoast SEO plugin. -->","yoast_head_json":{"title":"Excel&#39;de PivotTable veri kayna\u011f\u0131 nas\u0131l de\u011fi\u015ftirilir?","description":"Bu \u00f6\u011freticide pivot tablo veri kayna\u011f\u0131n\u0131 nas\u0131l de\u011fi\u015ftirece\u011finizi \u00f6\u011frenebilirsiniz.","robots":{"index":"index","follow":"follow","max-snippet":"max-snippet:-1","max-image-preview":"max-image-preview:large","max-video-preview":"max-video-preview:-1"},"canonical":"https:\/\/exceladvisor.org\/tr\/veri-kaynagini-degistir\/","og_locale":"tr_TR","og_type":"article","og_title":"Excel&#39;de PivotTable veri kayna\u011f\u0131 nas\u0131l de\u011fi\u015ftirilir?","og_description":"Bu \u00f6\u011freticide pivot tablo veri kayna\u011f\u0131n\u0131 nas\u0131l de\u011fi\u015ftirece\u011finizi \u00f6\u011frenebilirsiniz.","og_url":"https:\/\/exceladvisor.org\/tr\/veri-kaynagini-degistir\/","og_site_name":"Excel Advisor","article_modified_time":"2023-12-10T06:05:00+00:00","og_image":[{"url":"https:\/\/exceladvisor.org\/wp-content\/uploads\/2023\/08\/1-allez-dans-longlet-analyse.png","type":"","width":"","height":""}],"twitter_card":"summary_large_image","twitter_misc":{"Tahmini okuma s\u00fcresi":"2 dakika"},"schema":{"@context":"https:\/\/schema.org","@graph":[{"@type":"WebPage","@id":"https:\/\/exceladvisor.org\/tr\/veri-kaynagini-degistir\/","url":"https:\/\/exceladvisor.org\/tr\/veri-kaynagini-degistir\/","name":"Excel&#39;de PivotTable veri kayna\u011f\u0131 nas\u0131l de\u011fi\u015ftirilir?","isPartOf":{"@id":"https:\/\/exceladvisor.org\/tr\/#website"},"primaryImageOfPage":{"@id":"https:\/\/exceladvisor.org\/tr\/veri-kaynagini-degistir\/#primaryimage"},"image":{"@id":"https:\/\/exceladvisor.org\/tr\/veri-kaynagini-degistir\/#primaryimage"},"thumbnailUrl":"https:\/\/exceladvisor.org\/wp-content\/uploads\/2023\/08\/1-allez-dans-longlet-analyse.png","datePublished":"2023-10-31T06:42:12+00:00","dateModified":"2023-12-10T06:05:00+00:00","description":"Bu \u00f6\u011freticide pivot tablo veri kayna\u011f\u0131n\u0131 nas\u0131l de\u011fi\u015ftirece\u011finizi \u00f6\u011frenebilirsiniz.","breadcrumb":{"@id":"https:\/\/exceladvisor.org\/tr\/veri-kaynagini-degistir\/#breadcrumb"},"inLanguage":"tr","potentialAction":[{"@type":"ReadAction","target":["https:\/\/exceladvisor.org\/tr\/veri-kaynagini-degistir\/"]}]},{"@type":"ImageObject","inLanguage":"tr","@id":"https:\/\/exceladvisor.org\/tr\/veri-kaynagini-degistir\/#primaryimage","url":"https:\/\/exceladvisor.org\/wp-content\/uploads\/2023\/08\/1-allez-dans-longlet-analyse.png","contentUrl":"https:\/\/exceladvisor.org\/wp-content\/uploads\/2023\/08\/1-allez-dans-longlet-analyse.png"},{"@type":"BreadcrumbList","@id":"https:\/\/exceladvisor.org\/tr\/veri-kaynagini-degistir\/#breadcrumb","itemListElement":[{"@type":"ListItem","position":1,"name":"Ev","item":"https:\/\/exceladvisor.org\/tr\/"},{"@type":"ListItem","position":2,"name":"Pivottable veri kayna\u011f\u0131n\u0131 nas\u0131l de\u011fi\u015ftiririm?"}]},{"@type":"WebSite","@id":"https:\/\/exceladvisor.org\/tr\/#website","url":"https:\/\/exceladvisor.org\/tr\/","name":"Excel Advisor","description":"Veri hakimiyetine y\u00f6nelik nihai rehberiniz!","publisher":{"@id":"https:\/\/exceladvisor.org\/tr\/#organization"},"potentialAction":[{"@type":"SearchAction","target":{"@type":"EntryPoint","urlTemplate":"https:\/\/exceladvisor.org\/tr\/?s={search_term_string}"},"query-input":{"@type":"PropertyValueSpecification","valueRequired":true,"valueName":"search_term_string"}}],"inLanguage":"tr"},{"@type":"Organization","@id":"https:\/\/exceladvisor.org\/tr\/#organization","name":"Excel Advisor","url":"https:\/\/exceladvisor.org\/tr\/","logo":{"@type":"ImageObject","inLanguage":"tr","@id":"https:\/\/exceladvisor.org\/tr\/#\/schema\/logo\/image\/","url":"https:\/\/exceladvisor.org\/tr\/wp-content\/uploads\/2023\/12\/exceladvisor.org_.png","contentUrl":"https:\/\/exceladvisor.org\/tr\/wp-content\/uploads\/2023\/12\/exceladvisor.org_.png","width":105,"height":36,"caption":"Excel Advisor"},"image":{"@id":"https:\/\/exceladvisor.org\/tr\/#\/schema\/logo\/image\/"}}]}},"yoast_meta":{"yoast_wpseo_title":"","yoast_wpseo_metadesc":"","yoast_wpseo_canonical":""},"_links":{"self":[{"href":"https:\/\/exceladvisor.org\/tr\/wp-json\/wp\/v2\/pages\/1853","targetHints":{"allow":["GET"]}}],"collection":[{"href":"https:\/\/exceladvisor.org\/tr\/wp-json\/wp\/v2\/pages"}],"about":[{"href":"https:\/\/exceladvisor.org\/tr\/wp-json\/wp\/v2\/types\/page"}],"author":[{"embeddable":true,"href":"https:\/\/exceladvisor.org\/tr\/wp-json\/wp\/v2\/users\/1"}],"replies":[{"embeddable":true,"href":"https:\/\/exceladvisor.org\/tr\/wp-json\/wp\/v2\/comments?post=1853"}],"version-history":[{"count":1,"href":"https:\/\/exceladvisor.org\/tr\/wp-json\/wp\/v2\/pages\/1853\/revisions"}],"predecessor-version":[{"id":2785,"href":"https:\/\/exceladvisor.org\/tr\/wp-json\/wp\/v2\/pages\/1853\/revisions\/2785"}],"wp:attachment":[{"href":"https:\/\/exceladvisor.org\/tr\/wp-json\/wp\/v2\/media?parent=1853"}],"curies":[{"name":"wp","href":"https:\/\/api.w.org\/{rel}","templated":true}]}}