{"id":1854,"date":"2023-10-31T04:19:27","date_gmt":"2023-10-31T04:19:27","guid":{"rendered":"https:\/\/exceladvisor.org\/tr\/sinir\/"},"modified":"2023-12-10T06:01:25","modified_gmt":"2023-12-10T06:01:25","slug":"sinir","status":"publish","type":"page","link":"https:\/\/exceladvisor.org\/tr\/sinir\/","title":{"rendered":"Excel&#39;de kenarl\u0131k nas\u0131l eklenir?"},"content":{"rendered":"<div class=\"excel-icerikten-once\" id=\"excel-2426383241\"><script type=\"text\/javascript\">\r\n\tatOptions = {\r\n\t\t'key' : 'c1158f160081d6540a8409e6925dab94',\r\n\t\t'format' : 'iframe',\r\n\t\t'height' : 250,\r\n\t\t'width' : 300,\r\n\t\t'params' : {}\r\n\t};\r\n<\/script>\r\n<script type=\"text\/javascript\" src=\"\/\/www.highperformanceformat.com\/c1158f160081d6540a8409e6925dab94\/invoke.js\"><\/script><\/div> <p>Excel&#8217;de kenarl\u0131k, h\u00fccrenin veya h\u00fccre aral\u0131\u011f\u0131n\u0131n \u00e7evresine eklenen d\u00f6rt kenarl\u0131 \u00e7izgiye benzer. Belirli bir alan\u0131 vurgulamak ve onu \u00e7al\u0131\u015fma sayfas\u0131ndaki di\u011fer de\u011ferlerden ay\u0131rmak i\u00e7in kullan\u0131l\u0131r.<\/p><p> Kenarl\u0131k eklemek okuyucunun dikkatini belirli bir b\u00f6l\u00fcme \u00e7eker ve bu b\u00f6l\u00fcme olan ilgiyi art\u0131r\u0131r.<\/p><p> Bu derste, Excel&#8217;deki farkl\u0131 t\u00fcrleriyle birlikte kenarl\u0131k eklemenin yollar\u0131na bakaca\u011f\u0131z.<\/p><h2 class=\"wp-block-heading\"> Excel&#8217;de bir h\u00fccreye kenarl\u0131k uygulama ad\u0131mlar\u0131<\/h2><ol><li> \u00d6ncelikle \u00e7al\u0131\u015fma sayfan\u0131za kenarl\u0131k eklemek istedi\u011finiz h\u00fccreyi veya h\u00fccre grubunu se\u00e7in. <br><img loading=\"lazy\" decoding=\"async\" title=\"1 h\u00fccre se\u00e7me\" src=\"https:\/\/exceladvisor.org\/wp-content\/uploads\/2023\/08\/1-selectionner-des-cellules.png\" sizes=\"auto, \" srcset=\"\" alt=\"select-cells\" width=\"429\" height=\"261\"><\/li><li> Daha sonra Ana Sayfa sekmesine gidin ve \u201cYaz\u0131 Tipi\u201d grubunda kal\u0131n, italik ve alt\u0131 \u00e7izili se\u00e7eneklerinin hemen yan\u0131ndaki kenarl\u0131k d\u00fc\u011fmesini t\u0131klay\u0131n. <br><img loading=\"lazy\" decoding=\"async\" title=\"2-ana sayfa sekmesi yaz\u0131 tipi grubu\" src=\"https:\/\/exceladvisor.org\/wp-content\/uploads\/2023\/08\/2-groupe-de-polices-de-longlet-daccueil.png\" sizes=\"auto, \" srcset=\"\" alt=\"home-tab-font-group\" width=\"427\" height=\"326\"><\/li><li> Kenarl\u0131k d\u00fc\u011fmesi a\u00e7\u0131l\u0131r okuna t\u0131klad\u0131\u011f\u0131n\u0131zda, size kenarl\u0131klar\u0131n listesi g\u00f6sterilir. <br><img loading=\"lazy\" decoding=\"async\" title=\"3-s\u0131n\u0131r-listesi\" src=\"https:\/\/exceladvisor.org\/wp-content\/uploads\/2023\/08\/3-liste-des-frontieres.png\" sizes=\"auto, \" srcset=\"\" alt=\"list-of-borders\" width=\"231\" height=\"532\"><\/li><li> \u015eimdi listeden se\u00e7ili h\u00fccrelerin \u00e7evresine uygulamak istedi\u011finiz birini se\u00e7in.<\/li><\/ol><h2 class=\"wp-block-heading\"> Excel&#8217;deki Kenarl\u0131k T\u00fcrleri<\/h2><p> Burada <strong>4 b\u00f6l\u00fcme<\/strong> ayr\u0131lan farkl\u0131 s\u0131n\u0131rlar\u0131 ke\u015ffedeceksiniz. <\/p><div class=\"wp-block-image\"><figure class=\"aligncenter size-full is-resized\"><img loading=\"lazy\" decoding=\"async\" class=\"wp-image-77614\" src=\"https:\/\/exceladvisor.org\/wp-content\/uploads\/2023\/08\/4-sections-de-bordure-differentes.png\" sizes=\"auto, \" srcset=\"\" alt=\"farkl\u0131 s\u0131n\u0131r b\u00f6l\u00fcmleri\" width=\"271\" height=\"183\"><\/figure><\/div><p> Birinci b\u00f6l\u00fcmde alt, \u00fcst, sol ve sa\u011f kenarl\u0131klar bulunmaktad\u0131r. Bu kenarl\u0131klar, bir veya daha fazla h\u00fccrenin \u00e7evresine yaln\u0131zca bir kenar kenarl\u0131\u011f\u0131 uygulaman\u0131za yard\u0131mc\u0131 olur.<\/p><p> Bunu se\u00e7ilen de\u011ferlere uygulamak i\u00e7in herhangi bir kenarl\u0131k t\u00fcr\u00fcne t\u0131klaman\u0131z yeterlidir. A\u015fa\u011f\u0131daki \u00f6rnekte <strong>\u00f6l\u00e7e\u011fin alt\u0131nda<\/strong> <strong>alt kenarl\u0131\u011f\u0131<\/strong> g\u00f6rebilirsiniz. <\/p><div class=\"wp-block-image\"><figure class=\"aligncenter size-full is-resized\"><img loading=\"lazy\" decoding=\"async\" class=\"wp-image-77615\" src=\"https:\/\/exceladvisor.org\/wp-content\/uploads\/2023\/08\/5-bordure-inferieure-sous-echelle.png\" sizes=\"auto, \" srcset=\"\" alt=\"alt s\u0131n\u0131r alt \u00f6l\u00e7e\u011fi\" width=\"373\" height=\"152\"><\/figure><\/div><p> \u0130kinci b\u00f6l\u00fcmde bord\u00fcr yok, t\u00fcm bord\u00fcr, d\u0131\u015f bord\u00fcr ve kal\u0131n d\u0131\u015f bord\u00fcr se\u00e7enekleri mevcut. Kenarl\u0131ks\u0131z se\u00e7ene\u011fine t\u0131klayarak se\u00e7ilen h\u00fccredeki kenarl\u0131\u011f\u0131 kolayca kald\u0131rabilirsiniz. <\/p><div class=\"wp-block-image\"><figure class=\"aligncenter size-full is-resized\"><img loading=\"lazy\" decoding=\"async\" class=\"wp-image-77616\" src=\"https:\/\/exceladvisor.org\/wp-content\/uploads\/2023\/08\/6-pas-de-section-de-bordure.png\" sizes=\"auto, \" srcset=\"\" alt=\"kenarl\u0131ks\u0131z b\u00f6l\u00fcm\" width=\"312\" height=\"170\"><\/figure><\/div><p> Daha sonra, se\u00e7ilen h\u00fccrelerin d\u00f6rt kenar\u0131na da kenarl\u0131k ekleme se\u00e7ene\u011finiz vard\u0131r. Ancak t\u00fcm kenarl\u0131klarda kenar \u00e7izgileri a\u015fa\u011f\u0131daki resimde g\u00f6sterildi\u011fi gibi h\u00fccreyi tek tek ay\u0131r\u0131r. <\/p><div class=\"wp-block-image\"><figure class=\"aligncenter size-full is-resized\"><img loading=\"lazy\" decoding=\"async\" class=\"wp-image-77617\" src=\"https:\/\/exceladvisor.org\/wp-content\/uploads\/2023\/08\/7-option-pour-ajouter-une-bordure-a-tous-les-cotes.png\" sizes=\"auto, \" srcset=\"\" alt=\"her tarafa-kenarl\u0131k-ekleme se\u00e7ene\u011fi\" width=\"476\" height=\"209\"><\/figure><\/div><p> \u00dc\u00e7\u00fcnc\u00fc b\u00f6l\u00fcm \u00e7ok say\u0131da alt bord\u00fcr i\u00e7ermektedir. \u00c7ift alt bord\u00fcr, kal\u0131n alt, \u00fcst ve alt bord\u00fcr, kal\u0131n \u00fcst ve alt bord\u00fcr, \u00fcst ve \u00e7ift alt bord\u00fcr gibi. <\/p><div class=\"wp-block-image\"><figure class=\"aligncenter size-full is-resized\"><img loading=\"lazy\" decoding=\"async\" class=\"wp-image-77618\" src=\"https:\/\/exceladvisor.org\/wp-content\/uploads\/2023\/08\/8-nombreuses-bordures-inferieures.png\" sizes=\"auto, \" srcset=\"\" alt=\"\u00e7oklu alt kenarl\u0131klar\" width=\"300\" height=\"198\"><\/figure><\/div><p> \u00d6nemli metni veya ba\u015fl\u0131klar\u0131 vurgulamak veya alt\u0131n\u0131 \u00e7izmek i\u00e7in bu se\u00e7enekleri kullanabilirsiniz. <\/p><div class=\"wp-block-image\"><figure class=\"aligncenter size-full is-resized\"><img loading=\"lazy\" decoding=\"async\" class=\"wp-image-77619\" src=\"https:\/\/exceladvisor.org\/wp-content\/uploads\/2023\/08\/9-titres-phares.png\" sizes=\"auto, \" srcset=\"\" alt=\"\u00f6ne \u00e7\u0131kanlar\" width=\"440\" height=\"134\"><\/figure><\/div><h2 class=\"wp-block-heading\"> S\u0131n\u0131r\u0131 \u00e7iz<\/h2><p> Son b\u00f6l\u00fcmde \u00e7izim ara\u00e7lar\u0131n\u0131 kullanarak istedi\u011finiz kenarl\u0131\u011f\u0131 \u00f6zelle\u015ftirme veya olu\u015fturma se\u00e7ene\u011finiz bulunmaktad\u0131r. Bununla mevcut kenarl\u0131\u011f\u0131 da d\u00fczenleyebilirsiniz. <\/p><div class=\"wp-block-image\"><figure class=\"aligncenter size-full is-resized\"><img loading=\"lazy\" decoding=\"async\" class=\"wp-image-77620\" src=\"https:\/\/exceladvisor.org\/wp-content\/uploads\/2023\/08\/10-dessiner-la-bordure1.png\" sizes=\"auto, \" srcset=\"\" alt=\"s\u0131n\u0131r \u00e7iz\" width=\"286\" height=\"228\"><\/figure><\/div><ol><li> <strong>Kenarl\u0131k \u00c7iz:<\/strong> Kenarl\u0131k \u00e7iz se\u00e7ene\u011fine t\u0131klad\u0131\u011f\u0131n\u0131zda imleciniz \u00e7izim kalemine d\u00f6n\u00fc\u015ft\u00fcr\u00fclecektir. \u015eimdi h\u00fccreye t\u0131klay\u0131n ve kenarl\u0131\u011f\u0131 eklemek i\u00e7in farenin sol d\u00fc\u011fmesini s\u00fcr\u00fckleyin. Yatay ve dikey olarak her iki y\u00f6nde de kenarl\u0131klar uygular. <br><img loading=\"lazy\" decoding=\"async\" title=\"11-kalemdeki imle\u00e7\" src=\"https:\/\/exceladvisor.org\/wp-content\/uploads\/2023\/08\/11-curseur-dans-le-crayon.png\" sizes=\"auto, \" srcset=\"\" alt=\"cursor-into-pencil\" width=\"288\" height=\"227\"><\/li><li> <strong>Kenarl\u0131k Izgaras\u0131 \u00c7iz:<\/strong> Ad\u0131ndan da anla\u015f\u0131laca\u011f\u0131 gibi se\u00e7ilen h\u00fccrelerin etraf\u0131na kenarl\u0131k \u00e7izmek i\u00e7in de kullan\u0131l\u0131r. Ancak \u201cS\u0131n\u0131r \u00c7iz\u201d ile \u201cS\u0131n\u0131r Izgaras\u0131n\u0131 \u00c7iz\u201d aras\u0131ndaki temel fark, Kenar Izgaras\u0131n\u0131n s\u0131n\u0131rlar\u0131 \u0131zgara bi\u00e7iminde (Birden fazla h\u00fccre boyunca) \u00e7izmesidir. <br><img loading=\"lazy\" decoding=\"async\" title=\"12 Tasar\u0131m S\u0131n\u0131r Izgaras\u0131\" src=\"https:\/\/exceladvisor.org\/wp-content\/uploads\/2023\/08\/Grille-de-bordure-a-12-tirages.png\" sizes=\"auto, \" srcset=\"\" alt=\"draw-border-grid\" width=\"423\" height=\"188\"><\/li><li> <strong>Kenarl\u0131\u011f\u0131 Sil:<\/strong> Silgi, h\u00fccrelerinizden istenmeyen kenar \u00e7izgisini silmenize yard\u0131mc\u0131 olur. Kenarl\u0131\u011f\u0131 silmek i\u00e7in silgiyi \u00e7izginin \u00fczerine s\u00fcr\u00fckleyerek kald\u0131r\u0131n. <br><img loading=\"lazy\" decoding=\"async\" title=\"13-s\u0131n\u0131rlar\u0131 temizle\" src=\"https:\/\/exceladvisor.org\/wp-content\/uploads\/2023\/08\/13-effacer-la-bordure.png\" sizes=\"auto, \" srcset=\"\" alt=\"erase-border\" width=\"457\" height=\"153\"><\/li><li> <strong>\u00c7izgi Rengi:<\/strong> En \u015fa\u015f\u0131rt\u0131c\u0131 \u015fey, daha \u00e7ekici hale getirmek i\u00e7in kenarl\u0131k rengini de de\u011fi\u015ftirebilmenizdir. Sat\u0131r rengine t\u0131klad\u0131\u011f\u0131n\u0131zda \u00e7e\u015fitli renklerin bulundu\u011fu a\u00e7\u0131l\u0131r pencere a\u00e7\u0131l\u0131r. Birini se\u00e7tikten sonra renkli kenarl\u0131\u011f\u0131 \u00e7izmek i\u00e7in kalemi kullan\u0131n. <br><img loading=\"lazy\" decoding=\"async\" title=\"14 renkli \u00e7izgi\" src=\"https:\/\/exceladvisor.org\/wp-content\/uploads\/2023\/08\/14-lignes-de-couleur.png\" sizes=\"auto, \" srcset=\"\" alt=\"line-color\" width=\"428\" height=\"178\"><\/li><li> <strong>\u00c7izgi Stili:<\/strong> Kenarl\u0131k stilini de\u011fi\u015ftirmek i\u00e7in \u00e7izgi stiline t\u0131klay\u0131n ve a\u015fa\u011f\u0131daki stillerden birini se\u00e7in. <br><img loading=\"lazy\" decoding=\"async\" title=\"15 \u00e7izgi stili\" src=\"https:\/\/exceladvisor.org\/wp-content\/uploads\/2023\/08\/Style-15-lignes.png\" sizes=\"auto, \" srcset=\"\" alt=\"line-style\" width=\"257\" height=\"145\"><\/li><\/ol><h2 class=\"wp-block-heading\"> Geli\u015fmi\u015f kenarl\u0131k se\u00e7enekleri<\/h2><p> Se\u00e7ti\u011finiz h\u00fccreler i\u00e7in geli\u015fmi\u015f kenarl\u0131klar\u0131 se\u00e7in. A\u015fa\u011f\u0131daki ad\u0131mlar\u0131 takip et:<\/p><ol><li> \u00d6ncelikle kenarl\u0131klar listesinin en alt\u0131ndaki \u201cDaha Fazla Kenarl\u0131k\u201d se\u00e7ene\u011fine gidin.<\/li><li> T\u0131klad\u0131\u011f\u0131n\u0131zda \u201c <strong>H\u00fccreleri Bi\u00e7imlendir<\/strong> \u201d ad\u0131nda yeni bir ileti\u015fim kutusu a\u00e7\u0131l\u0131r. <br><img loading=\"lazy\" decoding=\"async\" title=\"16 geli\u015fmi\u015f kenarl\u0131k se\u00e7ene\u011fi\" src=\"https:\/\/exceladvisor.org\/wp-content\/uploads\/2023\/08\/16-options-de-bordure-avancees.png\" sizes=\"auto, \" srcset=\"\" alt=\"advanced-border-options\" width=\"526\" height=\"514\"><\/li><li> Burada sayfaya ekleyebilece\u011finiz daha fazla kenarl\u0131k se\u00e7ene\u011finiz var.<\/li><li> Belirli bir \u00f6n ayar\u0131 se\u00e7ti\u011finizde, kutuya uygulad\u0131ktan sonra nas\u0131l g\u00f6r\u00fcnd\u00fc\u011f\u00fcn\u00fc de g\u00f6sterir. <br><img loading=\"lazy\" decoding=\"async\" title=\"17-kenarl\u0131k \u00f6nizlemesi\" src=\"https:\/\/exceladvisor.org\/wp-content\/uploads\/2023\/08\/17-apercu-de-la-bordure.png\" sizes=\"auto, \" srcset=\"\" alt=\"border-preview\" width=\"524\" height=\"518\"><\/li><li> Sonunda se\u00e7ilen h\u00fccre aral\u0131\u011f\u0131n\u0131 uygulamak i\u00e7in \u201cTamam\u201d a t\u0131klay\u0131n. <br><img loading=\"lazy\" decoding=\"async\" title=\"18 kenarl\u0131 aplike\" src=\"https:\/\/exceladvisor.org\/wp-content\/uploads\/2023\/08\/18-appliquer-les-bordures.png\" sizes=\"auto, \" srcset=\"\" alt=\"apply-borders\" width=\"475\" height=\"137\"><\/li><\/ol><h2 class=\"wp-block-heading\"> Excel&#8217;de kenarl\u0131klar\u0131 kald\u0131rma<\/h2><ol><li> \u00d6ncelikle kenarl\u0131\u011f\u0131 kald\u0131rmak istedi\u011finiz alan\u0131 se\u00e7meniz yeterlidir.<\/li><li> Daha sonra kenarl\u0131klar listesine gidin ve oradan \u201cKenarl\u0131k Yok\u201d se\u00e7ene\u011fini se\u00e7in. <br><img loading=\"lazy\" decoding=\"async\" title=\"19-kenarl\u0131klar\u0131 kald\u0131r\" src=\"https:\/\/exceladvisor.org\/wp-content\/uploads\/2023\/08\/19-supprimer-les-bordures.png\" sizes=\"auto, \" srcset=\"\" alt=\"remove-borders\" width=\"504\" height=\"212\"><\/li><li> Art\u0131k se\u00e7ilen h\u00fccrelerin etraf\u0131ndaki kenar \u00e7izgileri kaybolacak. <br><img loading=\"lazy\" decoding=\"async\" title=\"20 s\u0131n\u0131r \u00e7izgisi kald\u0131r\u0131ld\u01311\" src=\"https:\/\/exceladvisor.org\/wp-content\/uploads\/2023\/08\/20-lignes-de-bordure-supprimees1.png\" sizes=\"auto, \" srcset=\"\" alt=\"border-lines-removed\" width=\"438\" height=\"123\"><\/li><\/ol><h2 class=\"wp-block-heading\"> Kenarl\u0131k ekleme k\u0131sayolu<\/h2><p> K\u0131sayolu kullanarak kenarl\u0131k eklemenin ba\u015fka bir yolu daha var. Ancak k\u0131sayolu kullanmadan \u00f6nce \u00f6ncelikle kenarl\u0131\u011f\u0131 eklemek istedi\u011finiz aral\u0131\u011f\u0131 se\u00e7melisiniz.<\/p><p> Daha sonra ayn\u0131 anda ALT \u21e2 H \u21e2 B tu\u015flar\u0131na bas\u0131n. Bunu yapt\u0131\u011f\u0131n\u0131zda kenarl\u0131klar\u0131n listesini g\u00f6receksiniz. Bununla birlikte, bir h\u00fccreye veya aral\u0131\u011fa herhangi bir t\u00fcrde kenarl\u0131k ayarlamak i\u00e7in \u00f6zel se\u00e7enekler vard\u0131r. <\/p><div class=\"wp-block-image\"><figure class=\"aligncenter size-full is-resized\"><img loading=\"lazy\" decoding=\"async\" class=\"wp-image-77631\" src=\"https:\/\/exceladvisor.org\/wp-content\/uploads\/2023\/08\/21-raccourci-pour-ajouter-des-bordures.png\" sizes=\"auto, \" srcset=\"\" alt=\"kenarl\u0131k ekleme k\u0131sayolu\" width=\"395\" height=\"589\"><\/figure><\/div><p> Yukar\u0131daki ekran g\u00f6r\u00fcnt\u00fcs\u00fcnde g\u00f6rd\u00fc\u011f\u00fcn\u00fcz gibi alt kenarl\u0131\u011f\u0131 kal\u0131n ayarlamak istiyorsunuz ve bunun k\u0131sayol tu\u015fu H&#8217;dir. Daha sonra bu durumda verileri se\u00e7tikten sonra ALT \u21e2 H \u21e2 B \u21e2 H tu\u015flar\u0131na bas\u0131n. <\/p><div class=\"wp-block-image\"><figure class=\"aligncenter size-full is-resized\"><img loading=\"lazy\" decoding=\"async\" class=\"wp-image-77632\" src=\"https:\/\/exceladvisor.org\/wp-content\/uploads\/2023\/08\/22-bordure-inferieure-epaisse.png\" sizes=\"auto, \" srcset=\"\" alt=\"kal\u0131n alt kenarl\u0131k\" width=\"521\" height=\"187\"><\/figure><\/div><div class=\"gb-container gb-container-4db6181c gb-container-mt\"> <a class=\"gb-button gb-button-c5897111 gb-button-text gb-button-mt-button\" href=\"https:\/\/exceladvisor.org\/tr\/excelin-temelleri\/\">Microsoft Excel Temelleri (Bile\u015fenler, Par\u00e7alar ve Bilgi Notlar\u0131)<\/a><h2 class=\"gb-headline gb-headline-665e5f6b gb-headline-text gb-headline-mt-heading\"> \u0130lgili e\u011fitimler <\/h2><div class=\"gb-grid-wrapper gb-grid-wrapper-a20baf7c gb-grid-wrapper-mt-grid\"><div class=\"gb-grid-column gb-grid-column-65ddf67e\"><div class=\"gb-container gb-container-65ddf67e\"><ul><li> <a href=\"https:\/\/exceladvisor.org\/tr\/muhasebe-numarasi-formati\/\">Excel&#8217;de muhasebe numaras\u0131 bi\u00e7imini uygulama<\/a><\/li><li> <a href=\"https:\/\/exceladvisor.org\/tr\/hucre-rengi\/\">Excel&#8217;de bir h\u00fccreye veya sayfan\u0131n tamam\u0131na arka plan rengi uygulama<\/a><\/li><li> <a href=\"https:\/\/exceladvisor.org\/tr\/izgara\/\">Excel k\u0131lavuz \u00e7izgilerini yazd\u0131r\u0131n (silin, k\u0131salt\u0131n ve rengi de\u011fi\u015ftirin)<\/a><\/li><li> <a href=\"https:\/\/exceladvisor.org\/tr\/sayfa-numarasi-ekle\/\">Excel&#8217;de sayfa numaras\u0131 ekleme<\/a> <\/li><\/ul><\/div><\/div><div class=\"gb-grid-column gb-grid-column-50067b57\"><div class=\"gb-container gb-container-50067b57\"><\/div><\/div><\/div><\/div>","protected":false},"excerpt":{"rendered":"","protected":false},"author":1,"featured_media":0,"parent":0,"menu_order":0,"comment_status":"open","ping_status":"closed","template":"","meta":{"ub_ctt_via":"","footnotes":""},"class_list":["post-1854","page","type-page","status-publish","hentry"],"featured_image_src":null,"yoast_head":"<!-- This site is optimized with the Yoast SEO plugin v25.4 - https:\/\/yoast.com\/wordpress\/plugins\/seo\/ -->\n<title>\u25b7 Excel&#039;de kenarl\u0131k nas\u0131l eklenir? (E\u011fitim 2023)<\/title>\n<meta name=\"description\" content=\"Bu derste, bir h\u00fccreye veya birden fazla h\u00fccre aral\u0131\u011f\u0131na nas\u0131l kenarl\u0131k uygulanaca\u011f\u0131n\u0131 \u00f6\u011frenece\u011fiz. Biz de \u00f6\u011frenece\u011fiz\" \/>\n<meta name=\"robots\" content=\"index, follow, max-snippet:-1, max-image-preview:large, max-video-preview:-1\" \/>\n<link rel=\"canonical\" href=\"https:\/\/exceladvisor.org\/tr\/sinir\/\" \/>\n<meta property=\"og:locale\" content=\"tr_TR\" \/>\n<meta property=\"og:type\" content=\"article\" \/>\n<meta property=\"og:title\" content=\"\u25b7 Excel&#039;de kenarl\u0131k nas\u0131l eklenir? (E\u011fitim 2023)\" \/>\n<meta property=\"og:description\" content=\"Bu derste, bir h\u00fccreye veya birden fazla h\u00fccre aral\u0131\u011f\u0131na nas\u0131l kenarl\u0131k uygulanaca\u011f\u0131n\u0131 \u00f6\u011frenece\u011fiz. Biz de \u00f6\u011frenece\u011fiz\" \/>\n<meta property=\"og:url\" content=\"https:\/\/exceladvisor.org\/tr\/sinir\/\" \/>\n<meta property=\"og:site_name\" content=\"Excel Advisor\" \/>\n<meta property=\"article:modified_time\" content=\"2023-12-10T06:01:25+00:00\" \/>\n<meta property=\"og:image\" content=\"https:\/\/exceladvisor.org\/wp-content\/uploads\/2023\/08\/1-selectionner-des-cellules.png\" \/>\n<meta name=\"twitter:card\" content=\"summary_large_image\" \/>\n<meta name=\"twitter:label1\" content=\"Tahmini okuma s\u00fcresi\" \/>\n\t<meta name=\"twitter:data1\" content=\"5 dakika\" \/>\n<script type=\"application\/ld+json\" class=\"yoast-schema-graph\">{\"@context\":\"https:\/\/schema.org\",\"@graph\":[{\"@type\":\"WebPage\",\"@id\":\"https:\/\/exceladvisor.org\/tr\/sinir\/\",\"url\":\"https:\/\/exceladvisor.org\/tr\/sinir\/\",\"name\":\"\u25b7 Excel&#39;de kenarl\u0131k nas\u0131l eklenir? (E\u011fitim 2023)\",\"isPartOf\":{\"@id\":\"https:\/\/exceladvisor.org\/tr\/#website\"},\"primaryImageOfPage\":{\"@id\":\"https:\/\/exceladvisor.org\/tr\/sinir\/#primaryimage\"},\"image\":{\"@id\":\"https:\/\/exceladvisor.org\/tr\/sinir\/#primaryimage\"},\"thumbnailUrl\":\"https:\/\/exceladvisor.org\/wp-content\/uploads\/2023\/08\/1-selectionner-des-cellules.png\",\"datePublished\":\"2023-10-31T04:19:27+00:00\",\"dateModified\":\"2023-12-10T06:01:25+00:00\",\"description\":\"Bu derste, bir h\u00fccreye veya birden fazla h\u00fccre aral\u0131\u011f\u0131na nas\u0131l kenarl\u0131k uygulanaca\u011f\u0131n\u0131 \u00f6\u011frenece\u011fiz. Biz de \u00f6\u011frenece\u011fiz\",\"breadcrumb\":{\"@id\":\"https:\/\/exceladvisor.org\/tr\/sinir\/#breadcrumb\"},\"inLanguage\":\"tr\",\"potentialAction\":[{\"@type\":\"ReadAction\",\"target\":[\"https:\/\/exceladvisor.org\/tr\/sinir\/\"]}]},{\"@type\":\"ImageObject\",\"inLanguage\":\"tr\",\"@id\":\"https:\/\/exceladvisor.org\/tr\/sinir\/#primaryimage\",\"url\":\"https:\/\/exceladvisor.org\/wp-content\/uploads\/2023\/08\/1-selectionner-des-cellules.png\",\"contentUrl\":\"https:\/\/exceladvisor.org\/wp-content\/uploads\/2023\/08\/1-selectionner-des-cellules.png\"},{\"@type\":\"BreadcrumbList\",\"@id\":\"https:\/\/exceladvisor.org\/tr\/sinir\/#breadcrumb\",\"itemListElement\":[{\"@type\":\"ListItem\",\"position\":1,\"name\":\"Ev\",\"item\":\"https:\/\/exceladvisor.org\/tr\/\"},{\"@type\":\"ListItem\",\"position\":2,\"name\":\"Excel&#39;de kenarl\u0131k nas\u0131l eklenir?\"}]},{\"@type\":\"WebSite\",\"@id\":\"https:\/\/exceladvisor.org\/tr\/#website\",\"url\":\"https:\/\/exceladvisor.org\/tr\/\",\"name\":\"Excel Advisor\",\"description\":\"Veri hakimiyetine y\u00f6nelik nihai rehberiniz!\",\"publisher\":{\"@id\":\"https:\/\/exceladvisor.org\/tr\/#organization\"},\"potentialAction\":[{\"@type\":\"SearchAction\",\"target\":{\"@type\":\"EntryPoint\",\"urlTemplate\":\"https:\/\/exceladvisor.org\/tr\/?s={search_term_string}\"},\"query-input\":{\"@type\":\"PropertyValueSpecification\",\"valueRequired\":true,\"valueName\":\"search_term_string\"}}],\"inLanguage\":\"tr\"},{\"@type\":\"Organization\",\"@id\":\"https:\/\/exceladvisor.org\/tr\/#organization\",\"name\":\"Excel Advisor\",\"url\":\"https:\/\/exceladvisor.org\/tr\/\",\"logo\":{\"@type\":\"ImageObject\",\"inLanguage\":\"tr\",\"@id\":\"https:\/\/exceladvisor.org\/tr\/#\/schema\/logo\/image\/\",\"url\":\"https:\/\/exceladvisor.org\/tr\/wp-content\/uploads\/2023\/12\/exceladvisor.org_.png\",\"contentUrl\":\"https:\/\/exceladvisor.org\/tr\/wp-content\/uploads\/2023\/12\/exceladvisor.org_.png\",\"width\":105,\"height\":36,\"caption\":\"Excel Advisor\"},\"image\":{\"@id\":\"https:\/\/exceladvisor.org\/tr\/#\/schema\/logo\/image\/\"}}]}<\/script>\n<!-- \/ Yoast SEO plugin. -->","yoast_head_json":{"title":"\u25b7 Excel&#39;de kenarl\u0131k nas\u0131l eklenir? (E\u011fitim 2023)","description":"Bu derste, bir h\u00fccreye veya birden fazla h\u00fccre aral\u0131\u011f\u0131na nas\u0131l kenarl\u0131k uygulanaca\u011f\u0131n\u0131 \u00f6\u011frenece\u011fiz. Biz de \u00f6\u011frenece\u011fiz","robots":{"index":"index","follow":"follow","max-snippet":"max-snippet:-1","max-image-preview":"max-image-preview:large","max-video-preview":"max-video-preview:-1"},"canonical":"https:\/\/exceladvisor.org\/tr\/sinir\/","og_locale":"tr_TR","og_type":"article","og_title":"\u25b7 Excel&#39;de kenarl\u0131k nas\u0131l eklenir? (E\u011fitim 2023)","og_description":"Bu derste, bir h\u00fccreye veya birden fazla h\u00fccre aral\u0131\u011f\u0131na nas\u0131l kenarl\u0131k uygulanaca\u011f\u0131n\u0131 \u00f6\u011frenece\u011fiz. Biz de \u00f6\u011frenece\u011fiz","og_url":"https:\/\/exceladvisor.org\/tr\/sinir\/","og_site_name":"Excel Advisor","article_modified_time":"2023-12-10T06:01:25+00:00","og_image":[{"url":"https:\/\/exceladvisor.org\/wp-content\/uploads\/2023\/08\/1-selectionner-des-cellules.png","type":"","width":"","height":""}],"twitter_card":"summary_large_image","twitter_misc":{"Tahmini okuma s\u00fcresi":"5 dakika"},"schema":{"@context":"https:\/\/schema.org","@graph":[{"@type":"WebPage","@id":"https:\/\/exceladvisor.org\/tr\/sinir\/","url":"https:\/\/exceladvisor.org\/tr\/sinir\/","name":"\u25b7 Excel&#39;de kenarl\u0131k nas\u0131l eklenir? (E\u011fitim 2023)","isPartOf":{"@id":"https:\/\/exceladvisor.org\/tr\/#website"},"primaryImageOfPage":{"@id":"https:\/\/exceladvisor.org\/tr\/sinir\/#primaryimage"},"image":{"@id":"https:\/\/exceladvisor.org\/tr\/sinir\/#primaryimage"},"thumbnailUrl":"https:\/\/exceladvisor.org\/wp-content\/uploads\/2023\/08\/1-selectionner-des-cellules.png","datePublished":"2023-10-31T04:19:27+00:00","dateModified":"2023-12-10T06:01:25+00:00","description":"Bu derste, bir h\u00fccreye veya birden fazla h\u00fccre aral\u0131\u011f\u0131na nas\u0131l kenarl\u0131k uygulanaca\u011f\u0131n\u0131 \u00f6\u011frenece\u011fiz. Biz de \u00f6\u011frenece\u011fiz","breadcrumb":{"@id":"https:\/\/exceladvisor.org\/tr\/sinir\/#breadcrumb"},"inLanguage":"tr","potentialAction":[{"@type":"ReadAction","target":["https:\/\/exceladvisor.org\/tr\/sinir\/"]}]},{"@type":"ImageObject","inLanguage":"tr","@id":"https:\/\/exceladvisor.org\/tr\/sinir\/#primaryimage","url":"https:\/\/exceladvisor.org\/wp-content\/uploads\/2023\/08\/1-selectionner-des-cellules.png","contentUrl":"https:\/\/exceladvisor.org\/wp-content\/uploads\/2023\/08\/1-selectionner-des-cellules.png"},{"@type":"BreadcrumbList","@id":"https:\/\/exceladvisor.org\/tr\/sinir\/#breadcrumb","itemListElement":[{"@type":"ListItem","position":1,"name":"Ev","item":"https:\/\/exceladvisor.org\/tr\/"},{"@type":"ListItem","position":2,"name":"Excel&#39;de kenarl\u0131k nas\u0131l eklenir?"}]},{"@type":"WebSite","@id":"https:\/\/exceladvisor.org\/tr\/#website","url":"https:\/\/exceladvisor.org\/tr\/","name":"Excel Advisor","description":"Veri hakimiyetine y\u00f6nelik nihai rehberiniz!","publisher":{"@id":"https:\/\/exceladvisor.org\/tr\/#organization"},"potentialAction":[{"@type":"SearchAction","target":{"@type":"EntryPoint","urlTemplate":"https:\/\/exceladvisor.org\/tr\/?s={search_term_string}"},"query-input":{"@type":"PropertyValueSpecification","valueRequired":true,"valueName":"search_term_string"}}],"inLanguage":"tr"},{"@type":"Organization","@id":"https:\/\/exceladvisor.org\/tr\/#organization","name":"Excel Advisor","url":"https:\/\/exceladvisor.org\/tr\/","logo":{"@type":"ImageObject","inLanguage":"tr","@id":"https:\/\/exceladvisor.org\/tr\/#\/schema\/logo\/image\/","url":"https:\/\/exceladvisor.org\/tr\/wp-content\/uploads\/2023\/12\/exceladvisor.org_.png","contentUrl":"https:\/\/exceladvisor.org\/tr\/wp-content\/uploads\/2023\/12\/exceladvisor.org_.png","width":105,"height":36,"caption":"Excel Advisor"},"image":{"@id":"https:\/\/exceladvisor.org\/tr\/#\/schema\/logo\/image\/"}}]}},"yoast_meta":{"yoast_wpseo_title":"","yoast_wpseo_metadesc":"","yoast_wpseo_canonical":""},"_links":{"self":[{"href":"https:\/\/exceladvisor.org\/tr\/wp-json\/wp\/v2\/pages\/1854","targetHints":{"allow":["GET"]}}],"collection":[{"href":"https:\/\/exceladvisor.org\/tr\/wp-json\/wp\/v2\/pages"}],"about":[{"href":"https:\/\/exceladvisor.org\/tr\/wp-json\/wp\/v2\/types\/page"}],"author":[{"embeddable":true,"href":"https:\/\/exceladvisor.org\/tr\/wp-json\/wp\/v2\/users\/1"}],"replies":[{"embeddable":true,"href":"https:\/\/exceladvisor.org\/tr\/wp-json\/wp\/v2\/comments?post=1854"}],"version-history":[{"count":1,"href":"https:\/\/exceladvisor.org\/tr\/wp-json\/wp\/v2\/pages\/1854\/revisions"}],"predecessor-version":[{"id":2517,"href":"https:\/\/exceladvisor.org\/tr\/wp-json\/wp\/v2\/pages\/1854\/revisions\/2517"}],"wp:attachment":[{"href":"https:\/\/exceladvisor.org\/tr\/wp-json\/wp\/v2\/media?parent=1854"}],"curies":[{"name":"wp","href":"https:\/\/api.w.org\/{rel}","templated":true}]}}