{"id":1855,"date":"2023-10-31T03:53:22","date_gmt":"2023-10-31T03:53:22","guid":{"rendered":"https:\/\/exceladvisor.org\/tr\/panjurlari-dondur\/"},"modified":"2023-12-10T06:00:55","modified_gmt":"2023-12-10T06:00:55","slug":"panjurlari-dondur","status":"publish","type":"page","link":"https:\/\/exceladvisor.org\/tr\/panjurlari-dondur\/","title":{"rendered":"Excel&#39;de b\u00f6lmeler nas\u0131l dondurulur?"},"content":{"rendered":"<div class=\"excel-icerikten-once\" id=\"excel-2142329569\"><script type=\"text\/javascript\">\r\n\tatOptions = {\r\n\t\t'key' : 'c1158f160081d6540a8409e6925dab94',\r\n\t\t'format' : 'iframe',\r\n\t\t'height' : 250,\r\n\t\t'width' : 300,\r\n\t\t'params' : {}\r\n\t};\r\n<\/script>\r\n<script type=\"text\/javascript\" src=\"\/\/www.highperformanceformat.com\/c1158f160081d6540a8409e6925dab94\/invoke.js\"><\/script><\/div> <p>B\u00f6lmeleri Dondur se\u00e7ene\u011fi, \u00e7al\u0131\u015fma sayfas\u0131n\u0131 herhangi bir yere kayd\u0131r\u0131rken sat\u0131rlar\u0131 ve s\u00fctunlar\u0131 kilitlemenize olanak tan\u0131r. B\u00fcy\u00fck verilerle \u00e7al\u0131\u015f\u0131rken bunlar\u0131 birbirleriyle kar\u015f\u0131la\u015ft\u0131rmak zordur.<\/p><p> Ancak ba\u015fl\u0131\u011f\u0131 veya baz\u0131 belirli sat\u0131rlar\u0131 ve s\u00fctunlar\u0131 dondurarak bunlar\u0131n her zaman \u00fcstte g\u00f6r\u00fcnmesini sa\u011flayabilirsiniz.<\/p><p> Bu derste \u00fcst sat\u0131r\u0131 veya ilk s\u00fctunu dondurma ad\u0131mlar\u0131n\u0131 ve buna g\u00f6re sat\u0131r ve s\u00fctun kombinasyonunu payla\u015fmak istiyorum.<\/p><h2 class=\"wp-block-heading\"> Excel&#8217;de \u00dcst Sat\u0131r\u0131 Dondurma Ad\u0131mlar\u0131<\/h2><ol><li> \u00d6ncelikle dondurmak istedi\u011finiz \u201cba\u015fl\u0131k sat\u0131r\u0131n\u0131\u201d se\u00e7in.<\/li><li> Daha sonra \u015feritteki \u201cG\u00f6r\u00fcn\u00fcm\u201d sekmesine gidin ve \u201cPencere\u201d grubunda \u201cB\u00f6lmeleri Dondur\u201d komutunu t\u0131klay\u0131n. <br><img loading=\"lazy\" decoding=\"async\" title=\"Dondurulacak 1 ba\u015fl\u0131k\" src=\"https:\/\/exceladvisor.org\/wp-content\/uploads\/2023\/08\/1-en-tete-a-figer.png\" sizes=\"auto, \" srcset=\"\" alt=\"header-to-freeze\" width=\"979\" height=\"261\"><\/li><li> \u015eimdi, sat\u0131r\u0131 kilitlemek i\u00e7in dondurma b\u00f6lmesi a\u00e7\u0131l\u0131r listesinden \u201c\u00dcst Sat\u0131r\u0131 Dondur\u201d se\u00e7ene\u011fini se\u00e7in. <br><img loading=\"lazy\" decoding=\"async\" title=\"2-se\u00e7meli-serbest-\u00fcst s\u0131ra\" src=\"https:\/\/exceladvisor.org\/wp-content\/uploads\/2023\/08\/2-choisissez-la-rangee-superieure-libre.png\" sizes=\"auto, \" srcset=\"\" alt=\"choose-freeze-top-row\" width=\"393\" height=\"259\"><\/li><li> Burada ba\u015fl\u0131k sat\u0131r\u0131n\u0131n alt\u0131nda sayfan\u0131n yukar\u0131daki alan\u0131n\u0131n kilitlendi\u011fini g\u00f6steren ince bir yatay \u00e7izgi g\u00f6receksiniz. <br><img loading=\"lazy\" decoding=\"async\" title=\"\u00dcstteki 3 s\u0131ra donduruldu\" src=\"https:\/\/exceladvisor.org\/wp-content\/uploads\/2023\/08\/3-rangees-du-haut-gelees.png\" sizes=\"auto, \" srcset=\"\" alt=\"top-row-freezed\" width=\"405\" height=\"194\"><\/li><\/ol><p> \u00dcst sat\u0131r\u0131 dondurmak i\u00e7in klavye k\u0131sayolu Alt \u21e2 W \u21e2 F \u21e2 R&#8217;dir.<\/p><h2 class=\"wp-block-heading\"> Excel&#8217;de \u00fcstteki birden \u00e7ok sat\u0131r\u0131 dondurma<\/h2><p> Bunda, gereksiniminize g\u00f6re e-tablodaki birden fazla sat\u0131r\u0131 da dondurabilirsiniz. \u0130zlenecek ad\u0131mlar a\u015fa\u011f\u0131da verilmi\u015ftir:<\/p><ol><li> \u00d6ncelikle yukar\u0131daki alan\u0131 dondurmak i\u00e7in imleci hedeflenen sat\u0131r\u0131n sat\u0131r ba\u015fl\u0131\u011f\u0131 numaras\u0131n\u0131n \u00fczerine getirin. (\u00d6rne\u011fin ilk \u00fc\u00e7 sat\u0131r\u0131 dondurmak istiyorsan\u0131z bunun i\u00e7in <sup>4.<\/sup> sat\u0131r\u0131 se\u00e7meniz gerekmektedir.)<\/li><li> Bundan sonra, \u201cG\u00f6r\u00fcn\u00fcm\u201d sekmesinde, b\u00f6lmeleri dondur a\u00e7\u0131l\u0131r listesine t\u0131klay\u0131n ve \u201cB\u00f6lmeleri Kilitle\u201d olan ilk se\u00e7ene\u011fi se\u00e7in. <br><img loading=\"lazy\" decoding=\"async\" title=\"4-dondurmalar\" src=\"https:\/\/exceladvisor.org\/wp-content\/uploads\/2023\/08\/4-volets-de-gel.png\" sizes=\"auto, \" srcset=\"\" alt=\"freeze-panes\" width=\"670\" height=\"250\"><\/li><li> \u015eimdi sayfay\u0131 a\u015fa\u011f\u0131 do\u011fru kayd\u0131rd\u0131\u011f\u0131n\u0131zda <sup>4.<\/sup> sat\u0131r\u0131n \u00fczerindeki t\u00fcm sat\u0131rlar\u0131n \u00fcstte oldu\u011fu gibi g\u00f6r\u00fcnece\u011fini fark edeceksiniz. <br><img loading=\"lazy\" decoding=\"async\" title=\"Se\u00e7ilen sat\u0131rlar\u0131n \u00fcst\u00fcnde 5 g\u00f6r\u00fcn\u00fcr1\" src=\"https:\/\/exceladvisor.org\/wp-content\/uploads\/2023\/08\/5-lignes-selectionnees-au-dessus-visibles1.png\" sizes=\"auto, \" srcset=\"\" alt=\"above-selected-rows-visible\" width=\"408\" height=\"171\"><\/li><\/ol><h2 class=\"wp-block-heading\"> Excel&#8217;deki ilk s\u00fctunu dondur<\/h2><p> \u00c7al\u0131\u015fma sayfas\u0131n\u0131n ilk s\u00fctununun nas\u0131l dondurulaca\u011f\u0131n\u0131 bilmek i\u00e7in a\u015fa\u011f\u0131daki ad\u0131mlar\u0131 uygulaman\u0131z gerekir:<\/p><ol><li> Sayfan\u0131n A s\u00fctununu belirten \u00fcst alfabe s\u00fctunu \u201cA\u201dy\u0131 se\u00e7in.<\/li><li> Yine Pencere grubunda B\u00f6lmeleri Dondur a\u00e7\u0131l\u0131r men\u00fcs\u00fcne t\u0131klay\u0131n.<\/li><li> Bir sonraki ad\u0131mda \u201c\u0130lk S\u00fctunu Dondur\u201d se\u00e7ene\u011fine t\u0131klaman\u0131z gerekiyor. <br><img loading=\"lazy\" decoding=\"async\" title=\"6-jel-birinci-s\u00fctun1\" src=\"https:\/\/exceladvisor.org\/wp-content\/uploads\/2023\/08\/6-geler-la-premiere-colonne1.png\" sizes=\"auto, \" srcset=\"\" alt=\"freeze-first-column\" width=\"626\" height=\"275\"><\/li><li> Sonunda, ilk s\u00fctun donarak koyu dikey bir \u00e7izgi g\u00f6sterir. <br><img loading=\"lazy\" decoding=\"async\" title=\"7 koyu dikey \u00e7izgi\" src=\"https:\/\/exceladvisor.org\/wp-content\/uploads\/2023\/08\/7-ligne-verticale-sombre.png\" sizes=\"auto, \" srcset=\"\" alt=\"dark-vertical-line\" width=\"341\" height=\"237\"><\/li><\/ol><p> \u0130lk s\u00fctunu dondurmak i\u00e7in klavye k\u0131sayolu Alt \u21e2 W \u21e2 F \u21e2 C&#8217;dir.<\/p><h2 class=\"wp-block-heading\"> Birden \u00e7ok s\u00fctunu dondur<\/h2><ol><li> \u00d6ncelikle, ilk s\u00fctunu ba\u015fl\u0131\u011f\u0131na g\u00f6re se\u00e7meniz, ard\u0131ndan kilitlenecek birden fazla s\u00fctunu se\u00e7mek i\u00e7in Ctrl tu\u015funu bas\u0131l\u0131 tutman\u0131z gerekir. \u00d6rne\u011fin sayfan\u0131z\u0131n ilk iki s\u00fctununu (A, B) dondurmak istiyorsan\u0131z bunun i\u00e7in C s\u00fctununu da se\u00e7melisiniz.<\/li><li> Bundan sonra, \u201cG\u00f6r\u00fcn\u00fcm\u201d sekmesi &gt; B\u00f6lmeleri Dondur &gt; se\u00e7ene\u011fine gidin ve a\u00e7\u0131l\u0131r listeden B\u00f6lmeleri Dondur&#8217;a tekrar t\u0131klay\u0131n. <br><img loading=\"lazy\" decoding=\"async\" title=\"8-dondurma-\u00e7oklu-s\u00fctunlar\" src=\"https:\/\/exceladvisor.org\/wp-content\/uploads\/2023\/08\/8-geler-plusieurs-colonnes.png\" sizes=\"auto, \" srcset=\"\" alt=\"freeze-multiple-columns\" width=\"645\" height=\"264\"><\/li><li> Dondurma tavalar\u0131na t\u0131klad\u0131\u011f\u0131n\u0131zda ilk iki s\u00fctun (A ve B) kilitlenecek ve bu s\u00fctunlar di\u011ferlerinden d\u00fcz dikey bir \u00e7izgi ile ayr\u0131lacakt\u0131r. <br><img loading=\"lazy\" decoding=\"async\" title=\"9-ilk-iki-dondurulmu\u015f s\u00fctun\" src=\"https:\/\/exceladvisor.org\/wp-content\/uploads\/2023\/08\/9-deux-premieres-colonnes-figees.png\" sizes=\"auto, \" srcset=\"\" alt=\"first-two-columns-freezed\" width=\"327\" height=\"266\"><\/li><\/ol><h2 class=\"wp-block-heading\"> Excel&#8217;deki b\u00f6lmeleri \u00e7\u00f6zme<\/h2><ol><li> \u015eeritteki \u201cG\u00f6r\u00fcn\u00fcm\u201d sekmesine gitmeniz yeterli.<\/li><li> Daha sonra, dondurma tavalar\u0131ndaki \u201cB\u00f6lmeleri \u00c7\u00f6z\u201d d\u00fc\u011fmesine t\u0131klay\u0131n. <br><img loading=\"lazy\" decoding=\"async\" title=\"10 \u00e7\u00f6z\u00fclm\u00fc\u015f pencere\" src=\"https:\/\/exceladvisor.org\/wp-content\/uploads\/2023\/08\/10-vitres-degelees.png\" sizes=\"auto, \" srcset=\"\" alt=\"unfreeze-panes\" width=\"625\" height=\"257\"><\/li><li> Bir saniye i\u00e7inde t\u00fcm kilitli sat\u0131r ve s\u00fctunlar\u0131n normale d\u00f6nd\u00fc\u011f\u00fcn\u00fc g\u00f6receksiniz. <br><img loading=\"lazy\" decoding=\"async\" title=\"11-sabitlenmemi\u015f-sat\u0131r-s\u00fctunlar\" src=\"https:\/\/exceladvisor.org\/wp-content\/uploads\/2023\/08\/11-lignes-et-colonnes-non-figees.png\" sizes=\"auto, \" srcset=\"\" alt=\"rows-and-columns-unfreezed\" width=\"314\" height=\"217\"><\/li><\/ol><h2 class=\"wp-block-heading\"> G\u00f6t\u00fcrmek<\/h2><ul><li> Kilitli s\u00fctunlar veya sat\u0131rlar her zaman en \u00fcst sat\u0131rdan ve ilk s\u00fctundan ba\u015flayacakt\u0131r. Sayfan\u0131n orta s\u0131ras\u0131n\u0131 veya s\u00fctununu kilitlemek m\u00fcmk\u00fcn olmad\u0131\u011f\u0131ndan.<\/li><li> Kilitlemek istedi\u011finiz t\u00fcm sat\u0131r ve s\u00fctunlar\u0131n \u00e7al\u0131\u015fma sayfas\u0131nda g\u00f6r\u00fcnd\u00fc\u011f\u00fcnden emin olun.<\/li><\/ul><div class=\"gb-container gb-container-4db6181c gb-container-mt\"> <a class=\"gb-button gb-button-c5897111 gb-button-text gb-button-mt-button\" href=\"https:\/\/exceladvisor.org\/tr\/excelin-temelleri\/\">Microsoft Excel Temelleri (Bile\u015fenler, Par\u00e7alar ve Bilgi Notlar\u0131)<\/a><h2 class=\"gb-headline gb-headline-665e5f6b gb-headline-text gb-headline-mt-heading\"> \u0130lgili e\u011fitimler <\/h2><div class=\"gb-grid-wrapper gb-grid-wrapper-a20baf7c gb-grid-wrapper-mt-grid\"><div class=\"gb-grid-column gb-grid-column-65ddf67e\"><div class=\"gb-container gb-container-65ddf67e\"><ul><li> <a href=\"https:\/\/exceladvisor.org\/tr\/tamamen-hakli-cikarmak\/\">Excel&#8217;de Yasla&#8217;y\u0131 Doldurun<\/a><\/li><li> <a href=\"https:\/\/exceladvisor.org\/tr\/excel-formul-cubugu\/\">Excel&#8217;deki form\u00fcl \u00e7ubu\u011fu<\/a><\/li><li> <a href=\"https:\/\/exceladvisor.org\/tr\/altbilgi-basligi-ekle\/\">Excel&#8217;de \u00fcstbilgi ve altbilgi ekleme<\/a><\/li><li> <a href=\"https:\/\/exceladvisor.org\/tr\/cetvel\/\">Cetveli Excel&#8217;de g\u00f6ster<\/a><\/li><li> <a href=\"https:\/\/exceladvisor.org\/tr\/doldurma-kolu\/\">Excel&#8217;de doldurma tutamac\u0131<\/a> <\/li><\/ul><\/div><\/div><div class=\"gb-grid-column gb-grid-column-50067b57\"><div class=\"gb-container gb-container-50067b57\"><\/div><\/div><\/div><\/div>","protected":false},"excerpt":{"rendered":"","protected":false},"author":1,"featured_media":0,"parent":0,"menu_order":0,"comment_status":"open","ping_status":"closed","template":"","meta":{"ub_ctt_via":"","footnotes":""},"class_list":["post-1855","page","type-page","status-publish","hentry"],"featured_image_src":null,"yoast_head":"<!-- This site is optimized with the Yoast SEO plugin v25.4 - https:\/\/yoast.com\/wordpress\/plugins\/seo\/ -->\n<title>\u25b7 Excel&#039;de b\u00f6lmeler nas\u0131l dondurulur? (E\u011fitim 2023)<\/title>\n<meta name=\"description\" content=\"Bu dersimizde Excel&#039;de b\u00f6lmeyi dondur se\u00e7ene\u011finin nas\u0131l kullan\u0131laca\u011f\u0131n\u0131 \u00f6\u011frenece\u011fiz. Bu se\u00e7enek ilk sat\u0131r\u0131 dondurman\u0131za veya\" \/>\n<meta name=\"robots\" content=\"index, follow, max-snippet:-1, max-image-preview:large, max-video-preview:-1\" \/>\n<link rel=\"canonical\" href=\"https:\/\/exceladvisor.org\/tr\/panjurlari-dondur\/\" \/>\n<meta property=\"og:locale\" content=\"tr_TR\" \/>\n<meta property=\"og:type\" content=\"article\" \/>\n<meta property=\"og:title\" content=\"\u25b7 Excel&#039;de b\u00f6lmeler nas\u0131l dondurulur? (E\u011fitim 2023)\" \/>\n<meta property=\"og:description\" content=\"Bu dersimizde Excel&#039;de b\u00f6lmeyi dondur se\u00e7ene\u011finin nas\u0131l kullan\u0131laca\u011f\u0131n\u0131 \u00f6\u011frenece\u011fiz. Bu se\u00e7enek ilk sat\u0131r\u0131 dondurman\u0131za veya\" \/>\n<meta property=\"og:url\" content=\"https:\/\/exceladvisor.org\/tr\/panjurlari-dondur\/\" \/>\n<meta property=\"og:site_name\" content=\"Excel Advisor\" \/>\n<meta property=\"article:modified_time\" content=\"2023-12-10T06:00:55+00:00\" \/>\n<meta property=\"og:image\" content=\"https:\/\/exceladvisor.org\/wp-content\/uploads\/2023\/08\/1-en-tete-a-figer.png\" \/>\n<meta name=\"twitter:card\" content=\"summary_large_image\" \/>\n<meta name=\"twitter:label1\" content=\"Tahmini okuma s\u00fcresi\" \/>\n\t<meta name=\"twitter:data1\" content=\"3 dakika\" \/>\n<script type=\"application\/ld+json\" class=\"yoast-schema-graph\">{\"@context\":\"https:\/\/schema.org\",\"@graph\":[{\"@type\":\"WebPage\",\"@id\":\"https:\/\/exceladvisor.org\/tr\/panjurlari-dondur\/\",\"url\":\"https:\/\/exceladvisor.org\/tr\/panjurlari-dondur\/\",\"name\":\"\u25b7 Excel&#39;de b\u00f6lmeler nas\u0131l dondurulur? (E\u011fitim 2023)\",\"isPartOf\":{\"@id\":\"https:\/\/exceladvisor.org\/tr\/#website\"},\"primaryImageOfPage\":{\"@id\":\"https:\/\/exceladvisor.org\/tr\/panjurlari-dondur\/#primaryimage\"},\"image\":{\"@id\":\"https:\/\/exceladvisor.org\/tr\/panjurlari-dondur\/#primaryimage\"},\"thumbnailUrl\":\"https:\/\/exceladvisor.org\/wp-content\/uploads\/2023\/08\/1-en-tete-a-figer.png\",\"datePublished\":\"2023-10-31T03:53:22+00:00\",\"dateModified\":\"2023-12-10T06:00:55+00:00\",\"description\":\"Bu dersimizde Excel&#39;de b\u00f6lmeyi dondur se\u00e7ene\u011finin nas\u0131l kullan\u0131laca\u011f\u0131n\u0131 \u00f6\u011frenece\u011fiz. Bu se\u00e7enek ilk sat\u0131r\u0131 dondurman\u0131za veya\",\"breadcrumb\":{\"@id\":\"https:\/\/exceladvisor.org\/tr\/panjurlari-dondur\/#breadcrumb\"},\"inLanguage\":\"tr\",\"potentialAction\":[{\"@type\":\"ReadAction\",\"target\":[\"https:\/\/exceladvisor.org\/tr\/panjurlari-dondur\/\"]}]},{\"@type\":\"ImageObject\",\"inLanguage\":\"tr\",\"@id\":\"https:\/\/exceladvisor.org\/tr\/panjurlari-dondur\/#primaryimage\",\"url\":\"https:\/\/exceladvisor.org\/wp-content\/uploads\/2023\/08\/1-en-tete-a-figer.png\",\"contentUrl\":\"https:\/\/exceladvisor.org\/wp-content\/uploads\/2023\/08\/1-en-tete-a-figer.png\"},{\"@type\":\"BreadcrumbList\",\"@id\":\"https:\/\/exceladvisor.org\/tr\/panjurlari-dondur\/#breadcrumb\",\"itemListElement\":[{\"@type\":\"ListItem\",\"position\":1,\"name\":\"Ev\",\"item\":\"https:\/\/exceladvisor.org\/tr\/\"},{\"@type\":\"ListItem\",\"position\":2,\"name\":\"Excel&#39;de b\u00f6lmeler nas\u0131l dondurulur?\"}]},{\"@type\":\"WebSite\",\"@id\":\"https:\/\/exceladvisor.org\/tr\/#website\",\"url\":\"https:\/\/exceladvisor.org\/tr\/\",\"name\":\"Excel Advisor\",\"description\":\"Veri hakimiyetine y\u00f6nelik nihai rehberiniz!\",\"publisher\":{\"@id\":\"https:\/\/exceladvisor.org\/tr\/#organization\"},\"potentialAction\":[{\"@type\":\"SearchAction\",\"target\":{\"@type\":\"EntryPoint\",\"urlTemplate\":\"https:\/\/exceladvisor.org\/tr\/?s={search_term_string}\"},\"query-input\":{\"@type\":\"PropertyValueSpecification\",\"valueRequired\":true,\"valueName\":\"search_term_string\"}}],\"inLanguage\":\"tr\"},{\"@type\":\"Organization\",\"@id\":\"https:\/\/exceladvisor.org\/tr\/#organization\",\"name\":\"Excel Advisor\",\"url\":\"https:\/\/exceladvisor.org\/tr\/\",\"logo\":{\"@type\":\"ImageObject\",\"inLanguage\":\"tr\",\"@id\":\"https:\/\/exceladvisor.org\/tr\/#\/schema\/logo\/image\/\",\"url\":\"https:\/\/exceladvisor.org\/tr\/wp-content\/uploads\/2023\/12\/exceladvisor.org_.png\",\"contentUrl\":\"https:\/\/exceladvisor.org\/tr\/wp-content\/uploads\/2023\/12\/exceladvisor.org_.png\",\"width\":105,\"height\":36,\"caption\":\"Excel Advisor\"},\"image\":{\"@id\":\"https:\/\/exceladvisor.org\/tr\/#\/schema\/logo\/image\/\"}}]}<\/script>\n<!-- \/ Yoast SEO plugin. -->","yoast_head_json":{"title":"\u25b7 Excel&#39;de b\u00f6lmeler nas\u0131l dondurulur? (E\u011fitim 2023)","description":"Bu dersimizde Excel&#39;de b\u00f6lmeyi dondur se\u00e7ene\u011finin nas\u0131l kullan\u0131laca\u011f\u0131n\u0131 \u00f6\u011frenece\u011fiz. Bu se\u00e7enek ilk sat\u0131r\u0131 dondurman\u0131za veya","robots":{"index":"index","follow":"follow","max-snippet":"max-snippet:-1","max-image-preview":"max-image-preview:large","max-video-preview":"max-video-preview:-1"},"canonical":"https:\/\/exceladvisor.org\/tr\/panjurlari-dondur\/","og_locale":"tr_TR","og_type":"article","og_title":"\u25b7 Excel&#39;de b\u00f6lmeler nas\u0131l dondurulur? (E\u011fitim 2023)","og_description":"Bu dersimizde Excel&#39;de b\u00f6lmeyi dondur se\u00e7ene\u011finin nas\u0131l kullan\u0131laca\u011f\u0131n\u0131 \u00f6\u011frenece\u011fiz. Bu se\u00e7enek ilk sat\u0131r\u0131 dondurman\u0131za veya","og_url":"https:\/\/exceladvisor.org\/tr\/panjurlari-dondur\/","og_site_name":"Excel Advisor","article_modified_time":"2023-12-10T06:00:55+00:00","og_image":[{"url":"https:\/\/exceladvisor.org\/wp-content\/uploads\/2023\/08\/1-en-tete-a-figer.png","type":"","width":"","height":""}],"twitter_card":"summary_large_image","twitter_misc":{"Tahmini okuma s\u00fcresi":"3 dakika"},"schema":{"@context":"https:\/\/schema.org","@graph":[{"@type":"WebPage","@id":"https:\/\/exceladvisor.org\/tr\/panjurlari-dondur\/","url":"https:\/\/exceladvisor.org\/tr\/panjurlari-dondur\/","name":"\u25b7 Excel&#39;de b\u00f6lmeler nas\u0131l dondurulur? (E\u011fitim 2023)","isPartOf":{"@id":"https:\/\/exceladvisor.org\/tr\/#website"},"primaryImageOfPage":{"@id":"https:\/\/exceladvisor.org\/tr\/panjurlari-dondur\/#primaryimage"},"image":{"@id":"https:\/\/exceladvisor.org\/tr\/panjurlari-dondur\/#primaryimage"},"thumbnailUrl":"https:\/\/exceladvisor.org\/wp-content\/uploads\/2023\/08\/1-en-tete-a-figer.png","datePublished":"2023-10-31T03:53:22+00:00","dateModified":"2023-12-10T06:00:55+00:00","description":"Bu dersimizde Excel&#39;de b\u00f6lmeyi dondur se\u00e7ene\u011finin nas\u0131l kullan\u0131laca\u011f\u0131n\u0131 \u00f6\u011frenece\u011fiz. Bu se\u00e7enek ilk sat\u0131r\u0131 dondurman\u0131za veya","breadcrumb":{"@id":"https:\/\/exceladvisor.org\/tr\/panjurlari-dondur\/#breadcrumb"},"inLanguage":"tr","potentialAction":[{"@type":"ReadAction","target":["https:\/\/exceladvisor.org\/tr\/panjurlari-dondur\/"]}]},{"@type":"ImageObject","inLanguage":"tr","@id":"https:\/\/exceladvisor.org\/tr\/panjurlari-dondur\/#primaryimage","url":"https:\/\/exceladvisor.org\/wp-content\/uploads\/2023\/08\/1-en-tete-a-figer.png","contentUrl":"https:\/\/exceladvisor.org\/wp-content\/uploads\/2023\/08\/1-en-tete-a-figer.png"},{"@type":"BreadcrumbList","@id":"https:\/\/exceladvisor.org\/tr\/panjurlari-dondur\/#breadcrumb","itemListElement":[{"@type":"ListItem","position":1,"name":"Ev","item":"https:\/\/exceladvisor.org\/tr\/"},{"@type":"ListItem","position":2,"name":"Excel&#39;de b\u00f6lmeler nas\u0131l dondurulur?"}]},{"@type":"WebSite","@id":"https:\/\/exceladvisor.org\/tr\/#website","url":"https:\/\/exceladvisor.org\/tr\/","name":"Excel Advisor","description":"Veri hakimiyetine y\u00f6nelik nihai rehberiniz!","publisher":{"@id":"https:\/\/exceladvisor.org\/tr\/#organization"},"potentialAction":[{"@type":"SearchAction","target":{"@type":"EntryPoint","urlTemplate":"https:\/\/exceladvisor.org\/tr\/?s={search_term_string}"},"query-input":{"@type":"PropertyValueSpecification","valueRequired":true,"valueName":"search_term_string"}}],"inLanguage":"tr"},{"@type":"Organization","@id":"https:\/\/exceladvisor.org\/tr\/#organization","name":"Excel Advisor","url":"https:\/\/exceladvisor.org\/tr\/","logo":{"@type":"ImageObject","inLanguage":"tr","@id":"https:\/\/exceladvisor.org\/tr\/#\/schema\/logo\/image\/","url":"https:\/\/exceladvisor.org\/tr\/wp-content\/uploads\/2023\/12\/exceladvisor.org_.png","contentUrl":"https:\/\/exceladvisor.org\/tr\/wp-content\/uploads\/2023\/12\/exceladvisor.org_.png","width":105,"height":36,"caption":"Excel Advisor"},"image":{"@id":"https:\/\/exceladvisor.org\/tr\/#\/schema\/logo\/image\/"}}]}},"yoast_meta":{"yoast_wpseo_title":"","yoast_wpseo_metadesc":"","yoast_wpseo_canonical":""},"_links":{"self":[{"href":"https:\/\/exceladvisor.org\/tr\/wp-json\/wp\/v2\/pages\/1855","targetHints":{"allow":["GET"]}}],"collection":[{"href":"https:\/\/exceladvisor.org\/tr\/wp-json\/wp\/v2\/pages"}],"about":[{"href":"https:\/\/exceladvisor.org\/tr\/wp-json\/wp\/v2\/types\/page"}],"author":[{"embeddable":true,"href":"https:\/\/exceladvisor.org\/tr\/wp-json\/wp\/v2\/users\/1"}],"replies":[{"embeddable":true,"href":"https:\/\/exceladvisor.org\/tr\/wp-json\/wp\/v2\/comments?post=1855"}],"version-history":[{"count":1,"href":"https:\/\/exceladvisor.org\/tr\/wp-json\/wp\/v2\/pages\/1855\/revisions"}],"predecessor-version":[{"id":2446,"href":"https:\/\/exceladvisor.org\/tr\/wp-json\/wp\/v2\/pages\/1855\/revisions\/2446"}],"wp:attachment":[{"href":"https:\/\/exceladvisor.org\/tr\/wp-json\/wp\/v2\/media?parent=1855"}],"curies":[{"name":"wp","href":"https:\/\/api.w.org\/{rel}","templated":true}]}}