{"id":1856,"date":"2023-10-31T03:21:49","date_gmt":"2023-10-31T03:21:49","guid":{"rendered":"https:\/\/exceladvisor.org\/tr\/sutun-genisligi\/"},"modified":"2023-12-10T06:02:34","modified_gmt":"2023-12-10T06:02:34","slug":"sutun-genisligi","status":"publish","type":"page","link":"https:\/\/exceladvisor.org\/tr\/sutun-genisligi\/","title":{"rendered":"Excel&#39;de s\u00fctun geni\u015fli\u011fi nas\u0131l de\u011fi\u015ftirilir?"},"content":{"rendered":"<div class=\"excel-icerikten-once\" id=\"excel-1385186051\"><script type=\"text\/javascript\">\r\n\tatOptions = {\r\n\t\t'key' : 'c1158f160081d6540a8409e6925dab94',\r\n\t\t'format' : 'iframe',\r\n\t\t'height' : 250,\r\n\t\t'width' : 300,\r\n\t\t'params' : {}\r\n\t};\r\n<\/script>\r\n<script type=\"text\/javascript\" src=\"\/\/www.highperformanceformat.com\/c1158f160081d6540a8409e6925dab94\/invoke.js\"><\/script><\/div> <p>Excel&#8217;de bir sayfada ayn\u0131 boyutta birka\u00e7 h\u00fccre bulunur ve her h\u00fccre 8,43 karakter i\u00e7erir.<\/p><p> \u00d6zellikle rapor haz\u0131rlarken, veri tablolar\u0131 olu\u015ftururken veya di\u011fer hesaplamalar\u0131 yaparken \u00e7o\u011fu zaman bir s\u00fctunun geni\u015fli\u011fini de\u011fi\u015ftirmeniz gerekir. S\u00fctunlar\u0131n\u0131z\u0131 geni\u015fleterek sayfan\u0131zdaki t\u00fcm verilerin kolayca g\u00f6r\u00fcn\u00fcrl\u00fc\u011f\u00fcn\u00fc sa\u011flayabilirsiniz.<\/p><p> Bu derste s\u00fctun geni\u015fliklerini ayarlaman\u0131n birka\u00e7 etkili yolunu \u00f6\u011frenece\u011fiz.<\/p><h2 class=\"wp-block-heading\"> S\u00fctun geni\u015fli\u011fini fareyle ayarlay\u0131n<\/h2><p> S\u00fctun geni\u015fli\u011fini t\u0131klay\u0131p s\u00fcr\u00fckleyerek ayarlamak, yap\u0131lmas\u0131 ve anla\u015f\u0131lmas\u0131 \u00e7ok kolayd\u0131r. \u015eimdi bunu ad\u0131m ad\u0131m yapal\u0131m.<\/p><ol><li> &#8220;Tek veya \u00c7oklu S\u00fctunlar&#8221;\u0131n geni\u015fli\u011fini de\u011fi\u015ftirmek i\u00e7in \u00f6nce \u00e7al\u0131\u015fma sayfas\u0131nda s\u00f6z konusu s\u00fctunu se\u00e7in. <br><img loading=\"lazy\" decoding=\"async\" title=\"1 s\u00fctun se\u00e7\" src=\"https:\/\/exceladvisor.org\/wp-content\/uploads\/2023\/08\/1-selectionner-la-colonne.png\" sizes=\"auto, \" srcset=\"\" alt=\"select-the-column\" width=\"337\" height=\"200\"><\/li><li> Bundan sonra, fare i\u015faret\u00e7isini s\u00fctun ba\u015fl\u0131\u011f\u0131nda se\u00e7ilen s\u00fctunun kenar\u0131na getirin. <br><img loading=\"lazy\" decoding=\"async\" title=\"S\u00fctun kenar\u0131nda 2 fare i\u015faret\u00e7isi\" src=\"https:\/\/exceladvisor.org\/wp-content\/uploads\/2023\/08\/2-pointeur-de-souris-en-bordure-de-colonne.png\" sizes=\"auto, \" srcset=\"\" alt=\"mouse-pointer-on-column-border\" width=\"331\" height=\"197\"><\/li><li> D\u00f6rt kenarl\u0131 bir ok gibi g\u00f6r\u00fcnd\u00fc\u011f\u00fcnde, geni\u015fli\u011fini art\u0131rmak i\u00e7in farenin sol d\u00fc\u011fmesini bas\u0131l\u0131 tutun ve sa\u011fa s\u00fcr\u00fckleyin. <br><img loading=\"lazy\" decoding=\"async\" title=\"3-fareyle s\u00fcr\u00fckleyin\" src=\"https:\/\/exceladvisor.org\/wp-content\/uploads\/2023\/08\/3-faites-glisser-vers-avec-la-souris.png\" sizes=\"auto, \" srcset=\"\" alt=\"drag-towards-with-mouse\" width=\"343\" height=\"171\"><\/li><li> &#8220;T\u00fcm S\u00fctunlar&#8221;\u0131n geni\u015fli\u011fini de\u011fi\u015ftirmek i\u00e7in \u00f6nce Ctrl + A tu\u015flar\u0131na basarak sayfadaki t\u00fcm s\u00fctunlar\u0131 se\u00e7in, ard\u0131ndan istedi\u011finiz \u015fekilde ayarlamak i\u00e7in herhangi bir s\u00fctun ba\u015fl\u0131\u011f\u0131n\u0131 s\u00fcr\u00fckleyin. <br><img loading=\"lazy\" decoding=\"async\" title=\"4-t\u00fcm s\u00fctunlar\u0131 geni\u015fletmek i\u00e7in sayfa se\u00e7\" src=\"https:\/\/exceladvisor.org\/wp-content\/uploads\/2023\/08\/4-selectionnez-la-feuille-pour-developper-toutes-les-colonnes.png\" sizes=\"auto, \" srcset=\"\" alt=\"select-the-sheet-to-expand-all-columns\" width=\"433\" height=\"209\"><\/li><\/ol><p class=\"mynote\"> Ge\u00e7erli s\u00fctun geni\u015fli\u011fini, s\u00fctun ba\u015fl\u0131\u011f\u0131ndaki s\u00fctun kenarl\u0131\u011f\u0131n\u0131 pikselleriyle birlikte t\u0131klatarak da g\u00f6r\u00fcnt\u00fcleyebilirsiniz. <\/p><div class=\"wp-block-image\"><figure class=\"aligncenter size-full is-resized\"><img loading=\"lazy\" decoding=\"async\" class=\"wp-image-77652\" src=\"https:\/\/exceladvisor.org\/wp-content\/uploads\/2023\/08\/5-largeur-actuelle-de-la-colonne.png\" sizes=\"auto, \" srcset=\"\" alt=\"ge\u00e7erli s\u00fctun geni\u015fli\u011fi\" width=\"532\" height=\"214\"><\/figure><\/div><h2 class=\"wp-block-heading\"> S\u00fctun geni\u015fli\u011fini belirli bir say\u0131ya ayarlay\u0131n<\/h2><ol><li> Yine, geni\u015fli\u011fini belirli bir say\u0131ya de\u011fi\u015ftirmek i\u00e7in \u00f6nce s\u00fctunu se\u00e7melisiniz. <br><img loading=\"lazy\" decoding=\"async\" title=\"6-set-s\u00fctun-geni\u015fli\u011finden-belirli-say\u0131ya kadar\" src=\"https:\/\/exceladvisor.org\/wp-content\/uploads\/2023\/08\/6-definir-la-largeur-de-la-colonne-sur-un-nombre-specifique.png\" sizes=\"auto, \" srcset=\"\" alt=\"set-column-width-to-specific-number\" width=\"334\" height=\"179\"><\/li><li> Daha sonra Giri\u015f sekmesinde H\u00fccreler grubuna gidin ve \u015fimdi \u201cBi\u00e7imlendir\u201d se\u00e7ene\u011fine t\u0131klay\u0131n. <br><img loading=\"lazy\" decoding=\"async\" title=\"7-ev-sekme-h\u00fccreleri-simgesi\" src=\"https:\/\/exceladvisor.org\/wp-content\/uploads\/2023\/08\/7-icone-des-cellules-de-longlet-daccueil.png\" sizes=\"auto, \" srcset=\"\" alt=\"home-tab-cells-icon\" width=\"817\" height=\"117\"><\/li><li> Daha sonra a\u00e7\u0131l\u0131r listeden \u201cS\u00fctun Geni\u015fli\u011fi\u201dni se\u00e7in. <br><img loading=\"lazy\" decoding=\"async\" title=\"8-s\u00fctun geni\u015fli\u011fini se\u00e7in\" src=\"https:\/\/exceladvisor.org\/wp-content\/uploads\/2023\/08\/8-choisir-la-largeur-de-colonne.png\" sizes=\"auto, \" srcset=\"\" alt=\"choose-column-width\" width=\"185\" height=\"500\"><\/li><li> T\u0131klad\u0131\u011f\u0131n\u0131zda s\u00fctun geni\u015fli\u011fi ileti\u015fim kutusu a\u00e7\u0131l\u0131r. \u015eimdi kutuya tam olarak istedi\u011finiz geni\u015flik de\u011ferini girin ve uygulamak i\u00e7in \u201cTamam\u201da t\u0131klay\u0131n. <br><img loading=\"lazy\" decoding=\"async\" title=\"9 s\u00fctunlu ileti\u015fim kutusu\" src=\"https:\/\/exceladvisor.org\/wp-content\/uploads\/2023\/08\/Boite-de-dialogue-a-9-largeurs-de-colonne.png\" sizes=\"auto, \" srcset=\"\" alt=\"column-width-dialog-box\" width=\"485\" height=\"213\"><\/li><\/ol><h2 class=\"wp-block-heading\"> S\u00fctun geni\u015fli\u011fini sa\u011f t\u0131klayarak ayarlay\u0131n<\/h2><p> Ayn\u0131 \u201cS\u00fctun Geni\u015fli\u011fi\u201d ileti\u015fim kutusunu se\u00e7ilen sat\u0131ra sa\u011f t\u0131klayarak da a\u00e7abilirsiniz. <\/p><div class=\"wp-block-image\"><figure class=\"aligncenter size-full is-resized\"><img loading=\"lazy\" decoding=\"async\" class=\"wp-image-77658\" src=\"https:\/\/exceladvisor.org\/wp-content\/uploads\/2023\/08\/10-largeur-de-colonne-par-clic-droit.png\" sizes=\"auto, \" srcset=\"\" alt=\"sa\u011f t\u0131klama ba\u015f\u0131na s\u00fctun geni\u015fli\u011fi\" width=\"311\" height=\"368\"><\/figure><\/div><p> S\u00fctun geni\u015fli\u011fi kutusuna istedi\u011finiz de\u011feri girip Tamam&#8217;a t\u0131klayabilirsiniz. <\/p><div class=\"wp-block-image\"><figure class=\"aligncenter size-full is-resized\"><img loading=\"lazy\" decoding=\"async\" class=\"wp-image-77659\" src=\"https:\/\/exceladvisor.org\/wp-content\/uploads\/2023\/08\/11-boite-de-dialogue-de-largeur-de-colonne.png\" sizes=\"auto, \" srcset=\"\" alt=\"s\u00fctun geni\u015fli\u011fi ileti\u015fim kutusu\" width=\"361\" height=\"263\"><\/figure><\/div><h2 class=\"wp-block-heading\"> S\u00fctun geni\u015fli\u011fini otomatik s\u0131\u011fd\u0131rma se\u00e7ene\u011fiyle ayarlay\u0131n<\/h2><p> S\u00fctunlardaki verileriniz g\u00f6r\u00fcnm\u00fcyorsa s\u00fctunlar\u0131n geni\u015fli\u011fini toplu olarak ayarlamak i\u00e7in otomatik s\u0131\u011fd\u0131rma se\u00e7ene\u011fini kullanabilirsiniz. \u0130zlenecek ad\u0131mlar \u015funlard\u0131r:<\/p><ol><li> Bunun i\u00e7in \u00f6ncelikle tekli, \u00e7oklu veya t\u00fcm s\u00fctunlar\u0131 se\u00e7erek geni\u015fli\u011fi ayarlamal\u0131s\u0131n\u0131z. <br><img loading=\"lazy\" decoding=\"async\" title=\"12 s\u00fctunlu geni\u015flikte otomatik s\u0131\u011fd\u0131rma\" src=\"https:\/\/exceladvisor.org\/wp-content\/uploads\/2023\/08\/Ajustement-automatique-de-la-largeur-de-12-colonnes.png\" sizes=\"auto, \" srcset=\"\" alt=\"column-width-autofit\" width=\"301\" height=\"190\"><\/li><li> Daha sonra Giri\u015f sekmesinin alt\u0131ndaki h\u00fccre grubundaki \u201cBi\u00e7im\u201de gidin. Se\u00e7enekler listesinden \u201c <strong>S\u00fctun Geni\u015fli\u011fini Otomatik S\u0131\u011fd\u0131r<\/strong> \u201d se\u00e7ene\u011fini se\u00e7in. <br><img loading=\"lazy\" decoding=\"async\" title=\"13-otomatik s\u0131\u011fd\u0131rma-s\u00fctun geni\u015fli\u011fini se\u00e7in\" src=\"https:\/\/exceladvisor.org\/wp-content\/uploads\/2023\/08\/13-selectionner-la-largeur-de-colonne-dajustement-automatique.png\" sizes=\"auto, \" srcset=\"\" alt=\"select-autofit-column-width\" width=\"199\" height=\"289\"><\/li><li> Daha sonra a\u015fa\u011f\u0131daki resimde g\u00f6sterildi\u011fi gibi t\u00fcm verileri kolayca g\u00f6rebilmeniz i\u00e7in se\u00e7ilen t\u00fcm s\u00fctunlar\u0131n geni\u015fli\u011fini otomatik olarak ayarlar. <br><img loading=\"lazy\" decoding=\"async\" title=\"Geni\u015fli\u011fi ayarlanm\u0131\u015f 14 s\u00fctun\" src=\"https:\/\/exceladvisor.org\/wp-content\/uploads\/2023\/08\/14-colonnes-largeur-ajustee.png\" sizes=\"auto, \" srcset=\"\" alt=\"columns-width-adjusted\" width=\"315\" height=\"173\"><\/li><\/ol><h2 class=\"wp-block-heading\"> S\u00fctunlar\u0131n varsay\u0131lan geni\u015fli\u011fini ayarlama<\/h2><p> Varsay\u0131lan S\u00fctun Geni\u015fli\u011fi ile, t\u00fcm \u00e7al\u0131\u015fma sayfas\u0131 s\u00fctunlar\u0131n\u0131n geni\u015fli\u011fini de\u011fi\u015ftirebilir ve ayr\u0131ca bir \u00e7al\u0131\u015fma kitab\u0131ndaki t\u00fcm \u00e7al\u0131\u015fma sayfalar\u0131n\u0131n geni\u015fli\u011fini ayn\u0131 anda ayarlayabilirsiniz.<\/p><ol><li> Varsay\u0131lan geni\u015fli\u011fini ayarlamak istedi\u011finiz tek veya birden \u00e7ok \u00e7al\u0131\u015fma sayfas\u0131n\u0131 se\u00e7in. Burada \u00f6rnek olarak tek elektronik tabloyu se\u00e7iyoruz. <br><img loading=\"lazy\" decoding=\"async\" title=\"15-varsay\u0131lan-s\u00fctun geni\u015fli\u011fi\" src=\"https:\/\/exceladvisor.org\/wp-content\/uploads\/2023\/08\/15-largeur-par-defaut-des-colonnes.png\" sizes=\"auto, \" srcset=\"\" alt=\"default-width-of-the-columns\" width=\"565\" height=\"240\"><\/li><li> \u015eimdi \u201cBi\u00e7im\u201de gidin ve \u201cVarsay\u0131lan Geni\u015flik\u201d se\u00e7ene\u011fine t\u0131klay\u0131n. <br><img loading=\"lazy\" decoding=\"async\" title=\"16 se\u00e7enek geni\u015flik varsay\u0131lan\" src=\"https:\/\/exceladvisor.org\/wp-content\/uploads\/2023\/08\/16-option-de-largeur-par-defaut.png\" sizes=\"auto, \" srcset=\"\" alt=\"default-width-option\" width=\"203\" height=\"242\"><\/li><li> Daha sonra \u201cStandart Geni\u015flik\u201d ileti\u015fim kutusu a\u00e7\u0131lacakt\u0131r. Burada bo\u015f s\u00fctunlar\u0131n mevcut geni\u015fli\u011fini g\u00f6rebilirsiniz ve bu 20&#8217;dir. <br><img loading=\"lazy\" decoding=\"async\" title=\"17 standart geni\u015flikte ileti\u015fim kutusu\" src=\"https:\/\/exceladvisor.org\/wp-content\/uploads\/2023\/08\/17-boite-de-dialogue-de-largeur-standard.png\" sizes=\"auto, \" srcset=\"\" alt=\"standard-width-dialog-box\" width=\"548\" height=\"217\"><\/li><li> Son olarak kutucu\u011fa \u201cStandart S\u00fctun Geni\u015fli\u011fi\u201dni girip \u201cTamam\u201da t\u0131klayarak uygulayabilirsiniz. <br><img loading=\"lazy\" decoding=\"async\" title=\"Standart 18 S\u00fctun Geni\u015fli\u011fi \u0130leti\u015fim Kutusu\" src=\"https:\/\/exceladvisor.org\/wp-content\/uploads\/2023\/08\/18-boite-de-dialogue-de-largeur-de-colonne-standard.png\" sizes=\"auto, \" srcset=\"\" alt=\"standard-column-width-dialog-box\" width=\"253\" height=\"120\"><\/li><\/ol><h2 class=\"wp-block-heading\"> G\u00f6t\u00fcrmek<\/h2><ul><li> Varsay\u0131lan standart geni\u015flik, halihaz\u0131rda veri i\u00e7eren h\u00fccreler yerine \u00e7al\u0131\u015fma sayfas\u0131ndaki t\u00fcm bo\u015f h\u00fccrelere uygulan\u0131r.<\/li><li> S\u00fctun geni\u015fli\u011fi s\u00fctun verileri i\u00e7in yeterliyse otomatik s\u0131\u011fd\u0131rma s\u00fctun geni\u015fli\u011fi uygulanmaz.<\/li><\/ul><div class=\"gb-container gb-container-4db6181c gb-container-mt\"> <a class=\"gb-button gb-button-c5897111 gb-button-text gb-button-mt-button\" href=\"https:\/\/exceladvisor.org\/tr\/excelin-temelleri\/\">Microsoft Excel Temelleri (Bile\u015fenler, Par\u00e7alar ve Bilgi Notlar\u0131)<\/a><h2 class=\"gb-headline gb-headline-665e5f6b gb-headline-text gb-headline-mt-heading\"> \u0130lgili e\u011fitimler <\/h2><div class=\"gb-grid-wrapper gb-grid-wrapper-a20baf7c gb-grid-wrapper-mt-grid\"><div class=\"gb-grid-column gb-grid-column-65ddf67e\"><div class=\"gb-container gb-container-65ddf67e\"><ul><li> <a href=\"https:\/\/exceladvisor.org\/tr\/kopruleri-ekle-kaldir\/\">Excel&#8217;de k\u00f6pr\u00fc ekleme ve kald\u0131rma<\/a><\/li><li> <a href=\"https:\/\/exceladvisor.org\/tr\/filigran-ekle\/\">Excel&#8217;e filigran ekleme<\/a><\/li><li> <a href=\"https:\/\/exceladvisor.org\/tr\/gizli-satir-sutunlarini-kaldir\/\">Excel&#8217;deki gizli sat\u0131rlar\u0131 silin<\/a><\/li><li> <a href=\"https:\/\/exceladvisor.org\/tr\/hucrelerin-secimini-kaldir\/\">Excel&#8217;de h\u00fccrelerin se\u00e7imini kald\u0131r\u0131n<\/a> <\/li><\/ul><\/div><\/div><div class=\"gb-grid-column gb-grid-column-50067b57\"><div class=\"gb-container gb-container-50067b57\"><ul><li> <a href=\"https:\/\/exceladvisor.org\/tr\/satirlari-sil\/\">Excel&#8217;de bir sat\u0131r\u0131 veya birden \u00e7ok sat\u0131r\u0131 silme<\/a><\/li><li> <a href=\"https:\/\/exceladvisor.org\/tr\/sutunu-kopyala\/\">Excel&#8217;de bir s\u00fctunu kopyalay\u0131p yap\u0131\u015ft\u0131r\u0131n<\/a><\/li><li> <a href=\"https:\/\/exceladvisor.org\/tr\/satir-sutununu-tasi\/\">Excel&#8217;de bir sat\u0131r\u0131 ve s\u00fctunu ta\u015f\u0131ma<\/a><\/li><li> <a href=\"https:\/\/exceladvisor.org\/tr\/hucreyi-degistir\/\">Excel&#8217;de \u0130ki H\u00fccreyi H\u0131zla De\u011fi\u015ftirin<\/a><\/li><\/ul><\/div><\/div><\/div><\/div>","protected":false},"excerpt":{"rendered":"","protected":false},"author":1,"featured_media":0,"parent":0,"menu_order":0,"comment_status":"open","ping_status":"closed","template":"","meta":{"ub_ctt_via":"","footnotes":""},"class_list":["post-1856","page","type-page","status-publish","hentry"],"featured_image_src":null,"yoast_head":"<!-- This site is optimized with the Yoast SEO plugin v25.4 - https:\/\/yoast.com\/wordpress\/plugins\/seo\/ -->\n<title>\u25b7 Excel&#039;de s\u00fctun geni\u015fli\u011fi nas\u0131l de\u011fi\u015ftirilir?<\/title>\n<meta name=\"description\" content=\"Bu h\u0131zl\u0131 Excel e\u011fitiminde, bir \u00e7al\u0131\u015fma sayfas\u0131nda s\u00fctun geni\u015fli\u011fini nas\u0131l de\u011fi\u015ftirece\u011fimizi \u00f6\u011frenece\u011fiz. Tart\u0131\u015faca\u011f\u0131z\" \/>\n<meta name=\"robots\" content=\"index, follow, max-snippet:-1, max-image-preview:large, max-video-preview:-1\" \/>\n<link rel=\"canonical\" href=\"https:\/\/exceladvisor.org\/tr\/sutun-genisligi\/\" \/>\n<meta property=\"og:locale\" content=\"tr_TR\" \/>\n<meta property=\"og:type\" content=\"article\" \/>\n<meta property=\"og:title\" content=\"\u25b7 Excel&#039;de s\u00fctun geni\u015fli\u011fi nas\u0131l de\u011fi\u015ftirilir?\" \/>\n<meta property=\"og:description\" content=\"Bu h\u0131zl\u0131 Excel e\u011fitiminde, bir \u00e7al\u0131\u015fma sayfas\u0131nda s\u00fctun geni\u015fli\u011fini nas\u0131l de\u011fi\u015ftirece\u011fimizi \u00f6\u011frenece\u011fiz. Tart\u0131\u015faca\u011f\u0131z\" \/>\n<meta property=\"og:url\" content=\"https:\/\/exceladvisor.org\/tr\/sutun-genisligi\/\" \/>\n<meta property=\"og:site_name\" content=\"Excel Advisor\" \/>\n<meta property=\"article:modified_time\" content=\"2023-12-10T06:02:34+00:00\" \/>\n<meta property=\"og:image\" content=\"https:\/\/exceladvisor.org\/wp-content\/uploads\/2023\/08\/1-selectionner-la-colonne.png\" \/>\n<meta name=\"twitter:card\" content=\"summary_large_image\" \/>\n<meta name=\"twitter:label1\" content=\"Tahmini okuma s\u00fcresi\" \/>\n\t<meta name=\"twitter:data1\" content=\"4 dakika\" \/>\n<script type=\"application\/ld+json\" class=\"yoast-schema-graph\">{\"@context\":\"https:\/\/schema.org\",\"@graph\":[{\"@type\":\"WebPage\",\"@id\":\"https:\/\/exceladvisor.org\/tr\/sutun-genisligi\/\",\"url\":\"https:\/\/exceladvisor.org\/tr\/sutun-genisligi\/\",\"name\":\"\u25b7 Excel&#39;de s\u00fctun geni\u015fli\u011fi nas\u0131l de\u011fi\u015ftirilir?\",\"isPartOf\":{\"@id\":\"https:\/\/exceladvisor.org\/tr\/#website\"},\"primaryImageOfPage\":{\"@id\":\"https:\/\/exceladvisor.org\/tr\/sutun-genisligi\/#primaryimage\"},\"image\":{\"@id\":\"https:\/\/exceladvisor.org\/tr\/sutun-genisligi\/#primaryimage\"},\"thumbnailUrl\":\"https:\/\/exceladvisor.org\/wp-content\/uploads\/2023\/08\/1-selectionner-la-colonne.png\",\"datePublished\":\"2023-10-31T03:21:49+00:00\",\"dateModified\":\"2023-12-10T06:02:34+00:00\",\"description\":\"Bu h\u0131zl\u0131 Excel e\u011fitiminde, bir \u00e7al\u0131\u015fma sayfas\u0131nda s\u00fctun geni\u015fli\u011fini nas\u0131l de\u011fi\u015ftirece\u011fimizi \u00f6\u011frenece\u011fiz. Tart\u0131\u015faca\u011f\u0131z\",\"breadcrumb\":{\"@id\":\"https:\/\/exceladvisor.org\/tr\/sutun-genisligi\/#breadcrumb\"},\"inLanguage\":\"tr\",\"potentialAction\":[{\"@type\":\"ReadAction\",\"target\":[\"https:\/\/exceladvisor.org\/tr\/sutun-genisligi\/\"]}]},{\"@type\":\"ImageObject\",\"inLanguage\":\"tr\",\"@id\":\"https:\/\/exceladvisor.org\/tr\/sutun-genisligi\/#primaryimage\",\"url\":\"https:\/\/exceladvisor.org\/wp-content\/uploads\/2023\/08\/1-selectionner-la-colonne.png\",\"contentUrl\":\"https:\/\/exceladvisor.org\/wp-content\/uploads\/2023\/08\/1-selectionner-la-colonne.png\"},{\"@type\":\"BreadcrumbList\",\"@id\":\"https:\/\/exceladvisor.org\/tr\/sutun-genisligi\/#breadcrumb\",\"itemListElement\":[{\"@type\":\"ListItem\",\"position\":1,\"name\":\"Ev\",\"item\":\"https:\/\/exceladvisor.org\/tr\/\"},{\"@type\":\"ListItem\",\"position\":2,\"name\":\"Excel&#39;de s\u00fctun geni\u015fli\u011fi nas\u0131l de\u011fi\u015ftirilir?\"}]},{\"@type\":\"WebSite\",\"@id\":\"https:\/\/exceladvisor.org\/tr\/#website\",\"url\":\"https:\/\/exceladvisor.org\/tr\/\",\"name\":\"Excel Advisor\",\"description\":\"Veri hakimiyetine y\u00f6nelik nihai rehberiniz!\",\"publisher\":{\"@id\":\"https:\/\/exceladvisor.org\/tr\/#organization\"},\"potentialAction\":[{\"@type\":\"SearchAction\",\"target\":{\"@type\":\"EntryPoint\",\"urlTemplate\":\"https:\/\/exceladvisor.org\/tr\/?s={search_term_string}\"},\"query-input\":{\"@type\":\"PropertyValueSpecification\",\"valueRequired\":true,\"valueName\":\"search_term_string\"}}],\"inLanguage\":\"tr\"},{\"@type\":\"Organization\",\"@id\":\"https:\/\/exceladvisor.org\/tr\/#organization\",\"name\":\"Excel Advisor\",\"url\":\"https:\/\/exceladvisor.org\/tr\/\",\"logo\":{\"@type\":\"ImageObject\",\"inLanguage\":\"tr\",\"@id\":\"https:\/\/exceladvisor.org\/tr\/#\/schema\/logo\/image\/\",\"url\":\"https:\/\/exceladvisor.org\/tr\/wp-content\/uploads\/2023\/12\/exceladvisor.org_.png\",\"contentUrl\":\"https:\/\/exceladvisor.org\/tr\/wp-content\/uploads\/2023\/12\/exceladvisor.org_.png\",\"width\":105,\"height\":36,\"caption\":\"Excel Advisor\"},\"image\":{\"@id\":\"https:\/\/exceladvisor.org\/tr\/#\/schema\/logo\/image\/\"}}]}<\/script>\n<!-- \/ Yoast SEO plugin. -->","yoast_head_json":{"title":"\u25b7 Excel&#39;de s\u00fctun geni\u015fli\u011fi nas\u0131l de\u011fi\u015ftirilir?","description":"Bu h\u0131zl\u0131 Excel e\u011fitiminde, bir \u00e7al\u0131\u015fma sayfas\u0131nda s\u00fctun geni\u015fli\u011fini nas\u0131l de\u011fi\u015ftirece\u011fimizi \u00f6\u011frenece\u011fiz. Tart\u0131\u015faca\u011f\u0131z","robots":{"index":"index","follow":"follow","max-snippet":"max-snippet:-1","max-image-preview":"max-image-preview:large","max-video-preview":"max-video-preview:-1"},"canonical":"https:\/\/exceladvisor.org\/tr\/sutun-genisligi\/","og_locale":"tr_TR","og_type":"article","og_title":"\u25b7 Excel&#39;de s\u00fctun geni\u015fli\u011fi nas\u0131l de\u011fi\u015ftirilir?","og_description":"Bu h\u0131zl\u0131 Excel e\u011fitiminde, bir \u00e7al\u0131\u015fma sayfas\u0131nda s\u00fctun geni\u015fli\u011fini nas\u0131l de\u011fi\u015ftirece\u011fimizi \u00f6\u011frenece\u011fiz. Tart\u0131\u015faca\u011f\u0131z","og_url":"https:\/\/exceladvisor.org\/tr\/sutun-genisligi\/","og_site_name":"Excel Advisor","article_modified_time":"2023-12-10T06:02:34+00:00","og_image":[{"url":"https:\/\/exceladvisor.org\/wp-content\/uploads\/2023\/08\/1-selectionner-la-colonne.png","type":"","width":"","height":""}],"twitter_card":"summary_large_image","twitter_misc":{"Tahmini okuma s\u00fcresi":"4 dakika"},"schema":{"@context":"https:\/\/schema.org","@graph":[{"@type":"WebPage","@id":"https:\/\/exceladvisor.org\/tr\/sutun-genisligi\/","url":"https:\/\/exceladvisor.org\/tr\/sutun-genisligi\/","name":"\u25b7 Excel&#39;de s\u00fctun geni\u015fli\u011fi nas\u0131l de\u011fi\u015ftirilir?","isPartOf":{"@id":"https:\/\/exceladvisor.org\/tr\/#website"},"primaryImageOfPage":{"@id":"https:\/\/exceladvisor.org\/tr\/sutun-genisligi\/#primaryimage"},"image":{"@id":"https:\/\/exceladvisor.org\/tr\/sutun-genisligi\/#primaryimage"},"thumbnailUrl":"https:\/\/exceladvisor.org\/wp-content\/uploads\/2023\/08\/1-selectionner-la-colonne.png","datePublished":"2023-10-31T03:21:49+00:00","dateModified":"2023-12-10T06:02:34+00:00","description":"Bu h\u0131zl\u0131 Excel e\u011fitiminde, bir \u00e7al\u0131\u015fma sayfas\u0131nda s\u00fctun geni\u015fli\u011fini nas\u0131l de\u011fi\u015ftirece\u011fimizi \u00f6\u011frenece\u011fiz. Tart\u0131\u015faca\u011f\u0131z","breadcrumb":{"@id":"https:\/\/exceladvisor.org\/tr\/sutun-genisligi\/#breadcrumb"},"inLanguage":"tr","potentialAction":[{"@type":"ReadAction","target":["https:\/\/exceladvisor.org\/tr\/sutun-genisligi\/"]}]},{"@type":"ImageObject","inLanguage":"tr","@id":"https:\/\/exceladvisor.org\/tr\/sutun-genisligi\/#primaryimage","url":"https:\/\/exceladvisor.org\/wp-content\/uploads\/2023\/08\/1-selectionner-la-colonne.png","contentUrl":"https:\/\/exceladvisor.org\/wp-content\/uploads\/2023\/08\/1-selectionner-la-colonne.png"},{"@type":"BreadcrumbList","@id":"https:\/\/exceladvisor.org\/tr\/sutun-genisligi\/#breadcrumb","itemListElement":[{"@type":"ListItem","position":1,"name":"Ev","item":"https:\/\/exceladvisor.org\/tr\/"},{"@type":"ListItem","position":2,"name":"Excel&#39;de s\u00fctun geni\u015fli\u011fi nas\u0131l de\u011fi\u015ftirilir?"}]},{"@type":"WebSite","@id":"https:\/\/exceladvisor.org\/tr\/#website","url":"https:\/\/exceladvisor.org\/tr\/","name":"Excel Advisor","description":"Veri hakimiyetine y\u00f6nelik nihai rehberiniz!","publisher":{"@id":"https:\/\/exceladvisor.org\/tr\/#organization"},"potentialAction":[{"@type":"SearchAction","target":{"@type":"EntryPoint","urlTemplate":"https:\/\/exceladvisor.org\/tr\/?s={search_term_string}"},"query-input":{"@type":"PropertyValueSpecification","valueRequired":true,"valueName":"search_term_string"}}],"inLanguage":"tr"},{"@type":"Organization","@id":"https:\/\/exceladvisor.org\/tr\/#organization","name":"Excel Advisor","url":"https:\/\/exceladvisor.org\/tr\/","logo":{"@type":"ImageObject","inLanguage":"tr","@id":"https:\/\/exceladvisor.org\/tr\/#\/schema\/logo\/image\/","url":"https:\/\/exceladvisor.org\/tr\/wp-content\/uploads\/2023\/12\/exceladvisor.org_.png","contentUrl":"https:\/\/exceladvisor.org\/tr\/wp-content\/uploads\/2023\/12\/exceladvisor.org_.png","width":105,"height":36,"caption":"Excel Advisor"},"image":{"@id":"https:\/\/exceladvisor.org\/tr\/#\/schema\/logo\/image\/"}}]}},"yoast_meta":{"yoast_wpseo_title":"","yoast_wpseo_metadesc":"","yoast_wpseo_canonical":""},"_links":{"self":[{"href":"https:\/\/exceladvisor.org\/tr\/wp-json\/wp\/v2\/pages\/1856","targetHints":{"allow":["GET"]}}],"collection":[{"href":"https:\/\/exceladvisor.org\/tr\/wp-json\/wp\/v2\/pages"}],"about":[{"href":"https:\/\/exceladvisor.org\/tr\/wp-json\/wp\/v2\/types\/page"}],"author":[{"embeddable":true,"href":"https:\/\/exceladvisor.org\/tr\/wp-json\/wp\/v2\/users\/1"}],"replies":[{"embeddable":true,"href":"https:\/\/exceladvisor.org\/tr\/wp-json\/wp\/v2\/comments?post=1856"}],"version-history":[{"count":1,"href":"https:\/\/exceladvisor.org\/tr\/wp-json\/wp\/v2\/pages\/1856\/revisions"}],"predecessor-version":[{"id":2605,"href":"https:\/\/exceladvisor.org\/tr\/wp-json\/wp\/v2\/pages\/1856\/revisions\/2605"}],"wp:attachment":[{"href":"https:\/\/exceladvisor.org\/tr\/wp-json\/wp\/v2\/media?parent=1856"}],"curies":[{"name":"wp","href":"https:\/\/api.w.org\/{rel}","templated":true}]}}