{"id":1857,"date":"2023-10-31T03:03:59","date_gmt":"2023-10-31T03:03:59","guid":{"rendered":"https:\/\/exceladvisor.org\/tr\/kenarlik-rengini-degistir\/"},"modified":"2023-12-10T06:01:25","modified_gmt":"2023-12-10T06:01:25","slug":"kenarlik-rengini-degistir","status":"publish","type":"page","link":"https:\/\/exceladvisor.org\/tr\/kenarlik-rengini-degistir\/","title":{"rendered":"Excel&#39;de kenarl\u0131k rengi nas\u0131l de\u011fi\u015ftirilir?"},"content":{"rendered":"<div class=\"excel-icerikten-once\" id=\"excel-1821643771\"><script type=\"text\/javascript\">\r\n\tatOptions = {\r\n\t\t'key' : 'c1158f160081d6540a8409e6925dab94',\r\n\t\t'format' : 'iframe',\r\n\t\t'height' : 250,\r\n\t\t'width' : 300,\r\n\t\t'params' : {}\r\n\t};\r\n<\/script>\r\n<script type=\"text\/javascript\" src=\"\/\/www.highperformanceformat.com\/c1158f160081d6540a8409e6925dab94\/invoke.js\"><\/script><\/div> <p>Excel&#8217;de h\u00fccre kenarl\u0131\u011f\u0131 rengi varsay\u0131lan olarak gridir ve se\u00e7ti\u011finiz alana kolayca siyah renkli kenarl\u0131k ekleyebilirsiniz. Ancak bazen farkl\u0131 bir kenarl\u0131k rengine sahip olman\u0131z gerekir.<\/p><p> Bu \u00f6\u011freticide, se\u00e7ili h\u00fccrelerin kenarl\u0131k rengini de\u011fi\u015ftirmeye ve t\u00fcm \u00e7al\u0131\u015fma sayfas\u0131ndaki (\u0131zgara) t\u00fcm h\u00fccrelerin rengini de\u011fi\u015ftirmeye y\u00f6nelik h\u0131zl\u0131 ad\u0131mlara bakaca\u011f\u0131z.<\/p><h2 class=\"wp-block-heading\"> \u015eerit Kenarl\u0131\u011f\u0131 Rengini De\u011fi\u015ftirme Ad\u0131mlar\u0131<\/h2><p> Baz\u0131 durumlarda h\u00fccre kenarl\u0131\u011f\u0131 rengini de\u011fi\u015ftirmek istersiniz ve bunu de\u011fi\u015ftirmenin ilk yolu kenarl\u0131k a\u00e7\u0131l\u0131r listesini kullanmakt\u0131r.<\/p><ol><li> \u00d6ncelikle Giri\u015f sekmesine gidin ve Yaz\u0131 Tipi grubunda T\u00fcm Kenarl\u0131klar a\u00e7\u0131l\u0131r men\u00fcs\u00fcne t\u0131klay\u0131n.<\/li><li> Bundan sonra bir se\u00e7enekler listesi alacaks\u0131n\u0131z ve ard\u0131ndan oradan bir \u00e7izgi rengi se\u00e7eceksiniz. <br><img loading=\"lazy\" decoding=\"async\" title=\"1-kenarl\u0131k-a\u015fa\u011f\u0131-a\u015fa\u011f\u0131-se\u00e7im-\u00e7izgi-rengi\" src=\"https:\/\/exceladvisor.org\/wp-content\/uploads\/2023\/08\/1-bordure-deroulante-selectionner-la-couleur-de-la-ligne.png\" sizes=\"auto, \" srcset=\"\" alt=\"border-drop-down-select-line-color\" width=\"441\" height=\"515\"><\/li><li> \u015eimdi farkl\u0131 renk se\u00e7eneklerinin oldu\u011fu bir liste g\u00f6r\u00fcnecek ve istedi\u011finiz rengi se\u00e7ebilirsiniz. <br><img loading=\"lazy\" decoding=\"async\" title=\"2-renk listesi-birini se\u00e7\" src=\"https:\/\/exceladvisor.org\/wp-content\/uploads\/2023\/08\/2-liste-de-couleur-choisir-un.png\" sizes=\"auto, \" srcset=\"\" alt=\"list-of-color-choose-one\" width=\"429\" height=\"317\"><\/li><li> Rengi se\u00e7tikten sonra imlecinizin \u00e7izim kalemine d\u00f6n\u00fc\u015ft\u00fc\u011f\u00fcn\u00fc g\u00f6rebilirsiniz.<\/li><li> Art\u0131k istedi\u011finiz h\u00fccrelerin kenarl\u0131\u011f\u0131n\u0131 se\u00e7ilen renkle kalem kullanarak \u00e7izebilirsiniz.<\/li><\/ol><p> G\u00f6rd\u00fc\u011f\u00fcn\u00fcz gibi \u00fcst sat\u0131r\u0131n kenar rengi de\u011fi\u015fti. <\/p><div class=\"wp-block-image\"><figure class=\"aligncenter size-full is-resized\"><img loading=\"lazy\" decoding=\"async\" class=\"wp-image-78010\" src=\"https:\/\/exceladvisor.org\/wp-content\/uploads\/2023\/08\/3-bordure-de-la-rangee-du-haut-a-change.png\" sizes=\"auto, \" srcset=\"\" alt=\"\u00fcst \u00e7izginin s\u0131n\u0131r\u0131 de\u011fi\u015fti\" width=\"390\" height=\"220\"><\/figure><\/div><p class=\"qt-tip\"> Not: Bu y\u00f6ntemi kullanarak \u00f6nce h\u00fccreleri se\u00e7meden kenarl\u0131k rengini de\u011fi\u015ftirebilirsiniz.<\/p><h2 class=\"wp-block-heading\"> H\u00fccreleri Bi\u00e7imlendir se\u00e7ene\u011fini kullanarak kenarl\u0131k rengini de\u011fi\u015ftirme<\/h2><p> H\u00fccreleri Bi\u00e7imlendir ileti\u015fim kutusunda kenarl\u0131k rengini de\u011fi\u015ftirmek i\u00e7in birka\u00e7 ad\u0131m vard\u0131r.<\/p><ol><li> Bu y\u00f6ntemde kenarl\u0131k renklerini de\u011fi\u015ftirmek istedi\u011finiz h\u00fccre aral\u0131\u011f\u0131n\u0131 se\u00e7meniz gerekmektedir.<\/li><li> Bundan sonra se\u00e7ilen h\u00fccrelere sa\u011f t\u0131klay\u0131n ve H\u00fccreleri Bi\u00e7imlendir se\u00e7ene\u011fini se\u00e7in. <br><img loading=\"lazy\" decoding=\"async\" title=\"4-se\u00e7ilen h\u00fccreye sa\u011f t\u0131klayarak h\u00fccreleri bi\u00e7imlendirin\" src=\"https:\/\/exceladvisor.org\/wp-content\/uploads\/2023\/08\/4-selectionnez-les-cellules-de-format-par-un-clic-droit-sur-la-cellule-selectionnee.png\" sizes=\"auto, \" srcset=\"\" alt=\"select-format-cells-by-right-click-on-selected-cell\" width=\"472\" height=\"335\"><\/li><li> H\u00fccreleri Bi\u00e7imlendir ileti\u015fim kutusu a\u00e7\u0131kken, kenarl\u0131k h\u00fccresi rengini \u00f6zelle\u015ftirmek i\u00e7in Kenarl\u0131k sekmesine t\u0131klay\u0131n.<\/li><li> \u015eimdi renk a\u00e7\u0131l\u0131r listesine t\u0131klay\u0131n ve h\u00fccre kenarl\u0131\u011f\u0131n\u0131 de\u011fi\u015ftirmek i\u00e7in a\u015fa\u011f\u0131daki listeden rengi se\u00e7in. <br><img loading=\"lazy\" decoding=\"async\" title=\"\u0130leti\u015fim kutusu 5-herhangi bir renkteki formattaki h\u00fccreleri se\u00e7in\" src=\"https:\/\/exceladvisor.org\/wp-content\/uploads\/2023\/08\/5-choisissez-nimporte-quelle-couleur-dans-la-boite-de-dialogue-Formater-les-cellules.png\" sizes=\"auto, \" srcset=\"\" alt=\"pick-any-color-from-format-cells-dialog-box\" width=\"463\" height=\"459\"><\/li><li> Ard\u0131ndan en iyi \u00f6n ayarlardan kenarl\u0131k stillerinden birini se\u00e7in.<\/li><li> Kenarl\u0131k ve renk ayarlar\u0131n\u0131 de\u011fi\u015ftirdikten sonra uygulamak i\u00e7in tamam butonuna t\u0131klay\u0131n. <br><img loading=\"lazy\" decoding=\"async\" title=\"6 \u00f6n ayardan kenarl\u0131k se\u00e7imi\" src=\"https:\/\/exceladvisor.org\/wp-content\/uploads\/2023\/08\/6-selectionner-la-bordure-a-partir-des-prereglages.png\" sizes=\"auto, \" srcset=\"\" alt=\"select-border-from-presets\" width=\"446\" height=\"434\"><\/li><li> Sonunda \u00e7al\u0131\u015fma sayfas\u0131ndaki C s\u00fctununun se\u00e7ilen h\u00fccrelerinin kenarl\u0131k renginin siyahtan k\u0131rm\u0131z\u0131ya d\u00f6nd\u00fc\u011f\u00fcn\u00fc g\u00f6rebilirsiniz. <br><img loading=\"lazy\" decoding=\"async\" title=\"7-C s\u00fctununun kenar rengini de\u011fi\u015ftirin\" src=\"https:\/\/exceladvisor.org\/wp-content\/uploads\/2023\/08\/7-changer-la-couleur-de-la-bordure-des-cellules-de-la-colonne-c.png\" sizes=\"auto, \" srcset=\"\" alt=\"change-border-color-of-column-C-cells\" width=\"343\" height=\"192\"><\/li><\/ol><h2 class=\"wp-block-heading\"> Kenarl\u0131k olarak kullanmak i\u00e7in \u0131zgara rengini de\u011fi\u015ftirme<\/h2><p> Bir \u00e7al\u0131\u015fma sayfas\u0131nda kenarl\u0131k kullanmak istemiyorsan\u0131z, ba\u015fka bir kullan\u0131\u015fl\u0131 se\u00e7enek daha vard\u0131r: \u00e7al\u0131\u015fma sayfas\u0131n\u0131n tamam\u0131 i\u00e7in \u0131zgara rengini de\u011fi\u015ftirin.<\/p><p> Bu y\u00f6ntemle, a\u015fa\u011f\u0131daki ad\u0131mlar\u0131 izleyerek belirli say\u0131da h\u00fccre se\u00e7mek yerine t\u00fcm \u00e7al\u0131\u015fma sayfas\u0131n\u0131n \u0131zgara rengini de\u011fi\u015ftirebilirsiniz:<\/p><ol><li> \u00d6ncelikle Dosya sekmesine t\u0131klay\u0131n ve Di\u011fer&#8217;den Se\u00e7enekler&#8217;i se\u00e7in. <br><img loading=\"lazy\" decoding=\"async\" title=\"8 t\u0131klamayla dosya se\u00e7me se\u00e7enekleri\" src=\"https:\/\/exceladvisor.org\/wp-content\/uploads\/2023\/08\/8-cliquez-sur-le-fichier-choisissez-les-options.png\" sizes=\"auto, \" srcset=\"\" alt=\"click-on-file-choose-options\" width=\"452\" height=\"461\"><\/li><li> <a href=\"https:\/\/exceladvisor.org\/tr\/secenekler\/\">Excel Se\u00e7enekleri<\/a> penceresi g\u00f6r\u00fcnecektir, ard\u0131ndan men\u00fcden Geli\u015fmi\u015f se\u00e7ene\u011fine t\u0131klay\u0131n.<\/li><li> \u015eimdi sa\u011f taraftaki se\u00e7enekler listesini a\u015fa\u011f\u0131 kayd\u0131r\u0131n ve bu e-tablonun g\u00f6r\u00fcnt\u00fcleme se\u00e7eneklerine g\u00f6z at\u0131n.<\/li><li> \u0130\u00e7inde Izgaray\u0131 G\u00f6ster kategorisi alt\u0131nda Izgara Rengi se\u00e7ene\u011fini g\u00f6receksiniz. <br><img loading=\"lazy\" decoding=\"async\" title=\"9'lu Excel se\u00e7enekleri-ileti\u015fim kutusu-se\u00e7im-geli\u015fmi\u015f-ayarlar\" src=\"https:\/\/exceladvisor.org\/wp-content\/uploads\/2023\/08\/9-dans-la-boite-de-dialogue-des-options-Excel-selectionnez-les-parametres-avances.png\" sizes=\"auto, \" srcset=\"\" alt=\"in-Excel-options-dialog-box-select-advanced-settings\" width=\"556\" height=\"302\"><\/li><li> \u0130stedi\u011finiz rengi se\u00e7mek i\u00e7in Izgara Rengi a\u00e7\u0131l\u0131r listesine t\u0131klay\u0131n ve ard\u0131ndan Tamam&#8217;a bas\u0131n. <br><img loading=\"lazy\" decoding=\"async\" title=\"10-k\u0131lavuz \u00e7izgisi rengini se\u00e7in ve t\u0131klay\u0131n-tamam\" src=\"https:\/\/exceladvisor.org\/wp-content\/uploads\/2023\/08\/10-selectionnez-la-couleur-du-quadrillage-et-cliquez-sur-OK.png\" sizes=\"auto, \" srcset=\"\" alt=\"select-gridline-color-and-click-ok\" width=\"531\" height=\"337\"><\/li><li> Son olarak t\u00fcm \u00e7al\u0131\u015fma sayfas\u0131n\u0131n kenarl\u0131k renginin k\u0131rm\u0131z\u0131ya d\u00f6n\u00fc\u015ft\u00fc\u011f\u00fcn\u00fc g\u00f6rebilirsiniz. <br><img loading=\"lazy\" decoding=\"async\" title=\"11-yapra\u011f\u0131n tamam\u0131n\u0131n \u0131zgara \u00e7izgisi rengi de\u011fi\u015fti\" src=\"https:\/\/exceladvisor.org\/wp-content\/uploads\/2023\/08\/11-la-couleur-du-quadrillage-de-la-feuille-entiere-a-change.png\" sizes=\"auto, \" srcset=\"\" alt=\"gridline-color-of-entire-sheet-has-changed\" width=\"381\" height=\"198\"><\/li><\/ol><div class=\"gb-container gb-container-4db6181c gb-container-mt\"> <a class=\"gb-button gb-button-c5897111 gb-button-text gb-button-mt-button\" href=\"https:\/\/exceladvisor.org\/tr\/excelin-temelleri\/\">Microsoft Excel Temelleri (Bile\u015fenler, Par\u00e7alar ve Bilgi Notlar\u0131)<\/a><h2 class=\"gb-headline gb-headline-665e5f6b gb-headline-text gb-headline-mt-heading\"> \u0130lgili e\u011fitimler <\/h2><div class=\"gb-grid-wrapper gb-grid-wrapper-a20baf7c gb-grid-wrapper-mt-grid\"><div class=\"gb-grid-column gb-grid-column-65ddf67e\"><div class=\"gb-container gb-container-65ddf67e\"><ul><li> <a href=\"https:\/\/exceladvisor.org\/tr\/muhasebe-numarasi-formati\/\">Excel&#8217;de muhasebe numaras\u0131 bi\u00e7imini uygulama<\/a><\/li><li> <a href=\"https:\/\/exceladvisor.org\/tr\/hucre-rengi\/\">Excel&#8217;de bir h\u00fccreye veya sayfan\u0131n tamam\u0131na arka plan rengi uygulama<\/a><\/li><li> <a href=\"https:\/\/exceladvisor.org\/tr\/izgara\/\">Excel k\u0131lavuz \u00e7izgilerini yazd\u0131r\u0131n (silin, k\u0131salt\u0131n ve rengi de\u011fi\u015ftirin)<\/a><\/li><li> <a href=\"https:\/\/exceladvisor.org\/tr\/sayfa-numarasi-ekle\/\">Excel&#8217;de sayfa numaras\u0131 ekleme<\/a><\/li><li> <a href=\"https:\/\/exceladvisor.org\/tr\/virgul-stilini-uygula\/\">Excel&#8217;de virg\u00fcl stilini uygulama<\/a> <\/li><\/ul><\/div><\/div><div class=\"gb-grid-column gb-grid-column-50067b57\"><div class=\"gb-container gb-container-50067b57\"><\/div><\/div><\/div><\/div>","protected":false},"excerpt":{"rendered":"","protected":false},"author":1,"featured_media":0,"parent":0,"menu_order":0,"comment_status":"open","ping_status":"closed","template":"","meta":{"ub_ctt_via":"","footnotes":""},"class_list":["post-1857","page","type-page","status-publish","hentry"],"featured_image_src":null,"yoast_head":"<!-- This site is optimized with the Yoast SEO plugin v25.4 - https:\/\/yoast.com\/wordpress\/plugins\/seo\/ -->\n<title>\u25b7 Excel&#039;de kenarl\u0131k rengi nas\u0131l de\u011fi\u015ftirilir?<\/title>\n<meta name=\"description\" content=\"Bu derste, se\u00e7ilen h\u00fccrelerin kenarl\u0131k rengini de\u011fi\u015ftirmenin yan\u0131 s\u0131ra kenarl\u0131k rengini de\u011fi\u015ftirme ad\u0131mlar\u0131na da bakaca\u011f\u0131z.\" \/>\n<meta name=\"robots\" content=\"index, follow, max-snippet:-1, max-image-preview:large, max-video-preview:-1\" \/>\n<link rel=\"canonical\" href=\"https:\/\/exceladvisor.org\/tr\/kenarlik-rengini-degistir\/\" \/>\n<meta property=\"og:locale\" content=\"tr_TR\" \/>\n<meta property=\"og:type\" content=\"article\" \/>\n<meta property=\"og:title\" content=\"\u25b7 Excel&#039;de kenarl\u0131k rengi nas\u0131l de\u011fi\u015ftirilir?\" \/>\n<meta property=\"og:description\" content=\"Bu derste, se\u00e7ilen h\u00fccrelerin kenarl\u0131k rengini de\u011fi\u015ftirmenin yan\u0131 s\u0131ra kenarl\u0131k rengini de\u011fi\u015ftirme ad\u0131mlar\u0131na da bakaca\u011f\u0131z.\" \/>\n<meta property=\"og:url\" content=\"https:\/\/exceladvisor.org\/tr\/kenarlik-rengini-degistir\/\" \/>\n<meta property=\"og:site_name\" content=\"Excel Advisor\" \/>\n<meta property=\"article:modified_time\" content=\"2023-12-10T06:01:25+00:00\" \/>\n<meta property=\"og:image\" content=\"https:\/\/exceladvisor.org\/wp-content\/uploads\/2023\/08\/1-bordure-deroulante-selectionner-la-couleur-de-la-ligne.png\" \/>\n<meta name=\"twitter:card\" content=\"summary_large_image\" \/>\n<meta name=\"twitter:label1\" content=\"Tahmini okuma s\u00fcresi\" \/>\n\t<meta name=\"twitter:data1\" content=\"3 dakika\" \/>\n<script type=\"application\/ld+json\" class=\"yoast-schema-graph\">{\"@context\":\"https:\/\/schema.org\",\"@graph\":[{\"@type\":\"WebPage\",\"@id\":\"https:\/\/exceladvisor.org\/tr\/kenarlik-rengini-degistir\/\",\"url\":\"https:\/\/exceladvisor.org\/tr\/kenarlik-rengini-degistir\/\",\"name\":\"\u25b7 Excel&#39;de kenarl\u0131k rengi nas\u0131l de\u011fi\u015ftirilir?\",\"isPartOf\":{\"@id\":\"https:\/\/exceladvisor.org\/tr\/#website\"},\"primaryImageOfPage\":{\"@id\":\"https:\/\/exceladvisor.org\/tr\/kenarlik-rengini-degistir\/#primaryimage\"},\"image\":{\"@id\":\"https:\/\/exceladvisor.org\/tr\/kenarlik-rengini-degistir\/#primaryimage\"},\"thumbnailUrl\":\"https:\/\/exceladvisor.org\/wp-content\/uploads\/2023\/08\/1-bordure-deroulante-selectionner-la-couleur-de-la-ligne.png\",\"datePublished\":\"2023-10-31T03:03:59+00:00\",\"dateModified\":\"2023-12-10T06:01:25+00:00\",\"description\":\"Bu derste, se\u00e7ilen h\u00fccrelerin kenarl\u0131k rengini de\u011fi\u015ftirmenin yan\u0131 s\u0131ra kenarl\u0131k rengini de\u011fi\u015ftirme ad\u0131mlar\u0131na da bakaca\u011f\u0131z.\",\"breadcrumb\":{\"@id\":\"https:\/\/exceladvisor.org\/tr\/kenarlik-rengini-degistir\/#breadcrumb\"},\"inLanguage\":\"tr\",\"potentialAction\":[{\"@type\":\"ReadAction\",\"target\":[\"https:\/\/exceladvisor.org\/tr\/kenarlik-rengini-degistir\/\"]}]},{\"@type\":\"ImageObject\",\"inLanguage\":\"tr\",\"@id\":\"https:\/\/exceladvisor.org\/tr\/kenarlik-rengini-degistir\/#primaryimage\",\"url\":\"https:\/\/exceladvisor.org\/wp-content\/uploads\/2023\/08\/1-bordure-deroulante-selectionner-la-couleur-de-la-ligne.png\",\"contentUrl\":\"https:\/\/exceladvisor.org\/wp-content\/uploads\/2023\/08\/1-bordure-deroulante-selectionner-la-couleur-de-la-ligne.png\"},{\"@type\":\"BreadcrumbList\",\"@id\":\"https:\/\/exceladvisor.org\/tr\/kenarlik-rengini-degistir\/#breadcrumb\",\"itemListElement\":[{\"@type\":\"ListItem\",\"position\":1,\"name\":\"Ev\",\"item\":\"https:\/\/exceladvisor.org\/tr\/\"},{\"@type\":\"ListItem\",\"position\":2,\"name\":\"Excel&#39;de kenarl\u0131k rengi nas\u0131l de\u011fi\u015ftirilir?\"}]},{\"@type\":\"WebSite\",\"@id\":\"https:\/\/exceladvisor.org\/tr\/#website\",\"url\":\"https:\/\/exceladvisor.org\/tr\/\",\"name\":\"Excel Advisor\",\"description\":\"Veri hakimiyetine y\u00f6nelik nihai rehberiniz!\",\"publisher\":{\"@id\":\"https:\/\/exceladvisor.org\/tr\/#organization\"},\"potentialAction\":[{\"@type\":\"SearchAction\",\"target\":{\"@type\":\"EntryPoint\",\"urlTemplate\":\"https:\/\/exceladvisor.org\/tr\/?s={search_term_string}\"},\"query-input\":{\"@type\":\"PropertyValueSpecification\",\"valueRequired\":true,\"valueName\":\"search_term_string\"}}],\"inLanguage\":\"tr\"},{\"@type\":\"Organization\",\"@id\":\"https:\/\/exceladvisor.org\/tr\/#organization\",\"name\":\"Excel Advisor\",\"url\":\"https:\/\/exceladvisor.org\/tr\/\",\"logo\":{\"@type\":\"ImageObject\",\"inLanguage\":\"tr\",\"@id\":\"https:\/\/exceladvisor.org\/tr\/#\/schema\/logo\/image\/\",\"url\":\"https:\/\/exceladvisor.org\/tr\/wp-content\/uploads\/2023\/12\/exceladvisor.org_.png\",\"contentUrl\":\"https:\/\/exceladvisor.org\/tr\/wp-content\/uploads\/2023\/12\/exceladvisor.org_.png\",\"width\":105,\"height\":36,\"caption\":\"Excel Advisor\"},\"image\":{\"@id\":\"https:\/\/exceladvisor.org\/tr\/#\/schema\/logo\/image\/\"}}]}<\/script>\n<!-- \/ Yoast SEO plugin. -->","yoast_head_json":{"title":"\u25b7 Excel&#39;de kenarl\u0131k rengi nas\u0131l de\u011fi\u015ftirilir?","description":"Bu derste, se\u00e7ilen h\u00fccrelerin kenarl\u0131k rengini de\u011fi\u015ftirmenin yan\u0131 s\u0131ra kenarl\u0131k rengini de\u011fi\u015ftirme ad\u0131mlar\u0131na da bakaca\u011f\u0131z.","robots":{"index":"index","follow":"follow","max-snippet":"max-snippet:-1","max-image-preview":"max-image-preview:large","max-video-preview":"max-video-preview:-1"},"canonical":"https:\/\/exceladvisor.org\/tr\/kenarlik-rengini-degistir\/","og_locale":"tr_TR","og_type":"article","og_title":"\u25b7 Excel&#39;de kenarl\u0131k rengi nas\u0131l de\u011fi\u015ftirilir?","og_description":"Bu derste, se\u00e7ilen h\u00fccrelerin kenarl\u0131k rengini de\u011fi\u015ftirmenin yan\u0131 s\u0131ra kenarl\u0131k rengini de\u011fi\u015ftirme ad\u0131mlar\u0131na da bakaca\u011f\u0131z.","og_url":"https:\/\/exceladvisor.org\/tr\/kenarlik-rengini-degistir\/","og_site_name":"Excel Advisor","article_modified_time":"2023-12-10T06:01:25+00:00","og_image":[{"url":"https:\/\/exceladvisor.org\/wp-content\/uploads\/2023\/08\/1-bordure-deroulante-selectionner-la-couleur-de-la-ligne.png","type":"","width":"","height":""}],"twitter_card":"summary_large_image","twitter_misc":{"Tahmini okuma s\u00fcresi":"3 dakika"},"schema":{"@context":"https:\/\/schema.org","@graph":[{"@type":"WebPage","@id":"https:\/\/exceladvisor.org\/tr\/kenarlik-rengini-degistir\/","url":"https:\/\/exceladvisor.org\/tr\/kenarlik-rengini-degistir\/","name":"\u25b7 Excel&#39;de kenarl\u0131k rengi nas\u0131l de\u011fi\u015ftirilir?","isPartOf":{"@id":"https:\/\/exceladvisor.org\/tr\/#website"},"primaryImageOfPage":{"@id":"https:\/\/exceladvisor.org\/tr\/kenarlik-rengini-degistir\/#primaryimage"},"image":{"@id":"https:\/\/exceladvisor.org\/tr\/kenarlik-rengini-degistir\/#primaryimage"},"thumbnailUrl":"https:\/\/exceladvisor.org\/wp-content\/uploads\/2023\/08\/1-bordure-deroulante-selectionner-la-couleur-de-la-ligne.png","datePublished":"2023-10-31T03:03:59+00:00","dateModified":"2023-12-10T06:01:25+00:00","description":"Bu derste, se\u00e7ilen h\u00fccrelerin kenarl\u0131k rengini de\u011fi\u015ftirmenin yan\u0131 s\u0131ra kenarl\u0131k rengini de\u011fi\u015ftirme ad\u0131mlar\u0131na da bakaca\u011f\u0131z.","breadcrumb":{"@id":"https:\/\/exceladvisor.org\/tr\/kenarlik-rengini-degistir\/#breadcrumb"},"inLanguage":"tr","potentialAction":[{"@type":"ReadAction","target":["https:\/\/exceladvisor.org\/tr\/kenarlik-rengini-degistir\/"]}]},{"@type":"ImageObject","inLanguage":"tr","@id":"https:\/\/exceladvisor.org\/tr\/kenarlik-rengini-degistir\/#primaryimage","url":"https:\/\/exceladvisor.org\/wp-content\/uploads\/2023\/08\/1-bordure-deroulante-selectionner-la-couleur-de-la-ligne.png","contentUrl":"https:\/\/exceladvisor.org\/wp-content\/uploads\/2023\/08\/1-bordure-deroulante-selectionner-la-couleur-de-la-ligne.png"},{"@type":"BreadcrumbList","@id":"https:\/\/exceladvisor.org\/tr\/kenarlik-rengini-degistir\/#breadcrumb","itemListElement":[{"@type":"ListItem","position":1,"name":"Ev","item":"https:\/\/exceladvisor.org\/tr\/"},{"@type":"ListItem","position":2,"name":"Excel&#39;de kenarl\u0131k rengi nas\u0131l de\u011fi\u015ftirilir?"}]},{"@type":"WebSite","@id":"https:\/\/exceladvisor.org\/tr\/#website","url":"https:\/\/exceladvisor.org\/tr\/","name":"Excel Advisor","description":"Veri hakimiyetine y\u00f6nelik nihai rehberiniz!","publisher":{"@id":"https:\/\/exceladvisor.org\/tr\/#organization"},"potentialAction":[{"@type":"SearchAction","target":{"@type":"EntryPoint","urlTemplate":"https:\/\/exceladvisor.org\/tr\/?s={search_term_string}"},"query-input":{"@type":"PropertyValueSpecification","valueRequired":true,"valueName":"search_term_string"}}],"inLanguage":"tr"},{"@type":"Organization","@id":"https:\/\/exceladvisor.org\/tr\/#organization","name":"Excel Advisor","url":"https:\/\/exceladvisor.org\/tr\/","logo":{"@type":"ImageObject","inLanguage":"tr","@id":"https:\/\/exceladvisor.org\/tr\/#\/schema\/logo\/image\/","url":"https:\/\/exceladvisor.org\/tr\/wp-content\/uploads\/2023\/12\/exceladvisor.org_.png","contentUrl":"https:\/\/exceladvisor.org\/tr\/wp-content\/uploads\/2023\/12\/exceladvisor.org_.png","width":105,"height":36,"caption":"Excel Advisor"},"image":{"@id":"https:\/\/exceladvisor.org\/tr\/#\/schema\/logo\/image\/"}}]}},"yoast_meta":{"yoast_wpseo_title":"","yoast_wpseo_metadesc":"","yoast_wpseo_canonical":""},"_links":{"self":[{"href":"https:\/\/exceladvisor.org\/tr\/wp-json\/wp\/v2\/pages\/1857","targetHints":{"allow":["GET"]}}],"collection":[{"href":"https:\/\/exceladvisor.org\/tr\/wp-json\/wp\/v2\/pages"}],"about":[{"href":"https:\/\/exceladvisor.org\/tr\/wp-json\/wp\/v2\/types\/page"}],"author":[{"embeddable":true,"href":"https:\/\/exceladvisor.org\/tr\/wp-json\/wp\/v2\/users\/1"}],"replies":[{"embeddable":true,"href":"https:\/\/exceladvisor.org\/tr\/wp-json\/wp\/v2\/comments?post=1857"}],"version-history":[{"count":1,"href":"https:\/\/exceladvisor.org\/tr\/wp-json\/wp\/v2\/pages\/1857\/revisions"}],"predecessor-version":[{"id":2519,"href":"https:\/\/exceladvisor.org\/tr\/wp-json\/wp\/v2\/pages\/1857\/revisions\/2519"}],"wp:attachment":[{"href":"https:\/\/exceladvisor.org\/tr\/wp-json\/wp\/v2\/media?parent=1857"}],"curies":[{"name":"wp","href":"https:\/\/api.w.org\/{rel}","templated":true}]}}