{"id":1858,"date":"2023-10-31T02:53:41","date_gmt":"2023-10-31T02:53:41","guid":{"rendered":"https:\/\/exceladvisor.org\/tr\/kamis\/"},"modified":"2023-12-10T06:03:52","modified_gmt":"2023-12-10T06:03:52","slug":"kamis","status":"publish","type":"page","link":"https:\/\/exceladvisor.org\/tr\/kamis\/","title":{"rendered":"Excel&#39;in herhangi bir yerinde \u00fcst\u00fc \u00e7izili nas\u0131l uygulan\u0131r?"},"content":{"rendered":"<div class=\"excel-icerikten-once\" id=\"excel-2644644387\"><script type=\"text\/javascript\">\r\n\tatOptions = {\r\n\t\t'key' : 'c1158f160081d6540a8409e6925dab94',\r\n\t\t'format' : 'iframe',\r\n\t\t'height' : 250,\r\n\t\t'width' : 300,\r\n\t\t'params' : {}\r\n\t};\r\n<\/script>\r\n<script type=\"text\/javascript\" src=\"\/\/www.highperformanceformat.com\/c1158f160081d6540a8409e6925dab94\/invoke.js\"><\/script><\/div> <p>Birka\u00e7 g\u00fcn \u00f6nce, tamamlanm\u0131\u015f g\u00f6revler i\u00e7in <a style=\"outline: none;\" href=\"https:\/\/exceladvisor.org\/tr\/onay-isareti-2\/\" data-wpil=\"url\">Excel&#8217;de onay i\u015fareti<\/a> eklemenin farkl\u0131 yollar\u0131 hakk\u0131nda yazm\u0131\u015ft\u0131m. Ancak bunlar ayn\u0131 zamanda kullanabilece\u011fimiz ba\u015fka bir \u015feydir:<\/p><p> \u279c <strong>\u00dczeri \u00e7izili<\/strong><\/p><p> Bu, h\u00fccredeki bir de\u011fer boyunca \u00e7izgi \u00e7izmek anlam\u0131na gelir. Microsoft Word&#8217;de metnin \u00fczerini \u00e7izme se\u00e7ene\u011fi \u015eerit&#8217;in Giri\u015f sekmesindedir. Bu y\u00fczden uygulanmas\u0131 \u00e7ok kolayd\u0131r.<\/p><p> Excel&#8217;de, bir h\u00fccreye \u00fcst\u00fc \u00e7izili uygulama konusunda do\u011frudan bir se\u00e7ene\u011fimiz yoktur. \u015eeritte hi\u00e7bir d\u00fc\u011fme veya se\u00e7enek mevcut de\u011fil. Ancak bu, bunu yapamayaca\u011f\u0131m\u0131z anlam\u0131na gelmiyor.<\/p><p> Asl\u0131nda bunun i\u00e7in birden fazla y\u00f6ntemimiz var. O y\u00fczden bug\u00fcn bu yaz\u0131mda Excel&#8217;de \u00fcst\u00fc \u00e7izili uygulamak i\u00e7in kullanabilece\u011finiz 5 farkl\u0131 y\u00f6ntemi sizlerle payla\u015fmak istiyorum.<\/p><h2 id=\"tab-con-3\" class=\"wp-block-heading\"> 1. H\u00fccreye \u00fcst \u00e7izgi uygulamak i\u00e7in kullan\u0131lan k\u0131sayol tu\u015fu<\/h2><p> Diyelim ki aceleniz var ve zaman kaybetmek istemiyorsunuz, o zaman klavye k\u0131sayolu sizin i\u00e7in m\u00fckemmel bir se\u00e7enek. Bir h\u00fccreye \u00fcst\u00fc \u00e7izili uygulamak i\u00e7in \u015funlar\u0131 kullanabilirsiniz: <\/p><div class=\"wp-block-image\"><figure class=\"aligncenter\"><img decoding=\"async\" src=\"https:\/\/exceladvisor.org\/wp-content\/uploads\/2023\/08\/raccourci-clavier-barre-windows-excel-1.png\" sizes=\"\" srcset=\"\" alt=\"engelli klavye k\u0131sayolu windows excel\"><\/figure><\/div><p> Mac kullan\u0131yorsan\u0131z <a href=\"https:\/\/exceladvisor.org\/tr\/klavye-kisayollari\/\">k\u0131sayol tu\u015funu<\/a> kullanabilirsiniz: <\/p><div class=\"wp-block-image\"><figure class=\"aligncenter\"><img decoding=\"async\" src=\"https:\/\/exceladvisor.org\/wp-content\/uploads\/2023\/08\/raccourci-clavier-barre-mac-excel-1.png\" sizes=\"\" srcset=\"\" alt=\"\u00e7ubuklu klavye k\u0131sayolu mac excel\"><\/figure><\/div><p> Ama i\u015fte vurucu nokta:<\/p><p> Bunu h\u00fccredeki metnin belirli bir b\u00f6l\u00fcm\u00fcne uygulamak istiyorsan\u0131z h\u00fccreyi d\u00fczenleyebilir, metnin yaln\u0131zca o b\u00f6l\u00fcm\u00fcn\u00fc se\u00e7ip k\u0131sayol tu\u015funu kullanabilirsiniz.<\/p><p> Ve bunu birden fazla h\u00fccreye uygulamak istiyorsan\u0131z aral\u0131\u011f\u0131n tamam\u0131n\u0131 se\u00e7in veya <a style=\"outline: none;\" href=\"https:\/\/exceladvisor.org\/tr\/bitisik-olmayan-hucreleri-sec\/\" data-wpel-link=\"internal\">s\u00fcrekli olmayan h\u00fccre aral\u0131\u011f\u0131n\u0131 se\u00e7in<\/a> ve ard\u0131ndan k\u0131sayolu kullan\u0131n.<\/p><h2 id=\"tab-con-4\" class=\"wp-block-heading\"> 2. QAT&#8217;a \u00fcst\u00fc \u00e7izili bir d\u00fc\u011fme ekleyin<\/h2><p> Merak ediyor olabilirsiniz. Evet, do\u011fru, \u00fcst\u00fc \u00e7izili i\u00e7in QAT&#8217;a bir d\u00fc\u011fme ekleyebilir ve ard\u0131ndan her seferinde tek bir t\u0131klama ekleyebiliriz. \u0130\u015fte bu benzersiz kurulumun ad\u0131mlar\u0131.<\/p><ol><li> \u00d6ncelikle Dosya \u279c Se\u00e7enekler \u279c <a href=\"https:\/\/exceladvisor.org\/tr\/hizli-erisim-cubugu\/\" data-wpel-link=\"internal\">H\u0131zl\u0131 Eri\u015fim Ara\u00e7 \u00c7ubu\u011fu&#8217;na<\/a> gidin. <br><img loading=\"lazy\" decoding=\"async\" title=\"yasakl\u0131-excel-a\u00e7\u0131k-qat\" src=\"https:\/\/exceladvisor.org\/wp-content\/uploads\/2023\/08\/barre-excel-ouvert-qat-1.png\" sizes=\"auto, \" srcset=\"\" alt=\"\" width=\"249\" height=\"249\"><\/li><li> Bundan sonra, &#8220;Komutlar\u0131 se\u00e7&#8221; b\u00f6l\u00fcm\u00fcnde &#8220;\u015eeritte olmayan komutlar&#8221; se\u00e7ene\u011fini se\u00e7in.<\/li><li> \u015eimdi listeden \u201c\u00dcst \u00c7izgi\u201dyi se\u00e7in ve QAT&#8217;a ekleyin. <br><img loading=\"lazy\" decoding=\"async\" title=\"excel-kat'a-eklemenin \u00fczerini \u00e7izdim\" src=\"https:\/\/exceladvisor.org\/wp-content\/uploads\/2023\/08\/barre-excel-ajouter-a-qat-1.png\" sizes=\"auto, \" srcset=\"\" alt=\"\" width=\"461\" height=\"470\"><\/li><li> Tamam&#8217;\u0131 t\u0131klay\u0131n.<\/li><\/ol><p> Art\u0131k bir QAT simgeniz var ve tek t\u0131klamayla \u00fcst\u00fc \u00e7izili uygulayabilirsiniz. <\/p><div class=\"wp-block-image\"><figure class=\"aligncenter\"><img decoding=\"async\" src=\"https:\/\/exceladvisor.org\/wp-content\/uploads\/2023\/08\/barre-excel-qat-1.png\" sizes=\"\" srcset=\"\" alt=\"\"><\/figure><\/div><p> Bu d\u00fc\u011fme ayn\u0131 zamanda metnin belirli bir b\u00f6l\u00fcm\u00fcne ve birden \u00e7ok h\u00fccreye uygulamak istedi\u011finizde de \u00e7al\u0131\u015f\u0131r.<\/p><h2 id=\"tab-con-5\" class=\"wp-block-heading\"> 3. Bi\u00e7im se\u00e7ene\u011finden \u00fcst\u00fc \u00e7izili uygulay\u0131n<\/h2><p> Dedi\u011fim gibi Excel&#8217;de \u00fcst\u00fc \u00e7izili diye direkt bir se\u00e7enek yok ama asl\u0131nda format se\u00e7eneklerinden ula\u015fabilece\u011finiz bir se\u00e7enek var. Yapman\u0131z gereken \u015fey bu.<\/p><ol><li> Uygulamak istedi\u011finiz t\u00fcm h\u00fccreleri se\u00e7in.<\/li><li> Bi\u00e7im se\u00e7eneklerini a\u00e7mak i\u00e7in ctrl + 1 k\u0131sayol tu\u015funu kullan\u0131n.<\/li><li> Yaz\u0131 Tipi sekmesinde \u00dcst\u00fc \u00e7izili se\u00e7ene\u011fini i\u015faretleyin. <br><img loading=\"lazy\" decoding=\"async\" title=\"Excel format\u0131 se\u00e7ene\u011finin \u00fczeri \u00e7izildi\" src=\"https:\/\/exceladvisor.org\/wp-content\/uploads\/2023\/08\/option-de-format-Excel-barre-1.png\" sizes=\"auto, \" srcset=\"\" alt=\"\" width=\"484\" height=\"424\"><\/li><li> Tamam&#8217;\u0131 t\u0131klay\u0131n.<\/li><\/ol><p> Bu, di\u011fer se\u00e7eneklerle ayn\u0131 \u015fekilde \u00e7al\u0131\u015f\u0131r. Bunu birden \u00e7ok h\u00fccreye ve k\u0131smi metne uygulayabilirsiniz. <strong>En iyisini bilmek ister misiniz?<\/strong> Ayr\u0131ca \u015feridin herhangi bir yerinde bulunmayan di\u011fer bi\u00e7imlendirme se\u00e7eneklerine de ayn\u0131 \u015fekilde eri\u015febilirsiniz.<\/p><h2 id=\"tab-con-6\" class=\"wp-block-heading\"> 4. \u00dcst\u00fc \u00e7izili \u00e7izgiyi uygulamak i\u00e7in bir VBA kodu \u00e7al\u0131\u015ft\u0131r\u0131n<\/h2><p> Makro kodlar\u0131 bir cazibe gibi \u00e7al\u0131\u015f\u0131r ve \u00fcst\u00fc \u00e7izili olarak bir VBA kullanmak istiyorsan\u0131z i\u015fte size g\u00f6re kod.<\/p><pre class=\"wp-block-code\"> <code class=\"language-visual-basic line-numbers\" lang=\"visual-basic\">Sub addstrikethrough() Dim rng As Range For Each rng In Selection rng.Font.Strikethrough = True Next rng End Sub<\/code><\/pre><p> Yukar\u0131daki kod, se\u00e7ilen h\u00fccrelere \u00fcst\u00fc \u00e7izili uygulaman\u0131za yard\u0131mc\u0131 olacakt\u0131r. Ayr\u0131ca d\u00fc\u011fme olu\u015fturmak i\u00e7in onu bir \u015fekle atayabilirsiniz.<\/p><h2 id=\"tab-con-7\" class=\"wp-block-heading\"> 5. \u00dcst\u00fc \u00c7izili Uygulamak i\u00e7in Ko\u015fullu Bi\u00e7imlendirmeyi Kullan\u0131n<\/h2><p> <a style=\"outline: none;\" href=\"https:\/\/exceladvisor.org\/tr\/formuller-1\/\" data-wpel-link=\"internal\" data-wpil=\"url\">Ko\u015fullu bi\u00e7imlendirme, bi\u00e7imlendirmeyi ak\u0131ll\u0131ca uygulaman\u0131n en iyi yollar\u0131ndan biridir<\/a> . \u00dcst\u00fc \u00e7izili uygulamak i\u00e7in ko\u015fullu bi\u00e7imlendirme i\u00e7eren bir<a style=\"outline: none;\" href=\"https:\/\/exceladvisor.org\/tr\/onay-kutusu\/\" data-wpel-link=\"internal\">onay kutusu<\/a> kulland\u0131\u011f\u0131m a\u015fa\u011f\u0131daki kontrol listesine bak\u0131n. <\/p><div class=\"wp-block-image\"><figure class=\"aligncenter\"><img decoding=\"async\" src=\"https:\/\/exceladvisor.org\/wp-content\/uploads\/2023\/08\/Inserer-une-case-a-cocher-dans-Excel-pour-creer-une-liste-de-controle-1.gif\" sizes=\"\" srcset=\"\" alt=\"\"><\/figure><\/div><p> Bir kutuyu her i\u015faretledi\u011finizde, ilgili h\u00fccredeki metnin \u00fczeri \u00e7izilecektir. \u0130\u015fte bunu nas\u0131l yapaca\u011f\u0131n\u0131z.<\/p><ol><li> \u0130lk \u00f6nce e-tabloya bir onay kutusu ekleyin. <br><img decoding=\"async\" title=\"\u00fczeri \u00e7izili excel-insert-onay kutusu\" src=\"https:\/\/exceladvisor.org\/wp-content\/uploads\/2023\/08\/case-a-cocher-dinsertion-excel-barree-1.png\" sizes=\"\" srcset=\"\" alt=\"\"><\/li><li> Bundan sonra A1 h\u00fccresine bir ba\u011flant\u0131 olu\u015fturun ve A1&#8217;in yaz\u0131 tipi rengini beyaz olarak de\u011fi\u015ftirin. <br><img decoding=\"async\" title=\"onay kutusu excel ba\u011flant\u0131s\u0131n\u0131n \u00fczeri \u00e7izildi\" src=\"https:\/\/exceladvisor.org\/wp-content\/uploads\/2023\/08\/case-a-cocher-lien-excel-barre-1.png\" sizes=\"\" srcset=\"\" alt=\"\"><\/li><li> B1 h\u00fccresini se\u00e7in, Giri\u015f sekmesi \u2192 Stiller \u2192 Ko\u015fullu Bi\u00e7imlendirme \u2192 Yeni Kural&#8217;a gidin.<\/li><li> \u201cHangi h\u00fccrenin bi\u00e7imlendirilece\u011fini belirlemek i\u00e7in form\u00fcl kullan\u201d se\u00e7ene\u011fini se\u00e7in.<\/li><li> Form\u00fcl giri\u015f \u00e7ubu\u011funa =E\u011eER(A1=DO\u011eRU,DO\u011eRU,YANLI\u015e) yaz\u0131n.<\/li><li> \u015eimdi format se\u00e7ene\u011fine t\u0131klay\u0131n ve \u00fcst\u00fc \u00e7izili olan\u0131 kontrol edin. <br><img decoding=\"async\" title=\"ko\u015fullu bi\u00e7imlendirme-excel-form\u00fcl\u00fcn\u00fcn \u00fczeri \u00e7izildi\" src=\"https:\/\/exceladvisor.org\/wp-content\/uploads\/2023\/08\/formule-de-mise-en-forme-conditionnelle-excel-barree.png\" sizes=\"\" srcset=\"\" alt=\"\"><\/li><li> \u0130ki kez Tamam&#8217;a t\u0131klay\u0131n.<\/li><\/ol><p> Art\u0131k kutuyu her i\u015faretledi\u011finizde h\u00fccredeki metin bir kesme \u00e7izgisiyle i\u015faretlenecektir. <\/p><div class=\"wp-block-image\"><figure class=\"aligncenter\"><img decoding=\"async\" src=\"https:\/\/exceladvisor.org\/wp-content\/uploads\/2023\/08\/ajouter-Excel-barre-avec-une-case-a-cocher-1.gif\" sizes=\"\" srcset=\"\" alt=\"\"><\/figure><\/div><h2 id=\"tab-con-8\" class=\"wp-block-heading\"> [Bonus \u0130pucu] Excel Online&#8217;da \u00fcst\u00fc \u00e7izili uygulama<\/h2><p> Excel web uygulamas\u0131n\u0131 kullan\u0131yorsan\u0131z mutlu olmal\u0131s\u0131n\u0131z \u00e7\u00fcnk\u00fc \u015ferit \u00fczerinde \u00fcst\u00fc \u00e7izili uygulama i\u00e7in kullanabilece\u011finiz bir se\u00e7enek var. <\/p><div class=\"wp-block-image\"><figure class=\"aligncenter\"><img decoding=\"async\" src=\"https:\/\/exceladvisor.org\/wp-content\/uploads\/2023\/08\/barre-excel-en-ligne-1.png\" sizes=\"\" srcset=\"\" alt=\"\"><\/figure><\/div><h2 id=\"tab-con-1\" class=\"wp-block-heading\"> H\u00fccredeki \u00fcst\u00fc \u00e7izili \u00e7izgiyi kald\u0131rma<\/h2><p> \u00dcst\u00fc \u00e7izili bir h\u00fccreden kald\u0131rmak \u00e7ok kolayd\u0131r. K\u0131sayol tu\u015funu (Kontrol + 5) tekrar kullanman\u0131z yeterlidir.<\/p><p class=\"qt-tip\"> <span style=\"color: #ea493f;\"><strong>\u00d6nemli not:<\/strong><\/span> Ko\u015fullu bi\u00e7imlendirme ile uygulad\u0131ysan\u0131z, h\u00fccredeki bi\u00e7imlendirmenin tamam\u0131n\u0131 kald\u0131rmad\u0131\u011f\u0131n\u0131z s\u00fcrece k\u0131sayol tu\u015fuyla kald\u0131ramazs\u0131n\u0131z.<\/p><h2 id=\"tab-con-2\" class=\"wp-block-heading\"> \u00c7\u00f6z\u00fcm<\/h2><p> Ayr\u0131ca <a href=\"https:\/\/exceladvisor.org\/tr\/ressam-formati\/\" data-wpel-link=\"internal\">\u00fcst\u00fc \u00e7izili \u00e7izgiyi Bi\u00e7im Boyac\u0131s\u0131&#8217;n\u0131<\/a> kullanarak bir h\u00fccreden di\u011ferine kopyalay\u0131p yap\u0131\u015ft\u0131rabilirsiniz. Excel&#8217;de \u00fcst\u00fc \u00e7izili uygulaman\u0131n t\u00fcm hikayesi budur. Bunun i\u00e7in 5+1 farkl\u0131 y\u00f6nteminiz var ve hepsinin uygulanmas\u0131 \u00e7ok kolay. Bu ipucunun Excel&#8217;i geli\u015ftirmenize yard\u0131mc\u0131 olaca\u011f\u0131n\u0131 umuyorum.<\/p><p> \u015eimdi bana bir \u015fey s\u00f6yle. <span style=\"color: #ea493f;\">\u00dcst\u00fc \u00e7izili uygulamak i\u00e7in ba\u015fka bir y\u00f6nteminiz var m\u0131?<\/span> Peki tercih etti\u011finiz y\u00f6ntem nedir? Yorumlar b\u00f6l\u00fcm\u00fcnde benimle payla\u015f\u0131n, sizden haber almay\u0131 \u00e7ok isterim. Ve bu ipucunu arkada\u015flar\u0131n\u0131zla payla\u015fmay\u0131 unutmay\u0131n.<\/p><p> Bu e\u011fitim <a href=\"https:\/\/exceladvisor.org\/tr\/excel-becerileri\/\" data-wpel-link=\"internal\">Temel Excel Becerilerimizin<\/a> bir par\u00e7as\u0131d\u0131r ve mevcut Excel becerilerinizi geli\u015ftirmek istiyorsan\u0131z bu <a style=\"outline: none;\" href=\"https:\/\/exceladvisor.org\/tr\/tavsiye\/\" data-wpel-link=\"internal\" data-wpil=\"url\">Excel ipu\u00e7lar\u0131na ve p\u00fcf noktalar\u0131na<\/a> g\u00f6z at\u0131n.<\/p><div class=\"gb-container gb-container-4db6181c gb-container-mt\"> <a class=\"gb-button gb-button-c5897111 gb-button-text gb-button-mt-button\" href=\"https:\/\/exceladvisor.org\/tr\/excelin-temelleri\/\">Microsoft Excel Temelleri (Bile\u015fenler, Par\u00e7alar ve Bilgi Notlar\u0131)<\/a><h2 class=\"gb-headline gb-headline-665e5f6b gb-headline-text gb-headline-mt-heading\"> \u0130lgili e\u011fitimler <\/h2><div class=\"gb-grid-wrapper gb-grid-wrapper-a20baf7c gb-grid-wrapper-mt-grid\"><div class=\"gb-grid-column gb-grid-column-65ddf67e\"><div class=\"gb-container gb-container-65ddf67e\"><ul><li> <a href=\"https:\/\/exceladvisor.org\/tr\/muhasebe-numarasi-formati\/\">Excel&#8217;de muhasebe numaras\u0131 bi\u00e7imini uygulama<\/a><\/li><li> <a href=\"https:\/\/exceladvisor.org\/tr\/hucre-rengi\/\">Excel&#8217;de bir h\u00fccreye veya sayfan\u0131n tamam\u0131na arka plan rengi uygulama<\/a><\/li><li> <a href=\"https:\/\/exceladvisor.org\/tr\/izgara\/\">Excel k\u0131lavuz \u00e7izgilerini yazd\u0131r\u0131n (silin, k\u0131salt\u0131n ve rengi de\u011fi\u015ftirin)<\/a><\/li><li> <a href=\"https:\/\/exceladvisor.org\/tr\/sayfa-numarasi-ekle\/\">Excel&#8217;de sayfa numaras\u0131 ekleme<\/a><\/li><li> <a href=\"https:\/\/exceladvisor.org\/tr\/pi-sembolu\/\">PI (\u03c0) sembol\u00fcn\u00fc Excel&#8217;e ekleme<\/a> <\/li><\/ul><\/div><\/div><div class=\"gb-grid-column gb-grid-column-50067b57\"><div class=\"gb-container gb-container-50067b57\"><\/div><\/div><\/div><\/div>","protected":false},"excerpt":{"rendered":"","protected":false},"author":1,"featured_media":0,"parent":0,"menu_order":0,"comment_status":"open","ping_status":"closed","template":"","meta":{"ub_ctt_via":"","footnotes":""},"class_list":["post-1858","page","type-page","status-publish","hentry"],"featured_image_src":null,"yoast_head":"<!-- This site is optimized with the Yoast SEO plugin v25.4 - https:\/\/yoast.com\/wordpress\/plugins\/seo\/ -->\n<title>\u25b7 Excel&#039;in herhangi bir yerinde \u00fcst\u00fc \u00e7izili nas\u0131l uygulan\u0131r?<\/title>\n<meta name=\"description\" content=\"Excel&#039;de, bir h\u00fccreye \u00fcst\u00fc \u00e7izili uygulama yapmak i\u00e7in do\u011frudan bir se\u00e7ene\u011fimiz yoktur. \u015eeritte hi\u00e7bir d\u00fc\u011fme veya se\u00e7enek mevcut de\u011fil.\" \/>\n<meta name=\"robots\" content=\"index, follow, max-snippet:-1, max-image-preview:large, max-video-preview:-1\" \/>\n<link rel=\"canonical\" href=\"https:\/\/exceladvisor.org\/tr\/kamis\/\" \/>\n<meta property=\"og:locale\" content=\"tr_TR\" \/>\n<meta property=\"og:type\" content=\"article\" \/>\n<meta property=\"og:title\" content=\"\u25b7 Excel&#039;in herhangi bir yerinde \u00fcst\u00fc \u00e7izili nas\u0131l uygulan\u0131r?\" \/>\n<meta property=\"og:description\" content=\"Excel&#039;de, bir h\u00fccreye \u00fcst\u00fc \u00e7izili uygulama yapmak i\u00e7in do\u011frudan bir se\u00e7ene\u011fimiz yoktur. \u015eeritte hi\u00e7bir d\u00fc\u011fme veya se\u00e7enek mevcut de\u011fil.\" \/>\n<meta property=\"og:url\" content=\"https:\/\/exceladvisor.org\/tr\/kamis\/\" \/>\n<meta property=\"og:site_name\" content=\"Excel Advisor\" \/>\n<meta property=\"article:modified_time\" content=\"2023-12-10T06:03:52+00:00\" \/>\n<meta property=\"og:image\" content=\"https:\/\/exceladvisor.org\/wp-content\/uploads\/2023\/08\/raccourci-clavier-barre-windows-excel-1.png\" \/>\n<meta name=\"twitter:card\" content=\"summary_large_image\" \/>\n<meta name=\"twitter:label1\" content=\"Tahmini okuma s\u00fcresi\" \/>\n\t<meta name=\"twitter:data1\" content=\"5 dakika\" \/>\n<script type=\"application\/ld+json\" class=\"yoast-schema-graph\">{\"@context\":\"https:\/\/schema.org\",\"@graph\":[{\"@type\":\"WebPage\",\"@id\":\"https:\/\/exceladvisor.org\/tr\/kamis\/\",\"url\":\"https:\/\/exceladvisor.org\/tr\/kamis\/\",\"name\":\"\u25b7 Excel&#39;in herhangi bir yerinde \u00fcst\u00fc \u00e7izili nas\u0131l uygulan\u0131r?\",\"isPartOf\":{\"@id\":\"https:\/\/exceladvisor.org\/tr\/#website\"},\"primaryImageOfPage\":{\"@id\":\"https:\/\/exceladvisor.org\/tr\/kamis\/#primaryimage\"},\"image\":{\"@id\":\"https:\/\/exceladvisor.org\/tr\/kamis\/#primaryimage\"},\"thumbnailUrl\":\"https:\/\/exceladvisor.org\/wp-content\/uploads\/2023\/08\/raccourci-clavier-barre-windows-excel-1.png\",\"datePublished\":\"2023-10-31T02:53:41+00:00\",\"dateModified\":\"2023-12-10T06:03:52+00:00\",\"description\":\"Excel&#39;de, bir h\u00fccreye \u00fcst\u00fc \u00e7izili uygulama yapmak i\u00e7in do\u011frudan bir se\u00e7ene\u011fimiz yoktur. \u015eeritte hi\u00e7bir d\u00fc\u011fme veya se\u00e7enek mevcut de\u011fil.\",\"breadcrumb\":{\"@id\":\"https:\/\/exceladvisor.org\/tr\/kamis\/#breadcrumb\"},\"inLanguage\":\"tr\",\"potentialAction\":[{\"@type\":\"ReadAction\",\"target\":[\"https:\/\/exceladvisor.org\/tr\/kamis\/\"]}]},{\"@type\":\"ImageObject\",\"inLanguage\":\"tr\",\"@id\":\"https:\/\/exceladvisor.org\/tr\/kamis\/#primaryimage\",\"url\":\"https:\/\/exceladvisor.org\/wp-content\/uploads\/2023\/08\/raccourci-clavier-barre-windows-excel-1.png\",\"contentUrl\":\"https:\/\/exceladvisor.org\/wp-content\/uploads\/2023\/08\/raccourci-clavier-barre-windows-excel-1.png\"},{\"@type\":\"BreadcrumbList\",\"@id\":\"https:\/\/exceladvisor.org\/tr\/kamis\/#breadcrumb\",\"itemListElement\":[{\"@type\":\"ListItem\",\"position\":1,\"name\":\"Ev\",\"item\":\"https:\/\/exceladvisor.org\/tr\/\"},{\"@type\":\"ListItem\",\"position\":2,\"name\":\"Excel&#39;in herhangi bir yerinde \u00fcst\u00fc \u00e7izili nas\u0131l uygulan\u0131r?\"}]},{\"@type\":\"WebSite\",\"@id\":\"https:\/\/exceladvisor.org\/tr\/#website\",\"url\":\"https:\/\/exceladvisor.org\/tr\/\",\"name\":\"Excel Advisor\",\"description\":\"Veri hakimiyetine y\u00f6nelik nihai rehberiniz!\",\"publisher\":{\"@id\":\"https:\/\/exceladvisor.org\/tr\/#organization\"},\"potentialAction\":[{\"@type\":\"SearchAction\",\"target\":{\"@type\":\"EntryPoint\",\"urlTemplate\":\"https:\/\/exceladvisor.org\/tr\/?s={search_term_string}\"},\"query-input\":{\"@type\":\"PropertyValueSpecification\",\"valueRequired\":true,\"valueName\":\"search_term_string\"}}],\"inLanguage\":\"tr\"},{\"@type\":\"Organization\",\"@id\":\"https:\/\/exceladvisor.org\/tr\/#organization\",\"name\":\"Excel Advisor\",\"url\":\"https:\/\/exceladvisor.org\/tr\/\",\"logo\":{\"@type\":\"ImageObject\",\"inLanguage\":\"tr\",\"@id\":\"https:\/\/exceladvisor.org\/tr\/#\/schema\/logo\/image\/\",\"url\":\"https:\/\/exceladvisor.org\/tr\/wp-content\/uploads\/2023\/12\/exceladvisor.org_.png\",\"contentUrl\":\"https:\/\/exceladvisor.org\/tr\/wp-content\/uploads\/2023\/12\/exceladvisor.org_.png\",\"width\":105,\"height\":36,\"caption\":\"Excel Advisor\"},\"image\":{\"@id\":\"https:\/\/exceladvisor.org\/tr\/#\/schema\/logo\/image\/\"}}]}<\/script>\n<!-- \/ Yoast SEO plugin. -->","yoast_head_json":{"title":"\u25b7 Excel&#39;in herhangi bir yerinde \u00fcst\u00fc \u00e7izili nas\u0131l uygulan\u0131r?","description":"Excel&#39;de, bir h\u00fccreye \u00fcst\u00fc \u00e7izili uygulama yapmak i\u00e7in do\u011frudan bir se\u00e7ene\u011fimiz yoktur. \u015eeritte hi\u00e7bir d\u00fc\u011fme veya se\u00e7enek mevcut de\u011fil.","robots":{"index":"index","follow":"follow","max-snippet":"max-snippet:-1","max-image-preview":"max-image-preview:large","max-video-preview":"max-video-preview:-1"},"canonical":"https:\/\/exceladvisor.org\/tr\/kamis\/","og_locale":"tr_TR","og_type":"article","og_title":"\u25b7 Excel&#39;in herhangi bir yerinde \u00fcst\u00fc \u00e7izili nas\u0131l uygulan\u0131r?","og_description":"Excel&#39;de, bir h\u00fccreye \u00fcst\u00fc \u00e7izili uygulama yapmak i\u00e7in do\u011frudan bir se\u00e7ene\u011fimiz yoktur. \u015eeritte hi\u00e7bir d\u00fc\u011fme veya se\u00e7enek mevcut de\u011fil.","og_url":"https:\/\/exceladvisor.org\/tr\/kamis\/","og_site_name":"Excel Advisor","article_modified_time":"2023-12-10T06:03:52+00:00","og_image":[{"url":"https:\/\/exceladvisor.org\/wp-content\/uploads\/2023\/08\/raccourci-clavier-barre-windows-excel-1.png","type":"","width":"","height":""}],"twitter_card":"summary_large_image","twitter_misc":{"Tahmini okuma s\u00fcresi":"5 dakika"},"schema":{"@context":"https:\/\/schema.org","@graph":[{"@type":"WebPage","@id":"https:\/\/exceladvisor.org\/tr\/kamis\/","url":"https:\/\/exceladvisor.org\/tr\/kamis\/","name":"\u25b7 Excel&#39;in herhangi bir yerinde \u00fcst\u00fc \u00e7izili nas\u0131l uygulan\u0131r?","isPartOf":{"@id":"https:\/\/exceladvisor.org\/tr\/#website"},"primaryImageOfPage":{"@id":"https:\/\/exceladvisor.org\/tr\/kamis\/#primaryimage"},"image":{"@id":"https:\/\/exceladvisor.org\/tr\/kamis\/#primaryimage"},"thumbnailUrl":"https:\/\/exceladvisor.org\/wp-content\/uploads\/2023\/08\/raccourci-clavier-barre-windows-excel-1.png","datePublished":"2023-10-31T02:53:41+00:00","dateModified":"2023-12-10T06:03:52+00:00","description":"Excel&#39;de, bir h\u00fccreye \u00fcst\u00fc \u00e7izili uygulama yapmak i\u00e7in do\u011frudan bir se\u00e7ene\u011fimiz yoktur. \u015eeritte hi\u00e7bir d\u00fc\u011fme veya se\u00e7enek mevcut de\u011fil.","breadcrumb":{"@id":"https:\/\/exceladvisor.org\/tr\/kamis\/#breadcrumb"},"inLanguage":"tr","potentialAction":[{"@type":"ReadAction","target":["https:\/\/exceladvisor.org\/tr\/kamis\/"]}]},{"@type":"ImageObject","inLanguage":"tr","@id":"https:\/\/exceladvisor.org\/tr\/kamis\/#primaryimage","url":"https:\/\/exceladvisor.org\/wp-content\/uploads\/2023\/08\/raccourci-clavier-barre-windows-excel-1.png","contentUrl":"https:\/\/exceladvisor.org\/wp-content\/uploads\/2023\/08\/raccourci-clavier-barre-windows-excel-1.png"},{"@type":"BreadcrumbList","@id":"https:\/\/exceladvisor.org\/tr\/kamis\/#breadcrumb","itemListElement":[{"@type":"ListItem","position":1,"name":"Ev","item":"https:\/\/exceladvisor.org\/tr\/"},{"@type":"ListItem","position":2,"name":"Excel&#39;in herhangi bir yerinde \u00fcst\u00fc \u00e7izili nas\u0131l uygulan\u0131r?"}]},{"@type":"WebSite","@id":"https:\/\/exceladvisor.org\/tr\/#website","url":"https:\/\/exceladvisor.org\/tr\/","name":"Excel Advisor","description":"Veri hakimiyetine y\u00f6nelik nihai rehberiniz!","publisher":{"@id":"https:\/\/exceladvisor.org\/tr\/#organization"},"potentialAction":[{"@type":"SearchAction","target":{"@type":"EntryPoint","urlTemplate":"https:\/\/exceladvisor.org\/tr\/?s={search_term_string}"},"query-input":{"@type":"PropertyValueSpecification","valueRequired":true,"valueName":"search_term_string"}}],"inLanguage":"tr"},{"@type":"Organization","@id":"https:\/\/exceladvisor.org\/tr\/#organization","name":"Excel Advisor","url":"https:\/\/exceladvisor.org\/tr\/","logo":{"@type":"ImageObject","inLanguage":"tr","@id":"https:\/\/exceladvisor.org\/tr\/#\/schema\/logo\/image\/","url":"https:\/\/exceladvisor.org\/tr\/wp-content\/uploads\/2023\/12\/exceladvisor.org_.png","contentUrl":"https:\/\/exceladvisor.org\/tr\/wp-content\/uploads\/2023\/12\/exceladvisor.org_.png","width":105,"height":36,"caption":"Excel Advisor"},"image":{"@id":"https:\/\/exceladvisor.org\/tr\/#\/schema\/logo\/image\/"}}]}},"yoast_meta":{"yoast_wpseo_title":"","yoast_wpseo_metadesc":"","yoast_wpseo_canonical":""},"_links":{"self":[{"href":"https:\/\/exceladvisor.org\/tr\/wp-json\/wp\/v2\/pages\/1858","targetHints":{"allow":["GET"]}}],"collection":[{"href":"https:\/\/exceladvisor.org\/tr\/wp-json\/wp\/v2\/pages"}],"about":[{"href":"https:\/\/exceladvisor.org\/tr\/wp-json\/wp\/v2\/types\/page"}],"author":[{"embeddable":true,"href":"https:\/\/exceladvisor.org\/tr\/wp-json\/wp\/v2\/users\/1"}],"replies":[{"embeddable":true,"href":"https:\/\/exceladvisor.org\/tr\/wp-json\/wp\/v2\/comments?post=1858"}],"version-history":[{"count":1,"href":"https:\/\/exceladvisor.org\/tr\/wp-json\/wp\/v2\/pages\/1858\/revisions"}],"predecessor-version":[{"id":2679,"href":"https:\/\/exceladvisor.org\/tr\/wp-json\/wp\/v2\/pages\/1858\/revisions\/2679"}],"wp:attachment":[{"href":"https:\/\/exceladvisor.org\/tr\/wp-json\/wp\/v2\/media?parent=1858"}],"curies":[{"name":"wp","href":"https:\/\/api.w.org\/{rel}","templated":true}]}}