{"id":1860,"date":"2023-10-30T19:52:35","date_gmt":"2023-10-30T19:52:35","guid":{"rendered":"https:\/\/exceladvisor.org\/tr\/kopyalamak\/"},"modified":"2023-12-10T06:03:19","modified_gmt":"2023-12-10T06:03:19","slug":"kopyalamak","status":"publish","type":"page","link":"https:\/\/exceladvisor.org\/tr\/kopyalamak\/","title":{"rendered":"Excel&#39;de yinelenen bir \u00e7al\u0131\u015fma sayfas\u0131 nas\u0131l olu\u015fturulur?"},"content":{"rendered":"<div class=\"excel-icerikten-once\" id=\"excel-1900691813\"><script type=\"text\/javascript\">\r\n\tatOptions = {\r\n\t\t'key' : 'c1158f160081d6540a8409e6925dab94',\r\n\t\t'format' : 'iframe',\r\n\t\t'height' : 250,\r\n\t\t'width' : 300,\r\n\t\t'params' : {}\r\n\t};\r\n<\/script>\r\n<script type=\"text\/javascript\" src=\"\/\/www.highperformanceformat.com\/c1158f160081d6540a8409e6925dab94\/invoke.js\"><\/script><\/div> <p>Excel&#8217;de bir sayfan\u0131n kopyas\u0131n\u0131 olu\u015fturmak, yani ayn\u0131 \u00e7al\u0131\u015fma kitab\u0131nda bir sayfan\u0131n kopyas\u0131n\u0131 olu\u015fturmak istiyorsan\u0131z iki farkl\u0131 y\u00f6ntem kullanabilirsiniz.<\/p><ul><li> Fare ile s\u00fcr\u00fckleyip b\u0131rak\u0131n.<\/li><li> Kopyala ve ta\u015f\u0131 ile yinelenen bir kopya olu\u015fturun<\/li><\/ul><p> Bu derste her iki y\u00f6nteme de bakaca\u011f\u0131z.<\/p><h2 id=\"h-drag-and-drop-to-create-a-duplicate-sheet\" class=\"wp-block-heading\"> Yinelenen bir sayfa olu\u015fturmak i\u00e7in s\u00fcr\u00fckleyip b\u0131rak\u0131n<\/h2><ol type=\"1\"><li> \u00d6ncelikle kopyas\u0131n\u0131 olu\u015fturmak istedi\u011finiz sayfay\u0131 etkinle\u015ftirin.<\/li><li> \u015eimdi Ctrl tu\u015funa bas\u0131n.<\/li><li> Bundan sonra Ctrl tu\u015funu bas\u0131l\u0131 tutarak sayfa sekmesine t\u0131klay\u0131n.<\/li><li> Sonunda, sayfay\u0131 sayfa sekmelerinde yeni bir konuma s\u00fcr\u00fckleyip b\u0131rak\u0131n. <\/li><\/ol><figure class=\"gb-block-image gb-block-image-b115ad26\"><img loading=\"lazy\" decoding=\"async\" class=\"gb-image gb-image-b115ad26\" title=\"kopya-excel-sayfa-s\u00fcr\u00fckle-b\u0131rak\" src=\"https:\/\/exceladvisor.org\/wp-content\/uploads\/2023\/08\/feuille-en-double-excel-glisser-deposer.gif\" sizes=\"auto, \" srcset=\"\" alt=\"duplicate-sheet-excel-drag-drop\" width=\"890\" height=\"306\"><\/figure><p> Kayd\u0131r\u0131lan ve d\u00fc\u015fen sayfan\u0131n kopya bir sayfas\u0131n\u0131 olu\u015fturur. <\/p><div class=\"wp-block-image\"><figure class=\"aligncenter size-full is-resized\"><img loading=\"lazy\" decoding=\"async\" class=\"wp-image-92667\" src=\"https:\/\/exceladvisor.org\/wp-content\/uploads\/2023\/08\/1-glisser-deposer-pour-creer-une-feuille-en-double.png\" sizes=\"auto, \" srcset=\"\" alt=\"yinelenen bir sayfa olu\u015fturmak i\u00e7in s\u00fcr\u00fckleyip b\u0131rak\u0131n\" width=\"546\" height=\"224\"><\/figure><\/div><p> Yukar\u0131daki \u00f6rnekte g\u00f6rebilece\u011finiz; orijinal ad\u0131 ta\u015f\u0131yan (2) numaral\u0131 yeni bir &#8220;Sayfa3&#8221; sayfan\u0131z var.<\/p><h2 id=\"h-use-copy-and-move-to-create-a-duplicate-copy-of-the-sheet\" class=\"wp-block-heading\"> Sayfan\u0131n bir kopyas\u0131n\u0131 olu\u015fturmak i\u00e7in Kopyala ve Ta\u015f\u0131&#8217;y\u0131 kullan\u0131n<\/h2><p> Bir sayfa sekmesine sa\u011f t\u0131klad\u0131\u011f\u0131n\u0131zda, orada \u201cTa\u015f\u0131 veya Kopyala\u201d se\u00e7eneklerini g\u00f6rebilirsiniz. Bu se\u00e7enek, sayfay\u0131 yeni bir \u00e7al\u0131\u015fma kitab\u0131na veya a\u00e7\u0131k olan mevcut bir \u00e7al\u0131\u015fma kitab\u0131na kopyalaman\u0131za olanak tan\u0131r. <\/p><div class=\"wp-block-image\"><figure class=\"aligncenter size-full is-resized\"><img loading=\"lazy\" decoding=\"async\" class=\"wp-image-92668\" src=\"https:\/\/exceladvisor.org\/wp-content\/uploads\/2023\/08\/2-copier-et-deplacer-vers-la-feuille-dupliquee.png\" sizes=\"auto, \" srcset=\"\" alt=\"kopyalay\u0131n ve kopya sayfaya ta\u015f\u0131y\u0131n\" width=\"483\" height=\"390\"><\/figure><\/div><p> Ancak ayn\u0131 se\u00e7enekle ayn\u0131 \u00e7al\u0131\u015fma kitab\u0131nda kopya sayfa kopyas\u0131 olu\u015fturabilirsiniz. Se\u00e7ene\u011fi t\u0131klatt\u0131\u011f\u0131n\u0131zda, sayfan\u0131n kopyalanaca\u011f\u0131 hedefi se\u00e7menizi sa\u011flayan bir ileti\u015fim kutusu g\u00f6r\u00fcnecektir. <\/p><div class=\"wp-block-image\"><figure class=\"aligncenter size-full is-resized\"><img loading=\"lazy\" decoding=\"async\" class=\"wp-image-92669\" src=\"https:\/\/exceladvisor.org\/wp-content\/uploads\/2023\/08\/3-copies-dans-le-meme-classeur.png\" sizes=\"auto, \" srcset=\"\" alt=\"ayn\u0131 \u00e7al\u0131\u015fma kitab\u0131na kopyala\" width=\"548\" height=\"391\"><\/figure><\/div><p> Ta\u015f\u0131 veya Kopyala ileti\u015fim kutusunda, &#8220;Kopyas\u0131n\u0131 olu\u015ftur&#8221; kutusunu i\u015faretleyin ve &#8220;Ay\u0131rmak i\u00e7in:&#8221; alan\u0131nda ayn\u0131 \u00e7al\u0131\u015fma kitab\u0131 ad\u0131na sahip oldu\u011funuzdan emin olun. Sonunda, yinelenen bir kopya olu\u015fturmak i\u00e7in Tamam&#8217;\u0131 t\u0131klay\u0131n. <\/p><div class=\"wp-block-image\"><figure class=\"aligncenter size-full is-resized\"><img loading=\"lazy\" decoding=\"async\" class=\"wp-image-92670\" src=\"https:\/\/exceladvisor.org\/wp-content\/uploads\/2023\/08\/4-coche-creer-une-copie.png\" sizes=\"auto, \" srcset=\"\" alt=\"onay i\u015fareti-bir kopya olu\u015ftur\" width=\"652\" height=\"212\"><\/figure><\/div><p> Bu ileti\u015fim kutusunda yinelenen sayfan\u0131n eklenece\u011fi konumu se\u00e7ebilirsiniz. <\/p><div class=\"wp-block-image\"><figure class=\"aligncenter size-full is-resized\"><img loading=\"lazy\" decoding=\"async\" class=\"wp-image-92671\" src=\"https:\/\/exceladvisor.org\/wp-content\/uploads\/2023\/08\/5-choisissez-la-position-pour-ajouter-une-feuille-en-double.png\" sizes=\"auto, \" srcset=\"\" alt=\"kopya-sayfay\u0131-eklemek i\u00e7in-pozisyonunu se\u00e7in\" width=\"348\" height=\"323\"><\/figure><\/div><p class=\"qt-tip\"> <strong>Not:<\/strong> \u0130ki y\u00f6ntemden ilki h\u0131zl\u0131 ve kolayd\u0131r. Ancak tercihlerinize g\u00f6re bunlardan herhangi birini kullanabilirsiniz. <\/p><div class=\"gb-container gb-container-3044ba66 gb-container-mt\"><p class=\"gb-headline gb-headline-b5bb6270 gb-headline-text\"> <strong><a href=\"https:\/\/exceladvisor.org\/tr\/excelin-temelleri\/\">Excel Temelleri<\/a><\/strong> \/ <strong><a href=\"https:\/\/exceladvisor.org\/tr\/calisma-kagidi\/\" data-wpil=\"url\">Excel Elektronik Tablosu<\/a><\/strong><\/p><h2 class=\"gb-headline gb-headline-819d540d gb-headline-text gb-headline-mt-heading\"> Daha fazla e\u011fitim <\/h2><div class=\"gb-grid-wrapper gb-grid-wrapper-7f3d805a gb-grid-wrapper-mt-grid\"><div class=\"gb-grid-column gb-grid-column-530ab33a\"><div class=\"gb-container gb-container-530ab33a\"><ul><li> <a href=\"https:\/\/exceladvisor.org\/tr\/1i-sil\/\">Excel&#8217;de bir sayfay\u0131 (\u00e7al\u0131\u015fma sayfas\u0131n\u0131) silme<\/a><\/li><li> <a href=\"https:\/\/exceladvisor.org\/tr\/baska-bir-sayfaya-baglanti\/\">Ba\u015fka bir e-tabloya k\u00f6pr\u00fc (ba\u011flant\u0131) olu\u015fturma<\/a><\/li><li> <a href=\"https:\/\/exceladvisor.org\/tr\/kilit\/\">Excel&#8217;de bir sayfay\u0131 (\u00e7al\u0131\u015fma sayfas\u0131n\u0131) kilitleme<\/a><\/li><li> <a href=\"https:\/\/exceladvisor.org\/tr\/yenileme\/\">Excel&#8217;de bir sayfay\u0131 (elektronik tablo) yenileme<\/a><\/li><li> <a href=\"https:\/\/exceladvisor.org\/tr\/acik\/\">\u015eifreli bir sayfan\u0131n kilidini a\u00e7\u0131n (\u015fifresiz)<\/a><\/li><\/ul><\/div><\/div><\/div><\/div>","protected":false},"excerpt":{"rendered":"","protected":false},"author":1,"featured_media":0,"parent":0,"menu_order":0,"comment_status":"open","ping_status":"closed","template":"","meta":{"ub_ctt_via":"","footnotes":""},"class_list":["post-1860","page","type-page","status-publish","hentry"],"featured_image_src":null,"yoast_head":"<!-- This site is optimized with the Yoast SEO plugin v25.4 - https:\/\/yoast.com\/wordpress\/plugins\/seo\/ -->\n<title>\u25b7 Excel&#039;de yinelenen bir \u00e7al\u0131\u015fma sayfas\u0131 nas\u0131l olu\u015fturulur?<\/title>\n<meta name=\"description\" content=\"Excel&#039;de, yinelenen bir sayfa olu\u015fturmak, yani ayn\u0131 \u00e7al\u0131\u015fma kitab\u0131nda sayfan\u0131n bir kopyas\u0131n\u0131 olu\u015fturmak istiyorsan\u0131z, \u015funlar\u0131 yapabilirsiniz:\" \/>\n<meta name=\"robots\" content=\"index, follow, max-snippet:-1, max-image-preview:large, max-video-preview:-1\" \/>\n<link rel=\"canonical\" href=\"https:\/\/exceladvisor.org\/tr\/kopyalamak\/\" \/>\n<meta property=\"og:locale\" content=\"tr_TR\" \/>\n<meta property=\"og:type\" content=\"article\" \/>\n<meta property=\"og:title\" content=\"\u25b7 Excel&#039;de yinelenen bir \u00e7al\u0131\u015fma sayfas\u0131 nas\u0131l olu\u015fturulur?\" \/>\n<meta property=\"og:description\" content=\"Excel&#039;de, yinelenen bir sayfa olu\u015fturmak, yani ayn\u0131 \u00e7al\u0131\u015fma kitab\u0131nda sayfan\u0131n bir kopyas\u0131n\u0131 olu\u015fturmak istiyorsan\u0131z, \u015funlar\u0131 yapabilirsiniz:\" \/>\n<meta property=\"og:url\" content=\"https:\/\/exceladvisor.org\/tr\/kopyalamak\/\" \/>\n<meta property=\"og:site_name\" content=\"Excel Advisor\" \/>\n<meta property=\"article:modified_time\" content=\"2023-12-10T06:03:19+00:00\" \/>\n<meta property=\"og:image\" content=\"https:\/\/exceladvisor.org\/wp-content\/uploads\/2023\/08\/feuille-en-double-excel-glisser-deposer.gif\" \/>\n<meta name=\"twitter:card\" content=\"summary_large_image\" \/>\n<meta name=\"twitter:label1\" content=\"Tahmini okuma s\u00fcresi\" \/>\n\t<meta name=\"twitter:data1\" content=\"2 dakika\" \/>\n<script type=\"application\/ld+json\" class=\"yoast-schema-graph\">{\"@context\":\"https:\/\/schema.org\",\"@graph\":[{\"@type\":\"WebPage\",\"@id\":\"https:\/\/exceladvisor.org\/tr\/kopyalamak\/\",\"url\":\"https:\/\/exceladvisor.org\/tr\/kopyalamak\/\",\"name\":\"\u25b7 Excel&#39;de yinelenen bir \u00e7al\u0131\u015fma sayfas\u0131 nas\u0131l olu\u015fturulur?\",\"isPartOf\":{\"@id\":\"https:\/\/exceladvisor.org\/tr\/#website\"},\"primaryImageOfPage\":{\"@id\":\"https:\/\/exceladvisor.org\/tr\/kopyalamak\/#primaryimage\"},\"image\":{\"@id\":\"https:\/\/exceladvisor.org\/tr\/kopyalamak\/#primaryimage\"},\"thumbnailUrl\":\"https:\/\/exceladvisor.org\/wp-content\/uploads\/2023\/08\/feuille-en-double-excel-glisser-deposer.gif\",\"datePublished\":\"2023-10-30T19:52:35+00:00\",\"dateModified\":\"2023-12-10T06:03:19+00:00\",\"description\":\"Excel&#39;de, yinelenen bir sayfa olu\u015fturmak, yani ayn\u0131 \u00e7al\u0131\u015fma kitab\u0131nda sayfan\u0131n bir kopyas\u0131n\u0131 olu\u015fturmak istiyorsan\u0131z, \u015funlar\u0131 yapabilirsiniz:\",\"breadcrumb\":{\"@id\":\"https:\/\/exceladvisor.org\/tr\/kopyalamak\/#breadcrumb\"},\"inLanguage\":\"tr\",\"potentialAction\":[{\"@type\":\"ReadAction\",\"target\":[\"https:\/\/exceladvisor.org\/tr\/kopyalamak\/\"]}]},{\"@type\":\"ImageObject\",\"inLanguage\":\"tr\",\"@id\":\"https:\/\/exceladvisor.org\/tr\/kopyalamak\/#primaryimage\",\"url\":\"https:\/\/exceladvisor.org\/wp-content\/uploads\/2023\/08\/feuille-en-double-excel-glisser-deposer.gif\",\"contentUrl\":\"https:\/\/exceladvisor.org\/wp-content\/uploads\/2023\/08\/feuille-en-double-excel-glisser-deposer.gif\"},{\"@type\":\"BreadcrumbList\",\"@id\":\"https:\/\/exceladvisor.org\/tr\/kopyalamak\/#breadcrumb\",\"itemListElement\":[{\"@type\":\"ListItem\",\"position\":1,\"name\":\"Ev\",\"item\":\"https:\/\/exceladvisor.org\/tr\/\"},{\"@type\":\"ListItem\",\"position\":2,\"name\":\"Excel&#39;de yinelenen bir \u00e7al\u0131\u015fma sayfas\u0131 nas\u0131l olu\u015fturulur?\"}]},{\"@type\":\"WebSite\",\"@id\":\"https:\/\/exceladvisor.org\/tr\/#website\",\"url\":\"https:\/\/exceladvisor.org\/tr\/\",\"name\":\"Excel Advisor\",\"description\":\"Veri hakimiyetine y\u00f6nelik nihai rehberiniz!\",\"publisher\":{\"@id\":\"https:\/\/exceladvisor.org\/tr\/#organization\"},\"potentialAction\":[{\"@type\":\"SearchAction\",\"target\":{\"@type\":\"EntryPoint\",\"urlTemplate\":\"https:\/\/exceladvisor.org\/tr\/?s={search_term_string}\"},\"query-input\":{\"@type\":\"PropertyValueSpecification\",\"valueRequired\":true,\"valueName\":\"search_term_string\"}}],\"inLanguage\":\"tr\"},{\"@type\":\"Organization\",\"@id\":\"https:\/\/exceladvisor.org\/tr\/#organization\",\"name\":\"Excel Advisor\",\"url\":\"https:\/\/exceladvisor.org\/tr\/\",\"logo\":{\"@type\":\"ImageObject\",\"inLanguage\":\"tr\",\"@id\":\"https:\/\/exceladvisor.org\/tr\/#\/schema\/logo\/image\/\",\"url\":\"https:\/\/exceladvisor.org\/tr\/wp-content\/uploads\/2023\/12\/exceladvisor.org_.png\",\"contentUrl\":\"https:\/\/exceladvisor.org\/tr\/wp-content\/uploads\/2023\/12\/exceladvisor.org_.png\",\"width\":105,\"height\":36,\"caption\":\"Excel Advisor\"},\"image\":{\"@id\":\"https:\/\/exceladvisor.org\/tr\/#\/schema\/logo\/image\/\"}}]}<\/script>\n<!-- \/ Yoast SEO plugin. -->","yoast_head_json":{"title":"\u25b7 Excel&#39;de yinelenen bir \u00e7al\u0131\u015fma sayfas\u0131 nas\u0131l olu\u015fturulur?","description":"Excel&#39;de, yinelenen bir sayfa olu\u015fturmak, yani ayn\u0131 \u00e7al\u0131\u015fma kitab\u0131nda sayfan\u0131n bir kopyas\u0131n\u0131 olu\u015fturmak istiyorsan\u0131z, \u015funlar\u0131 yapabilirsiniz:","robots":{"index":"index","follow":"follow","max-snippet":"max-snippet:-1","max-image-preview":"max-image-preview:large","max-video-preview":"max-video-preview:-1"},"canonical":"https:\/\/exceladvisor.org\/tr\/kopyalamak\/","og_locale":"tr_TR","og_type":"article","og_title":"\u25b7 Excel&#39;de yinelenen bir \u00e7al\u0131\u015fma sayfas\u0131 nas\u0131l olu\u015fturulur?","og_description":"Excel&#39;de, yinelenen bir sayfa olu\u015fturmak, yani ayn\u0131 \u00e7al\u0131\u015fma kitab\u0131nda sayfan\u0131n bir kopyas\u0131n\u0131 olu\u015fturmak istiyorsan\u0131z, \u015funlar\u0131 yapabilirsiniz:","og_url":"https:\/\/exceladvisor.org\/tr\/kopyalamak\/","og_site_name":"Excel Advisor","article_modified_time":"2023-12-10T06:03:19+00:00","og_image":[{"url":"https:\/\/exceladvisor.org\/wp-content\/uploads\/2023\/08\/feuille-en-double-excel-glisser-deposer.gif","type":"","width":"","height":""}],"twitter_card":"summary_large_image","twitter_misc":{"Tahmini okuma s\u00fcresi":"2 dakika"},"schema":{"@context":"https:\/\/schema.org","@graph":[{"@type":"WebPage","@id":"https:\/\/exceladvisor.org\/tr\/kopyalamak\/","url":"https:\/\/exceladvisor.org\/tr\/kopyalamak\/","name":"\u25b7 Excel&#39;de yinelenen bir \u00e7al\u0131\u015fma sayfas\u0131 nas\u0131l olu\u015fturulur?","isPartOf":{"@id":"https:\/\/exceladvisor.org\/tr\/#website"},"primaryImageOfPage":{"@id":"https:\/\/exceladvisor.org\/tr\/kopyalamak\/#primaryimage"},"image":{"@id":"https:\/\/exceladvisor.org\/tr\/kopyalamak\/#primaryimage"},"thumbnailUrl":"https:\/\/exceladvisor.org\/wp-content\/uploads\/2023\/08\/feuille-en-double-excel-glisser-deposer.gif","datePublished":"2023-10-30T19:52:35+00:00","dateModified":"2023-12-10T06:03:19+00:00","description":"Excel&#39;de, yinelenen bir sayfa olu\u015fturmak, yani ayn\u0131 \u00e7al\u0131\u015fma kitab\u0131nda sayfan\u0131n bir kopyas\u0131n\u0131 olu\u015fturmak istiyorsan\u0131z, \u015funlar\u0131 yapabilirsiniz:","breadcrumb":{"@id":"https:\/\/exceladvisor.org\/tr\/kopyalamak\/#breadcrumb"},"inLanguage":"tr","potentialAction":[{"@type":"ReadAction","target":["https:\/\/exceladvisor.org\/tr\/kopyalamak\/"]}]},{"@type":"ImageObject","inLanguage":"tr","@id":"https:\/\/exceladvisor.org\/tr\/kopyalamak\/#primaryimage","url":"https:\/\/exceladvisor.org\/wp-content\/uploads\/2023\/08\/feuille-en-double-excel-glisser-deposer.gif","contentUrl":"https:\/\/exceladvisor.org\/wp-content\/uploads\/2023\/08\/feuille-en-double-excel-glisser-deposer.gif"},{"@type":"BreadcrumbList","@id":"https:\/\/exceladvisor.org\/tr\/kopyalamak\/#breadcrumb","itemListElement":[{"@type":"ListItem","position":1,"name":"Ev","item":"https:\/\/exceladvisor.org\/tr\/"},{"@type":"ListItem","position":2,"name":"Excel&#39;de yinelenen bir \u00e7al\u0131\u015fma sayfas\u0131 nas\u0131l olu\u015fturulur?"}]},{"@type":"WebSite","@id":"https:\/\/exceladvisor.org\/tr\/#website","url":"https:\/\/exceladvisor.org\/tr\/","name":"Excel Advisor","description":"Veri hakimiyetine y\u00f6nelik nihai rehberiniz!","publisher":{"@id":"https:\/\/exceladvisor.org\/tr\/#organization"},"potentialAction":[{"@type":"SearchAction","target":{"@type":"EntryPoint","urlTemplate":"https:\/\/exceladvisor.org\/tr\/?s={search_term_string}"},"query-input":{"@type":"PropertyValueSpecification","valueRequired":true,"valueName":"search_term_string"}}],"inLanguage":"tr"},{"@type":"Organization","@id":"https:\/\/exceladvisor.org\/tr\/#organization","name":"Excel Advisor","url":"https:\/\/exceladvisor.org\/tr\/","logo":{"@type":"ImageObject","inLanguage":"tr","@id":"https:\/\/exceladvisor.org\/tr\/#\/schema\/logo\/image\/","url":"https:\/\/exceladvisor.org\/tr\/wp-content\/uploads\/2023\/12\/exceladvisor.org_.png","contentUrl":"https:\/\/exceladvisor.org\/tr\/wp-content\/uploads\/2023\/12\/exceladvisor.org_.png","width":105,"height":36,"caption":"Excel Advisor"},"image":{"@id":"https:\/\/exceladvisor.org\/tr\/#\/schema\/logo\/image\/"}}]}},"yoast_meta":{"yoast_wpseo_title":"","yoast_wpseo_metadesc":"","yoast_wpseo_canonical":""},"_links":{"self":[{"href":"https:\/\/exceladvisor.org\/tr\/wp-json\/wp\/v2\/pages\/1860","targetHints":{"allow":["GET"]}}],"collection":[{"href":"https:\/\/exceladvisor.org\/tr\/wp-json\/wp\/v2\/pages"}],"about":[{"href":"https:\/\/exceladvisor.org\/tr\/wp-json\/wp\/v2\/types\/page"}],"author":[{"embeddable":true,"href":"https:\/\/exceladvisor.org\/tr\/wp-json\/wp\/v2\/users\/1"}],"replies":[{"embeddable":true,"href":"https:\/\/exceladvisor.org\/tr\/wp-json\/wp\/v2\/comments?post=1860"}],"version-history":[{"count":1,"href":"https:\/\/exceladvisor.org\/tr\/wp-json\/wp\/v2\/pages\/1860\/revisions"}],"predecessor-version":[{"id":2647,"href":"https:\/\/exceladvisor.org\/tr\/wp-json\/wp\/v2\/pages\/1860\/revisions\/2647"}],"wp:attachment":[{"href":"https:\/\/exceladvisor.org\/tr\/wp-json\/wp\/v2\/media?parent=1860"}],"curies":[{"name":"wp","href":"https:\/\/api.w.org\/{rel}","templated":true}]}}