{"id":1861,"date":"2023-10-30T19:02:43","date_gmt":"2023-10-30T19:02:43","guid":{"rendered":"https:\/\/exceladvisor.org\/tr\/simge-oyunlari\/"},"modified":"2023-12-10T06:02:29","modified_gmt":"2023-12-10T06:02:29","slug":"simge-oyunlari","status":"publish","type":"page","link":"https:\/\/exceladvisor.org\/tr\/simge-oyunlari\/","title":{"rendered":"Excel&#39;de simge k\u00fcmeleri nas\u0131l kullan\u0131l\u0131r?"},"content":{"rendered":"<div class=\"excel-icerikten-once\" id=\"excel-2892372149\"><script type=\"text\/javascript\">\r\n\tatOptions = {\r\n\t\t'key' : 'c1158f160081d6540a8409e6925dab94',\r\n\t\t'format' : 'iframe',\r\n\t\t'height' : 250,\r\n\t\t'width' : 300,\r\n\t\t'params' : {}\r\n\t};\r\n<\/script>\r\n<script type=\"text\/javascript\" src=\"\/\/www.highperformanceformat.com\/c1158f160081d6540a8409e6925dab94\/invoke.js\"><\/script><\/div> <p>Excel ko\u015fullu bi\u00e7imlendirmede verilere uygulayabilece\u011finiz simge k\u00fcmeleri vard\u0131r. Bu simge setleri hangi de\u011ferin en d\u00fc\u015f\u00fck, en y\u00fcksek veya ortalama oldu\u011funu \u00f6l\u00e7meye yard\u0131mc\u0131 olur. <\/p><div class=\"wp-block-image\"><figure class=\"aligncenter size-full is-resized\"><img loading=\"lazy\" decoding=\"async\" class=\"wp-image-75179\" src=\"https:\/\/exceladvisor.org\/wp-content\/uploads\/2023\/08\/1-jeux-dicones-dans-excel.png\" sizes=\"auto, \" srcset=\"\" alt=\"Excel'deki simge k\u00fcmeleri\" width=\"211\" height=\"485\"><\/figure><\/div><p> Verilere uygulayabilece\u011finiz d\u00f6rt kategoride toplam 20 \u00f6nceden tan\u0131mlanm\u0131\u015f simge seti vard\u0131r.<\/p><p> Simge setlerini a\u00e7mak i\u00e7in <a href=\"https:\/\/exceladvisor.org\/tr\/klavye-kisayollari\/\"><em>klavye k\u0131sayolu<\/em><\/a> <em>: Alt<\/em> <em>\u21e2 H<\/em> <em>\u21e2 L<\/em> <em>\u21e2 I<\/em><\/p><h2 class=\"wp-block-heading\"> Simge k\u00fcmelerini verilere uygulama<\/h2><ol type=\"1\"><li> \u00d6ncelikle verileri se\u00e7in ve giri\u015f sekmesine gidin.<\/li><li> Giri\u015f sekmesinde Ko\u015fullu Bi\u00e7imlendirme a\u00e7\u0131l\u0131r men\u00fcs\u00fcne t\u0131klay\u0131n.<\/li><li> Bundan sonra \u201cSimge Setleri\u201d se\u00e7ene\u011fine gidin.<\/li><li> Sonunda se\u00e7ilen verilere uygulamak istedi\u011finiz simge setini se\u00e7in. <\/li><\/ol><div class=\"wp-block-image\"><figure class=\"aligncenter size-full is-resized\"><img loading=\"lazy\" decoding=\"async\" class=\"wp-image-75180\" src=\"https:\/\/exceladvisor.org\/wp-content\/uploads\/2023\/08\/2-jeux-dicones-de-mise-en-forme-conditionnelle.png\" sizes=\"auto, \" srcset=\"\" alt=\"ko\u015fullu bi\u00e7imlendirme simge setleri\" width=\"578\" height=\"507\"><\/figure><\/div><h2 class=\"wp-block-heading\"> Simge k\u00fcmelerini uygulamaya y\u00f6nelik \u00f6zel kurallar<\/h2><p> Simge k\u00fcmelerini verilere uygulad\u0131\u011f\u0131n\u0131zda Excel otomatik olarak uygulanacak bir kural olu\u015fturur. Hangi de\u011ferlerin en d\u00fc\u015f\u00fck, en y\u00fcksek ve ortada oldu\u011funa karar verir. Ancak isterseniz bunlara kendiniz karar verebilirsiniz. Simge setlerini a\u00e7\u0131n ve daha fazla kurala t\u0131klay\u0131n. <\/p><div class=\"wp-block-image\"><figure class=\"aligncenter size-full is-resized\"><img loading=\"lazy\" decoding=\"async\" class=\"wp-image-75181\" src=\"https:\/\/exceladvisor.org\/wp-content\/uploads\/2023\/08\/3-regles-personnalisees-pour-appliquer-des-jeux-dicones.png\" sizes=\"auto, \" srcset=\"\" alt=\"uygulanacak \u00f6zel kural simge k\u00fcmeleri\" width=\"216\" height=\"496\"><\/figure><\/div><p> Bu, yeni bi\u00e7imlendirme kural\u0131 ileti\u015fim kutusunu a\u00e7acakt\u0131r (simge k\u00fcmelerini a\u00e7mak i\u00e7in klavye k\u0131sayolu: Alt \u21e2 H \u21e2 L \u21e2 I \u21e2 M). <\/p><div class=\"wp-block-image\"><figure class=\"aligncenter size-full is-resized\"><img loading=\"lazy\" decoding=\"async\" class=\"wp-image-75182\" src=\"https:\/\/exceladvisor.org\/wp-content\/uploads\/2023\/08\/4-nouvelle-boite-de-dialogue-de-regle-de-formatage.png\" sizes=\"auto, \" srcset=\"\" alt=\"yeni-bi\u00e7imlendirme-kural-ileti\u015fim kutusu\" width=\"558\" height=\"511\"><\/figure><\/div><p> Varsay\u0131lan olarak y\u00fczdeye dayal\u0131 kural t\u00fcr\u00fcne sahipsiniz. <\/p><div class=\"wp-block-image\"><figure class=\"aligncenter size-full is-resized\"><img loading=\"lazy\" decoding=\"async\" class=\"wp-image-75183\" src=\"https:\/\/exceladvisor.org\/wp-content\/uploads\/2023\/08\/5-regles-basees-sur-le-pourcentage.png\" sizes=\"auto, \" srcset=\"\" alt=\"y\u00fczdeye dayal\u0131 kurallar\" width=\"610\" height=\"309\"><\/figure><\/div><p> Ancak bir simge setine kural uygulaman\u0131n d\u00f6rt farkl\u0131 yolu vard\u0131r. <\/p><div class=\"wp-block-image\"><figure class=\"aligncenter size-full is-resized\"><img loading=\"lazy\" decoding=\"async\" class=\"wp-image-75184\" src=\"https:\/\/exceladvisor.org\/wp-content\/uploads\/2023\/08\/6-quatre-facons-dappliquer-le-jeu-dicones.png\" sizes=\"auto, \" srcset=\"\" alt=\"uygulaman\u0131n d\u00f6rt yolunu i\u00e7eren simgeler k\u00fcmesi\" width=\"349\" height=\"171\"><\/figure><\/div><h2 class=\"wp-block-heading\"> Simge k\u00fcmelerini uygulamak i\u00e7in \u00f6zel bir say\u0131 aral\u0131\u011f\u0131 kullan\u0131n<\/h2><p> A\u015fa\u011f\u0131daki \u00f6rnekte \u00f6zel bir say\u0131 aral\u0131\u011f\u0131 kulland\u0131k: <\/p><div class=\"wp-block-image\"><figure class=\"aligncenter size-full is-resized\"><img loading=\"lazy\" decoding=\"async\" class=\"wp-image-75185\" src=\"https:\/\/exceladvisor.org\/wp-content\/uploads\/2023\/08\/7-plages-de-numeros-personnalisees.png\" sizes=\"auto, \" srcset=\"\" alt=\"\u00f6zel numara aral\u0131\u011f\u0131\" width=\"659\" height=\"502\"><\/figure><\/div><ol type=\"1\"><li> 1500&#8217;den b\u00fcy\u00fck ve ona e\u015fit de\u011ferler i\u00e7in ye\u015fil yukar\u0131 ok simgesi.<\/li><li> 1500 ile 1000 aras\u0131ndaki de\u011ferler i\u00e7in sar\u0131 \u00e7ubuk simgesi.<\/li><li> 1000&#8217;den k\u00fc\u00e7\u00fck de\u011ferler i\u00e7in k\u0131rm\u0131z\u0131 \u00e7ubuk simgesi.<\/li><\/ol><h2 class=\"wp-block-heading\"> Form\u00fcl tabanl\u0131 simge k\u00fcmeleri uygulay\u0131n (de\u011fer ba\u015fka bir h\u00fccreye ba\u011fl\u0131d\u0131r)<\/h2><p> A\u015fa\u011f\u0131daki \u00f6rnekte, C2 ve C3 h\u00fccrelerini temel alan de\u011fer tabanl\u0131 simge k\u00fcmeleri uygulad\u0131k. Ve yaz\u0131 tipinde bir form\u00fcl kulland\u0131k. <\/p><div class=\"wp-block-image\"><figure class=\"aligncenter size-full is-resized\"><img loading=\"lazy\" decoding=\"async\" class=\"wp-image-75186\" src=\"https:\/\/exceladvisor.org\/wp-content\/uploads\/2023\/08\/8-appliquer-des-jeux-dicones-bases-sur-la-formule.png\" sizes=\"auto, \" srcset=\"\" alt=\"form\u00fcl tabanl\u0131 simge k\u00fcmelerini uygulama\" width=\"687\" height=\"483\"><\/figure><\/div><p> Ve her iki h\u00fccrenin de\u011ferini de\u011fi\u015ftirdi\u011finizde verideki simge setleri de de\u011fi\u015fecektir. <\/p><div class=\"wp-block-image\"><figure class=\"aligncenter size-full is-resized\"><img loading=\"lazy\" decoding=\"async\" class=\"wp-image-75187\" src=\"https:\/\/exceladvisor.org\/wp-content\/uploads\/2023\/08\/9-jeux-dicones-de-changement-avec-changement-de-valeur.png\" sizes=\"auto, \" srcset=\"\" alt=\"de\u011fer de\u011fi\u015fikli\u011fi ile simge k\u00fcmesini de\u011fi\u015ftir\" width=\"395\" height=\"342\"><\/figure><\/div><h2 class=\"wp-block-heading\"> Simge setleriyle di\u011fer se\u00e7enekler<\/h2><ol type=\"1\"><li> <strong>Simge s\u0131ras\u0131n\u0131 ters \u00e7evir<\/strong> : Simge bi\u00e7imlendirmesini uygularken simgelerin s\u0131ras\u0131n\u0131 tersten de\u011fi\u015ftirebilirsiniz. B\u00f6ylece en y\u00fcksek de\u011fere sahip simge en d\u00fc\u015f\u00fck de\u011fere do\u011fru hareket edecektir.<\/li><li> <strong>Yaln\u0131zca Simgeyi G\u00f6ster<\/strong> : Bu se\u00e7ene\u011fi i\u015faretledi\u011finizde aral\u0131k de\u011ferlerini gizleyecek ve yaln\u0131zca sahip oldu\u011funuz simgeleri g\u00f6sterecektir.<\/li><li> <strong>Simge Stili<\/strong> : Simge stilini de\u011fi\u015ftirebilirsiniz. Bildi\u011finiz gibi uygulayabilece\u011fimiz 20 farkl\u0131 stilimiz var.<\/li><li> <strong>Her de\u011fer i\u00e7in farkl\u0131 simgeler<\/strong> : Her de\u011fer i\u00e7in farkl\u0131 bir simge se\u00e7ebilirsiniz. Orta, d\u00fc\u015f\u00fck ve y\u00fcksek de\u011ferler i\u00e7in farkl\u0131 bir simge. <\/li><\/ol><div class=\"wp-block-image\"><figure class=\"aligncenter size-full is-resized\"><img loading=\"lazy\" decoding=\"async\" class=\"wp-image-75188\" src=\"https:\/\/exceladvisor.org\/wp-content\/uploads\/2023\/08\/10-autres-options-avec-jeux-dicones.png\" sizes=\"auto, \" srcset=\"\" alt=\"simge-setleriyle-di\u011fer-se\u00e7enekler\" width=\"597\" height=\"333\"><\/figure><\/div><h2 class=\"wp-block-heading\"> Excel Mac&#8217;teki simge k\u00fcmeleri<\/h2><p> Mac i\u00e7in Excel kullan\u0131yorsan\u0131z t\u00fcm se\u00e7enekler t\u0131pk\u0131 Windows&#8217;ta oldu\u011fu gibi ayn\u0131d\u0131r. Yukar\u0131daki ad\u0131mlar ayn\u0131 zamanda simge setlerini ona uygulaman\u0131za da yard\u0131mc\u0131 olacakt\u0131r. <\/p><div class=\"wp-block-image\"><figure class=\"aligncenter size-full is-resized\"><img loading=\"lazy\" decoding=\"async\" class=\"wp-image-75189\" src=\"https:\/\/exceladvisor.org\/wp-content\/uploads\/2023\/08\/11-jeux-dicones-sur-mac.png\" sizes=\"auto, \" srcset=\"\" alt=\"Mac'teki simge ayarlar\u0131\" width=\"439\" height=\"502\"><\/figure><\/div><div class=\"gb-container gb-container-4db6181c gb-container-mt\"> <a class=\"gb-button gb-button-c5897111 gb-button-text gb-button-mt-button\" href=\"https:\/\/exceladvisor.org\/tr\/excel-ilerlemesi\/\">\u0130leri Excel Dersleri<\/a><h2 class=\"gb-headline gb-headline-665e5f6b gb-headline-text gb-headline-mt-heading\"> \u0130lgili e\u011fitimler <\/h2><div class=\"gb-grid-wrapper gb-grid-wrapper-a20baf7c gb-grid-wrapper-mt-grid\"><div class=\"gb-grid-column gb-grid-column-65ddf67e\"><div class=\"gb-container gb-container-65ddf67e\"><ul><li> <a href=\"https:\/\/exceladvisor.org\/tr\/formuller-1\/\" data-wpil=\"url\">Ko\u015fullu bi\u00e7imlendirmedeki form\u00fcller<\/a><\/li><li> <a href=\"https:\/\/exceladvisor.org\/tr\/otomatik-format\/\">Excel&#8217;de otomatik bi\u00e7imlendirme se\u00e7ene\u011fi<\/a><\/li><li> <a href=\"https:\/\/exceladvisor.org\/tr\/alternatif-cizgileri-vurgula\/\">Renk \u00f6rne\u011fiyle Excel&#8217;deki alternatif sat\u0131rlar\u0131 vurgulay\u0131n<\/a> <\/li><\/ul><\/div><\/div><div class=\"gb-grid-column gb-grid-column-50067b57\"><div class=\"gb-container gb-container-50067b57\"><\/div><\/div><\/div><\/div>","protected":false},"excerpt":{"rendered":"","protected":false},"author":1,"featured_media":0,"parent":0,"menu_order":0,"comment_status":"open","ping_status":"closed","template":"","meta":{"ub_ctt_via":"","footnotes":""},"class_list":["post-1861","page","type-page","status-publish","hentry"],"featured_image_src":null,"yoast_head":"<!-- This site is optimized with the Yoast SEO plugin v25.4 - https:\/\/yoast.com\/wordpress\/plugins\/seo\/ -->\n<title>Excel&#039;de simge k\u00fcmeleri nas\u0131l kullan\u0131l\u0131r? (2023 K\u0131lavuzu)<\/title>\n<meta name=\"description\" content=\"Excel&#039;de ko\u015fullu bi\u00e7imlendirmeyi kulland\u0131\u011f\u0131n\u0131zda, verilerinizi sunmak i\u00e7in verilerinizin \u00fczerindeki simgeleri kullanabilirsiniz.\" \/>\n<meta name=\"robots\" content=\"index, follow, max-snippet:-1, max-image-preview:large, max-video-preview:-1\" \/>\n<link rel=\"canonical\" href=\"https:\/\/exceladvisor.org\/tr\/simge-oyunlari\/\" \/>\n<meta property=\"og:locale\" content=\"tr_TR\" \/>\n<meta property=\"og:type\" content=\"article\" \/>\n<meta property=\"og:title\" content=\"Excel&#039;de simge k\u00fcmeleri nas\u0131l kullan\u0131l\u0131r? (2023 K\u0131lavuzu)\" \/>\n<meta property=\"og:description\" content=\"Excel&#039;de ko\u015fullu bi\u00e7imlendirmeyi kulland\u0131\u011f\u0131n\u0131zda, verilerinizi sunmak i\u00e7in verilerinizin \u00fczerindeki simgeleri kullanabilirsiniz.\" \/>\n<meta property=\"og:url\" content=\"https:\/\/exceladvisor.org\/tr\/simge-oyunlari\/\" \/>\n<meta property=\"og:site_name\" content=\"Excel Advisor\" \/>\n<meta property=\"article:modified_time\" content=\"2023-12-10T06:02:29+00:00\" \/>\n<meta property=\"og:image\" content=\"https:\/\/exceladvisor.org\/wp-content\/uploads\/2023\/08\/1-jeux-dicones-dans-excel.png\" \/>\n<meta name=\"twitter:card\" content=\"summary_large_image\" \/>\n<meta name=\"twitter:label1\" content=\"Tahmini okuma s\u00fcresi\" \/>\n\t<meta name=\"twitter:data1\" content=\"3 dakika\" \/>\n<script type=\"application\/ld+json\" class=\"yoast-schema-graph\">{\"@context\":\"https:\/\/schema.org\",\"@graph\":[{\"@type\":\"WebPage\",\"@id\":\"https:\/\/exceladvisor.org\/tr\/simge-oyunlari\/\",\"url\":\"https:\/\/exceladvisor.org\/tr\/simge-oyunlari\/\",\"name\":\"Excel&#39;de simge k\u00fcmeleri nas\u0131l kullan\u0131l\u0131r? (2023 K\u0131lavuzu)\",\"isPartOf\":{\"@id\":\"https:\/\/exceladvisor.org\/tr\/#website\"},\"primaryImageOfPage\":{\"@id\":\"https:\/\/exceladvisor.org\/tr\/simge-oyunlari\/#primaryimage\"},\"image\":{\"@id\":\"https:\/\/exceladvisor.org\/tr\/simge-oyunlari\/#primaryimage\"},\"thumbnailUrl\":\"https:\/\/exceladvisor.org\/wp-content\/uploads\/2023\/08\/1-jeux-dicones-dans-excel.png\",\"datePublished\":\"2023-10-30T19:02:43+00:00\",\"dateModified\":\"2023-12-10T06:02:29+00:00\",\"description\":\"Excel&#39;de ko\u015fullu bi\u00e7imlendirmeyi kulland\u0131\u011f\u0131n\u0131zda, verilerinizi sunmak i\u00e7in verilerinizin \u00fczerindeki simgeleri kullanabilirsiniz.\",\"breadcrumb\":{\"@id\":\"https:\/\/exceladvisor.org\/tr\/simge-oyunlari\/#breadcrumb\"},\"inLanguage\":\"tr\",\"potentialAction\":[{\"@type\":\"ReadAction\",\"target\":[\"https:\/\/exceladvisor.org\/tr\/simge-oyunlari\/\"]}]},{\"@type\":\"ImageObject\",\"inLanguage\":\"tr\",\"@id\":\"https:\/\/exceladvisor.org\/tr\/simge-oyunlari\/#primaryimage\",\"url\":\"https:\/\/exceladvisor.org\/wp-content\/uploads\/2023\/08\/1-jeux-dicones-dans-excel.png\",\"contentUrl\":\"https:\/\/exceladvisor.org\/wp-content\/uploads\/2023\/08\/1-jeux-dicones-dans-excel.png\"},{\"@type\":\"BreadcrumbList\",\"@id\":\"https:\/\/exceladvisor.org\/tr\/simge-oyunlari\/#breadcrumb\",\"itemListElement\":[{\"@type\":\"ListItem\",\"position\":1,\"name\":\"Ev\",\"item\":\"https:\/\/exceladvisor.org\/tr\/\"},{\"@type\":\"ListItem\",\"position\":2,\"name\":\"Excel&#39;de simge k\u00fcmeleri nas\u0131l kullan\u0131l\u0131r?\"}]},{\"@type\":\"WebSite\",\"@id\":\"https:\/\/exceladvisor.org\/tr\/#website\",\"url\":\"https:\/\/exceladvisor.org\/tr\/\",\"name\":\"Excel Advisor\",\"description\":\"Veri hakimiyetine y\u00f6nelik nihai rehberiniz!\",\"publisher\":{\"@id\":\"https:\/\/exceladvisor.org\/tr\/#organization\"},\"potentialAction\":[{\"@type\":\"SearchAction\",\"target\":{\"@type\":\"EntryPoint\",\"urlTemplate\":\"https:\/\/exceladvisor.org\/tr\/?s={search_term_string}\"},\"query-input\":{\"@type\":\"PropertyValueSpecification\",\"valueRequired\":true,\"valueName\":\"search_term_string\"}}],\"inLanguage\":\"tr\"},{\"@type\":\"Organization\",\"@id\":\"https:\/\/exceladvisor.org\/tr\/#organization\",\"name\":\"Excel Advisor\",\"url\":\"https:\/\/exceladvisor.org\/tr\/\",\"logo\":{\"@type\":\"ImageObject\",\"inLanguage\":\"tr\",\"@id\":\"https:\/\/exceladvisor.org\/tr\/#\/schema\/logo\/image\/\",\"url\":\"https:\/\/exceladvisor.org\/tr\/wp-content\/uploads\/2023\/12\/exceladvisor.org_.png\",\"contentUrl\":\"https:\/\/exceladvisor.org\/tr\/wp-content\/uploads\/2023\/12\/exceladvisor.org_.png\",\"width\":105,\"height\":36,\"caption\":\"Excel Advisor\"},\"image\":{\"@id\":\"https:\/\/exceladvisor.org\/tr\/#\/schema\/logo\/image\/\"}}]}<\/script>\n<!-- \/ Yoast SEO plugin. -->","yoast_head_json":{"title":"Excel&#39;de simge k\u00fcmeleri nas\u0131l kullan\u0131l\u0131r? (2023 K\u0131lavuzu)","description":"Excel&#39;de ko\u015fullu bi\u00e7imlendirmeyi kulland\u0131\u011f\u0131n\u0131zda, verilerinizi sunmak i\u00e7in verilerinizin \u00fczerindeki simgeleri kullanabilirsiniz.","robots":{"index":"index","follow":"follow","max-snippet":"max-snippet:-1","max-image-preview":"max-image-preview:large","max-video-preview":"max-video-preview:-1"},"canonical":"https:\/\/exceladvisor.org\/tr\/simge-oyunlari\/","og_locale":"tr_TR","og_type":"article","og_title":"Excel&#39;de simge k\u00fcmeleri nas\u0131l kullan\u0131l\u0131r? (2023 K\u0131lavuzu)","og_description":"Excel&#39;de ko\u015fullu bi\u00e7imlendirmeyi kulland\u0131\u011f\u0131n\u0131zda, verilerinizi sunmak i\u00e7in verilerinizin \u00fczerindeki simgeleri kullanabilirsiniz.","og_url":"https:\/\/exceladvisor.org\/tr\/simge-oyunlari\/","og_site_name":"Excel Advisor","article_modified_time":"2023-12-10T06:02:29+00:00","og_image":[{"url":"https:\/\/exceladvisor.org\/wp-content\/uploads\/2023\/08\/1-jeux-dicones-dans-excel.png","type":"","width":"","height":""}],"twitter_card":"summary_large_image","twitter_misc":{"Tahmini okuma s\u00fcresi":"3 dakika"},"schema":{"@context":"https:\/\/schema.org","@graph":[{"@type":"WebPage","@id":"https:\/\/exceladvisor.org\/tr\/simge-oyunlari\/","url":"https:\/\/exceladvisor.org\/tr\/simge-oyunlari\/","name":"Excel&#39;de simge k\u00fcmeleri nas\u0131l kullan\u0131l\u0131r? (2023 K\u0131lavuzu)","isPartOf":{"@id":"https:\/\/exceladvisor.org\/tr\/#website"},"primaryImageOfPage":{"@id":"https:\/\/exceladvisor.org\/tr\/simge-oyunlari\/#primaryimage"},"image":{"@id":"https:\/\/exceladvisor.org\/tr\/simge-oyunlari\/#primaryimage"},"thumbnailUrl":"https:\/\/exceladvisor.org\/wp-content\/uploads\/2023\/08\/1-jeux-dicones-dans-excel.png","datePublished":"2023-10-30T19:02:43+00:00","dateModified":"2023-12-10T06:02:29+00:00","description":"Excel&#39;de ko\u015fullu bi\u00e7imlendirmeyi kulland\u0131\u011f\u0131n\u0131zda, verilerinizi sunmak i\u00e7in verilerinizin \u00fczerindeki simgeleri kullanabilirsiniz.","breadcrumb":{"@id":"https:\/\/exceladvisor.org\/tr\/simge-oyunlari\/#breadcrumb"},"inLanguage":"tr","potentialAction":[{"@type":"ReadAction","target":["https:\/\/exceladvisor.org\/tr\/simge-oyunlari\/"]}]},{"@type":"ImageObject","inLanguage":"tr","@id":"https:\/\/exceladvisor.org\/tr\/simge-oyunlari\/#primaryimage","url":"https:\/\/exceladvisor.org\/wp-content\/uploads\/2023\/08\/1-jeux-dicones-dans-excel.png","contentUrl":"https:\/\/exceladvisor.org\/wp-content\/uploads\/2023\/08\/1-jeux-dicones-dans-excel.png"},{"@type":"BreadcrumbList","@id":"https:\/\/exceladvisor.org\/tr\/simge-oyunlari\/#breadcrumb","itemListElement":[{"@type":"ListItem","position":1,"name":"Ev","item":"https:\/\/exceladvisor.org\/tr\/"},{"@type":"ListItem","position":2,"name":"Excel&#39;de simge k\u00fcmeleri nas\u0131l kullan\u0131l\u0131r?"}]},{"@type":"WebSite","@id":"https:\/\/exceladvisor.org\/tr\/#website","url":"https:\/\/exceladvisor.org\/tr\/","name":"Excel Advisor","description":"Veri hakimiyetine y\u00f6nelik nihai rehberiniz!","publisher":{"@id":"https:\/\/exceladvisor.org\/tr\/#organization"},"potentialAction":[{"@type":"SearchAction","target":{"@type":"EntryPoint","urlTemplate":"https:\/\/exceladvisor.org\/tr\/?s={search_term_string}"},"query-input":{"@type":"PropertyValueSpecification","valueRequired":true,"valueName":"search_term_string"}}],"inLanguage":"tr"},{"@type":"Organization","@id":"https:\/\/exceladvisor.org\/tr\/#organization","name":"Excel Advisor","url":"https:\/\/exceladvisor.org\/tr\/","logo":{"@type":"ImageObject","inLanguage":"tr","@id":"https:\/\/exceladvisor.org\/tr\/#\/schema\/logo\/image\/","url":"https:\/\/exceladvisor.org\/tr\/wp-content\/uploads\/2023\/12\/exceladvisor.org_.png","contentUrl":"https:\/\/exceladvisor.org\/tr\/wp-content\/uploads\/2023\/12\/exceladvisor.org_.png","width":105,"height":36,"caption":"Excel Advisor"},"image":{"@id":"https:\/\/exceladvisor.org\/tr\/#\/schema\/logo\/image\/"}}]}},"yoast_meta":{"yoast_wpseo_title":"","yoast_wpseo_metadesc":"","yoast_wpseo_canonical":""},"_links":{"self":[{"href":"https:\/\/exceladvisor.org\/tr\/wp-json\/wp\/v2\/pages\/1861","targetHints":{"allow":["GET"]}}],"collection":[{"href":"https:\/\/exceladvisor.org\/tr\/wp-json\/wp\/v2\/pages"}],"about":[{"href":"https:\/\/exceladvisor.org\/tr\/wp-json\/wp\/v2\/types\/page"}],"author":[{"embeddable":true,"href":"https:\/\/exceladvisor.org\/tr\/wp-json\/wp\/v2\/users\/1"}],"replies":[{"embeddable":true,"href":"https:\/\/exceladvisor.org\/tr\/wp-json\/wp\/v2\/comments?post=1861"}],"version-history":[{"count":1,"href":"https:\/\/exceladvisor.org\/tr\/wp-json\/wp\/v2\/pages\/1861\/revisions"}],"predecessor-version":[{"id":2600,"href":"https:\/\/exceladvisor.org\/tr\/wp-json\/wp\/v2\/pages\/1861\/revisions\/2600"}],"wp:attachment":[{"href":"https:\/\/exceladvisor.org\/tr\/wp-json\/wp\/v2\/media?parent=1861"}],"curies":[{"name":"wp","href":"https:\/\/api.w.org\/{rel}","templated":true}]}}