{"id":1862,"date":"2023-10-30T18:56:26","date_gmt":"2023-10-30T18:56:26","guid":{"rendered":"https:\/\/exceladvisor.org\/tr\/geri-cekilmek\/"},"modified":"2023-12-10T06:01:30","modified_gmt":"2023-12-10T06:01:30","slug":"geri-cekilmek","status":"publish","type":"page","link":"https:\/\/exceladvisor.org\/tr\/geri-cekilmek\/","title":{"rendered":"Excel&#39;de ko\u015fullu bi\u00e7imlendirme nas\u0131l kald\u0131r\u0131l\u0131r?"},"content":{"rendered":"<div class=\"excel-icerikten-once\" id=\"excel-1025170941\"><script type=\"text\/javascript\">\r\n\tatOptions = {\r\n\t\t'key' : 'c1158f160081d6540a8409e6925dab94',\r\n\t\t'format' : 'iframe',\r\n\t\t'height' : 250,\r\n\t\t'width' : 300,\r\n\t\t'params' : {}\r\n\t};\r\n<\/script>\r\n<script type=\"text\/javascript\" src=\"\/\/www.highperformanceformat.com\/c1158f160081d6540a8409e6925dab94\/invoke.js\"><\/script><\/div> <p>Ko\u015fullu bi\u00e7imlendirme uygulad\u0131\u011f\u0131n\u0131zda tek t\u0131klamayla kald\u0131rma se\u00e7ene\u011finiz de vard\u0131r. A\u015fa\u011f\u0131daki \u00f6rnekte ko\u015fullu renk skalas\u0131 bi\u00e7imlendirmesine sahip bir tablonuz var. <\/p><div class=\"wp-block-image\"><figure class=\"aligncenter size-full is-resized\"><img loading=\"lazy\" decoding=\"async\" class=\"wp-image-85901\" src=\"https:\/\/exceladvisor.org\/wp-content\/uploads\/2023\/08\/1-supprimer-la-mise-en-forme-conditionnelle.png\" sizes=\"auto, \" srcset=\"\" alt=\"ko\u015fullu bi\u00e7imlendirmeyi kald\u0131r\" width=\"549\" height=\"451\"><\/figure><\/div><p> Bu ko\u015fullu bi\u00e7imlendirmeyi kald\u0131rmak i\u00e7in size uygun olarak kullanabilece\u011finiz farkl\u0131 y\u00f6ntemleriniz vard\u0131r.<\/p><h2 class=\"wp-block-heading\"> Ko\u015fullu bi\u00e7imlendirmeyi kald\u0131rma se\u00e7ene\u011fini temizleyin<\/h2><ol type=\"1\"><li> \u0130lk \u00f6nce tablonun tamam\u0131n\u0131 se\u00e7in.<\/li><li> Ana Sayfa sekmesine gidin.<\/li><li> Ve ard\u0131ndan ko\u015fullu bi\u00e7imlendirme.<\/li><li> Daha sonra \u201cKurallar\u0131 Temizle\u201dye t\u0131klay\u0131n.<\/li><li> Son olarak \u201cSe\u00e7ili h\u00fccrelerdeki kurallar\u0131 temizle\u201d se\u00e7ene\u011fine t\u0131klay\u0131n. <\/li><\/ol><div class=\"wp-block-image\"><figure class=\"aligncenter size-full is-resized\"><img loading=\"lazy\" decoding=\"async\" class=\"wp-image-85902\" src=\"https:\/\/exceladvisor.org\/wp-content\/uploads\/2023\/08\/2-option-claire-pour-supprimer-la-mise-en-forme-conditionnelle.png\" sizes=\"auto, \" srcset=\"\" alt=\"ko\u015fullu bi\u00e7imlendirmeyi kald\u0131rma se\u00e7ene\u011fi\" width=\"648\" height=\"423\"><\/figure><\/div><p> T\u0131kland\u0131\u011f\u0131nda, se\u00e7ilen aral\u0131ktaki ko\u015fullu bi\u00e7imlendirme kald\u0131r\u0131lacakt\u0131r. <\/p><div class=\"wp-block-image\"><figure class=\"aligncenter size-full is-resized\"><img loading=\"lazy\" decoding=\"async\" class=\"wp-image-85903\" src=\"https:\/\/exceladvisor.org\/wp-content\/uploads\/2023\/08\/3-mises-en-forme-conditionnelles-supprimees.png\" sizes=\"auto, \" srcset=\"\" alt=\"ko\u015fullu bi\u00e7imlendirme kald\u0131r\u0131ld\u0131\" width=\"536\" height=\"387\"><\/figure><\/div><p> Ve e\u011fer onu t\u00fcm sayfadan kald\u0131rmak istiyorsan\u0131z, \u201cT\u00fcm Sayfadan Kurallar\u0131 Temizle\u201d ye t\u0131klay\u0131n. <\/p><div class=\"wp-block-image\"><figure class=\"aligncenter size-full is-resized\"><img loading=\"lazy\" decoding=\"async\" class=\"wp-image-85904\" src=\"https:\/\/exceladvisor.org\/wp-content\/uploads\/2023\/08\/4-regles-claires-de-la-feuille-entiere.png\" sizes=\"auto, \" srcset=\"\" alt=\"t\u00fcm sayfadan-kurallar\u0131-temizle\" width=\"466\" height=\"185\"><\/figure><\/div><h2 class=\"wp-block-heading\"> Ko\u015fullu bi\u00e7imlendirmeyi temizlemek i\u00e7in Kurallar\u0131 Y\u00f6net se\u00e7ene\u011fini kullan\u0131n<\/h2><p> Ko\u015fullu bi\u00e7imlendirmenin uyguland\u0131\u011f\u0131 aral\u0131\u011f\u0131 se\u00e7tikten sonra Ana Sayfa sekmesi \u21e2 Ko\u015fullu Bi\u00e7imlendirme \u21e2 Kurallar\u0131 Y\u00f6net&#8217;e gidin. <\/p><div class=\"wp-block-image\"><figure class=\"aligncenter size-full is-resized\"><img loading=\"lazy\" decoding=\"async\" class=\"wp-image-85905\" src=\"https:\/\/exceladvisor.org\/wp-content\/uploads\/2023\/08\/5-gerer-les-regles-pour-effacer-le-formatage.png\" sizes=\"auto, \" srcset=\"\" alt=\"bi\u00e7imlendirmeyi-temizlemek i\u00e7in-kurallar\u0131-y\u00f6net\" width=\"237\" height=\"425\"><\/figure><\/div><p> \u201cKurallar\u0131 Y\u00f6net\u201d se\u00e7ene\u011fine t\u0131klad\u0131\u011f\u0131n\u0131zda, size a\u015fa\u011f\u0131daki ileti\u015fim kutusunu g\u00f6sterecektir. <\/p><div class=\"wp-block-image\"><figure class=\"aligncenter size-full is-resized\"><img loading=\"lazy\" decoding=\"async\" class=\"wp-image-85906\" src=\"https:\/\/exceladvisor.org\/wp-content\/uploads\/2023\/08\/6-boite-de-dialogue-de-gestion-des-regles.png\" sizes=\"auto, \" srcset=\"\" alt=\"kural y\u00f6netimi ileti\u015fim kutusu\" width=\"684\" height=\"248\"><\/figure><\/div><p> Buradan ko\u015fullu bi\u00e7imlendirmeyi se\u00e7ip \u201cKural Sil\u201d butonuna t\u0131klayarak kald\u0131rabilirsiniz. <\/p><div class=\"wp-block-image\"><figure class=\"aligncenter size-full is-resized\"><img loading=\"lazy\" decoding=\"async\" class=\"wp-image-85907\" src=\"https:\/\/exceladvisor.org\/wp-content\/uploads\/2023\/08\/7-cliquez-sur-le-bouton-supprimer-la-regle.png\" sizes=\"auto, \" srcset=\"\" alt=\"kural\u0131 sil d\u00fc\u011fmesine t\u0131klay\u0131n\" width=\"514\" height=\"205\"><\/figure><\/div><p> Se\u00e7imdeki ko\u015fullu bi\u00e7imlendirmeyi an\u0131nda temizleyecektir. Ve bunu e-tablonun tamam\u0131ndan kald\u0131r\u0131rsan\u0131z, a\u00e7\u0131l\u0131r men\u00fc se\u00e7imini &#8220;Bu E-tablo&#8221; olarak de\u011fi\u015ftirebilirsiniz. <\/p><div class=\"wp-block-image\"><figure class=\"aligncenter size-full is-resized\"><img loading=\"lazy\" decoding=\"async\" class=\"wp-image-85908\" src=\"https:\/\/exceladvisor.org\/wp-content\/uploads\/2023\/08\/8-formatage-clair-a-partir-de-la-selection.png\" sizes=\"auto, \" srcset=\"\" alt=\"se\u00e7imden-bi\u00e7imlendirmeyi temizle\" width=\"452\" height=\"87\"><\/figure><\/div><h2 class=\"wp-block-heading\"> Klavye k\u0131sayolu kullanma<\/h2><p> \u00c7ok fazla ko\u015fullu bi\u00e7imlendirmeniz varsa k\u0131sayolu \u00f6\u011frenmeniz gerekir; bu, herhangi bir se\u00e7ene\u011fi kullanmadan onu kald\u0131rman\u0131za yard\u0131mc\u0131 olabilir.<\/p><p> <kbd>Alt<\/kbd> \u21e2 <kbd>H<\/kbd> \u21e2 <kbd>L<\/kbd> \u21e2 <kbd>C<\/kbd> \u21e2 <kbd>S<\/kbd><\/p><p> Bu k\u0131sayol, ilk y\u00f6ntemde kulland\u0131\u011f\u0131m\u0131z se\u00e7ene\u011fin ayn\u0131s\u0131n\u0131 yaln\u0131zca klavye tu\u015flar\u0131yla kullan\u0131r.<\/p><h2 class=\"wp-block-heading\"> H\u0131zl\u0131 tarama arac\u0131n\u0131n Temizle se\u00e7ene\u011fini kullan\u0131n<\/h2><p> Ko\u015fullu bi\u00e7imlendirmeli aral\u0131\u011f\u0131 se\u00e7ti\u011finizde Excel size sa\u011f altta H\u0131zl\u0131 Analiz arac\u0131n\u0131 g\u00f6sterir. Ve oradan ko\u015fullu bi\u00e7imlendirmeyi kald\u0131rmak i\u00e7in \u201cBi\u00e7imi Temizle\u201d se\u00e7ene\u011fini kullan\u0131rs\u0131n\u0131z. <\/p><div class=\"wp-block-image\"><figure class=\"aligncenter size-full is-resized\"><img loading=\"lazy\" decoding=\"async\" class=\"wp-image-85909\" src=\"https:\/\/exceladvisor.org\/wp-content\/uploads\/2023\/08\/9-option-claire-de-loutil-danalyse-rapide.png\" sizes=\"auto, \" srcset=\"\" alt=\"h\u0131zl\u0131-analiz-arac\u0131ndan-temizleme se\u00e7ene\u011fi\" width=\"716\" height=\"335\"><\/figure><\/div><h2 class=\"wp-block-heading\"> H\u0131zl\u0131 Eri\u015fim Ara\u00e7 \u00c7ubu\u011fu&#8217;nda d\u00fc\u011fme olu\u015fturma<\/h2><p> Ko\u015fullu bi\u00e7imlendirmeyi temizlemek i\u00e7in <a href=\"https:\/\/exceladvisor.org\/tr\/hizli-erisim-cubugu\/\">H\u0131zl\u0131 Eri\u015fim Ara\u00e7 \u00c7ubu\u011fu&#8217;na<\/a> bir d\u00fc\u011fme de ekleyebilirsiniz. Dosyaya Git \u21e2 <a href=\"https:\/\/exceladvisor.org\/tr\/secenekler\/\">Excel Se\u00e7enekleri<\/a> \u21e2 H\u0131zl\u0131 Eri\u015fim Ara\u00e7 \u00c7ubu\u011fu \u21e2 \u201cGiri\u015f Sekmesi\u201d Komutlar\u0131n\u0131 Se\u00e7in \u21e2 \u201cSe\u00e7ilen H\u00fccrelerden Kurallar\u0131 Temizle\u201dyi se\u00e7in \u21e2 Ekle \u21e2 Tamam. <\/p><div class=\"wp-block-image\"><figure class=\"aligncenter size-full is-resized\"><img loading=\"lazy\" decoding=\"async\" class=\"wp-image-85910\" src=\"https:\/\/exceladvisor.org\/wp-content\/uploads\/2023\/08\/10-bouton-creer-sur-la-barre-doutils-dacces-rapide.png\" sizes=\"auto, \" srcset=\"\" alt=\"h\u0131zl\u0131 eri\u015fim ara\u00e7 \u00e7ubu\u011funda olu\u015ftur d\u00fc\u011fmesi\" width=\"672\" height=\"433\"><\/figure><\/div><p> Ko\u015fullu bi\u00e7imlendirmeyi tek t\u0131klamayla temizlemek i\u00e7in h\u0131zl\u0131 eri\u015fim ara\u00e7 \u00e7ubu\u011funda bir d\u00fc\u011fme bulunur.<\/p><h2 class=\"wp-block-heading\"> T\u00fcm bi\u00e7imlendirmeyi temizle<\/h2><p> Ko\u015fullu bi\u00e7imlendirmeden ba\u015fka bir \u015feyiniz yoksa t\u00fcm bi\u00e7imlendirmeyi de temizleyebilirsiniz. Klavye k\u0131sayolunu kullanabilirsiniz:<\/p><p> <kbd>Alt<\/kbd> \u21e2 <kbd>H<\/kbd> \u21e2 <kbd>E<\/kbd> \u21e2 <kbd>F<\/kbd><\/p><p> Veya Giri\u015f sekmesindeki format\u0131 temizle se\u00e7ene\u011fini kullanabilirsiniz. <\/p><div class=\"wp-block-image\"><figure class=\"aligncenter size-full is-resized\"><img loading=\"lazy\" decoding=\"async\" class=\"wp-image-85911\" src=\"https:\/\/exceladvisor.org\/wp-content\/uploads\/2023\/08\/11-raccourci-pour-supprimer-tout-le-formatage.png\" sizes=\"auto, \" srcset=\"\" alt=\"t\u00fcm bi\u00e7imlendirmeleri kald\u0131rmak i\u00e7in k\u0131sayol\" width=\"521\" height=\"385\"><\/figure><\/div><p> S\u00f6yledi\u011fim gibi, bu, se\u00e7ilen aral\u0131k veya h\u00fccredeki bi\u00e7imlendirmeyi tamamen kald\u0131r\u0131r. <\/p><div class=\"wp-block-image\"><figure class=\"aligncenter size-full is-resized\"><img loading=\"lazy\" decoding=\"async\" class=\"wp-image-85912\" src=\"https:\/\/exceladvisor.org\/wp-content\/uploads\/2023\/08\/12-formatage-entierement-supprime.png\" sizes=\"auto, \" srcset=\"\" alt=\"bi\u00e7imlendirme-tamamen silindi\" width=\"614\" height=\"395\"><\/figure><\/div><p> Yukar\u0131da tart\u0131\u015ft\u0131\u011f\u0131m\u0131z t\u00fcm y\u00f6ntemler aras\u0131nda en iyisi Giri\u015f sekmesindeki Ko\u015fullu Bi\u00e7imlendirme a\u00e7\u0131l\u0131r se\u00e7ene\u011fini, klavye k\u0131sayolunu ve Giri\u015f sekmesi ara\u00e7 \u00e7ubu\u011fundaki Olu\u015ftur d\u00fc\u011fmesini kullanmakt\u0131r. h\u0131zl\u0131 eri\u015fim.<\/p><div class=\"gb-container gb-container-6076ba72 gb-container-mt\"> <a class=\"gb-button gb-button-76e6a499 gb-button-text gb-button-mt-button\" href=\"https:\/\/exceladvisor.org\/tr\/excelin-temelleri\/\">Excel&#8217;in temellerini \u00f6\u011frenin<\/a><h2 class=\"gb-headline gb-headline-a9e9e206 gb-headline-text gb-headline-mt-heading\"> <a href=\"https:\/\/exceladvisor.org\/tr\/kosullu-bicimlendirme\/\">Ko\u015fullu bi\u00e7imlendirme<\/a> hakk\u0131nda daha fazla bilgi edinin <\/h2><div class=\"gb-grid-wrapper gb-grid-wrapper-790317cb gb-grid-wrapper-mt-grid\"><div class=\"gb-grid-column gb-grid-column-a9845ede\"><div class=\"gb-container gb-container-a9845ede\"><ul><li> <a href=\"https:\/\/exceladvisor.org\/tr\/kosullu-bicimlendirmeyi-uygula\/\">Pivot tabloya ko\u015fullu bi\u00e7imlendirme uygulama<\/a><\/li><li> <a href=\"https:\/\/exceladvisor.org\/tr\/bos-hucreler\/\">Excel&#8217;de Bo\u015f H\u00fccrelere Ko\u015fullu Bi\u00e7imlendirme Uygulay\u0131n<\/a><\/li><li> <a href=\"https:\/\/exceladvisor.org\/tr\/sutunlari-karsilastir\/\">Ko\u015fullu bi\u00e7imlendirmeyi kullanarak iki s\u00fctunu kar\u015f\u0131la\u015ft\u0131rma<\/a><\/li><li> <a href=\"https:\/\/exceladvisor.org\/tr\/baska-bir-hucre\/\">Ba\u015fka bir h\u00fccreye dayal\u0131 ko\u015fullu bi\u00e7imlendirme uygulama<\/a><\/li><li> <a href=\"https:\/\/exceladvisor.org\/tr\/baska-bir-sutun\/\">Ba\u015fka bir s\u00fctuna dayal\u0131 olarak ko\u015fullu bi\u00e7imlendirme uygulama<\/a><\/li><\/ul><\/div><\/div><\/div><\/div>","protected":false},"excerpt":{"rendered":"","protected":false},"author":1,"featured_media":0,"parent":0,"menu_order":0,"comment_status":"open","ping_status":"closed","template":"","meta":{"ub_ctt_via":"","footnotes":""},"class_list":["post-1862","page","type-page","status-publish","hentry"],"featured_image_src":null,"yoast_head":"<!-- This site is optimized with the Yoast SEO plugin v25.4 - https:\/\/yoast.com\/wordpress\/plugins\/seo\/ -->\n<title>Excel&#039;de ko\u015fullu bi\u00e7imlendirme nas\u0131l kald\u0131r\u0131l\u0131r?<\/title>\n<meta name=\"description\" content=\"Bu e\u011fitim size farkl\u0131 y\u00f6ntemler kullanarak Excel&#039;deki ko\u015fullu bi\u00e7imlendirmeyi nas\u0131l kald\u0131raca\u011f\u0131n\u0131z\u0131 \u00f6\u011fretecektir. Bunu kontrol edelim...\" \/>\n<meta name=\"robots\" content=\"index, follow, max-snippet:-1, max-image-preview:large, max-video-preview:-1\" \/>\n<link rel=\"canonical\" href=\"https:\/\/exceladvisor.org\/tr\/geri-cekilmek\/\" \/>\n<meta property=\"og:locale\" content=\"tr_TR\" \/>\n<meta property=\"og:type\" content=\"article\" \/>\n<meta property=\"og:title\" content=\"Excel&#039;de ko\u015fullu bi\u00e7imlendirme nas\u0131l kald\u0131r\u0131l\u0131r?\" \/>\n<meta property=\"og:description\" content=\"Bu e\u011fitim size farkl\u0131 y\u00f6ntemler kullanarak Excel&#039;deki ko\u015fullu bi\u00e7imlendirmeyi nas\u0131l kald\u0131raca\u011f\u0131n\u0131z\u0131 \u00f6\u011fretecektir. Bunu kontrol edelim...\" \/>\n<meta property=\"og:url\" content=\"https:\/\/exceladvisor.org\/tr\/geri-cekilmek\/\" \/>\n<meta property=\"og:site_name\" content=\"Excel Advisor\" \/>\n<meta property=\"article:modified_time\" content=\"2023-12-10T06:01:30+00:00\" \/>\n<meta property=\"og:image\" content=\"https:\/\/exceladvisor.org\/wp-content\/uploads\/2023\/08\/1-supprimer-la-mise-en-forme-conditionnelle.png\" \/>\n<meta name=\"twitter:card\" content=\"summary_large_image\" \/>\n<meta name=\"twitter:label1\" content=\"Tahmini okuma s\u00fcresi\" \/>\n\t<meta name=\"twitter:data1\" content=\"3 dakika\" \/>\n<script type=\"application\/ld+json\" class=\"yoast-schema-graph\">{\"@context\":\"https:\/\/schema.org\",\"@graph\":[{\"@type\":\"WebPage\",\"@id\":\"https:\/\/exceladvisor.org\/tr\/geri-cekilmek\/\",\"url\":\"https:\/\/exceladvisor.org\/tr\/geri-cekilmek\/\",\"name\":\"Excel&#39;de ko\u015fullu bi\u00e7imlendirme nas\u0131l kald\u0131r\u0131l\u0131r?\",\"isPartOf\":{\"@id\":\"https:\/\/exceladvisor.org\/tr\/#website\"},\"primaryImageOfPage\":{\"@id\":\"https:\/\/exceladvisor.org\/tr\/geri-cekilmek\/#primaryimage\"},\"image\":{\"@id\":\"https:\/\/exceladvisor.org\/tr\/geri-cekilmek\/#primaryimage\"},\"thumbnailUrl\":\"https:\/\/exceladvisor.org\/wp-content\/uploads\/2023\/08\/1-supprimer-la-mise-en-forme-conditionnelle.png\",\"datePublished\":\"2023-10-30T18:56:26+00:00\",\"dateModified\":\"2023-12-10T06:01:30+00:00\",\"description\":\"Bu e\u011fitim size farkl\u0131 y\u00f6ntemler kullanarak Excel&#39;deki ko\u015fullu bi\u00e7imlendirmeyi nas\u0131l kald\u0131raca\u011f\u0131n\u0131z\u0131 \u00f6\u011fretecektir. Bunu kontrol edelim...\",\"breadcrumb\":{\"@id\":\"https:\/\/exceladvisor.org\/tr\/geri-cekilmek\/#breadcrumb\"},\"inLanguage\":\"tr\",\"potentialAction\":[{\"@type\":\"ReadAction\",\"target\":[\"https:\/\/exceladvisor.org\/tr\/geri-cekilmek\/\"]}]},{\"@type\":\"ImageObject\",\"inLanguage\":\"tr\",\"@id\":\"https:\/\/exceladvisor.org\/tr\/geri-cekilmek\/#primaryimage\",\"url\":\"https:\/\/exceladvisor.org\/wp-content\/uploads\/2023\/08\/1-supprimer-la-mise-en-forme-conditionnelle.png\",\"contentUrl\":\"https:\/\/exceladvisor.org\/wp-content\/uploads\/2023\/08\/1-supprimer-la-mise-en-forme-conditionnelle.png\"},{\"@type\":\"BreadcrumbList\",\"@id\":\"https:\/\/exceladvisor.org\/tr\/geri-cekilmek\/#breadcrumb\",\"itemListElement\":[{\"@type\":\"ListItem\",\"position\":1,\"name\":\"Ev\",\"item\":\"https:\/\/exceladvisor.org\/tr\/\"},{\"@type\":\"ListItem\",\"position\":2,\"name\":\"Excel&#39;de ko\u015fullu bi\u00e7imlendirme nas\u0131l kald\u0131r\u0131l\u0131r?\"}]},{\"@type\":\"WebSite\",\"@id\":\"https:\/\/exceladvisor.org\/tr\/#website\",\"url\":\"https:\/\/exceladvisor.org\/tr\/\",\"name\":\"Excel Advisor\",\"description\":\"Veri hakimiyetine y\u00f6nelik nihai rehberiniz!\",\"publisher\":{\"@id\":\"https:\/\/exceladvisor.org\/tr\/#organization\"},\"potentialAction\":[{\"@type\":\"SearchAction\",\"target\":{\"@type\":\"EntryPoint\",\"urlTemplate\":\"https:\/\/exceladvisor.org\/tr\/?s={search_term_string}\"},\"query-input\":{\"@type\":\"PropertyValueSpecification\",\"valueRequired\":true,\"valueName\":\"search_term_string\"}}],\"inLanguage\":\"tr\"},{\"@type\":\"Organization\",\"@id\":\"https:\/\/exceladvisor.org\/tr\/#organization\",\"name\":\"Excel Advisor\",\"url\":\"https:\/\/exceladvisor.org\/tr\/\",\"logo\":{\"@type\":\"ImageObject\",\"inLanguage\":\"tr\",\"@id\":\"https:\/\/exceladvisor.org\/tr\/#\/schema\/logo\/image\/\",\"url\":\"https:\/\/exceladvisor.org\/tr\/wp-content\/uploads\/2023\/12\/exceladvisor.org_.png\",\"contentUrl\":\"https:\/\/exceladvisor.org\/tr\/wp-content\/uploads\/2023\/12\/exceladvisor.org_.png\",\"width\":105,\"height\":36,\"caption\":\"Excel Advisor\"},\"image\":{\"@id\":\"https:\/\/exceladvisor.org\/tr\/#\/schema\/logo\/image\/\"}}]}<\/script>\n<!-- \/ Yoast SEO plugin. -->","yoast_head_json":{"title":"Excel&#39;de ko\u015fullu bi\u00e7imlendirme nas\u0131l kald\u0131r\u0131l\u0131r?","description":"Bu e\u011fitim size farkl\u0131 y\u00f6ntemler kullanarak Excel&#39;deki ko\u015fullu bi\u00e7imlendirmeyi nas\u0131l kald\u0131raca\u011f\u0131n\u0131z\u0131 \u00f6\u011fretecektir. Bunu kontrol edelim...","robots":{"index":"index","follow":"follow","max-snippet":"max-snippet:-1","max-image-preview":"max-image-preview:large","max-video-preview":"max-video-preview:-1"},"canonical":"https:\/\/exceladvisor.org\/tr\/geri-cekilmek\/","og_locale":"tr_TR","og_type":"article","og_title":"Excel&#39;de ko\u015fullu bi\u00e7imlendirme nas\u0131l kald\u0131r\u0131l\u0131r?","og_description":"Bu e\u011fitim size farkl\u0131 y\u00f6ntemler kullanarak Excel&#39;deki ko\u015fullu bi\u00e7imlendirmeyi nas\u0131l kald\u0131raca\u011f\u0131n\u0131z\u0131 \u00f6\u011fretecektir. Bunu kontrol edelim...","og_url":"https:\/\/exceladvisor.org\/tr\/geri-cekilmek\/","og_site_name":"Excel Advisor","article_modified_time":"2023-12-10T06:01:30+00:00","og_image":[{"url":"https:\/\/exceladvisor.org\/wp-content\/uploads\/2023\/08\/1-supprimer-la-mise-en-forme-conditionnelle.png","type":"","width":"","height":""}],"twitter_card":"summary_large_image","twitter_misc":{"Tahmini okuma s\u00fcresi":"3 dakika"},"schema":{"@context":"https:\/\/schema.org","@graph":[{"@type":"WebPage","@id":"https:\/\/exceladvisor.org\/tr\/geri-cekilmek\/","url":"https:\/\/exceladvisor.org\/tr\/geri-cekilmek\/","name":"Excel&#39;de ko\u015fullu bi\u00e7imlendirme nas\u0131l kald\u0131r\u0131l\u0131r?","isPartOf":{"@id":"https:\/\/exceladvisor.org\/tr\/#website"},"primaryImageOfPage":{"@id":"https:\/\/exceladvisor.org\/tr\/geri-cekilmek\/#primaryimage"},"image":{"@id":"https:\/\/exceladvisor.org\/tr\/geri-cekilmek\/#primaryimage"},"thumbnailUrl":"https:\/\/exceladvisor.org\/wp-content\/uploads\/2023\/08\/1-supprimer-la-mise-en-forme-conditionnelle.png","datePublished":"2023-10-30T18:56:26+00:00","dateModified":"2023-12-10T06:01:30+00:00","description":"Bu e\u011fitim size farkl\u0131 y\u00f6ntemler kullanarak Excel&#39;deki ko\u015fullu bi\u00e7imlendirmeyi nas\u0131l kald\u0131raca\u011f\u0131n\u0131z\u0131 \u00f6\u011fretecektir. Bunu kontrol edelim...","breadcrumb":{"@id":"https:\/\/exceladvisor.org\/tr\/geri-cekilmek\/#breadcrumb"},"inLanguage":"tr","potentialAction":[{"@type":"ReadAction","target":["https:\/\/exceladvisor.org\/tr\/geri-cekilmek\/"]}]},{"@type":"ImageObject","inLanguage":"tr","@id":"https:\/\/exceladvisor.org\/tr\/geri-cekilmek\/#primaryimage","url":"https:\/\/exceladvisor.org\/wp-content\/uploads\/2023\/08\/1-supprimer-la-mise-en-forme-conditionnelle.png","contentUrl":"https:\/\/exceladvisor.org\/wp-content\/uploads\/2023\/08\/1-supprimer-la-mise-en-forme-conditionnelle.png"},{"@type":"BreadcrumbList","@id":"https:\/\/exceladvisor.org\/tr\/geri-cekilmek\/#breadcrumb","itemListElement":[{"@type":"ListItem","position":1,"name":"Ev","item":"https:\/\/exceladvisor.org\/tr\/"},{"@type":"ListItem","position":2,"name":"Excel&#39;de ko\u015fullu bi\u00e7imlendirme nas\u0131l kald\u0131r\u0131l\u0131r?"}]},{"@type":"WebSite","@id":"https:\/\/exceladvisor.org\/tr\/#website","url":"https:\/\/exceladvisor.org\/tr\/","name":"Excel Advisor","description":"Veri hakimiyetine y\u00f6nelik nihai rehberiniz!","publisher":{"@id":"https:\/\/exceladvisor.org\/tr\/#organization"},"potentialAction":[{"@type":"SearchAction","target":{"@type":"EntryPoint","urlTemplate":"https:\/\/exceladvisor.org\/tr\/?s={search_term_string}"},"query-input":{"@type":"PropertyValueSpecification","valueRequired":true,"valueName":"search_term_string"}}],"inLanguage":"tr"},{"@type":"Organization","@id":"https:\/\/exceladvisor.org\/tr\/#organization","name":"Excel Advisor","url":"https:\/\/exceladvisor.org\/tr\/","logo":{"@type":"ImageObject","inLanguage":"tr","@id":"https:\/\/exceladvisor.org\/tr\/#\/schema\/logo\/image\/","url":"https:\/\/exceladvisor.org\/tr\/wp-content\/uploads\/2023\/12\/exceladvisor.org_.png","contentUrl":"https:\/\/exceladvisor.org\/tr\/wp-content\/uploads\/2023\/12\/exceladvisor.org_.png","width":105,"height":36,"caption":"Excel Advisor"},"image":{"@id":"https:\/\/exceladvisor.org\/tr\/#\/schema\/logo\/image\/"}}]}},"yoast_meta":{"yoast_wpseo_title":"","yoast_wpseo_metadesc":"","yoast_wpseo_canonical":""},"_links":{"self":[{"href":"https:\/\/exceladvisor.org\/tr\/wp-json\/wp\/v2\/pages\/1862","targetHints":{"allow":["GET"]}}],"collection":[{"href":"https:\/\/exceladvisor.org\/tr\/wp-json\/wp\/v2\/pages"}],"about":[{"href":"https:\/\/exceladvisor.org\/tr\/wp-json\/wp\/v2\/types\/page"}],"author":[{"embeddable":true,"href":"https:\/\/exceladvisor.org\/tr\/wp-json\/wp\/v2\/users\/1"}],"replies":[{"embeddable":true,"href":"https:\/\/exceladvisor.org\/tr\/wp-json\/wp\/v2\/comments?post=1862"}],"version-history":[{"count":1,"href":"https:\/\/exceladvisor.org\/tr\/wp-json\/wp\/v2\/pages\/1862\/revisions"}],"predecessor-version":[{"id":2531,"href":"https:\/\/exceladvisor.org\/tr\/wp-json\/wp\/v2\/pages\/1862\/revisions\/2531"}],"wp:attachment":[{"href":"https:\/\/exceladvisor.org\/tr\/wp-json\/wp\/v2\/media?parent=1862"}],"curies":[{"name":"wp","href":"https:\/\/api.w.org\/{rel}","templated":true}]}}