{"id":1864,"date":"2023-10-30T17:07:44","date_gmt":"2023-10-30T17:07:44","guid":{"rendered":"https:\/\/exceladvisor.org\/tr\/kopyala\/"},"modified":"2023-12-10T06:01:31","modified_gmt":"2023-12-10T06:01:31","slug":"kopyala","status":"publish","type":"page","link":"https:\/\/exceladvisor.org\/tr\/kopyala\/","title":{"rendered":"Excel&#39;de ko\u015fullu bi\u00e7imlendirme nas\u0131l kopyalan\u0131r?"},"content":{"rendered":"<div class=\"excel-icerikten-once\" id=\"excel-3412227844\"><script type=\"text\/javascript\">\r\n\tatOptions = {\r\n\t\t'key' : 'c1158f160081d6540a8409e6925dab94',\r\n\t\t'format' : 'iframe',\r\n\t\t'height' : 250,\r\n\t\t'width' : 300,\r\n\t\t'params' : {}\r\n\t};\r\n<\/script>\r\n<script type=\"text\/javascript\" src=\"\/\/www.highperformanceformat.com\/c1158f160081d6540a8409e6925dab94\/invoke.js\"><\/script><\/div> <p>Excel&#8217;de en kolay yol, ayn\u0131 ko\u015fullu bi\u00e7imlendirmeyi ba\u015fka bir h\u00fccreye veya h\u00fccre aral\u0131\u011f\u0131na kopyalay\u0131p yap\u0131\u015ft\u0131r\u0131rken bi\u00e7im boyac\u0131s\u0131n\u0131 kullanmakt\u0131r.<\/p><p> Ancak bunun d\u0131\u015f\u0131nda kullanabilece\u011finiz iki yol daha var ve bu e\u011fitimde daha fazla bilgi edinmek i\u00e7in t\u00fcm bu y\u00f6ntemlere bakaca\u011f\u0131z. <\/p><div class=\"wp-block-image\"><figure class=\"aligncenter size-full is-resized\"><img loading=\"lazy\" decoding=\"async\" class=\"wp-image-90510\" src=\"https:\/\/exceladvisor.org\/wp-content\/uploads\/2023\/08\/1-copie-mise-en-forme-conditionnelle.png\" sizes=\"auto, \" srcset=\"\" alt=\"kopyada ko\u015fullu bi\u00e7imlendirme\" width=\"428\" height=\"319\"><\/figure><\/div><p> Yukar\u0131daki \u00f6rnekte miktar s\u00fctununa uygulanm\u0131\u015f veri \u00e7ubuklar\u0131m\u0131z var ve \u015fimdi oradan kopyalay\u0131p miktar s\u00fctununa yap\u0131\u015ft\u0131rmam\u0131z gerekiyor.<\/p><h2 class=\"wp-block-heading\"> Ko\u015fullu bi\u00e7imlendirmeyi Bi\u00e7im Boyac\u0131s\u0131 ile kopyalama<\/h2><ol><li> \u00d6ncelikle ko\u015fullu bi\u00e7imlendirmeyi kopyalamak istedi\u011finiz aral\u0131\u011f\u0131 se\u00e7in. <br><img loading=\"lazy\" decoding=\"async\" title=\"2 se\u00e7im aral\u0131\u011f\u0131\" src=\"https:\/\/exceladvisor.org\/wp-content\/uploads\/2023\/08\/2-selectionner-la-gamme-2.png\" sizes=\"auto, \" srcset=\"\" alt=\"2-select-the-range\" width=\"428\" height=\"344\"><\/li><li> Daha sonra Giri\u015f sekmesine gidin ve Format Boyac\u0131s\u0131 simgesine t\u0131klay\u0131n. <br><img loading=\"lazy\" decoding=\"async\" title=\"Format boyac\u0131s\u0131 simgesine 3 t\u0131klama\" src=\"https:\/\/exceladvisor.org\/wp-content\/uploads\/2023\/08\/3-cliquez-sur-licone-du-peintre-de-format.png\" sizes=\"auto, \" srcset=\"\" alt=\"3-click-on-format-painter-icon\" width=\"466\" height=\"297\"><\/li><li> Bi\u00e7im Boyac\u0131s\u0131 d\u00fc\u011fmesini t\u0131klatt\u0131\u011f\u0131n\u0131zda imleciniz bir boya f\u0131r\u00e7as\u0131na d\u00f6n\u00fc\u015fecektir. <br><img loading=\"lazy\" decoding=\"async\" title=\"4 imle\u00e7 f\u0131r\u00e7aya d\u00f6n\u00fc\u015ft\u00fc\" src=\"https:\/\/exceladvisor.org\/wp-content\/uploads\/2023\/08\/4-curseur-change-en-pinceau.png\" sizes=\"auto, \" srcset=\"\" alt=\"4-cursor-changed-to-paint-brush\" width=\"508\" height=\"273\"><\/li><li> \u015eimdi ko\u015fullu bi\u00e7imlendirmeyi yap\u0131\u015ft\u0131rmak istedi\u011finiz aral\u0131\u011f\u0131 se\u00e7in. <br><img loading=\"lazy\" decoding=\"async\" title=\"5-yap\u0131\u015ft\u0131rma aral\u0131\u011f\u0131 se\u00e7me ko\u015fullu bi\u00e7imlendirme\" src=\"https:\/\/exceladvisor.org\/wp-content\/uploads\/2023\/08\/5-selectionnez-la-plage-pour-coller-la-mise-en-forme-conditionnelle.png\" sizes=\"auto, \" srcset=\"\" alt=\"5-select-range-to-paste-conditional-formatting\" width=\"416\" height=\"312\"><\/li><\/ol><p> Evet, bu o.<\/p><p class=\"qt-tip\"> <strong>Not:<\/strong> Ko\u015fullu bi\u00e7imlendirmeyi birden \u00e7ok b\u00f6l\u00fcme yap\u0131\u015ft\u0131rmak istiyorsan\u0131z, Bi\u00e7im Boyac\u0131s\u0131&#8217;n\u0131 \u00e7ift t\u0131klat\u0131p kopyalad\u0131\u011f\u0131n\u0131z ko\u015fullu bi\u00e7imlendirmeyi uygulamak i\u00e7in birden \u00e7ok aral\u0131k se\u00e7ebilirsiniz.<\/p><h2 class=\"wp-block-heading\"> Ko\u015fullu bi\u00e7imlendirmeyi kopyalamak i\u00e7in bi\u00e7imleri kopyalay\u0131n (\u00f6zel yap\u0131\u015ft\u0131r\u0131n)<\/h2><p> \u00d6zel Yap\u0131\u015ft\u0131r se\u00e7ene\u011fi ile sadece formatlar\u0131 bir yerden ba\u015fka bir yere kopyalay\u0131p yap\u0131\u015ft\u0131rabilirsiniz. Ko\u015fullu bi\u00e7imlendirmenin kopyalanaca\u011f\u0131 aral\u0131\u011f\u0131 se\u00e7tikten sonra kopyalamak i\u00e7in kopyalama se\u00e7ene\u011fini veya Ctrl + C klavye k\u0131sayolunu kullan\u0131n. <\/p><div class=\"wp-block-image\"><figure class=\"aligncenter size-full is-resized\"><img loading=\"lazy\" decoding=\"async\" class=\"wp-image-90515\" src=\"https:\/\/exceladvisor.org\/wp-content\/uploads\/2023\/08\/6-formats-de-copie.png\" sizes=\"auto, \" srcset=\"\" alt=\"formatlar\u0131 kopyala\" width=\"546\" height=\"315\"><\/figure><\/div><p> Ard\u0131ndan ko\u015fullu bi\u00e7imlendirmeyi yap\u0131\u015ft\u0131rmak istedi\u011finiz aral\u0131\u011f\u0131 se\u00e7in. Daha sonra \u00d6zel Yap\u0131\u015ft\u0131r se\u00e7ene\u011fini a\u00e7\u0131n (Sa\u011f T\u0131k &gt; \u00d6zel Yap\u0131\u015ft\u0131r) ve formatlara t\u0131klay\u0131n. <\/p><div class=\"wp-block-image\"><figure class=\"aligncenter size-full is-resized\"><img loading=\"lazy\" decoding=\"async\" class=\"wp-image-90516\" src=\"https:\/\/exceladvisor.org\/wp-content\/uploads\/2023\/08\/7-ouvrir-loption-de-pate-speciale.png\" sizes=\"auto, \" srcset=\"\" alt=\"\u00f6zel yap\u0131\u015ft\u0131rma se\u00e7ene\u011fini a\u00e7\" width=\"638\" height=\"333\"><\/figure><\/div><p> Sonunda Tamam&#8217;\u0131 t\u0131klay\u0131n. Tamam&#8217;\u0131 t\u0131klatt\u0131\u011f\u0131n\u0131z anda, (kopyalad\u0131\u011f\u0131n\u0131z) ko\u015fullu bi\u00e7imlendirme se\u00e7ilen aral\u0131\u011fa uygulan\u0131r. <\/p><div class=\"wp-block-image\"><figure class=\"aligncenter size-full is-resized\"><img loading=\"lazy\" decoding=\"async\" class=\"wp-image-90517\" src=\"https:\/\/exceladvisor.org\/wp-content\/uploads\/2023\/08\/8-mises-en-forme-conditionnelles-appliquees-a-la-plage-selectionnee.png\" sizes=\"auto, \" srcset=\"\" alt=\"se\u00e7ili aral\u0131\u011fa ko\u015fullu bi\u00e7imlendirme uyguland\u0131\" width=\"494\" height=\"174\"><\/figure><\/div><h2 class=\"wp-block-heading\"> Yinelenen bir ko\u015fullu bi\u00e7imlendirme kural\u0131 olu\u015fturun.<\/h2><p> Ko\u015fullu Bi\u00e7imlendirme &gt; Kurallar\u0131 Y\u00f6net&#8217;e giderseniz, \u00e7al\u0131\u015fma kitab\u0131ndaki t\u00fcm ko\u015fullu bi\u00e7imlendirmelerin bir listesini g\u00f6rebilirsiniz.<\/p><p> A\u00e7t\u0131\u011f\u0131n\u0131zda, &#8220;Bi\u00e7imlendirme kurallar\u0131n\u0131 g\u00f6ster&#8221; a\u00e7\u0131l\u0131r listesinden &#8220;Bu \u00e7al\u0131\u015fma kitab\u0131&#8221;n\u0131 se\u00e7in. <\/p><div class=\"wp-block-image\"><figure class=\"aligncenter size-full is-resized\"><img loading=\"lazy\" decoding=\"async\" class=\"wp-image-90518\" src=\"https:\/\/exceladvisor.org\/wp-content\/uploads\/2023\/08\/9-choisissez-ce-classeur-dans-afficher-les-regles-de-mise-en-forme-pour.png\" sizes=\"auto, \" srcset=\"\" alt=\"bu-\u00e7al\u0131\u015fma kitab\u0131n\u0131-\u015fovda-bi\u00e7imlendirme-kurallar\u0131nda-se\u00e7in\" width=\"543\" height=\"227\"><\/figure><\/div><p> Ko\u015fullu bi\u00e7imlendirmeye ili\u015fkin \u00e7al\u0131\u015fma kitab\u0131ndaki t\u00fcm kurallar\u0131 size g\u00f6sterecektir. Daha sonra kopyalayabilece\u011finiz format\u0131 se\u00e7ip \u00c7o\u011falt&#8217;a t\u0131klaman\u0131z gerekir. <\/p><div class=\"wp-block-image\"><figure class=\"aligncenter size-full is-resized\"><img loading=\"lazy\" decoding=\"async\" class=\"wp-image-90519\" src=\"https:\/\/exceladvisor.org\/wp-content\/uploads\/2023\/08\/10-clic-sur-dupliquer.png\" sizes=\"auto, \" srcset=\"\" alt=\"kopyala'y\u0131 t\u0131klay\u0131n\" width=\"644\" height=\"248\"><\/figure><\/div><p> Bunu yapt\u0131ktan sonra aral\u0131k adresini &#8220;A\u015fa\u011f\u0131dakilere Uygulan\u0131r&#8221; olarak de\u011fi\u015ftirin. <\/p><div class=\"wp-block-image\"><figure class=\"aligncenter size-full is-resized\"><img loading=\"lazy\" decoding=\"async\" class=\"wp-image-90521\" src=\"https:\/\/exceladvisor.org\/wp-content\/uploads\/2023\/08\/11-changer-ladresse-de-sapplique-a.png\" sizes=\"auto, \" srcset=\"\" alt=\"adresi-ge\u00e7erli olandan-de\u011fi\u015ftir\" width=\"782\" height=\"209\"><\/figure><\/div><p> Ayn\u0131 ko\u015fullu bi\u00e7imlendirmeyi C2:C13&#8217;e uygulamak i\u00e7in aral\u0131k adresini B2:B13&#8217;ten C2:C13&#8217;e de\u011fi\u015ftirdim. Ve sonunda Tamam&#8217;a t\u0131klay\u0131n.<\/p><h2 class=\"wp-block-heading\"> Kar\u015f\u0131la\u015fabilece\u011finiz bir sorun<\/h2><p> Ko\u015fullu bi\u00e7imlendirmeyi kopyalamak kolay bir i\u015ftir. Ancak ko\u015fullu bi\u00e7imlendirme kural\u0131n\u0131 tan\u0131mlamak i\u00e7in \u00f6zel form\u00fcller kullan\u0131ld\u0131\u011f\u0131nda baz\u0131 sorunlar ortaya \u00e7\u0131kabilir.<\/p><p> Sana bir \u00f6rnek vereyim. A\u015fa\u011f\u0131daki \u00f6rnekte \u00f6zel bir i\u015flev kullanan ko\u015fullu bi\u00e7imlendirmemiz var. Bi\u00e7imlendirmede A1 h\u00fccresinin bir de\u011feri varsa B1 h\u00fccresinin <a href=\"https:\/\/exceladvisor.org\/tr\/hucre-rengi\/\">rengi<\/a> ye\u015fil olacakt\u0131r. <\/p><div class=\"wp-block-image\"><figure class=\"aligncenter size-full is-resized\"><img loading=\"lazy\" decoding=\"async\" class=\"wp-image-90522\" src=\"https:\/\/exceladvisor.org\/wp-content\/uploads\/2023\/08\/12-mise-en-forme-conditionnelle-a-laide-dune-fonction-personnalisee.png\" sizes=\"auto, \" srcset=\"\" alt=\"\u00f6zel-i\u015flev kullanarak ko\u015fullu-bi\u00e7imlendirme\" width=\"486\" height=\"207\"><\/figure><\/div><p> Uygulad\u0131\u011f\u0131m\u0131z kural \u015f\u00f6yledir (Giri\u015f sekmesi &gt; Ko\u015fullu Bi\u00e7imlendirme &gt; Kurallar\u0131 Y\u00f6net &gt; Kural\u0131 D\u00fczenle) <\/p><div class=\"wp-block-image\"><figure class=\"aligncenter size-full is-resized\"><img loading=\"lazy\" decoding=\"async\" class=\"wp-image-90523\" src=\"https:\/\/exceladvisor.org\/wp-content\/uploads\/2023\/08\/13-gerer-les-regles-modifier-la-regle.png\" sizes=\"auto, \" srcset=\"\" alt=\"y\u00f6netme-kurallar\u0131-d\u00fczenleme-kural\" width=\"688\" height=\"378\"><\/figure><\/div><p> \u015eimdi bu ko\u015fullu bi\u00e7imlendirmeyi kopyalay\u0131p B3 h\u00fccresine yap\u0131\u015ft\u0131r\u0131rsan\u0131z. A\u015fa\u011f\u0131daki \u00f6rnekte g\u00f6r\u00fcld\u00fc\u011f\u00fc gibi A3 h\u00fccresinin de\u011feri olmamas\u0131na ra\u011fmen B3 h\u00fccresi ye\u015fildir. <\/p><div class=\"wp-block-image\"><figure class=\"aligncenter size-full is-resized\"><img loading=\"lazy\" decoding=\"async\" class=\"wp-image-90524\" src=\"https:\/\/exceladvisor.org\/wp-content\/uploads\/2023\/08\/14-Copier-et-coller-la-mise-en-forme-conditionnelle.png\" sizes=\"auto, \" srcset=\"\" alt=\"kopyala-yap\u0131\u015ft\u0131r-ko\u015fullu bi\u00e7imlendirme\" width=\"576\" height=\"260\"><\/figure><\/div><p> Bu ko\u015fullu bi\u00e7imlendirmeyi kopyalay\u0131p yap\u0131\u015ft\u0131rd\u0131\u011f\u0131n\u0131zda, ba\u015fvuru mutlak oldu\u011fundan Excel ba\u015fvuru h\u00fccresini de\u011fi\u015ftirmez. <\/p><div class=\"wp-block-image\"><figure class=\"aligncenter size-full is-resized\"><img loading=\"lazy\" decoding=\"async\" class=\"wp-image-90525\" src=\"https:\/\/exceladvisor.org\/wp-content\/uploads\/2023\/08\/15-la-cellule-de-reference-est-absolue.png\" sizes=\"auto, \" srcset=\"\" alt=\"referans h\u00fccresi mutlakt\u0131r\" width=\"692\" height=\"225\"><\/figure><\/div><p> Yukar\u0131da her iki kuraldaki referans h\u00fccresinin A1 oldu\u011funu g\u00f6rebilirsiniz. Yani evet sorun bu. Bu sorunu \u00e7\u00f6zmenin en iyi yolu, ko\u015fullu bi\u00e7imlendirmeyi kopyalay\u0131p yeni bir aral\u0131\u011fa veya h\u00fccreye yap\u0131\u015ft\u0131rman\u0131za ve form\u00fcldeki referans\u0131 de\u011fi\u015ftirmenize olanak tan\u0131yan G\u00f6reli Referans&#8217;\u0131 kullanmakt\u0131r. <\/p><div class=\"wp-block-image\"><figure class=\"aligncenter size-full is-resized\"><img loading=\"lazy\" decoding=\"async\" class=\"wp-image-90526\" src=\"https:\/\/exceladvisor.org\/wp-content\/uploads\/2023\/08\/16-cellule-de-reference-est-la-meme-dans-les-deux-regles.png\" sizes=\"auto, \" srcset=\"\" alt=\"referans h\u00fccresi her iki kuralda da ayn\u0131d\u0131r\" width=\"398\" height=\"230\"><\/figure><\/div><h2 class=\"wp-block-heading\"> Ko\u015fullu bi\u00e7imlendirme kural\u0131n\u0131 ba\u015fka bir \u00e7al\u0131\u015fma sayfas\u0131na kopyalamak istersem ne olur?<\/h2><p> Bir h\u00fccreden di\u011ferine veya bir h\u00fccre aral\u0131\u011f\u0131na kopyalamak i\u00e7in yukar\u0131daki y\u00f6ntemlerin ve ad\u0131mlar\u0131n ayn\u0131s\u0131n\u0131 kullanabilirsiniz. Kopyalad\u0131ktan sonra ba\u015fka bir e-tabloya yap\u0131\u015ft\u0131rabilirsiniz.<\/p><div class=\"gb-container gb-container-6076ba72 gb-container-mt\"> <a class=\"gb-button gb-button-76e6a499 gb-button-text gb-button-mt-button\" href=\"https:\/\/exceladvisor.org\/tr\/excelin-temelleri\/\">Excel&#8217;in temellerini \u00f6\u011frenin<\/a><h2 class=\"gb-headline gb-headline-a9e9e206 gb-headline-text gb-headline-mt-heading\"> <a href=\"https:\/\/exceladvisor.org\/tr\/kosullu-bicimlendirme\/\">Ko\u015fullu bi\u00e7imlendirme<\/a> hakk\u0131nda daha fazla bilgi edinin <\/h2><div class=\"gb-grid-wrapper gb-grid-wrapper-790317cb gb-grid-wrapper-mt-grid\"><div class=\"gb-grid-column gb-grid-column-a9845ede\"><div class=\"gb-container gb-container-a9845ede\"><ul><li> <a href=\"https:\/\/exceladvisor.org\/tr\/kosullu-bicimlendirmeyi-uygula\/\">Pivot tabloya ko\u015fullu bi\u00e7imlendirme uygulama<\/a><\/li><li> <a href=\"https:\/\/exceladvisor.org\/tr\/geri-cekilmek\/\">Ko\u015fullu Bi\u00e7imlendirmeyi Kald\u0131r<\/a><\/li><li> <a href=\"https:\/\/exceladvisor.org\/tr\/bos-hucreler\/\">Excel&#8217;de Bo\u015f H\u00fccrelere Ko\u015fullu Bi\u00e7imlendirme Uygulay\u0131n<\/a><\/li><li> <a href=\"https:\/\/exceladvisor.org\/tr\/sutunlari-karsilastir\/\">Ko\u015fullu bi\u00e7imlendirmeyi kullanarak iki s\u00fctunu kar\u015f\u0131la\u015ft\u0131rma<\/a><\/li><li> <a href=\"https:\/\/exceladvisor.org\/tr\/baska-bir-hucre\/\">Ba\u015fka bir h\u00fccreye dayal\u0131 ko\u015fullu bi\u00e7imlendirme uygulama<\/a><\/li><\/ul><\/div><\/div><\/div><\/div>","protected":false},"excerpt":{"rendered":"","protected":false},"author":1,"featured_media":0,"parent":0,"menu_order":0,"comment_status":"open","ping_status":"closed","template":"","meta":{"ub_ctt_via":"","footnotes":""},"class_list":["post-1864","page","type-page","status-publish","hentry"],"featured_image_src":null,"yoast_head":"<!-- This site is optimized with the Yoast SEO plugin v25.4 - https:\/\/yoast.com\/wordpress\/plugins\/seo\/ -->\n<title>\u25b7 Excel&#039;de ko\u015fullu bi\u00e7imlendirme nas\u0131l kopyalan\u0131r?<\/title>\n<meta name=\"description\" content=\"Bu e\u011fitim, Excel&#039;de ko\u015fullu bi\u00e7imlendirmeyi bir aral\u0131ktan di\u011ferine nas\u0131l kopyalayaca\u011f\u0131n\u0131z\u0131 \u00f6\u011frenmenize yard\u0131mc\u0131 olur. Bunu kontrol edelim\u2026\" \/>\n<meta name=\"robots\" content=\"index, follow, max-snippet:-1, max-image-preview:large, max-video-preview:-1\" \/>\n<link rel=\"canonical\" href=\"https:\/\/exceladvisor.org\/tr\/kopyala\/\" \/>\n<meta property=\"og:locale\" content=\"tr_TR\" \/>\n<meta property=\"og:type\" content=\"article\" \/>\n<meta property=\"og:title\" content=\"\u25b7 Excel&#039;de ko\u015fullu bi\u00e7imlendirme nas\u0131l kopyalan\u0131r?\" \/>\n<meta property=\"og:description\" content=\"Bu e\u011fitim, Excel&#039;de ko\u015fullu bi\u00e7imlendirmeyi bir aral\u0131ktan di\u011ferine nas\u0131l kopyalayaca\u011f\u0131n\u0131z\u0131 \u00f6\u011frenmenize yard\u0131mc\u0131 olur. Bunu kontrol edelim\u2026\" \/>\n<meta property=\"og:url\" content=\"https:\/\/exceladvisor.org\/tr\/kopyala\/\" \/>\n<meta property=\"og:site_name\" content=\"Excel Advisor\" \/>\n<meta property=\"article:modified_time\" content=\"2023-12-10T06:01:31+00:00\" \/>\n<meta property=\"og:image\" content=\"https:\/\/exceladvisor.org\/wp-content\/uploads\/2023\/08\/1-copie-mise-en-forme-conditionnelle.png\" \/>\n<meta name=\"twitter:card\" content=\"summary_large_image\" \/>\n<meta name=\"twitter:label1\" content=\"Tahmini okuma s\u00fcresi\" \/>\n\t<meta name=\"twitter:data1\" content=\"4 dakika\" \/>\n<script type=\"application\/ld+json\" class=\"yoast-schema-graph\">{\"@context\":\"https:\/\/schema.org\",\"@graph\":[{\"@type\":\"WebPage\",\"@id\":\"https:\/\/exceladvisor.org\/tr\/kopyala\/\",\"url\":\"https:\/\/exceladvisor.org\/tr\/kopyala\/\",\"name\":\"\u25b7 Excel&#39;de ko\u015fullu bi\u00e7imlendirme nas\u0131l kopyalan\u0131r?\",\"isPartOf\":{\"@id\":\"https:\/\/exceladvisor.org\/tr\/#website\"},\"primaryImageOfPage\":{\"@id\":\"https:\/\/exceladvisor.org\/tr\/kopyala\/#primaryimage\"},\"image\":{\"@id\":\"https:\/\/exceladvisor.org\/tr\/kopyala\/#primaryimage\"},\"thumbnailUrl\":\"https:\/\/exceladvisor.org\/wp-content\/uploads\/2023\/08\/1-copie-mise-en-forme-conditionnelle.png\",\"datePublished\":\"2023-10-30T17:07:44+00:00\",\"dateModified\":\"2023-12-10T06:01:31+00:00\",\"description\":\"Bu e\u011fitim, Excel&#39;de ko\u015fullu bi\u00e7imlendirmeyi bir aral\u0131ktan di\u011ferine nas\u0131l kopyalayaca\u011f\u0131n\u0131z\u0131 \u00f6\u011frenmenize yard\u0131mc\u0131 olur. Bunu kontrol edelim\u2026\",\"breadcrumb\":{\"@id\":\"https:\/\/exceladvisor.org\/tr\/kopyala\/#breadcrumb\"},\"inLanguage\":\"tr\",\"potentialAction\":[{\"@type\":\"ReadAction\",\"target\":[\"https:\/\/exceladvisor.org\/tr\/kopyala\/\"]}]},{\"@type\":\"ImageObject\",\"inLanguage\":\"tr\",\"@id\":\"https:\/\/exceladvisor.org\/tr\/kopyala\/#primaryimage\",\"url\":\"https:\/\/exceladvisor.org\/wp-content\/uploads\/2023\/08\/1-copie-mise-en-forme-conditionnelle.png\",\"contentUrl\":\"https:\/\/exceladvisor.org\/wp-content\/uploads\/2023\/08\/1-copie-mise-en-forme-conditionnelle.png\"},{\"@type\":\"BreadcrumbList\",\"@id\":\"https:\/\/exceladvisor.org\/tr\/kopyala\/#breadcrumb\",\"itemListElement\":[{\"@type\":\"ListItem\",\"position\":1,\"name\":\"Ev\",\"item\":\"https:\/\/exceladvisor.org\/tr\/\"},{\"@type\":\"ListItem\",\"position\":2,\"name\":\"Excel&#39;de ko\u015fullu bi\u00e7imlendirme nas\u0131l kopyalan\u0131r?\"}]},{\"@type\":\"WebSite\",\"@id\":\"https:\/\/exceladvisor.org\/tr\/#website\",\"url\":\"https:\/\/exceladvisor.org\/tr\/\",\"name\":\"Excel Advisor\",\"description\":\"Veri hakimiyetine y\u00f6nelik nihai rehberiniz!\",\"publisher\":{\"@id\":\"https:\/\/exceladvisor.org\/tr\/#organization\"},\"potentialAction\":[{\"@type\":\"SearchAction\",\"target\":{\"@type\":\"EntryPoint\",\"urlTemplate\":\"https:\/\/exceladvisor.org\/tr\/?s={search_term_string}\"},\"query-input\":{\"@type\":\"PropertyValueSpecification\",\"valueRequired\":true,\"valueName\":\"search_term_string\"}}],\"inLanguage\":\"tr\"},{\"@type\":\"Organization\",\"@id\":\"https:\/\/exceladvisor.org\/tr\/#organization\",\"name\":\"Excel Advisor\",\"url\":\"https:\/\/exceladvisor.org\/tr\/\",\"logo\":{\"@type\":\"ImageObject\",\"inLanguage\":\"tr\",\"@id\":\"https:\/\/exceladvisor.org\/tr\/#\/schema\/logo\/image\/\",\"url\":\"https:\/\/exceladvisor.org\/tr\/wp-content\/uploads\/2023\/12\/exceladvisor.org_.png\",\"contentUrl\":\"https:\/\/exceladvisor.org\/tr\/wp-content\/uploads\/2023\/12\/exceladvisor.org_.png\",\"width\":105,\"height\":36,\"caption\":\"Excel Advisor\"},\"image\":{\"@id\":\"https:\/\/exceladvisor.org\/tr\/#\/schema\/logo\/image\/\"}}]}<\/script>\n<!-- \/ Yoast SEO plugin. -->","yoast_head_json":{"title":"\u25b7 Excel&#39;de ko\u015fullu bi\u00e7imlendirme nas\u0131l kopyalan\u0131r?","description":"Bu e\u011fitim, Excel&#39;de ko\u015fullu bi\u00e7imlendirmeyi bir aral\u0131ktan di\u011ferine nas\u0131l kopyalayaca\u011f\u0131n\u0131z\u0131 \u00f6\u011frenmenize yard\u0131mc\u0131 olur. Bunu kontrol edelim\u2026","robots":{"index":"index","follow":"follow","max-snippet":"max-snippet:-1","max-image-preview":"max-image-preview:large","max-video-preview":"max-video-preview:-1"},"canonical":"https:\/\/exceladvisor.org\/tr\/kopyala\/","og_locale":"tr_TR","og_type":"article","og_title":"\u25b7 Excel&#39;de ko\u015fullu bi\u00e7imlendirme nas\u0131l kopyalan\u0131r?","og_description":"Bu e\u011fitim, Excel&#39;de ko\u015fullu bi\u00e7imlendirmeyi bir aral\u0131ktan di\u011ferine nas\u0131l kopyalayaca\u011f\u0131n\u0131z\u0131 \u00f6\u011frenmenize yard\u0131mc\u0131 olur. Bunu kontrol edelim\u2026","og_url":"https:\/\/exceladvisor.org\/tr\/kopyala\/","og_site_name":"Excel Advisor","article_modified_time":"2023-12-10T06:01:31+00:00","og_image":[{"url":"https:\/\/exceladvisor.org\/wp-content\/uploads\/2023\/08\/1-copie-mise-en-forme-conditionnelle.png","type":"","width":"","height":""}],"twitter_card":"summary_large_image","twitter_misc":{"Tahmini okuma s\u00fcresi":"4 dakika"},"schema":{"@context":"https:\/\/schema.org","@graph":[{"@type":"WebPage","@id":"https:\/\/exceladvisor.org\/tr\/kopyala\/","url":"https:\/\/exceladvisor.org\/tr\/kopyala\/","name":"\u25b7 Excel&#39;de ko\u015fullu bi\u00e7imlendirme nas\u0131l kopyalan\u0131r?","isPartOf":{"@id":"https:\/\/exceladvisor.org\/tr\/#website"},"primaryImageOfPage":{"@id":"https:\/\/exceladvisor.org\/tr\/kopyala\/#primaryimage"},"image":{"@id":"https:\/\/exceladvisor.org\/tr\/kopyala\/#primaryimage"},"thumbnailUrl":"https:\/\/exceladvisor.org\/wp-content\/uploads\/2023\/08\/1-copie-mise-en-forme-conditionnelle.png","datePublished":"2023-10-30T17:07:44+00:00","dateModified":"2023-12-10T06:01:31+00:00","description":"Bu e\u011fitim, Excel&#39;de ko\u015fullu bi\u00e7imlendirmeyi bir aral\u0131ktan di\u011ferine nas\u0131l kopyalayaca\u011f\u0131n\u0131z\u0131 \u00f6\u011frenmenize yard\u0131mc\u0131 olur. Bunu kontrol edelim\u2026","breadcrumb":{"@id":"https:\/\/exceladvisor.org\/tr\/kopyala\/#breadcrumb"},"inLanguage":"tr","potentialAction":[{"@type":"ReadAction","target":["https:\/\/exceladvisor.org\/tr\/kopyala\/"]}]},{"@type":"ImageObject","inLanguage":"tr","@id":"https:\/\/exceladvisor.org\/tr\/kopyala\/#primaryimage","url":"https:\/\/exceladvisor.org\/wp-content\/uploads\/2023\/08\/1-copie-mise-en-forme-conditionnelle.png","contentUrl":"https:\/\/exceladvisor.org\/wp-content\/uploads\/2023\/08\/1-copie-mise-en-forme-conditionnelle.png"},{"@type":"BreadcrumbList","@id":"https:\/\/exceladvisor.org\/tr\/kopyala\/#breadcrumb","itemListElement":[{"@type":"ListItem","position":1,"name":"Ev","item":"https:\/\/exceladvisor.org\/tr\/"},{"@type":"ListItem","position":2,"name":"Excel&#39;de ko\u015fullu bi\u00e7imlendirme nas\u0131l kopyalan\u0131r?"}]},{"@type":"WebSite","@id":"https:\/\/exceladvisor.org\/tr\/#website","url":"https:\/\/exceladvisor.org\/tr\/","name":"Excel Advisor","description":"Veri hakimiyetine y\u00f6nelik nihai rehberiniz!","publisher":{"@id":"https:\/\/exceladvisor.org\/tr\/#organization"},"potentialAction":[{"@type":"SearchAction","target":{"@type":"EntryPoint","urlTemplate":"https:\/\/exceladvisor.org\/tr\/?s={search_term_string}"},"query-input":{"@type":"PropertyValueSpecification","valueRequired":true,"valueName":"search_term_string"}}],"inLanguage":"tr"},{"@type":"Organization","@id":"https:\/\/exceladvisor.org\/tr\/#organization","name":"Excel Advisor","url":"https:\/\/exceladvisor.org\/tr\/","logo":{"@type":"ImageObject","inLanguage":"tr","@id":"https:\/\/exceladvisor.org\/tr\/#\/schema\/logo\/image\/","url":"https:\/\/exceladvisor.org\/tr\/wp-content\/uploads\/2023\/12\/exceladvisor.org_.png","contentUrl":"https:\/\/exceladvisor.org\/tr\/wp-content\/uploads\/2023\/12\/exceladvisor.org_.png","width":105,"height":36,"caption":"Excel Advisor"},"image":{"@id":"https:\/\/exceladvisor.org\/tr\/#\/schema\/logo\/image\/"}}]}},"yoast_meta":{"yoast_wpseo_title":"","yoast_wpseo_metadesc":"","yoast_wpseo_canonical":""},"_links":{"self":[{"href":"https:\/\/exceladvisor.org\/tr\/wp-json\/wp\/v2\/pages\/1864","targetHints":{"allow":["GET"]}}],"collection":[{"href":"https:\/\/exceladvisor.org\/tr\/wp-json\/wp\/v2\/pages"}],"about":[{"href":"https:\/\/exceladvisor.org\/tr\/wp-json\/wp\/v2\/types\/page"}],"author":[{"embeddable":true,"href":"https:\/\/exceladvisor.org\/tr\/wp-json\/wp\/v2\/users\/1"}],"replies":[{"embeddable":true,"href":"https:\/\/exceladvisor.org\/tr\/wp-json\/wp\/v2\/comments?post=1864"}],"version-history":[{"count":1,"href":"https:\/\/exceladvisor.org\/tr\/wp-json\/wp\/v2\/pages\/1864\/revisions"}],"predecessor-version":[{"id":2533,"href":"https:\/\/exceladvisor.org\/tr\/wp-json\/wp\/v2\/pages\/1864\/revisions\/2533"}],"wp:attachment":[{"href":"https:\/\/exceladvisor.org\/tr\/wp-json\/wp\/v2\/media?parent=1864"}],"curies":[{"name":"wp","href":"https:\/\/api.w.org\/{rel}","templated":true}]}}