{"id":1865,"date":"2023-10-30T15:22:45","date_gmt":"2023-10-30T15:22:45","guid":{"rendered":"https:\/\/exceladvisor.org\/tr\/yazdirma-alanini-ayarla\/"},"modified":"2023-12-10T06:03:17","modified_gmt":"2023-12-10T06:03:17","slug":"yazdirma-alanini-ayarla","status":"publish","type":"page","link":"https:\/\/exceladvisor.org\/tr\/yazdirma-alanini-ayarla\/","title":{"rendered":"Excel&#39;de yazd\u0131rma alan\u0131 nas\u0131l ayarlan\u0131r?"},"content":{"rendered":"<div class=\"excel-icerikten-once\" id=\"excel-2047675395\"><script type=\"text\/javascript\">\r\n\tatOptions = {\r\n\t\t'key' : 'c1158f160081d6540a8409e6925dab94',\r\n\t\t'format' : 'iframe',\r\n\t\t'height' : 250,\r\n\t\t'width' : 300,\r\n\t\t'params' : {}\r\n\t};\r\n<\/script>\r\n<script type=\"text\/javascript\" src=\"\/\/www.highperformanceformat.com\/c1158f160081d6540a8409e6925dab94\/invoke.js\"><\/script><\/div> <p>Excel&#8217;de yazd\u0131rma alan\u0131 yaln\u0131zca \u00e7al\u0131\u015fma sayfas\u0131ndan yazd\u0131r\u0131lmas\u0131 gereken bir h\u00fccre aral\u0131\u011f\u0131d\u0131r.<\/p><p> Excel&#8217;de kullan\u0131c\u0131lar genellikle sayfan\u0131n tamam\u0131n\u0131 yazd\u0131rmak yerine \u00e7al\u0131\u015fma sayfas\u0131n\u0131n yaln\u0131zca belirli bir alan\u0131n\u0131 yazd\u0131rmak isterler.<\/p><p> Bu kullan\u0131c\u0131, yazd\u0131rma se\u00e7im alan\u0131n\u0131 ayarlayabilir ve olu\u015fturabilir ve yazd\u0131rma alan\u0131 se\u00e7ildi\u011finde, kullan\u0131c\u0131 her seferinde yaln\u0131zca se\u00e7ilen alan aral\u0131\u011f\u0131n\u0131n yazd\u0131r\u0131lmas\u0131n\u0131 al\u0131r.<\/p><p> Kullan\u0131c\u0131lar e-tabloda birden fazla yazd\u0131rma alan\u0131 se\u00e7imi olu\u015fturabilir ve her biri ayr\u0131 bir sayfaya yazd\u0131r\u0131lacakt\u0131r.<\/p><p> Excel&#8217;de yazd\u0131rma alan\u0131 se\u00e7iminin nas\u0131l ayarlanaca\u011f\u0131 ve de\u011fi\u015ftirilece\u011fi konusunda a\u015fa\u011f\u0131da belirtilen h\u0131zl\u0131 ve kolay ad\u0131mlar\u0131m\u0131z var.<\/p><h2 class=\"wp-block-heading\"> Excel&#8217;de Yazd\u0131rma Alan\u0131n\u0131 Ayarlama Ad\u0131mlar\u0131<\/h2><ol><li> \u00d6ncelikle sayfada yazd\u0131rma alan\u0131 olarak tan\u0131mlamak istedi\u011finiz &#8220;Kontrol&#8221; tu\u015funu kullanarak tek tek h\u00fccre aral\u0131\u011f\u0131n\u0131 veya birden fazla h\u00fccre aral\u0131\u011f\u0131n\u0131 se\u00e7in.<\/li><li> Bundan sonra, \u201cSayfa Yap\u0131s\u0131\u201d sekmesine gidin ve \u201cYazd\u0131rma Alan\u0131\u201d simgesine t\u0131klay\u0131n, ard\u0131ndan \u201cBask\u0131 Alan\u0131n\u0131 Ayarla\u201d se\u00e7ene\u011fini se\u00e7in. <br><img loading=\"lazy\" decoding=\"async\" title=\"Excel'de 1-set-bask\u0131 alan\u0131\" src=\"https:\/\/exceladvisor.org\/wp-content\/uploads\/2023\/08\/1-zone-dimpression-definie-dans-Excel.png\" sizes=\"auto, \" srcset=\"\" alt=\"set-print-area-in-excel\" width=\"378\" height=\"449\"><\/li><li> Yazd\u0131rma alan\u0131 se\u00e7imlerini g\u00f6r\u00fcnt\u00fclemek i\u00e7in \u201cG\u00f6r\u00fcn\u00fcm\u201d sekmesine gidin ve \u201cSayfa Sonu G\u00f6sterimi\u201d simgesine t\u0131klay\u0131n; yazd\u0131rma alan\u0131 se\u00e7imlerine dayal\u0131 sayfa sonlar\u0131n\u0131n \u00f6nizlemesini bulacaks\u0131n\u0131z. &#8216;izlenim. <br><img loading=\"lazy\" decoding=\"async\" title=\"2 sayfal\u0131k ara g\u00f6r\u00fcn\u00fcm\" src=\"https:\/\/exceladvisor.org\/wp-content\/uploads\/2023\/08\/Vue-de-saut-de-2-pages.png\" sizes=\"auto, \" srcset=\"\" alt=\"page-break-view\" width=\"367\" height=\"400\"><\/li><\/ol><p> Yazd\u0131rma alan\u0131 se\u00e7imleri, \u00e7al\u0131\u015fma kitab\u0131n\u0131 kaydetti\u011finizde kaydedilir ve her yazd\u0131rma alan\u0131 se\u00e7imi, sayfa ba\u015f\u0131na bir yazd\u0131rma alan\u0131 se\u00e7imi anlam\u0131na gelen ayr\u0131 bir sayfaya yazd\u0131r\u0131l\u0131r.<\/p><h2 class=\"wp-block-heading\"> Yazd\u0131rma alan\u0131na h\u00fccre ve aral\u0131k ekleme<\/h2><p> Kullan\u0131c\u0131 istedi\u011fi zaman yazd\u0131rma alan\u0131 se\u00e7imlerini geni\u015fletmek veya ek yazd\u0131rma alan\u0131 olu\u015fturmak i\u00e7in h\u00fccreleri ekleyebilir.<\/p><p> Kullan\u0131c\u0131 mevcut yazd\u0131rma alan\u0131na biti\u015fik h\u00fccreleri ekledi\u011finde, Excel bu h\u00fccreleri bu mevcut yazd\u0131rma alan\u0131 se\u00e7imine dahil eder.<\/p><p> B\u00f6ylece bu yazd\u0131rma alan\u0131 se\u00e7imi geni\u015fletilir ve kullan\u0131c\u0131 bir dizi biti\u015fik olmayan h\u00fccre ekledi\u011finde, Excel bu aral\u0131\u011f\u0131, Excel&#8217;in ayr\u0131 bir sayfaya yazd\u0131rd\u0131\u011f\u0131 ek bir yazd\u0131rma alan\u0131 se\u00e7imi olarak olu\u015fturur.<\/p><ul><li> Ge\u00e7erli yazd\u0131rma alan\u0131n\u0131n se\u00e7imini geni\u015fletmek istemeniz durumunda ilk olarak ek biti\u015fik h\u00fccre aral\u0131\u011f\u0131n\u0131 se\u00e7in.<\/li><li> Veya \u00e7al\u0131\u015fma sayfas\u0131ndaki mevcut yazd\u0131rma alan\u0131na yeni bir yazd\u0131rma alan\u0131 eklemek istemeniz durumunda biti\u015fik olmayan ek h\u00fccre aral\u0131\u011f\u0131n\u0131 se\u00e7in.<\/li><li> Bundan sonra, \u201cSayfa D\u00fczeni\u201d sekmesine gidin ve \u201cYazd\u0131rma Alan\u0131\u201d simgesine t\u0131klay\u0131n, ard\u0131ndan \u201cYazd\u0131rma Alan\u0131na Ekle\u201dyi se\u00e7in. <\/li><\/ul><div class=\"wp-block-image\"><figure class=\"aligncenter size-full is-resized\"><img loading=\"lazy\" decoding=\"async\" class=\"wp-image-66766\" src=\"https:\/\/exceladvisor.org\/wp-content\/uploads\/2023\/08\/3-modifier-la-zone-dimpression1.png\" sizes=\"auto, \" srcset=\"\" alt=\"bask\u0131 alan\u0131n\u0131 de\u011fi\u015ftir\" width=\"428\" height=\"431\"><\/figure><\/div><p> A\u015fa\u011f\u0131daki \u201cSayfa Sonu \u00d6nizlemesi\u201dnde, Excel&#8217;in biti\u015fik h\u00fccreleri ekledi\u011fimiz yazd\u0131rma alan\u0131 se\u00e7imini geni\u015fletti\u011fini ve biti\u015fik olmayan h\u00fccreleri ekledi\u011fimiz ek bir yazd\u0131rma alan\u0131 se\u00e7imi olu\u015fturdu\u011funu g\u00f6rebilirsiniz.<\/p><p> Yani bu durumda \u00fc\u00e7 ayr\u0131 sayfaya yazd\u0131r\u0131lacak \u00fc\u00e7 yazd\u0131rma alan\u0131 elde edeceksiniz. <\/p><div class=\"wp-block-image\"><figure class=\"aligncenter size-full is-resized\"><img loading=\"lazy\" decoding=\"async\" class=\"wp-image-66767\" src=\"https:\/\/exceladvisor.org\/wp-content\/uploads\/2023\/08\/Vue-de-saut-de-4-pages-pour-les-zones-dimpression.png\" sizes=\"auto, \" srcset=\"\" alt=\"yazd\u0131rma alanlar\u0131 i\u00e7in sayfa sonu g\u00f6r\u00fcn\u00fcm\u00fc\" width=\"445\" height=\"369\"><\/figure><\/div><h2 class=\"wp-block-heading\"> Yazd\u0131rma alan\u0131 se\u00e7imini temizle<\/h2><p> &#8220;D\u00fczen&#8221; sekmesi alt\u0131nda, Excel&#8217;in belirli bir yazd\u0131rma alan\u0131n\u0131 bir sayfadaki birden \u00e7ok yazd\u0131rma alan\u0131ndan kald\u0131rma veya temizleme \u00f6zelli\u011fi yoktur. Bu nedenle bir yazd\u0131rma alan\u0131n\u0131n silinmesi, t\u00fcm yazd\u0131rma alanlar\u0131n\u0131n silinmesi anlam\u0131na gelir.<\/p><ul><li> \u00d6ncelikle \u00e7al\u0131\u015fma sayfas\u0131nda yazd\u0131rma alan\u0131n\u0131 kald\u0131rmak istedi\u011finiz herhangi bir yeri t\u0131klay\u0131n.<\/li><li> Bundan sonra, \u201cSayfa Yap\u0131s\u0131\u201d sekmesine gidin ve \u201cYazd\u0131rma Alan\u0131\u201d simgesine t\u0131klay\u0131n, ard\u0131ndan \u201cYazd\u0131rma Alan\u0131n\u0131 Temizle\u201dyi se\u00e7in; bu, t\u00fcm yazd\u0131rma alanlar\u0131n\u0131 sayfadan kald\u0131racakt\u0131r. <\/li><\/ul><div class=\"wp-block-image\"><figure class=\"aligncenter size-full is-resized\"><img loading=\"lazy\" decoding=\"async\" class=\"wp-image-66768\" src=\"https:\/\/exceladvisor.org\/wp-content\/uploads\/2023\/08\/5-effacer-la-zone-dimpression.png\" sizes=\"auto, \" srcset=\"\" alt=\"bask\u0131 alan\u0131n\u0131 temizle\" width=\"544\" height=\"161\"><\/figure><\/div><h2 class=\"wp-block-heading\"> \u00c7al\u0131\u015fma sayfas\u0131n\u0131 yazd\u0131r\u0131rken yazd\u0131rma alan\u0131n\u0131 yoksay<\/h2><p> Kullan\u0131c\u0131lar, yazd\u0131rma alanlar\u0131n\u0131 temizlemeden yazd\u0131rma s\u0131ras\u0131nda yazd\u0131rmak i\u00e7in yazd\u0131rma alanlar\u0131n\u0131 atlayabilir ve \u00e7al\u0131\u015fma sayfas\u0131n\u0131n tamam\u0131n\u0131 istedikleri zaman yazd\u0131rabilirler.<\/p><ul><li> A\u00e7\u0131lan \u00e7al\u0131\u015fma sayfas\u0131n\u0131 yazd\u0131rmak i\u00e7in \u00f6ncelikle \u201cCtrl+P\u201d tu\u015flar\u0131na bas\u0131n, yazd\u0131rma ileti\u015fim kutusu a\u00e7\u0131lacakt\u0131r.<\/li><li> Bundan sonra, \u201cEtkin sayfalar\u0131 yazd\u0131r\u201d se\u00e7ene\u011fine t\u0131klay\u0131n; a\u00e7\u0131l\u0131r listeyi g\u00f6receksiniz.<\/li><li> \u015eimdi, \u201cYazd\u0131rma Alan\u0131n\u0131 Yoksay\u201d se\u00e7ene\u011fini se\u00e7in; Excel, yazd\u0131rma alan\u0131 se\u00e7imini yok sayacak ve \u00e7al\u0131\u015fma sayfas\u0131n\u0131n tamam\u0131n\u0131 yazd\u0131racakt\u0131r. <\/li><\/ul><div class=\"wp-block-image\"><figure class=\"aligncenter size-full is-resized\"><img loading=\"lazy\" decoding=\"async\" class=\"wp-image-66769\" src=\"https:\/\/exceladvisor.org\/wp-content\/uploads\/2023\/08\/6-ignorer-la-zone-dimpression.jpg\" sizes=\"auto, \" srcset=\"\" alt=\"yazd\u0131rma alan\u0131n\u0131 yoksay\" width=\"261\" height=\"368\"><\/figure><\/div><div class=\"gb-container gb-container-4db6181c gb-container-mt\"> <a class=\"gb-button gb-button-c5897111 gb-button-text gb-button-mt-button\" href=\"https:\/\/exceladvisor.org\/tr\/excelin-temelleri\/\">Microsoft Excel Temelleri (Bile\u015fenler, Par\u00e7alar ve Bilgi Notlar\u0131)<\/a><h2 class=\"gb-headline gb-headline-665e5f6b gb-headline-text gb-headline-mt-heading\"> \u0130lgili e\u011fitimler <\/h2><div class=\"gb-grid-wrapper gb-grid-wrapper-a20baf7c gb-grid-wrapper-mt-grid\"><div class=\"gb-grid-column gb-grid-column-65ddf67e\"><div class=\"gb-container gb-container-65ddf67e\"><ul><li> <a href=\"https:\/\/exceladvisor.org\/tr\/grafik-kagidi\/\">Excel&#8217;de bir grafik ka\u011f\u0131d\u0131 yazd\u0131rma (kare \u0131zgara \u015fablonu)<\/a><\/li><li> <a href=\"https:\/\/exceladvisor.org\/tr\/sayfa-sonunu-kaldir\/\">Excel&#8217;de sayfa sonunu kald\u0131r<\/a><\/li><li> <a href=\"https:\/\/exceladvisor.org\/tr\/calisma-sayfasini-yatay-olarak-ortalayin\/\">Excel&#8217;de \u00e7al\u0131\u015fma sayfas\u0131n\u0131 yatay ve dikey olarak ortalama<\/a><\/li><li> <a href=\"https:\/\/exceladvisor.org\/tr\/sayfa-yonunu-degistir\/\">Excel&#8217;de sayfa y\u00f6n\u00fcn\u00fc de\u011fi\u015ftirme<\/a><\/li><li> <a href=\"https:\/\/exceladvisor.org\/tr\/sayfa-kenar-boslugu\/\">Excel&#8217;de Sayfa Kenar Bo\u015flu\u011fu (De\u011fi\u015ftir ve Ayarla)<\/a> <\/li><\/ul><\/div><\/div><div class=\"gb-grid-column gb-grid-column-50067b57\"><div class=\"gb-container gb-container-50067b57\"><\/div><\/div><\/div><\/div>","protected":false},"excerpt":{"rendered":"","protected":false},"author":1,"featured_media":0,"parent":0,"menu_order":0,"comment_status":"open","ping_status":"closed","template":"","meta":{"ub_ctt_via":"","footnotes":""},"class_list":["post-1865","page","type-page","status-publish","hentry"],"featured_image_src":null,"yoast_head":"<!-- This site is optimized with the Yoast SEO plugin v25.4 - https:\/\/yoast.com\/wordpress\/plugins\/seo\/ -->\n<title>Excel&#039;de yazd\u0131rma alan\u0131 nas\u0131l ayarlan\u0131r? (E\u011fitim 2023)<\/title>\n<meta name=\"description\" content=\"Bu derste Excel&#039;de yazd\u0131rma alan\u0131n\u0131n nas\u0131l ayarlanaca\u011f\u0131n\u0131 \u00f6\u011freneceksiniz. Yazd\u0131rma alan\u0131na h\u00fccreler ve aral\u0131klar ekleyin ve\" \/>\n<meta name=\"robots\" content=\"index, follow, max-snippet:-1, max-image-preview:large, max-video-preview:-1\" \/>\n<link rel=\"canonical\" href=\"https:\/\/exceladvisor.org\/tr\/yazdirma-alanini-ayarla\/\" \/>\n<meta property=\"og:locale\" content=\"tr_TR\" \/>\n<meta property=\"og:type\" content=\"article\" \/>\n<meta property=\"og:title\" content=\"Excel&#039;de yazd\u0131rma alan\u0131 nas\u0131l ayarlan\u0131r? (E\u011fitim 2023)\" \/>\n<meta property=\"og:description\" content=\"Bu derste Excel&#039;de yazd\u0131rma alan\u0131n\u0131n nas\u0131l ayarlanaca\u011f\u0131n\u0131 \u00f6\u011freneceksiniz. Yazd\u0131rma alan\u0131na h\u00fccreler ve aral\u0131klar ekleyin ve\" \/>\n<meta property=\"og:url\" content=\"https:\/\/exceladvisor.org\/tr\/yazdirma-alanini-ayarla\/\" \/>\n<meta property=\"og:site_name\" content=\"Excel Advisor\" \/>\n<meta property=\"article:modified_time\" content=\"2023-12-10T06:03:17+00:00\" \/>\n<meta property=\"og:image\" content=\"https:\/\/exceladvisor.org\/wp-content\/uploads\/2023\/08\/1-zone-dimpression-definie-dans-Excel.png\" \/>\n<meta name=\"twitter:card\" content=\"summary_large_image\" \/>\n<meta name=\"twitter:label1\" content=\"Tahmini okuma s\u00fcresi\" \/>\n\t<meta name=\"twitter:data1\" content=\"4 dakika\" \/>\n<script type=\"application\/ld+json\" class=\"yoast-schema-graph\">{\"@context\":\"https:\/\/schema.org\",\"@graph\":[{\"@type\":\"WebPage\",\"@id\":\"https:\/\/exceladvisor.org\/tr\/yazdirma-alanini-ayarla\/\",\"url\":\"https:\/\/exceladvisor.org\/tr\/yazdirma-alanini-ayarla\/\",\"name\":\"Excel&#39;de yazd\u0131rma alan\u0131 nas\u0131l ayarlan\u0131r? (E\u011fitim 2023)\",\"isPartOf\":{\"@id\":\"https:\/\/exceladvisor.org\/tr\/#website\"},\"primaryImageOfPage\":{\"@id\":\"https:\/\/exceladvisor.org\/tr\/yazdirma-alanini-ayarla\/#primaryimage\"},\"image\":{\"@id\":\"https:\/\/exceladvisor.org\/tr\/yazdirma-alanini-ayarla\/#primaryimage\"},\"thumbnailUrl\":\"https:\/\/exceladvisor.org\/wp-content\/uploads\/2023\/08\/1-zone-dimpression-definie-dans-Excel.png\",\"datePublished\":\"2023-10-30T15:22:45+00:00\",\"dateModified\":\"2023-12-10T06:03:17+00:00\",\"description\":\"Bu derste Excel&#39;de yazd\u0131rma alan\u0131n\u0131n nas\u0131l ayarlanaca\u011f\u0131n\u0131 \u00f6\u011freneceksiniz. Yazd\u0131rma alan\u0131na h\u00fccreler ve aral\u0131klar ekleyin ve\",\"breadcrumb\":{\"@id\":\"https:\/\/exceladvisor.org\/tr\/yazdirma-alanini-ayarla\/#breadcrumb\"},\"inLanguage\":\"tr\",\"potentialAction\":[{\"@type\":\"ReadAction\",\"target\":[\"https:\/\/exceladvisor.org\/tr\/yazdirma-alanini-ayarla\/\"]}]},{\"@type\":\"ImageObject\",\"inLanguage\":\"tr\",\"@id\":\"https:\/\/exceladvisor.org\/tr\/yazdirma-alanini-ayarla\/#primaryimage\",\"url\":\"https:\/\/exceladvisor.org\/wp-content\/uploads\/2023\/08\/1-zone-dimpression-definie-dans-Excel.png\",\"contentUrl\":\"https:\/\/exceladvisor.org\/wp-content\/uploads\/2023\/08\/1-zone-dimpression-definie-dans-Excel.png\"},{\"@type\":\"BreadcrumbList\",\"@id\":\"https:\/\/exceladvisor.org\/tr\/yazdirma-alanini-ayarla\/#breadcrumb\",\"itemListElement\":[{\"@type\":\"ListItem\",\"position\":1,\"name\":\"Ev\",\"item\":\"https:\/\/exceladvisor.org\/tr\/\"},{\"@type\":\"ListItem\",\"position\":2,\"name\":\"Excel&#39;de yazd\u0131rma alan\u0131 nas\u0131l ayarlan\u0131r?\"}]},{\"@type\":\"WebSite\",\"@id\":\"https:\/\/exceladvisor.org\/tr\/#website\",\"url\":\"https:\/\/exceladvisor.org\/tr\/\",\"name\":\"Excel Advisor\",\"description\":\"Veri hakimiyetine y\u00f6nelik nihai rehberiniz!\",\"publisher\":{\"@id\":\"https:\/\/exceladvisor.org\/tr\/#organization\"},\"potentialAction\":[{\"@type\":\"SearchAction\",\"target\":{\"@type\":\"EntryPoint\",\"urlTemplate\":\"https:\/\/exceladvisor.org\/tr\/?s={search_term_string}\"},\"query-input\":{\"@type\":\"PropertyValueSpecification\",\"valueRequired\":true,\"valueName\":\"search_term_string\"}}],\"inLanguage\":\"tr\"},{\"@type\":\"Organization\",\"@id\":\"https:\/\/exceladvisor.org\/tr\/#organization\",\"name\":\"Excel Advisor\",\"url\":\"https:\/\/exceladvisor.org\/tr\/\",\"logo\":{\"@type\":\"ImageObject\",\"inLanguage\":\"tr\",\"@id\":\"https:\/\/exceladvisor.org\/tr\/#\/schema\/logo\/image\/\",\"url\":\"https:\/\/exceladvisor.org\/tr\/wp-content\/uploads\/2023\/12\/exceladvisor.org_.png\",\"contentUrl\":\"https:\/\/exceladvisor.org\/tr\/wp-content\/uploads\/2023\/12\/exceladvisor.org_.png\",\"width\":105,\"height\":36,\"caption\":\"Excel Advisor\"},\"image\":{\"@id\":\"https:\/\/exceladvisor.org\/tr\/#\/schema\/logo\/image\/\"}}]}<\/script>\n<!-- \/ Yoast SEO plugin. -->","yoast_head_json":{"title":"Excel&#39;de yazd\u0131rma alan\u0131 nas\u0131l ayarlan\u0131r? (E\u011fitim 2023)","description":"Bu derste Excel&#39;de yazd\u0131rma alan\u0131n\u0131n nas\u0131l ayarlanaca\u011f\u0131n\u0131 \u00f6\u011freneceksiniz. Yazd\u0131rma alan\u0131na h\u00fccreler ve aral\u0131klar ekleyin ve","robots":{"index":"index","follow":"follow","max-snippet":"max-snippet:-1","max-image-preview":"max-image-preview:large","max-video-preview":"max-video-preview:-1"},"canonical":"https:\/\/exceladvisor.org\/tr\/yazdirma-alanini-ayarla\/","og_locale":"tr_TR","og_type":"article","og_title":"Excel&#39;de yazd\u0131rma alan\u0131 nas\u0131l ayarlan\u0131r? (E\u011fitim 2023)","og_description":"Bu derste Excel&#39;de yazd\u0131rma alan\u0131n\u0131n nas\u0131l ayarlanaca\u011f\u0131n\u0131 \u00f6\u011freneceksiniz. Yazd\u0131rma alan\u0131na h\u00fccreler ve aral\u0131klar ekleyin ve","og_url":"https:\/\/exceladvisor.org\/tr\/yazdirma-alanini-ayarla\/","og_site_name":"Excel Advisor","article_modified_time":"2023-12-10T06:03:17+00:00","og_image":[{"url":"https:\/\/exceladvisor.org\/wp-content\/uploads\/2023\/08\/1-zone-dimpression-definie-dans-Excel.png","type":"","width":"","height":""}],"twitter_card":"summary_large_image","twitter_misc":{"Tahmini okuma s\u00fcresi":"4 dakika"},"schema":{"@context":"https:\/\/schema.org","@graph":[{"@type":"WebPage","@id":"https:\/\/exceladvisor.org\/tr\/yazdirma-alanini-ayarla\/","url":"https:\/\/exceladvisor.org\/tr\/yazdirma-alanini-ayarla\/","name":"Excel&#39;de yazd\u0131rma alan\u0131 nas\u0131l ayarlan\u0131r? (E\u011fitim 2023)","isPartOf":{"@id":"https:\/\/exceladvisor.org\/tr\/#website"},"primaryImageOfPage":{"@id":"https:\/\/exceladvisor.org\/tr\/yazdirma-alanini-ayarla\/#primaryimage"},"image":{"@id":"https:\/\/exceladvisor.org\/tr\/yazdirma-alanini-ayarla\/#primaryimage"},"thumbnailUrl":"https:\/\/exceladvisor.org\/wp-content\/uploads\/2023\/08\/1-zone-dimpression-definie-dans-Excel.png","datePublished":"2023-10-30T15:22:45+00:00","dateModified":"2023-12-10T06:03:17+00:00","description":"Bu derste Excel&#39;de yazd\u0131rma alan\u0131n\u0131n nas\u0131l ayarlanaca\u011f\u0131n\u0131 \u00f6\u011freneceksiniz. Yazd\u0131rma alan\u0131na h\u00fccreler ve aral\u0131klar ekleyin ve","breadcrumb":{"@id":"https:\/\/exceladvisor.org\/tr\/yazdirma-alanini-ayarla\/#breadcrumb"},"inLanguage":"tr","potentialAction":[{"@type":"ReadAction","target":["https:\/\/exceladvisor.org\/tr\/yazdirma-alanini-ayarla\/"]}]},{"@type":"ImageObject","inLanguage":"tr","@id":"https:\/\/exceladvisor.org\/tr\/yazdirma-alanini-ayarla\/#primaryimage","url":"https:\/\/exceladvisor.org\/wp-content\/uploads\/2023\/08\/1-zone-dimpression-definie-dans-Excel.png","contentUrl":"https:\/\/exceladvisor.org\/wp-content\/uploads\/2023\/08\/1-zone-dimpression-definie-dans-Excel.png"},{"@type":"BreadcrumbList","@id":"https:\/\/exceladvisor.org\/tr\/yazdirma-alanini-ayarla\/#breadcrumb","itemListElement":[{"@type":"ListItem","position":1,"name":"Ev","item":"https:\/\/exceladvisor.org\/tr\/"},{"@type":"ListItem","position":2,"name":"Excel&#39;de yazd\u0131rma alan\u0131 nas\u0131l ayarlan\u0131r?"}]},{"@type":"WebSite","@id":"https:\/\/exceladvisor.org\/tr\/#website","url":"https:\/\/exceladvisor.org\/tr\/","name":"Excel Advisor","description":"Veri hakimiyetine y\u00f6nelik nihai rehberiniz!","publisher":{"@id":"https:\/\/exceladvisor.org\/tr\/#organization"},"potentialAction":[{"@type":"SearchAction","target":{"@type":"EntryPoint","urlTemplate":"https:\/\/exceladvisor.org\/tr\/?s={search_term_string}"},"query-input":{"@type":"PropertyValueSpecification","valueRequired":true,"valueName":"search_term_string"}}],"inLanguage":"tr"},{"@type":"Organization","@id":"https:\/\/exceladvisor.org\/tr\/#organization","name":"Excel Advisor","url":"https:\/\/exceladvisor.org\/tr\/","logo":{"@type":"ImageObject","inLanguage":"tr","@id":"https:\/\/exceladvisor.org\/tr\/#\/schema\/logo\/image\/","url":"https:\/\/exceladvisor.org\/tr\/wp-content\/uploads\/2023\/12\/exceladvisor.org_.png","contentUrl":"https:\/\/exceladvisor.org\/tr\/wp-content\/uploads\/2023\/12\/exceladvisor.org_.png","width":105,"height":36,"caption":"Excel Advisor"},"image":{"@id":"https:\/\/exceladvisor.org\/tr\/#\/schema\/logo\/image\/"}}]}},"yoast_meta":{"yoast_wpseo_title":"","yoast_wpseo_metadesc":"","yoast_wpseo_canonical":""},"_links":{"self":[{"href":"https:\/\/exceladvisor.org\/tr\/wp-json\/wp\/v2\/pages\/1865","targetHints":{"allow":["GET"]}}],"collection":[{"href":"https:\/\/exceladvisor.org\/tr\/wp-json\/wp\/v2\/pages"}],"about":[{"href":"https:\/\/exceladvisor.org\/tr\/wp-json\/wp\/v2\/types\/page"}],"author":[{"embeddable":true,"href":"https:\/\/exceladvisor.org\/tr\/wp-json\/wp\/v2\/users\/1"}],"replies":[{"embeddable":true,"href":"https:\/\/exceladvisor.org\/tr\/wp-json\/wp\/v2\/comments?post=1865"}],"version-history":[{"count":1,"href":"https:\/\/exceladvisor.org\/tr\/wp-json\/wp\/v2\/pages\/1865\/revisions"}],"predecessor-version":[{"id":2645,"href":"https:\/\/exceladvisor.org\/tr\/wp-json\/wp\/v2\/pages\/1865\/revisions\/2645"}],"wp:attachment":[{"href":"https:\/\/exceladvisor.org\/tr\/wp-json\/wp\/v2\/media?parent=1865"}],"curies":[{"name":"wp","href":"https:\/\/api.w.org\/{rel}","templated":true}]}}