{"id":1866,"date":"2023-10-30T14:48:51","date_gmt":"2023-10-30T14:48:51","guid":{"rendered":"https:\/\/exceladvisor.org\/tr\/satir-sonunu-birlestirme\/"},"modified":"2023-12-10T06:02:16","modified_gmt":"2023-12-10T06:02:16","slug":"satir-sonunu-birlestirme","status":"publish","type":"page","link":"https:\/\/exceladvisor.org\/tr\/satir-sonunu-birlestirme\/","title":{"rendered":"Excel&#39;de sat\u0131r sonuyla nas\u0131l birle\u015ftirilir?"},"content":{"rendered":"<div class=\"excel-icerikten-once\" id=\"excel-1888013963\"><script type=\"text\/javascript\">\r\n\tatOptions = {\r\n\t\t'key' : 'c1158f160081d6540a8409e6925dab94',\r\n\t\t'format' : 'iframe',\r\n\t\t'height' : 250,\r\n\t\t'width' : 300,\r\n\t\t'params' : {}\r\n\t};\r\n<\/script>\r\n<script type=\"text\/javascript\" src=\"\/\/www.highperformanceformat.com\/c1158f160081d6540a8409e6925dab94\/invoke.js\"><\/script><\/div> <p>Excel&#8217;de normalde farkl\u0131 h\u00fccrelerdeki metinleri CONCATENATE kullanarak birle\u015ftirdi\u011fimizde. Ancak bazen bunu yaparken birle\u015ftirmek istedi\u011fimiz metnin aras\u0131na sat\u0131r sonu eklememiz gerekir.<\/p><p> Bildi\u011finiz gibi metni birle\u015ftirmenin <a style=\"outline: none;\" href=\"https:\/\/exceladvisor.org\/tr\/bir-dizi-hucreyi-birlestirmek\/\">birka\u00e7 y\u00f6ntemi var<\/a> ancak i\u015f sat\u0131r sonu eklemeye gelince bunun i\u00e7in \u00f6zel bir form\u00fcl kullanmam\u0131z gerekiyor.<\/p><p> Sorun \u015fu: Metin aras\u0131na sat\u0131r sonu eklemek i\u00e7in CHAR i\u015flevini kullanmam\u0131z gerekiyor.<\/p><p> Bug\u00fcnk\u00fc yaz\u0131mda ise farkl\u0131 h\u00fccrelerden gelen de\u011ferleri birle\u015ftirirken sat\u0131r sonu olu\u015fturmak i\u00e7in kullanabilece\u011finiz tam olarak 3 farkl\u0131 form\u00fcl\u00fc g\u00f6sterece\u011fim. Ve en iyi yan\u0131, bu 3 form\u00fcl\u00fcn kullan\u0131m\u0131n\u0131n basit olmas\u0131d\u0131r.<\/p><p> B\u00fct\u00fcn bu form\u00fcllerde yayg\u0131n olarak kullan\u0131lan bir \u015fey var. Bu CHAR i\u015flevidir. Bu i\u015flev, orada belirtti\u011finiz say\u0131ya g\u00f6re belirli bir karakteri d\u00f6nd\u00fcr\u00fcr.<\/p><p> Ve bir sat\u0131r sonu girmek i\u00e7in Excel Windows s\u00fcr\u00fcm\u00fcn\u00fc kullan\u0131yorsan\u0131z 10&#8217;u, Excel MAC s\u00fcr\u00fcm\u00fcn\u00fc kullan\u0131yorsan\u0131z 13&#8217;\u00fc belirtmemiz gerekir. CHAR hakk\u0131nda daha fazla bilgiyi <a href=\"https:\/\/support.office.com\/en-us\/article\/char-function-bbd249c8-b36e-4a91-8017-1c133f9b837a\" target=\"_blank\" rel=\"noreferrer noopener nofollow\">buradan<\/a> edinebilirsiniz ve \u015fimdi yeni sat\u0131r form\u00fcllerimize ge\u00e7elim.<\/p><h2 class=\"wp-block-heading\"> 1. CHAR ile ve i\u015fareti kullanmak<\/h2><p> Bu asl\u0131nda birle\u015ftirmek istedi\u011finiz t\u00fcm h\u00fccrelere referans verdi\u011finiz, ancak bu h\u00fccre referanslar\u0131 aras\u0131nda CHAR(10) kulland\u0131\u011f\u0131n\u0131z basit bir form\u00fcld\u00fcr. A\u015fa\u011f\u0131daki form\u00fcle bak\u0131n: <\/p><pre class=\"wp-block-code\"> <code class=\"language-excel-formula\" lang=\"excel-formula\">=A2&amp;CHAR(10)&amp;B2&amp;CHAR(10)&amp;C2<\/code><\/pre><div class=\"wp-block-image\"><figure class=\"aligncenter\"><img decoding=\"async\" src=\"https:\/\/exceladvisor.org\/wp-content\/uploads\/2023\/08\/concatener-avec-une-formule-simple-de-saut-de-ligne-1.png\" sizes=\"\" srcset=\"\" alt=\"basit bir yeni sat\u0131r form\u00fcl\u00fcyle birle\u015ftirin\"><\/figure><\/div><p class=\"qt-tip\"> <strong>\u00d6nemli Not:<\/strong> Bu form\u00fcl\u00fc bir h\u00fccreye girdikten sonra o h\u00fccreye &#8220;Metni Sar&#8221; uygulad\u0131\u011f\u0131n\u0131zdan emin olun.<\/p><h3 class=\"wp-block-heading\"> i\u015fte bu form\u00fcl nas\u0131l i\u015fliyor&#8230;<\/h3><p> Asl\u0131nda bu form\u00fclde toplam be\u015f de\u011feri ve i\u015fareti (&amp;) kullanarak birle\u015ftirdik. Sat\u0131r sonlar\u0131 i\u00e7in \u00fc\u00e7 h\u00fccre de\u011feri ve iki CHAR i\u015flevi. \u00d6nce A2, ard\u0131ndan yeni sat\u0131r\u0131m\u0131z var, ard\u0131ndan B2 ve ba\u015fka bir yeni sat\u0131r\u0131m\u0131z ve sonunda C2.<\/p><p> <strong>\u0130lgili E\u011fitim<\/strong> : <a href=\"https:\/\/exceladvisor.org\/tr\/fazladan-bosluklari-kaldir\/\">Excel&#8217;deki Ekstra Bo\u015fluklar\u0131 Kald\u0131rma<\/a><\/p><h2 class=\"wp-block-heading\"> 2. CHAR&#8217;\u0131 CONCATENATE i\u015fleviyle kullanma<\/h2><p> Bu form\u00fcl yukar\u0131da kulland\u0131\u011f\u0131m\u0131z form\u00fcl\u00fcn hemen hemen ayn\u0131s\u0131d\u0131r, ancak burada ve i\u015fareti (&amp;) kullanmak yerine sadece B\u0130RLE\u015eT\u0130R i\u015flevini kulland\u0131k. <a href=\"https:\/\/exceladvisor.org\/tr\/hucreyi-duzenle\/\">H\u00fccreyi d\u00fczenleyin<\/a> ve a\u015fa\u011f\u0131daki form\u00fcl\u00fc girin. <\/p><pre class=\"wp-block-code\"> <code class=\"language-excel-formula\" lang=\"excel-formula\">=CONCATENATE(A2,CHAR(10),B2,CHAR(10),C2)<\/code><\/pre><div class=\"wp-block-image\"><figure class=\"aligncenter\"><img decoding=\"async\" src=\"https:\/\/exceladvisor.org\/wp-content\/uploads\/2023\/08\/concatener-avec-un-saut-de-ligne-en-utilisant-la-fonction-de-concatenation-1.png\" sizes=\"\" srcset=\"\" alt=\"birle\u015ftirme i\u015flevini kullanarak yeni bir sat\u0131rla birle\u015ftirme\"><\/figure><\/div><p> Yine bu form\u00fclde h\u00fccreye &#8220;Metni Sar&#8221; uygulad\u0131\u011f\u0131n\u0131zdan emin olun.<\/p><h3 class=\"wp-block-heading\"> i\u015fte bu form\u00fcl nas\u0131l i\u015fliyor&#8230;<\/h3><p> Bu form\u00fclde CONCATENATE kullanarak 5 farkl\u0131 \u015feyi birle\u015ftirdik. A2 h\u00fccresinin de\u011feri, CHAR kullan\u0131larak sat\u0131r sonu, B2 h\u00fccresinin de\u011ferleri, sat\u0131r sonu ve sonunda C2 h\u00fccresinin de\u011feri.<\/p><h2 class=\"wp-block-heading\"> 3. Metinde sat\u0131r sonu elde etmek i\u00e7in CHAR ve TEXTJOIN kombinasyonu<\/h2><p> TEXTJOIN, CONCATENATE&#8217;in geli\u015fmi\u015f versiyonudur. \u0130\u015flevde, h\u00fccrelerin metnini birle\u015ftirmek i\u00e7in bir s\u0131n\u0131rlay\u0131c\u0131 kullanabilirsiniz. Ve i\u015fte farkl\u0131 h\u00fccrelerdeki metni birle\u015ftirirken sat\u0131r sonu elde etmenin form\u00fcl\u00fc. <\/p><pre class=\"wp-block-code\"> <code class=\"language-excel-formula\" lang=\"excel-formula\">=TEXTJOIN(CHAR(10),TRUE,A2:C2)<\/code><\/pre><div class=\"wp-block-image\"><figure class=\"aligncenter\"><img decoding=\"async\" src=\"https:\/\/exceladvisor.org\/wp-content\/uploads\/2023\/08\/concatener-avec-une-jointure-de-saut-de-ligne-1.png\" sizes=\"\" srcset=\"\" alt=\"yeni sat\u0131r birle\u015fimiyle birle\u015ftirme\"><\/figure><\/div><h3 class=\"wp-block-heading\"> i\u015fte bu form\u00fcl nas\u0131l i\u015fliyor&#8230;<\/h3><p> Form\u00fclde s\u0131n\u0131rlay\u0131c\u0131 olarak CHAR&#8217;\u0131, ard\u0131ndan bo\u015f h\u00fccreleri yok saymak i\u00e7in TRUE&#8217;yu kulland\u0131k. Ve sonunda birle\u015ftirmemiz gereken A2:C2 aral\u0131\u011f\u0131n\u0131n tamam\u0131n\u0131 se\u00e7tik. \u015eimdi ne olacak, CHAR(10)&#8217;u belirtti\u011fimiz gibi, her h\u00fccre de\u011ferinden sonra yeni bir sat\u0131r ekleyecek.<\/p><h2 class=\"wp-block-heading\"> \u00c7\u00f6z\u00fcm<\/h2><p> Bir form\u00fclde sat\u0131r sonu kullan\u0131rken, sat\u0131r sonu i\u00e7in CHAR fonksiyonunu kullanarak ve h\u00fccreye &#8220;Kelime Kayd\u0131rma&#8221; uygulayarak iki \u015feye dikkat etmeniz gerekir. Burada \u00f6\u011frendi\u011fimiz t\u00fcm form\u00fcller aras\u0131nda TEXTJOIN kullanman\u0131n en basit ve en iyi y\u00f6ntem oldu\u011funu d\u00fc\u015f\u00fcn\u00fcyorum.<\/p><p> Umar\u0131m bu form\u00fcl ipucunu faydal\u0131 bulmu\u015fsunuzdur, ancak \u015fimdi bana bir \u015feyi s\u00f6ylemeniz gerekiyor.<\/p><p> <em><strong>Sizce hangi form\u00fcl\u00fc kullanmak en iyisidir?<\/strong><\/em> D\u00fc\u015f\u00fcncelerinizi yorum b\u00f6l\u00fcm\u00fcnde benimle payla\u015f\u0131n, sizden haber almay\u0131 ve bu ipucunu arkada\u015flar\u0131n\u0131zla da payla\u015fmay\u0131 unutmay\u0131n.<\/p><div class=\"gb-container gb-container-0df56012 gb-container-mt\"> <a class=\"gb-button gb-button-f9f432f4 gb-button-text gb-button-mt-button\" href=\"https:\/\/exceladvisor.org\/tr\/formuller\/\">Excel form\u00fcllerinin listesi<\/a><h2 class=\"gb-headline gb-headline-233444e8 gb-headline-text gb-headline-mt-heading\"> \u0130lgili form\u00fcller <\/h2><div class=\"gb-grid-wrapper gb-grid-wrapper-a16fa65c gb-grid-wrapper-mt-grid\"><div class=\"gb-grid-column gb-grid-column-50d07e0d\"><div class=\"gb-container gb-container-50d07e0d\"><ul><li> <a href=\"https:\/\/exceladvisor.org\/tr\/hucrede-yeni-satir\/\">Excel&#8217;de bir h\u00fccreye yeni bir sat\u0131r ekleme (sat\u0131r sonu)<\/a><\/li><li> <a href=\"https:\/\/exceladvisor.org\/tr\/bastaki-sifirlar\/\">Excel&#8217;de ba\u015ftaki s\u0131f\u0131rlar\u0131 ekleme<\/a><\/li><li> <a href=\"https:\/\/exceladvisor.org\/tr\/hucreleri-virgulle-birlestir\/\">Excel&#8217;de h\u00fccreleri virg\u00fclle birle\u015ftirme (birle\u015ftirme)<\/a><\/li><li> <a href=\"https:\/\/exceladvisor.org\/tr\/bir-dizi-hucreyi-birlestirmek\/\">Excel&#8217;de bir dizi h\u00fccreyi birle\u015ftirme (birle\u015ftirme)<\/a> <\/li><\/ul><\/div><\/div><div class=\"gb-grid-column gb-grid-column-5b4a0cf9\"><div class=\"gb-container gb-container-5b4a0cf9\"><\/div><\/div><\/div><\/div>","protected":false},"excerpt":{"rendered":"","protected":false},"author":1,"featured_media":0,"parent":0,"menu_order":0,"comment_status":"open","ping_status":"closed","template":"","meta":{"ub_ctt_via":"","footnotes":""},"class_list":["post-1866","page","type-page","status-publish","hentry"],"featured_image_src":null,"yoast_head":"<!-- This site is optimized with the Yoast SEO plugin v25.4 - https:\/\/yoast.com\/wordpress\/plugins\/seo\/ -->\n<title>\u25b7 Excel&#039;de sat\u0131r sonuyla birle\u015ftirme nas\u0131l yap\u0131l\u0131r?<\/title>\n<meta name=\"description\" content=\"Bu e\u011fitimde, CHAR, CONCATENATE i\u015flevleri de dahil olmak \u00fczere Excel&#039;de sat\u0131r sonuyla birle\u015ftirmeye y\u00f6nelik 3 form\u00fcl\u00fc \u00f6\u011freneceksiniz.\" \/>\n<meta name=\"robots\" content=\"index, follow, max-snippet:-1, max-image-preview:large, max-video-preview:-1\" \/>\n<link rel=\"canonical\" href=\"https:\/\/exceladvisor.org\/tr\/satir-sonunu-birlestirme\/\" \/>\n<meta property=\"og:locale\" content=\"tr_TR\" \/>\n<meta property=\"og:type\" content=\"article\" \/>\n<meta property=\"og:title\" content=\"\u25b7 Excel&#039;de sat\u0131r sonuyla birle\u015ftirme nas\u0131l yap\u0131l\u0131r?\" \/>\n<meta property=\"og:description\" content=\"Bu e\u011fitimde, CHAR, CONCATENATE i\u015flevleri de dahil olmak \u00fczere Excel&#039;de sat\u0131r sonuyla birle\u015ftirmeye y\u00f6nelik 3 form\u00fcl\u00fc \u00f6\u011freneceksiniz.\" \/>\n<meta property=\"og:url\" content=\"https:\/\/exceladvisor.org\/tr\/satir-sonunu-birlestirme\/\" \/>\n<meta property=\"og:site_name\" content=\"Excel Advisor\" \/>\n<meta property=\"article:modified_time\" content=\"2023-12-10T06:02:16+00:00\" \/>\n<meta property=\"og:image\" content=\"https:\/\/exceladvisor.org\/wp-content\/uploads\/2023\/08\/concatener-avec-une-formule-simple-de-saut-de-ligne-1.png\" \/>\n<meta name=\"twitter:card\" content=\"summary_large_image\" \/>\n<meta name=\"twitter:label1\" content=\"Tahmini okuma s\u00fcresi\" \/>\n\t<meta name=\"twitter:data1\" content=\"4 dakika\" \/>\n<script type=\"application\/ld+json\" class=\"yoast-schema-graph\">{\"@context\":\"https:\/\/schema.org\",\"@graph\":[{\"@type\":\"WebPage\",\"@id\":\"https:\/\/exceladvisor.org\/tr\/satir-sonunu-birlestirme\/\",\"url\":\"https:\/\/exceladvisor.org\/tr\/satir-sonunu-birlestirme\/\",\"name\":\"\u25b7 Excel&#39;de sat\u0131r sonuyla birle\u015ftirme nas\u0131l yap\u0131l\u0131r?\",\"isPartOf\":{\"@id\":\"https:\/\/exceladvisor.org\/tr\/#website\"},\"primaryImageOfPage\":{\"@id\":\"https:\/\/exceladvisor.org\/tr\/satir-sonunu-birlestirme\/#primaryimage\"},\"image\":{\"@id\":\"https:\/\/exceladvisor.org\/tr\/satir-sonunu-birlestirme\/#primaryimage\"},\"thumbnailUrl\":\"https:\/\/exceladvisor.org\/wp-content\/uploads\/2023\/08\/concatener-avec-une-formule-simple-de-saut-de-ligne-1.png\",\"datePublished\":\"2023-10-30T14:48:51+00:00\",\"dateModified\":\"2023-12-10T06:02:16+00:00\",\"description\":\"Bu e\u011fitimde, CHAR, CONCATENATE i\u015flevleri de dahil olmak \u00fczere Excel&#39;de sat\u0131r sonuyla birle\u015ftirmeye y\u00f6nelik 3 form\u00fcl\u00fc \u00f6\u011freneceksiniz.\",\"breadcrumb\":{\"@id\":\"https:\/\/exceladvisor.org\/tr\/satir-sonunu-birlestirme\/#breadcrumb\"},\"inLanguage\":\"tr\",\"potentialAction\":[{\"@type\":\"ReadAction\",\"target\":[\"https:\/\/exceladvisor.org\/tr\/satir-sonunu-birlestirme\/\"]}]},{\"@type\":\"ImageObject\",\"inLanguage\":\"tr\",\"@id\":\"https:\/\/exceladvisor.org\/tr\/satir-sonunu-birlestirme\/#primaryimage\",\"url\":\"https:\/\/exceladvisor.org\/wp-content\/uploads\/2023\/08\/concatener-avec-une-formule-simple-de-saut-de-ligne-1.png\",\"contentUrl\":\"https:\/\/exceladvisor.org\/wp-content\/uploads\/2023\/08\/concatener-avec-une-formule-simple-de-saut-de-ligne-1.png\"},{\"@type\":\"BreadcrumbList\",\"@id\":\"https:\/\/exceladvisor.org\/tr\/satir-sonunu-birlestirme\/#breadcrumb\",\"itemListElement\":[{\"@type\":\"ListItem\",\"position\":1,\"name\":\"Ev\",\"item\":\"https:\/\/exceladvisor.org\/tr\/\"},{\"@type\":\"ListItem\",\"position\":2,\"name\":\"Excel&#39;de sat\u0131r sonuyla nas\u0131l birle\u015ftirilir?\"}]},{\"@type\":\"WebSite\",\"@id\":\"https:\/\/exceladvisor.org\/tr\/#website\",\"url\":\"https:\/\/exceladvisor.org\/tr\/\",\"name\":\"Excel Advisor\",\"description\":\"Veri hakimiyetine y\u00f6nelik nihai rehberiniz!\",\"publisher\":{\"@id\":\"https:\/\/exceladvisor.org\/tr\/#organization\"},\"potentialAction\":[{\"@type\":\"SearchAction\",\"target\":{\"@type\":\"EntryPoint\",\"urlTemplate\":\"https:\/\/exceladvisor.org\/tr\/?s={search_term_string}\"},\"query-input\":{\"@type\":\"PropertyValueSpecification\",\"valueRequired\":true,\"valueName\":\"search_term_string\"}}],\"inLanguage\":\"tr\"},{\"@type\":\"Organization\",\"@id\":\"https:\/\/exceladvisor.org\/tr\/#organization\",\"name\":\"Excel Advisor\",\"url\":\"https:\/\/exceladvisor.org\/tr\/\",\"logo\":{\"@type\":\"ImageObject\",\"inLanguage\":\"tr\",\"@id\":\"https:\/\/exceladvisor.org\/tr\/#\/schema\/logo\/image\/\",\"url\":\"https:\/\/exceladvisor.org\/tr\/wp-content\/uploads\/2023\/12\/exceladvisor.org_.png\",\"contentUrl\":\"https:\/\/exceladvisor.org\/tr\/wp-content\/uploads\/2023\/12\/exceladvisor.org_.png\",\"width\":105,\"height\":36,\"caption\":\"Excel Advisor\"},\"image\":{\"@id\":\"https:\/\/exceladvisor.org\/tr\/#\/schema\/logo\/image\/\"}}]}<\/script>\n<!-- \/ Yoast SEO plugin. -->","yoast_head_json":{"title":"\u25b7 Excel&#39;de sat\u0131r sonuyla birle\u015ftirme nas\u0131l yap\u0131l\u0131r?","description":"Bu e\u011fitimde, CHAR, CONCATENATE i\u015flevleri de dahil olmak \u00fczere Excel&#39;de sat\u0131r sonuyla birle\u015ftirmeye y\u00f6nelik 3 form\u00fcl\u00fc \u00f6\u011freneceksiniz.","robots":{"index":"index","follow":"follow","max-snippet":"max-snippet:-1","max-image-preview":"max-image-preview:large","max-video-preview":"max-video-preview:-1"},"canonical":"https:\/\/exceladvisor.org\/tr\/satir-sonunu-birlestirme\/","og_locale":"tr_TR","og_type":"article","og_title":"\u25b7 Excel&#39;de sat\u0131r sonuyla birle\u015ftirme nas\u0131l yap\u0131l\u0131r?","og_description":"Bu e\u011fitimde, CHAR, CONCATENATE i\u015flevleri de dahil olmak \u00fczere Excel&#39;de sat\u0131r sonuyla birle\u015ftirmeye y\u00f6nelik 3 form\u00fcl\u00fc \u00f6\u011freneceksiniz.","og_url":"https:\/\/exceladvisor.org\/tr\/satir-sonunu-birlestirme\/","og_site_name":"Excel Advisor","article_modified_time":"2023-12-10T06:02:16+00:00","og_image":[{"url":"https:\/\/exceladvisor.org\/wp-content\/uploads\/2023\/08\/concatener-avec-une-formule-simple-de-saut-de-ligne-1.png","type":"","width":"","height":""}],"twitter_card":"summary_large_image","twitter_misc":{"Tahmini okuma s\u00fcresi":"4 dakika"},"schema":{"@context":"https:\/\/schema.org","@graph":[{"@type":"WebPage","@id":"https:\/\/exceladvisor.org\/tr\/satir-sonunu-birlestirme\/","url":"https:\/\/exceladvisor.org\/tr\/satir-sonunu-birlestirme\/","name":"\u25b7 Excel&#39;de sat\u0131r sonuyla birle\u015ftirme nas\u0131l yap\u0131l\u0131r?","isPartOf":{"@id":"https:\/\/exceladvisor.org\/tr\/#website"},"primaryImageOfPage":{"@id":"https:\/\/exceladvisor.org\/tr\/satir-sonunu-birlestirme\/#primaryimage"},"image":{"@id":"https:\/\/exceladvisor.org\/tr\/satir-sonunu-birlestirme\/#primaryimage"},"thumbnailUrl":"https:\/\/exceladvisor.org\/wp-content\/uploads\/2023\/08\/concatener-avec-une-formule-simple-de-saut-de-ligne-1.png","datePublished":"2023-10-30T14:48:51+00:00","dateModified":"2023-12-10T06:02:16+00:00","description":"Bu e\u011fitimde, CHAR, CONCATENATE i\u015flevleri de dahil olmak \u00fczere Excel&#39;de sat\u0131r sonuyla birle\u015ftirmeye y\u00f6nelik 3 form\u00fcl\u00fc \u00f6\u011freneceksiniz.","breadcrumb":{"@id":"https:\/\/exceladvisor.org\/tr\/satir-sonunu-birlestirme\/#breadcrumb"},"inLanguage":"tr","potentialAction":[{"@type":"ReadAction","target":["https:\/\/exceladvisor.org\/tr\/satir-sonunu-birlestirme\/"]}]},{"@type":"ImageObject","inLanguage":"tr","@id":"https:\/\/exceladvisor.org\/tr\/satir-sonunu-birlestirme\/#primaryimage","url":"https:\/\/exceladvisor.org\/wp-content\/uploads\/2023\/08\/concatener-avec-une-formule-simple-de-saut-de-ligne-1.png","contentUrl":"https:\/\/exceladvisor.org\/wp-content\/uploads\/2023\/08\/concatener-avec-une-formule-simple-de-saut-de-ligne-1.png"},{"@type":"BreadcrumbList","@id":"https:\/\/exceladvisor.org\/tr\/satir-sonunu-birlestirme\/#breadcrumb","itemListElement":[{"@type":"ListItem","position":1,"name":"Ev","item":"https:\/\/exceladvisor.org\/tr\/"},{"@type":"ListItem","position":2,"name":"Excel&#39;de sat\u0131r sonuyla nas\u0131l birle\u015ftirilir?"}]},{"@type":"WebSite","@id":"https:\/\/exceladvisor.org\/tr\/#website","url":"https:\/\/exceladvisor.org\/tr\/","name":"Excel Advisor","description":"Veri hakimiyetine y\u00f6nelik nihai rehberiniz!","publisher":{"@id":"https:\/\/exceladvisor.org\/tr\/#organization"},"potentialAction":[{"@type":"SearchAction","target":{"@type":"EntryPoint","urlTemplate":"https:\/\/exceladvisor.org\/tr\/?s={search_term_string}"},"query-input":{"@type":"PropertyValueSpecification","valueRequired":true,"valueName":"search_term_string"}}],"inLanguage":"tr"},{"@type":"Organization","@id":"https:\/\/exceladvisor.org\/tr\/#organization","name":"Excel Advisor","url":"https:\/\/exceladvisor.org\/tr\/","logo":{"@type":"ImageObject","inLanguage":"tr","@id":"https:\/\/exceladvisor.org\/tr\/#\/schema\/logo\/image\/","url":"https:\/\/exceladvisor.org\/tr\/wp-content\/uploads\/2023\/12\/exceladvisor.org_.png","contentUrl":"https:\/\/exceladvisor.org\/tr\/wp-content\/uploads\/2023\/12\/exceladvisor.org_.png","width":105,"height":36,"caption":"Excel Advisor"},"image":{"@id":"https:\/\/exceladvisor.org\/tr\/#\/schema\/logo\/image\/"}}]}},"yoast_meta":{"yoast_wpseo_title":"","yoast_wpseo_metadesc":"","yoast_wpseo_canonical":""},"_links":{"self":[{"href":"https:\/\/exceladvisor.org\/tr\/wp-json\/wp\/v2\/pages\/1866","targetHints":{"allow":["GET"]}}],"collection":[{"href":"https:\/\/exceladvisor.org\/tr\/wp-json\/wp\/v2\/pages"}],"about":[{"href":"https:\/\/exceladvisor.org\/tr\/wp-json\/wp\/v2\/types\/page"}],"author":[{"embeddable":true,"href":"https:\/\/exceladvisor.org\/tr\/wp-json\/wp\/v2\/users\/1"}],"replies":[{"embeddable":true,"href":"https:\/\/exceladvisor.org\/tr\/wp-json\/wp\/v2\/comments?post=1866"}],"version-history":[{"count":1,"href":"https:\/\/exceladvisor.org\/tr\/wp-json\/wp\/v2\/pages\/1866\/revisions"}],"predecessor-version":[{"id":2587,"href":"https:\/\/exceladvisor.org\/tr\/wp-json\/wp\/v2\/pages\/1866\/revisions\/2587"}],"wp:attachment":[{"href":"https:\/\/exceladvisor.org\/tr\/wp-json\/wp\/v2\/media?parent=1866"}],"curies":[{"name":"wp","href":"https:\/\/api.w.org\/{rel}","templated":true}]}}