{"id":1867,"date":"2023-10-30T14:33:49","date_gmt":"2023-10-30T14:33:49","guid":{"rendered":"https:\/\/exceladvisor.org\/tr\/metni-dondur\/"},"modified":"2023-12-10T06:01:40","modified_gmt":"2023-12-10T06:01:40","slug":"metni-dondur","status":"publish","type":"page","link":"https:\/\/exceladvisor.org\/tr\/metni-dondur\/","title":{"rendered":"Excel&#39;de metin nas\u0131l d\u00f6nd\u00fcr\u00fcl\u00fcr?"},"content":{"rendered":"<div class=\"excel-icerikten-once\" id=\"excel-2884193474\"><script type=\"text\/javascript\">\r\n\tatOptions = {\r\n\t\t'key' : 'c1158f160081d6540a8409e6925dab94',\r\n\t\t'format' : 'iframe',\r\n\t\t'height' : 250,\r\n\t\t'width' : 300,\r\n\t\t'params' : {}\r\n\t};\r\n<\/script>\r\n<script type=\"text\/javascript\" src=\"\/\/www.highperformanceformat.com\/c1158f160081d6540a8409e6925dab94\/invoke.js\"><\/script><\/div> <p>Excel&#8217;de \u00e7al\u0131\u015fmak her zaman e\u011flenceli olmu\u015ftur. Ancak bazen ayn\u0131 formatlar\u0131, metinleri, yaz\u0131 tiplerini ve tabii ki ayn\u0131 s\u0131k\u0131c\u0131 say\u0131lar\u0131 g\u00f6rmek de s\u0131k\u0131c\u0131 olabiliyor.<\/p><p> \u015e\u00fcphesiz Font se\u00e7ene\u011fini kullanarak g\u00f6r\u00fcn\u00fcm\u00fc biraz de\u011fi\u015ftirebilirsiniz. Ancak metin y\u00f6n\u00fc ve hizalamalarla yapabilece\u011finiz \u00e7ok daha fazlas\u0131 var.<\/p><p> Bu sadece g\u00f6r\u00fcn\u00fcm\u00fc de\u011fi\u015ftirmekle kalmayacak, her \u015feyden \u00f6nce \u00e7ok fazla alan tasarrufu sa\u011flayacakt\u0131r. Sonraki sayfalarda gezinmek bazen can s\u0131k\u0131c\u0131 olabiliyor. B\u00f6ylece, birka\u00e7 basit ad\u0131mda metin y\u00f6nlendirmesi ve hizalamas\u0131 ile oynayarak raporu tek bir sayfaya s\u0131\u011fd\u0131rabilirsiniz.<\/p><ol><li> \u0130lk \u00f6nce metni d\u00f6nd\u00fcrmek istedi\u011finiz h\u00fccreyi se\u00e7in. Burada ba\u015fl\u0131k sat\u0131r\u0131n\u0131 se\u00e7tik. <br><img loading=\"lazy\" decoding=\"async\" title=\"1-excel-metni-d\u00f6nd\u00fcrme\" src=\"https:\/\/exceladvisor.org\/wp-content\/uploads\/2023\/08\/1-faire-pivoter-le-texte-dans-excel.png\" sizes=\"auto, \" srcset=\"\" alt=\"rotate-text-in-excel\" width=\"461\" height=\"37\"><\/li><li> \u015eimdi Giri\u015f sekmesine gidin ve \u015feritte Hizalama sekmesini bulun. <br><img loading=\"lazy\" decoding=\"async\" title=\"2-hizalama arama sekmesi\" src=\"https:\/\/exceladvisor.org\/wp-content\/uploads\/2023\/08\/2-recherchez-longlet-dalignement.png\" sizes=\"auto, \" srcset=\"\" alt=\"look-for-alignment-tab\" width=\"619\" height=\"139\"><\/li><li> Daha sonra Y\u00f6nlendirme butonuna t\u0131klay\u0131n. <br><img loading=\"lazy\" decoding=\"async\" title=\"3-y\u00f6nlendirme d\u00fc\u011fmesine t\u0131klay\u0131n\" src=\"https:\/\/exceladvisor.org\/wp-content\/uploads\/2023\/08\/3-cliquez-sur-le-bouton-dorientation.png\" sizes=\"auto, \" srcset=\"\" alt=\"click-on-orientation-button\" width=\"478\" height=\"142\"><\/li><li> Burada a\u00e7\u0131l\u0131r listede varsay\u0131lan se\u00e7enekleri g\u00f6receksiniz. <br><img loading=\"lazy\" decoding=\"async\" title=\"4-varsay\u0131lan-metin-d\u00f6nd\u00fcrme-se\u00e7enekleri\" src=\"https:\/\/exceladvisor.org\/wp-content\/uploads\/2023\/08\/4-options-de-rotation-de-texte-par-defaut.png\" sizes=\"auto, \" srcset=\"\" alt=\"default-text-rotate-options\" width=\"207\" height=\"201\"><\/li><li> \u015eimdi bunu tek tek deneyelim ve metne ne olaca\u011f\u0131n\u0131 g\u00f6relim. <br><img loading=\"lazy\" decoding=\"async\" title=\"5-d\u00f6nd\u00fcrme metni\" src=\"https:\/\/exceladvisor.org\/wp-content\/uploads\/2023\/08\/5-faire-pivoter-le-texte.png\" sizes=\"auto, \" srcset=\"\" alt=\"rotate-text\" width=\"497\" height=\"455\"><\/li><li> Asl\u0131nda her se\u00e7ene\u011fin \u00f6n\u00fcndeki sembolden metninizin ak\u0131betinin ne olaca\u011f\u0131 konusunda fikir edinebilirsiniz. <br><img loading=\"lazy\" decoding=\"async\" title=\"6 metin d\u00f6nd\u00fcrme sembol\u00fc\" src=\"https:\/\/exceladvisor.org\/wp-content\/uploads\/2023\/08\/6-symboles-de-rotation-de-texte.png\" sizes=\"auto, \" srcset=\"\" alt=\"text-rotate-symbols\" width=\"214\" height=\"207\"><\/li><\/ol><p> Bunlar, tek t\u0131klamayla h\u0131zl\u0131 bir \u015fekilde kullanabilece\u011finiz varsay\u0131lan se\u00e7eneklerdi. \u015eimdi bu d\u00fczeni be\u011fenmeyenler i\u00e7in se\u00e7ebilece\u011finiz ba\u015fka bir \u015fey daha var.<\/p><ol><li> Bir sonraki seviyeye ge\u00e7mek i\u00e7in d\u00f6nd\u00fcrmek istedi\u011finiz h\u00fccreleri yeniden se\u00e7in ve son se\u00e7enek olan \u201cH\u00fccre Hizalamas\u0131n\u0131 Bi\u00e7imlendir\u201d se\u00e7ene\u011fini t\u0131klay\u0131n. <br><img loading=\"lazy\" decoding=\"async\" title=\"7-\u00f6zel metin y\u00f6nlendirmesi\" src=\"https:\/\/exceladvisor.org\/wp-content\/uploads\/2023\/08\/7-orientation-de-texte-personnalisee.png\" sizes=\"auto, \" srcset=\"\" alt=\"custom-text-orientation\" width=\"236\" height=\"228\"><\/li><li> Bundan sonra \u00f6n\u00fcn\u00fczde bir ileti\u015fim kutusu a\u00e7\u0131lacakt\u0131r. <br><img loading=\"lazy\" decoding=\"async\" title=\"8-a\u00e7\u0131k-ileti\u015fim kutusu\" src=\"https:\/\/exceladvisor.org\/wp-content\/uploads\/2023\/08\/8-boite-de-dialogue-ouverte.png\" sizes=\"auto, \" srcset=\"\" alt=\"dialogue-box-opened\" width=\"568\" height=\"562\"><\/li><li> Sa\u011fdaki Y\u00f6n alt\u0131nda, metninize \u00f6zel bir a\u00e7\u0131 eklemek i\u00e7in k\u0131rm\u0131z\u0131 noktay\u0131 yukar\u0131 ve a\u015fa\u011f\u0131 s\u00fcr\u00fcklemeniz yeterlidir. <br><img loading=\"lazy\" decoding=\"async\" title=\"9-k\u0131rm\u0131z\u0131 noktay\u0131 s\u00fcr\u00fckleyin\" src=\"https:\/\/exceladvisor.org\/wp-content\/uploads\/2023\/08\/9-faites-glisser-le-point-rouge.png\" sizes=\"auto, \" srcset=\"\" alt=\"drag-the-red-dot\" width=\"178\" height=\"236\"><\/li><li> Ek olarak, \u201cDerece\u201dnin yan\u0131na belirli bir +pozitif veya -negatif a\u00e7\u0131y\u0131 manuel olarak girebilirsiniz. <br><img loading=\"lazy\" decoding=\"async\" title=\"10-belirli bir a\u00e7\u0131da manuel olarak girin\" src=\"https:\/\/exceladvisor.org\/wp-content\/uploads\/2023\/08\/10-entrer-manuellement-un-certain-angle.png\" sizes=\"auto, \" srcset=\"\" alt=\"manually-enter-a-certain-angle\" width=\"180\" height=\"249\"><\/li><\/ol><h2 class=\"wp-block-heading\"> <strong>Metin hizalama<\/strong><\/h2><p> \u0130\u015fte ilgin\u00e7 k\u0131s\u0131m. \u015eu ana kadar metin y\u00f6nlendirmesinden bahsediyorduk ya da Y\u00f6nlendirme diyebilirsiniz. Bilmeniz gereken bir sonraki \u015fey metin hizalamas\u0131d\u0131r. Yani metnin konumunu h\u00fccrenin ortas\u0131na, sa\u011f\u0131na, soluna, \u00fcst\u00fcne veya alt\u0131na do\u011fru se\u00e7ebilirsiniz. Bakal\u0131m nas\u0131l olacak.<\/p><ol><li> \u00d6ncelikle h\u00fccreyi se\u00e7in \u2192 Ana Sayfa \u2192 Hizalama \u2192 Y\u00f6nlendirme \u2192 H\u00fccre Hizalamas\u0131n\u0131 Bi\u00e7imlendir. <br><img loading=\"lazy\" decoding=\"async\" title=\"11 metin hizalama\" src=\"https:\/\/exceladvisor.org\/wp-content\/uploads\/2023\/08\/11-alignement-du-texte.png\" sizes=\"auto, \" srcset=\"\" alt=\"text-alignment\" width=\"518\" height=\"513\"><\/li><li> Art\u0131k Yatay ve Dikey olarak 2 se\u00e7ene\u011finiz var ve k\u00fc\u00e7\u00fck a\u00e7\u0131l\u0131r oka t\u0131klay\u0131n. <br><img loading=\"lazy\" decoding=\"async\" title=\"12-yatay-dikey se\u00e7enekleri\" src=\"https:\/\/exceladvisor.org\/wp-content\/uploads\/2023\/08\/12-options-verticales-horizontales.png\" sizes=\"auto, \" srcset=\"\" alt=\"horizontal-&amp;-vertical-options\" width=\"655\" height=\"394\"><\/li><li> Burada t\u00fcm se\u00e7enekleri denemeniz ve raporunuza neyin uygun oldu\u011funu analiz etmeniz gerekiyor. \u0130\u015fte neye benzedi\u011fine bir bak\u0131\u015f: \u2013 <br><img loading=\"lazy\" decoding=\"async\" title=\"13-se\u00e7enekleri-analiz edin\" src=\"https:\/\/exceladvisor.org\/wp-content\/uploads\/2023\/08\/13-analyser-les-options.png\" sizes=\"auto, \" srcset=\"\" alt=\"analyze-the-options\" width=\"785\" height=\"439\"><\/li><\/ol><p> Kafa kar\u0131\u015ft\u0131r\u0131c\u0131 g\u00f6r\u00fcnebilir, ancak bir kez denerseniz kesinlikle daha iyi olacakt\u0131r.<\/p><p class=\"qt-tip\"> <strong>\u0130pucu:<\/strong> Y\u00f6n ve hizalama, sahip oldu\u011funuz metnin uzunlu\u011funa ve t\u00fcr\u00fcne ba\u011fl\u0131 oldu\u011fundan, her rapor i\u00e7in sabit bir d\u00fczen k\u00fcmesi kullanmay\u0131n.<\/p><p> \u00d6rne\u011fin, varsay\u0131lan metin B1 s\u00fctunundan ba\u015fl\u0131yordu: F1. Ancak \u201cSaat Y\u00f6n\u00fcn\u00fcn Tersine A\u00e7\u0131\u201d Y\u00f6nlendirmesini kulland\u0131\u011f\u0131m\u0131z anda metnin \u201cSaat Y\u00f6n\u00fc A\u00e7\u0131s\u0131\u201d kullan\u0131larak sa\u011f ve sol h\u00fccreye ta\u015f\u0131nd\u0131\u011f\u0131n\u0131 fark edeceksiniz.<\/p><p> Verilerimiz A s\u00fctunundan ba\u015fl\u0131yorsa rapor g\u00f6r\u00fcn\u00fcm\u00fcnden \u00e7\u0131kar\u0131laca\u011f\u0131 i\u00e7in bu durum sorunlu olabilir. Bu nedenle t\u00fcm se\u00e7enekleri denemeniz ve raporunuza ve veri t\u00fcr\u00fcn\u00fcze g\u00f6re ak\u0131ll\u0131ca se\u00e7im yapman\u0131z gerekir. <\/p><div class=\"wp-block-image\"><figure class=\"aligncenter size-full is-resized\"><img loading=\"lazy\" decoding=\"async\" class=\"wp-image-62115\" src=\"https:\/\/exceladvisor.org\/wp-content\/uploads\/2023\/08\/14-angle-dans-le-sens-des-aiguilles-dune-montre.png\" sizes=\"auto, \" srcset=\"\" alt=\"saat y\u00f6n\u00fcnde a\u00e7\u0131\" width=\"654\" height=\"306\"><\/figure><\/div><div class=\"gb-container gb-container-4db6181c gb-container-mt\"> <a class=\"gb-button gb-button-c5897111 gb-button-text gb-button-mt-button\" href=\"https:\/\/exceladvisor.org\/tr\/excelin-temelleri\/\">Microsoft Excel Temelleri (Bile\u015fenler, Par\u00e7alar ve Bilgi Notlar\u0131)<\/a><h2 class=\"gb-headline gb-headline-665e5f6b gb-headline-text gb-headline-mt-heading\"> \u0130lgili e\u011fitimler <\/h2><div class=\"gb-grid-wrapper gb-grid-wrapper-a20baf7c gb-grid-wrapper-mt-grid\"><div class=\"gb-grid-column gb-grid-column-65ddf67e\"><div class=\"gb-container gb-container-65ddf67e\"><ul><li> <a href=\"https:\/\/exceladvisor.org\/tr\/bir-cizgi-ciz\/\">Excel&#8217;de bir \u00e7izgi \u00e7izin<\/a><\/li><li> <a href=\"https:\/\/exceladvisor.org\/tr\/dugme-ekle\/\">Excel&#8217;e d\u00fc\u011fme ekleme<\/a><\/li><li> <a href=\"https:\/\/exceladvisor.org\/tr\/ayrisan-hucreleri-birlestirme\/\">Birle\u015ftirme \u2013 Excel&#8217;deki h\u00fccrelerin grubunu \u00e7\u00f6zme<\/a><\/li><li> <a href=\"https:\/\/exceladvisor.org\/tr\/yazim-denetleyicisi\/\">Excel&#8217;de yaz\u0131m denetimi<\/a><\/li><li> <a href=\"https:\/\/exceladvisor.org\/tr\/para-cekme\/\">Excel&#8217;de girintiyi art\u0131rma ve azaltma<\/a> <\/li><\/ul><\/div><\/div><div class=\"gb-grid-column gb-grid-column-50067b57\"><div class=\"gb-container gb-container-50067b57\"><\/div><\/div><\/div><\/div>","protected":false},"excerpt":{"rendered":"","protected":false},"author":1,"featured_media":0,"parent":0,"menu_order":0,"comment_status":"open","ping_status":"closed","template":"","meta":{"ub_ctt_via":"","footnotes":""},"class_list":["post-1867","page","type-page","status-publish","hentry"],"featured_image_src":null,"yoast_head":"<!-- This site is optimized with the Yoast SEO plugin v25.4 - https:\/\/yoast.com\/wordpress\/plugins\/seo\/ -->\n<title>Excel&#039;de metin nas\u0131l d\u00f6nd\u00fcr\u00fcl\u00fcr? (Metin Rehberi)<\/title>\n<meta name=\"description\" content=\"Bu derste Excel&#039;de bir h\u00fccredeki metni (metin y\u00f6n\u00fc) nas\u0131l d\u00f6nd\u00fcrece\u011fimizi \u00f6\u011frenece\u011fiz. Bu de\u011fi\u015fmeyecek\" \/>\n<meta name=\"robots\" content=\"index, follow, max-snippet:-1, max-image-preview:large, max-video-preview:-1\" \/>\n<link rel=\"canonical\" href=\"https:\/\/exceladvisor.org\/tr\/metni-dondur\/\" \/>\n<meta property=\"og:locale\" content=\"tr_TR\" \/>\n<meta property=\"og:type\" content=\"article\" \/>\n<meta property=\"og:title\" content=\"Excel&#039;de metin nas\u0131l d\u00f6nd\u00fcr\u00fcl\u00fcr? (Metin Rehberi)\" \/>\n<meta property=\"og:description\" content=\"Bu derste Excel&#039;de bir h\u00fccredeki metni (metin y\u00f6n\u00fc) nas\u0131l d\u00f6nd\u00fcrece\u011fimizi \u00f6\u011frenece\u011fiz. Bu de\u011fi\u015fmeyecek\" \/>\n<meta property=\"og:url\" content=\"https:\/\/exceladvisor.org\/tr\/metni-dondur\/\" \/>\n<meta property=\"og:site_name\" content=\"Excel Advisor\" \/>\n<meta property=\"article:modified_time\" content=\"2023-12-10T06:01:40+00:00\" \/>\n<meta property=\"og:image\" content=\"https:\/\/exceladvisor.org\/wp-content\/uploads\/2023\/08\/1-faire-pivoter-le-texte-dans-excel.png\" \/>\n<meta name=\"twitter:card\" content=\"summary_large_image\" \/>\n<meta name=\"twitter:label1\" content=\"Tahmini okuma s\u00fcresi\" \/>\n\t<meta name=\"twitter:data1\" content=\"3 dakika\" \/>\n<script type=\"application\/ld+json\" class=\"yoast-schema-graph\">{\"@context\":\"https:\/\/schema.org\",\"@graph\":[{\"@type\":\"WebPage\",\"@id\":\"https:\/\/exceladvisor.org\/tr\/metni-dondur\/\",\"url\":\"https:\/\/exceladvisor.org\/tr\/metni-dondur\/\",\"name\":\"Excel&#39;de metin nas\u0131l d\u00f6nd\u00fcr\u00fcl\u00fcr? (Metin Rehberi)\",\"isPartOf\":{\"@id\":\"https:\/\/exceladvisor.org\/tr\/#website\"},\"primaryImageOfPage\":{\"@id\":\"https:\/\/exceladvisor.org\/tr\/metni-dondur\/#primaryimage\"},\"image\":{\"@id\":\"https:\/\/exceladvisor.org\/tr\/metni-dondur\/#primaryimage\"},\"thumbnailUrl\":\"https:\/\/exceladvisor.org\/wp-content\/uploads\/2023\/08\/1-faire-pivoter-le-texte-dans-excel.png\",\"datePublished\":\"2023-10-30T14:33:49+00:00\",\"dateModified\":\"2023-12-10T06:01:40+00:00\",\"description\":\"Bu derste Excel&#39;de bir h\u00fccredeki metni (metin y\u00f6n\u00fc) nas\u0131l d\u00f6nd\u00fcrece\u011fimizi \u00f6\u011frenece\u011fiz. Bu de\u011fi\u015fmeyecek\",\"breadcrumb\":{\"@id\":\"https:\/\/exceladvisor.org\/tr\/metni-dondur\/#breadcrumb\"},\"inLanguage\":\"tr\",\"potentialAction\":[{\"@type\":\"ReadAction\",\"target\":[\"https:\/\/exceladvisor.org\/tr\/metni-dondur\/\"]}]},{\"@type\":\"ImageObject\",\"inLanguage\":\"tr\",\"@id\":\"https:\/\/exceladvisor.org\/tr\/metni-dondur\/#primaryimage\",\"url\":\"https:\/\/exceladvisor.org\/wp-content\/uploads\/2023\/08\/1-faire-pivoter-le-texte-dans-excel.png\",\"contentUrl\":\"https:\/\/exceladvisor.org\/wp-content\/uploads\/2023\/08\/1-faire-pivoter-le-texte-dans-excel.png\"},{\"@type\":\"BreadcrumbList\",\"@id\":\"https:\/\/exceladvisor.org\/tr\/metni-dondur\/#breadcrumb\",\"itemListElement\":[{\"@type\":\"ListItem\",\"position\":1,\"name\":\"Ev\",\"item\":\"https:\/\/exceladvisor.org\/tr\/\"},{\"@type\":\"ListItem\",\"position\":2,\"name\":\"Excel&#39;de metin nas\u0131l d\u00f6nd\u00fcr\u00fcl\u00fcr?\"}]},{\"@type\":\"WebSite\",\"@id\":\"https:\/\/exceladvisor.org\/tr\/#website\",\"url\":\"https:\/\/exceladvisor.org\/tr\/\",\"name\":\"Excel Advisor\",\"description\":\"Veri hakimiyetine y\u00f6nelik nihai rehberiniz!\",\"publisher\":{\"@id\":\"https:\/\/exceladvisor.org\/tr\/#organization\"},\"potentialAction\":[{\"@type\":\"SearchAction\",\"target\":{\"@type\":\"EntryPoint\",\"urlTemplate\":\"https:\/\/exceladvisor.org\/tr\/?s={search_term_string}\"},\"query-input\":{\"@type\":\"PropertyValueSpecification\",\"valueRequired\":true,\"valueName\":\"search_term_string\"}}],\"inLanguage\":\"tr\"},{\"@type\":\"Organization\",\"@id\":\"https:\/\/exceladvisor.org\/tr\/#organization\",\"name\":\"Excel Advisor\",\"url\":\"https:\/\/exceladvisor.org\/tr\/\",\"logo\":{\"@type\":\"ImageObject\",\"inLanguage\":\"tr\",\"@id\":\"https:\/\/exceladvisor.org\/tr\/#\/schema\/logo\/image\/\",\"url\":\"https:\/\/exceladvisor.org\/tr\/wp-content\/uploads\/2023\/12\/exceladvisor.org_.png\",\"contentUrl\":\"https:\/\/exceladvisor.org\/tr\/wp-content\/uploads\/2023\/12\/exceladvisor.org_.png\",\"width\":105,\"height\":36,\"caption\":\"Excel Advisor\"},\"image\":{\"@id\":\"https:\/\/exceladvisor.org\/tr\/#\/schema\/logo\/image\/\"}}]}<\/script>\n<!-- \/ Yoast SEO plugin. -->","yoast_head_json":{"title":"Excel&#39;de metin nas\u0131l d\u00f6nd\u00fcr\u00fcl\u00fcr? (Metin Rehberi)","description":"Bu derste Excel&#39;de bir h\u00fccredeki metni (metin y\u00f6n\u00fc) nas\u0131l d\u00f6nd\u00fcrece\u011fimizi \u00f6\u011frenece\u011fiz. Bu de\u011fi\u015fmeyecek","robots":{"index":"index","follow":"follow","max-snippet":"max-snippet:-1","max-image-preview":"max-image-preview:large","max-video-preview":"max-video-preview:-1"},"canonical":"https:\/\/exceladvisor.org\/tr\/metni-dondur\/","og_locale":"tr_TR","og_type":"article","og_title":"Excel&#39;de metin nas\u0131l d\u00f6nd\u00fcr\u00fcl\u00fcr? (Metin Rehberi)","og_description":"Bu derste Excel&#39;de bir h\u00fccredeki metni (metin y\u00f6n\u00fc) nas\u0131l d\u00f6nd\u00fcrece\u011fimizi \u00f6\u011frenece\u011fiz. Bu de\u011fi\u015fmeyecek","og_url":"https:\/\/exceladvisor.org\/tr\/metni-dondur\/","og_site_name":"Excel Advisor","article_modified_time":"2023-12-10T06:01:40+00:00","og_image":[{"url":"https:\/\/exceladvisor.org\/wp-content\/uploads\/2023\/08\/1-faire-pivoter-le-texte-dans-excel.png","type":"","width":"","height":""}],"twitter_card":"summary_large_image","twitter_misc":{"Tahmini okuma s\u00fcresi":"3 dakika"},"schema":{"@context":"https:\/\/schema.org","@graph":[{"@type":"WebPage","@id":"https:\/\/exceladvisor.org\/tr\/metni-dondur\/","url":"https:\/\/exceladvisor.org\/tr\/metni-dondur\/","name":"Excel&#39;de metin nas\u0131l d\u00f6nd\u00fcr\u00fcl\u00fcr? (Metin Rehberi)","isPartOf":{"@id":"https:\/\/exceladvisor.org\/tr\/#website"},"primaryImageOfPage":{"@id":"https:\/\/exceladvisor.org\/tr\/metni-dondur\/#primaryimage"},"image":{"@id":"https:\/\/exceladvisor.org\/tr\/metni-dondur\/#primaryimage"},"thumbnailUrl":"https:\/\/exceladvisor.org\/wp-content\/uploads\/2023\/08\/1-faire-pivoter-le-texte-dans-excel.png","datePublished":"2023-10-30T14:33:49+00:00","dateModified":"2023-12-10T06:01:40+00:00","description":"Bu derste Excel&#39;de bir h\u00fccredeki metni (metin y\u00f6n\u00fc) nas\u0131l d\u00f6nd\u00fcrece\u011fimizi \u00f6\u011frenece\u011fiz. Bu de\u011fi\u015fmeyecek","breadcrumb":{"@id":"https:\/\/exceladvisor.org\/tr\/metni-dondur\/#breadcrumb"},"inLanguage":"tr","potentialAction":[{"@type":"ReadAction","target":["https:\/\/exceladvisor.org\/tr\/metni-dondur\/"]}]},{"@type":"ImageObject","inLanguage":"tr","@id":"https:\/\/exceladvisor.org\/tr\/metni-dondur\/#primaryimage","url":"https:\/\/exceladvisor.org\/wp-content\/uploads\/2023\/08\/1-faire-pivoter-le-texte-dans-excel.png","contentUrl":"https:\/\/exceladvisor.org\/wp-content\/uploads\/2023\/08\/1-faire-pivoter-le-texte-dans-excel.png"},{"@type":"BreadcrumbList","@id":"https:\/\/exceladvisor.org\/tr\/metni-dondur\/#breadcrumb","itemListElement":[{"@type":"ListItem","position":1,"name":"Ev","item":"https:\/\/exceladvisor.org\/tr\/"},{"@type":"ListItem","position":2,"name":"Excel&#39;de metin nas\u0131l d\u00f6nd\u00fcr\u00fcl\u00fcr?"}]},{"@type":"WebSite","@id":"https:\/\/exceladvisor.org\/tr\/#website","url":"https:\/\/exceladvisor.org\/tr\/","name":"Excel Advisor","description":"Veri hakimiyetine y\u00f6nelik nihai rehberiniz!","publisher":{"@id":"https:\/\/exceladvisor.org\/tr\/#organization"},"potentialAction":[{"@type":"SearchAction","target":{"@type":"EntryPoint","urlTemplate":"https:\/\/exceladvisor.org\/tr\/?s={search_term_string}"},"query-input":{"@type":"PropertyValueSpecification","valueRequired":true,"valueName":"search_term_string"}}],"inLanguage":"tr"},{"@type":"Organization","@id":"https:\/\/exceladvisor.org\/tr\/#organization","name":"Excel Advisor","url":"https:\/\/exceladvisor.org\/tr\/","logo":{"@type":"ImageObject","inLanguage":"tr","@id":"https:\/\/exceladvisor.org\/tr\/#\/schema\/logo\/image\/","url":"https:\/\/exceladvisor.org\/tr\/wp-content\/uploads\/2023\/12\/exceladvisor.org_.png","contentUrl":"https:\/\/exceladvisor.org\/tr\/wp-content\/uploads\/2023\/12\/exceladvisor.org_.png","width":105,"height":36,"caption":"Excel Advisor"},"image":{"@id":"https:\/\/exceladvisor.org\/tr\/#\/schema\/logo\/image\/"}}]}},"yoast_meta":{"yoast_wpseo_title":"","yoast_wpseo_metadesc":"","yoast_wpseo_canonical":""},"_links":{"self":[{"href":"https:\/\/exceladvisor.org\/tr\/wp-json\/wp\/v2\/pages\/1867","targetHints":{"allow":["GET"]}}],"collection":[{"href":"https:\/\/exceladvisor.org\/tr\/wp-json\/wp\/v2\/pages"}],"about":[{"href":"https:\/\/exceladvisor.org\/tr\/wp-json\/wp\/v2\/types\/page"}],"author":[{"embeddable":true,"href":"https:\/\/exceladvisor.org\/tr\/wp-json\/wp\/v2\/users\/1"}],"replies":[{"embeddable":true,"href":"https:\/\/exceladvisor.org\/tr\/wp-json\/wp\/v2\/comments?post=1867"}],"version-history":[{"count":1,"href":"https:\/\/exceladvisor.org\/tr\/wp-json\/wp\/v2\/pages\/1867\/revisions"}],"predecessor-version":[{"id":2548,"href":"https:\/\/exceladvisor.org\/tr\/wp-json\/wp\/v2\/pages\/1867\/revisions\/2548"}],"wp:attachment":[{"href":"https:\/\/exceladvisor.org\/tr\/wp-json\/wp\/v2\/media?parent=1867"}],"curies":[{"name":"wp","href":"https:\/\/api.w.org\/{rel}","templated":true}]}}