{"id":1870,"date":"2023-10-30T12:37:34","date_gmt":"2023-10-30T12:37:34","guid":{"rendered":"https:\/\/exceladvisor.org\/tr\/barkod-ekle\/"},"modified":"2023-12-10T06:00:16","modified_gmt":"2023-12-10T06:00:16","slug":"barkod-ekle","status":"publish","type":"page","link":"https:\/\/exceladvisor.org\/tr\/barkod-ekle\/","title":{"rendered":"Excel&#39;de barkod yaz\u0131 tipi nas\u0131l y\u00fcklenir?"},"content":{"rendered":"<div class=\"excel-icerikten-once\" id=\"excel-1921845293\"><script type=\"text\/javascript\">\r\n\tatOptions = {\r\n\t\t'key' : 'c1158f160081d6540a8409e6925dab94',\r\n\t\t'format' : 'iframe',\r\n\t\t'height' : 250,\r\n\t\t'width' : 300,\r\n\t\t'params' : {}\r\n\t};\r\n<\/script>\r\n<script type=\"text\/javascript\" src=\"\/\/www.highperformanceformat.com\/c1158f160081d6540a8409e6925dab94\/invoke.js\"><\/script><\/div> <p><a style=\"outline: none;\" href=\"https:\/\/exceladvisor.org\/tr\/envanter-yonetimi-sablonu-excel-vba-kullanici-formlari\/\" data-wpel-link=\"internal\">Envanteri, sat\u0131\u015flar\u0131 ve sat\u0131n almalar\u0131 Excel&#8217;de takip eden<\/a> ki\u015filer bana s\u0131kl\u0131kla &#8220;Excel&#8217;de nas\u0131l barkod olu\u015ftururuz?&#8221; diye soruyor. &#8220;. Excel&#8217;de barkod olu\u015fturmak i\u00e7in varsay\u0131lan bir se\u00e7enek yoktur.<\/p><p> K\u00f6t\u00fc haber ise \u015fu: Microsoft&#8217;un buna benzer bir se\u00e7enek ekleme plan\u0131 yok. Ancak iyi haber \u015fu: Excel&#8217;de bir yaz\u0131 tipi y\u00fckleyerek barkod olu\u015fturabilirsiniz. <\/p><p><img loading=\"lazy\" decoding=\"async\" class=\"aligncenter\" src=\"https:\/\/exceladvisor.org\/wp-content\/uploads\/2023\/08\/39-code-a-barres-dans-excel.gif\" sizes=\"auto, \" srcset=\"\" alt=\"Excel'de 39 barkod\" width=\"360\" height=\"160\" data-attachment-id=\"14405\"><\/p><p> Bug\u00fcn sadece sizin i\u00e7in Excel&#8217;de 39 barkod kullanarak barkod olu\u015fturma y\u00f6ntemini a\u00e7\u0131klamak istiyorum. \u00d6yleyse ba\u015flayal\u0131m.<\/p><h2 style=\"margin-bottom: 20px !important; margin-top: 0px !important;\"> 39 kodu nedir?<\/h2><p> Code 39, code 3 of 9 olarak bilinir ve en \u00e7ok kullan\u0131lan barkoddur ve t\u00fcm barkod taray\u0131c\u0131lar taraf\u0131ndan taranabilme \u00f6zelli\u011fine sahiptir. Bu kodda her karakterde 5 \u00e7ubuk ve 4 bo\u015fluk olmak \u00fczere toplam 9 karakter bulunmaktad\u0131r. Toplam 9 karakterden 3&#8217;\u00fc her zaman geni\u015ftir. 26 adet b\u00fcy\u00fck harf, 10 adet rakam ve 7 adet \u00f6zel karakteri kodlayabilmektedir.<\/p><p> <strong>K\u0131sa Not:<\/strong> Bu, <a style=\"outline: none;\" href=\"https:\/\/exceladvisor.org\/tr\/excel-becerileri\/\">temel Excel becerilerini<\/a> geli\u015ftirmeye yard\u0131mc\u0131 olabilecek <a style=\"outline: none;\" href=\"https:\/\/exceladvisor.org\/tr\/tavsiye\/\" data-wpil=\"url\">Excel p\u00fcf noktalar\u0131ndan<\/a> biridir.<\/p><h2 style=\"margin-bottom: 20px !important; margin-top: 0px !important;\"> Excel&#8217;de Yaz\u0131 Tipi Ekleme\/Barkod Olu\u015fturma Ad\u0131mlar\u0131<\/h2><p> Sadece bu basit ad\u0131mlar\u0131 izleyin.<\/p><ul><li> \u00d6ncelikle bu \u00fccretsiz barkod yaz\u0131 tipini <a href=\"http:\/\/www.idautomation.com\/free-barcode-products\/code39-font\/#Download_Free_Barcode_Font\" target=\"_blank\" rel=\"noopener\" data-tcb-events=\"\">idautomation&#8217;dan<\/a> indirmeniz gerekiyor.<\/li><li> Bu yaz\u0131 tipini indirdikten sonra sisteminize y\u00fcklemeniz gerekir. <\/li><\/ul><p><img loading=\"lazy\" decoding=\"async\" class=\"aligncenter\" src=\"https:\/\/exceladvisor.org\/wp-content\/uploads\/2023\/08\/installer-la-police-de-code-a-barres-dans-Excel.png\" sizes=\"auto, \" srcset=\"\" alt=\"excel'e barkod yaz\u0131 tipi y\u00fckleme\" width=\"277\" height=\"73\" data-attachment-id=\"14409\"><\/p><p> \u00d6nemli Not: Bu, yaz\u0131 tipinin \u00fccretsiz bir s\u00fcr\u00fcm\u00fcd\u00fcr. Yaln\u0131zca e\u011fitim ama\u00e7l\u0131 kullanabilirsiniz.<\/p><ul><li> \u015eimdi e-tablonuzdan barkod olu\u015fturmak istedi\u011finiz h\u00fccreyi se\u00e7in.<\/li><li> Barkodu olu\u015fturmak istedi\u011finiz de\u011feri girin.<\/li><li style=\"line-height: 25.5px;\" data-unit=\"px\"> Yaz\u0131 tipi stilini normal yaz\u0131 tipi stilinizden \u201c <a href=\"http:\/\/www.idautomation.com\/free-barcode-products\/code39-font\/#Download_Free_Barcode_Font\" target=\"_blank\" rel=\"noopener\" data-tcb-events=\"\">IDAutomationHC39M \u00dccretsiz S\u00fcr\u00fcm<\/a> \u201d olarak de\u011fi\u015ftirmeniz yeterlidir. <\/li><\/ul><p><img loading=\"lazy\" decoding=\"async\" class=\"aligncenter\" src=\"https:\/\/exceladvisor.org\/wp-content\/uploads\/2023\/08\/changer-la-police-en-code-barres-a-partir-de-la-normale-en-utilisant-les-options-de-formatage-1.png\" sizes=\"auto, \" srcset=\"\" alt=\"\" width=\"531\" height=\"467\" data-attachment-id=\"14411\"><\/p><p> Yaz\u0131 tipi stilinizi de\u011fi\u015ftirdi\u011finiz anda metin barkoda d\u00f6n\u00fc\u015ft\u00fcr\u00fcl\u00fcr.<\/p><p> Bu yaz\u0131 tipi stili, metninizi 9 barkoddan 3&#8217;\u00fcne d\u00f6n\u00fc\u015ft\u00fcrecektir. \u00dcstelik diledi\u011finiz yerde kullanabilirsiniz.<\/p><h2 style=\"margin-bottom: 20px !important; margin-top: 0px !important;\"> Word&#8217;de Barkod Olu\u015fturma Ad\u0131mlar\u0131<\/h2><p> A\u015fa\u011f\u0131daki ad\u0131mlar\u0131 kullanarak Word&#8217;de 3&#8217;e 9&#8217;luk bir barkod da olu\u015fturabilirsiniz.<\/p><ul data-unit=\"px\"><li style=\"line-height: 30px;\" data-unit=\"px\"> Fontu sisteminize y\u00fckledikten sonra masa\u00fcst\u00fc uygulamalar\u0131n\u0131zdan herhangi birinden \u00e7a\u011f\u0131rabilirsiniz.<\/li><li style=\"line-height: 30px;\"> Kod olu\u015fturmak istedi\u011finiz metni girmeniz yeterlidir.<\/li><li style=\"line-height: 30px;\"> Bu metni se\u00e7in ve yaz\u0131 tipi stilini \u201cIDAutomationHC39M \u00dccretsiz S\u00fcr\u00fcm\u201d olarak de\u011fi\u015ftirin.<\/li><\/ul><h2 style=\"margin-bottom: 20px !important; margin-top: 0px !important;\"> \u00c7\u00f6z\u00fcm<\/h2><p> Barkodun t\u00fcm hikayesi bu. Ve bunun Excel\/Word&#8217;de barkod olu\u015fturman\u0131n en kolay yollar\u0131ndan biri oldu\u011funu biliyorsunuz.\u200b<\/p><p> Bu barkodlar\u0131 \u00fcretip yazd\u0131rabilece\u011finiz gibi, bunun i\u00e7in ayr\u0131 bir \u015fablon da olu\u015fturabilirsiniz. Bu ipucunun <a style=\"outline: none;\" href=\"https:\/\/exceladvisor.org\/tr\/envanter-yonetimi-sablonu-excel-vba-kullanici-formlari\/\">envanterinizi etkili bir \u015fekilde takip<\/a> etmenize yard\u0131mc\u0131 olaca\u011f\u0131n\u0131 umuyorum.<\/p>","protected":false},"excerpt":{"rendered":"","protected":false},"author":1,"featured_media":0,"parent":0,"menu_order":0,"comment_status":"open","ping_status":"closed","template":"","meta":{"ub_ctt_via":"","footnotes":""},"class_list":["post-1870","page","type-page","status-publish","hentry"],"featured_image_src":null,"yoast_head":"<!-- This site is optimized with the Yoast SEO plugin v25.4 - https:\/\/yoast.com\/wordpress\/plugins\/seo\/ -->\n<title>Excel veya Word&#039;e barkod yaz\u0131 tipi nas\u0131l y\u00fcklenir?<\/title>\n<meta name=\"description\" content=\"Excel&#039;de barkod olu\u015fturmak i\u00e7in varsay\u0131lan bir se\u00e7enek yoktur. Ancak bir yaz\u0131 tipi y\u00fckleyerek bunu olu\u015fturabilirsiniz...\" \/>\n<meta name=\"robots\" content=\"index, follow, max-snippet:-1, max-image-preview:large, max-video-preview:-1\" \/>\n<link rel=\"canonical\" href=\"https:\/\/exceladvisor.org\/tr\/barkod-ekle\/\" \/>\n<meta property=\"og:locale\" content=\"tr_TR\" \/>\n<meta property=\"og:type\" content=\"article\" \/>\n<meta property=\"og:title\" content=\"Excel veya Word&#039;e barkod yaz\u0131 tipi nas\u0131l y\u00fcklenir?\" \/>\n<meta property=\"og:description\" content=\"Excel&#039;de barkod olu\u015fturmak i\u00e7in varsay\u0131lan bir se\u00e7enek yoktur. Ancak bir yaz\u0131 tipi y\u00fckleyerek bunu olu\u015fturabilirsiniz...\" \/>\n<meta property=\"og:url\" content=\"https:\/\/exceladvisor.org\/tr\/barkod-ekle\/\" \/>\n<meta property=\"og:site_name\" content=\"Excel Advisor\" \/>\n<meta property=\"article:modified_time\" content=\"2023-12-10T06:00:16+00:00\" \/>\n<meta property=\"og:image\" content=\"https:\/\/exceladvisor.org\/wp-content\/uploads\/2023\/08\/39-code-a-barres-dans-excel.gif\" \/>\n<meta name=\"twitter:card\" content=\"summary_large_image\" \/>\n<meta name=\"twitter:label1\" content=\"Tahmini okuma s\u00fcresi\" \/>\n\t<meta name=\"twitter:data1\" content=\"2 dakika\" \/>\n<script type=\"application\/ld+json\" class=\"yoast-schema-graph\">{\"@context\":\"https:\/\/schema.org\",\"@graph\":[{\"@type\":\"WebPage\",\"@id\":\"https:\/\/exceladvisor.org\/tr\/barkod-ekle\/\",\"url\":\"https:\/\/exceladvisor.org\/tr\/barkod-ekle\/\",\"name\":\"Excel veya Word&#39;e barkod yaz\u0131 tipi nas\u0131l y\u00fcklenir?\",\"isPartOf\":{\"@id\":\"https:\/\/exceladvisor.org\/tr\/#website\"},\"primaryImageOfPage\":{\"@id\":\"https:\/\/exceladvisor.org\/tr\/barkod-ekle\/#primaryimage\"},\"image\":{\"@id\":\"https:\/\/exceladvisor.org\/tr\/barkod-ekle\/#primaryimage\"},\"thumbnailUrl\":\"https:\/\/exceladvisor.org\/wp-content\/uploads\/2023\/08\/39-code-a-barres-dans-excel.gif\",\"datePublished\":\"2023-10-30T12:37:34+00:00\",\"dateModified\":\"2023-12-10T06:00:16+00:00\",\"description\":\"Excel&#39;de barkod olu\u015fturmak i\u00e7in varsay\u0131lan bir se\u00e7enek yoktur. Ancak bir yaz\u0131 tipi y\u00fckleyerek bunu olu\u015fturabilirsiniz...\",\"breadcrumb\":{\"@id\":\"https:\/\/exceladvisor.org\/tr\/barkod-ekle\/#breadcrumb\"},\"inLanguage\":\"tr\",\"potentialAction\":[{\"@type\":\"ReadAction\",\"target\":[\"https:\/\/exceladvisor.org\/tr\/barkod-ekle\/\"]}]},{\"@type\":\"ImageObject\",\"inLanguage\":\"tr\",\"@id\":\"https:\/\/exceladvisor.org\/tr\/barkod-ekle\/#primaryimage\",\"url\":\"https:\/\/exceladvisor.org\/wp-content\/uploads\/2023\/08\/39-code-a-barres-dans-excel.gif\",\"contentUrl\":\"https:\/\/exceladvisor.org\/wp-content\/uploads\/2023\/08\/39-code-a-barres-dans-excel.gif\"},{\"@type\":\"BreadcrumbList\",\"@id\":\"https:\/\/exceladvisor.org\/tr\/barkod-ekle\/#breadcrumb\",\"itemListElement\":[{\"@type\":\"ListItem\",\"position\":1,\"name\":\"Ev\",\"item\":\"https:\/\/exceladvisor.org\/tr\/\"},{\"@type\":\"ListItem\",\"position\":2,\"name\":\"Excel&#39;de barkod yaz\u0131 tipi nas\u0131l y\u00fcklenir?\"}]},{\"@type\":\"WebSite\",\"@id\":\"https:\/\/exceladvisor.org\/tr\/#website\",\"url\":\"https:\/\/exceladvisor.org\/tr\/\",\"name\":\"Excel Advisor\",\"description\":\"Veri hakimiyetine y\u00f6nelik nihai rehberiniz!\",\"publisher\":{\"@id\":\"https:\/\/exceladvisor.org\/tr\/#organization\"},\"potentialAction\":[{\"@type\":\"SearchAction\",\"target\":{\"@type\":\"EntryPoint\",\"urlTemplate\":\"https:\/\/exceladvisor.org\/tr\/?s={search_term_string}\"},\"query-input\":{\"@type\":\"PropertyValueSpecification\",\"valueRequired\":true,\"valueName\":\"search_term_string\"}}],\"inLanguage\":\"tr\"},{\"@type\":\"Organization\",\"@id\":\"https:\/\/exceladvisor.org\/tr\/#organization\",\"name\":\"Excel Advisor\",\"url\":\"https:\/\/exceladvisor.org\/tr\/\",\"logo\":{\"@type\":\"ImageObject\",\"inLanguage\":\"tr\",\"@id\":\"https:\/\/exceladvisor.org\/tr\/#\/schema\/logo\/image\/\",\"url\":\"https:\/\/exceladvisor.org\/tr\/wp-content\/uploads\/2023\/12\/exceladvisor.org_.png\",\"contentUrl\":\"https:\/\/exceladvisor.org\/tr\/wp-content\/uploads\/2023\/12\/exceladvisor.org_.png\",\"width\":105,\"height\":36,\"caption\":\"Excel Advisor\"},\"image\":{\"@id\":\"https:\/\/exceladvisor.org\/tr\/#\/schema\/logo\/image\/\"}}]}<\/script>\n<!-- \/ Yoast SEO plugin. -->","yoast_head_json":{"title":"Excel veya Word&#39;e barkod yaz\u0131 tipi nas\u0131l y\u00fcklenir?","description":"Excel&#39;de barkod olu\u015fturmak i\u00e7in varsay\u0131lan bir se\u00e7enek yoktur. Ancak bir yaz\u0131 tipi y\u00fckleyerek bunu olu\u015fturabilirsiniz...","robots":{"index":"index","follow":"follow","max-snippet":"max-snippet:-1","max-image-preview":"max-image-preview:large","max-video-preview":"max-video-preview:-1"},"canonical":"https:\/\/exceladvisor.org\/tr\/barkod-ekle\/","og_locale":"tr_TR","og_type":"article","og_title":"Excel veya Word&#39;e barkod yaz\u0131 tipi nas\u0131l y\u00fcklenir?","og_description":"Excel&#39;de barkod olu\u015fturmak i\u00e7in varsay\u0131lan bir se\u00e7enek yoktur. Ancak bir yaz\u0131 tipi y\u00fckleyerek bunu olu\u015fturabilirsiniz...","og_url":"https:\/\/exceladvisor.org\/tr\/barkod-ekle\/","og_site_name":"Excel Advisor","article_modified_time":"2023-12-10T06:00:16+00:00","og_image":[{"url":"https:\/\/exceladvisor.org\/wp-content\/uploads\/2023\/08\/39-code-a-barres-dans-excel.gif","type":"","width":"","height":""}],"twitter_card":"summary_large_image","twitter_misc":{"Tahmini okuma s\u00fcresi":"2 dakika"},"schema":{"@context":"https:\/\/schema.org","@graph":[{"@type":"WebPage","@id":"https:\/\/exceladvisor.org\/tr\/barkod-ekle\/","url":"https:\/\/exceladvisor.org\/tr\/barkod-ekle\/","name":"Excel veya Word&#39;e barkod yaz\u0131 tipi nas\u0131l y\u00fcklenir?","isPartOf":{"@id":"https:\/\/exceladvisor.org\/tr\/#website"},"primaryImageOfPage":{"@id":"https:\/\/exceladvisor.org\/tr\/barkod-ekle\/#primaryimage"},"image":{"@id":"https:\/\/exceladvisor.org\/tr\/barkod-ekle\/#primaryimage"},"thumbnailUrl":"https:\/\/exceladvisor.org\/wp-content\/uploads\/2023\/08\/39-code-a-barres-dans-excel.gif","datePublished":"2023-10-30T12:37:34+00:00","dateModified":"2023-12-10T06:00:16+00:00","description":"Excel&#39;de barkod olu\u015fturmak i\u00e7in varsay\u0131lan bir se\u00e7enek yoktur. Ancak bir yaz\u0131 tipi y\u00fckleyerek bunu olu\u015fturabilirsiniz...","breadcrumb":{"@id":"https:\/\/exceladvisor.org\/tr\/barkod-ekle\/#breadcrumb"},"inLanguage":"tr","potentialAction":[{"@type":"ReadAction","target":["https:\/\/exceladvisor.org\/tr\/barkod-ekle\/"]}]},{"@type":"ImageObject","inLanguage":"tr","@id":"https:\/\/exceladvisor.org\/tr\/barkod-ekle\/#primaryimage","url":"https:\/\/exceladvisor.org\/wp-content\/uploads\/2023\/08\/39-code-a-barres-dans-excel.gif","contentUrl":"https:\/\/exceladvisor.org\/wp-content\/uploads\/2023\/08\/39-code-a-barres-dans-excel.gif"},{"@type":"BreadcrumbList","@id":"https:\/\/exceladvisor.org\/tr\/barkod-ekle\/#breadcrumb","itemListElement":[{"@type":"ListItem","position":1,"name":"Ev","item":"https:\/\/exceladvisor.org\/tr\/"},{"@type":"ListItem","position":2,"name":"Excel&#39;de barkod yaz\u0131 tipi nas\u0131l y\u00fcklenir?"}]},{"@type":"WebSite","@id":"https:\/\/exceladvisor.org\/tr\/#website","url":"https:\/\/exceladvisor.org\/tr\/","name":"Excel Advisor","description":"Veri hakimiyetine y\u00f6nelik nihai rehberiniz!","publisher":{"@id":"https:\/\/exceladvisor.org\/tr\/#organization"},"potentialAction":[{"@type":"SearchAction","target":{"@type":"EntryPoint","urlTemplate":"https:\/\/exceladvisor.org\/tr\/?s={search_term_string}"},"query-input":{"@type":"PropertyValueSpecification","valueRequired":true,"valueName":"search_term_string"}}],"inLanguage":"tr"},{"@type":"Organization","@id":"https:\/\/exceladvisor.org\/tr\/#organization","name":"Excel Advisor","url":"https:\/\/exceladvisor.org\/tr\/","logo":{"@type":"ImageObject","inLanguage":"tr","@id":"https:\/\/exceladvisor.org\/tr\/#\/schema\/logo\/image\/","url":"https:\/\/exceladvisor.org\/tr\/wp-content\/uploads\/2023\/12\/exceladvisor.org_.png","contentUrl":"https:\/\/exceladvisor.org\/tr\/wp-content\/uploads\/2023\/12\/exceladvisor.org_.png","width":105,"height":36,"caption":"Excel Advisor"},"image":{"@id":"https:\/\/exceladvisor.org\/tr\/#\/schema\/logo\/image\/"}}]}},"yoast_meta":{"yoast_wpseo_title":"","yoast_wpseo_metadesc":"","yoast_wpseo_canonical":""},"_links":{"self":[{"href":"https:\/\/exceladvisor.org\/tr\/wp-json\/wp\/v2\/pages\/1870","targetHints":{"allow":["GET"]}}],"collection":[{"href":"https:\/\/exceladvisor.org\/tr\/wp-json\/wp\/v2\/pages"}],"about":[{"href":"https:\/\/exceladvisor.org\/tr\/wp-json\/wp\/v2\/types\/page"}],"author":[{"embeddable":true,"href":"https:\/\/exceladvisor.org\/tr\/wp-json\/wp\/v2\/users\/1"}],"replies":[{"embeddable":true,"href":"https:\/\/exceladvisor.org\/tr\/wp-json\/wp\/v2\/comments?post=1870"}],"version-history":[{"count":1,"href":"https:\/\/exceladvisor.org\/tr\/wp-json\/wp\/v2\/pages\/1870\/revisions"}],"predecessor-version":[{"id":2392,"href":"https:\/\/exceladvisor.org\/tr\/wp-json\/wp\/v2\/pages\/1870\/revisions\/2392"}],"wp:attachment":[{"href":"https:\/\/exceladvisor.org\/tr\/wp-json\/wp\/v2\/media?parent=1870"}],"curies":[{"name":"wp","href":"https:\/\/api.w.org\/{rel}","templated":true}]}}