{"id":1871,"date":"2023-10-30T12:21:52","date_gmt":"2023-10-30T12:21:52","guid":{"rendered":"https:\/\/exceladvisor.org\/tr\/hizli-analiz-araci\/"},"modified":"2023-12-10T06:00:59","modified_gmt":"2023-12-10T06:00:59","slug":"hizli-analiz-araci","status":"publish","type":"page","link":"https:\/\/exceladvisor.org\/tr\/hizli-analiz-araci\/","title":{"rendered":"Excel&#39;de h\u0131zl\u0131 analiz arac\u0131 nas\u0131l kullan\u0131l\u0131r?"},"content":{"rendered":"<div class=\"excel-icerikten-once\" id=\"excel-2432807096\"><script type=\"text\/javascript\">\r\n\tatOptions = {\r\n\t\t'key' : 'c1158f160081d6540a8409e6925dab94',\r\n\t\t'format' : 'iframe',\r\n\t\t'height' : 250,\r\n\t\t'width' : 300,\r\n\t\t'params' : {}\r\n\t};\r\n<\/script>\r\n<script type=\"text\/javascript\" src=\"\/\/www.highperformanceformat.com\/c1158f160081d6540a8409e6925dab94\/invoke.js\"><\/script><\/div> <h2 class=\"wp-block-heading\">H\u0131zl\u0131 Tarama Arac\u0131 nedir?<\/h2><p> HIZLI ANAL\u0130Z ARACI <strong>, verileri h\u0131zl\u0131 bir \u015fekilde analiz etmek i\u00e7in kullanabilece\u011finiz bir dizi se\u00e7ilmi\u015f se\u00e7enektir<\/strong> . Ko\u015fullu bi\u00e7imlendirmeyi, grafikleri, pivot tabloyu ve mini grafikleri i\u00e7erir. Ayr\u0131ca se\u00e7ti\u011finiz veri t\u00fcr\u00fcn\u00fc (metin, tarihler veya say\u0131lar) destekler ve buna g\u00f6re se\u00e7enekleri g\u00f6sterir. <\/p><div class=\"wp-block-image\"><figure class=\"aligncenter size-large is-resized\"><img loading=\"lazy\" decoding=\"async\" class=\"wp-image-49509\" src=\"https:\/\/exceladvisor.org\/wp-content\/uploads\/2023\/08\/1-collection-doutils-danalyse-rapide.png\" sizes=\"auto, \" srcset=\"\" alt=\"h\u0131zl\u0131 analiz ara\u00e7lar\u0131n\u0131n toplanmas\u0131\" width=\"551\" height=\"213\"><\/figure><\/div><p> H\u0131zl\u0131 Analiz arac\u0131 Excel 2013 ile birlikte kullan\u0131ma sunuldu; dolay\u0131s\u0131yla Excel 2010 veya daha eski bir s\u00fcr\u00fcm\u00fcn\u00fc kullan\u0131yorsan\u0131z bu se\u00e7ene\u011fi bulamazs\u0131n\u0131z. H\u0131zl\u0131 tarama arac\u0131ndaki se\u00e7eneklerin \u00e7o\u011fu sabittir ancak bunlardan birka\u00e7\u0131 se\u00e7ilen veri t\u00fcr\u00fcne dayanmaktad\u0131r.<\/p><p> \u00d6rne\u011fin, ko\u015fullu bi\u00e7imlendirme sekmesinde, tarihleri se\u00e7ti\u011finizde, say\u0131sal verileri se\u00e7ip se\u00e7medi\u011finize k\u0131yasla farkl\u0131 se\u00e7eneklere sahip olacaks\u0131n\u0131z. H\u0131zl\u0131 Tarama arac\u0131nda bir se\u00e7ene\u011fin \u00fczerine geldi\u011finizde, se\u00e7ilen verilerin \u00f6nizlemesi g\u00f6sterilir.<\/p><h2 class=\"wp-block-heading\"> H\u0131zl\u0131 Analiz Arac\u0131n\u0131n Excel \u015eeridindeki Konumu<\/h2><p> H\u0131zl\u0131 Analiz arac\u0131n\u0131 a\u00e7ma d\u00fc\u011fmesi <strong>Excel \u015feridinin hi\u00e7bir yerinde listelenmiyor<\/strong> . Verileri se\u00e7ti\u011finizde Excel size <strong>sa\u011f altta k\u00fc\u00e7\u00fck bir simge g\u00f6sterir<\/strong> ve bu simgeye t\u0131klad\u0131\u011f\u0131n\u0131zda H\u0131zl\u0131 Analiz arac\u0131n\u0131 a\u00e7ar. <\/p><div class=\"wp-block-image\"><figure class=\"aligncenter size-large is-resized\"><img loading=\"lazy\" decoding=\"async\" class=\"wp-image-49510\" src=\"https:\/\/exceladvisor.org\/wp-content\/uploads\/2023\/08\/2-emplacement-de-loutil-danalyse-rapide.png\" sizes=\"auto, \" srcset=\"\" alt=\"h\u0131zl\u0131 tarama arac\u0131 konumu\" width=\"511\" height=\"173\"><\/figure><\/div><p class=\"content-box-blue\"> <em>H\u0131zl\u0131 analiz arac\u0131, <a href=\"https:\/\/exceladvisor.org\/tr\/excel-becerileri\/\"><strong>orta d\u00fczey Excel becerileri<\/strong><\/a> listemizde yer almaktad\u0131r.<\/em><\/p><h2 class=\"wp-block-heading\"> Ancak h\u0131zl\u0131 tarama arac\u0131 d\u00fc\u011fmesini g\u00f6remiyorum<\/h2><p> Veriyi se\u00e7ti\u011finizde bir \u015fekilde h\u0131zl\u0131 tarama d\u00fc\u011fmesini g\u00f6remiyorsan\u0131z (\u00e7ok d\u00fc\u015f\u00fck bir ihtimal), se\u00e7eneklerde bunun devre d\u0131\u015f\u0131 olup olmad\u0131\u011f\u0131n\u0131 kontrol etmelisiniz. Dosya sekmesine gidin \u279c Se\u00e7enekler \u279c Genel \u279c Onay i\u015fareti (Se\u00e7imde h\u0131zl\u0131 tarama se\u00e7eneklerini g\u00f6ster) <\/p><div class=\"wp-block-image\"><figure class=\"aligncenter size-large is-resized\"><img loading=\"lazy\" decoding=\"async\" class=\"wp-image-49511\" src=\"https:\/\/exceladvisor.org\/wp-content\/uploads\/2023\/08\/3-verifier-sil-est-desactive.png\" sizes=\"auto, \" srcset=\"\" alt=\"devre d\u0131\u015f\u0131 olup olmad\u0131\u011f\u0131n\u0131 kontrol edin\" width=\"546\" height=\"272\"><\/figure><\/div><p> Dedi\u011fim gibi Excel 2013&#8217;te tan\u0131t\u0131ld\u0131; E\u011fer bundan daha d\u00fc\u015f\u00fck bir s\u00fcr\u00fcm kullan\u0131yorsan\u0131z son s\u00fcr\u00fcme y\u00fckseltme yapman\u0131z gerekmektedir.<\/p><h2 class=\"wp-block-heading\"> H\u0131zl\u0131 tarama arac\u0131n\u0131 a\u00e7mak i\u00e7in klavye k\u0131sayolu<\/h2><p> Evet, h\u0131zl\u0131 tarama arac\u0131n\u0131 a\u00e7mak i\u00e7in bir klavye k\u0131sayolu var.<\/p><p> <kbd>Ctrl<\/kbd> + <kbd>S<\/kbd><\/p><p> Verileri se\u00e7meniz ve ard\u0131ndan bu klavye k\u0131sayoluna basman\u0131z gerekir.<\/p><p> <a href=\"https:\/\/exceladvisor.org\/tr\/klavye-kisayollari\/\"><strong>Excel Klavye K\u0131sayollar\u0131 Hile Sayfas\u0131<\/strong><\/a><\/p><p> \u0130\u015fte ba\u015fka bir avantaj. H\u0131zl\u0131 analiz arac\u0131 Excel&#8217;in se\u00e7eneklerinde devre d\u0131\u015f\u0131 b\u0131rak\u0131lm\u0131\u015fsa, onu yine de klavye k\u0131sayolunu kullanarak a\u00e7abilirsiniz. H\u0131zl\u0131 tarama d\u00fc\u011fmesini i\u00e7erik men\u00fcs\u00fcnden de etkinle\u015ftirebilirsiniz. <\/p><div class=\"wp-block-image\"><figure class=\"aligncenter size-large is-resized\"><img loading=\"lazy\" decoding=\"async\" class=\"wp-image-49512\" src=\"https:\/\/exceladvisor.org\/wp-content\/uploads\/2023\/08\/4-raccourci-clavier-pour-ouvrir-loutil-danalyse-rapide.png\" sizes=\"auto, \" srcset=\"\" alt=\"h\u0131zl\u0131 tarama arac\u0131n\u0131 a\u00e7mak i\u00e7in klavye k\u0131sayolu\" width=\"214\" height=\"220\"><\/figure><\/div><h2 class=\"wp-block-heading\"> H\u0131zl\u0131 tarama arac\u0131 nas\u0131l kullan\u0131l\u0131r?<\/h2><ol><li> \u00d6ncelikle analiz etmek istedi\u011finiz verileri se\u00e7in.<\/li><li> Sa\u011f alttaki h\u0131zl\u0131 tarama butonuna t\u0131klay\u0131n.<\/li><li> Se\u00e7ene\u011fi kullanmak istedi\u011finiz sekmeye gidin.<\/li><li> Kullanmak istedi\u011finiz se\u00e7ene\u011fe t\u0131klay\u0131n.<\/li><\/ol><h2 class=\"wp-block-heading\"> Yorumlar<\/h2><ol><li> Bo\u015f h\u00fccreleri se\u00e7erseniz Excel size h\u0131zl\u0131 tarama d\u00fc\u011fmesini g\u00f6stermez.<\/li><li> Ve s\u00fctunun tamam\u0131n\u0131 m\u0131 yoksa bir sat\u0131r\u0131 m\u0131 se\u00e7ti\u011finiz.<\/li><\/ol><h2 class=\"wp-block-heading\"> Veri Analizi i\u00e7in H\u0131zl\u0131 Tarama Arac\u0131 Nas\u0131l Kullan\u0131l\u0131r \u2013 \u0130pu\u00e7lar\u0131<\/h2><h3 class=\"wp-block-heading\"> 1. H\u0131zla Veri \u00c7ubuklar\u0131 Olu\u015fturun<\/h3><p> Bu se\u00e7enek say\u0131sal verilerle (ko\u015fullu bi\u00e7imlendirme veri \u00e7ubuklar\u0131) \u00e7al\u0131\u015f\u0131rken kullan\u0131\u015fl\u0131d\u0131r. <\/p><div class=\"wp-block-image\"><figure class=\"aligncenter size-large is-resized\"><img loading=\"lazy\" decoding=\"async\" class=\"wp-image-49513\" src=\"https:\/\/exceladvisor.org\/wp-content\/uploads\/2023\/08\/5-creer-rapidement-des-barres-de-donnees.png\" sizes=\"auto, \" srcset=\"\" alt=\"h\u0131zla-veri \u00e7ubuklar\u0131 olu\u015ftur\" width=\"469\" height=\"424\"><\/figure><\/div><p> H\u0131zl\u0131 analiz butonuna ve bi\u00e7imlendirme sekmesine t\u0131klay\u0131p ard\u0131ndan \u201cVeri \u00c7ubuklar\u0131\u201d se\u00e7ene\u011fini se\u00e7meniz gerekiyor. Se\u00e7ilen verilere an\u0131nda d\u00fcz (mavi) veri \u00e7ubuklar\u0131 ekleyecektir. H\u0131zl\u0131, de\u011fil mi?<\/p><p> Rengi de\u011fi\u015ftirmek veya ba\u015fka \u00f6zelle\u015ftirmeler yapmak istiyorsan\u0131z Ana Sayfa sekmesi \u279c Stiller \u279c Ko\u015fullu Bi\u00e7imlendirme \u279c Kurallar\u0131 Y\u00f6net&#8217;e gidin. <\/p><div class=\"wp-block-image\"><figure class=\"aligncenter size-large is-resized\"><img loading=\"lazy\" decoding=\"async\" class=\"wp-image-49514\" src=\"https:\/\/exceladvisor.org\/wp-content\/uploads\/2023\/08\/6-changer-la-couleur-et-vouloir-faire-dautres-personnalisations.png\" sizes=\"auto, \" srcset=\"\" alt=\"rengini de\u011fi\u015ftir ve ba\u015fka \u00f6zelle\u015ftirmeler yapmak iste\" width=\"224\" height=\"444\"><\/figure><\/div><p> <em>\u0130lgili: <a href=\"https:\/\/exceladvisor.org\/tr\/formuller-1\/\" data-wpil=\"url\">Ko\u015fullu Bi\u00e7imlendirmede Form\u00fcller<\/a><\/em><\/p><h3 class=\"wp-block-heading\"> 2. H\u0131zl\u0131 analiz arac\u0131yla tarihleri analiz edin<\/h3><p> Verilerinizde tarihler varsa H\u0131zl\u0131 Analiz arac\u0131n\u0131 kullanarak bunlar\u0131 h\u0131zl\u0131 bir \u015fekilde analiz edebilirsiniz. A\u00e7t\u0131\u011f\u0131n\u0131zda, tarihleri ayr\u0131\u015ft\u0131rmak i\u00e7in size baz\u0131 h\u0131zl\u0131 ko\u015fullu bi\u00e7imlendirme se\u00e7eneklerini g\u00f6sterir. <\/p><div class=\"wp-block-image\"><figure class=\"aligncenter size-large is-resized\"><img loading=\"lazy\" decoding=\"async\" class=\"wp-image-49515\" src=\"https:\/\/exceladvisor.org\/wp-content\/uploads\/2023\/08\/7-analyser-les-dates-avec-une-analyse-rapide.png\" sizes=\"auto, \" srcset=\"\" alt=\"h\u0131zl\u0131 taramayla-tarihleri-analiz et\" width=\"389\" height=\"393\"><\/figure><\/div><ul><li> <strong>Ge\u00e7en Ay<\/strong> : Bu se\u00e7enekle bir \u00f6nceki aya ait t\u00fcm tarihleri vurgulayabilirsiniz.<\/li><li> <strong>Ge\u00e7en Hafta<\/strong> : \u00d6nceki haftan\u0131n t\u00fcm tarihlerini vurgulamak i\u00e7in.<\/li><li> <strong>B\u00fcy\u00fckt\u00fcr<\/strong> : Belirtti\u011finiz tarihten sonraki t\u00fcm tarihleri vurgular.<\/li><li> <strong>K\u00fc\u00e7\u00fckt\u00fcr<\/strong> : Belirtilen tarihten k\u00fc\u00e7\u00fck olan t\u00fcm tarihleri vurgular.<\/li><li> <strong>E\u015fittir:<\/strong> Belirtti\u011finiz tarihe e\u015fit olan t\u00fcm tarihleri vurgular.<\/li><\/ul><h3 class=\"wp-block-heading\"> 3. H\u0131zl\u0131 Analiz Arac\u0131yla PivotTable Olu\u015fturun<\/h3><p> H\u0131zl\u0131 tarama butonuna t\u0131klay\u0131p tablolar sekmesine gitti\u011finizde size pivot tablo ekleme se\u00e7eneklerini g\u00f6sterir. <\/p><div class=\"wp-block-image\"><figure class=\"aligncenter size-large is-resized\"><img loading=\"lazy\" decoding=\"async\" class=\"wp-image-49516\" src=\"https:\/\/exceladvisor.org\/wp-content\/uploads\/2023\/08\/8-creer-un-tableau-croise-dynamique-avec-une-analyse-rapide.png\" sizes=\"auto, \" srcset=\"\" alt=\"8-h\u0131zl\u0131-analizle-bir-pivot-grafik-olu\u015fturun\" width=\"427\" height=\"165\"><\/figure><\/div><p> Se\u00e7ti\u011finiz verilere g\u00f6re; size bir pivot tablo olu\u015fturman\u0131n t\u00fcm olanaklar\u0131n\u0131 g\u00f6sterir. \u00d6nerilere uymak istemiyorsan\u0131z Daha Fazla d\u00fc\u011fmesini t\u0131klay\u0131p \u00f6nerilen pivot tablolar\u0131 a\u00e7abilir ve bo\u015f pivot tabloya t\u0131klayarak s\u0131f\u0131rdan bir pivot olu\u015fturabilirsiniz. <\/p><div class=\"wp-block-image\"><figure class=\"aligncenter size-large is-resized\"><img loading=\"lazy\" decoding=\"async\" class=\"wp-image-49517\" src=\"https:\/\/exceladvisor.org\/wp-content\/uploads\/2023\/08\/9-tableau-croise-dynamique-vierge-pour-creer-un-pivot-a-partir-de-zero.png\" sizes=\"auto, \" srcset=\"\" alt=\"s\u0131f\u0131rdan bir pivot olu\u015fturmak i\u00e7in bo\u015f pivot tablo\" width=\"585\" height=\"194\"><\/figure><\/div><p> <em>\u0130lgili: <a href=\"https:\/\/exceladvisor.org\/tr\/pivot-tablo\/\">Geli\u015fmi\u015f Pivot Tablolar<\/a><\/em><\/p><h3 class=\"wp-block-heading\"> 4. Par\u0131lt\u0131l\u0131 \u00c7izgilere Sahip H\u00fccrelerde Grafikler Olu\u015fturun<\/h3><p> Mini grafikleri kullanarak h\u00fccreye bir grafik ekleyebilir ve h\u0131zl\u0131 analiz arac\u0131ndan h\u0131zl\u0131 bir \u015fekilde mini grafikler ekleyebilirsiniz.<\/p><ul><li> Mini grafik eklemek istedi\u011finiz verileri se\u00e7in ve h\u0131zl\u0131 analiz d\u00fc\u011fmesini t\u0131klay\u0131n. <\/li><\/ul><div class=\"wp-block-image\"><figure class=\"aligncenter size-large is-resized\"><img loading=\"lazy\" decoding=\"async\" class=\"wp-image-49518\" src=\"https:\/\/exceladvisor.org\/wp-content\/uploads\/2023\/08\/10-creer-des-graphiques-de-cellules-avec-des-lignes-sparklines.png\" sizes=\"auto, \" srcset=\"\" alt=\"grafikte-mini \u00e7izgili-h\u00fccreler olu\u015ftur\" width=\"575\" height=\"121\"><\/figure><\/div><ul><li> Mini Grafikler sekmesine gidin ve eklemek istedi\u011finiz mini grafik t\u00fcr\u00fcn\u00fc se\u00e7in. <\/li><\/ul><div class=\"wp-block-image\"><figure class=\"aligncenter size-large is-resized\"><img loading=\"lazy\" decoding=\"async\" class=\"wp-image-49519\" src=\"https:\/\/exceladvisor.org\/wp-content\/uploads\/2023\/08\/11-selectionner-le-type-de-sparkline.png\" sizes=\"auto, \" srcset=\"\" alt=\"mini grafik tipini se\u00e7\" width=\"577\" height=\"117\"><\/figure><\/div><p> Se\u00e7ti\u011finiz verilere kar\u015f\u0131l\u0131k gelen h\u00fccrelerdeki mini \u00e7izgileri an\u0131nda alacaks\u0131n\u0131z.<\/p><h3 class=\"wp-block-heading\"> 5. Genel toplamlar\u0131 h\u0131zla ekleyin<\/h3><p> Toplamlar sekmesinde, toplamlar\u0131 eklemenin birka\u00e7 yolu vard\u0131r ve bu ayn\u0131 zamanda s\u00fctunlar ve sat\u0131rlar i\u00e7in se\u00e7enekler de sunar. <\/p><div class=\"wp-block-image\"><figure class=\"aligncenter size-large is-resized\"><img loading=\"lazy\" decoding=\"async\" class=\"wp-image-49520\" src=\"https:\/\/exceladvisor.org\/wp-content\/uploads\/2023\/08\/12-additionner-rapidement-les-totaux-generaux.png\" sizes=\"auto, \" srcset=\"\" alt=\"h\u0131zl\u0131 bir \u015fekilde genel toplamlar\u0131 ekleyin\" width=\"487\" height=\"291\"><\/figure><\/div><ol><li> <strong>Sum<\/strong> : tabloya toplam sat\u0131r veya s\u00fctun eklemek i\u00e7in.<\/li><li> <strong>Ortalama<\/strong> : Tabloya ortalama bir sat\u0131r veya s\u00fctun eklemek i\u00e7in.<\/li><li> <strong>Count<\/strong> : Tabloya ortalama bir sat\u0131r veya s\u00fctun eklemek i\u00e7in.<\/li><li> <strong>% Toplam<\/strong> : Tabloya % Toplam sat\u0131r\u0131 veya s\u00fctunu eklemek i\u00e7in.<\/li><li> <strong>De\u011fi\u015fen Toplam<\/strong> : Tabloya bir de\u011fi\u015fen toplam sat\u0131r\u0131 veya s\u00fctunu eklemek i\u00e7in.<\/li><\/ol><h3 class=\"wp-block-heading\"> 6. Benzersiz ve yinelenen de\u011ferleri vurgulay\u0131n<\/h3><p> Metin verilerini se\u00e7ti\u011finizde benzersiz ve yinelenen de\u011ferleri tan\u0131mlama se\u00e7ene\u011fine sahip olursunuz. <\/p><div class=\"wp-block-image\"><figure class=\"aligncenter size-large is-resized\"><img loading=\"lazy\" decoding=\"async\" class=\"wp-image-49521\" src=\"https:\/\/exceladvisor.org\/wp-content\/uploads\/2023\/08\/13-mettre-en-evidence-les-valeurs-uniques-et-en-double.png\" sizes=\"auto, \" srcset=\"\" alt=\"benzersiz ve yinelenen de\u011ferleri vurgulay\u0131n\" width=\"494\" height=\"351\"><\/figure><\/div><p> Bu iki se\u00e7enekten herhangi birine t\u0131klad\u0131\u011f\u0131n\u0131z anda benzersiz veya yinelenen de\u011ferlere sahip h\u00fccreler k\u0131rm\u0131z\u0131 renkle vurgulanacakt\u0131r.<\/p><div class=\"gb-container gb-container-4db6181c gb-container-mt\"> <a class=\"gb-button gb-button-c5897111 gb-button-text gb-button-mt-button\" href=\"https:\/\/exceladvisor.org\/tr\/excel-ilerlemesi\/\">\u0130leri Excel Dersleri<\/a><h2 class=\"gb-headline gb-headline-665e5f6b gb-headline-text gb-headline-mt-heading\"> \u0130lgili e\u011fitimler <\/h2><div class=\"gb-grid-wrapper gb-grid-wrapper-a20baf7c gb-grid-wrapper-mt-grid\"><div class=\"gb-grid-column gb-grid-column-65ddf67e\"><div class=\"gb-container gb-container-65ddf67e\"><ul><li> <a href=\"https:\/\/exceladvisor.org\/tr\/birden-fazla-filtre-uygula\/\">S\u00fctunlara birden \u00e7ok filtre uygulama<\/a><\/li><li> <a href=\"https:\/\/exceladvisor.org\/tr\/ust-alt-degerleri-vurgula\/\">Excel&#8217;de \u00fcst ve alt N de\u011ferlerini vurgulay\u0131n<\/a><\/li><li> <a href=\"https:\/\/exceladvisor.org\/tr\/onay-kutusu\/\">Excel&#8217;e onay kutusu ekleme<\/a><\/li><li> <a href=\"https:\/\/exceladvisor.org\/tr\/veri-kaybetmeden-hucreleri-birlestirme\/\">Excel&#8217;de veri kaybetmeden h\u00fccreleri birle\u015ftirme<\/a><\/li><li> <a href=\"https:\/\/exceladvisor.org\/tr\/ozel-carpim-yapistir\/\">\u00d6zel Yap\u0131\u015ft\u0131r&#8217;\u0131 kullanarak Excel&#8217;de \u00e7arpma<\/a><\/li><\/ul><\/div><\/div><\/div><\/div>","protected":false},"excerpt":{"rendered":"","protected":false},"author":1,"featured_media":0,"parent":0,"menu_order":0,"comment_status":"open","ping_status":"closed","template":"","meta":{"ub_ctt_via":"","footnotes":""},"class_list":["post-1871","page","type-page","status-publish","hentry"],"featured_image_src":null,"yoast_head":"<!-- This site is optimized with the Yoast SEO plugin v25.4 - https:\/\/yoast.com\/wordpress\/plugins\/seo\/ -->\n<title>Excel&#039;de H\u0131zl\u0131 Analiz arac\u0131 nas\u0131l kullan\u0131l\u0131r?<\/title>\n<meta name=\"description\" content=\"HIZLI ANAL\u0130Z ARACI, verileri h\u0131zl\u0131 bir \u015fekilde analiz etmek i\u00e7in kullanabilece\u011finiz se\u00e7ilmi\u015f se\u00e7eneklerden olu\u015fan bir koleksiyondur...\" \/>\n<meta name=\"robots\" content=\"index, follow, max-snippet:-1, max-image-preview:large, max-video-preview:-1\" \/>\n<link rel=\"canonical\" href=\"https:\/\/exceladvisor.org\/tr\/hizli-analiz-araci\/\" \/>\n<meta property=\"og:locale\" content=\"tr_TR\" \/>\n<meta property=\"og:type\" content=\"article\" \/>\n<meta property=\"og:title\" content=\"Excel&#039;de H\u0131zl\u0131 Analiz arac\u0131 nas\u0131l kullan\u0131l\u0131r?\" \/>\n<meta property=\"og:description\" content=\"HIZLI ANAL\u0130Z ARACI, verileri h\u0131zl\u0131 bir \u015fekilde analiz etmek i\u00e7in kullanabilece\u011finiz se\u00e7ilmi\u015f se\u00e7eneklerden olu\u015fan bir koleksiyondur...\" \/>\n<meta property=\"og:url\" content=\"https:\/\/exceladvisor.org\/tr\/hizli-analiz-araci\/\" \/>\n<meta property=\"og:site_name\" content=\"Excel Advisor\" \/>\n<meta property=\"article:modified_time\" content=\"2023-12-10T06:00:59+00:00\" \/>\n<meta property=\"og:image\" content=\"https:\/\/exceladvisor.org\/wp-content\/uploads\/2023\/08\/1-collection-doutils-danalyse-rapide.png\" \/>\n<meta name=\"twitter:card\" content=\"summary_large_image\" \/>\n<meta name=\"twitter:label1\" content=\"Tahmini okuma s\u00fcresi\" \/>\n\t<meta name=\"twitter:data1\" content=\"5 dakika\" \/>\n<script type=\"application\/ld+json\" class=\"yoast-schema-graph\">{\"@context\":\"https:\/\/schema.org\",\"@graph\":[{\"@type\":\"WebPage\",\"@id\":\"https:\/\/exceladvisor.org\/tr\/hizli-analiz-araci\/\",\"url\":\"https:\/\/exceladvisor.org\/tr\/hizli-analiz-araci\/\",\"name\":\"Excel&#39;de H\u0131zl\u0131 Analiz arac\u0131 nas\u0131l kullan\u0131l\u0131r?\",\"isPartOf\":{\"@id\":\"https:\/\/exceladvisor.org\/tr\/#website\"},\"primaryImageOfPage\":{\"@id\":\"https:\/\/exceladvisor.org\/tr\/hizli-analiz-araci\/#primaryimage\"},\"image\":{\"@id\":\"https:\/\/exceladvisor.org\/tr\/hizli-analiz-araci\/#primaryimage\"},\"thumbnailUrl\":\"https:\/\/exceladvisor.org\/wp-content\/uploads\/2023\/08\/1-collection-doutils-danalyse-rapide.png\",\"datePublished\":\"2023-10-30T12:21:52+00:00\",\"dateModified\":\"2023-12-10T06:00:59+00:00\",\"description\":\"HIZLI ANAL\u0130Z ARACI, verileri h\u0131zl\u0131 bir \u015fekilde analiz etmek i\u00e7in kullanabilece\u011finiz se\u00e7ilmi\u015f se\u00e7eneklerden olu\u015fan bir koleksiyondur...\",\"breadcrumb\":{\"@id\":\"https:\/\/exceladvisor.org\/tr\/hizli-analiz-araci\/#breadcrumb\"},\"inLanguage\":\"tr\",\"potentialAction\":[{\"@type\":\"ReadAction\",\"target\":[\"https:\/\/exceladvisor.org\/tr\/hizli-analiz-araci\/\"]}]},{\"@type\":\"ImageObject\",\"inLanguage\":\"tr\",\"@id\":\"https:\/\/exceladvisor.org\/tr\/hizli-analiz-araci\/#primaryimage\",\"url\":\"https:\/\/exceladvisor.org\/wp-content\/uploads\/2023\/08\/1-collection-doutils-danalyse-rapide.png\",\"contentUrl\":\"https:\/\/exceladvisor.org\/wp-content\/uploads\/2023\/08\/1-collection-doutils-danalyse-rapide.png\"},{\"@type\":\"BreadcrumbList\",\"@id\":\"https:\/\/exceladvisor.org\/tr\/hizli-analiz-araci\/#breadcrumb\",\"itemListElement\":[{\"@type\":\"ListItem\",\"position\":1,\"name\":\"Ev\",\"item\":\"https:\/\/exceladvisor.org\/tr\/\"},{\"@type\":\"ListItem\",\"position\":2,\"name\":\"Excel&#39;de h\u0131zl\u0131 analiz arac\u0131 nas\u0131l kullan\u0131l\u0131r?\"}]},{\"@type\":\"WebSite\",\"@id\":\"https:\/\/exceladvisor.org\/tr\/#website\",\"url\":\"https:\/\/exceladvisor.org\/tr\/\",\"name\":\"Excel Advisor\",\"description\":\"Veri hakimiyetine y\u00f6nelik nihai rehberiniz!\",\"publisher\":{\"@id\":\"https:\/\/exceladvisor.org\/tr\/#organization\"},\"potentialAction\":[{\"@type\":\"SearchAction\",\"target\":{\"@type\":\"EntryPoint\",\"urlTemplate\":\"https:\/\/exceladvisor.org\/tr\/?s={search_term_string}\"},\"query-input\":{\"@type\":\"PropertyValueSpecification\",\"valueRequired\":true,\"valueName\":\"search_term_string\"}}],\"inLanguage\":\"tr\"},{\"@type\":\"Organization\",\"@id\":\"https:\/\/exceladvisor.org\/tr\/#organization\",\"name\":\"Excel Advisor\",\"url\":\"https:\/\/exceladvisor.org\/tr\/\",\"logo\":{\"@type\":\"ImageObject\",\"inLanguage\":\"tr\",\"@id\":\"https:\/\/exceladvisor.org\/tr\/#\/schema\/logo\/image\/\",\"url\":\"https:\/\/exceladvisor.org\/tr\/wp-content\/uploads\/2023\/12\/exceladvisor.org_.png\",\"contentUrl\":\"https:\/\/exceladvisor.org\/tr\/wp-content\/uploads\/2023\/12\/exceladvisor.org_.png\",\"width\":105,\"height\":36,\"caption\":\"Excel Advisor\"},\"image\":{\"@id\":\"https:\/\/exceladvisor.org\/tr\/#\/schema\/logo\/image\/\"}}]}<\/script>\n<!-- \/ Yoast SEO plugin. -->","yoast_head_json":{"title":"Excel&#39;de H\u0131zl\u0131 Analiz arac\u0131 nas\u0131l kullan\u0131l\u0131r?","description":"HIZLI ANAL\u0130Z ARACI, verileri h\u0131zl\u0131 bir \u015fekilde analiz etmek i\u00e7in kullanabilece\u011finiz se\u00e7ilmi\u015f se\u00e7eneklerden olu\u015fan bir koleksiyondur...","robots":{"index":"index","follow":"follow","max-snippet":"max-snippet:-1","max-image-preview":"max-image-preview:large","max-video-preview":"max-video-preview:-1"},"canonical":"https:\/\/exceladvisor.org\/tr\/hizli-analiz-araci\/","og_locale":"tr_TR","og_type":"article","og_title":"Excel&#39;de H\u0131zl\u0131 Analiz arac\u0131 nas\u0131l kullan\u0131l\u0131r?","og_description":"HIZLI ANAL\u0130Z ARACI, verileri h\u0131zl\u0131 bir \u015fekilde analiz etmek i\u00e7in kullanabilece\u011finiz se\u00e7ilmi\u015f se\u00e7eneklerden olu\u015fan bir koleksiyondur...","og_url":"https:\/\/exceladvisor.org\/tr\/hizli-analiz-araci\/","og_site_name":"Excel Advisor","article_modified_time":"2023-12-10T06:00:59+00:00","og_image":[{"url":"https:\/\/exceladvisor.org\/wp-content\/uploads\/2023\/08\/1-collection-doutils-danalyse-rapide.png","type":"","width":"","height":""}],"twitter_card":"summary_large_image","twitter_misc":{"Tahmini okuma s\u00fcresi":"5 dakika"},"schema":{"@context":"https:\/\/schema.org","@graph":[{"@type":"WebPage","@id":"https:\/\/exceladvisor.org\/tr\/hizli-analiz-araci\/","url":"https:\/\/exceladvisor.org\/tr\/hizli-analiz-araci\/","name":"Excel&#39;de H\u0131zl\u0131 Analiz arac\u0131 nas\u0131l kullan\u0131l\u0131r?","isPartOf":{"@id":"https:\/\/exceladvisor.org\/tr\/#website"},"primaryImageOfPage":{"@id":"https:\/\/exceladvisor.org\/tr\/hizli-analiz-araci\/#primaryimage"},"image":{"@id":"https:\/\/exceladvisor.org\/tr\/hizli-analiz-araci\/#primaryimage"},"thumbnailUrl":"https:\/\/exceladvisor.org\/wp-content\/uploads\/2023\/08\/1-collection-doutils-danalyse-rapide.png","datePublished":"2023-10-30T12:21:52+00:00","dateModified":"2023-12-10T06:00:59+00:00","description":"HIZLI ANAL\u0130Z ARACI, verileri h\u0131zl\u0131 bir \u015fekilde analiz etmek i\u00e7in kullanabilece\u011finiz se\u00e7ilmi\u015f se\u00e7eneklerden olu\u015fan bir koleksiyondur...","breadcrumb":{"@id":"https:\/\/exceladvisor.org\/tr\/hizli-analiz-araci\/#breadcrumb"},"inLanguage":"tr","potentialAction":[{"@type":"ReadAction","target":["https:\/\/exceladvisor.org\/tr\/hizli-analiz-araci\/"]}]},{"@type":"ImageObject","inLanguage":"tr","@id":"https:\/\/exceladvisor.org\/tr\/hizli-analiz-araci\/#primaryimage","url":"https:\/\/exceladvisor.org\/wp-content\/uploads\/2023\/08\/1-collection-doutils-danalyse-rapide.png","contentUrl":"https:\/\/exceladvisor.org\/wp-content\/uploads\/2023\/08\/1-collection-doutils-danalyse-rapide.png"},{"@type":"BreadcrumbList","@id":"https:\/\/exceladvisor.org\/tr\/hizli-analiz-araci\/#breadcrumb","itemListElement":[{"@type":"ListItem","position":1,"name":"Ev","item":"https:\/\/exceladvisor.org\/tr\/"},{"@type":"ListItem","position":2,"name":"Excel&#39;de h\u0131zl\u0131 analiz arac\u0131 nas\u0131l kullan\u0131l\u0131r?"}]},{"@type":"WebSite","@id":"https:\/\/exceladvisor.org\/tr\/#website","url":"https:\/\/exceladvisor.org\/tr\/","name":"Excel Advisor","description":"Veri hakimiyetine y\u00f6nelik nihai rehberiniz!","publisher":{"@id":"https:\/\/exceladvisor.org\/tr\/#organization"},"potentialAction":[{"@type":"SearchAction","target":{"@type":"EntryPoint","urlTemplate":"https:\/\/exceladvisor.org\/tr\/?s={search_term_string}"},"query-input":{"@type":"PropertyValueSpecification","valueRequired":true,"valueName":"search_term_string"}}],"inLanguage":"tr"},{"@type":"Organization","@id":"https:\/\/exceladvisor.org\/tr\/#organization","name":"Excel Advisor","url":"https:\/\/exceladvisor.org\/tr\/","logo":{"@type":"ImageObject","inLanguage":"tr","@id":"https:\/\/exceladvisor.org\/tr\/#\/schema\/logo\/image\/","url":"https:\/\/exceladvisor.org\/tr\/wp-content\/uploads\/2023\/12\/exceladvisor.org_.png","contentUrl":"https:\/\/exceladvisor.org\/tr\/wp-content\/uploads\/2023\/12\/exceladvisor.org_.png","width":105,"height":36,"caption":"Excel Advisor"},"image":{"@id":"https:\/\/exceladvisor.org\/tr\/#\/schema\/logo\/image\/"}}]}},"yoast_meta":{"yoast_wpseo_title":"","yoast_wpseo_metadesc":"","yoast_wpseo_canonical":""},"_links":{"self":[{"href":"https:\/\/exceladvisor.org\/tr\/wp-json\/wp\/v2\/pages\/1871","targetHints":{"allow":["GET"]}}],"collection":[{"href":"https:\/\/exceladvisor.org\/tr\/wp-json\/wp\/v2\/pages"}],"about":[{"href":"https:\/\/exceladvisor.org\/tr\/wp-json\/wp\/v2\/types\/page"}],"author":[{"embeddable":true,"href":"https:\/\/exceladvisor.org\/tr\/wp-json\/wp\/v2\/users\/1"}],"replies":[{"embeddable":true,"href":"https:\/\/exceladvisor.org\/tr\/wp-json\/wp\/v2\/comments?post=1871"}],"version-history":[{"count":1,"href":"https:\/\/exceladvisor.org\/tr\/wp-json\/wp\/v2\/pages\/1871\/revisions"}],"predecessor-version":[{"id":2453,"href":"https:\/\/exceladvisor.org\/tr\/wp-json\/wp\/v2\/pages\/1871\/revisions\/2453"}],"wp:attachment":[{"href":"https:\/\/exceladvisor.org\/tr\/wp-json\/wp\/v2\/media?parent=1871"}],"curies":[{"name":"wp","href":"https:\/\/api.w.org\/{rel}","templated":true}]}}