{"id":1872,"date":"2023-10-30T11:53:34","date_gmt":"2023-10-30T11:53:34","guid":{"rendered":"https:\/\/exceladvisor.org\/tr\/pencereyi-izle\/"},"modified":"2023-12-10T06:01:16","modified_gmt":"2023-12-10T06:01:16","slug":"pencereyi-izle","status":"publish","type":"page","link":"https:\/\/exceladvisor.org\/tr\/pencereyi-izle\/","title":{"rendered":"Excel&#39;de i\u0307zleme penceresi nas\u0131l kullan\u0131l\u0131r?"},"content":{"rendered":"<div class=\"excel-icerikten-once\" id=\"excel-2113092532\"><script type=\"text\/javascript\">\r\n\tatOptions = {\r\n\t\t'key' : 'c1158f160081d6540a8409e6925dab94',\r\n\t\t'format' : 'iframe',\r\n\t\t'height' : 250,\r\n\t\t'width' : 300,\r\n\t\t'params' : {}\r\n\t};\r\n<\/script>\r\n<script type=\"text\/javascript\" src=\"\/\/www.highperformanceformat.com\/c1158f160081d6540a8409e6925dab94\/invoke.js\"><\/script><\/div> <p>Genellikle e-tablomuzda \u00f6nemli form\u00fcllerin bulundu\u011fu h\u00fccreler bulunur. Ve bu form\u00fcller baz\u0131 \u00f6nemli de\u011ferleri hesaplamam\u0131za yard\u0131mc\u0131 oluyor. Bu durumda bu h\u00fccrelerin hesaplaman\u0131n do\u011fru olup olmad\u0131\u011f\u0131n\u0131 veya hata olup olmad\u0131\u011f\u0131n\u0131 takip etmek ger\u00e7ekten \u00f6nemlidir.<\/p><p> Ancak ger\u00e7ek \u015fu ki, bu t\u00fcr h\u00fccrelerden ne kadar fazlas\u0131na sahipseniz, onlar\u0131 takip etmek i\u00e7in o kadar fazla \u00e7aba ve zaman harcaman\u0131z gerekir. Excel&#8217;de Microsoft&#8217;un 2013 s\u00fcr\u00fcm\u00fcnde tan\u0131tt\u0131\u011f\u0131 Watch Window adl\u0131 bir se\u00e7enek bulunmaktad\u0131r ve ne kadar kullan\u0131\u015fl\u0131 oldu\u011funu anlad\u0131\u011f\u0131n\u0131zda i\u015f arac\u0131n\u0131z olabilir.<\/p><p> Bu makalede, \u00f6nemli h\u00fccrelerinizi Excel&#8217;deki bir izleme penceresiyle nas\u0131l takip edece\u011finizi \u00f6\u011freneceksiniz. Bu <a href=\"https:\/\/exceladvisor.org\/tr\/excel-becerileri\/\">, temel Excel becerilerini<\/a> geli\u015ftirmeye yard\u0131mc\u0131 olabilecek <a style=\"outline: none;\" href=\"https:\/\/exceladvisor.org\/tr\/tavsiye\/\" data-wpil=\"url\">Excel p\u00fcf noktalar\u0131ndan<\/a> biridir.<\/p><h2 id=\"tab-con-2\" class=\"wp-block-heading\"> Bunu \u015feritte nerede bulabilirim?<\/h2><p> <strong>Form\u00fcl sekmesi \u2192 Form\u00fcl Denetimi \u2192 \u0130zleme penceresine gidin.<\/strong> <\/p><div class=\"wp-block-image\"><figure class=\"aligncenter\"><img decoding=\"async\" src=\"https:\/\/exceladvisor.org\/wp-content\/uploads\/2023\/08\/Fenetre-de-surveillance-dans-Excel-1-1.png\" sizes=\"\" srcset=\"\" alt=\"excel \u015feridinde izleme penceresi nas\u0131l bulunur\"><\/figure><\/div><h2 id=\"tab-con-3\" class=\"wp-block-heading\"> K\u0131sayol tu\u015fu<\/h2><p> \u0130zleme penceresini a\u00e7mak i\u00e7in Alt + M + W tu\u015flar\u0131n\u0131 da kullanabilirsiniz.<\/p><h2 id=\"tab-con-4\" class=\"wp-block-heading\"> \u0130zleme penceresine h\u00fccre ekleme<\/h2><ul><li> Saat Ekle&#8217;ye t\u0131klay\u0131n.<\/li><li> H\u00fccre adresini giri\u015f kutusuna ekleyin.<\/li><li> Tamam&#8217;\u0131 t\u0131klay\u0131n. <\/li><\/ul><div class=\"wp-block-image\"><figure class=\"aligncenter\"><img decoding=\"async\" src=\"https:\/\/exceladvisor.org\/wp-content\/uploads\/2023\/08\/Ajouter-une-cellule-pour-utiliser-la-fenetre-de-surveillance-dans-Excel-1.gif\" sizes=\"\" srcset=\"\" alt=\"izleme i\u00e7in izleme penceresine h\u00fccre ekle\"><\/figure><\/div><h2 id=\"tab-con-5\" class=\"wp-block-heading\"> \u0130zleme penceresiyle \u00f6nemli h\u00fccrelerin izlenmesi<\/h2><p> \u0130zleme penceresi ile a\u015fa\u011f\u0131daki bile\u015fenleri inceleyebilir ve denetleyebiliriz.<\/p><ol><li> <strong>\u00c7al\u0131\u015fma Kitab\u0131 Adlar\u0131<\/strong> : Saate bir h\u00fccre ekledi\u011finizde \u00e7al\u0131\u015fma kitab\u0131n\u0131n ad\u0131n\u0131 al\u0131r.<\/li><li> <strong>\u00c7al\u0131\u015fma Sayfas\u0131 Ad\u0131<\/strong> : \u00c7al\u0131\u015fma kitab\u0131 ad\u0131yla birlikte \u00e7al\u0131\u015fma sayfas\u0131 ad\u0131 da yakalanacakt\u0131r. \u00c7al\u0131\u015fma kitab\u0131n\u0131zda \u00e7ok say\u0131da \u00e7al\u0131\u015fma sayfas\u0131 oldu\u011funda, h\u00fccreleri \u00e7al\u0131\u015fma sayfas\u0131 adlar\u0131yla tan\u0131mlamak kolayd\u0131r.<\/li><li> <strong>Ad<\/strong> : Belirtmi\u015fseniz h\u00fccre aral\u0131\u011f\u0131 ad\u0131n\u0131 da yakalar.<\/li><li> <strong>H\u00fccre Adresi<\/strong> : H\u00fccre adresini g\u00f6sterecektir.<\/li><li> <strong>H\u00fccre De\u011feri<\/strong> : \u0130zleme penceresinde bir h\u00fccre de\u011feriniz vard\u0131r. Bu, h\u00fccrenin ger\u00e7ek de\u011feri de\u011fi\u015fti\u011finde de\u011fi\u015febilen u\u00e7ucu bir de\u011ferdir. Bu, h\u00fccredeki de\u011ferlerin denetlenmesini kolayla\u015ft\u0131r\u0131r.<\/li><li> <strong>Form\u00fcl<\/strong> : Eklenen h\u00fccrenin bir form\u00fcl\u00fc varsa, bunu izleme pencerenize alacaks\u0131n\u0131z. Bu onlar\u0131n incelenmesini ve denetlenmesini kolayla\u015ft\u0131r\u0131r.<\/li><\/ol><h2 id=\"tab-con-6\" class=\"wp-block-heading\"> Bir h\u00fccreyi sil<\/h2><ol><li> Silmek istedi\u011finiz h\u00fccreyi se\u00e7in.<\/li><li> Sil d\u00fc\u011fmesini t\u0131klay\u0131n veya Sil&#8217;e dokunun. <\/li><\/ol><div class=\"wp-block-image\"><figure class=\"aligncenter\"><img decoding=\"async\" src=\"https:\/\/exceladvisor.org\/wp-content\/uploads\/2023\/08\/Supprimer-une-cellule-pour-utiliser-la-fenetre-de-surveillance-dans-Excel-1.gif\" sizes=\"\" srcset=\"\" alt=\"izleme penceresinden bir h\u00fccreyi kald\u0131r\"><\/figure><\/div><p> Birden fazla h\u00fccreyi silmek i\u00e7in Shift+ok tu\u015funu kullan\u0131n veya silinecek t\u00fcm h\u00fccreleri se\u00e7mek i\u00e7in Shift+end tu\u015funu da kullanabilirsiniz.<\/p><h2 id=\"tab-con-7\" class=\"wp-block-heading\"> G\u00f6zetleme Penceresini Excel \u015eeridinizin Alt\u0131nda D\u00fczeltme<\/h2><p> Ayr\u0131ca \u015feridinizin alt\u0131na da takabilirsiniz. Bunu yapmak i\u00e7in izleme penceresinin ba\u015fl\u0131k \u00e7ubu\u011funa \u00e7ift t\u0131klaman\u0131z yeterlidir. <\/p><div class=\"wp-block-image\"><figure class=\"aligncenter\"><img decoding=\"async\" src=\"https:\/\/exceladvisor.org\/wp-content\/uploads\/2023\/08\/Correction-de-la-fenetre-de-surveillance-dans-Excel-sous-le-ruban-1.png\" sizes=\"\" srcset=\"\" alt=\"izleme penceresini band\u0131n alt\u0131na sabitleyin\"><\/figure><\/div><h2 id=\"tab-con-8\" class=\"wp-block-heading\"> \u00d6nemli noktalar<\/h2><ol><li> Bunlar\u0131 izlemek i\u00e7in oraya istedi\u011finiz kadar h\u00fccre ekleyebilirsiniz, ancak \u00e7ok fazla h\u00fccre kullanmak \u00e7al\u0131\u015fma kitab\u0131n\u0131z\u0131 yava\u015flatacakt\u0131r.<\/li><li> Se\u00e7mek i\u00e7in h\u00fccre giri\u015fini \u00e7ift t\u0131klay\u0131n.<\/li><li> Bir \u00e7al\u0131\u015fma kitab\u0131ndaki bir h\u00fccreyi yaln\u0131zca o \u00e7al\u0131\u015fma kitab\u0131 a\u00e7\u0131ksa izleyebilirsiniz.<\/li><\/ol><div class=\"gb-container gb-container-4db6181c gb-container-mt\"> <a class=\"gb-button gb-button-c5897111 gb-button-text gb-button-mt-button\" href=\"https:\/\/exceladvisor.org\/tr\/excel-ilerlemesi\/\">\u0130leri Excel Dersleri<\/a><h2 class=\"gb-headline gb-headline-665e5f6b gb-headline-text gb-headline-mt-heading\"> \u0130lgili e\u011fitimler <\/h2><div class=\"gb-grid-wrapper gb-grid-wrapper-a20baf7c gb-grid-wrapper-mt-grid\"><div class=\"gb-grid-column gb-grid-column-65ddf67e\"><div class=\"gb-container gb-container-65ddf67e\"><ul><li> <a href=\"https:\/\/exceladvisor.org\/tr\/kamera-araci\/\">Excel Kamera Arac\u0131<\/a><\/li><li> <a href=\"https:\/\/exceladvisor.org\/tr\/hedef-aramak\/\">Excel&#8217;de Hedef Bulucu<\/a><\/li><li> <a href=\"https:\/\/exceladvisor.org\/tr\/excel-dilimleyici\/\">Excel Dilimleyici (Tam K\u0131lavuz)<\/a><\/li><li> <a href=\"https:\/\/exceladvisor.org\/tr\/macta-varsayilan-olarak-excel\/\">Mac&#8217;te Excel&#8217;i Varsay\u0131lan Yap\u0131n<\/a><\/li><li> <a href=\"https:\/\/exceladvisor.org\/tr\/excel-guvenli-mod\/\">Excel&#8217;i G\u00fcvenli Modda a\u00e7\u0131n<\/a><\/li><\/ul><\/div><\/div><\/div><\/div>","protected":false},"excerpt":{"rendered":"","protected":false},"author":1,"featured_media":0,"parent":0,"menu_order":0,"comment_status":"open","ping_status":"closed","template":"","meta":{"ub_ctt_via":"","footnotes":""},"class_list":["post-1872","page","type-page","status-publish","hentry"],"featured_image_src":null,"yoast_head":"<!-- This site is optimized with the Yoast SEO plugin v25.4 - https:\/\/yoast.com\/wordpress\/plugins\/seo\/ -->\n<title>Excel&#039;de \u0130zleme Penceresi nas\u0131l kullan\u0131l\u0131r?<\/title>\n<meta name=\"description\" content=\"T\u00fcm \u00f6nemli h\u00fccrelere g\u00f6z kulak olman\u0131n \u00f6nemli oldu\u011fu durumlarda Excel&#039;deki Watch Window&#039;u kullanabilirsiniz.\" \/>\n<meta name=\"robots\" content=\"index, follow, max-snippet:-1, max-image-preview:large, max-video-preview:-1\" \/>\n<link rel=\"canonical\" href=\"https:\/\/exceladvisor.org\/tr\/pencereyi-izle\/\" \/>\n<meta property=\"og:locale\" content=\"tr_TR\" \/>\n<meta property=\"og:type\" content=\"article\" \/>\n<meta property=\"og:title\" content=\"Excel&#039;de \u0130zleme Penceresi nas\u0131l kullan\u0131l\u0131r?\" \/>\n<meta property=\"og:description\" content=\"T\u00fcm \u00f6nemli h\u00fccrelere g\u00f6z kulak olman\u0131n \u00f6nemli oldu\u011fu durumlarda Excel&#039;deki Watch Window&#039;u kullanabilirsiniz.\" \/>\n<meta property=\"og:url\" content=\"https:\/\/exceladvisor.org\/tr\/pencereyi-izle\/\" \/>\n<meta property=\"og:site_name\" content=\"Excel Advisor\" \/>\n<meta property=\"article:modified_time\" content=\"2023-12-10T06:01:16+00:00\" \/>\n<meta property=\"og:image\" content=\"https:\/\/exceladvisor.org\/wp-content\/uploads\/2023\/08\/Fenetre-de-surveillance-dans-Excel-1-1.png\" \/>\n<meta name=\"twitter:card\" content=\"summary_large_image\" \/>\n<meta name=\"twitter:label1\" content=\"Tahmini okuma s\u00fcresi\" \/>\n\t<meta name=\"twitter:data1\" content=\"3 dakika\" \/>\n<script type=\"application\/ld+json\" class=\"yoast-schema-graph\">{\"@context\":\"https:\/\/schema.org\",\"@graph\":[{\"@type\":\"WebPage\",\"@id\":\"https:\/\/exceladvisor.org\/tr\/pencereyi-izle\/\",\"url\":\"https:\/\/exceladvisor.org\/tr\/pencereyi-izle\/\",\"name\":\"Excel&#39;de \u0130zleme Penceresi nas\u0131l kullan\u0131l\u0131r?\",\"isPartOf\":{\"@id\":\"https:\/\/exceladvisor.org\/tr\/#website\"},\"primaryImageOfPage\":{\"@id\":\"https:\/\/exceladvisor.org\/tr\/pencereyi-izle\/#primaryimage\"},\"image\":{\"@id\":\"https:\/\/exceladvisor.org\/tr\/pencereyi-izle\/#primaryimage\"},\"thumbnailUrl\":\"https:\/\/exceladvisor.org\/wp-content\/uploads\/2023\/08\/Fenetre-de-surveillance-dans-Excel-1-1.png\",\"datePublished\":\"2023-10-30T11:53:34+00:00\",\"dateModified\":\"2023-12-10T06:01:16+00:00\",\"description\":\"T\u00fcm \u00f6nemli h\u00fccrelere g\u00f6z kulak olman\u0131n \u00f6nemli oldu\u011fu durumlarda Excel&#39;deki Watch Window&#39;u kullanabilirsiniz.\",\"breadcrumb\":{\"@id\":\"https:\/\/exceladvisor.org\/tr\/pencereyi-izle\/#breadcrumb\"},\"inLanguage\":\"tr\",\"potentialAction\":[{\"@type\":\"ReadAction\",\"target\":[\"https:\/\/exceladvisor.org\/tr\/pencereyi-izle\/\"]}]},{\"@type\":\"ImageObject\",\"inLanguage\":\"tr\",\"@id\":\"https:\/\/exceladvisor.org\/tr\/pencereyi-izle\/#primaryimage\",\"url\":\"https:\/\/exceladvisor.org\/wp-content\/uploads\/2023\/08\/Fenetre-de-surveillance-dans-Excel-1-1.png\",\"contentUrl\":\"https:\/\/exceladvisor.org\/wp-content\/uploads\/2023\/08\/Fenetre-de-surveillance-dans-Excel-1-1.png\"},{\"@type\":\"BreadcrumbList\",\"@id\":\"https:\/\/exceladvisor.org\/tr\/pencereyi-izle\/#breadcrumb\",\"itemListElement\":[{\"@type\":\"ListItem\",\"position\":1,\"name\":\"Ev\",\"item\":\"https:\/\/exceladvisor.org\/tr\/\"},{\"@type\":\"ListItem\",\"position\":2,\"name\":\"Excel&#39;de i\u0307zleme penceresi nas\u0131l kullan\u0131l\u0131r?\"}]},{\"@type\":\"WebSite\",\"@id\":\"https:\/\/exceladvisor.org\/tr\/#website\",\"url\":\"https:\/\/exceladvisor.org\/tr\/\",\"name\":\"Excel Advisor\",\"description\":\"Veri hakimiyetine y\u00f6nelik nihai rehberiniz!\",\"publisher\":{\"@id\":\"https:\/\/exceladvisor.org\/tr\/#organization\"},\"potentialAction\":[{\"@type\":\"SearchAction\",\"target\":{\"@type\":\"EntryPoint\",\"urlTemplate\":\"https:\/\/exceladvisor.org\/tr\/?s={search_term_string}\"},\"query-input\":{\"@type\":\"PropertyValueSpecification\",\"valueRequired\":true,\"valueName\":\"search_term_string\"}}],\"inLanguage\":\"tr\"},{\"@type\":\"Organization\",\"@id\":\"https:\/\/exceladvisor.org\/tr\/#organization\",\"name\":\"Excel Advisor\",\"url\":\"https:\/\/exceladvisor.org\/tr\/\",\"logo\":{\"@type\":\"ImageObject\",\"inLanguage\":\"tr\",\"@id\":\"https:\/\/exceladvisor.org\/tr\/#\/schema\/logo\/image\/\",\"url\":\"https:\/\/exceladvisor.org\/tr\/wp-content\/uploads\/2023\/12\/exceladvisor.org_.png\",\"contentUrl\":\"https:\/\/exceladvisor.org\/tr\/wp-content\/uploads\/2023\/12\/exceladvisor.org_.png\",\"width\":105,\"height\":36,\"caption\":\"Excel Advisor\"},\"image\":{\"@id\":\"https:\/\/exceladvisor.org\/tr\/#\/schema\/logo\/image\/\"}}]}<\/script>\n<!-- \/ Yoast SEO plugin. -->","yoast_head_json":{"title":"Excel&#39;de \u0130zleme Penceresi nas\u0131l kullan\u0131l\u0131r?","description":"T\u00fcm \u00f6nemli h\u00fccrelere g\u00f6z kulak olman\u0131n \u00f6nemli oldu\u011fu durumlarda Excel&#39;deki Watch Window&#39;u kullanabilirsiniz.","robots":{"index":"index","follow":"follow","max-snippet":"max-snippet:-1","max-image-preview":"max-image-preview:large","max-video-preview":"max-video-preview:-1"},"canonical":"https:\/\/exceladvisor.org\/tr\/pencereyi-izle\/","og_locale":"tr_TR","og_type":"article","og_title":"Excel&#39;de \u0130zleme Penceresi nas\u0131l kullan\u0131l\u0131r?","og_description":"T\u00fcm \u00f6nemli h\u00fccrelere g\u00f6z kulak olman\u0131n \u00f6nemli oldu\u011fu durumlarda Excel&#39;deki Watch Window&#39;u kullanabilirsiniz.","og_url":"https:\/\/exceladvisor.org\/tr\/pencereyi-izle\/","og_site_name":"Excel Advisor","article_modified_time":"2023-12-10T06:01:16+00:00","og_image":[{"url":"https:\/\/exceladvisor.org\/wp-content\/uploads\/2023\/08\/Fenetre-de-surveillance-dans-Excel-1-1.png","type":"","width":"","height":""}],"twitter_card":"summary_large_image","twitter_misc":{"Tahmini okuma s\u00fcresi":"3 dakika"},"schema":{"@context":"https:\/\/schema.org","@graph":[{"@type":"WebPage","@id":"https:\/\/exceladvisor.org\/tr\/pencereyi-izle\/","url":"https:\/\/exceladvisor.org\/tr\/pencereyi-izle\/","name":"Excel&#39;de \u0130zleme Penceresi nas\u0131l kullan\u0131l\u0131r?","isPartOf":{"@id":"https:\/\/exceladvisor.org\/tr\/#website"},"primaryImageOfPage":{"@id":"https:\/\/exceladvisor.org\/tr\/pencereyi-izle\/#primaryimage"},"image":{"@id":"https:\/\/exceladvisor.org\/tr\/pencereyi-izle\/#primaryimage"},"thumbnailUrl":"https:\/\/exceladvisor.org\/wp-content\/uploads\/2023\/08\/Fenetre-de-surveillance-dans-Excel-1-1.png","datePublished":"2023-10-30T11:53:34+00:00","dateModified":"2023-12-10T06:01:16+00:00","description":"T\u00fcm \u00f6nemli h\u00fccrelere g\u00f6z kulak olman\u0131n \u00f6nemli oldu\u011fu durumlarda Excel&#39;deki Watch Window&#39;u kullanabilirsiniz.","breadcrumb":{"@id":"https:\/\/exceladvisor.org\/tr\/pencereyi-izle\/#breadcrumb"},"inLanguage":"tr","potentialAction":[{"@type":"ReadAction","target":["https:\/\/exceladvisor.org\/tr\/pencereyi-izle\/"]}]},{"@type":"ImageObject","inLanguage":"tr","@id":"https:\/\/exceladvisor.org\/tr\/pencereyi-izle\/#primaryimage","url":"https:\/\/exceladvisor.org\/wp-content\/uploads\/2023\/08\/Fenetre-de-surveillance-dans-Excel-1-1.png","contentUrl":"https:\/\/exceladvisor.org\/wp-content\/uploads\/2023\/08\/Fenetre-de-surveillance-dans-Excel-1-1.png"},{"@type":"BreadcrumbList","@id":"https:\/\/exceladvisor.org\/tr\/pencereyi-izle\/#breadcrumb","itemListElement":[{"@type":"ListItem","position":1,"name":"Ev","item":"https:\/\/exceladvisor.org\/tr\/"},{"@type":"ListItem","position":2,"name":"Excel&#39;de i\u0307zleme penceresi nas\u0131l kullan\u0131l\u0131r?"}]},{"@type":"WebSite","@id":"https:\/\/exceladvisor.org\/tr\/#website","url":"https:\/\/exceladvisor.org\/tr\/","name":"Excel Advisor","description":"Veri hakimiyetine y\u00f6nelik nihai rehberiniz!","publisher":{"@id":"https:\/\/exceladvisor.org\/tr\/#organization"},"potentialAction":[{"@type":"SearchAction","target":{"@type":"EntryPoint","urlTemplate":"https:\/\/exceladvisor.org\/tr\/?s={search_term_string}"},"query-input":{"@type":"PropertyValueSpecification","valueRequired":true,"valueName":"search_term_string"}}],"inLanguage":"tr"},{"@type":"Organization","@id":"https:\/\/exceladvisor.org\/tr\/#organization","name":"Excel Advisor","url":"https:\/\/exceladvisor.org\/tr\/","logo":{"@type":"ImageObject","inLanguage":"tr","@id":"https:\/\/exceladvisor.org\/tr\/#\/schema\/logo\/image\/","url":"https:\/\/exceladvisor.org\/tr\/wp-content\/uploads\/2023\/12\/exceladvisor.org_.png","contentUrl":"https:\/\/exceladvisor.org\/tr\/wp-content\/uploads\/2023\/12\/exceladvisor.org_.png","width":105,"height":36,"caption":"Excel Advisor"},"image":{"@id":"https:\/\/exceladvisor.org\/tr\/#\/schema\/logo\/image\/"}}]}},"yoast_meta":{"yoast_wpseo_title":"","yoast_wpseo_metadesc":"","yoast_wpseo_canonical":""},"_links":{"self":[{"href":"https:\/\/exceladvisor.org\/tr\/wp-json\/wp\/v2\/pages\/1872","targetHints":{"allow":["GET"]}}],"collection":[{"href":"https:\/\/exceladvisor.org\/tr\/wp-json\/wp\/v2\/pages"}],"about":[{"href":"https:\/\/exceladvisor.org\/tr\/wp-json\/wp\/v2\/types\/page"}],"author":[{"embeddable":true,"href":"https:\/\/exceladvisor.org\/tr\/wp-json\/wp\/v2\/users\/1"}],"replies":[{"embeddable":true,"href":"https:\/\/exceladvisor.org\/tr\/wp-json\/wp\/v2\/comments?post=1872"}],"version-history":[{"count":1,"href":"https:\/\/exceladvisor.org\/tr\/wp-json\/wp\/v2\/pages\/1872\/revisions"}],"predecessor-version":[{"id":2497,"href":"https:\/\/exceladvisor.org\/tr\/wp-json\/wp\/v2\/pages\/1872\/revisions\/2497"}],"wp:attachment":[{"href":"https:\/\/exceladvisor.org\/tr\/wp-json\/wp\/v2\/media?parent=1872"}],"curies":[{"name":"wp","href":"https:\/\/api.w.org\/{rel}","templated":true}]}}