{"id":1873,"date":"2023-10-30T11:47:21","date_gmt":"2023-10-30T11:47:21","guid":{"rendered":"https:\/\/exceladvisor.org\/tr\/sutunu-kopyala\/"},"modified":"2023-12-10T06:00:46","modified_gmt":"2023-12-10T06:00:46","slug":"sutunu-kopyala","status":"publish","type":"page","link":"https:\/\/exceladvisor.org\/tr\/sutunu-kopyala\/","title":{"rendered":"Excel&#39;de bir s\u00fctun nas\u0131l kopyalan\u0131p yap\u0131\u015ft\u0131r\u0131l\u0131r?"},"content":{"rendered":"<div class=\"excel-icerikten-once\" id=\"excel-109852660\"><script type=\"text\/javascript\">\r\n\tatOptions = {\r\n\t\t'key' : 'c1158f160081d6540a8409e6925dab94',\r\n\t\t'format' : 'iframe',\r\n\t\t'height' : 250,\r\n\t\t'width' : 300,\r\n\t\t'params' : {}\r\n\t};\r\n<\/script>\r\n<script type=\"text\/javascript\" src=\"\/\/www.highperformanceformat.com\/c1158f160081d6540a8409e6925dab94\/invoke.js\"><\/script><\/div> <p>Verileri kopyalamak, Excel&#8217;de veya ba\u015fka bir kelime i\u015flem yaz\u0131l\u0131m\u0131nda \u00e7al\u0131\u015f\u0131rken g\u00fcnl\u00fck hayat\u0131m\u0131zda \u00e7ok yayg\u0131n bir g\u00f6revdir. Genellikle tek bir h\u00fccreyi bir yerden ba\u015fka bir yere, hatta bazen farkl\u0131 bir \u00e7al\u0131\u015fma sayfas\u0131na da kopyalamam\u0131z gerekir. Bunu yapmak \u00e7ok basit.<\/p><p> Ancak konu birden fazla s\u00fcrekli h\u00fccrenin yan\u0131 s\u0131ra biti\u015fik olmayan h\u00fccrelerin de kopyalanmas\u0131 s\u00f6z konusu oldu\u011funda, hepimiz ba\u015f\u0131m\u0131z b\u00fcy\u00fck belada buluyoruz.<\/p><p> Bu derste, tek veya birden fazla s\u00fctunu (s\u00fcrekli ve s\u00fcrekli olmayan) kopyalama y\u00f6ntemlerini \u00f6\u011frenece\u011fiz. \u015eimdi ad\u0131m ad\u0131m \u00fczerinden ge\u00e7elim.<\/p><h2 class=\"wp-block-heading\"> Tek s\u00fctunu kopyalay\u0131p yap\u0131\u015ft\u0131rma ad\u0131mlar\u0131<\/h2><ol><li> \u00d6ncelikle, <strong>s\u00fctun ba\u015fl\u0131k harfinden<\/strong> kopyalamak istedi\u011finiz s\u00fctunun \u00fcst\u00fcne kadar olan s\u00fctunun tamam\u0131n\u0131 se\u00e7in.<\/li><li> Daha sonra farenin sa\u011f tu\u015funa bas\u0131n ve ileti\u015fim kutusunda \u201c <strong>Kopyala<\/strong> \u201d se\u00e7ene\u011fini se\u00e7in. <br><img loading=\"lazy\" decoding=\"async\" title=\"1-kopyala-yap\u0131\u015ft\u0131r-tek s\u00fctun\" src=\"https:\/\/exceladvisor.org\/wp-content\/uploads\/2023\/08\/1-copier-coller-une-seule-colonne.png\" sizes=\"auto, \" srcset=\"\" alt=\"copy-paste-single-column\" width=\"428\" height=\"408\"><\/li><li> Bundan sonra, verilerinizi &#8221; <strong>Yap\u0131\u015ft\u0131rmak<\/strong> &#8221; istedi\u011finiz belirli s\u00fctunun h\u00fccre aral\u0131\u011f\u0131n\u0131 se\u00e7in.<\/li><li> Aral\u0131\u011f\u0131 se\u00e7tikten sonra sa\u011f t\u0131klay\u0131n ve Yap\u0131\u015ft\u0131r se\u00e7ene\u011fini se\u00e7in. <br><img loading=\"lazy\" decoding=\"async\" title=\"2-makarna-tek s\u00fctun\" src=\"https:\/\/exceladvisor.org\/wp-content\/uploads\/2023\/08\/2-coller-une-seule-colonne.png\" sizes=\"auto, \" srcset=\"\" alt=\"paste-single-column\" width=\"417\" height=\"221\"><\/li><\/ol><h2 class=\"wp-block-heading\"> S\u00fctunu klavye k\u0131sayolu kullanarak kopyalama<\/h2><p> Verileri manuel olarak yapmak yerine klavye k\u0131sayolunu kullanarak kopyalay\u0131p yap\u0131\u015ft\u0131rman\u0131n daha kolay bir yolu burada.<\/p><ol><li> \u00d6ncelikle kopyalamak istedi\u011finiz s\u00fctundaki herhangi bir h\u00fccreye t\u0131klay\u0131n.<\/li><li> Buradan k\u0131sayol tu\u015funu ( <strong>Control + Ara \u00c7ubu\u011fu<\/strong> ) bas\u0131l\u0131 tutarak s\u00fctunun tamam\u0131n\u0131 se\u00e7in.<\/li><li> Daha sonra klavyede <strong>Control + C<\/strong> tu\u015flar\u0131na basarak se\u00e7ilen s\u00fctunu kopyalayabilirsiniz.<\/li><li> \u015eimdi bu s\u00fctunun vurguland\u0131\u011f\u0131n\u0131 g\u00f6receksiniz, ard\u0131ndan <strong>Ctrl + V<\/strong> tu\u015flar\u0131n\u0131 kullanarak yap\u0131\u015ft\u0131r\u0131n.<\/li><\/ol><p> \u0130lgili \u279c <a href=\"https:\/\/exceladvisor.org\/tr\/klavye-kisayollari\/\">Excel i\u00e7in Klavye K\u0131sayollar\u0131 (PDF Kopya Ka\u011f\u0131d\u0131)<\/a><\/p><h2 class=\"wp-block-heading\"> Birden \u00e7ok biti\u015fik s\u00fctunu kopyalay\u0131p yap\u0131\u015ft\u0131r\u0131n<\/h2><p> Elektronik tablodan ayn\u0131 anda birden fazla s\u00fctunu kopyalamak istiyorsan\u0131z bunu yapabilirsiniz. Ad\u0131mlar a\u015fa\u011f\u0131dad\u0131r.<\/p><ol><li> S\u00fctun ba\u015fl\u0131\u011f\u0131n\u0131n yan\u0131ndaki farenizin <strong>sol tu\u015funu<\/strong> kullanarak s\u0131rayla birden fazla s\u00fctun se\u00e7in.<\/li><li> Daha sonra se\u00e7ilen s\u00fctunlara sa\u011f t\u0131klay\u0131n.<\/li><li> Verilerin tamam\u0131n\u0131 se\u00e7mek i\u00e7in ileti\u015fim kutusundaki \u201cKopyala\u201d se\u00e7ene\u011fini t\u0131klay\u0131n. <br><img loading=\"lazy\" decoding=\"async\" title=\"3-kopya-\u00e7oklu-biti\u015fik-sat\u0131rlar-1\" src=\"https:\/\/exceladvisor.org\/wp-content\/uploads\/2023\/08\/3-copier-plusieurs-lignes-adjacentes-1.png\" sizes=\"auto, \" srcset=\"\" alt=\"\" width=\"414\" height=\"322\"><\/li><li> \u015eimdi bu s\u00fctunun vurguland\u0131\u011f\u0131n\u0131 g\u00f6receksiniz, ard\u0131ndan <strong>Ctrl + V<\/strong> tu\u015flar\u0131n\u0131 kullanarak yap\u0131\u015ft\u0131r\u0131n. <br><img loading=\"lazy\" decoding=\"async\" title=\"4-makarna-\u00e7oklu-biti\u015fik-s\u00fctunlar\" src=\"https:\/\/exceladvisor.org\/wp-content\/uploads\/2023\/08\/4-coller-plusieurs-colonnes-adjacentes.png\" sizes=\"auto, \" srcset=\"\" alt=\"paste-multiple-adjacent-columns\" width=\"417\" height=\"179\"><\/li><\/ol><p class=\"qt-tip\"> <strong>\u00d6nemli Not<\/strong> : Verilerinizi yap\u0131\u015ft\u0131rmak istedi\u011finiz yeterli say\u0131da bo\u015f s\u00fctunun oldu\u011fundan emin olun, aksi takdirde o h\u00fccre aral\u0131\u011f\u0131nda zaten bir \u015fey varsa \u00fczerine yaz\u0131lacakt\u0131r.<\/p><h2 class=\"wp-block-heading\"> Birden \u00e7ok biti\u015fik olmayan s\u00fctunu kopyala<\/h2><p> Birden fazla biti\u015fik olmayan s\u00fctunu kopyalaman\u0131n en kolay yolu CTRL tu\u015funu kullanmakt\u0131r. A\u015famalar halinde ilerleyelim.<\/p><ol><li> E-tablonuzda ba\u015fl\u0131\u011f\u0131na t\u0131klayarak ilk s\u00fctunu se\u00e7in.<\/li><li> Bundan sonra, a\u015fa\u011f\u0131daki s\u00fctunlar\u0131 vurgulamak istedi\u011finiz s\u00fctunlara <strong>Control tu\u015funa<\/strong> basarak t\u0131klay\u0131n.<\/li><li> Daha sonra se\u00e7ilen s\u00fctunlardan birine sa\u011f t\u0131klay\u0131n ve ileti\u015fim kutusunda &#8220;Kopyala&#8221;y\u0131 se\u00e7in. <br><img loading=\"lazy\" decoding=\"async\" title=\"5-kopya-\u00e7oklu-s\u00fcrekli olmayan-sat\u0131rlar\" src=\"https:\/\/exceladvisor.org\/wp-content\/uploads\/2023\/08\/5-copier-plusieurs-lignes-non-continues.png\" sizes=\"auto, \" srcset=\"\" alt=\"copy-multiple-non-continuous-rows\" width=\"419\" height=\"296\"><\/li><li> Art\u0131k se\u00e7ilen t\u00fcm s\u00fctunlar\u0131n sayfada vurguland\u0131\u011f\u0131n\u0131 g\u00f6receksiniz.<\/li><li> Sonunda verilerinizi yap\u0131\u015ft\u0131rmak istedi\u011finiz hedef h\u00fccreyi se\u00e7in ve <strong>Ctrl + V<\/strong> tu\u015flar\u0131na basarak yap\u0131\u015ft\u0131rabilirsiniz. <br><img loading=\"lazy\" decoding=\"async\" title=\"6-hamur-\u00e7oklu-s\u00fcrekli olmayan-\u00e7izgiler\" src=\"https:\/\/exceladvisor.org\/wp-content\/uploads\/2023\/08\/6-coller-plusieurs-lignes-non-continues.png\" sizes=\"auto, \" srcset=\"\" alt=\"paste-multiple-non-continuous-rows\" width=\"408\" height=\"176\"><\/li><\/ol><h2 class=\"wp-block-heading\"> S\u00fctunu \u015feritten kopyalay\u0131p yap\u0131\u015ft\u0131r\u0131n<\/h2><p> \u0130lgin\u00e7 bir \u015fekilde, de\u011ferleri \u015feritten de kopyalay\u0131p yap\u0131\u015ft\u0131rabilirsiniz. Bunu a\u015fa\u011f\u0131daki ad\u0131mlarla yapal\u0131m:<\/p><ol><li> \u00d6ncelikle kopyalamak istedi\u011finiz t\u00fcm s\u00fctunlar\u0131 se\u00e7in.<\/li><li> Daha sonra Giri\u015f sekmesine gidin ve Pano &gt; Kopyala&#8217;y\u0131 se\u00e7in veya s\u00fctunlar\u0131 kopyalamak i\u00e7in klavyeden (Ctrl + C) tu\u015funu kullan\u0131n. <br><img loading=\"lazy\" decoding=\"async\" title=\"7 kopya \u015feridi\" src=\"https:\/\/exceladvisor.org\/wp-content\/uploads\/2023\/08\/7-copie-a-travers-le-ruban.png\" sizes=\"auto, \" srcset=\"\" alt=\"copy-rows-through-ribbon\" width=\"409\" height=\"504\"><\/li><li> Verilerinizi yap\u0131\u015ft\u0131rmak istedi\u011finiz belirli h\u00fccreyi se\u00e7in.<\/li><li> Daha sonra \u015feritteki yap\u0131\u015ft\u0131rmaya t\u0131klay\u0131n veya (Ctrl + V) k\u0131sayolunu kullanabilirsiniz. <br><img loading=\"lazy\" decoding=\"async\" title=\"Se\u00e7enek 8 \u015feritten makarna\" src=\"https:\/\/exceladvisor.org\/wp-content\/uploads\/2023\/08\/8-options-de-collage-a-travers-le-ruban.png\" sizes=\"auto, \" srcset=\"\" alt=\"use-paste-option-through-ribbon\" width=\"407\" height=\"319\"><\/li><\/ol><p> \u0130\u015fte Excel&#8217;deki s\u00fctunlar\u0131 kopyalay\u0131p yap\u0131\u015ft\u0131rman\u0131n yollar\u0131.<\/p><p> Ayr\u0131ca birden fazla biti\u015fik olmayan s\u00fctunu kopyalamak istiyorsan\u0131z bunun i\u00e7in \u00fc\u00e7\u00fcnc\u00fc y\u00f6ntemi kullanabilirsiniz.<\/p><p> Bununla birlikte yukar\u0131daki kopyala ve yap\u0131\u015ft\u0131r k\u0131sayolu, verilerinizi m\u00fcmk\u00fcn olan en k\u0131sa s\u00fcrede derlemenize yard\u0131mc\u0131 olacakt\u0131r.<\/p><div class=\"gb-container gb-container-4db6181c gb-container-mt\"> <a class=\"gb-button gb-button-c5897111 gb-button-text gb-button-mt-button\" href=\"https:\/\/exceladvisor.org\/tr\/excelin-temelleri\/\">Microsoft Excel Temelleri (Bile\u015fenler, Par\u00e7alar ve Bilgi Notlar\u0131)<\/a><h2 class=\"gb-headline gb-headline-665e5f6b gb-headline-text gb-headline-mt-heading\"> \u0130lgili e\u011fitimler <\/h2><div class=\"gb-grid-wrapper gb-grid-wrapper-a20baf7c gb-grid-wrapper-mt-grid\"><div class=\"gb-grid-column gb-grid-column-65ddf67e\"><div class=\"gb-container gb-container-65ddf67e\"><ul><li> <a href=\"https:\/\/exceladvisor.org\/tr\/kopruleri-ekle-kaldir\/\">Excel&#8217;de k\u00f6pr\u00fc ekleme ve kald\u0131rma<\/a><\/li><li> <a href=\"https:\/\/exceladvisor.org\/tr\/filigran-ekle\/\">Excel&#8217;e filigran ekleme<\/a><\/li><li> <a href=\"https:\/\/exceladvisor.org\/tr\/gizli-satir-sutunlarini-kaldir\/\">Excel&#8217;deki gizli sat\u0131rlar\u0131 silin<\/a><\/li><li> <a href=\"https:\/\/exceladvisor.org\/tr\/hucrelerin-secimini-kaldir\/\">Excel&#8217;de h\u00fccrelerin se\u00e7imini kald\u0131r\u0131n<\/a> <\/li><\/ul><\/div><\/div><div class=\"gb-grid-column gb-grid-column-50067b57\"><div class=\"gb-container gb-container-50067b57\"><ul><li> <a href=\"https:\/\/exceladvisor.org\/tr\/cizgileri-goster\/\">Excel&#8217;de sat\u0131rlar\u0131 g\u00f6ster<\/a><\/li><li> <a href=\"https:\/\/exceladvisor.org\/tr\/menzil\/\">Excel&#8217;deki aral\u0131k<\/a><\/li><li> <a href=\"https:\/\/exceladvisor.org\/tr\/araligi-sec\/\">Excel&#8217;de aral\u0131\u011f\u0131 se\u00e7in<\/a><\/li><li> <a href=\"https:\/\/exceladvisor.org\/tr\/aktif-hucre\/\">Excel&#8217;de h\u00fccreyi etkinle\u015ftir<\/a><\/li><\/ul><\/div><\/div><\/div><\/div>","protected":false},"excerpt":{"rendered":"","protected":false},"author":1,"featured_media":0,"parent":0,"menu_order":0,"comment_status":"open","ping_status":"closed","template":"","meta":{"ub_ctt_via":"","footnotes":""},"class_list":["post-1873","page","type-page","status-publish","hentry"],"featured_image_src":null,"yoast_head":"<!-- This site is optimized with the Yoast SEO plugin v25.4 - https:\/\/yoast.com\/wordpress\/plugins\/seo\/ -->\n<title>\u25b7 Excel&#039;de bir s\u00fctun nas\u0131l kopyalan\u0131p yap\u0131\u015ft\u0131r\u0131l\u0131r?<\/title>\n<meta name=\"description\" content=\"Bu form\u00fcl e\u011fitiminde, y\u00f6ntemleri kullanarak tek bir s\u00fctunun yan\u0131 s\u0131ra birden \u00e7ok s\u00fctunu nas\u0131l kopyalay\u0131p yap\u0131\u015ft\u0131raca\u011f\u0131m\u0131z\u0131 \u00f6\u011frenece\u011fiz.\" \/>\n<meta name=\"robots\" content=\"index, follow, max-snippet:-1, max-image-preview:large, max-video-preview:-1\" \/>\n<link rel=\"canonical\" href=\"https:\/\/exceladvisor.org\/tr\/sutunu-kopyala\/\" \/>\n<meta property=\"og:locale\" content=\"tr_TR\" \/>\n<meta property=\"og:type\" content=\"article\" \/>\n<meta property=\"og:title\" content=\"\u25b7 Excel&#039;de bir s\u00fctun nas\u0131l kopyalan\u0131p yap\u0131\u015ft\u0131r\u0131l\u0131r?\" \/>\n<meta property=\"og:description\" content=\"Bu form\u00fcl e\u011fitiminde, y\u00f6ntemleri kullanarak tek bir s\u00fctunun yan\u0131 s\u0131ra birden \u00e7ok s\u00fctunu nas\u0131l kopyalay\u0131p yap\u0131\u015ft\u0131raca\u011f\u0131m\u0131z\u0131 \u00f6\u011frenece\u011fiz.\" \/>\n<meta property=\"og:url\" content=\"https:\/\/exceladvisor.org\/tr\/sutunu-kopyala\/\" \/>\n<meta property=\"og:site_name\" content=\"Excel Advisor\" \/>\n<meta property=\"article:modified_time\" content=\"2023-12-10T06:00:46+00:00\" \/>\n<meta property=\"og:image\" content=\"https:\/\/exceladvisor.org\/wp-content\/uploads\/2023\/08\/1-copier-coller-une-seule-colonne.png\" \/>\n<meta name=\"twitter:card\" content=\"summary_large_image\" \/>\n<meta name=\"twitter:label1\" content=\"Tahmini okuma s\u00fcresi\" \/>\n\t<meta name=\"twitter:data1\" content=\"4 dakika\" \/>\n<script type=\"application\/ld+json\" class=\"yoast-schema-graph\">{\"@context\":\"https:\/\/schema.org\",\"@graph\":[{\"@type\":\"WebPage\",\"@id\":\"https:\/\/exceladvisor.org\/tr\/sutunu-kopyala\/\",\"url\":\"https:\/\/exceladvisor.org\/tr\/sutunu-kopyala\/\",\"name\":\"\u25b7 Excel&#39;de bir s\u00fctun nas\u0131l kopyalan\u0131p yap\u0131\u015ft\u0131r\u0131l\u0131r?\",\"isPartOf\":{\"@id\":\"https:\/\/exceladvisor.org\/tr\/#website\"},\"primaryImageOfPage\":{\"@id\":\"https:\/\/exceladvisor.org\/tr\/sutunu-kopyala\/#primaryimage\"},\"image\":{\"@id\":\"https:\/\/exceladvisor.org\/tr\/sutunu-kopyala\/#primaryimage\"},\"thumbnailUrl\":\"https:\/\/exceladvisor.org\/wp-content\/uploads\/2023\/08\/1-copier-coller-une-seule-colonne.png\",\"datePublished\":\"2023-10-30T11:47:21+00:00\",\"dateModified\":\"2023-12-10T06:00:46+00:00\",\"description\":\"Bu form\u00fcl e\u011fitiminde, y\u00f6ntemleri kullanarak tek bir s\u00fctunun yan\u0131 s\u0131ra birden \u00e7ok s\u00fctunu nas\u0131l kopyalay\u0131p yap\u0131\u015ft\u0131raca\u011f\u0131m\u0131z\u0131 \u00f6\u011frenece\u011fiz.\",\"breadcrumb\":{\"@id\":\"https:\/\/exceladvisor.org\/tr\/sutunu-kopyala\/#breadcrumb\"},\"inLanguage\":\"tr\",\"potentialAction\":[{\"@type\":\"ReadAction\",\"target\":[\"https:\/\/exceladvisor.org\/tr\/sutunu-kopyala\/\"]}]},{\"@type\":\"ImageObject\",\"inLanguage\":\"tr\",\"@id\":\"https:\/\/exceladvisor.org\/tr\/sutunu-kopyala\/#primaryimage\",\"url\":\"https:\/\/exceladvisor.org\/wp-content\/uploads\/2023\/08\/1-copier-coller-une-seule-colonne.png\",\"contentUrl\":\"https:\/\/exceladvisor.org\/wp-content\/uploads\/2023\/08\/1-copier-coller-une-seule-colonne.png\"},{\"@type\":\"BreadcrumbList\",\"@id\":\"https:\/\/exceladvisor.org\/tr\/sutunu-kopyala\/#breadcrumb\",\"itemListElement\":[{\"@type\":\"ListItem\",\"position\":1,\"name\":\"Ev\",\"item\":\"https:\/\/exceladvisor.org\/tr\/\"},{\"@type\":\"ListItem\",\"position\":2,\"name\":\"Excel&#39;de bir s\u00fctun nas\u0131l kopyalan\u0131p yap\u0131\u015ft\u0131r\u0131l\u0131r?\"}]},{\"@type\":\"WebSite\",\"@id\":\"https:\/\/exceladvisor.org\/tr\/#website\",\"url\":\"https:\/\/exceladvisor.org\/tr\/\",\"name\":\"Excel Advisor\",\"description\":\"Veri hakimiyetine y\u00f6nelik nihai rehberiniz!\",\"publisher\":{\"@id\":\"https:\/\/exceladvisor.org\/tr\/#organization\"},\"potentialAction\":[{\"@type\":\"SearchAction\",\"target\":{\"@type\":\"EntryPoint\",\"urlTemplate\":\"https:\/\/exceladvisor.org\/tr\/?s={search_term_string}\"},\"query-input\":{\"@type\":\"PropertyValueSpecification\",\"valueRequired\":true,\"valueName\":\"search_term_string\"}}],\"inLanguage\":\"tr\"},{\"@type\":\"Organization\",\"@id\":\"https:\/\/exceladvisor.org\/tr\/#organization\",\"name\":\"Excel Advisor\",\"url\":\"https:\/\/exceladvisor.org\/tr\/\",\"logo\":{\"@type\":\"ImageObject\",\"inLanguage\":\"tr\",\"@id\":\"https:\/\/exceladvisor.org\/tr\/#\/schema\/logo\/image\/\",\"url\":\"https:\/\/exceladvisor.org\/tr\/wp-content\/uploads\/2023\/12\/exceladvisor.org_.png\",\"contentUrl\":\"https:\/\/exceladvisor.org\/tr\/wp-content\/uploads\/2023\/12\/exceladvisor.org_.png\",\"width\":105,\"height\":36,\"caption\":\"Excel Advisor\"},\"image\":{\"@id\":\"https:\/\/exceladvisor.org\/tr\/#\/schema\/logo\/image\/\"}}]}<\/script>\n<!-- \/ Yoast SEO plugin. -->","yoast_head_json":{"title":"\u25b7 Excel&#39;de bir s\u00fctun nas\u0131l kopyalan\u0131p yap\u0131\u015ft\u0131r\u0131l\u0131r?","description":"Bu form\u00fcl e\u011fitiminde, y\u00f6ntemleri kullanarak tek bir s\u00fctunun yan\u0131 s\u0131ra birden \u00e7ok s\u00fctunu nas\u0131l kopyalay\u0131p yap\u0131\u015ft\u0131raca\u011f\u0131m\u0131z\u0131 \u00f6\u011frenece\u011fiz.","robots":{"index":"index","follow":"follow","max-snippet":"max-snippet:-1","max-image-preview":"max-image-preview:large","max-video-preview":"max-video-preview:-1"},"canonical":"https:\/\/exceladvisor.org\/tr\/sutunu-kopyala\/","og_locale":"tr_TR","og_type":"article","og_title":"\u25b7 Excel&#39;de bir s\u00fctun nas\u0131l kopyalan\u0131p yap\u0131\u015ft\u0131r\u0131l\u0131r?","og_description":"Bu form\u00fcl e\u011fitiminde, y\u00f6ntemleri kullanarak tek bir s\u00fctunun yan\u0131 s\u0131ra birden \u00e7ok s\u00fctunu nas\u0131l kopyalay\u0131p yap\u0131\u015ft\u0131raca\u011f\u0131m\u0131z\u0131 \u00f6\u011frenece\u011fiz.","og_url":"https:\/\/exceladvisor.org\/tr\/sutunu-kopyala\/","og_site_name":"Excel Advisor","article_modified_time":"2023-12-10T06:00:46+00:00","og_image":[{"url":"https:\/\/exceladvisor.org\/wp-content\/uploads\/2023\/08\/1-copier-coller-une-seule-colonne.png","type":"","width":"","height":""}],"twitter_card":"summary_large_image","twitter_misc":{"Tahmini okuma s\u00fcresi":"4 dakika"},"schema":{"@context":"https:\/\/schema.org","@graph":[{"@type":"WebPage","@id":"https:\/\/exceladvisor.org\/tr\/sutunu-kopyala\/","url":"https:\/\/exceladvisor.org\/tr\/sutunu-kopyala\/","name":"\u25b7 Excel&#39;de bir s\u00fctun nas\u0131l kopyalan\u0131p yap\u0131\u015ft\u0131r\u0131l\u0131r?","isPartOf":{"@id":"https:\/\/exceladvisor.org\/tr\/#website"},"primaryImageOfPage":{"@id":"https:\/\/exceladvisor.org\/tr\/sutunu-kopyala\/#primaryimage"},"image":{"@id":"https:\/\/exceladvisor.org\/tr\/sutunu-kopyala\/#primaryimage"},"thumbnailUrl":"https:\/\/exceladvisor.org\/wp-content\/uploads\/2023\/08\/1-copier-coller-une-seule-colonne.png","datePublished":"2023-10-30T11:47:21+00:00","dateModified":"2023-12-10T06:00:46+00:00","description":"Bu form\u00fcl e\u011fitiminde, y\u00f6ntemleri kullanarak tek bir s\u00fctunun yan\u0131 s\u0131ra birden \u00e7ok s\u00fctunu nas\u0131l kopyalay\u0131p yap\u0131\u015ft\u0131raca\u011f\u0131m\u0131z\u0131 \u00f6\u011frenece\u011fiz.","breadcrumb":{"@id":"https:\/\/exceladvisor.org\/tr\/sutunu-kopyala\/#breadcrumb"},"inLanguage":"tr","potentialAction":[{"@type":"ReadAction","target":["https:\/\/exceladvisor.org\/tr\/sutunu-kopyala\/"]}]},{"@type":"ImageObject","inLanguage":"tr","@id":"https:\/\/exceladvisor.org\/tr\/sutunu-kopyala\/#primaryimage","url":"https:\/\/exceladvisor.org\/wp-content\/uploads\/2023\/08\/1-copier-coller-une-seule-colonne.png","contentUrl":"https:\/\/exceladvisor.org\/wp-content\/uploads\/2023\/08\/1-copier-coller-une-seule-colonne.png"},{"@type":"BreadcrumbList","@id":"https:\/\/exceladvisor.org\/tr\/sutunu-kopyala\/#breadcrumb","itemListElement":[{"@type":"ListItem","position":1,"name":"Ev","item":"https:\/\/exceladvisor.org\/tr\/"},{"@type":"ListItem","position":2,"name":"Excel&#39;de bir s\u00fctun nas\u0131l kopyalan\u0131p yap\u0131\u015ft\u0131r\u0131l\u0131r?"}]},{"@type":"WebSite","@id":"https:\/\/exceladvisor.org\/tr\/#website","url":"https:\/\/exceladvisor.org\/tr\/","name":"Excel Advisor","description":"Veri hakimiyetine y\u00f6nelik nihai rehberiniz!","publisher":{"@id":"https:\/\/exceladvisor.org\/tr\/#organization"},"potentialAction":[{"@type":"SearchAction","target":{"@type":"EntryPoint","urlTemplate":"https:\/\/exceladvisor.org\/tr\/?s={search_term_string}"},"query-input":{"@type":"PropertyValueSpecification","valueRequired":true,"valueName":"search_term_string"}}],"inLanguage":"tr"},{"@type":"Organization","@id":"https:\/\/exceladvisor.org\/tr\/#organization","name":"Excel Advisor","url":"https:\/\/exceladvisor.org\/tr\/","logo":{"@type":"ImageObject","inLanguage":"tr","@id":"https:\/\/exceladvisor.org\/tr\/#\/schema\/logo\/image\/","url":"https:\/\/exceladvisor.org\/tr\/wp-content\/uploads\/2023\/12\/exceladvisor.org_.png","contentUrl":"https:\/\/exceladvisor.org\/tr\/wp-content\/uploads\/2023\/12\/exceladvisor.org_.png","width":105,"height":36,"caption":"Excel Advisor"},"image":{"@id":"https:\/\/exceladvisor.org\/tr\/#\/schema\/logo\/image\/"}}]}},"yoast_meta":{"yoast_wpseo_title":"","yoast_wpseo_metadesc":"","yoast_wpseo_canonical":""},"_links":{"self":[{"href":"https:\/\/exceladvisor.org\/tr\/wp-json\/wp\/v2\/pages\/1873","targetHints":{"allow":["GET"]}}],"collection":[{"href":"https:\/\/exceladvisor.org\/tr\/wp-json\/wp\/v2\/pages"}],"about":[{"href":"https:\/\/exceladvisor.org\/tr\/wp-json\/wp\/v2\/types\/page"}],"author":[{"embeddable":true,"href":"https:\/\/exceladvisor.org\/tr\/wp-json\/wp\/v2\/users\/1"}],"replies":[{"embeddable":true,"href":"https:\/\/exceladvisor.org\/tr\/wp-json\/wp\/v2\/comments?post=1873"}],"version-history":[{"count":1,"href":"https:\/\/exceladvisor.org\/tr\/wp-json\/wp\/v2\/pages\/1873\/revisions"}],"predecessor-version":[{"id":2433,"href":"https:\/\/exceladvisor.org\/tr\/wp-json\/wp\/v2\/pages\/1873\/revisions\/2433"}],"wp:attachment":[{"href":"https:\/\/exceladvisor.org\/tr\/wp-json\/wp\/v2\/media?parent=1873"}],"curies":[{"name":"wp","href":"https:\/\/api.w.org\/{rel}","templated":true}]}}