{"id":1874,"date":"2023-10-30T11:30:56","date_gmt":"2023-10-30T11:30:56","guid":{"rendered":"https:\/\/exceladvisor.org\/tr\/ozel-carpim-yapistir\/"},"modified":"2023-12-10T06:04:49","modified_gmt":"2023-12-10T06:04:49","slug":"ozel-carpim-yapistir","status":"publish","type":"page","link":"https:\/\/exceladvisor.org\/tr\/ozel-carpim-yapistir\/","title":{"rendered":"\u00d6zel yap\u0131\u015ft\u0131rmay\u0131 kullanarak excel&#39;de nas\u0131l \u00e7arp\u0131l\u0131r?"},"content":{"rendered":"<div class=\"excel-icerikten-once\" id=\"excel-669481578\"><script type=\"text\/javascript\">\r\n\tatOptions = {\r\n\t\t'key' : 'c1158f160081d6540a8409e6925dab94',\r\n\t\t'format' : 'iframe',\r\n\t\t'height' : 250,\r\n\t\t'width' : 300,\r\n\t\t'params' : {}\r\n\t};\r\n<\/script>\r\n<script type=\"text\/javascript\" src=\"\/\/www.highperformanceformat.com\/c1158f160081d6540a8409e6925dab94\/invoke.js\"><\/script><\/div> <p>Bazen Excel&#8217;de h\u0131zl\u0131 hesaplamalar yapman\u0131z gerekir. Ve bu h\u0131zl\u0131 hesaplamalar i\u00e7in form\u00fcller yerine \u00f6zel bir macun kullanabilirsiniz.<\/p><p> \u00d6zel yap\u0131\u015ft\u0131rmada kullanabilece\u011finiz d\u00f6rt farkl\u0131 se\u00e7ene\u011finiz [Ekle, \u00c7\u0131kar, \u00c7arp ve B\u00f6l] bulunmaktad\u0131r. Ve bug\u00fcn bu yaz\u0131mda size \u00e7arpma ve (\u00e7\u0131karma, b\u00f6lme ve eksi) i\u015flemlerinde \u00f6zel macunun nas\u0131l kullan\u0131laca\u011f\u0131n\u0131 g\u00f6stermek istiyorum. <\/p><div class=\"wp-block-image\"><figure class=\"aligncenter is-resized\"><img loading=\"lazy\" decoding=\"async\" src=\"https:\/\/exceladvisor.org\/wp-content\/uploads\/2023\/08\/Utiliser-Coller-des-operations-speciales-pour-une-multiplication-rapide-dans-Excel-1.png\" sizes=\"auto, \" srcset=\"\" alt=\"\u00d6zel Yap\u0131\u015ft\u0131r se\u00e7ene\u011fini kullanarak Excel'de \u00e7arpma\" width=\"398\" height=\"330\"><\/figure><\/div><h2 class=\"wp-block-heading\"> \u00d6zel Yap\u0131\u015ft\u0131r se\u00e7ene\u011fini kullanarak Excel&#8217;de \u00e7arpma<\/h2><p> Diyelim ki Hindistan&#8217;dan di\u011fer \u00fclkelere yap\u0131lan arama oranlar\u0131n\u0131 i\u00e7eren bir veri tablonuz var. Artan maliyetler nedeniyle oranlar\u0131n\u0131z\u0131 %20 art\u0131rman\u0131z gerekiyor. Art\u0131k form\u00fcl\u00fc kullanmak yerine buraya \u00f6zel \u00e7arpma yap\u0131\u015ft\u0131r se\u00e7ene\u011fini kullanabilirsiniz.<\/p><ol><li> % Ya\u015f art\u0131\u015f\u0131n\u0131z\u0131n oldu\u011fu h\u00fccreyi se\u00e7in (oran\u0131n\u0131 %20 art\u0131rmak i\u00e7in 1,2 kulland\u0131m) ve kopyalay\u0131n.<\/li><li> \u015eimdi hesaplamay\u0131 uygulamak istedi\u011finiz aral\u0131\u011f\u0131n tamam\u0131n\u0131 se\u00e7in.<\/li><li> \u00d6zel yap\u0131\u015ft\u0131rma ileti\u015fim kutusunu a\u00e7mak i\u00e7in [Alt + E + S] k\u0131sayol tu\u015funu kullan\u0131n.<\/li><li> \u0130\u015flem&#8217;e gidin, &#8220;\u00e7arpma&#8221; se\u00e7ene\u011fini se\u00e7in ve Tamam&#8217;a t\u0131klay\u0131n. <\/li><\/ol><div class=\"wp-block-image\"><figure class=\"aligncenter\"><img decoding=\"async\" src=\"https:\/\/exceladvisor.org\/wp-content\/uploads\/2023\/08\/Utiliser-Coller-des-operations-speciales-pour-une-multiplication-rapide-dans-Excel-3.gif\" sizes=\"\" srcset=\"\" alt=\"H\u00fccrelere \u00d6zel Yap\u0131\u015ft\u0131r se\u00e7ene\u011fini kullanarak Excel'de \u00e7arpma\"><\/figure><\/div><p> Yukar\u0131daki \u00f6rnekte art\u0131r\u0131lm\u0131\u015f \u00e7arpma oran\u0131n\u0131 kulland\u0131k. Toplama, \u00e7\u0131karma ve b\u00f6lme i\u015flemleri i\u00e7in de ayn\u0131 y\u00f6ntemi kullanabilirsiniz.<\/p><h2 class=\"wp-block-heading\"> Ve form\u00fclleri olan h\u00fccreleriniz oldu\u011funda<\/h2><p> \u0130\u015fte bu, \u00f6zel hamurla yapabilece\u011finiz en muhte\u015fem \u015feylerden biri. Zaten form\u00fcllerinizin oldu\u011fu h\u00fccreleriniz varsa, her zaman \u00f6zel yap\u0131\u015ft\u0131rmay\u0131 kullanabilirsiniz. <\/p><div class=\"wp-block-image\"><figure class=\"aligncenter\"><img decoding=\"async\" src=\"https:\/\/exceladvisor.org\/wp-content\/uploads\/2023\/08\/Utiliser-Coller-des-operations-speciales-pour-une-multiplication-rapide-dans-Excel-4.gif\" sizes=\"\" srcset=\"\" alt=\"Form\u00fcllerle \u00f6zel yap\u0131\u015ft\u0131rma se\u00e7ene\u011fini kullanarak Excel'de \u00e7arpma\"><\/figure><\/div><p> Yukar\u0131daki \u00f6rnekte fiyat, sabit maliyetin (E2) ve de\u011fi\u015fken maliyetin (E3) toplam\u0131d\u0131r. Fiyat\u0131 y\u00fczde 32,25 art\u0131rd\u0131k.<\/p><h2 class=\"wp-block-heading\"> Dinamik hesaplamalar i\u00e7in \u00f6zel macun<\/h2><p> Paste-spec ile yapabilece\u011finiz bir di\u011fer faydal\u0131 \u015fey ise dinamik hesaplama yapabilmenizdir.<\/p><p> Farkl\u0131 alanlar i\u00e7in be\u015f \u00fcr\u00fcnden olu\u015fan bir veri setiniz oldu\u011funu ve farkl\u0131 art\u0131m oranlar\u0131n\u0131 kullanarak be\u015f \u00fcr\u00fcn i\u00e7in art\u0131ml\u0131 bir fiyat hesaplaman\u0131z gerekti\u011fini varsayal\u0131m.<\/p><p> Artan oranlara sahip t\u00fcm h\u00fccreleri se\u00e7in ve yukar\u0131da kulland\u0131\u011f\u0131m\u0131z ad\u0131mlar\u0131n ayn\u0131s\u0131n\u0131 izleyin. <\/p><div class=\"wp-block-image\"><figure class=\"aligncenter\"><img decoding=\"async\" src=\"https:\/\/exceladvisor.org\/wp-content\/uploads\/2023\/08\/Utiliser-Coller-des-operations-speciales-pour-une-multiplication-rapide-dans-Excel-5.gif\" sizes=\"\" srcset=\"\" alt=\"Dinamik Hesaplamalarla Excel'de H\u0131zl\u0131 \u00c7arpma i\u00e7in \u00d6zel Yap\u0131\u015ft\u0131rma \u0130\u015flemlerini Kullanma\"><\/figure><\/div><h2 class=\"wp-block-heading\"> K\u0131sayol tu\u015flar\u0131<\/h2><ol><li> <strong>\u00c7arp<\/strong> \u2013 Alt + V + H + M<\/li><li> <strong>B\u00f6l<\/strong> \u2013 Alt + V + H + I<\/li><li> <strong>Ekle<\/strong> \u2013 Alt + V + H + D<\/li><li> <strong>\u00c7\u0131karma<\/strong> \u2013 Alt + V + H + S<\/li><\/ol><div class=\"gb-container gb-container-4db6181c gb-container-mt\"> <a class=\"gb-button gb-button-c5897111 gb-button-text gb-button-mt-button\" href=\"https:\/\/exceladvisor.org\/tr\/excel-ilerlemesi\/\">\u0130leri Excel Dersleri<\/a><h2 class=\"gb-headline gb-headline-665e5f6b gb-headline-text gb-headline-mt-heading\"> \u0130lgili e\u011fitimler <\/h2><div class=\"gb-grid-wrapper gb-grid-wrapper-a20baf7c gb-grid-wrapper-mt-grid\"><div class=\"gb-grid-column gb-grid-column-65ddf67e\"><div class=\"gb-container gb-container-65ddf67e\"><ul><li> <a href=\"https:\/\/exceladvisor.org\/tr\/hizli-analiz-araci\/\">Excel&#8217;de H\u0131zl\u0131 Analiz Arac\u0131<\/a><\/li><li> <a href=\"https:\/\/exceladvisor.org\/tr\/birden-fazla-filtre-uygula\/\">S\u00fctunlara birden \u00e7ok filtre uygulama<\/a><\/li><li> <a href=\"https:\/\/exceladvisor.org\/tr\/ust-alt-degerleri-vurgula\/\">Excel&#8217;de \u00fcst ve alt N de\u011ferlerini vurgulay\u0131n<\/a><\/li><li> <a href=\"https:\/\/exceladvisor.org\/tr\/onay-kutusu\/\">Excel&#8217;e onay kutusu ekleme<\/a><\/li><li> <a href=\"https:\/\/exceladvisor.org\/tr\/veri-kaybetmeden-hucreleri-birlestirme\/\">Excel&#8217;de veri kaybetmeden h\u00fccreleri birle\u015ftirme<\/a><\/li><li> <a href=\"https:\/\/exceladvisor.org\/tr\/barkod-ekle\/\" data-wpil=\"url\">Excel&#8217;e barkod ekleme<\/a><\/li><\/ul><\/div><\/div><\/div><\/div>","protected":false},"excerpt":{"rendered":"","protected":false},"author":1,"featured_media":0,"parent":0,"menu_order":0,"comment_status":"open","ping_status":"closed","template":"","meta":{"ub_ctt_via":"","footnotes":""},"class_list":["post-1874","page","type-page","status-publish","hentry"],"featured_image_src":null,"yoast_head":"<!-- This site is optimized with the Yoast SEO plugin v25.4 - https:\/\/yoast.com\/wordpress\/plugins\/seo\/ -->\n<title>\u00d6zel yap\u0131\u015ft\u0131rmay\u0131 kullanarak Excel&#039;de nas\u0131l \u00e7arp\u0131l\u0131r?<\/title>\n<meta name=\"description\" content=\"Bu yaz\u0131da \u00d6zel Yap\u0131\u015ft\u0131r kullanarak Excel&#039;de nas\u0131l \u00e7arp\u0131laca\u011f\u0131n\u0131 \u00f6\u011freneceksiniz. B\u00f6lme, toplama ve \u00e7\u0131karma i\u015flemlerinin yan\u0131 s\u0131ra.\" \/>\n<meta name=\"robots\" content=\"index, follow, max-snippet:-1, max-image-preview:large, max-video-preview:-1\" \/>\n<link rel=\"canonical\" href=\"https:\/\/exceladvisor.org\/tr\/ozel-carpim-yapistir\/\" \/>\n<meta property=\"og:locale\" content=\"tr_TR\" \/>\n<meta property=\"og:type\" content=\"article\" \/>\n<meta property=\"og:title\" content=\"\u00d6zel yap\u0131\u015ft\u0131rmay\u0131 kullanarak Excel&#039;de nas\u0131l \u00e7arp\u0131l\u0131r?\" \/>\n<meta property=\"og:description\" content=\"Bu yaz\u0131da \u00d6zel Yap\u0131\u015ft\u0131r kullanarak Excel&#039;de nas\u0131l \u00e7arp\u0131laca\u011f\u0131n\u0131 \u00f6\u011freneceksiniz. B\u00f6lme, toplama ve \u00e7\u0131karma i\u015flemlerinin yan\u0131 s\u0131ra.\" \/>\n<meta property=\"og:url\" content=\"https:\/\/exceladvisor.org\/tr\/ozel-carpim-yapistir\/\" \/>\n<meta property=\"og:site_name\" content=\"Excel Advisor\" \/>\n<meta property=\"article:modified_time\" content=\"2023-12-10T06:04:49+00:00\" \/>\n<meta property=\"og:image\" content=\"https:\/\/exceladvisor.org\/wp-content\/uploads\/2023\/08\/Utiliser-Coller-des-operations-speciales-pour-une-multiplication-rapide-dans-Excel-1.png\" \/>\n<meta name=\"twitter:card\" content=\"summary_large_image\" \/>\n<meta name=\"twitter:label1\" content=\"Tahmini okuma s\u00fcresi\" \/>\n\t<meta name=\"twitter:data1\" content=\"2 dakika\" \/>\n<script type=\"application\/ld+json\" class=\"yoast-schema-graph\">{\"@context\":\"https:\/\/schema.org\",\"@graph\":[{\"@type\":\"WebPage\",\"@id\":\"https:\/\/exceladvisor.org\/tr\/ozel-carpim-yapistir\/\",\"url\":\"https:\/\/exceladvisor.org\/tr\/ozel-carpim-yapistir\/\",\"name\":\"\u00d6zel yap\u0131\u015ft\u0131rmay\u0131 kullanarak Excel&#39;de nas\u0131l \u00e7arp\u0131l\u0131r?\",\"isPartOf\":{\"@id\":\"https:\/\/exceladvisor.org\/tr\/#website\"},\"primaryImageOfPage\":{\"@id\":\"https:\/\/exceladvisor.org\/tr\/ozel-carpim-yapistir\/#primaryimage\"},\"image\":{\"@id\":\"https:\/\/exceladvisor.org\/tr\/ozel-carpim-yapistir\/#primaryimage\"},\"thumbnailUrl\":\"https:\/\/exceladvisor.org\/wp-content\/uploads\/2023\/08\/Utiliser-Coller-des-operations-speciales-pour-une-multiplication-rapide-dans-Excel-1.png\",\"datePublished\":\"2023-10-30T11:30:56+00:00\",\"dateModified\":\"2023-12-10T06:04:49+00:00\",\"description\":\"Bu yaz\u0131da \u00d6zel Yap\u0131\u015ft\u0131r kullanarak Excel&#39;de nas\u0131l \u00e7arp\u0131laca\u011f\u0131n\u0131 \u00f6\u011freneceksiniz. B\u00f6lme, toplama ve \u00e7\u0131karma i\u015flemlerinin yan\u0131 s\u0131ra.\",\"breadcrumb\":{\"@id\":\"https:\/\/exceladvisor.org\/tr\/ozel-carpim-yapistir\/#breadcrumb\"},\"inLanguage\":\"tr\",\"potentialAction\":[{\"@type\":\"ReadAction\",\"target\":[\"https:\/\/exceladvisor.org\/tr\/ozel-carpim-yapistir\/\"]}]},{\"@type\":\"ImageObject\",\"inLanguage\":\"tr\",\"@id\":\"https:\/\/exceladvisor.org\/tr\/ozel-carpim-yapistir\/#primaryimage\",\"url\":\"https:\/\/exceladvisor.org\/wp-content\/uploads\/2023\/08\/Utiliser-Coller-des-operations-speciales-pour-une-multiplication-rapide-dans-Excel-1.png\",\"contentUrl\":\"https:\/\/exceladvisor.org\/wp-content\/uploads\/2023\/08\/Utiliser-Coller-des-operations-speciales-pour-une-multiplication-rapide-dans-Excel-1.png\"},{\"@type\":\"BreadcrumbList\",\"@id\":\"https:\/\/exceladvisor.org\/tr\/ozel-carpim-yapistir\/#breadcrumb\",\"itemListElement\":[{\"@type\":\"ListItem\",\"position\":1,\"name\":\"Ev\",\"item\":\"https:\/\/exceladvisor.org\/tr\/\"},{\"@type\":\"ListItem\",\"position\":2,\"name\":\"\u00d6zel yap\u0131\u015ft\u0131rmay\u0131 kullanarak excel&#39;de nas\u0131l \u00e7arp\u0131l\u0131r?\"}]},{\"@type\":\"WebSite\",\"@id\":\"https:\/\/exceladvisor.org\/tr\/#website\",\"url\":\"https:\/\/exceladvisor.org\/tr\/\",\"name\":\"Excel Advisor\",\"description\":\"Veri hakimiyetine y\u00f6nelik nihai rehberiniz!\",\"publisher\":{\"@id\":\"https:\/\/exceladvisor.org\/tr\/#organization\"},\"potentialAction\":[{\"@type\":\"SearchAction\",\"target\":{\"@type\":\"EntryPoint\",\"urlTemplate\":\"https:\/\/exceladvisor.org\/tr\/?s={search_term_string}\"},\"query-input\":{\"@type\":\"PropertyValueSpecification\",\"valueRequired\":true,\"valueName\":\"search_term_string\"}}],\"inLanguage\":\"tr\"},{\"@type\":\"Organization\",\"@id\":\"https:\/\/exceladvisor.org\/tr\/#organization\",\"name\":\"Excel Advisor\",\"url\":\"https:\/\/exceladvisor.org\/tr\/\",\"logo\":{\"@type\":\"ImageObject\",\"inLanguage\":\"tr\",\"@id\":\"https:\/\/exceladvisor.org\/tr\/#\/schema\/logo\/image\/\",\"url\":\"https:\/\/exceladvisor.org\/tr\/wp-content\/uploads\/2023\/12\/exceladvisor.org_.png\",\"contentUrl\":\"https:\/\/exceladvisor.org\/tr\/wp-content\/uploads\/2023\/12\/exceladvisor.org_.png\",\"width\":105,\"height\":36,\"caption\":\"Excel Advisor\"},\"image\":{\"@id\":\"https:\/\/exceladvisor.org\/tr\/#\/schema\/logo\/image\/\"}}]}<\/script>\n<!-- \/ Yoast SEO plugin. -->","yoast_head_json":{"title":"\u00d6zel yap\u0131\u015ft\u0131rmay\u0131 kullanarak Excel&#39;de nas\u0131l \u00e7arp\u0131l\u0131r?","description":"Bu yaz\u0131da \u00d6zel Yap\u0131\u015ft\u0131r kullanarak Excel&#39;de nas\u0131l \u00e7arp\u0131laca\u011f\u0131n\u0131 \u00f6\u011freneceksiniz. B\u00f6lme, toplama ve \u00e7\u0131karma i\u015flemlerinin yan\u0131 s\u0131ra.","robots":{"index":"index","follow":"follow","max-snippet":"max-snippet:-1","max-image-preview":"max-image-preview:large","max-video-preview":"max-video-preview:-1"},"canonical":"https:\/\/exceladvisor.org\/tr\/ozel-carpim-yapistir\/","og_locale":"tr_TR","og_type":"article","og_title":"\u00d6zel yap\u0131\u015ft\u0131rmay\u0131 kullanarak Excel&#39;de nas\u0131l \u00e7arp\u0131l\u0131r?","og_description":"Bu yaz\u0131da \u00d6zel Yap\u0131\u015ft\u0131r kullanarak Excel&#39;de nas\u0131l \u00e7arp\u0131laca\u011f\u0131n\u0131 \u00f6\u011freneceksiniz. B\u00f6lme, toplama ve \u00e7\u0131karma i\u015flemlerinin yan\u0131 s\u0131ra.","og_url":"https:\/\/exceladvisor.org\/tr\/ozel-carpim-yapistir\/","og_site_name":"Excel Advisor","article_modified_time":"2023-12-10T06:04:49+00:00","og_image":[{"url":"https:\/\/exceladvisor.org\/wp-content\/uploads\/2023\/08\/Utiliser-Coller-des-operations-speciales-pour-une-multiplication-rapide-dans-Excel-1.png","type":"","width":"","height":""}],"twitter_card":"summary_large_image","twitter_misc":{"Tahmini okuma s\u00fcresi":"2 dakika"},"schema":{"@context":"https:\/\/schema.org","@graph":[{"@type":"WebPage","@id":"https:\/\/exceladvisor.org\/tr\/ozel-carpim-yapistir\/","url":"https:\/\/exceladvisor.org\/tr\/ozel-carpim-yapistir\/","name":"\u00d6zel yap\u0131\u015ft\u0131rmay\u0131 kullanarak Excel&#39;de nas\u0131l \u00e7arp\u0131l\u0131r?","isPartOf":{"@id":"https:\/\/exceladvisor.org\/tr\/#website"},"primaryImageOfPage":{"@id":"https:\/\/exceladvisor.org\/tr\/ozel-carpim-yapistir\/#primaryimage"},"image":{"@id":"https:\/\/exceladvisor.org\/tr\/ozel-carpim-yapistir\/#primaryimage"},"thumbnailUrl":"https:\/\/exceladvisor.org\/wp-content\/uploads\/2023\/08\/Utiliser-Coller-des-operations-speciales-pour-une-multiplication-rapide-dans-Excel-1.png","datePublished":"2023-10-30T11:30:56+00:00","dateModified":"2023-12-10T06:04:49+00:00","description":"Bu yaz\u0131da \u00d6zel Yap\u0131\u015ft\u0131r kullanarak Excel&#39;de nas\u0131l \u00e7arp\u0131laca\u011f\u0131n\u0131 \u00f6\u011freneceksiniz. B\u00f6lme, toplama ve \u00e7\u0131karma i\u015flemlerinin yan\u0131 s\u0131ra.","breadcrumb":{"@id":"https:\/\/exceladvisor.org\/tr\/ozel-carpim-yapistir\/#breadcrumb"},"inLanguage":"tr","potentialAction":[{"@type":"ReadAction","target":["https:\/\/exceladvisor.org\/tr\/ozel-carpim-yapistir\/"]}]},{"@type":"ImageObject","inLanguage":"tr","@id":"https:\/\/exceladvisor.org\/tr\/ozel-carpim-yapistir\/#primaryimage","url":"https:\/\/exceladvisor.org\/wp-content\/uploads\/2023\/08\/Utiliser-Coller-des-operations-speciales-pour-une-multiplication-rapide-dans-Excel-1.png","contentUrl":"https:\/\/exceladvisor.org\/wp-content\/uploads\/2023\/08\/Utiliser-Coller-des-operations-speciales-pour-une-multiplication-rapide-dans-Excel-1.png"},{"@type":"BreadcrumbList","@id":"https:\/\/exceladvisor.org\/tr\/ozel-carpim-yapistir\/#breadcrumb","itemListElement":[{"@type":"ListItem","position":1,"name":"Ev","item":"https:\/\/exceladvisor.org\/tr\/"},{"@type":"ListItem","position":2,"name":"\u00d6zel yap\u0131\u015ft\u0131rmay\u0131 kullanarak excel&#39;de nas\u0131l \u00e7arp\u0131l\u0131r?"}]},{"@type":"WebSite","@id":"https:\/\/exceladvisor.org\/tr\/#website","url":"https:\/\/exceladvisor.org\/tr\/","name":"Excel Advisor","description":"Veri hakimiyetine y\u00f6nelik nihai rehberiniz!","publisher":{"@id":"https:\/\/exceladvisor.org\/tr\/#organization"},"potentialAction":[{"@type":"SearchAction","target":{"@type":"EntryPoint","urlTemplate":"https:\/\/exceladvisor.org\/tr\/?s={search_term_string}"},"query-input":{"@type":"PropertyValueSpecification","valueRequired":true,"valueName":"search_term_string"}}],"inLanguage":"tr"},{"@type":"Organization","@id":"https:\/\/exceladvisor.org\/tr\/#organization","name":"Excel Advisor","url":"https:\/\/exceladvisor.org\/tr\/","logo":{"@type":"ImageObject","inLanguage":"tr","@id":"https:\/\/exceladvisor.org\/tr\/#\/schema\/logo\/image\/","url":"https:\/\/exceladvisor.org\/tr\/wp-content\/uploads\/2023\/12\/exceladvisor.org_.png","contentUrl":"https:\/\/exceladvisor.org\/tr\/wp-content\/uploads\/2023\/12\/exceladvisor.org_.png","width":105,"height":36,"caption":"Excel Advisor"},"image":{"@id":"https:\/\/exceladvisor.org\/tr\/#\/schema\/logo\/image\/"}}]}},"yoast_meta":{"yoast_wpseo_title":"","yoast_wpseo_metadesc":"","yoast_wpseo_canonical":""},"_links":{"self":[{"href":"https:\/\/exceladvisor.org\/tr\/wp-json\/wp\/v2\/pages\/1874","targetHints":{"allow":["GET"]}}],"collection":[{"href":"https:\/\/exceladvisor.org\/tr\/wp-json\/wp\/v2\/pages"}],"about":[{"href":"https:\/\/exceladvisor.org\/tr\/wp-json\/wp\/v2\/types\/page"}],"author":[{"embeddable":true,"href":"https:\/\/exceladvisor.org\/tr\/wp-json\/wp\/v2\/users\/1"}],"replies":[{"embeddable":true,"href":"https:\/\/exceladvisor.org\/tr\/wp-json\/wp\/v2\/comments?post=1874"}],"version-history":[{"count":1,"href":"https:\/\/exceladvisor.org\/tr\/wp-json\/wp\/v2\/pages\/1874\/revisions"}],"predecessor-version":[{"id":2765,"href":"https:\/\/exceladvisor.org\/tr\/wp-json\/wp\/v2\/pages\/1874\/revisions\/2765"}],"wp:attachment":[{"href":"https:\/\/exceladvisor.org\/tr\/wp-json\/wp\/v2\/media?parent=1874"}],"curies":[{"name":"wp","href":"https:\/\/api.w.org\/{rel}","templated":true}]}}