{"id":1875,"date":"2023-10-30T10:57:01","date_gmt":"2023-10-30T10:57:01","guid":{"rendered":"https:\/\/exceladvisor.org\/tr\/yatay-olarak-sirala\/"},"modified":"2023-12-10T06:03:16","modified_gmt":"2023-12-10T06:03:16","slug":"yatay-olarak-sirala","status":"publish","type":"page","link":"https:\/\/exceladvisor.org\/tr\/yatay-olarak-sirala\/","title":{"rendered":"Excel&#39;de yatay s\u0131ralama nas\u0131l yap\u0131l\u0131r?"},"content":{"rendered":"<div class=\"excel-icerikten-once\" id=\"excel-1484421498\"><script type=\"text\/javascript\">\r\n\tatOptions = {\r\n\t\t'key' : 'c1158f160081d6540a8409e6925dab94',\r\n\t\t'format' : 'iframe',\r\n\t\t'height' : 250,\r\n\t\t'width' : 300,\r\n\t\t'params' : {}\r\n\t};\r\n<\/script>\r\n<script type=\"text\/javascript\" src=\"\/\/www.highperformanceformat.com\/c1158f160081d6540a8409e6925dab94\/invoke.js\"><\/script><\/div> <p>Excel&#8217;de verileri yatay olarak nas\u0131l s\u0131ralayaca\u011f\u0131n\u0131z\u0131 hi\u00e7 merak ettiniz mi? Yani, sat\u0131rlar\u0131 s\u0131ralad\u0131\u011f\u0131n\u0131z gibi s\u00fctunlar\u0131 da s\u0131ralayabilirsiniz. En iyisini bilmek ister misiniz?<\/p><p> Bug\u00fcn bu makalede sizinle verileri yatay olarak s\u0131ralamak i\u00e7in basit bir ad\u0131m payla\u015fmak istiyorum. Bunun d\u0131\u015f\u0131nda s\u00fctunlar\u0131 \u00f6zel s\u0131raya g\u00f6re s\u0131ralamak i\u00e7in yapabilece\u011finiz basit bir ayarlamay\u0131 da payla\u015fmak isterim.<\/p><p class=\"qt-tip\"> <strong>K\u0131sa Not<\/strong> : Bu, <a style=\"outline: none;\" href=\"https:\/\/exceladvisor.org\/tr\/excel-becerileri\/\">temel Excel becerilerini<\/a> geli\u015ftirmeye yard\u0131mc\u0131 olabilecek <a href=\"https:\/\/exceladvisor.org\/tr\/tavsiye\/\" data-wpil=\"url\">Excel ipu\u00e7lar\u0131ndan<\/a> biridir.<\/p><h2 class=\"wp-block-heading\"> Excel&#8217;de s\u00fctunlar\u0131 s\u0131ralama ad\u0131mlar\u0131<\/h2><ul><li> \u00d6ncelikle s\u0131ralamak istedi\u011finiz verileri se\u00e7in. <\/li><\/ul><div class=\"wp-block-image\"><figure class=\"aligncenter\"><img decoding=\"async\" src=\"https:\/\/exceladvisor.org\/wp-content\/uploads\/2023\/08\/Comment-trier-les-colonnes-de-gauche-a-droite-dans-Excel-2-1.png\" sizes=\"\" srcset=\"\" alt=\"Excel'de yatay olarak s\u0131ralamak i\u00e7in kullan\u0131lacak veriler\"><\/figure><\/div><ul><li> Veri sekmesine gidin \u2192 S\u0131rala ve Filtrele \u2192 S\u0131rala d\u00fc\u011fmesine t\u0131klay\u0131n. \u015eimdi bir a\u00e7\u0131l\u0131r pencere g\u00f6receksiniz. <\/li><\/ul><div class=\"wp-block-image\"><figure class=\"aligncenter\"><img decoding=\"async\" src=\"https:\/\/exceladvisor.org\/wp-content\/uploads\/2023\/08\/Comment-trier-les-colonnes-de-gauche-a-droite-dans-Excel-3-1.png\" sizes=\"\" srcset=\"\" alt=\"yatay olarak s\u0131ralamak i\u00e7in s\u0131ralama se\u00e7eneklerini a\u00e7\u0131n\"><\/figure><\/div><ul><li> A\u00e7\u0131l\u0131r pencereleri s\u0131ralamak i\u00e7in Alt+A+S+S k\u0131sayol tu\u015funu da kullanabilirsiniz.<\/li><li> Se\u00e7enekler d\u00fc\u011fmesine t\u0131klay\u0131n \u2192 Soldan sa\u011fa s\u0131ralamay\u0131 se\u00e7in ve Tamam&#8217;a t\u0131klay\u0131n. <\/li><\/ul><div class=\"wp-block-image\"><figure class=\"aligncenter\"><img decoding=\"async\" src=\"https:\/\/exceladvisor.org\/wp-content\/uploads\/2023\/08\/Comment-trier-les-colonnes-de-gauche-a-droite-dans-Excel-4-1.png\" sizes=\"\" srcset=\"\" alt=\"Excel'de yatay olarak s\u0131ralamak i\u00e7in soldan sa\u011fa s\u0131ralamay\u0131 se\u00e7in\"><\/figure><\/div><ul><li> \u015eimdi verilerinizi s\u0131ralamak istedi\u011finiz sat\u0131r\u0131 se\u00e7in ve Tamam&#8217;a t\u0131klay\u0131n. <\/li><\/ul><div class=\"wp-block-image\"><figure class=\"aligncenter\"><img decoding=\"async\" src=\"https:\/\/exceladvisor.org\/wp-content\/uploads\/2023\/08\/Comment-trier-les-colonnes-de-gauche-a-droite-dans-Excel-5-1.png\" sizes=\"\" srcset=\"\" alt=\"excel'de yatay olarak s\u0131ralamak i\u00e7in sat\u0131r\u0131 se\u00e7in\"><\/figure><\/div><p> Tebrikler! Verilerinizi yatay olarak s\u0131ralad\u0131n\u0131z. <\/p><div class=\"wp-block-image\"><figure class=\"aligncenter\"><img decoding=\"async\" src=\"https:\/\/exceladvisor.org\/wp-content\/uploads\/2023\/08\/Comment-trier-les-colonnes-de-gauche-a-droite-dans-Excel-6-1.png\" sizes=\"\" srcset=\"\" alt=\"Excel tekni\u011findeki s\u0131ralama s\u00fctunlar\u0131yla verileri yatay olarak s\u0131ralama\"><\/figure><\/div><p> Excel tablolar\u0131nda bu tekni\u011fi kullanamazs\u0131n\u0131z.<\/p><h2 class=\"wp-block-heading\"> [\u00d6zel sipari\u015f] Yatay s\u0131ralama<\/h2><p> Ger\u00e7ek hayatta s\u00fctunlar\u0131n\u0131z\u0131 alfabetik s\u0131raya g\u00f6re s\u0131ralamak yerine \u00f6zel bir s\u0131raya g\u00f6re s\u0131ralamak daha gereklidir. Bu basit ad\u0131mlar\u0131 izleyin.<\/p><ul><li> Veri k\u00fcmenizin en \u00fcst\u00fcne ge\u00e7ici bir ba\u015fl\u0131k sat\u0131r\u0131 ekleyin ve \u00f6zel bir komut olu\u015fturmak i\u00e7in say\u0131lar\u0131 kullan\u0131n. <\/li><\/ul><div class=\"wp-block-image\"><figure class=\"aligncenter\"><img decoding=\"async\" src=\"https:\/\/exceladvisor.org\/wp-content\/uploads\/2023\/08\/Comment-trier-les-colonnes-de-gauche-a-droite-dans-Excel-7-1.png\" sizes=\"\" srcset=\"\" alt=\"Excel'de S\u00fctunlar\u0131 \u00d6zel S\u0131ralama Ad\u0131mlar\u0131\"><\/figure><\/div><ul><li> \u015eimdi s\u0131ralama pencerenizi a\u00e7\u0131n.<\/li><li> Ve ge\u00e7ici sat\u0131r\u0131n\u0131z\u0131 temel alarak s\u00fctunlar\u0131 s\u0131ralay\u0131n.<\/li><li> Bundan sonra \u015fimdi ge\u00e7ici ba\u015fl\u0131\u011f\u0131 kald\u0131r\u0131n.<\/li><\/ul><div class=\"gb-container gb-container-4db6181c gb-container-mt\"> <a class=\"gb-button gb-button-c5897111 gb-button-text gb-button-mt-button\" href=\"https:\/\/exceladvisor.org\/tr\/excelin-temelleri\/\">Microsoft Excel Temelleri (Bile\u015fenler, Par\u00e7alar ve Bilgi Notlar\u0131)<\/a><h2 class=\"gb-headline gb-headline-665e5f6b gb-headline-text gb-headline-mt-heading\"> \u0130lgili e\u011fitimler <\/h2><div class=\"gb-grid-wrapper gb-grid-wrapper-a20baf7c gb-grid-wrapper-mt-grid\"><div class=\"gb-grid-column gb-grid-column-65ddf67e\"><div class=\"gb-container gb-container-65ddf67e\"><ul><li> <a href=\"https:\/\/exceladvisor.org\/tr\/tarihe-gore-sirala\/\">Tarihe, tarihe ve saate g\u00f6re s\u0131ralay\u0131n ve ters tarihe g\u00f6re s\u0131ralay\u0131n<\/a><\/li><li> <a href=\"https:\/\/exceladvisor.org\/tr\/listeyi-rastgele-hale-getir\/\">Bir listeyi rastgele hale getirme (rastgele s\u0131ralama)<\/a><\/li><li> <a href=\"https:\/\/exceladvisor.org\/tr\/araligi-sirala\/\">VBA kullanarak aral\u0131\u011f\u0131 s\u0131ralama<\/a> <\/li><\/ul><\/div><\/div><div class=\"gb-grid-column gb-grid-column-50067b57\"><div class=\"gb-container gb-container-50067b57\"><\/div><\/div><\/div><\/div>","protected":false},"excerpt":{"rendered":"","protected":false},"author":1,"featured_media":0,"parent":0,"menu_order":0,"comment_status":"open","ping_status":"closed","template":"","meta":{"ub_ctt_via":"","footnotes":""},"class_list":["post-1875","page","type-page","status-publish","hentry"],"featured_image_src":null,"yoast_head":"<!-- This site is optimized with the Yoast SEO plugin v25.4 - https:\/\/yoast.com\/wordpress\/plugins\/seo\/ -->\n<title>Excel&#039;de yatay s\u0131ralama nas\u0131l yap\u0131l\u0131r? [S\u00fctunlar\u0131 s\u0131ralama]<\/title>\n<meta name=\"description\" content=\"Excel&#039;deki s\u00fctunlar\u0131 s\u0131ralamak m\u0131 istiyorsunuz? Excel&#039;de s\u00fctunlar\u0131 s\u0131ralamak, verileri soldan sa\u011fa [yatay y\u00f6n] s\u0131ralamak anlam\u0131na gelir.\" \/>\n<meta name=\"robots\" content=\"index, follow, max-snippet:-1, max-image-preview:large, max-video-preview:-1\" \/>\n<link rel=\"canonical\" href=\"https:\/\/exceladvisor.org\/tr\/yatay-olarak-sirala\/\" \/>\n<meta property=\"og:locale\" content=\"tr_TR\" \/>\n<meta property=\"og:type\" content=\"article\" \/>\n<meta property=\"og:title\" content=\"Excel&#039;de yatay s\u0131ralama nas\u0131l yap\u0131l\u0131r? [S\u00fctunlar\u0131 s\u0131ralama]\" \/>\n<meta property=\"og:description\" content=\"Excel&#039;deki s\u00fctunlar\u0131 s\u0131ralamak m\u0131 istiyorsunuz? Excel&#039;de s\u00fctunlar\u0131 s\u0131ralamak, verileri soldan sa\u011fa [yatay y\u00f6n] s\u0131ralamak anlam\u0131na gelir.\" \/>\n<meta property=\"og:url\" content=\"https:\/\/exceladvisor.org\/tr\/yatay-olarak-sirala\/\" \/>\n<meta property=\"og:site_name\" content=\"Excel Advisor\" \/>\n<meta property=\"article:modified_time\" content=\"2023-12-10T06:03:16+00:00\" \/>\n<meta property=\"og:image\" content=\"https:\/\/exceladvisor.org\/wp-content\/uploads\/2023\/08\/Comment-trier-les-colonnes-de-gauche-a-droite-dans-Excel-2-1.png\" \/>\n<meta name=\"twitter:card\" content=\"summary_large_image\" \/>\n<meta name=\"twitter:label1\" content=\"Tahmini okuma s\u00fcresi\" \/>\n\t<meta name=\"twitter:data1\" content=\"2 dakika\" \/>\n<script type=\"application\/ld+json\" class=\"yoast-schema-graph\">{\"@context\":\"https:\/\/schema.org\",\"@graph\":[{\"@type\":\"WebPage\",\"@id\":\"https:\/\/exceladvisor.org\/tr\/yatay-olarak-sirala\/\",\"url\":\"https:\/\/exceladvisor.org\/tr\/yatay-olarak-sirala\/\",\"name\":\"Excel&#39;de yatay s\u0131ralama nas\u0131l yap\u0131l\u0131r? [S\u00fctunlar\u0131 s\u0131ralama]\",\"isPartOf\":{\"@id\":\"https:\/\/exceladvisor.org\/tr\/#website\"},\"primaryImageOfPage\":{\"@id\":\"https:\/\/exceladvisor.org\/tr\/yatay-olarak-sirala\/#primaryimage\"},\"image\":{\"@id\":\"https:\/\/exceladvisor.org\/tr\/yatay-olarak-sirala\/#primaryimage\"},\"thumbnailUrl\":\"https:\/\/exceladvisor.org\/wp-content\/uploads\/2023\/08\/Comment-trier-les-colonnes-de-gauche-a-droite-dans-Excel-2-1.png\",\"datePublished\":\"2023-10-30T10:57:01+00:00\",\"dateModified\":\"2023-12-10T06:03:16+00:00\",\"description\":\"Excel&#39;deki s\u00fctunlar\u0131 s\u0131ralamak m\u0131 istiyorsunuz? Excel&#39;de s\u00fctunlar\u0131 s\u0131ralamak, verileri soldan sa\u011fa [yatay y\u00f6n] s\u0131ralamak anlam\u0131na gelir.\",\"breadcrumb\":{\"@id\":\"https:\/\/exceladvisor.org\/tr\/yatay-olarak-sirala\/#breadcrumb\"},\"inLanguage\":\"tr\",\"potentialAction\":[{\"@type\":\"ReadAction\",\"target\":[\"https:\/\/exceladvisor.org\/tr\/yatay-olarak-sirala\/\"]}]},{\"@type\":\"ImageObject\",\"inLanguage\":\"tr\",\"@id\":\"https:\/\/exceladvisor.org\/tr\/yatay-olarak-sirala\/#primaryimage\",\"url\":\"https:\/\/exceladvisor.org\/wp-content\/uploads\/2023\/08\/Comment-trier-les-colonnes-de-gauche-a-droite-dans-Excel-2-1.png\",\"contentUrl\":\"https:\/\/exceladvisor.org\/wp-content\/uploads\/2023\/08\/Comment-trier-les-colonnes-de-gauche-a-droite-dans-Excel-2-1.png\"},{\"@type\":\"BreadcrumbList\",\"@id\":\"https:\/\/exceladvisor.org\/tr\/yatay-olarak-sirala\/#breadcrumb\",\"itemListElement\":[{\"@type\":\"ListItem\",\"position\":1,\"name\":\"Ev\",\"item\":\"https:\/\/exceladvisor.org\/tr\/\"},{\"@type\":\"ListItem\",\"position\":2,\"name\":\"Excel&#39;de yatay s\u0131ralama nas\u0131l yap\u0131l\u0131r?\"}]},{\"@type\":\"WebSite\",\"@id\":\"https:\/\/exceladvisor.org\/tr\/#website\",\"url\":\"https:\/\/exceladvisor.org\/tr\/\",\"name\":\"Excel Advisor\",\"description\":\"Veri hakimiyetine y\u00f6nelik nihai rehberiniz!\",\"publisher\":{\"@id\":\"https:\/\/exceladvisor.org\/tr\/#organization\"},\"potentialAction\":[{\"@type\":\"SearchAction\",\"target\":{\"@type\":\"EntryPoint\",\"urlTemplate\":\"https:\/\/exceladvisor.org\/tr\/?s={search_term_string}\"},\"query-input\":{\"@type\":\"PropertyValueSpecification\",\"valueRequired\":true,\"valueName\":\"search_term_string\"}}],\"inLanguage\":\"tr\"},{\"@type\":\"Organization\",\"@id\":\"https:\/\/exceladvisor.org\/tr\/#organization\",\"name\":\"Excel Advisor\",\"url\":\"https:\/\/exceladvisor.org\/tr\/\",\"logo\":{\"@type\":\"ImageObject\",\"inLanguage\":\"tr\",\"@id\":\"https:\/\/exceladvisor.org\/tr\/#\/schema\/logo\/image\/\",\"url\":\"https:\/\/exceladvisor.org\/tr\/wp-content\/uploads\/2023\/12\/exceladvisor.org_.png\",\"contentUrl\":\"https:\/\/exceladvisor.org\/tr\/wp-content\/uploads\/2023\/12\/exceladvisor.org_.png\",\"width\":105,\"height\":36,\"caption\":\"Excel Advisor\"},\"image\":{\"@id\":\"https:\/\/exceladvisor.org\/tr\/#\/schema\/logo\/image\/\"}}]}<\/script>\n<!-- \/ Yoast SEO plugin. -->","yoast_head_json":{"title":"Excel&#39;de yatay s\u0131ralama nas\u0131l yap\u0131l\u0131r? [S\u00fctunlar\u0131 s\u0131ralama]","description":"Excel&#39;deki s\u00fctunlar\u0131 s\u0131ralamak m\u0131 istiyorsunuz? Excel&#39;de s\u00fctunlar\u0131 s\u0131ralamak, verileri soldan sa\u011fa [yatay y\u00f6n] s\u0131ralamak anlam\u0131na gelir.","robots":{"index":"index","follow":"follow","max-snippet":"max-snippet:-1","max-image-preview":"max-image-preview:large","max-video-preview":"max-video-preview:-1"},"canonical":"https:\/\/exceladvisor.org\/tr\/yatay-olarak-sirala\/","og_locale":"tr_TR","og_type":"article","og_title":"Excel&#39;de yatay s\u0131ralama nas\u0131l yap\u0131l\u0131r? [S\u00fctunlar\u0131 s\u0131ralama]","og_description":"Excel&#39;deki s\u00fctunlar\u0131 s\u0131ralamak m\u0131 istiyorsunuz? Excel&#39;de s\u00fctunlar\u0131 s\u0131ralamak, verileri soldan sa\u011fa [yatay y\u00f6n] s\u0131ralamak anlam\u0131na gelir.","og_url":"https:\/\/exceladvisor.org\/tr\/yatay-olarak-sirala\/","og_site_name":"Excel Advisor","article_modified_time":"2023-12-10T06:03:16+00:00","og_image":[{"url":"https:\/\/exceladvisor.org\/wp-content\/uploads\/2023\/08\/Comment-trier-les-colonnes-de-gauche-a-droite-dans-Excel-2-1.png","type":"","width":"","height":""}],"twitter_card":"summary_large_image","twitter_misc":{"Tahmini okuma s\u00fcresi":"2 dakika"},"schema":{"@context":"https:\/\/schema.org","@graph":[{"@type":"WebPage","@id":"https:\/\/exceladvisor.org\/tr\/yatay-olarak-sirala\/","url":"https:\/\/exceladvisor.org\/tr\/yatay-olarak-sirala\/","name":"Excel&#39;de yatay s\u0131ralama nas\u0131l yap\u0131l\u0131r? [S\u00fctunlar\u0131 s\u0131ralama]","isPartOf":{"@id":"https:\/\/exceladvisor.org\/tr\/#website"},"primaryImageOfPage":{"@id":"https:\/\/exceladvisor.org\/tr\/yatay-olarak-sirala\/#primaryimage"},"image":{"@id":"https:\/\/exceladvisor.org\/tr\/yatay-olarak-sirala\/#primaryimage"},"thumbnailUrl":"https:\/\/exceladvisor.org\/wp-content\/uploads\/2023\/08\/Comment-trier-les-colonnes-de-gauche-a-droite-dans-Excel-2-1.png","datePublished":"2023-10-30T10:57:01+00:00","dateModified":"2023-12-10T06:03:16+00:00","description":"Excel&#39;deki s\u00fctunlar\u0131 s\u0131ralamak m\u0131 istiyorsunuz? Excel&#39;de s\u00fctunlar\u0131 s\u0131ralamak, verileri soldan sa\u011fa [yatay y\u00f6n] s\u0131ralamak anlam\u0131na gelir.","breadcrumb":{"@id":"https:\/\/exceladvisor.org\/tr\/yatay-olarak-sirala\/#breadcrumb"},"inLanguage":"tr","potentialAction":[{"@type":"ReadAction","target":["https:\/\/exceladvisor.org\/tr\/yatay-olarak-sirala\/"]}]},{"@type":"ImageObject","inLanguage":"tr","@id":"https:\/\/exceladvisor.org\/tr\/yatay-olarak-sirala\/#primaryimage","url":"https:\/\/exceladvisor.org\/wp-content\/uploads\/2023\/08\/Comment-trier-les-colonnes-de-gauche-a-droite-dans-Excel-2-1.png","contentUrl":"https:\/\/exceladvisor.org\/wp-content\/uploads\/2023\/08\/Comment-trier-les-colonnes-de-gauche-a-droite-dans-Excel-2-1.png"},{"@type":"BreadcrumbList","@id":"https:\/\/exceladvisor.org\/tr\/yatay-olarak-sirala\/#breadcrumb","itemListElement":[{"@type":"ListItem","position":1,"name":"Ev","item":"https:\/\/exceladvisor.org\/tr\/"},{"@type":"ListItem","position":2,"name":"Excel&#39;de yatay s\u0131ralama nas\u0131l yap\u0131l\u0131r?"}]},{"@type":"WebSite","@id":"https:\/\/exceladvisor.org\/tr\/#website","url":"https:\/\/exceladvisor.org\/tr\/","name":"Excel Advisor","description":"Veri hakimiyetine y\u00f6nelik nihai rehberiniz!","publisher":{"@id":"https:\/\/exceladvisor.org\/tr\/#organization"},"potentialAction":[{"@type":"SearchAction","target":{"@type":"EntryPoint","urlTemplate":"https:\/\/exceladvisor.org\/tr\/?s={search_term_string}"},"query-input":{"@type":"PropertyValueSpecification","valueRequired":true,"valueName":"search_term_string"}}],"inLanguage":"tr"},{"@type":"Organization","@id":"https:\/\/exceladvisor.org\/tr\/#organization","name":"Excel Advisor","url":"https:\/\/exceladvisor.org\/tr\/","logo":{"@type":"ImageObject","inLanguage":"tr","@id":"https:\/\/exceladvisor.org\/tr\/#\/schema\/logo\/image\/","url":"https:\/\/exceladvisor.org\/tr\/wp-content\/uploads\/2023\/12\/exceladvisor.org_.png","contentUrl":"https:\/\/exceladvisor.org\/tr\/wp-content\/uploads\/2023\/12\/exceladvisor.org_.png","width":105,"height":36,"caption":"Excel Advisor"},"image":{"@id":"https:\/\/exceladvisor.org\/tr\/#\/schema\/logo\/image\/"}}]}},"yoast_meta":{"yoast_wpseo_title":"","yoast_wpseo_metadesc":"","yoast_wpseo_canonical":""},"_links":{"self":[{"href":"https:\/\/exceladvisor.org\/tr\/wp-json\/wp\/v2\/pages\/1875","targetHints":{"allow":["GET"]}}],"collection":[{"href":"https:\/\/exceladvisor.org\/tr\/wp-json\/wp\/v2\/pages"}],"about":[{"href":"https:\/\/exceladvisor.org\/tr\/wp-json\/wp\/v2\/types\/page"}],"author":[{"embeddable":true,"href":"https:\/\/exceladvisor.org\/tr\/wp-json\/wp\/v2\/users\/1"}],"replies":[{"embeddable":true,"href":"https:\/\/exceladvisor.org\/tr\/wp-json\/wp\/v2\/comments?post=1875"}],"version-history":[{"count":1,"href":"https:\/\/exceladvisor.org\/tr\/wp-json\/wp\/v2\/pages\/1875\/revisions"}],"predecessor-version":[{"id":2644,"href":"https:\/\/exceladvisor.org\/tr\/wp-json\/wp\/v2\/pages\/1875\/revisions\/2644"}],"wp:attachment":[{"href":"https:\/\/exceladvisor.org\/tr\/wp-json\/wp\/v2\/media?parent=1875"}],"curies":[{"name":"wp","href":"https:\/\/api.w.org\/{rel}","templated":true}]}}