{"id":1876,"date":"2023-10-30T10:51:51","date_gmt":"2023-10-30T10:51:51","guid":{"rendered":"https:\/\/exceladvisor.org\/tr\/kamera-araci\/"},"modified":"2023-12-10T05:59:13","modified_gmt":"2023-12-10T05:59:13","slug":"kamera-araci","status":"publish","type":"page","link":"https:\/\/exceladvisor.org\/tr\/kamera-araci\/","title":{"rendered":"Canl\u0131 g\u00f6r\u00fcnt\u00fcler i\u00e7in excel kamera arac\u0131 nas\u0131l kullan\u0131l\u0131r?"},"content":{"rendered":"<div class=\"excel-icerikten-once\" id=\"excel-4263488542\"><script type=\"text\/javascript\">\r\n\tatOptions = {\r\n\t\t'key' : 'c1158f160081d6540a8409e6925dab94',\r\n\t\t'format' : 'iframe',\r\n\t\t'height' : 250,\r\n\t\t'width' : 300,\r\n\t\t'params' : {}\r\n\t};\r\n<\/script>\r\n<script type=\"text\/javascript\" src=\"\/\/www.highperformanceformat.com\/c1158f160081d6540a8409e6925dab94\/invoke.js\"><\/script><\/div> <p>Excel&#8217;in Kamera arac\u0131, tek t\u0131klamayla bir h\u00fccrenin veya h\u00fccre aral\u0131\u011f\u0131n\u0131n canl\u0131 g\u00f6r\u00fcnt\u00fcs\u00fcn\u00fc olu\u015fturman\u0131za yard\u0131mc\u0131 olabilir. Bu yaz\u0131mda sizlere Excel&#8217;de kamera arac\u0131n\u0131 nas\u0131l kullanabilece\u011finizi ve kolayca canl\u0131 g\u00f6r\u00fcnt\u00fcler olu\u015fturabilece\u011finizi g\u00f6stermek istiyorum. Ba\u015flayal\u0131m.<\/p><h2 id=\"tab-con-1\" class=\"wp-block-heading\"> Excel&#8217;in kamera arac\u0131 nedir<\/h2><p> Excel&#8217;in Kamera arac\u0131, bir aral\u0131\u011f\u0131 kopyalaman\u0131za ve bunun canl\u0131 bir g\u00f6r\u00fcnt\u00fcs\u00fcn\u00fc olu\u015fturman\u0131za yard\u0131mc\u0131 olur. Bu resmi e-tablonuzun herhangi bir yerine yap\u0131\u015ft\u0131rabilirsiniz. Bu canl\u0131 bir g\u00f6r\u00fcnt\u00fc oldu\u011fundan orijinal aral\u0131\u011f\u0131n\u0131zda herhangi bir de\u011fi\u015fiklik yaparsan\u0131z bu da g\u00f6r\u00fcnt\u00fcye yans\u0131yacakt\u0131r. <\/p><div class=\"wp-block-image\"><figure class=\"aligncenter\"><img decoding=\"async\" src=\"https:\/\/exceladvisor.org\/wp-content\/uploads\/2023\/08\/Copier-la-plage-avec-loutil-de-camera-Excel.gif\" sizes=\"\" srcset=\"\" alt=\"excel kamera arac\u0131yla canl\u0131 g\u00f6r\u00fcnt\u00fc\"><\/figure><\/div><h2 id=\"tab-con-2\" class=\"wp-block-heading\"> Kamera arac\u0131n\u0131 etkinle\u015ftir<\/h2><p> Kamera arac\u0131 Excel \u015feridinin hi\u00e7bir yerinde listelenmedi\u011finden, kullanmadan \u00f6nce onu <a href=\"https:\/\/exceladvisor.org\/tr\/hizli-erisim-cubugu\/\">H\u0131zl\u0131 Eri\u015fim Ara\u00e7 \u00c7ubu\u011funa<\/a> eklememiz gerekir. Bu basit ad\u0131mlar\u0131 izleyin.<\/p><ul><li> H\u0131zl\u0131 Eri\u015fim Ara\u00e7 \u00c7ubu\u011funuzda a\u015fa\u011f\u0131 oku t\u0131klay\u0131n. <\/li><\/ul><div class=\"wp-block-image\"><figure class=\"aligncenter\"><img decoding=\"async\" src=\"https:\/\/exceladvisor.org\/wp-content\/uploads\/2023\/08\/Activer-loutil-de-camera-Excel-a-partir-de-la-barre-doutils-dacces-rapide-1.png\" sizes=\"\" srcset=\"\" alt=\"H\u0131zl\u0131 Eri\u015fim Ara\u00e7 \u00c7ubu\u011fundan Excel Kamera Arac\u0131n\u0131 Etkinle\u015ftirme\"><\/figure><\/div><ul><li> Bir a\u00e7\u0131l\u0131r men\u00fc alacaks\u0131n\u0131z. Daha fazla sipari\u015fe t\u0131klay\u0131n. <\/li><\/ul><div class=\"wp-block-image\"><figure class=\"aligncenter\"><img decoding=\"async\" src=\"https:\/\/exceladvisor.org\/wp-content\/uploads\/2023\/08\/Menu-de-la-barre-doutils-dacces-rapide-pour-ajouter-loutil-de-camera-Excel.png\" sizes=\"\" srcset=\"\" alt=\"Excel kamera arac\u0131 eklemek i\u00e7in h\u0131zl\u0131 eri\u015fim ara\u00e7 \u00e7ubu\u011fu men\u00fcs\u00fc\"><\/figure><\/div><ul><li> \u015eimdi Excel se\u00e7eneklerinde, \u201cKomutlar\u0131 se\u00e7\u201d b\u00f6l\u00fcm\u00fcndeki t\u00fcm komutlar\u0131 se\u00e7in. Listeden bir kamera se\u00e7in ve onu H\u0131zl\u0131 Eri\u015fim Ara\u00e7 \u00c7ubu\u011funa ekleyin. <\/li><\/ul><div class=\"wp-block-image\"><figure class=\"aligncenter\"><img decoding=\"async\" src=\"https:\/\/exceladvisor.org\/wp-content\/uploads\/2023\/08\/Cliquez-sur-OK-pour-ajouter-loutil-de-camera-Excel-a-la-barre-doutils-dacces-rapide-1.png\" sizes=\"\" srcset=\"\" alt=\"Excel kamera arac\u0131n\u0131 H\u0131zl\u0131 Eri\u015fim Ara\u00e7 \u00c7ubu\u011funa eklemek i\u00e7in Tamam'\u0131 t\u0131klay\u0131n.\"><\/figure><\/div><ul><li> Tamam&#8217;\u0131 t\u0131klay\u0131n.<\/li><\/ul><p> Art\u0131k H\u0131zl\u0131 Eri\u015fim Ara\u00e7 \u00c7ubu\u011fu&#8217;nda bir kamera simgeniz var. <\/p><div class=\"wp-block-image\"><figure class=\"aligncenter\"><img decoding=\"async\" src=\"https:\/\/exceladvisor.org\/wp-content\/uploads\/2023\/08\/ajouter-loutil-camera-a-la-barre-doutils-dacces-rapide-1.png\" sizes=\"\" srcset=\"\" alt=\"kamera arac\u0131n\u0131 h\u0131zl\u0131 eri\u015fim ara\u00e7 \u00e7ubu\u011funa ekleyin\"><\/figure><\/div><h2 id=\"tab-con-3\" class=\"wp-block-heading\"> Bu nas\u0131l kullan\u0131l\u0131r<\/h2><p> Excel&#8217;in kamera arac\u0131n\u0131 kullanmak, kamerayla bir resme t\u0131klamak kadar kolayd\u0131r. E-tablonuzda canl\u0131 bir g\u00f6r\u00fcnt\u00fc olu\u015fturmak i\u00e7in bu basit ad\u0131mlar\u0131 uygulaman\u0131z yeterlidir.<\/p><ol><li> Canl\u0131 bir g\u00f6r\u00fcnt\u00fc olu\u015fturmak istedi\u011finiz aral\u0131\u011f\u0131 se\u00e7in.<\/li><li> H\u0131zl\u0131 Eri\u015fim Ara\u00e7 \u00c7ubu\u011funuzda kamera simgesini t\u0131klay\u0131n.<\/li><li> \u0130mleciniz art\u0131 simgesine d\u00f6n\u00fc\u015fecektir.<\/li><li> \u015eimdi e-tablonuzda canl\u0131 g\u00f6rselinizi eklemek istedi\u011finiz yeri t\u0131klay\u0131n. <\/li><\/ol><div class=\"wp-block-image\"><figure class=\"aligncenter\"><img decoding=\"async\" src=\"https:\/\/exceladvisor.org\/wp-content\/uploads\/2023\/08\/Creer-une-table-dimages-liees-avec-Excel-Camera-Tool.gif\" sizes=\"\" srcset=\"\" alt=\"Excel Kamera Arac\u0131yla ba\u011flant\u0131l\u0131 bir g\u00f6r\u00fcnt\u00fc tablosu olu\u015fturun\"><\/figure><\/div><h2 id=\"tab-con-4\" class=\"wp-block-heading\"> Kamera arac\u0131n\u0131 kullanma \u00f6rnekleri<\/h2><p> Burada, e-tablonuzda canl\u0131 g\u00f6r\u00fcnt\u00fcler olu\u015fturmak i\u00e7in bir kamera arac\u0131 kullanman\u0131n baz\u0131 ilham verici \u00f6rneklerini listeledim.<\/p><h3 id=\"tab-con-6\" class=\"wp-block-heading\"> 1. Kontrol panelinize h\u00fccre grafikleri ekleyin<\/h3><p> H\u00fccre grafiklerinin b\u00fcy\u00fck bir hayran\u0131y\u0131m, ancak h\u00fccre grafiklerinin en zor k\u0131sm\u0131 onlar\u0131 kontrol paneline eklemektir. Bu y\u00fczden, bunlar\u0131 kontrol panellerine eklemek \u00fczere canl\u0131 bir g\u00f6r\u00fcnt\u00fc olu\u015fturmak i\u00e7in bir kamera arac\u0131 kullan\u0131yorum. <\/p><div class=\"wp-block-image\"><figure class=\"aligncenter\"><img decoding=\"async\" src=\"https:\/\/exceladvisor.org\/wp-content\/uploads\/2023\/08\/Creer-une-image-liee-avec-Excel-Camera-Tool.gif\" sizes=\"\" srcset=\"\" alt=\"Excel Kamera Arac\u0131yla ba\u011flant\u0131l\u0131 bir g\u00f6r\u00fcnt\u00fc olu\u015fturun\"><\/figure><\/div><p> Bu y\u00f6ntem bana \u00e7ok yard\u0131mc\u0131 oluyor \u00e7\u00fcnk\u00fc grafi\u011fin boyutunu de\u011fi\u015ftirebiliyorum.<\/p><h3 id=\"tab-con-7\" class=\"wp-block-heading\"> 2. Kontrol paneline veri tablolar\u0131 ekleyin<\/h3><p> Veri tablolar\u0131n\u0131n canl\u0131 g\u00f6r\u00fcnt\u00fclerini eklemek i\u00e7in de kullanabilirsiniz. Bazen veri tablolar\u0131 kontrol panelimizde \u00e7ok fazla yer kaplar. Kontrol panellerimize canl\u0131 verilerin anl\u0131k g\u00f6r\u00fcnt\u00fcs\u00fcn\u00fc ekleyebiliriz. <\/p><div class=\"wp-block-image\"><figure class=\"aligncenter\"><img decoding=\"async\" src=\"https:\/\/exceladvisor.org\/wp-content\/uploads\/2023\/08\/Creer-une-image-du-tableau-de-donnees-avec-loutil-de-camera-Excel.gif\" sizes=\"\" srcset=\"\" alt=\"Excel kamera arac\u0131yla veri tablosunun g\u00f6r\u00fcnt\u00fcs\u00fcn\u00fc olu\u015fturun\"><\/figure><\/div><p> Kontrol panelinde mevcut olan alana ba\u011fl\u0131 olarak veri tablosunun boyutunu de\u011fi\u015ftirebilirsiniz.<\/p><h3 id=\"tab-con-8\" class=\"wp-block-heading\"> 3. \u00d6nemli H\u00fccrelerin \u0130zlenmesi<\/h3><p> Diyelim ki kontrol paneliniz ile ilgili \u00f6nemli h\u00fccreleriniz var. Ve t\u00fcm h\u00fccreler farkl\u0131 \u00e7al\u0131\u015fma sayfalar\u0131ndad\u0131r ve <a href=\"https:\/\/exceladvisor.org\/tr\/pencereyi-izle\/\">siz onlar\u0131 izlemek istersiniz<\/a> .<\/p><p> Bunu yapman\u0131n en iyi yolu, t\u00fcm \u00f6nemli h\u00fccrelerin canl\u0131 g\u00f6r\u00fcnt\u00fclerini olu\u015fturmak ve bunlar\u0131 tek bir e-tabloya veya ana kontrol panelinize yerle\u015ftirmektir. <\/p><div class=\"wp-block-image\"><figure class=\"aligncenter\"><img decoding=\"async\" src=\"https:\/\/exceladvisor.org\/wp-content\/uploads\/2023\/08\/Image-en-direct-avec-les-outils-de-camera-Excel.png\" sizes=\"\" srcset=\"\" alt=\"Excel kamera ara\u00e7lar\u0131yla canl\u0131 g\u00f6r\u00fcnt\u00fc\"><\/figure><\/div><p> Ve hepsinden \u00f6nemlisi, kullan\u0131c\u0131 bu g\u00f6r\u00fcnt\u00fcleri canl\u0131 olarak d\u00fczenleyemez.<\/p><h2 id=\"tab-con-5\" class=\"wp-block-heading\"> \u00d6nemli nokta<\/h2><p> En \u00f6nemli nokta, bir g\u00f6rselin konumunu bir \u00e7al\u0131\u015fma sayfas\u0131ndan di\u011ferine de\u011fi\u015ftirdi\u011finizde, mevcut \u00e7al\u0131\u015fma sayfas\u0131na olan ba\u011flant\u0131n\u0131n da de\u011fi\u015fmesidir.<\/p><p> Diyelim ki Sheet1&#8217;de A1:B5 aral\u0131\u011f\u0131na ili\u015fkin bir g\u00f6rseliniz var. \u015eimdi bu g\u00f6r\u00fcnt\u00fcy\u00fc sayfa1&#8217;den sayfa2&#8217;ye ta\u015f\u0131d\u0131\u011f\u0131n\u0131zda, ba\u011flant\u0131s\u0131 sayfa1&#8217;den sayfa2&#8217;ye de\u011fi\u015fecektir<\/p><p> Bu soruna \u00e7\u00f6z\u00fcm bulmak i\u00e7in l\u00fctfen a\u015fa\u011f\u0131daki basit ad\u0131mlar\u0131 izleyin.<\/p><ul><li> Ba\u011flant\u0131l\u0131 bir g\u00f6rsel olu\u015fturduktan sonra onu se\u00e7meniz yeterlidir.<\/li><li> Form\u00fcl \u00e7ubu\u011funa t\u0131klay\u0131n, ba\u011flant\u0131l\u0131 g\u00f6rseli olu\u015fturdu\u011funuz adres aral\u0131\u011f\u0131na sahip olacaks\u0131n\u0131z.<\/li><li> \u00c7al\u0131\u015fma sayfas\u0131 ad\u0131n\u0131 aral\u0131k adresinden \u00f6nce ekleyin. <\/li><\/ul><div class=\"wp-block-image\"><figure class=\"aligncenter\"><img decoding=\"async\" src=\"https:\/\/exceladvisor.org\/wp-content\/uploads\/2023\/08\/Modifier-ladresse-de-cellule-pour-limage-liee-creee-avec-loutil-de-camera-Excel.png\" sizes=\"\" srcset=\"\" alt=\"Excel kamera arac\u0131yla olu\u015fturulan ba\u011flant\u0131l\u0131 g\u00f6r\u00fcnt\u00fcn\u00fcn h\u00fccre adresini de\u011fi\u015ftirin\"><\/figure><\/div><ul><li> Enter tu\u015funa bas\u0131n.<\/li><\/ul><h2 class=\"wp-block-heading\"> \u00c7\u00f6z\u00fcm<\/h2><p> Bu kamera arac\u0131 m\u00fckemmel. Bir aral\u0131k se\u00e7in ve g\u00f6r\u00fcnt\u00fcy\u00fc yap\u0131\u015ft\u0131rmak istedi\u011finiz yere t\u0131klay\u0131n. Evet, bu o. G\u00f6r\u00fcnt\u00fcleri yap\u0131\u015ft\u0131rmak i\u00e7in \u00f6zel yap\u0131\u015ft\u0131rma se\u00e7ene\u011fiyle kar\u015f\u0131la\u015ft\u0131rsan\u0131z bile, \u00e7ok daha h\u0131zl\u0131 bulacaks\u0131n\u0131z (k\u0131sayol tu\u015flar\u0131n\u0131 kullanmazsan\u0131z).<\/p><p> Bu kamera arac\u0131n\u0131n becerilerinizi bir sonraki seviyeye ta\u015f\u0131man\u0131za yard\u0131mc\u0131 olaca\u011f\u0131n\u0131 umuyoruz.<\/p><p> \u015eimdi bana bir \u015fey s\u00f6yle. Bu kamera arac\u0131n\u0131 daha \u00f6nce hi\u00e7 kulland\u0131n\u0131z m\u0131? E-tablolar\u0131n\u0131zda ba\u011flant\u0131l\u0131 g\u00f6rseller kullan\u0131yor musunuz?<\/p><p> L\u00fctfen yorum k\u0131sm\u0131nda d\u00fc\u015f\u00fcncelerinizi benimle payla\u015f\u0131n, sizden haber almay\u0131 \u00e7ok isterim. Ve bu ipucunu arkada\u015flar\u0131n\u0131zla payla\u015fmay\u0131 unutmay\u0131n. Eminim bu konuyu bilmiyorlar.<\/p><div class=\"gb-container gb-container-4db6181c gb-container-mt\"> <a class=\"gb-button gb-button-c5897111 gb-button-text gb-button-mt-button\" href=\"https:\/\/exceladvisor.org\/tr\/excel-ilerlemesi\/\">\u0130leri Excel Dersleri<\/a><h2 class=\"gb-headline gb-headline-665e5f6b gb-headline-text gb-headline-mt-heading\"> \u0130lgili e\u011fitimler <\/h2><div class=\"gb-grid-wrapper gb-grid-wrapper-a20baf7c gb-grid-wrapper-mt-grid\"><div class=\"gb-grid-column gb-grid-column-65ddf67e\"><div class=\"gb-container gb-container-65ddf67e\"><ul><li> <a href=\"https:\/\/exceladvisor.org\/tr\/hedef-aramak\/\">Excel&#8217;de Hedef Bulucu<\/a><\/li><li> <a href=\"https:\/\/exceladvisor.org\/tr\/pencereyi-izle\/\">Excel&#8217;de pencereyi izle<\/a><\/li><li> <a href=\"https:\/\/exceladvisor.org\/tr\/excel-dilimleyici\/\">Excel Dilimleyici (Tam K\u0131lavuz)<\/a><\/li><li> <a href=\"https:\/\/exceladvisor.org\/tr\/macta-varsayilan-olarak-excel\/\">Mac&#8217;te Excel&#8217;i Varsay\u0131lan Yap\u0131n<\/a><\/li><li> <a href=\"https:\/\/exceladvisor.org\/tr\/excel-guvenli-mod\/\">Excel&#8217;i G\u00fcvenli Modda a\u00e7\u0131n<\/a><\/li><\/ul><\/div><\/div><\/div><\/div>","protected":false},"excerpt":{"rendered":"","protected":false},"author":1,"featured_media":0,"parent":0,"menu_order":0,"comment_status":"open","ping_status":"closed","template":"","meta":{"ub_ctt_via":"","footnotes":""},"class_list":["post-1876","page","type-page","status-publish","hentry"],"featured_image_src":null,"yoast_head":"<!-- This site is optimized with the Yoast SEO plugin v25.4 - https:\/\/yoast.com\/wordpress\/plugins\/seo\/ -->\n<title>Canl\u0131 g\u00f6r\u00fcnt\u00fcler i\u00e7in Excel kamera arac\u0131 nas\u0131l kullan\u0131l\u0131r?<\/title>\n<meta name=\"description\" content=\"Ak\u0131ll\u0131 kontrol panelleri olu\u015fturman\u0131za yard\u0131mc\u0131 olacak Excel&#039;deki Kamera arac\u0131n\u0131 nas\u0131l kullanaca\u011f\u0131n\u0131z\u0131 \u00f6\u011frenin.\" \/>\n<meta name=\"robots\" content=\"index, follow, max-snippet:-1, max-image-preview:large, max-video-preview:-1\" \/>\n<link rel=\"canonical\" href=\"https:\/\/exceladvisor.org\/tr\/kamera-araci\/\" \/>\n<meta property=\"og:locale\" content=\"tr_TR\" \/>\n<meta property=\"og:type\" content=\"article\" \/>\n<meta property=\"og:title\" content=\"Canl\u0131 g\u00f6r\u00fcnt\u00fcler i\u00e7in Excel kamera arac\u0131 nas\u0131l kullan\u0131l\u0131r?\" \/>\n<meta property=\"og:description\" content=\"Ak\u0131ll\u0131 kontrol panelleri olu\u015fturman\u0131za yard\u0131mc\u0131 olacak Excel&#039;deki Kamera arac\u0131n\u0131 nas\u0131l kullanaca\u011f\u0131n\u0131z\u0131 \u00f6\u011frenin.\" \/>\n<meta property=\"og:url\" content=\"https:\/\/exceladvisor.org\/tr\/kamera-araci\/\" \/>\n<meta property=\"og:site_name\" content=\"Excel Advisor\" \/>\n<meta property=\"article:modified_time\" content=\"2023-12-10T05:59:13+00:00\" \/>\n<meta property=\"og:image\" content=\"https:\/\/exceladvisor.org\/wp-content\/uploads\/2023\/08\/Copier-la-plage-avec-loutil-de-camera-Excel.gif\" \/>\n<meta name=\"twitter:card\" content=\"summary_large_image\" \/>\n<meta name=\"twitter:label1\" content=\"Tahmini okuma s\u00fcresi\" \/>\n\t<meta name=\"twitter:data1\" content=\"4 dakika\" \/>\n<script type=\"application\/ld+json\" class=\"yoast-schema-graph\">{\"@context\":\"https:\/\/schema.org\",\"@graph\":[{\"@type\":\"WebPage\",\"@id\":\"https:\/\/exceladvisor.org\/tr\/kamera-araci\/\",\"url\":\"https:\/\/exceladvisor.org\/tr\/kamera-araci\/\",\"name\":\"Canl\u0131 g\u00f6r\u00fcnt\u00fcler i\u00e7in Excel kamera arac\u0131 nas\u0131l kullan\u0131l\u0131r?\",\"isPartOf\":{\"@id\":\"https:\/\/exceladvisor.org\/tr\/#website\"},\"primaryImageOfPage\":{\"@id\":\"https:\/\/exceladvisor.org\/tr\/kamera-araci\/#primaryimage\"},\"image\":{\"@id\":\"https:\/\/exceladvisor.org\/tr\/kamera-araci\/#primaryimage\"},\"thumbnailUrl\":\"https:\/\/exceladvisor.org\/wp-content\/uploads\/2023\/08\/Copier-la-plage-avec-loutil-de-camera-Excel.gif\",\"datePublished\":\"2023-10-30T10:51:51+00:00\",\"dateModified\":\"2023-12-10T05:59:13+00:00\",\"description\":\"Ak\u0131ll\u0131 kontrol panelleri olu\u015fturman\u0131za yard\u0131mc\u0131 olacak Excel&#39;deki Kamera arac\u0131n\u0131 nas\u0131l kullanaca\u011f\u0131n\u0131z\u0131 \u00f6\u011frenin.\",\"breadcrumb\":{\"@id\":\"https:\/\/exceladvisor.org\/tr\/kamera-araci\/#breadcrumb\"},\"inLanguage\":\"tr\",\"potentialAction\":[{\"@type\":\"ReadAction\",\"target\":[\"https:\/\/exceladvisor.org\/tr\/kamera-araci\/\"]}]},{\"@type\":\"ImageObject\",\"inLanguage\":\"tr\",\"@id\":\"https:\/\/exceladvisor.org\/tr\/kamera-araci\/#primaryimage\",\"url\":\"https:\/\/exceladvisor.org\/wp-content\/uploads\/2023\/08\/Copier-la-plage-avec-loutil-de-camera-Excel.gif\",\"contentUrl\":\"https:\/\/exceladvisor.org\/wp-content\/uploads\/2023\/08\/Copier-la-plage-avec-loutil-de-camera-Excel.gif\"},{\"@type\":\"BreadcrumbList\",\"@id\":\"https:\/\/exceladvisor.org\/tr\/kamera-araci\/#breadcrumb\",\"itemListElement\":[{\"@type\":\"ListItem\",\"position\":1,\"name\":\"Ev\",\"item\":\"https:\/\/exceladvisor.org\/tr\/\"},{\"@type\":\"ListItem\",\"position\":2,\"name\":\"Canl\u0131 g\u00f6r\u00fcnt\u00fcler i\u00e7in excel kamera arac\u0131 nas\u0131l kullan\u0131l\u0131r?\"}]},{\"@type\":\"WebSite\",\"@id\":\"https:\/\/exceladvisor.org\/tr\/#website\",\"url\":\"https:\/\/exceladvisor.org\/tr\/\",\"name\":\"Excel Advisor\",\"description\":\"Veri hakimiyetine y\u00f6nelik nihai rehberiniz!\",\"publisher\":{\"@id\":\"https:\/\/exceladvisor.org\/tr\/#organization\"},\"potentialAction\":[{\"@type\":\"SearchAction\",\"target\":{\"@type\":\"EntryPoint\",\"urlTemplate\":\"https:\/\/exceladvisor.org\/tr\/?s={search_term_string}\"},\"query-input\":{\"@type\":\"PropertyValueSpecification\",\"valueRequired\":true,\"valueName\":\"search_term_string\"}}],\"inLanguage\":\"tr\"},{\"@type\":\"Organization\",\"@id\":\"https:\/\/exceladvisor.org\/tr\/#organization\",\"name\":\"Excel Advisor\",\"url\":\"https:\/\/exceladvisor.org\/tr\/\",\"logo\":{\"@type\":\"ImageObject\",\"inLanguage\":\"tr\",\"@id\":\"https:\/\/exceladvisor.org\/tr\/#\/schema\/logo\/image\/\",\"url\":\"https:\/\/exceladvisor.org\/tr\/wp-content\/uploads\/2023\/12\/exceladvisor.org_.png\",\"contentUrl\":\"https:\/\/exceladvisor.org\/tr\/wp-content\/uploads\/2023\/12\/exceladvisor.org_.png\",\"width\":105,\"height\":36,\"caption\":\"Excel Advisor\"},\"image\":{\"@id\":\"https:\/\/exceladvisor.org\/tr\/#\/schema\/logo\/image\/\"}}]}<\/script>\n<!-- \/ Yoast SEO plugin. -->","yoast_head_json":{"title":"Canl\u0131 g\u00f6r\u00fcnt\u00fcler i\u00e7in Excel kamera arac\u0131 nas\u0131l kullan\u0131l\u0131r?","description":"Ak\u0131ll\u0131 kontrol panelleri olu\u015fturman\u0131za yard\u0131mc\u0131 olacak Excel&#39;deki Kamera arac\u0131n\u0131 nas\u0131l kullanaca\u011f\u0131n\u0131z\u0131 \u00f6\u011frenin.","robots":{"index":"index","follow":"follow","max-snippet":"max-snippet:-1","max-image-preview":"max-image-preview:large","max-video-preview":"max-video-preview:-1"},"canonical":"https:\/\/exceladvisor.org\/tr\/kamera-araci\/","og_locale":"tr_TR","og_type":"article","og_title":"Canl\u0131 g\u00f6r\u00fcnt\u00fcler i\u00e7in Excel kamera arac\u0131 nas\u0131l kullan\u0131l\u0131r?","og_description":"Ak\u0131ll\u0131 kontrol panelleri olu\u015fturman\u0131za yard\u0131mc\u0131 olacak Excel&#39;deki Kamera arac\u0131n\u0131 nas\u0131l kullanaca\u011f\u0131n\u0131z\u0131 \u00f6\u011frenin.","og_url":"https:\/\/exceladvisor.org\/tr\/kamera-araci\/","og_site_name":"Excel Advisor","article_modified_time":"2023-12-10T05:59:13+00:00","og_image":[{"url":"https:\/\/exceladvisor.org\/wp-content\/uploads\/2023\/08\/Copier-la-plage-avec-loutil-de-camera-Excel.gif","type":"","width":"","height":""}],"twitter_card":"summary_large_image","twitter_misc":{"Tahmini okuma s\u00fcresi":"4 dakika"},"schema":{"@context":"https:\/\/schema.org","@graph":[{"@type":"WebPage","@id":"https:\/\/exceladvisor.org\/tr\/kamera-araci\/","url":"https:\/\/exceladvisor.org\/tr\/kamera-araci\/","name":"Canl\u0131 g\u00f6r\u00fcnt\u00fcler i\u00e7in Excel kamera arac\u0131 nas\u0131l kullan\u0131l\u0131r?","isPartOf":{"@id":"https:\/\/exceladvisor.org\/tr\/#website"},"primaryImageOfPage":{"@id":"https:\/\/exceladvisor.org\/tr\/kamera-araci\/#primaryimage"},"image":{"@id":"https:\/\/exceladvisor.org\/tr\/kamera-araci\/#primaryimage"},"thumbnailUrl":"https:\/\/exceladvisor.org\/wp-content\/uploads\/2023\/08\/Copier-la-plage-avec-loutil-de-camera-Excel.gif","datePublished":"2023-10-30T10:51:51+00:00","dateModified":"2023-12-10T05:59:13+00:00","description":"Ak\u0131ll\u0131 kontrol panelleri olu\u015fturman\u0131za yard\u0131mc\u0131 olacak Excel&#39;deki Kamera arac\u0131n\u0131 nas\u0131l kullanaca\u011f\u0131n\u0131z\u0131 \u00f6\u011frenin.","breadcrumb":{"@id":"https:\/\/exceladvisor.org\/tr\/kamera-araci\/#breadcrumb"},"inLanguage":"tr","potentialAction":[{"@type":"ReadAction","target":["https:\/\/exceladvisor.org\/tr\/kamera-araci\/"]}]},{"@type":"ImageObject","inLanguage":"tr","@id":"https:\/\/exceladvisor.org\/tr\/kamera-araci\/#primaryimage","url":"https:\/\/exceladvisor.org\/wp-content\/uploads\/2023\/08\/Copier-la-plage-avec-loutil-de-camera-Excel.gif","contentUrl":"https:\/\/exceladvisor.org\/wp-content\/uploads\/2023\/08\/Copier-la-plage-avec-loutil-de-camera-Excel.gif"},{"@type":"BreadcrumbList","@id":"https:\/\/exceladvisor.org\/tr\/kamera-araci\/#breadcrumb","itemListElement":[{"@type":"ListItem","position":1,"name":"Ev","item":"https:\/\/exceladvisor.org\/tr\/"},{"@type":"ListItem","position":2,"name":"Canl\u0131 g\u00f6r\u00fcnt\u00fcler i\u00e7in excel kamera arac\u0131 nas\u0131l kullan\u0131l\u0131r?"}]},{"@type":"WebSite","@id":"https:\/\/exceladvisor.org\/tr\/#website","url":"https:\/\/exceladvisor.org\/tr\/","name":"Excel Advisor","description":"Veri hakimiyetine y\u00f6nelik nihai rehberiniz!","publisher":{"@id":"https:\/\/exceladvisor.org\/tr\/#organization"},"potentialAction":[{"@type":"SearchAction","target":{"@type":"EntryPoint","urlTemplate":"https:\/\/exceladvisor.org\/tr\/?s={search_term_string}"},"query-input":{"@type":"PropertyValueSpecification","valueRequired":true,"valueName":"search_term_string"}}],"inLanguage":"tr"},{"@type":"Organization","@id":"https:\/\/exceladvisor.org\/tr\/#organization","name":"Excel Advisor","url":"https:\/\/exceladvisor.org\/tr\/","logo":{"@type":"ImageObject","inLanguage":"tr","@id":"https:\/\/exceladvisor.org\/tr\/#\/schema\/logo\/image\/","url":"https:\/\/exceladvisor.org\/tr\/wp-content\/uploads\/2023\/12\/exceladvisor.org_.png","contentUrl":"https:\/\/exceladvisor.org\/tr\/wp-content\/uploads\/2023\/12\/exceladvisor.org_.png","width":105,"height":36,"caption":"Excel Advisor"},"image":{"@id":"https:\/\/exceladvisor.org\/tr\/#\/schema\/logo\/image\/"}}]}},"yoast_meta":{"yoast_wpseo_title":"","yoast_wpseo_metadesc":"","yoast_wpseo_canonical":""},"_links":{"self":[{"href":"https:\/\/exceladvisor.org\/tr\/wp-json\/wp\/v2\/pages\/1876","targetHints":{"allow":["GET"]}}],"collection":[{"href":"https:\/\/exceladvisor.org\/tr\/wp-json\/wp\/v2\/pages"}],"about":[{"href":"https:\/\/exceladvisor.org\/tr\/wp-json\/wp\/v2\/types\/page"}],"author":[{"embeddable":true,"href":"https:\/\/exceladvisor.org\/tr\/wp-json\/wp\/v2\/users\/1"}],"replies":[{"embeddable":true,"href":"https:\/\/exceladvisor.org\/tr\/wp-json\/wp\/v2\/comments?post=1876"}],"version-history":[{"count":1,"href":"https:\/\/exceladvisor.org\/tr\/wp-json\/wp\/v2\/pages\/1876\/revisions"}],"predecessor-version":[{"id":2304,"href":"https:\/\/exceladvisor.org\/tr\/wp-json\/wp\/v2\/pages\/1876\/revisions\/2304"}],"wp:attachment":[{"href":"https:\/\/exceladvisor.org\/tr\/wp-json\/wp\/v2\/media?parent=1876"}],"curies":[{"name":"wp","href":"https:\/\/api.w.org\/{rel}","templated":true}]}}