{"id":1877,"date":"2023-10-30T10:32:57","date_gmt":"2023-10-30T10:32:57","guid":{"rendered":"https:\/\/exceladvisor.org\/tr\/hucredeki-paragraf\/"},"modified":"2023-12-10T06:00:32","modified_gmt":"2023-12-10T06:00:32","slug":"hucredeki-paragraf","status":"publish","type":"page","link":"https:\/\/exceladvisor.org\/tr\/hucredeki-paragraf\/","title":{"rendered":"Excel&#39;de bir h\u00fccrede paragraf nas\u0131l yap\u0131l\u0131r?"},"content":{"rendered":"<div class=\"excel-icerikten-once\" id=\"excel-3365881207\"><script type=\"text\/javascript\">\r\n\tatOptions = {\r\n\t\t'key' : 'c1158f160081d6540a8409e6925dab94',\r\n\t\t'format' : 'iframe',\r\n\t\t'height' : 250,\r\n\t\t'width' : 300,\r\n\t\t'params' : {}\r\n\t};\r\n<\/script>\r\n<script type=\"text\/javascript\" src=\"\/\/www.highperformanceformat.com\/c1158f160081d6540a8409e6925dab94\/invoke.js\"><\/script><\/div> <p>Excel&#8217;de veri girmek ve depolamak i\u00e7in h\u00fccrelerimiz var ve bir h\u00fccre 96 piksel geni\u015fli\u011finde ve 24 piksel y\u00fcksekli\u011findedir ve ona yaln\u0131zca bir veya iki kelime ekleyebiliyorsunuz.<\/p><p> Ancak bazen Excel&#8217;deki \u00e7al\u0131\u015fma sayfas\u0131na bir paragraf\u0131n tamam\u0131n\u0131 eklemeniz gerekir. Bunun i\u00e7in kullanabilece\u011finiz birka\u00e7 se\u00e7enek var. <\/p><div class=\"wp-block-image\"><figure class=\"aligncenter size-full is-resized\"><img loading=\"lazy\" decoding=\"async\" class=\"wp-image-72435\" src=\"https:\/\/exceladvisor.org\/wp-content\/uploads\/2023\/08\/1-cellule-dans-excel.png\" sizes=\"auto, \" srcset=\"\" alt=\"excel'deki h\u00fccre\" width=\"463\" height=\"244\"><\/figure><\/div><p> Bu derste t\u00fcm bu se\u00e7enekleri \u00f6\u011frenece\u011fiz.<\/p><h2 class=\"wp-block-heading\"> Excel&#8217;de Tek H\u00fccreye Paragraf Eklemek \u0130\u00e7in \u00c7\u00f6zg\u00fc Metni Kullanma Ad\u0131mlar\u0131<\/h2><ol><li> \u00d6ncelikle paragraf\u0131 girmek istedi\u011finiz h\u00fccreyi se\u00e7in ve d\u00fczenleyin. <br><img loading=\"lazy\" decoding=\"async\" title=\"2 h\u00fccreli se\u00e7im\" src=\"https:\/\/exceladvisor.org\/wp-content\/uploads\/2023\/08\/2-selectionner-la-cellule.png\" sizes=\"auto, \" srcset=\"\" alt=\"select-the-cell\" width=\"435\" height=\"174\"><\/li><li> \u015eimdi eklemek istedi\u011finiz paragraf metnini yap\u0131\u015ft\u0131r\u0131n veya yaz\u0131n; metninizin h\u00fccreden ta\u015ft\u0131\u011f\u0131 a\u015fa\u011f\u0131daki gibi g\u00f6r\u00fcnecektir. <br><img loading=\"lazy\" decoding=\"async\" title=\"3-yap\u0131\u015ft\u0131r\u0131n veya paragraf yaz\u0131n\" src=\"https:\/\/exceladvisor.org\/wp-content\/uploads\/2023\/08\/3-coller-ou-taper-le-texte-du-paragraphe.png\" sizes=\"auto, \" srcset=\"\" alt=\"paste-or-type-paragraph-text\" width=\"477\" height=\"272\"><\/li><li> Daha sonra, t\u00fcm metnin tek bir h\u00fccreye s\u0131\u011fmas\u0131 i\u00e7in h\u00fccre geni\u015fli\u011fini ve y\u00fcksekli\u011fini de\u011fi\u015ftirmeniz gerekir. <br><img loading=\"lazy\" decoding=\"async\" title=\"4-h\u00fccre boyutunu de\u011fi\u015ftir\" src=\"https:\/\/exceladvisor.org\/wp-content\/uploads\/2023\/08\/4-changer-la-taille-de-la-cellule.png\" sizes=\"auto, \" srcset=\"\" alt=\"change-the-cell-size\" width=\"522\" height=\"298\"><\/li><li> Ard\u0131ndan, giri\u015f sekmesine, hizalama grubuna gidin ve h\u00fccredeki t\u00fcm metni sarmak i\u00e7in metni kayd\u0131r d\u00fc\u011fmesini t\u0131klay\u0131n. <br><img loading=\"lazy\" decoding=\"async\" title=\"5 t\u0131klamal\u0131 metin sarma d\u00fc\u011fmesi\" src=\"https:\/\/exceladvisor.org\/wp-content\/uploads\/2023\/08\/Bouton-dhabillage-de-texte-en-5-clics.png\" sizes=\"auto, \" srcset=\"\" alt=\"click-wrap-text-button\" width=\"531\" height=\"274\"><\/li><\/ol><p> Bu \u015fekilde h\u00fccrede paragraf olarak uzun bir metin c\u00fcmlesi olu\u015fturabilirsiniz. Ve h\u00fccrenin geni\u015fli\u011fini ve y\u00fcksekli\u011fini de\u011fi\u015ftirdi\u011finizde h\u00fccrenin i\u00e7indeki paragraf da bununla birlikte de\u011fi\u015fir.<\/p><h2 class=\"wp-block-heading\"> Sat\u0131r sonu kullanarak paragraf yazma<\/h2><p> Bir h\u00fccreye tam paragraf yazmak istiyorsan\u0131z, h\u00fccredeki yeni sat\u0131ra ge\u00e7mek i\u00e7in sat\u0131r sonu kullanabilirsiniz. Bir sat\u0131rla i\u015finiz bitti\u011finde <a href=\"https:\/\/exceladvisor.org\/tr\/hucrede-yeni-satir\/\">h\u00fccreye yeni bir sat\u0131r<\/a> eklemek i\u00e7in <strong>Alt + Enter<\/strong> klavye k\u0131sayolunu kullan\u0131n. <\/p><div class=\"wp-block-image\"><figure class=\"aligncenter size-full is-resized\"><img loading=\"lazy\" decoding=\"async\" class=\"wp-image-72440\" src=\"https:\/\/exceladvisor.org\/wp-content\/uploads\/2023\/08\/6-utiliser-un-saut-de-ligne-dans-la-cellule.png\" sizes=\"auto, \" srcset=\"\" alt=\"h\u00fccre i\u00e7i hat kullan\u0131m\u0131\" width=\"627\" height=\"150\"><\/figure><\/div><p> Bu <a href=\"https:\/\/exceladvisor.org\/tr\/klavye-kisayollari\/\">klavye k\u0131sayoluyla<\/a> h\u00fccrede istedi\u011finiz kadar sat\u0131r sonu olu\u015fturabilirsiniz. Birden fazla paragraf eklemek istiyorsan\u0131z bu y\u00f6ntem en iyi sonucu verir. <\/p><div class=\"wp-block-image\"><figure class=\"aligncenter size-full is-resized\"><img loading=\"lazy\" decoding=\"async\" class=\"wp-image-72441\" src=\"https:\/\/exceladvisor.org\/wp-content\/uploads\/2023\/08\/7-creer-de-nombreux-sauts-de-ligne.png\" sizes=\"auto, \" srcset=\"\" alt=\"birden fazla sat\u0131r sonu olu\u015ftur\" width=\"591\" height=\"299\"><\/figure><\/div><p> Her paragraftan sonra k\u0131sayol tu\u015funa bir kez sat\u0131r aral\u0131\u011f\u0131 ve bir kez de yeni sat\u0131ra ge\u00e7mek i\u00e7in olmak \u00fczere iki kez basman\u0131z gerekir.<\/p><h2 class=\"wp-block-heading\"> Excel&#8217;de paragraf eklemek i\u00e7in metin kutusu kullanma<\/h2><p> Excel&#8217;de <a href=\"https:\/\/exceladvisor.org\/tr\/metin-bolgesi\/\">bir metin kutusu ekleyebilir<\/a> ve ard\u0131ndan paragraf metnini buna ekleyebilirsiniz.<\/p><ol><li> \u0130lk \u00f6nce Ekle sekmesine gidin, ard\u0131ndan Metin&#8217;e t\u0131klay\u0131n, a\u015fa\u011f\u0131 \u00e7ekin ve Metin Kutusu&#8217;na t\u0131klay\u0131n. <br><img loading=\"lazy\" decoding=\"async\" title=\"Paragraf eklemek i\u00e7in 8 metin kutusu\" src=\"https:\/\/exceladvisor.org\/wp-content\/uploads\/2023\/08\/8-zone-de-texte-pour-ajouter-un-paragraphe.png\" sizes=\"auto, \" srcset=\"\" alt=\"text-box-to-add-paragraph\" width=\"400\" height=\"315\"><\/li><li> Daha sonra, metin kutusunu e-tabloya eklemeniz gerekir.<\/li><li> \u015eimdi metin kutusunu d\u00fczenleyin ve metni i\u00e7ine yap\u0131\u015ft\u0131r\u0131n veya yaz\u0131n. <br><img loading=\"lazy\" decoding=\"async\" title=\"9-d\u00fczenleme-metin kutusu\" src=\"https:\/\/exceladvisor.org\/wp-content\/uploads\/2023\/08\/9-modifier-la-zone-de-texte.png\" sizes=\"auto, \" srcset=\"\" alt=\"edit-text-box\" width=\"769\" height=\"237\"><\/li><li> Sonunda metin kutusunun geni\u015fli\u011fini ayarlay\u0131n.<\/li><\/ol><h2 class=\"wp-block-heading\"> Doldurmay\u0131 Yasla&#8217;y\u0131 kullanarak paragraf olu\u015fturma<\/h2><p> Diyelim ki birden fazla h\u00fccrede bir de\u011feriniz var ve tek bir paragraf olu\u015fturmak istiyorsunuz, bunun i\u00e7in <a href=\"https:\/\/exceladvisor.org\/tr\/tamamen-hakli-cikarmak\/\">dolgu yaslamas\u0131n\u0131<\/a> kullanabilirsiniz. Doldurma <a href=\"https:\/\/exceladvisor.org\/tr\/bir-dizi-hucreyi-birlestirmek\/\">Birden fazla h\u00fccredeki de\u011ferleri Yaslay\u0131n ve birle\u015ftirin<\/a> . A\u015fa\u011f\u0131daki \u00f6rnekte A1, A2 ve A3 olmak \u00fczere \u00fc\u00e7 h\u00fccrede bir de\u011ferimiz var. <\/p><div class=\"wp-block-image\"><figure class=\"aligncenter size-full is-resized\"><img loading=\"lazy\" decoding=\"async\" class=\"wp-image-72444\" src=\"https:\/\/exceladvisor.org\/wp-content\/uploads\/2023\/08\/10-paragraphe-en-utilisant-le-remplissage-justifie.png\" sizes=\"auto, \" srcset=\"\" alt=\"paragraf-kullanarak-doldur-yasla\" width=\"621\" height=\"164\"><\/figure><\/div><p> \u015eimdi A1 h\u00fccresinde bu de\u011ferlerden bir paragraf olu\u015fturmak i\u00e7in \u00f6ncelikle s\u00fctun geni\u015fli\u011fini \u00fc\u00e7 de\u011ferin de tek bir h\u00fccrede birle\u015ftirilmesini sa\u011flayacak kadar yeterli hale getirin. Geni\u015fli\u011fi 2125 piksel olarak de\u011fi\u015ftirdim.<\/p><ol><li> \u00dc\u00e7 h\u00fccrenin t\u00fcm\u00fcn\u00fc se\u00e7in.<\/li><li> Ana sayfa sekmesine gidin.<\/li><li> Doldur a\u00e7\u0131l\u0131r men\u00fcs\u00fcne t\u0131klay\u0131n.<\/li><li> Yasla se\u00e7ene\u011fini se\u00e7in. <\/li><\/ol><div class=\"wp-block-image\"><figure class=\"aligncenter size-full is-resized\"><img loading=\"lazy\" decoding=\"async\" class=\"alignnone  wp-image-13016\" src=\"https:\/\/exceladvisor.org\/wp-content\/uploads\/2023\/11\/justify-excel.png\" alt=\"iki yana yasla-excel\" width=\"427\" height=\"347\" srcset=\"https:\/\/exceladvisor.org\/wp-content\/uploads\/2023\/11\/justify-excel.png 675w, https:\/\/exceladvisor.org\/wp-content\/uploads\/2023\/11\/justify-excel-300x244.png 300w\" sizes=\"auto, (max-width: 427px) 100vw, 427px\"><\/figure><\/div><p> Art\u0131k tek h\u00fccrede t\u00fcm de\u011ferlere sahipsiniz ve \u015fimdi Metni Sar se\u00e7ene\u011fine t\u0131klay\u0131n ve h\u00fccrenin y\u00fcksekli\u011fini ve geni\u015fli\u011fini de\u011fi\u015ftirerek paragraf haline getirin. <\/p><div class=\"wp-block-image\"><figure class=\"aligncenter size-full is-resized\"><img loading=\"lazy\" decoding=\"async\" class=\"wp-image-72446\" src=\"https:\/\/exceladvisor.org\/wp-content\/uploads\/2023\/08\/12-envelopper-le-texte-et-definir-la-taille-de-la-cellule.png\" sizes=\"auto, \" srcset=\"\" alt=\"metni sarma ve h\u00fccre boyutunu ayarlama\" width=\"609\" height=\"203\"><\/figure><\/div><div class=\"gb-container gb-container-4db6181c gb-container-mt\"> <a class=\"gb-button gb-button-c5897111 gb-button-text gb-button-mt-button\" href=\"https:\/\/exceladvisor.org\/tr\/excelin-temelleri\/\">Microsoft Excel Temelleri (Bile\u015fenler, Par\u00e7alar ve Bilgi Notlar\u0131)<\/a><h2 class=\"gb-headline gb-headline-665e5f6b gb-headline-text gb-headline-mt-heading\"> \u0130lgili e\u011fitimler <\/h2><div class=\"gb-grid-wrapper gb-grid-wrapper-a20baf7c gb-grid-wrapper-mt-grid\"><div class=\"gb-grid-column gb-grid-column-65ddf67e\"><div class=\"gb-container gb-container-65ddf67e\"><ul><li> <a href=\"https:\/\/exceladvisor.org\/tr\/kopruleri-ekle-kaldir\/\">Excel&#8217;de k\u00f6pr\u00fc ekleme ve kald\u0131rma<\/a><\/li><li> <a href=\"https:\/\/exceladvisor.org\/tr\/filigran-ekle\/\">Excel&#8217;e filigran ekleme<\/a><\/li><li> <a href=\"https:\/\/exceladvisor.org\/tr\/gizli-satir-sutunlarini-kaldir\/\">Excel&#8217;deki gizli sat\u0131rlar\u0131 silin<\/a><\/li><li> <a href=\"https:\/\/exceladvisor.org\/tr\/hucrelerin-secimini-kaldir\/\">Excel&#8217;de h\u00fccrelerin se\u00e7imini kald\u0131r\u0131n<\/a> <\/li><\/ul><\/div><\/div><div class=\"gb-grid-column gb-grid-column-50067b57\"><div class=\"gb-container gb-container-50067b57\"><ul><li> <a href=\"https:\/\/exceladvisor.org\/tr\/satirlari-sil\/\">Excel&#8217;de bir sat\u0131r\u0131 veya birden \u00e7ok sat\u0131r\u0131 silme<\/a><\/li><li> <a href=\"https:\/\/exceladvisor.org\/tr\/sutunu-kopyala\/\">Excel&#8217;de bir s\u00fctunu kopyalay\u0131p yap\u0131\u015ft\u0131r\u0131n<\/a><\/li><li> <a href=\"https:\/\/exceladvisor.org\/tr\/satir-sutununu-tasi\/\">Excel&#8217;de bir sat\u0131r\u0131 ve s\u00fctunu ta\u015f\u0131ma<\/a><\/li><li> <a href=\"https:\/\/exceladvisor.org\/tr\/sutun-genisligi\/\">Excel&#8217;de s\u00fctun geni\u015flikleri nas\u0131l de\u011fi\u015ftirilir?<\/a><\/li><\/ul><\/div><\/div><\/div><\/div>","protected":false},"excerpt":{"rendered":"","protected":false},"author":1,"featured_media":0,"parent":0,"menu_order":0,"comment_status":"open","ping_status":"closed","template":"","meta":{"ub_ctt_via":"","footnotes":""},"class_list":["post-1877","page","type-page","status-publish","hentry"],"featured_image_src":null,"yoast_head":"<!-- This site is optimized with the Yoast SEO plugin v25.4 - https:\/\/yoast.com\/wordpress\/plugins\/seo\/ -->\n<title>Excel&#039;de bir h\u00fccrede paragraf nas\u0131l yap\u0131l\u0131r?<\/title>\n<meta name=\"description\" content=\"Bu dersimizde Excel&#039;de bir h\u00fccrede nas\u0131l paragraf olu\u015fturulaca\u011f\u0131n\u0131 \u00f6\u011frenece\u011fiz. Farkl\u0131 yol ve y\u00f6ntemleri ele alaca\u011f\u0131z\" \/>\n<meta name=\"robots\" content=\"index, follow, max-snippet:-1, max-image-preview:large, max-video-preview:-1\" \/>\n<link rel=\"canonical\" href=\"https:\/\/exceladvisor.org\/tr\/hucredeki-paragraf\/\" \/>\n<meta property=\"og:locale\" content=\"tr_TR\" \/>\n<meta property=\"og:type\" content=\"article\" \/>\n<meta property=\"og:title\" content=\"Excel&#039;de bir h\u00fccrede paragraf nas\u0131l yap\u0131l\u0131r?\" \/>\n<meta property=\"og:description\" content=\"Bu dersimizde Excel&#039;de bir h\u00fccrede nas\u0131l paragraf olu\u015fturulaca\u011f\u0131n\u0131 \u00f6\u011frenece\u011fiz. Farkl\u0131 yol ve y\u00f6ntemleri ele alaca\u011f\u0131z\" \/>\n<meta property=\"og:url\" content=\"https:\/\/exceladvisor.org\/tr\/hucredeki-paragraf\/\" \/>\n<meta property=\"og:site_name\" content=\"Excel Advisor\" \/>\n<meta property=\"article:modified_time\" content=\"2023-12-10T06:00:32+00:00\" \/>\n<meta property=\"og:image\" content=\"https:\/\/exceladvisor.org\/wp-content\/uploads\/2023\/08\/1-cellule-dans-excel.png\" \/>\n<meta name=\"twitter:card\" content=\"summary_large_image\" \/>\n<meta name=\"twitter:label1\" content=\"Tahmini okuma s\u00fcresi\" \/>\n\t<meta name=\"twitter:data1\" content=\"3 dakika\" \/>\n<script type=\"application\/ld+json\" class=\"yoast-schema-graph\">{\"@context\":\"https:\/\/schema.org\",\"@graph\":[{\"@type\":\"WebPage\",\"@id\":\"https:\/\/exceladvisor.org\/tr\/hucredeki-paragraf\/\",\"url\":\"https:\/\/exceladvisor.org\/tr\/hucredeki-paragraf\/\",\"name\":\"Excel&#39;de bir h\u00fccrede paragraf nas\u0131l yap\u0131l\u0131r?\",\"isPartOf\":{\"@id\":\"https:\/\/exceladvisor.org\/tr\/#website\"},\"primaryImageOfPage\":{\"@id\":\"https:\/\/exceladvisor.org\/tr\/hucredeki-paragraf\/#primaryimage\"},\"image\":{\"@id\":\"https:\/\/exceladvisor.org\/tr\/hucredeki-paragraf\/#primaryimage\"},\"thumbnailUrl\":\"https:\/\/exceladvisor.org\/wp-content\/uploads\/2023\/08\/1-cellule-dans-excel.png\",\"datePublished\":\"2023-10-30T10:32:57+00:00\",\"dateModified\":\"2023-12-10T06:00:32+00:00\",\"description\":\"Bu dersimizde Excel&#39;de bir h\u00fccrede nas\u0131l paragraf olu\u015fturulaca\u011f\u0131n\u0131 \u00f6\u011frenece\u011fiz. Farkl\u0131 yol ve y\u00f6ntemleri ele alaca\u011f\u0131z\",\"breadcrumb\":{\"@id\":\"https:\/\/exceladvisor.org\/tr\/hucredeki-paragraf\/#breadcrumb\"},\"inLanguage\":\"tr\",\"potentialAction\":[{\"@type\":\"ReadAction\",\"target\":[\"https:\/\/exceladvisor.org\/tr\/hucredeki-paragraf\/\"]}]},{\"@type\":\"ImageObject\",\"inLanguage\":\"tr\",\"@id\":\"https:\/\/exceladvisor.org\/tr\/hucredeki-paragraf\/#primaryimage\",\"url\":\"https:\/\/exceladvisor.org\/wp-content\/uploads\/2023\/08\/1-cellule-dans-excel.png\",\"contentUrl\":\"https:\/\/exceladvisor.org\/wp-content\/uploads\/2023\/08\/1-cellule-dans-excel.png\"},{\"@type\":\"BreadcrumbList\",\"@id\":\"https:\/\/exceladvisor.org\/tr\/hucredeki-paragraf\/#breadcrumb\",\"itemListElement\":[{\"@type\":\"ListItem\",\"position\":1,\"name\":\"Ev\",\"item\":\"https:\/\/exceladvisor.org\/tr\/\"},{\"@type\":\"ListItem\",\"position\":2,\"name\":\"Excel&#39;de bir h\u00fccrede paragraf nas\u0131l yap\u0131l\u0131r?\"}]},{\"@type\":\"WebSite\",\"@id\":\"https:\/\/exceladvisor.org\/tr\/#website\",\"url\":\"https:\/\/exceladvisor.org\/tr\/\",\"name\":\"Excel Advisor\",\"description\":\"Veri hakimiyetine y\u00f6nelik nihai rehberiniz!\",\"publisher\":{\"@id\":\"https:\/\/exceladvisor.org\/tr\/#organization\"},\"potentialAction\":[{\"@type\":\"SearchAction\",\"target\":{\"@type\":\"EntryPoint\",\"urlTemplate\":\"https:\/\/exceladvisor.org\/tr\/?s={search_term_string}\"},\"query-input\":{\"@type\":\"PropertyValueSpecification\",\"valueRequired\":true,\"valueName\":\"search_term_string\"}}],\"inLanguage\":\"tr\"},{\"@type\":\"Organization\",\"@id\":\"https:\/\/exceladvisor.org\/tr\/#organization\",\"name\":\"Excel Advisor\",\"url\":\"https:\/\/exceladvisor.org\/tr\/\",\"logo\":{\"@type\":\"ImageObject\",\"inLanguage\":\"tr\",\"@id\":\"https:\/\/exceladvisor.org\/tr\/#\/schema\/logo\/image\/\",\"url\":\"https:\/\/exceladvisor.org\/tr\/wp-content\/uploads\/2023\/12\/exceladvisor.org_.png\",\"contentUrl\":\"https:\/\/exceladvisor.org\/tr\/wp-content\/uploads\/2023\/12\/exceladvisor.org_.png\",\"width\":105,\"height\":36,\"caption\":\"Excel Advisor\"},\"image\":{\"@id\":\"https:\/\/exceladvisor.org\/tr\/#\/schema\/logo\/image\/\"}}]}<\/script>\n<!-- \/ Yoast SEO plugin. -->","yoast_head_json":{"title":"Excel&#39;de bir h\u00fccrede paragraf nas\u0131l yap\u0131l\u0131r?","description":"Bu dersimizde Excel&#39;de bir h\u00fccrede nas\u0131l paragraf olu\u015fturulaca\u011f\u0131n\u0131 \u00f6\u011frenece\u011fiz. Farkl\u0131 yol ve y\u00f6ntemleri ele alaca\u011f\u0131z","robots":{"index":"index","follow":"follow","max-snippet":"max-snippet:-1","max-image-preview":"max-image-preview:large","max-video-preview":"max-video-preview:-1"},"canonical":"https:\/\/exceladvisor.org\/tr\/hucredeki-paragraf\/","og_locale":"tr_TR","og_type":"article","og_title":"Excel&#39;de bir h\u00fccrede paragraf nas\u0131l yap\u0131l\u0131r?","og_description":"Bu dersimizde Excel&#39;de bir h\u00fccrede nas\u0131l paragraf olu\u015fturulaca\u011f\u0131n\u0131 \u00f6\u011frenece\u011fiz. Farkl\u0131 yol ve y\u00f6ntemleri ele alaca\u011f\u0131z","og_url":"https:\/\/exceladvisor.org\/tr\/hucredeki-paragraf\/","og_site_name":"Excel Advisor","article_modified_time":"2023-12-10T06:00:32+00:00","og_image":[{"url":"https:\/\/exceladvisor.org\/wp-content\/uploads\/2023\/08\/1-cellule-dans-excel.png","type":"","width":"","height":""}],"twitter_card":"summary_large_image","twitter_misc":{"Tahmini okuma s\u00fcresi":"3 dakika"},"schema":{"@context":"https:\/\/schema.org","@graph":[{"@type":"WebPage","@id":"https:\/\/exceladvisor.org\/tr\/hucredeki-paragraf\/","url":"https:\/\/exceladvisor.org\/tr\/hucredeki-paragraf\/","name":"Excel&#39;de bir h\u00fccrede paragraf nas\u0131l yap\u0131l\u0131r?","isPartOf":{"@id":"https:\/\/exceladvisor.org\/tr\/#website"},"primaryImageOfPage":{"@id":"https:\/\/exceladvisor.org\/tr\/hucredeki-paragraf\/#primaryimage"},"image":{"@id":"https:\/\/exceladvisor.org\/tr\/hucredeki-paragraf\/#primaryimage"},"thumbnailUrl":"https:\/\/exceladvisor.org\/wp-content\/uploads\/2023\/08\/1-cellule-dans-excel.png","datePublished":"2023-10-30T10:32:57+00:00","dateModified":"2023-12-10T06:00:32+00:00","description":"Bu dersimizde Excel&#39;de bir h\u00fccrede nas\u0131l paragraf olu\u015fturulaca\u011f\u0131n\u0131 \u00f6\u011frenece\u011fiz. Farkl\u0131 yol ve y\u00f6ntemleri ele alaca\u011f\u0131z","breadcrumb":{"@id":"https:\/\/exceladvisor.org\/tr\/hucredeki-paragraf\/#breadcrumb"},"inLanguage":"tr","potentialAction":[{"@type":"ReadAction","target":["https:\/\/exceladvisor.org\/tr\/hucredeki-paragraf\/"]}]},{"@type":"ImageObject","inLanguage":"tr","@id":"https:\/\/exceladvisor.org\/tr\/hucredeki-paragraf\/#primaryimage","url":"https:\/\/exceladvisor.org\/wp-content\/uploads\/2023\/08\/1-cellule-dans-excel.png","contentUrl":"https:\/\/exceladvisor.org\/wp-content\/uploads\/2023\/08\/1-cellule-dans-excel.png"},{"@type":"BreadcrumbList","@id":"https:\/\/exceladvisor.org\/tr\/hucredeki-paragraf\/#breadcrumb","itemListElement":[{"@type":"ListItem","position":1,"name":"Ev","item":"https:\/\/exceladvisor.org\/tr\/"},{"@type":"ListItem","position":2,"name":"Excel&#39;de bir h\u00fccrede paragraf nas\u0131l yap\u0131l\u0131r?"}]},{"@type":"WebSite","@id":"https:\/\/exceladvisor.org\/tr\/#website","url":"https:\/\/exceladvisor.org\/tr\/","name":"Excel Advisor","description":"Veri hakimiyetine y\u00f6nelik nihai rehberiniz!","publisher":{"@id":"https:\/\/exceladvisor.org\/tr\/#organization"},"potentialAction":[{"@type":"SearchAction","target":{"@type":"EntryPoint","urlTemplate":"https:\/\/exceladvisor.org\/tr\/?s={search_term_string}"},"query-input":{"@type":"PropertyValueSpecification","valueRequired":true,"valueName":"search_term_string"}}],"inLanguage":"tr"},{"@type":"Organization","@id":"https:\/\/exceladvisor.org\/tr\/#organization","name":"Excel Advisor","url":"https:\/\/exceladvisor.org\/tr\/","logo":{"@type":"ImageObject","inLanguage":"tr","@id":"https:\/\/exceladvisor.org\/tr\/#\/schema\/logo\/image\/","url":"https:\/\/exceladvisor.org\/tr\/wp-content\/uploads\/2023\/12\/exceladvisor.org_.png","contentUrl":"https:\/\/exceladvisor.org\/tr\/wp-content\/uploads\/2023\/12\/exceladvisor.org_.png","width":105,"height":36,"caption":"Excel Advisor"},"image":{"@id":"https:\/\/exceladvisor.org\/tr\/#\/schema\/logo\/image\/"}}]}},"yoast_meta":{"yoast_wpseo_title":"","yoast_wpseo_metadesc":"","yoast_wpseo_canonical":""},"_links":{"self":[{"href":"https:\/\/exceladvisor.org\/tr\/wp-json\/wp\/v2\/pages\/1877","targetHints":{"allow":["GET"]}}],"collection":[{"href":"https:\/\/exceladvisor.org\/tr\/wp-json\/wp\/v2\/pages"}],"about":[{"href":"https:\/\/exceladvisor.org\/tr\/wp-json\/wp\/v2\/types\/page"}],"author":[{"embeddable":true,"href":"https:\/\/exceladvisor.org\/tr\/wp-json\/wp\/v2\/users\/1"}],"replies":[{"embeddable":true,"href":"https:\/\/exceladvisor.org\/tr\/wp-json\/wp\/v2\/comments?post=1877"}],"version-history":[{"count":1,"href":"https:\/\/exceladvisor.org\/tr\/wp-json\/wp\/v2\/pages\/1877\/revisions"}],"predecessor-version":[{"id":2414,"href":"https:\/\/exceladvisor.org\/tr\/wp-json\/wp\/v2\/pages\/1877\/revisions\/2414"}],"wp:attachment":[{"href":"https:\/\/exceladvisor.org\/tr\/wp-json\/wp\/v2\/media?parent=1877"}],"curies":[{"name":"wp","href":"https:\/\/api.w.org\/{rel}","templated":true}]}}