{"id":1880,"date":"2023-10-30T09:32:29","date_gmt":"2023-10-30T09:32:29","guid":{"rendered":"https:\/\/exceladvisor.org\/tr\/veri-giris-formu-3\/"},"modified":"2023-12-10T06:03:05","modified_gmt":"2023-12-10T06:03:05","slug":"veri-giris-formu-3","status":"publish","type":"page","link":"https:\/\/exceladvisor.org\/tr\/veri-giris-formu-3\/","title":{"rendered":"Excel&#39;de veri giri\u015f formu nas\u0131l olu\u015fturulur?"},"content":{"rendered":"<div class=\"excel-icerikten-once\" id=\"excel-241267166\"><script type=\"text\/javascript\">\r\n\tatOptions = {\r\n\t\t'key' : 'c1158f160081d6540a8409e6925dab94',\r\n\t\t'format' : 'iframe',\r\n\t\t'height' : 250,\r\n\t\t'width' : 300,\r\n\t\t'params' : {}\r\n\t};\r\n<\/script>\r\n<script type=\"text\/javascript\" src=\"\/\/www.highperformanceformat.com\/c1158f160081d6540a8409e6925dab94\/invoke.js\"><\/script><\/div> <p>Veri giri\u015f formu, bir tabloya veri girmenin en iyi yollar\u0131ndan biridir. Ancak veri girmek i\u00e7in bir form olu\u015fturmak kolay bir i\u015f de\u011fildir.<\/p><p> Evet bu do\u011fru.<\/p><p> Bu sorunla u\u011fra\u015f\u0131rken Excel&#8217;de tek t\u0131kla veri giri\u015fi i\u00e7in form olu\u015fturulabilece\u011fini ke\u015ffettim. Bu formun en iyi yan\u0131 \u00f6nceden tasarlanm\u0131\u015f ve esnek olmas\u0131d\u0131r. A\u015fa\u011f\u0131daki \u00f6rne\u011fe bakman\u0131z yeterli. <\/p><div class=\"wp-block-image\"><figure class=\"aligncenter\"><img decoding=\"async\" src=\"https:\/\/exceladvisor.org\/wp-content\/uploads\/2023\/08\/Formulaire-de-saisie-de-donnees4-1.png\" sizes=\"\" srcset=\"\" alt=\"excel'de veri giri\u015f formu\"><\/figure><\/div><p> Fikir \u015fu: Bu giri\u015f formunu olu\u015fturmak i\u00e7in onu etkinle\u015ftirmeniz yeterlidir.<\/p><h2 id=\"tab-con-1\" class=\"wp-block-heading\"> Veri giri\u015f formunu a\u00e7<\/h2><p> K\u0131sa s\u00fcrede bu arac\u0131n ne kadar faydal\u0131 oldu\u011funu ke\u015ffedeceksiniz. Ancak bu veri giri\u015f formunun \u015feritte listelenmedi\u011fine inanmak zor. Bu nedenle, kullanmadan \u00f6nce onu do\u011furman\u0131z gerekir.<\/p><p> Ve bu formu etkinle\u015ftirmeden \u00f6nce verileri veya en az\u0131ndan veri ba\u015fl\u0131klar\u0131n\u0131 girmek i\u00e7in bir tabloya ihtiyac\u0131n\u0131z var. <\/p><div class=\"wp-block-image\"><figure class=\"aligncenter\"><img decoding=\"async\" src=\"https:\/\/exceladvisor.org\/wp-content\/uploads\/2023\/08\/Formulaire-de-saisie-de-donnees-1.png\" sizes=\"\" srcset=\"\" alt=\"Excel'de veri giri\u015f formunu kullanmak i\u00e7in tablo ba\u015fl\u0131\u011f\u0131\"><\/figure><\/div><p> Etkinle\u015ftirmek i\u00e7in tablo h\u00fccrelerinden birine t\u0131klay\u0131n veya ba\u015fl\u0131k h\u00fccrelerinden birini se\u00e7in ve a\u015fa\u011f\u0131daki iki y\u00f6ntemden birini kullan\u0131n.<\/p><ol><li> <a href=\"https:\/\/exceladvisor.org\/tr\/klavye-kisayollari\/\">Klavye k\u0131sayol tu\u015funu<\/a> kullan\u0131n: <span style=\"color: #000000;\">Alt \u21e2 D \u21e2 O \u21e2 O.<\/span><\/li><li> H\u0131zl\u0131 Eri\u015fim Ara\u00e7 \u00c7ubu\u011funa bir simge ekleyin.<ol><li> Dosya \u279c Se\u00e7enekler \u279c <a href=\"https:\/\/exceladvisor.org\/tr\/hizli-erisim-cubugu\/\">H\u0131zl\u0131 Eri\u015fim Ara\u00e7 \u00c7ubu\u011fu<\/a> .<\/li><li> \u279c \u015eeritte olmayan komutlar aras\u0131ndan Komut&#8217;u se\u00e7in \u279c Kimden \u279c Ekle \u279c Tamam&#8217;a t\u0131klay\u0131n. <\/li><\/ol><\/li><\/ol><div class=\"wp-block-image\"><figure class=\"aligncenter\"><img decoding=\"async\" src=\"https:\/\/exceladvisor.org\/wp-content\/uploads\/2023\/08\/Formulaire-de-saisie-de-donnees2-1.png\" sizes=\"\" srcset=\"\" alt=\"excel'de h\u0131zl\u0131 eri\u015fim ara\u00e7 \u00e7ubu\u011funa veri formu simgesi ekleme\"><\/figure><\/div><p> Yukar\u0131daki se\u00e7eneklerden herhangi birini kulland\u0131ktan <strong>sonra<\/strong> size a\u015fa\u011f\u0131daki gibi bir veri giri\u015f formu olu\u015fturacakt\u0131r. <\/p><div class=\"wp-block-image\"><figure class=\"aligncenter\"><img decoding=\"async\" src=\"https:\/\/exceladvisor.org\/wp-content\/uploads\/2023\/08\/Formulaire-de-saisie-de-donnees3-1.png\" sizes=\"\" srcset=\"\" alt=\"excel'de veri giri\u015f formunu a\u00e7\"><\/figure><\/div><p> Ve dikkat ederseniz, t\u00fcm veri tablosu ba\u015fl\u0131klar\u0131n\u0131z otomatik olarak formda yakalan\u0131r.<\/p><h2 class=\"wp-block-heading\"> 1. Yeni bir giri\u015f olu\u015fturun<\/h2><p> Yeni bir veri giri\u015fi olu\u015fturmak i\u00e7in t\u00fcm giri\u015f kutular\u0131n\u0131 verilerle doldurun ve \u201cYeni\u201d butonuna t\u0131klay\u0131n. \u015eimdi a\u015fa\u011f\u0131daki \u00f6rne\u011fe bakarsan\u0131z miktar s\u00fctununa ait bir giri\u015f \u00e7ubu\u011funun olmad\u0131\u011f\u0131n\u0131 g\u00f6receksiniz.<\/p><p> Miktar s\u00fctununda miktar\u0131 fiyatla \u00e7arpmak i\u00e7in bir form\u00fcl\u00fcm\u00fcz var. Bu, bu formun veri girmenize gerek olmayan s\u00fctunlar\u0131 ke\u015ffedecek kadar ak\u0131ll\u0131 oldu\u011fu anlam\u0131na gelir. <\/p><div class=\"wp-block-image\"><figure class=\"aligncenter\"><img decoding=\"async\" src=\"https:\/\/exceladvisor.org\/wp-content\/uploads\/2023\/08\/Formulaire-de-saisie-de-donnees5-1.gif\" sizes=\"\" srcset=\"\" alt=\"Excel'deki bu veri giri\u015f formunu kullanarak bir tabloya veri girin\"><\/figure><\/div><h2 class=\"wp-block-heading\"> 2. Giri\u015flere g\u00f6z at\u0131n<\/h2><p> Verilerinize girdi\u011finiz t\u00fcm giri\u015fler aras\u0131nda gezinmek i\u00e7in kayd\u0131rma \u00e7ubu\u011funu kullanabilir veya \u201c\u00d6ncekiyi Bul\u201d ve \u201cSonrakiyi Bul\u201d butonlar\u0131n\u0131 kullanabilirsiniz. <\/p><div class=\"wp-block-image\"><figure class=\"aligncenter\"><img decoding=\"async\" src=\"https:\/\/exceladvisor.org\/wp-content\/uploads\/2023\/08\/Formulaire-de-saisie-de-donnees6-1.gif\" sizes=\"\" srcset=\"\" alt=\"Excel'deki bu veri giri\u015fiyle giri\u015fler aras\u0131nda ilerleyin\"><\/figure><\/div><h2 class=\"wp-block-heading\"> 3. Giri\u015fleri d\u00fczenleyin<\/h2><p> Bir giri\u015fi d\u00fczenlemek i\u00e7in \u00f6ncelikle yukar\u0131da belirtilen y\u00f6ntemi kullanarak o giri\u015fe eri\u015fmeniz gerekir. Gezindikten sonra giri\u015f kutular\u0131ndan herhangi birinde de\u011fi\u015fiklik yapabilirsiniz ve ard\u0131ndan Enter tu\u015funa basman\u0131z yeterlidir.<\/p><p> Giri\u015finizi d\u00fczenlerken (Enter tu\u015funa basmadan veya kapat butonuna basmadan \u00f6nce), giri\u015finizi geri y\u00fcklemek isterseniz geri y\u00fckleme butonunu kullanarak bunu yapabilirsiniz. T\u00fcm giri\u015f kutular\u0131ndaki \u00f6nceki verileri geri y\u00fckleyecektir. <\/p><div class=\"wp-block-image\"><figure class=\"aligncenter\"><img decoding=\"async\" src=\"https:\/\/exceladvisor.org\/wp-content\/uploads\/2023\/08\/Formulaire-de-saisie-de-donnees10-1.gif\" sizes=\"\" srcset=\"\" alt=\"Excel'deki bu veri giri\u015f formuyla giri\u015fleri d\u00fczenleyin\"><\/figure><\/div><h2 class=\"wp-block-heading\"> 4. Giri\u015fleri silin<\/h2><p> Bir giri\u015fi silmek i\u00e7in o giri\u015fe gitmeniz ve Sil d\u00fc\u011fmesini t\u0131klaman\u0131z gerekir. Silme onay\u0131 i\u00e7in bir a\u00e7\u0131l\u0131r pencere g\u00f6r\u00fcnecek ve bu giri\u015f veri tablonuzdan an\u0131nda silinecektir. <\/p><div class=\"wp-block-image\"><figure class=\"aligncenter\"><img decoding=\"async\" src=\"https:\/\/exceladvisor.org\/wp-content\/uploads\/2023\/08\/Formulaire-de-saisie-de-donnees8-1.gif\" sizes=\"\" srcset=\"\" alt=\"excel'deki bu veri giri\u015fini kullanarak giri\u015fi tablodan sil\"><\/figure><\/div><h2 class=\"wp-block-heading\"> 5. Belirli bir giri\u015fi bulun<\/h2><p> B\u00fcy\u00fck verilerle \u00e7al\u0131\u015f\u0131yorsan\u0131z belirli bir giri\u015fi bulmak i\u00e7in \u201cKriterler\u201d butonunu kullanabilirsiniz.<\/p><p> <span style=\"color: #000000;\">\u00d6rne\u011fin<\/span> , tablonun alt\u0131nda baz\u0131 belirli \u00f6l\u00e7\u00fctlerle e\u015fle\u015fen girdileri aramak istiyorsan\u0131z, yaln\u0131zca \u00d6l\u00e7\u00fctler d\u00fc\u011fmesini t\u0131klay\u0131n, girdi kutusuna \u00f6l\u00e7\u00fctleri girin ve Enter tu\u015funa bas\u0131n. Kriterlerinize uygun veri giri\u015flerini alacaks\u0131n\u0131z. Kriterlerinizi birden fazla giri\u015f kutusunda da kullanabilirsiniz. <\/p><div class=\"wp-block-image\"><figure class=\"aligncenter\"><img decoding=\"async\" src=\"https:\/\/exceladvisor.org\/wp-content\/uploads\/2023\/08\/Formulaire-de-saisie-de-donnees9.gif\" sizes=\"\" srcset=\"\" alt=\"Bu Excel veri giri\u015f formunda bir kriterle belirli bir giri\u015fi bulun\"><\/figure><\/div><h2 id=\"tab-con-3\" class=\"wp-block-heading\"> Bu veri giri\u015f formuyla ilgili \u00f6nemli noktalar<\/h2><p> Peki, bu formu iyi oynamak i\u00e7in bilmeniz gereken birka\u00e7 \u00f6nemli nokta var.<\/p><ol><li> Veri giri\u015f formunda kullanabilece\u011finiz maksimum giri\u015f alan\u0131 say\u0131s\u0131 32&#8217;dir.<\/li><li> Giri\u015f kutusunun geni\u015fli\u011fi tamamen elektronik tablodaki ilgili s\u00fctunla ilgilidir. E-tablonuzdaki s\u00fctunlar de\u011ferleri g\u00f6r\u00fcnt\u00fcleyecek kadar geni\u015f de\u011filse ayn\u0131 geni\u015flik veri formunuza da yans\u0131t\u0131lacakt\u0131r.<\/li><li> \u00d6te yandan, s\u00fctunlardan yaln\u0131zca birinin geni\u015fli\u011fi a\u015fmas\u0131 durumunda veri olarak t\u00fcm giri\u015f kutular\u0131na ayn\u0131 geni\u015flik yans\u0131t\u0131lacakt\u0131r.<\/li><li> &#8220;Veritaban\u0131&#8221; ad\u0131nda bir aral\u0131\u011f\u0131n\u0131z varsa tablo h\u00fccresi se\u00e7menize gerek yoktur. Her zaman bu tabloya veri ekleyecektir.<\/li><li> Baz\u0131 belirli verileri ay\u0131klamak i\u00e7in \u00f6l\u00e7\u00fctleri kulland\u0131\u011f\u0131n\u0131zda, bu formda <a href=\"https:\/\/exceladvisor.org\/tr\/joker-karakterler-2\/\" data-wpel-link=\"internal\" data-wpil=\"url\">Excel joker karakterlerini<\/a> kullanabilirsiniz.<\/li><li> Veri giri\u015fi olu\u015ftururken h\u00fccredeki verilerin \u00fczerine yazmaya \u00e7al\u0131\u015ft\u0131\u011f\u0131n\u0131zda \u201cListe veya veri taban\u0131 geni\u015fletilemiyor\u201d uyar\u0131 mesaj\u0131 \u00e7\u0131kacakt\u0131r.<\/li><\/ol><div class=\"gb-container gb-container-4db6181c gb-container-mt\"> <a class=\"gb-button gb-button-c5897111 gb-button-text gb-button-mt-button\" href=\"https:\/\/exceladvisor.org\/tr\/excel-ilerlemesi\/\">\u0130leri D\u00fczey Excel Dersleri<\/a><h2 class=\"gb-headline gb-headline-665e5f6b gb-headline-text gb-headline-mt-heading\"> \u0130lgili e\u011fitimler <\/h2><div class=\"gb-grid-wrapper gb-grid-wrapper-a20baf7c gb-grid-wrapper-mt-grid\"><div class=\"gb-grid-column gb-grid-column-65ddf67e\"><div class=\"gb-container gb-container-65ddf67e\"><ul><li> <a href=\"https:\/\/exceladvisor.org\/tr\/pekistirmek\/\" data-wpil=\"url\">Birden \u00e7ok e-tablodaki verileri birle\u015ftirin<\/a><\/li><li> <a href=\"https:\/\/exceladvisor.org\/tr\/eklemek\/\" data-wpil=\"url\">Excel&#8217;de elektronik tablo ekleme ve kald\u0131rma<\/a><\/li><li> <a href=\"https:\/\/exceladvisor.org\/tr\/grup-1\/\" data-wpil=\"url\">Excel&#8217;de Grup \u00c7al\u0131\u015fma Sayfalar\u0131<\/a> <\/li><\/ul><\/div><\/div><div class=\"gb-grid-column gb-grid-column-50067b57\"><div class=\"gb-container gb-container-50067b57\"><ul><li> <a href=\"https:\/\/exceladvisor.org\/tr\/yeniden-isimlendirmek\/\" data-wpil=\"url\">Excel&#8217;de sayfay\u0131 yeniden adland\u0131r\u0131n<\/a><\/li><li> <a href=\"https:\/\/exceladvisor.org\/tr\/yan-yana-gormek\/\" data-wpil=\"url\">Excel&#8217;de iki sayfay\u0131 yan yana g\u00f6r\u00fcnt\u00fcleme<\/a><\/li><li> <a href=\"https:\/\/exceladvisor.org\/tr\/a\/\" data-wpil=\"url\">Excel&#8217;de Sekme Rengini De\u011fi\u015ftirme (\u00c7al\u0131\u015fma Sayfas\u0131 Sekmesi Arka Plan Rengi)<\/a><\/li><\/ul><\/div><\/div><\/div><\/div>","protected":false},"excerpt":{"rendered":"","protected":false},"author":1,"featured_media":0,"parent":0,"menu_order":0,"comment_status":"open","ping_status":"closed","template":"","meta":{"ub_ctt_via":"","footnotes":""},"class_list":["post-1880","page","type-page","status-publish","hentry"],"featured_image_src":null,"yoast_head":"<!-- This site is optimized with the Yoast SEO plugin v25.4 - https:\/\/yoast.com\/wordpress\/plugins\/seo\/ -->\n<title>Excel&#039;de veri giri\u015f formu nas\u0131l olu\u015fturulur?<\/title>\n<meta name=\"description\" content=\"Tek t\u0131klamayla Excel&#039;de nas\u0131l veri giri\u015f formu olu\u015fturulaca\u011f\u0131n\u0131 \u00f6\u011frenin. \u00d6nceden tasarlanm\u0131\u015f ve esnektir. \u00d6deme \u00f6rne\u011fi burada.\" \/>\n<meta name=\"robots\" content=\"index, follow, max-snippet:-1, max-image-preview:large, max-video-preview:-1\" \/>\n<link rel=\"canonical\" href=\"https:\/\/exceladvisor.org\/tr\/veri-giris-formu-3\/\" \/>\n<meta property=\"og:locale\" content=\"tr_TR\" \/>\n<meta property=\"og:type\" content=\"article\" \/>\n<meta property=\"og:title\" content=\"Excel&#039;de veri giri\u015f formu nas\u0131l olu\u015fturulur?\" \/>\n<meta property=\"og:description\" content=\"Tek t\u0131klamayla Excel&#039;de nas\u0131l veri giri\u015f formu olu\u015fturulaca\u011f\u0131n\u0131 \u00f6\u011frenin. \u00d6nceden tasarlanm\u0131\u015f ve esnektir. \u00d6deme \u00f6rne\u011fi burada.\" \/>\n<meta property=\"og:url\" content=\"https:\/\/exceladvisor.org\/tr\/veri-giris-formu-3\/\" \/>\n<meta property=\"og:site_name\" content=\"Excel Advisor\" \/>\n<meta property=\"article:modified_time\" content=\"2023-12-10T06:03:05+00:00\" \/>\n<meta property=\"og:image\" content=\"https:\/\/exceladvisor.org\/wp-content\/uploads\/2023\/08\/Formulaire-de-saisie-de-donnees4-1.png\" \/>\n<meta name=\"twitter:card\" content=\"summary_large_image\" \/>\n<meta name=\"twitter:label1\" content=\"Tahmini okuma s\u00fcresi\" \/>\n\t<meta name=\"twitter:data1\" content=\"4 dakika\" \/>\n<script type=\"application\/ld+json\" class=\"yoast-schema-graph\">{\"@context\":\"https:\/\/schema.org\",\"@graph\":[{\"@type\":\"WebPage\",\"@id\":\"https:\/\/exceladvisor.org\/tr\/veri-giris-formu-3\/\",\"url\":\"https:\/\/exceladvisor.org\/tr\/veri-giris-formu-3\/\",\"name\":\"Excel&#39;de veri giri\u015f formu nas\u0131l olu\u015fturulur?\",\"isPartOf\":{\"@id\":\"https:\/\/exceladvisor.org\/tr\/#website\"},\"primaryImageOfPage\":{\"@id\":\"https:\/\/exceladvisor.org\/tr\/veri-giris-formu-3\/#primaryimage\"},\"image\":{\"@id\":\"https:\/\/exceladvisor.org\/tr\/veri-giris-formu-3\/#primaryimage\"},\"thumbnailUrl\":\"https:\/\/exceladvisor.org\/wp-content\/uploads\/2023\/08\/Formulaire-de-saisie-de-donnees4-1.png\",\"datePublished\":\"2023-10-30T09:32:29+00:00\",\"dateModified\":\"2023-12-10T06:03:05+00:00\",\"description\":\"Tek t\u0131klamayla Excel&#39;de nas\u0131l veri giri\u015f formu olu\u015fturulaca\u011f\u0131n\u0131 \u00f6\u011frenin. \u00d6nceden tasarlanm\u0131\u015f ve esnektir. \u00d6deme \u00f6rne\u011fi burada.\",\"breadcrumb\":{\"@id\":\"https:\/\/exceladvisor.org\/tr\/veri-giris-formu-3\/#breadcrumb\"},\"inLanguage\":\"tr\",\"potentialAction\":[{\"@type\":\"ReadAction\",\"target\":[\"https:\/\/exceladvisor.org\/tr\/veri-giris-formu-3\/\"]}]},{\"@type\":\"ImageObject\",\"inLanguage\":\"tr\",\"@id\":\"https:\/\/exceladvisor.org\/tr\/veri-giris-formu-3\/#primaryimage\",\"url\":\"https:\/\/exceladvisor.org\/wp-content\/uploads\/2023\/08\/Formulaire-de-saisie-de-donnees4-1.png\",\"contentUrl\":\"https:\/\/exceladvisor.org\/wp-content\/uploads\/2023\/08\/Formulaire-de-saisie-de-donnees4-1.png\"},{\"@type\":\"BreadcrumbList\",\"@id\":\"https:\/\/exceladvisor.org\/tr\/veri-giris-formu-3\/#breadcrumb\",\"itemListElement\":[{\"@type\":\"ListItem\",\"position\":1,\"name\":\"Ev\",\"item\":\"https:\/\/exceladvisor.org\/tr\/\"},{\"@type\":\"ListItem\",\"position\":2,\"name\":\"Excel&#39;de veri giri\u015f formu nas\u0131l olu\u015fturulur?\"}]},{\"@type\":\"WebSite\",\"@id\":\"https:\/\/exceladvisor.org\/tr\/#website\",\"url\":\"https:\/\/exceladvisor.org\/tr\/\",\"name\":\"Excel Advisor\",\"description\":\"Veri hakimiyetine y\u00f6nelik nihai rehberiniz!\",\"publisher\":{\"@id\":\"https:\/\/exceladvisor.org\/tr\/#organization\"},\"potentialAction\":[{\"@type\":\"SearchAction\",\"target\":{\"@type\":\"EntryPoint\",\"urlTemplate\":\"https:\/\/exceladvisor.org\/tr\/?s={search_term_string}\"},\"query-input\":{\"@type\":\"PropertyValueSpecification\",\"valueRequired\":true,\"valueName\":\"search_term_string\"}}],\"inLanguage\":\"tr\"},{\"@type\":\"Organization\",\"@id\":\"https:\/\/exceladvisor.org\/tr\/#organization\",\"name\":\"Excel Advisor\",\"url\":\"https:\/\/exceladvisor.org\/tr\/\",\"logo\":{\"@type\":\"ImageObject\",\"inLanguage\":\"tr\",\"@id\":\"https:\/\/exceladvisor.org\/tr\/#\/schema\/logo\/image\/\",\"url\":\"https:\/\/exceladvisor.org\/tr\/wp-content\/uploads\/2023\/12\/exceladvisor.org_.png\",\"contentUrl\":\"https:\/\/exceladvisor.org\/tr\/wp-content\/uploads\/2023\/12\/exceladvisor.org_.png\",\"width\":105,\"height\":36,\"caption\":\"Excel Advisor\"},\"image\":{\"@id\":\"https:\/\/exceladvisor.org\/tr\/#\/schema\/logo\/image\/\"}}]}<\/script>\n<!-- \/ Yoast SEO plugin. -->","yoast_head_json":{"title":"Excel&#39;de veri giri\u015f formu nas\u0131l olu\u015fturulur?","description":"Tek t\u0131klamayla Excel&#39;de nas\u0131l veri giri\u015f formu olu\u015fturulaca\u011f\u0131n\u0131 \u00f6\u011frenin. \u00d6nceden tasarlanm\u0131\u015f ve esnektir. \u00d6deme \u00f6rne\u011fi burada.","robots":{"index":"index","follow":"follow","max-snippet":"max-snippet:-1","max-image-preview":"max-image-preview:large","max-video-preview":"max-video-preview:-1"},"canonical":"https:\/\/exceladvisor.org\/tr\/veri-giris-formu-3\/","og_locale":"tr_TR","og_type":"article","og_title":"Excel&#39;de veri giri\u015f formu nas\u0131l olu\u015fturulur?","og_description":"Tek t\u0131klamayla Excel&#39;de nas\u0131l veri giri\u015f formu olu\u015fturulaca\u011f\u0131n\u0131 \u00f6\u011frenin. \u00d6nceden tasarlanm\u0131\u015f ve esnektir. \u00d6deme \u00f6rne\u011fi burada.","og_url":"https:\/\/exceladvisor.org\/tr\/veri-giris-formu-3\/","og_site_name":"Excel Advisor","article_modified_time":"2023-12-10T06:03:05+00:00","og_image":[{"url":"https:\/\/exceladvisor.org\/wp-content\/uploads\/2023\/08\/Formulaire-de-saisie-de-donnees4-1.png","type":"","width":"","height":""}],"twitter_card":"summary_large_image","twitter_misc":{"Tahmini okuma s\u00fcresi":"4 dakika"},"schema":{"@context":"https:\/\/schema.org","@graph":[{"@type":"WebPage","@id":"https:\/\/exceladvisor.org\/tr\/veri-giris-formu-3\/","url":"https:\/\/exceladvisor.org\/tr\/veri-giris-formu-3\/","name":"Excel&#39;de veri giri\u015f formu nas\u0131l olu\u015fturulur?","isPartOf":{"@id":"https:\/\/exceladvisor.org\/tr\/#website"},"primaryImageOfPage":{"@id":"https:\/\/exceladvisor.org\/tr\/veri-giris-formu-3\/#primaryimage"},"image":{"@id":"https:\/\/exceladvisor.org\/tr\/veri-giris-formu-3\/#primaryimage"},"thumbnailUrl":"https:\/\/exceladvisor.org\/wp-content\/uploads\/2023\/08\/Formulaire-de-saisie-de-donnees4-1.png","datePublished":"2023-10-30T09:32:29+00:00","dateModified":"2023-12-10T06:03:05+00:00","description":"Tek t\u0131klamayla Excel&#39;de nas\u0131l veri giri\u015f formu olu\u015fturulaca\u011f\u0131n\u0131 \u00f6\u011frenin. \u00d6nceden tasarlanm\u0131\u015f ve esnektir. \u00d6deme \u00f6rne\u011fi burada.","breadcrumb":{"@id":"https:\/\/exceladvisor.org\/tr\/veri-giris-formu-3\/#breadcrumb"},"inLanguage":"tr","potentialAction":[{"@type":"ReadAction","target":["https:\/\/exceladvisor.org\/tr\/veri-giris-formu-3\/"]}]},{"@type":"ImageObject","inLanguage":"tr","@id":"https:\/\/exceladvisor.org\/tr\/veri-giris-formu-3\/#primaryimage","url":"https:\/\/exceladvisor.org\/wp-content\/uploads\/2023\/08\/Formulaire-de-saisie-de-donnees4-1.png","contentUrl":"https:\/\/exceladvisor.org\/wp-content\/uploads\/2023\/08\/Formulaire-de-saisie-de-donnees4-1.png"},{"@type":"BreadcrumbList","@id":"https:\/\/exceladvisor.org\/tr\/veri-giris-formu-3\/#breadcrumb","itemListElement":[{"@type":"ListItem","position":1,"name":"Ev","item":"https:\/\/exceladvisor.org\/tr\/"},{"@type":"ListItem","position":2,"name":"Excel&#39;de veri giri\u015f formu nas\u0131l olu\u015fturulur?"}]},{"@type":"WebSite","@id":"https:\/\/exceladvisor.org\/tr\/#website","url":"https:\/\/exceladvisor.org\/tr\/","name":"Excel Advisor","description":"Veri hakimiyetine y\u00f6nelik nihai rehberiniz!","publisher":{"@id":"https:\/\/exceladvisor.org\/tr\/#organization"},"potentialAction":[{"@type":"SearchAction","target":{"@type":"EntryPoint","urlTemplate":"https:\/\/exceladvisor.org\/tr\/?s={search_term_string}"},"query-input":{"@type":"PropertyValueSpecification","valueRequired":true,"valueName":"search_term_string"}}],"inLanguage":"tr"},{"@type":"Organization","@id":"https:\/\/exceladvisor.org\/tr\/#organization","name":"Excel Advisor","url":"https:\/\/exceladvisor.org\/tr\/","logo":{"@type":"ImageObject","inLanguage":"tr","@id":"https:\/\/exceladvisor.org\/tr\/#\/schema\/logo\/image\/","url":"https:\/\/exceladvisor.org\/tr\/wp-content\/uploads\/2023\/12\/exceladvisor.org_.png","contentUrl":"https:\/\/exceladvisor.org\/tr\/wp-content\/uploads\/2023\/12\/exceladvisor.org_.png","width":105,"height":36,"caption":"Excel Advisor"},"image":{"@id":"https:\/\/exceladvisor.org\/tr\/#\/schema\/logo\/image\/"}}]}},"yoast_meta":{"yoast_wpseo_title":"","yoast_wpseo_metadesc":"","yoast_wpseo_canonical":""},"_links":{"self":[{"href":"https:\/\/exceladvisor.org\/tr\/wp-json\/wp\/v2\/pages\/1880","targetHints":{"allow":["GET"]}}],"collection":[{"href":"https:\/\/exceladvisor.org\/tr\/wp-json\/wp\/v2\/pages"}],"about":[{"href":"https:\/\/exceladvisor.org\/tr\/wp-json\/wp\/v2\/types\/page"}],"author":[{"embeddable":true,"href":"https:\/\/exceladvisor.org\/tr\/wp-json\/wp\/v2\/users\/1"}],"replies":[{"embeddable":true,"href":"https:\/\/exceladvisor.org\/tr\/wp-json\/wp\/v2\/comments?post=1880"}],"version-history":[{"count":1,"href":"https:\/\/exceladvisor.org\/tr\/wp-json\/wp\/v2\/pages\/1880\/revisions"}],"predecessor-version":[{"id":2633,"href":"https:\/\/exceladvisor.org\/tr\/wp-json\/wp\/v2\/pages\/1880\/revisions\/2633"}],"wp:attachment":[{"href":"https:\/\/exceladvisor.org\/tr\/wp-json\/wp\/v2\/media?parent=1880"}],"curies":[{"name":"wp","href":"https:\/\/api.w.org\/{rel}","templated":true}]}}