{"id":1882,"date":"2023-10-30T09:21:02","date_gmt":"2023-10-30T09:21:02","guid":{"rendered":"https:\/\/exceladvisor.org\/tr\/veri-kaybetmeden-hucreleri-birlestirme\/"},"modified":"2023-12-10T06:07:59","modified_gmt":"2023-12-10T06:07:59","slug":"veri-kaybetmeden-hucreleri-birlestirme","status":"publish","type":"page","link":"https:\/\/exceladvisor.org\/tr\/veri-kaybetmeden-hucreleri-birlestirme\/","title":{"rendered":"Veri kayb\u0131 olmadan h\u00fccreler nas\u0131l birle\u015ftirilir?"},"content":{"rendered":"<div class=\"excel-icerikten-once\" id=\"excel-1117906445\"><script type=\"text\/javascript\">\r\n\tatOptions = {\r\n\t\t'key' : 'c1158f160081d6540a8409e6925dab94',\r\n\t\t'format' : 'iframe',\r\n\t\t'height' : 250,\r\n\t\t'width' : 300,\r\n\t\t'params' : {}\r\n\t};\r\n<\/script>\r\n<script type=\"text\/javascript\" src=\"\/\/www.highperformanceformat.com\/c1158f160081d6540a8409e6925dab94\/invoke.js\"><\/script><\/div> <p>Excel&#8217;de verilerle \u00e7al\u0131\u015f\u0131rken bazen birden fazla h\u00fccreyi tek bir h\u00fccrede birle\u015ftirmeniz gerekir. Ancak burada sorun \u015fu ki, bunu yapt\u0131\u011f\u0131n\u0131zda birle\u015ftirmek istedi\u011finiz t\u00fcm h\u00fccrelerden yaln\u0131zca sol \u00fcst h\u00fccrenin de\u011ferini alabilirsiniz. <\/p><div class=\"wp-block-image\"><figure class=\"aligncenter size-full is-resized\"><img loading=\"lazy\" decoding=\"async\" class=\"wp-image-72452\" src=\"https:\/\/exceladvisor.org\/wp-content\/uploads\/2023\/08\/1-fusionner-des-cellules.png\" sizes=\"auto, \" srcset=\"\" alt=\"h\u00fccreleri birle\u015ftir\" width=\"533\" height=\"285\"><\/figure><\/div><p> \u015eimdi bu sorunu \u00e7\u00f6zmek i\u00e7in, verileri kaybetmeden h\u00fccreleri birle\u015ftirmek i\u00e7in kullanabilece\u011finiz birka\u00e7 y\u00f6ntem var; bu, birden fazla h\u00fccredeki verileri tek bir h\u00fccreye almak anlam\u0131na gelir.<\/p><h2 class=\"wp-block-heading\"> Kay\u0131p verilerle h\u00fccreleri birle\u015ftirmek i\u00e7in Yasla&#8217;y\u0131 doldurun (birden fazla h\u00fccreden bir h\u00fccredeki de\u011ferleri al\u0131n)<\/h2><p> Birden fazla h\u00fccreden gelen de\u011ferleri birle\u015ftirmek istiyorsan\u0131z, bunu bir kez yapmak istiyorsan\u0131z ve bu de\u011ferler dikey s\u0131radaysa, o zaman <a href=\"https:\/\/exceladvisor.org\/tr\/tamamen-hakli-cikarmak\/\">dolgu hizalamas\u0131n\u0131 kullanmak en iyi yoldur<\/a> . <\/p><div class=\"wp-block-image\"><figure class=\"aligncenter size-full is-resized\"><img loading=\"lazy\" decoding=\"async\" class=\"wp-image-72453\" src=\"https:\/\/exceladvisor.org\/wp-content\/uploads\/2023\/08\/2-remplir-justifier-pour-fusionner-des-cellules.png\" sizes=\"auto, \" srcset=\"\" alt=\"h\u00fccreleri birle\u015ftirmek i\u00e7in-yasla-doldur\" width=\"329\" height=\"311\"><\/figure><\/div><p> Yukar\u0131daki \u00f6rnekte A1:A5 aral\u0131\u011f\u0131nda de\u011ferlerimiz var ve art\u0131k bu de\u011ferleri yaln\u0131zca A1 h\u00fccresine birle\u015ftirmeniz gerekiyor.<\/p><ol><li> \u00d6ncelikle s\u00fctununuzun yeterince geni\u015f oldu\u011fundan emin olman\u0131z gerekir, b\u00f6ylece be\u015f de\u011ferin t\u00fcm\u00fcn\u00fc birle\u015ftirdi\u011finizde A1 h\u00fccresinde yeterli alan olur. <br><img loading=\"lazy\" decoding=\"async\" title=\"3-set-s\u00fctun geni\u015fli\u011fi\" src=\"https:\/\/exceladvisor.org\/wp-content\/uploads\/2023\/08\/3-definir-la-largeur-de-la-colonne.png\" sizes=\"auto, \" srcset=\"\" alt=\"set-the-column-width\" width=\"455\" height=\"352\"><\/li><li> Buradan Ana Sayfa sekmesine gitmeniz gerekiyor. <br><img loading=\"lazy\" decoding=\"async\" title=\"4-ana sayfa sekmesi\" src=\"https:\/\/exceladvisor.org\/wp-content\/uploads\/2023\/08\/4-onglet-daccueil.png\" sizes=\"auto, \" srcset=\"\" alt=\"home-tab\" width=\"343\" height=\"226\"><\/li><li> \u015eimdi ana sayfa sekmesinden d\u00fczenleme grubuna gitmeniz ve ard\u0131ndan doldurma a\u00e7\u0131l\u0131r men\u00fcs\u00fcne t\u0131klaman\u0131z gerekiyor. <br><img loading=\"lazy\" decoding=\"async\" title=\"5 gruplu montaj\" src=\"https:\/\/exceladvisor.org\/wp-content\/uploads\/2023\/08\/5-groupe-dedition.png\" sizes=\"auto, \" srcset=\"\" alt=\"editing-group\" width=\"447\" height=\"322\"><\/li><li> Daha sonra dolgu a\u00e7\u0131l\u0131r listesinde \u201cYasla\u201d se\u00e7ene\u011fine t\u0131klaman\u0131z gerekir. <br><img loading=\"lazy\" decoding=\"async\" title=\"6 t\u0131klamayla gerek\u00e7e se\u00e7ene\u011fi\" src=\"https:\/\/exceladvisor.org\/wp-content\/uploads\/2023\/08\/Option-de-justification-en-6-clics.png\" sizes=\"auto, \" srcset=\"\" alt=\"click-justify-option\" width=\"444\" height=\"464\"><\/li><\/ol><p> \u201c\u0130ki Yasla\u201dya t\u0131klad\u0131\u011f\u0131n\u0131z anda, t\u00fcm h\u00fccrelerin de\u011ferlerini tek bir h\u00fccrede, yani A1&#8217;de birle\u015ftirecektir. <\/p><div class=\"wp-block-image\"><figure class=\"aligncenter size-full is-resized\"><img loading=\"lazy\" decoding=\"async\" class=\"wp-image-72458\" src=\"https:\/\/exceladvisor.org\/wp-content\/uploads\/2023\/08\/7-valeurs-fusionnees-en-utilisant-justifier.png\" sizes=\"auto, \" srcset=\"\" alt=\"yaslama-kullan\u0131larak-birle\u015ftirilmi\u015f de\u011ferler\" width=\"466\" height=\"382\"><\/figure><\/div><p> Daha \u00f6nce de s\u00f6yledi\u011fim gibi, t\u00fcm de\u011ferleri tek bir h\u00fccrede birle\u015ftirebilmesi i\u00e7in <strong><mark class=\"has-inline-color\" style=\"background-color: #fdde6c;\">s\u00fctun geni\u015fli\u011finin yeterli oldu\u011fundan<\/mark><\/strong> emin olman\u0131z gerekir. Aksi takdirde de\u011ferlerin geri kalan\u0131 ikinci h\u00fccreye b\u00f6l\u00fcnecektir. <\/p><div class=\"wp-block-image\"><figure class=\"aligncenter size-full is-resized\"><img loading=\"lazy\" decoding=\"async\" class=\"wp-image-72459\" src=\"https:\/\/exceladvisor.org\/wp-content\/uploads\/2023\/08\/8-valeurs-deplacees-vers-la-deuxieme-cellule.png\" sizes=\"auto, \" srcset=\"\" alt=\"de\u011ferler-ikinci-h\u00fccreye-ta\u015f\u0131nd\u0131\" width=\"414\" height=\"391\"><\/figure><\/div><h2 class=\"wp-block-heading\"> Kay\u0131p verilerle h\u00fccreleri birle\u015ftirmek i\u00e7in form\u00fcller (CONCATENATE ve TEXTJOIN)<\/h2><p> H\u00fccreleri ger\u00e7ek zamanl\u0131 olarak birle\u015ftirmek ve ayr\u0131ca veri kaybetmek istemiyorsan\u0131z. En iyi yol <a href=\"https:\/\/exceladvisor.org\/tr\/bir-dizi-hucreyi-birlestirmek\/\">bir form\u00fcl kullanmakt\u0131r<\/a> . Ve Excel&#8217;de bu form\u00fclleri olu\u015fturmak i\u00e7in iki farkl\u0131 fonksiyonumuz var.<\/p><p> Bu ikisi aras\u0131nda favorim TEXTJOIN, CONCATENATE&#8217;e g\u00f6re yeni ve kullan\u0131m\u0131 kolay bir fonksiyon. <\/p><div class=\"wp-block-image\"><figure class=\"aligncenter size-full is-resized\"><img loading=\"lazy\" decoding=\"async\" class=\"wp-image-72460\" src=\"https:\/\/exceladvisor.org\/wp-content\/uploads\/2023\/08\/9-textjoin-pour-fusionner-les-valeurs-des-cellules.png\" sizes=\"auto, \" srcset=\"\" alt=\"h\u00fccre-de\u011ferlerini birle\u015ftirmek i\u00e7in metin birle\u015ftirme\" width=\"469\" height=\"433\"><\/figure><\/div><pre class=\"wp-block-code\"> <code class=\"language-excel-formula line-numbers\" lang=\"excel-formula\">=TEXTJOIN(\" \",TRUE,A1:A5)<\/code><\/pre><p> TEXTJOIN tan\u0131mlaman\u0131z gereken \u00fc\u00e7 ba\u011f\u0131ms\u0131z de\u011fi\u015fkene sahiptir:<\/p><ul><li> <strong>ay\u0131r\u0131c\u0131<\/strong> : Tek h\u00fccrede birle\u015ftirmek istedi\u011finiz de\u011ferlerin aras\u0131na eklemek istedi\u011finiz s\u0131n\u0131rlay\u0131c\u0131y\u0131 kullanabilirsiniz.<\/li><li> <strong>g\u00f6rmezden_empty<\/strong> : Bo\u015f h\u00fccreleri yoksaymak isteyip istemedi\u011finizi tan\u0131mlayan DO\u011eRU veya YANLI\u015e.<\/li><li> <strong>range_array<\/strong> : De\u011ferlerini birle\u015ftirmek istedi\u011finiz aral\u0131k\/dizi.<\/li><\/ul><p> Ayn\u0131 \u015fekilde, de\u011ferleri tek bir h\u00fccrede birle\u015ftirmek i\u00e7in bir form\u00fcl olu\u015fturmak i\u00e7in CONCATENATE&#8217;i kullanabilirsiniz. <\/p><div class=\"wp-block-image\"><figure class=\"aligncenter size-full is-resized\"><img loading=\"lazy\" decoding=\"async\" class=\"wp-image-72461\" src=\"https:\/\/exceladvisor.org\/wp-content\/uploads\/2023\/08\/10-concatener-pour-fusionner-les-valeurs-des-cellules.png\" sizes=\"auto, \" srcset=\"\" alt=\"h\u00fccre de\u011ferlerini birle\u015ftirmek i\u00e7in birle\u015ftirme\" width=\"580\" height=\"349\"><\/figure><\/div><p class=\"formula\"> =B\u0130RLE\u015eT\u0130R(A1,\u201d \u201c,A2,\u201d \u201c,A3,\u201d \u201c,A4,\u201d \u201c,A5)<\/p><h2 class=\"wp-block-heading\"> Verileri kaybetmeden de\u011ferleri bir h\u00fccreye birle\u015ftirmek i\u00e7in VBA kodu<\/h2><p> Birden fazla h\u00fccreyi birle\u015ftirmek ve veri kaybetmemek i\u00e7in VBA kodunu kullanabilirsiniz. A\u015fa\u011f\u0131da kullanabilece\u011finiz bir kodumuz var.<\/p><pre class=\"wp-block-code\"> <code class=\"language-visual-basic\" lang=\"visual-basic\">Sub vba_merge_with_values() Dim val As String Dim rng As Range Set rng = Selection For Each Cell In rng val = val &amp; \" \" &amp; Cell.Value Next Cell With rng .Merge .Value = Trim(val) .WrapText = True .HorizontalAlignment = xlCenter .VerticalAlignment = xlCenter End With End Sub<\/code><\/pre><p> Bu kodu kullanmak i\u00e7in birle\u015ftirmek istedi\u011finiz aral\u0131\u011f\u0131 se\u00e7ip ard\u0131ndan <a href=\"https:\/\/exceladvisor.org\/tr\/makro-2yi-calistir\/\">bu kodu \u00e7al\u0131\u015ft\u0131rman\u0131z<\/a> gerekir. <\/p><div class=\"wp-block-image\"><figure class=\"aligncenter size-full is-resized\"><img loading=\"lazy\" decoding=\"async\" class=\"wp-image-72462\" src=\"https:\/\/exceladvisor.org\/wp-content\/uploads\/2023\/08\/11-code-vba-pour-fusionner-les-valeurs.png\" sizes=\"auto, \" srcset=\"\" alt=\"de\u011ferleri birle\u015ftirmek i\u00e7in vba kodu\" width=\"608\" height=\"588\"><\/figure><\/div><p> Bu kod, t\u00fcm h\u00fccrelerden de\u011ferleri tek tek al\u0131r ve daha sonra t\u00fcm bu h\u00fccreleri birle\u015ftirir ve daha sonra bu birle\u015ftirilmi\u015f de\u011feri, yukar\u0131daki \u00f6rnekte g\u00f6rd\u00fc\u011f\u00fcn\u00fcz gibi birle\u015ftirilmi\u015f h\u00fccreye ekler <em>(yapamad\u0131\u011f\u0131n\u0131z bir kodu \u00e7al\u0131\u015ft\u0131r\u0131rken bilmeniz gereken bir \u015fey vard\u0131r). geri alma se\u00e7ene\u011fini kullan\u0131n)<\/em> .<\/p><div class=\"gb-container gb-container-4db6181c gb-container-mt\"> <a class=\"gb-button gb-button-c5897111 gb-button-text gb-button-mt-button\" href=\"https:\/\/exceladvisor.org\/tr\/excel-ilerlemesi\/\">\u0130leri D\u00fczey Excel Dersleri<\/a><h2 class=\"gb-headline gb-headline-665e5f6b gb-headline-text gb-headline-mt-heading\"> \u0130lgili e\u011fitimler <\/h2><div class=\"gb-grid-wrapper gb-grid-wrapper-a20baf7c gb-grid-wrapper-mt-grid\"><div class=\"gb-grid-column gb-grid-column-65ddf67e\"><div class=\"gb-container gb-container-65ddf67e\"><ul><li> <a href=\"https:\/\/exceladvisor.org\/tr\/hizli-analiz-araci\/\">Excel&#8217;de H\u0131zl\u0131 Analiz Arac\u0131<\/a><\/li><li> <a href=\"https:\/\/exceladvisor.org\/tr\/birden-fazla-filtre-uygula\/\">S\u00fctunlara birden \u00e7ok filtre uygulama<\/a><\/li><li> <a href=\"https:\/\/exceladvisor.org\/tr\/ust-alt-degerleri-vurgula\/\">Excel&#8217;de \u00fcst ve alt N de\u011ferlerini vurgulay\u0131n<\/a><\/li><li> <a href=\"https:\/\/exceladvisor.org\/tr\/onay-kutusu\/\">Excel&#8217;e onay kutusu ekleme<\/a><\/li><li> <a href=\"https:\/\/exceladvisor.org\/tr\/ozel-carpim-yapistir\/\">\u00d6zel Yap\u0131\u015ft\u0131r&#8217;\u0131 kullanarak Excel&#8217;de \u00e7arpma<\/a><\/li><\/ul><\/div><\/div><\/div><\/div>","protected":false},"excerpt":{"rendered":"","protected":false},"author":1,"featured_media":0,"parent":0,"menu_order":0,"comment_status":"open","ping_status":"closed","template":"","meta":{"ub_ctt_via":"","footnotes":""},"class_list":["post-1882","page","type-page","status-publish","hentry"],"featured_image_src":null,"yoast_head":"<!-- This site is optimized with the Yoast SEO plugin v25.4 - https:\/\/yoast.com\/wordpress\/plugins\/seo\/ -->\n<title>\u25b7 Veri kayb\u0131 olmadan h\u00fccreler nas\u0131l birle\u015ftirilir?<\/title>\n<meta name=\"description\" content=\"Bu derste, birden fazla h\u00fccreyi veri kayb\u0131 olmadan tek bir h\u00fccrede nas\u0131l birle\u015ftirece\u011fimizi \u00f6\u011frenece\u011fiz\u2026\" \/>\n<meta name=\"robots\" content=\"index, follow, max-snippet:-1, max-image-preview:large, max-video-preview:-1\" \/>\n<link rel=\"canonical\" href=\"https:\/\/exceladvisor.org\/tr\/veri-kaybetmeden-hucreleri-birlestirme\/\" \/>\n<meta property=\"og:locale\" content=\"tr_TR\" \/>\n<meta property=\"og:type\" content=\"article\" \/>\n<meta property=\"og:title\" content=\"\u25b7 Veri kayb\u0131 olmadan h\u00fccreler nas\u0131l birle\u015ftirilir?\" \/>\n<meta property=\"og:description\" content=\"Bu derste, birden fazla h\u00fccreyi veri kayb\u0131 olmadan tek bir h\u00fccrede nas\u0131l birle\u015ftirece\u011fimizi \u00f6\u011frenece\u011fiz\u2026\" \/>\n<meta property=\"og:url\" content=\"https:\/\/exceladvisor.org\/tr\/veri-kaybetmeden-hucreleri-birlestirme\/\" \/>\n<meta property=\"og:site_name\" content=\"Excel Advisor\" \/>\n<meta property=\"article:modified_time\" content=\"2023-12-10T06:07:59+00:00\" \/>\n<meta property=\"og:image\" content=\"https:\/\/exceladvisor.org\/wp-content\/uploads\/2023\/08\/1-fusionner-des-cellules.png\" \/>\n<meta name=\"twitter:card\" content=\"summary_large_image\" \/>\n<meta name=\"twitter:label1\" content=\"Tahmini okuma s\u00fcresi\" \/>\n\t<meta name=\"twitter:data1\" content=\"3 dakika\" \/>\n<script type=\"application\/ld+json\" class=\"yoast-schema-graph\">{\"@context\":\"https:\/\/schema.org\",\"@graph\":[{\"@type\":\"WebPage\",\"@id\":\"https:\/\/exceladvisor.org\/tr\/veri-kaybetmeden-hucreleri-birlestirme\/\",\"url\":\"https:\/\/exceladvisor.org\/tr\/veri-kaybetmeden-hucreleri-birlestirme\/\",\"name\":\"\u25b7 Veri kayb\u0131 olmadan h\u00fccreler nas\u0131l birle\u015ftirilir?\",\"isPartOf\":{\"@id\":\"https:\/\/exceladvisor.org\/tr\/#website\"},\"primaryImageOfPage\":{\"@id\":\"https:\/\/exceladvisor.org\/tr\/veri-kaybetmeden-hucreleri-birlestirme\/#primaryimage\"},\"image\":{\"@id\":\"https:\/\/exceladvisor.org\/tr\/veri-kaybetmeden-hucreleri-birlestirme\/#primaryimage\"},\"thumbnailUrl\":\"https:\/\/exceladvisor.org\/wp-content\/uploads\/2023\/08\/1-fusionner-des-cellules.png\",\"datePublished\":\"2023-10-30T09:21:02+00:00\",\"dateModified\":\"2023-12-10T06:07:59+00:00\",\"description\":\"Bu derste, birden fazla h\u00fccreyi veri kayb\u0131 olmadan tek bir h\u00fccrede nas\u0131l birle\u015ftirece\u011fimizi \u00f6\u011frenece\u011fiz\u2026\",\"breadcrumb\":{\"@id\":\"https:\/\/exceladvisor.org\/tr\/veri-kaybetmeden-hucreleri-birlestirme\/#breadcrumb\"},\"inLanguage\":\"tr\",\"potentialAction\":[{\"@type\":\"ReadAction\",\"target\":[\"https:\/\/exceladvisor.org\/tr\/veri-kaybetmeden-hucreleri-birlestirme\/\"]}]},{\"@type\":\"ImageObject\",\"inLanguage\":\"tr\",\"@id\":\"https:\/\/exceladvisor.org\/tr\/veri-kaybetmeden-hucreleri-birlestirme\/#primaryimage\",\"url\":\"https:\/\/exceladvisor.org\/wp-content\/uploads\/2023\/08\/1-fusionner-des-cellules.png\",\"contentUrl\":\"https:\/\/exceladvisor.org\/wp-content\/uploads\/2023\/08\/1-fusionner-des-cellules.png\"},{\"@type\":\"BreadcrumbList\",\"@id\":\"https:\/\/exceladvisor.org\/tr\/veri-kaybetmeden-hucreleri-birlestirme\/#breadcrumb\",\"itemListElement\":[{\"@type\":\"ListItem\",\"position\":1,\"name\":\"Ev\",\"item\":\"https:\/\/exceladvisor.org\/tr\/\"},{\"@type\":\"ListItem\",\"position\":2,\"name\":\"Veri kayb\u0131 olmadan h\u00fccreler nas\u0131l birle\u015ftirilir?\"}]},{\"@type\":\"WebSite\",\"@id\":\"https:\/\/exceladvisor.org\/tr\/#website\",\"url\":\"https:\/\/exceladvisor.org\/tr\/\",\"name\":\"Excel Advisor\",\"description\":\"Veri hakimiyetine y\u00f6nelik nihai rehberiniz!\",\"publisher\":{\"@id\":\"https:\/\/exceladvisor.org\/tr\/#organization\"},\"potentialAction\":[{\"@type\":\"SearchAction\",\"target\":{\"@type\":\"EntryPoint\",\"urlTemplate\":\"https:\/\/exceladvisor.org\/tr\/?s={search_term_string}\"},\"query-input\":{\"@type\":\"PropertyValueSpecification\",\"valueRequired\":true,\"valueName\":\"search_term_string\"}}],\"inLanguage\":\"tr\"},{\"@type\":\"Organization\",\"@id\":\"https:\/\/exceladvisor.org\/tr\/#organization\",\"name\":\"Excel Advisor\",\"url\":\"https:\/\/exceladvisor.org\/tr\/\",\"logo\":{\"@type\":\"ImageObject\",\"inLanguage\":\"tr\",\"@id\":\"https:\/\/exceladvisor.org\/tr\/#\/schema\/logo\/image\/\",\"url\":\"https:\/\/exceladvisor.org\/tr\/wp-content\/uploads\/2023\/12\/exceladvisor.org_.png\",\"contentUrl\":\"https:\/\/exceladvisor.org\/tr\/wp-content\/uploads\/2023\/12\/exceladvisor.org_.png\",\"width\":105,\"height\":36,\"caption\":\"Excel Advisor\"},\"image\":{\"@id\":\"https:\/\/exceladvisor.org\/tr\/#\/schema\/logo\/image\/\"}}]}<\/script>\n<!-- \/ Yoast SEO plugin. -->","yoast_head_json":{"title":"\u25b7 Veri kayb\u0131 olmadan h\u00fccreler nas\u0131l birle\u015ftirilir?","description":"Bu derste, birden fazla h\u00fccreyi veri kayb\u0131 olmadan tek bir h\u00fccrede nas\u0131l birle\u015ftirece\u011fimizi \u00f6\u011frenece\u011fiz\u2026","robots":{"index":"index","follow":"follow","max-snippet":"max-snippet:-1","max-image-preview":"max-image-preview:large","max-video-preview":"max-video-preview:-1"},"canonical":"https:\/\/exceladvisor.org\/tr\/veri-kaybetmeden-hucreleri-birlestirme\/","og_locale":"tr_TR","og_type":"article","og_title":"\u25b7 Veri kayb\u0131 olmadan h\u00fccreler nas\u0131l birle\u015ftirilir?","og_description":"Bu derste, birden fazla h\u00fccreyi veri kayb\u0131 olmadan tek bir h\u00fccrede nas\u0131l birle\u015ftirece\u011fimizi \u00f6\u011frenece\u011fiz\u2026","og_url":"https:\/\/exceladvisor.org\/tr\/veri-kaybetmeden-hucreleri-birlestirme\/","og_site_name":"Excel Advisor","article_modified_time":"2023-12-10T06:07:59+00:00","og_image":[{"url":"https:\/\/exceladvisor.org\/wp-content\/uploads\/2023\/08\/1-fusionner-des-cellules.png","type":"","width":"","height":""}],"twitter_card":"summary_large_image","twitter_misc":{"Tahmini okuma s\u00fcresi":"3 dakika"},"schema":{"@context":"https:\/\/schema.org","@graph":[{"@type":"WebPage","@id":"https:\/\/exceladvisor.org\/tr\/veri-kaybetmeden-hucreleri-birlestirme\/","url":"https:\/\/exceladvisor.org\/tr\/veri-kaybetmeden-hucreleri-birlestirme\/","name":"\u25b7 Veri kayb\u0131 olmadan h\u00fccreler nas\u0131l birle\u015ftirilir?","isPartOf":{"@id":"https:\/\/exceladvisor.org\/tr\/#website"},"primaryImageOfPage":{"@id":"https:\/\/exceladvisor.org\/tr\/veri-kaybetmeden-hucreleri-birlestirme\/#primaryimage"},"image":{"@id":"https:\/\/exceladvisor.org\/tr\/veri-kaybetmeden-hucreleri-birlestirme\/#primaryimage"},"thumbnailUrl":"https:\/\/exceladvisor.org\/wp-content\/uploads\/2023\/08\/1-fusionner-des-cellules.png","datePublished":"2023-10-30T09:21:02+00:00","dateModified":"2023-12-10T06:07:59+00:00","description":"Bu derste, birden fazla h\u00fccreyi veri kayb\u0131 olmadan tek bir h\u00fccrede nas\u0131l birle\u015ftirece\u011fimizi \u00f6\u011frenece\u011fiz\u2026","breadcrumb":{"@id":"https:\/\/exceladvisor.org\/tr\/veri-kaybetmeden-hucreleri-birlestirme\/#breadcrumb"},"inLanguage":"tr","potentialAction":[{"@type":"ReadAction","target":["https:\/\/exceladvisor.org\/tr\/veri-kaybetmeden-hucreleri-birlestirme\/"]}]},{"@type":"ImageObject","inLanguage":"tr","@id":"https:\/\/exceladvisor.org\/tr\/veri-kaybetmeden-hucreleri-birlestirme\/#primaryimage","url":"https:\/\/exceladvisor.org\/wp-content\/uploads\/2023\/08\/1-fusionner-des-cellules.png","contentUrl":"https:\/\/exceladvisor.org\/wp-content\/uploads\/2023\/08\/1-fusionner-des-cellules.png"},{"@type":"BreadcrumbList","@id":"https:\/\/exceladvisor.org\/tr\/veri-kaybetmeden-hucreleri-birlestirme\/#breadcrumb","itemListElement":[{"@type":"ListItem","position":1,"name":"Ev","item":"https:\/\/exceladvisor.org\/tr\/"},{"@type":"ListItem","position":2,"name":"Veri kayb\u0131 olmadan h\u00fccreler nas\u0131l birle\u015ftirilir?"}]},{"@type":"WebSite","@id":"https:\/\/exceladvisor.org\/tr\/#website","url":"https:\/\/exceladvisor.org\/tr\/","name":"Excel Advisor","description":"Veri hakimiyetine y\u00f6nelik nihai rehberiniz!","publisher":{"@id":"https:\/\/exceladvisor.org\/tr\/#organization"},"potentialAction":[{"@type":"SearchAction","target":{"@type":"EntryPoint","urlTemplate":"https:\/\/exceladvisor.org\/tr\/?s={search_term_string}"},"query-input":{"@type":"PropertyValueSpecification","valueRequired":true,"valueName":"search_term_string"}}],"inLanguage":"tr"},{"@type":"Organization","@id":"https:\/\/exceladvisor.org\/tr\/#organization","name":"Excel Advisor","url":"https:\/\/exceladvisor.org\/tr\/","logo":{"@type":"ImageObject","inLanguage":"tr","@id":"https:\/\/exceladvisor.org\/tr\/#\/schema\/logo\/image\/","url":"https:\/\/exceladvisor.org\/tr\/wp-content\/uploads\/2023\/12\/exceladvisor.org_.png","contentUrl":"https:\/\/exceladvisor.org\/tr\/wp-content\/uploads\/2023\/12\/exceladvisor.org_.png","width":105,"height":36,"caption":"Excel Advisor"},"image":{"@id":"https:\/\/exceladvisor.org\/tr\/#\/schema\/logo\/image\/"}}]}},"yoast_meta":{"yoast_wpseo_title":"","yoast_wpseo_metadesc":"","yoast_wpseo_canonical":""},"_links":{"self":[{"href":"https:\/\/exceladvisor.org\/tr\/wp-json\/wp\/v2\/pages\/1882","targetHints":{"allow":["GET"]}}],"collection":[{"href":"https:\/\/exceladvisor.org\/tr\/wp-json\/wp\/v2\/pages"}],"about":[{"href":"https:\/\/exceladvisor.org\/tr\/wp-json\/wp\/v2\/types\/page"}],"author":[{"embeddable":true,"href":"https:\/\/exceladvisor.org\/tr\/wp-json\/wp\/v2\/users\/1"}],"replies":[{"embeddable":true,"href":"https:\/\/exceladvisor.org\/tr\/wp-json\/wp\/v2\/comments?post=1882"}],"version-history":[{"count":1,"href":"https:\/\/exceladvisor.org\/tr\/wp-json\/wp\/v2\/pages\/1882\/revisions"}],"predecessor-version":[{"id":2962,"href":"https:\/\/exceladvisor.org\/tr\/wp-json\/wp\/v2\/pages\/1882\/revisions\/2962"}],"wp:attachment":[{"href":"https:\/\/exceladvisor.org\/tr\/wp-json\/wp\/v2\/media?parent=1882"}],"curies":[{"name":"wp","href":"https:\/\/api.w.org\/{rel}","templated":true}]}}