{"id":1883,"date":"2023-10-30T09:18:58","date_gmt":"2023-10-30T09:18:58","guid":{"rendered":"https:\/\/exceladvisor.org\/tr\/tarih-formatini-degistir\/"},"modified":"2023-12-10T06:02:39","modified_gmt":"2023-12-10T06:02:39","slug":"tarih-formatini-degistir","status":"publish","type":"page","link":"https:\/\/exceladvisor.org\/tr\/tarih-formatini-degistir\/","title":{"rendered":"Excel&#39;de tarih format\u0131 nas\u0131l de\u011fi\u015ftirilir?"},"content":{"rendered":"<div class=\"excel-icerikten-once\" id=\"excel-2292158054\"><script type=\"text\/javascript\">\r\n\tatOptions = {\r\n\t\t'key' : 'c1158f160081d6540a8409e6925dab94',\r\n\t\t'format' : 'iframe',\r\n\t\t'height' : 250,\r\n\t\t'width' : 300,\r\n\t\t'params' : {}\r\n\t};\r\n<\/script>\r\n<script type=\"text\/javascript\" src=\"\/\/www.highperformanceformat.com\/c1158f160081d6540a8409e6925dab94\/invoke.js\"><\/script><\/div> <p>Excel&#8217;in en iyi yanlar\u0131ndan biri, tarih formatlar\u0131n\u0131 de\u011fi\u015ftirip ihtiya\u00e7lar\u0131n\u0131za veya kullan\u0131c\u0131ya nas\u0131l g\u00f6stermek istedi\u011finize g\u00f6re bir format uygulayabilmenizdir.<\/p><p> Bu e\u011fitimde sat\u0131\u015flar\u0131, k\u00e2rlar\u0131 ve olaylar\u0131 analiz etmek \u00e7ok \u00f6nemli oldu\u011fundan tarih format\u0131n\u0131 nas\u0131l de\u011fi\u015ftirece\u011fimizi \u00f6\u011frenece\u011fiz.<\/p><h2 class=\"wp-block-heading\"> <strong>Excel&#8217;de Tarih Format\u0131n\u0131 De\u011fi\u015ftirme Ad\u0131mlar\u0131<\/strong><\/h2><p> A\u015fa\u011f\u0131da Excel&#8217;deki tarih bi\u00e7imini h\u0131zl\u0131 bir \u015fekilde de\u011fi\u015ftirme ad\u0131mlar\u0131 verilmi\u015ftir.<\/p><ol><li> \u00d6ncelikle tarih bi\u00e7imini de\u011fi\u015ftirmek istedi\u011finiz h\u00fccreyi veya h\u00fccre aral\u0131\u011f\u0131n\u0131 se\u00e7in.<\/li><li> Daha sonra \u201c <strong>Ana Sayfa<\/strong> \u201d sekmesine gidin ve \u201c <strong>Say\u0131<\/strong> \u201d grubuna t\u0131klay\u0131n.<\/li><li> Daha sonra say\u0131 grubundaki \u00d6zel a\u00e7\u0131l\u0131r listesine t\u0131klad\u0131\u011f\u0131n\u0131zda \u201c <strong>Uzun Tarih<\/strong> \u201d ve \u201c <strong>K\u0131sa Tarih<\/strong> \u201d se\u00e7enekleri g\u00f6r\u00fcnecektir. <br><img loading=\"lazy\" decoding=\"async\" title=\"1-k\u0131sa-uzun-tarih se\u00e7in\" src=\"https:\/\/exceladvisor.org\/wp-content\/uploads\/2023\/08\/1-selectionner-une-date-longue-courte.png\" sizes=\"auto, \" srcset=\"\" alt=\"select-short-long-date-date-format\" width=\"801\" height=\"446\"><\/li><li> Uzun tarih format\u0131 (02 Ocak 2000) olarak g\u00f6r\u00fcnt\u00fclenir ve k\u0131sa tarih format\u0131 (02-01-22) \u015feklinde g\u00f6r\u00fcn\u00fcr. \u0130kisinden birini se\u00e7ebilirsiniz.<\/li><\/ol><p> Alt k\u0131s\u0131mda \u201c <strong>Di\u011fer say\u0131 bi\u00e7imleri<\/strong> \u201d se\u00e7ene\u011fi bulunmaktad\u0131r. Daha fazla tarih format\u0131 almak i\u00e7in buray\u0131 t\u0131klay\u0131n. <\/p><div class=\"wp-block-image\"><figure class=\"aligncenter size-full is-resized\"><img loading=\"lazy\" decoding=\"async\" class=\"wp-image-70664\" src=\"https:\/\/exceladvisor.org\/wp-content\/uploads\/2023\/08\/2-autres-formats-de-nombres.png\" sizes=\"auto, \" srcset=\"\" alt=\"daha fazla say\u0131 bi\u00e7imine t\u0131klay\u0131n\" width=\"726\" height=\"473\"><\/figure><\/div><p> T\u0131klad\u0131\u011f\u0131n\u0131zda H\u00fccreleri Bi\u00e7imlendir penceresi a\u00e7\u0131l\u0131r ve orada Tarih kategorisini se\u00e7meniz gerekir. <\/p><div class=\"wp-block-image\"><figure class=\"aligncenter size-full is-resized\"><img loading=\"lazy\" decoding=\"async\" class=\"wp-image-70665\" src=\"https:\/\/exceladvisor.org\/wp-content\/uploads\/2023\/08\/3-boite-de-dialogue-avec-les-formats.png\" sizes=\"auto, \" srcset=\"\" alt=\"tarih-bi\u00e7imli-ileti\u015fim kutusu\" width=\"548\" height=\"542\"><\/figure><\/div><p> \u00d6rnekle birlikte g\u00f6sterilen tarih bi\u00e7imi t\u00fcrleri, konumlar\u0131 ve dili burada bulabilirsiniz. Belirli bir format\u0131 se\u00e7ebilirsiniz ve size e-tabloda nas\u0131l g\u00f6r\u00fcnece\u011fine dair bir fikir veren \u00f6rne\u011fi g\u00f6r\u00fcnt\u00fcler.<\/p><p> Son olarak kullanmak istedi\u011finiz tarih format\u0131n\u0131 belirledikten sonra \u201c <strong>Tamam<\/strong> \u201d butonuna t\u0131klay\u0131n\u0131z. <\/p><div class=\"wp-block-image\"><figure class=\"aligncenter size-full is-resized\"><img decoding=\"async\" class=\"wp-image-70666\" src=\"https:\/\/exceladvisor.org\/wp-content\/uploads\/2023\/08\/4-format-final-et-ok.png\" sizes=\"\" srcset=\"\" alt=\"son-bi\u00e7im-tarih-bi\u00e7imini se\u00e7in\" width=\"-387\" height=\"-249\"><\/figure><\/div><h2 class=\"wp-block-heading\"> <strong>Kendi \u00f6zel tarih bi\u00e7iminizi olu\u015fturun<\/strong><\/h2><p> Hi\u00e7 \u015f\u00fcphe yok ki, varsay\u0131lan olarak kullan\u0131labilen \u00e7e\u015fitli formatlar vard\u0131r. Ancak format\u0131 ihtiyac\u0131n\u0131za g\u00f6re olu\u015fturmak istiyorsan\u0131z belirli kodlar\u0131 kullanarak olu\u015fturabilirsiniz.<\/p><ol><li style=\"list-style-type: none;\"><ol><li> Bunu yapmak i\u00e7in \u00f6nce tarihleri i\u00e7eren h\u00fccre aral\u0131\u011f\u0131n\u0131 se\u00e7melisiniz.<\/li><li> Daha sonra, <a href=\"https:\/\/exceladvisor.org\/tr\/a\/\">H\u00fccreleri Bi\u00e7imlendir ileti\u015fim kutusunu a\u00e7mak i\u00e7in ( <strong>Ctrl+1<\/strong> )<\/a> tu\u015funa bas\u0131n ve kategori listesinin alt\u0131ndaki \u201c\u00d6zel\u201d se\u00e7ene\u011fine t\u0131klay\u0131n. <br><img loading=\"lazy\" decoding=\"async\" title=\"5-\u00f6zel se\u00e7enek\" src=\"https:\/\/exceladvisor.org\/wp-content\/uploads\/2023\/08\/5-options-personnalisees.png\" sizes=\"auto, \" srcset=\"\" alt=\"use-custom-option-date-format\" width=\"902\" height=\"662\"><\/li><li> Art\u0131k <strong>T\u00fcr metin kutusunda<\/strong> belirli bir kod oldu\u011funu fark edeceksiniz ve kendi bi\u00e7iminizi olu\u015fturmak i\u00e7in bu kodu yeniden olu\u015fturabilir veya de\u011fi\u015ftirebilirsiniz.<\/li><li> Bunu yapt\u0131ktan sonra &#8220;Tamam&#8221;\u0131 t\u0131klad\u0131\u011f\u0131n\u0131zda se\u00e7ilen h\u00fccreler yeni formata d\u00f6n\u00fc\u015fecektir. <\/li><\/ol><\/li><\/ol><p><img loading=\"lazy\" decoding=\"async\" title=\"6-\u00f6rnek-g\u00f6ster ve tamam\" src=\"https:\/\/exceladvisor.org\/wp-content\/uploads\/2023\/08\/6-exemples-de-spectacle-et-ok.png\" sizes=\"auto, \" srcset=\"\" alt=\"check-sample-date-format\" width=\"593\" height=\"591\"><\/p><p> Tamam&#8217;a t\u0131klad\u0131\u011f\u0131n\u0131z anda tarih format\u0131 belirtti\u011fim \u00f6zel formata de\u011fi\u015fiyor. <\/p><div class=\"wp-block-image\"><figure class=\"aligncenter size-full is-resized\"><img loading=\"lazy\" decoding=\"async\" class=\"wp-image-70669\" src=\"https:\/\/exceladvisor.org\/wp-content\/uploads\/2023\/08\/7-ecran-final.png\" sizes=\"auto, \" srcset=\"\" alt=\"tarih-bi\u00e7imli-son-ekran\" width=\"351\" height=\"316\"><\/figure><\/div><p> <a href=\"https:\/\/exceladvisor.org\/tr\/ozel-tarih-formatlari\/\">Ki\u015fiselle\u015ftirilmi\u015f tarihinizi olu\u015fturmak<\/a> i\u00e7in a\u015fa\u011f\u0131daki tabloyu kullanabilirsiniz. <\/p><figure class=\"wp-block-table\"><table class=\"mtr-table mtr-tr-td\"><tbody><tr><td class=\"mtr-td-tag\" data-mtr-content=\"Code\"><div class=\"mtr-cell-content\"> <strong>Kodlanm\u0131\u015f<\/strong><\/div><\/td><td class=\"mtr-td-tag\" data-mtr-content=\"Describes:\"><div class=\"mtr-cell-content\"> <strong>Tan\u0131m:<\/strong><\/div><\/td><td class=\"mtr-td-tag\" data-mtr-content=\"Example\"><div class=\"mtr-cell-content\"><strong>\u00d6rnek<\/strong><\/div><\/td><\/tr><tr><td class=\"mtr-td-tag\" data-mtr-content=\"Code\"><div class=\"mtr-cell-content\"> bir kelime de\u011fil<\/div><\/td><td class=\"mtr-td-tag\" data-mtr-content=\"Describes:\"><div class=\"mtr-cell-content\"> G\u00fcn numaras\u0131<\/div><\/td><td class=\"mtr-td-tag\" data-mtr-content=\"Example\"><div class=\"mtr-cell-content\"> 01<\/div><\/td><\/tr><tr><td class=\"mtr-td-tag\" data-mtr-content=\"Code\"><div class=\"mtr-cell-content\"> milimetre<\/div><\/td><td class=\"mtr-td-tag\" data-mtr-content=\"Describes:\"><div class=\"mtr-cell-content\"> Ay\u0131n say\u0131s\u0131<\/div><\/td><td class=\"mtr-td-tag\" data-mtr-content=\"Example\"><div class=\"mtr-cell-content\"> 02<\/div><\/td><\/tr><tr><td class=\"mtr-td-tag\" data-mtr-content=\"Code\"><div class=\"mtr-cell-content\"> aaaa<\/div><\/td><td class=\"mtr-td-tag\" data-mtr-content=\"Describes:\"><div class=\"mtr-cell-content\"> T\u00fcm y\u0131l<\/div><\/td><td class=\"mtr-td-tag\" data-mtr-content=\"Example\"><div class=\"mtr-cell-content\"> 2022<\/div><\/td><\/tr><tr><td class=\"mtr-td-tag\" data-mtr-content=\"Code\"><div class=\"mtr-cell-content\"> mmm<\/div><\/td><td class=\"mtr-td-tag\" data-mtr-content=\"Describes:\"><div class=\"mtr-cell-content\"> Ay\u0131n ad\u0131 (k\u0131sa)<\/div><\/td><td class=\"mtr-td-tag\" data-mtr-content=\"Example\"><div class=\"mtr-cell-content\"> Ocak<\/div><\/td><\/tr><tr><td class=\"mtr-td-tag\" data-mtr-content=\"Code\"><div class=\"mtr-cell-content\"> aa<\/div><\/td><td class=\"mtr-td-tag\" data-mtr-content=\"Describes:\"><div class=\"mtr-cell-content\"> Y\u0131l\u0131n son iki rakam\u0131<\/div><\/td><td class=\"mtr-td-tag\" data-mtr-content=\"Example\"><div class=\"mtr-cell-content\"> 22 <\/div><\/td><\/tr><\/tbody><\/table><\/figure><div class=\"gb-container gb-container-4db6181c gb-container-mt\"> <a class=\"gb-button gb-button-c5897111 gb-button-text gb-button-mt-button\" href=\"https:\/\/exceladvisor.org\/tr\/excelin-temelleri\/\">Microsoft Excel Temelleri (Bile\u015fenler, Par\u00e7alar ve Bilgi Notlar\u0131)<\/a><h2 class=\"gb-headline gb-headline-665e5f6b gb-headline-text gb-headline-mt-heading\"> \u0130lgili e\u011fitimler <\/h2><div class=\"gb-grid-wrapper gb-grid-wrapper-a20baf7c gb-grid-wrapper-mt-grid\"><div class=\"gb-grid-column gb-grid-column-65ddf67e\"><div class=\"gb-container gb-container-65ddf67e\"><ul><li> <a href=\"https:\/\/exceladvisor.org\/tr\/muhasebe-numarasi-formati\/\">Excel&#8217;de muhasebe numaras\u0131 bi\u00e7imini uygulama<\/a><\/li><li> <a href=\"https:\/\/exceladvisor.org\/tr\/hucre-rengi\/\">Excel&#8217;de bir h\u00fccreye veya sayfan\u0131n tamam\u0131na arka plan rengi uygulama<\/a><\/li><li> <a href=\"https:\/\/exceladvisor.org\/tr\/izgara\/\">Excel k\u0131lavuz \u00e7izgilerini yazd\u0131r\u0131n (silin, k\u0131salt\u0131n ve rengi de\u011fi\u015ftirin)<\/a><\/li><li> <a href=\"https:\/\/exceladvisor.org\/tr\/sayfa-numarasi-ekle\/\">Excel&#8217;de sayfa numaras\u0131 ekleme<\/a> <\/li><\/ul><\/div><\/div><div class=\"gb-grid-column gb-grid-column-50067b57\"><div class=\"gb-container gb-container-50067b57\"><\/div><\/div><\/div><\/div>","protected":false},"excerpt":{"rendered":"","protected":false},"author":1,"featured_media":0,"parent":0,"menu_order":0,"comment_status":"open","ping_status":"closed","template":"","meta":{"ub_ctt_via":"","footnotes":""},"class_list":["post-1883","page","type-page","status-publish","hentry"],"featured_image_src":null,"yoast_head":"<!-- This site is optimized with the Yoast SEO plugin v25.4 - https:\/\/yoast.com\/wordpress\/plugins\/seo\/ -->\n<title>Excel&#039;de Tarih Format\u0131n\u0131 De\u011fi\u015ftirme (K\u0131sa, Uzun ve \u00d6zel)<\/title>\n<meta name=\"description\" content=\"Excel&#039;in en g\u00fczel yanlar\u0131ndan biri de tarih formatlar\u0131n\u0131 de\u011fi\u015ftirip ihtiya\u00e7lar\u0131n\u0131za g\u00f6re format uygulayabilmeniz...\" \/>\n<meta name=\"robots\" content=\"index, follow, max-snippet:-1, max-image-preview:large, max-video-preview:-1\" \/>\n<link rel=\"canonical\" href=\"https:\/\/exceladvisor.org\/tr\/tarih-formatini-degistir\/\" \/>\n<meta property=\"og:locale\" content=\"tr_TR\" \/>\n<meta property=\"og:type\" content=\"article\" \/>\n<meta property=\"og:title\" content=\"Excel&#039;de Tarih Format\u0131n\u0131 De\u011fi\u015ftirme (K\u0131sa, Uzun ve \u00d6zel)\" \/>\n<meta property=\"og:description\" content=\"Excel&#039;in en g\u00fczel yanlar\u0131ndan biri de tarih formatlar\u0131n\u0131 de\u011fi\u015ftirip ihtiya\u00e7lar\u0131n\u0131za g\u00f6re format uygulayabilmeniz...\" \/>\n<meta property=\"og:url\" content=\"https:\/\/exceladvisor.org\/tr\/tarih-formatini-degistir\/\" \/>\n<meta property=\"og:site_name\" content=\"Excel Advisor\" \/>\n<meta property=\"article:modified_time\" content=\"2023-12-10T06:02:39+00:00\" \/>\n<meta property=\"og:image\" content=\"https:\/\/exceladvisor.org\/wp-content\/uploads\/2023\/08\/1-selectionner-une-date-longue-courte.png\" \/>\n<meta name=\"twitter:card\" content=\"summary_large_image\" \/>\n<meta name=\"twitter:label1\" content=\"Tahmini okuma s\u00fcresi\" \/>\n\t<meta name=\"twitter:data1\" content=\"3 dakika\" \/>\n<script type=\"application\/ld+json\" class=\"yoast-schema-graph\">{\"@context\":\"https:\/\/schema.org\",\"@graph\":[{\"@type\":\"WebPage\",\"@id\":\"https:\/\/exceladvisor.org\/tr\/tarih-formatini-degistir\/\",\"url\":\"https:\/\/exceladvisor.org\/tr\/tarih-formatini-degistir\/\",\"name\":\"Excel&#39;de Tarih Format\u0131n\u0131 De\u011fi\u015ftirme (K\u0131sa, Uzun ve \u00d6zel)\",\"isPartOf\":{\"@id\":\"https:\/\/exceladvisor.org\/tr\/#website\"},\"primaryImageOfPage\":{\"@id\":\"https:\/\/exceladvisor.org\/tr\/tarih-formatini-degistir\/#primaryimage\"},\"image\":{\"@id\":\"https:\/\/exceladvisor.org\/tr\/tarih-formatini-degistir\/#primaryimage\"},\"thumbnailUrl\":\"https:\/\/exceladvisor.org\/wp-content\/uploads\/2023\/08\/1-selectionner-une-date-longue-courte.png\",\"datePublished\":\"2023-10-30T09:18:58+00:00\",\"dateModified\":\"2023-12-10T06:02:39+00:00\",\"description\":\"Excel&#39;in en g\u00fczel yanlar\u0131ndan biri de tarih formatlar\u0131n\u0131 de\u011fi\u015ftirip ihtiya\u00e7lar\u0131n\u0131za g\u00f6re format uygulayabilmeniz...\",\"breadcrumb\":{\"@id\":\"https:\/\/exceladvisor.org\/tr\/tarih-formatini-degistir\/#breadcrumb\"},\"inLanguage\":\"tr\",\"potentialAction\":[{\"@type\":\"ReadAction\",\"target\":[\"https:\/\/exceladvisor.org\/tr\/tarih-formatini-degistir\/\"]}]},{\"@type\":\"ImageObject\",\"inLanguage\":\"tr\",\"@id\":\"https:\/\/exceladvisor.org\/tr\/tarih-formatini-degistir\/#primaryimage\",\"url\":\"https:\/\/exceladvisor.org\/wp-content\/uploads\/2023\/08\/1-selectionner-une-date-longue-courte.png\",\"contentUrl\":\"https:\/\/exceladvisor.org\/wp-content\/uploads\/2023\/08\/1-selectionner-une-date-longue-courte.png\"},{\"@type\":\"BreadcrumbList\",\"@id\":\"https:\/\/exceladvisor.org\/tr\/tarih-formatini-degistir\/#breadcrumb\",\"itemListElement\":[{\"@type\":\"ListItem\",\"position\":1,\"name\":\"Ev\",\"item\":\"https:\/\/exceladvisor.org\/tr\/\"},{\"@type\":\"ListItem\",\"position\":2,\"name\":\"Excel&#39;de tarih format\u0131 nas\u0131l de\u011fi\u015ftirilir?\"}]},{\"@type\":\"WebSite\",\"@id\":\"https:\/\/exceladvisor.org\/tr\/#website\",\"url\":\"https:\/\/exceladvisor.org\/tr\/\",\"name\":\"Excel Advisor\",\"description\":\"Veri hakimiyetine y\u00f6nelik nihai rehberiniz!\",\"publisher\":{\"@id\":\"https:\/\/exceladvisor.org\/tr\/#organization\"},\"potentialAction\":[{\"@type\":\"SearchAction\",\"target\":{\"@type\":\"EntryPoint\",\"urlTemplate\":\"https:\/\/exceladvisor.org\/tr\/?s={search_term_string}\"},\"query-input\":{\"@type\":\"PropertyValueSpecification\",\"valueRequired\":true,\"valueName\":\"search_term_string\"}}],\"inLanguage\":\"tr\"},{\"@type\":\"Organization\",\"@id\":\"https:\/\/exceladvisor.org\/tr\/#organization\",\"name\":\"Excel Advisor\",\"url\":\"https:\/\/exceladvisor.org\/tr\/\",\"logo\":{\"@type\":\"ImageObject\",\"inLanguage\":\"tr\",\"@id\":\"https:\/\/exceladvisor.org\/tr\/#\/schema\/logo\/image\/\",\"url\":\"https:\/\/exceladvisor.org\/tr\/wp-content\/uploads\/2023\/12\/exceladvisor.org_.png\",\"contentUrl\":\"https:\/\/exceladvisor.org\/tr\/wp-content\/uploads\/2023\/12\/exceladvisor.org_.png\",\"width\":105,\"height\":36,\"caption\":\"Excel Advisor\"},\"image\":{\"@id\":\"https:\/\/exceladvisor.org\/tr\/#\/schema\/logo\/image\/\"}}]}<\/script>\n<!-- \/ Yoast SEO plugin. -->","yoast_head_json":{"title":"Excel&#39;de Tarih Format\u0131n\u0131 De\u011fi\u015ftirme (K\u0131sa, Uzun ve \u00d6zel)","description":"Excel&#39;in en g\u00fczel yanlar\u0131ndan biri de tarih formatlar\u0131n\u0131 de\u011fi\u015ftirip ihtiya\u00e7lar\u0131n\u0131za g\u00f6re format uygulayabilmeniz...","robots":{"index":"index","follow":"follow","max-snippet":"max-snippet:-1","max-image-preview":"max-image-preview:large","max-video-preview":"max-video-preview:-1"},"canonical":"https:\/\/exceladvisor.org\/tr\/tarih-formatini-degistir\/","og_locale":"tr_TR","og_type":"article","og_title":"Excel&#39;de Tarih Format\u0131n\u0131 De\u011fi\u015ftirme (K\u0131sa, Uzun ve \u00d6zel)","og_description":"Excel&#39;in en g\u00fczel yanlar\u0131ndan biri de tarih formatlar\u0131n\u0131 de\u011fi\u015ftirip ihtiya\u00e7lar\u0131n\u0131za g\u00f6re format uygulayabilmeniz...","og_url":"https:\/\/exceladvisor.org\/tr\/tarih-formatini-degistir\/","og_site_name":"Excel Advisor","article_modified_time":"2023-12-10T06:02:39+00:00","og_image":[{"url":"https:\/\/exceladvisor.org\/wp-content\/uploads\/2023\/08\/1-selectionner-une-date-longue-courte.png","type":"","width":"","height":""}],"twitter_card":"summary_large_image","twitter_misc":{"Tahmini okuma s\u00fcresi":"3 dakika"},"schema":{"@context":"https:\/\/schema.org","@graph":[{"@type":"WebPage","@id":"https:\/\/exceladvisor.org\/tr\/tarih-formatini-degistir\/","url":"https:\/\/exceladvisor.org\/tr\/tarih-formatini-degistir\/","name":"Excel&#39;de Tarih Format\u0131n\u0131 De\u011fi\u015ftirme (K\u0131sa, Uzun ve \u00d6zel)","isPartOf":{"@id":"https:\/\/exceladvisor.org\/tr\/#website"},"primaryImageOfPage":{"@id":"https:\/\/exceladvisor.org\/tr\/tarih-formatini-degistir\/#primaryimage"},"image":{"@id":"https:\/\/exceladvisor.org\/tr\/tarih-formatini-degistir\/#primaryimage"},"thumbnailUrl":"https:\/\/exceladvisor.org\/wp-content\/uploads\/2023\/08\/1-selectionner-une-date-longue-courte.png","datePublished":"2023-10-30T09:18:58+00:00","dateModified":"2023-12-10T06:02:39+00:00","description":"Excel&#39;in en g\u00fczel yanlar\u0131ndan biri de tarih formatlar\u0131n\u0131 de\u011fi\u015ftirip ihtiya\u00e7lar\u0131n\u0131za g\u00f6re format uygulayabilmeniz...","breadcrumb":{"@id":"https:\/\/exceladvisor.org\/tr\/tarih-formatini-degistir\/#breadcrumb"},"inLanguage":"tr","potentialAction":[{"@type":"ReadAction","target":["https:\/\/exceladvisor.org\/tr\/tarih-formatini-degistir\/"]}]},{"@type":"ImageObject","inLanguage":"tr","@id":"https:\/\/exceladvisor.org\/tr\/tarih-formatini-degistir\/#primaryimage","url":"https:\/\/exceladvisor.org\/wp-content\/uploads\/2023\/08\/1-selectionner-une-date-longue-courte.png","contentUrl":"https:\/\/exceladvisor.org\/wp-content\/uploads\/2023\/08\/1-selectionner-une-date-longue-courte.png"},{"@type":"BreadcrumbList","@id":"https:\/\/exceladvisor.org\/tr\/tarih-formatini-degistir\/#breadcrumb","itemListElement":[{"@type":"ListItem","position":1,"name":"Ev","item":"https:\/\/exceladvisor.org\/tr\/"},{"@type":"ListItem","position":2,"name":"Excel&#39;de tarih format\u0131 nas\u0131l de\u011fi\u015ftirilir?"}]},{"@type":"WebSite","@id":"https:\/\/exceladvisor.org\/tr\/#website","url":"https:\/\/exceladvisor.org\/tr\/","name":"Excel Advisor","description":"Veri hakimiyetine y\u00f6nelik nihai rehberiniz!","publisher":{"@id":"https:\/\/exceladvisor.org\/tr\/#organization"},"potentialAction":[{"@type":"SearchAction","target":{"@type":"EntryPoint","urlTemplate":"https:\/\/exceladvisor.org\/tr\/?s={search_term_string}"},"query-input":{"@type":"PropertyValueSpecification","valueRequired":true,"valueName":"search_term_string"}}],"inLanguage":"tr"},{"@type":"Organization","@id":"https:\/\/exceladvisor.org\/tr\/#organization","name":"Excel Advisor","url":"https:\/\/exceladvisor.org\/tr\/","logo":{"@type":"ImageObject","inLanguage":"tr","@id":"https:\/\/exceladvisor.org\/tr\/#\/schema\/logo\/image\/","url":"https:\/\/exceladvisor.org\/tr\/wp-content\/uploads\/2023\/12\/exceladvisor.org_.png","contentUrl":"https:\/\/exceladvisor.org\/tr\/wp-content\/uploads\/2023\/12\/exceladvisor.org_.png","width":105,"height":36,"caption":"Excel Advisor"},"image":{"@id":"https:\/\/exceladvisor.org\/tr\/#\/schema\/logo\/image\/"}}]}},"yoast_meta":{"yoast_wpseo_title":"","yoast_wpseo_metadesc":"","yoast_wpseo_canonical":""},"_links":{"self":[{"href":"https:\/\/exceladvisor.org\/tr\/wp-json\/wp\/v2\/pages\/1883","targetHints":{"allow":["GET"]}}],"collection":[{"href":"https:\/\/exceladvisor.org\/tr\/wp-json\/wp\/v2\/pages"}],"about":[{"href":"https:\/\/exceladvisor.org\/tr\/wp-json\/wp\/v2\/types\/page"}],"author":[{"embeddable":true,"href":"https:\/\/exceladvisor.org\/tr\/wp-json\/wp\/v2\/users\/1"}],"replies":[{"embeddable":true,"href":"https:\/\/exceladvisor.org\/tr\/wp-json\/wp\/v2\/comments?post=1883"}],"version-history":[{"count":1,"href":"https:\/\/exceladvisor.org\/tr\/wp-json\/wp\/v2\/pages\/1883\/revisions"}],"predecessor-version":[{"id":2609,"href":"https:\/\/exceladvisor.org\/tr\/wp-json\/wp\/v2\/pages\/1883\/revisions\/2609"}],"wp:attachment":[{"href":"https:\/\/exceladvisor.org\/tr\/wp-json\/wp\/v2\/media?parent=1883"}],"curies":[{"name":"wp","href":"https:\/\/api.w.org\/{rel}","templated":true}]}}