{"id":1884,"date":"2023-10-30T09:05:14","date_gmt":"2023-10-30T09:05:14","guid":{"rendered":"https:\/\/exceladvisor.org\/tr\/basliklari-yazdir\/"},"modified":"2023-12-10T06:00:17","modified_gmt":"2023-12-10T06:00:17","slug":"basliklari-yazdir","status":"publish","type":"page","link":"https:\/\/exceladvisor.org\/tr\/basliklari-yazdir\/","title":{"rendered":"Excel&#39;de bask\u0131 ba\u015fl\u0131klar\u0131 nas\u0131l uygulan\u0131r?"},"content":{"rendered":"<div class=\"excel-icerikten-once\" id=\"excel-2817126829\"><script type=\"text\/javascript\">\r\n\tatOptions = {\r\n\t\t'key' : 'c1158f160081d6540a8409e6925dab94',\r\n\t\t'format' : 'iframe',\r\n\t\t'height' : 250,\r\n\t\t'width' : 300,\r\n\t\t'params' : {}\r\n\t};\r\n<\/script>\r\n<script type=\"text\/javascript\" src=\"\/\/www.highperformanceformat.com\/c1158f160081d6540a8409e6925dab94\/invoke.js\"><\/script><\/div> <p>Excel&#8217;de, birden fazla sayfa yazd\u0131rmak istiyorsan\u0131z ancak ilk sat\u0131rdan ba\u015flayarak her sayfan\u0131n en \u00fcst\u00fcne yazd\u0131rmak i\u00e7in bir ba\u015fl\u0131k veya ba\u015fl\u0131k olu\u015fturmak istiyorsan\u0131z, Excel&#8217;deki Ba\u015fl\u0131klar\u0131 Yazd\u0131r se\u00e7ene\u011fini kullanabilirsiniz. <\/p><div class=\"wp-block-image\"><figure class=\"aligncenter size-full is-resized\"><img loading=\"lazy\" decoding=\"async\" class=\"wp-image-72469\" src=\"https:\/\/exceladvisor.org\/wp-content\/uploads\/2023\/08\/1-imprimer-plusieurs-pages.png\" sizes=\"auto, \" srcset=\"\" alt=\"birden fazla sayfa yazd\u0131r\" width=\"651\" height=\"403\"><\/figure><\/div><p> Yukar\u0131da veriler var ve her sayfaya yazd\u0131r\u0131lacak ba\u015fl\u0131k olarak ilk sat\u0131r\u0131 ayarlamam\u0131z gerekiyor. Bu tabloyu yazd\u0131rmaya \u00e7al\u0131\u015ft\u0131\u011f\u0131mda 1000&#8217;den fazla veri sat\u0131r\u0131 var, yazd\u0131r\u0131lacak 23 sayfas\u0131 var.<\/p><h2 class=\"wp-block-heading\"> \u00c7\u0131kt\u0131larda 1 sat\u0131r\u0131 ba\u015fl\u0131k olarak ayarlamak i\u00e7in yazd\u0131rma ba\u015fl\u0131klar\u0131n\u0131 kullan\u0131n<\/h2><ol><li> \u00d6ncelikle D\u00fczen sekmesine gidin \u21e2 Sayfa Seti Grubu \u21e2 Ba\u015fl\u0131klar\u0131 Yazd\u0131r. <br><img loading=\"lazy\" decoding=\"async\" title=\"2 kullan\u0131ml\u0131k bask\u0131l\u0131 d\u00f6\u015femeler\" src=\"https:\/\/exceladvisor.org\/wp-content\/uploads\/2023\/08\/2-utiliser-des-tuiles-dimpression.png\" sizes=\"auto, \" srcset=\"\" alt=\"use-print-tiles\" width=\"654\" height=\"207\"><\/li><li> Bundan sonra, \u201cSayfa Yap\u0131s\u0131\u201d ileti\u015fim kutusunu a\u00e7mak i\u00e7in \u201cBa\u015fl\u0131\u011f\u0131 Yazd\u0131r\u201d d\u00fc\u011fmesine t\u0131klay\u0131n. <br><img loading=\"lazy\" decoding=\"async\" title=\"3 sayfal\u0131 yap\u0131land\u0131rma ileti\u015fim kutusu\" src=\"https:\/\/exceladvisor.org\/wp-content\/uploads\/2023\/08\/Boite-de-dialogue-de-configuration-a-3-pages.png\" sizes=\"auto, \" srcset=\"\" alt=\"page-setup-dialog-box\" width=\"540\" height=\"521\"><\/li><li> \u015eimdi bu diyalog kutusundan \u201c\u00dcstte tekrarlanacak sat\u0131rlar:\u201d se\u00e7ene\u011fini kullanman\u0131z gerekiyor. Bu nedenle, sa\u011f taraftaki yukar\u0131 oka t\u0131klay\u0131n. <br><img loading=\"lazy\" decoding=\"async\" title=\"\u00dcstte tekrarlanacak 4 sat\u0131r se\u00e7in\" src=\"https:\/\/exceladvisor.org\/wp-content\/uploads\/2023\/08\/4-lignes-selectionnees-a-repeter-en-haut.png\" sizes=\"auto, \" srcset=\"\" alt=\"select-rows-to-repeat-at-top\" width=\"541\" height=\"522\"><\/li><li> Bu noktada bir aral\u0131k se\u00e7imi giri\u015f \u00e7ubu\u011funuz var ve bunu belirtmek i\u00e7in ilk sat\u0131r\u0131 se\u00e7meniz gerekiyor. <br><img loading=\"lazy\" decoding=\"async\" title=\"5-belirt-sat\u0131r\u0131\" src=\"https:\/\/exceladvisor.org\/wp-content\/uploads\/2023\/08\/5-specifier-la-ligne.png\" sizes=\"auto, \" srcset=\"\" alt=\"specify-the-row\" width=\"672\" height=\"243\"><\/li><li> Daha sonra, kurulum sayfas\u0131na d\u00f6nmek i\u00e7in sa\u011fdaki a\u015fa\u011f\u0131 oka t\u0131klay\u0131n. <br><img loading=\"lazy\" decoding=\"async\" title=\"6-sayfaya-d\u00f6n\u00fc\u015f-yap\u0131land\u0131rmas\u0131\" src=\"https:\/\/exceladvisor.org\/wp-content\/uploads\/2023\/08\/6-revenir-a-la-configuration-de-la-page.png\" sizes=\"auto, \" srcset=\"\" alt=\"go-back-to-the-page-setup\" width=\"683\" height=\"83\"><\/li><li> Sonunda ayarlar\u0131 kaydetmek i\u00e7in Tamam&#8217;\u0131 t\u0131klay\u0131n. <br><img loading=\"lazy\" decoding=\"async\" title=\"7-ayarlar\u0131 kaydetme\" src=\"https:\/\/exceladvisor.org\/wp-content\/uploads\/2023\/08\/7-enregistrer-les-parametres.png\" sizes=\"auto, \" srcset=\"\" alt=\"save-the-settings\" width=\"542\" height=\"523\"><\/li><\/ol><p> Art\u0131k bu verileri yazd\u0131r\u0131rken Excel her sayfan\u0131n ilk sat\u0131r\u0131n\u0131 yazd\u0131racakt\u0131r. <\/p><div class=\"wp-block-image\"><figure class=\"aligncenter size-full is-resized\"><img loading=\"lazy\" decoding=\"async\" class=\"wp-image-72476\" src=\"https:\/\/exceladvisor.org\/wp-content\/uploads\/2023\/08\/8-donnees-dapercu-avant-impression.png\" sizes=\"auto, \" srcset=\"\" alt=\"\u00f6nizleme verilerini yazd\u0131r\" width=\"812\" height=\"433\"><\/figure><\/div><p> Yukar\u0131daki anl\u0131k g\u00f6r\u00fcnt\u00fcde g\u00f6rebilece\u011finiz gibi, bask\u0131 \u00f6nizlemede toplam 23 sayfam\u0131z var ve ilk sat\u0131rdan ba\u015flayarak belirledi\u011fimiz sayfa ba\u015fl\u0131klar\u0131n\u0131 g\u00f6steriyor.<\/p><h2 class=\"wp-block-heading\"> Yazd\u0131rma ba\u015fl\u0131klar\u0131 (ba\u015fl\u0131klar) olarak birden fazla sat\u0131r kullanma<\/h2><p> Benzer \u015fekilde, ilk sat\u0131r\u0131 belirtti\u011finiz yerde, bask\u0131 ba\u015fl\u0131\u011f\u0131 olarak ayarlamak \u00fczere birden fazla sat\u0131r da belirleyebilirsiniz. <\/p><div class=\"wp-block-image\"><figure class=\"aligncenter size-full is-resized\"><img loading=\"lazy\" decoding=\"async\" class=\"wp-image-72477\" src=\"https:\/\/exceladvisor.org\/wp-content\/uploads\/2023\/08\/9-utiliser-plusieurs-lignes-comme-titre-dimpression.png\" sizes=\"auto, \" srcset=\"\" alt=\"bask\u0131 ba\u015fl\u0131\u011f\u0131 olarak birden fazla sat\u0131r kullan\" width=\"665\" height=\"232\"><\/figure><\/div><p> Bu sat\u0131rlar\u0131 se\u00e7ip giri\u015f \u00e7ubu\u011funda adreslerini belirtmeniz ve ard\u0131ndan Tamam&#8217;\u0131 t\u0131klaman\u0131z yeterlidir. <\/p><div class=\"wp-block-image\"><figure class=\"aligncenter size-full is-resized\"><img loading=\"lazy\" decoding=\"async\" class=\"wp-image-72478\" src=\"https:\/\/exceladvisor.org\/wp-content\/uploads\/2023\/08\/10-selectionner-les-lignes-pour-les-en-tetes.png\" sizes=\"auto, \" srcset=\"\" alt=\"ba\u015fl\u0131klar i\u00e7in sat\u0131r se\u00e7\" width=\"500\" height=\"523\"><\/figure><\/div><p> Ancak yaln\u0131zca s\u00fcrekli sat\u0131rlar\u0131 belirtebilirsiniz, s\u00fcrekli olmayan sat\u0131rlara ba\u015fvurmaya \u00e7al\u0131\u015f\u0131rsan\u0131z bir hata g\u00f6r\u00fcnt\u00fclenecektir. <\/p><div class=\"wp-block-image\"><figure class=\"aligncenter size-full is-resized\"><img loading=\"lazy\" decoding=\"async\" class=\"wp-image-72479\" src=\"https:\/\/exceladvisor.org\/wp-content\/uploads\/2023\/08\/11-selectionner-uniquement-les-lignes-continues.png\" sizes=\"auto, \" srcset=\"\" alt=\"sadece-devam-sat\u0131rlar\u0131n\u0131 se\u00e7\" width=\"568\" height=\"497\"><\/figure><\/div><div class=\"gb-container gb-container-4db6181c gb-container-mt\"> <a class=\"gb-button gb-button-c5897111 gb-button-text gb-button-mt-button\" href=\"https:\/\/exceladvisor.org\/tr\/excel-ilerlemesi\/\">\u0130leri D\u00fczey Excel Dersleri<\/a><h2 class=\"gb-headline gb-headline-665e5f6b gb-headline-text gb-headline-mt-heading\"> \u0130lgili e\u011fitimler <\/h2><div class=\"gb-grid-wrapper gb-grid-wrapper-a20baf7c gb-grid-wrapper-mt-grid\"><div class=\"gb-grid-column gb-grid-column-65ddf67e\"><div class=\"gb-container gb-container-65ddf67e\"><ul><li> <a href=\"https:\/\/exceladvisor.org\/tr\/grafik-kagidi\/\">Excel&#8217;de bir grafik ka\u011f\u0131d\u0131 yazd\u0131rma (kare \u0131zgara \u015fablonu)<\/a><\/li><li> <a href=\"https:\/\/exceladvisor.org\/tr\/sayfa-sonunu-kaldir\/\">Excel&#8217;de sayfa sonunu kald\u0131r<\/a><\/li><li> <a href=\"https:\/\/exceladvisor.org\/tr\/yazdirma-alanini-ayarla\/\">Excel&#8217;de Yazd\u0131rma Alan\u0131n\u0131 Ayarlama<\/a><\/li><li> <a href=\"https:\/\/exceladvisor.org\/tr\/calisma-sayfasini-yatay-olarak-ortalayin\/\">Excel&#8217;de \u00e7al\u0131\u015fma sayfas\u0131n\u0131 yatay ve dikey olarak ortalama<\/a> <\/li><\/ul><\/div><\/div><div class=\"gb-grid-column gb-grid-column-50067b57\"><div class=\"gb-container gb-container-50067b57\"><\/div><\/div><\/div><\/div>","protected":false},"excerpt":{"rendered":"","protected":false},"author":1,"featured_media":0,"parent":0,"menu_order":0,"comment_status":"open","ping_status":"closed","template":"","meta":{"ub_ctt_via":"","footnotes":""},"class_list":["post-1884","page","type-page","status-publish","hentry"],"featured_image_src":null,"yoast_head":"<!-- This site is optimized with the Yoast SEO plugin v25.4 - https:\/\/yoast.com\/wordpress\/plugins\/seo\/ -->\n<title>Excel&#039;de bask\u0131 ba\u015fl\u0131klar\u0131 nas\u0131l uygulan\u0131r?<\/title>\n<meta name=\"description\" content=\"Excel&#039;de, sat\u0131r 1&#039;i yazd\u0131r\u0131lacak \u015fekilde ayarlayabildi\u011fimiz, yazd\u0131rma ba\u015fl\u0131klar\u0131n\u0131 uygulamak i\u00e7in basit ama g\u00fc\u00e7l\u00fc bir se\u00e7enek \u00f6\u011frenin...\" \/>\n<meta name=\"robots\" content=\"index, follow, max-snippet:-1, max-image-preview:large, max-video-preview:-1\" \/>\n<link rel=\"canonical\" href=\"https:\/\/exceladvisor.org\/tr\/basliklari-yazdir\/\" \/>\n<meta property=\"og:locale\" content=\"tr_TR\" \/>\n<meta property=\"og:type\" content=\"article\" \/>\n<meta property=\"og:title\" content=\"Excel&#039;de bask\u0131 ba\u015fl\u0131klar\u0131 nas\u0131l uygulan\u0131r?\" \/>\n<meta property=\"og:description\" content=\"Excel&#039;de, sat\u0131r 1&#039;i yazd\u0131r\u0131lacak \u015fekilde ayarlayabildi\u011fimiz, yazd\u0131rma ba\u015fl\u0131klar\u0131n\u0131 uygulamak i\u00e7in basit ama g\u00fc\u00e7l\u00fc bir se\u00e7enek \u00f6\u011frenin...\" \/>\n<meta property=\"og:url\" content=\"https:\/\/exceladvisor.org\/tr\/basliklari-yazdir\/\" \/>\n<meta property=\"og:site_name\" content=\"Excel Advisor\" \/>\n<meta property=\"article:modified_time\" content=\"2023-12-10T06:00:17+00:00\" \/>\n<meta property=\"og:image\" content=\"https:\/\/exceladvisor.org\/wp-content\/uploads\/2023\/08\/1-imprimer-plusieurs-pages.png\" \/>\n<meta name=\"twitter:card\" content=\"summary_large_image\" \/>\n<meta name=\"twitter:label1\" content=\"Tahmini okuma s\u00fcresi\" \/>\n\t<meta name=\"twitter:data1\" content=\"2 dakika\" \/>\n<script type=\"application\/ld+json\" class=\"yoast-schema-graph\">{\"@context\":\"https:\/\/schema.org\",\"@graph\":[{\"@type\":\"WebPage\",\"@id\":\"https:\/\/exceladvisor.org\/tr\/basliklari-yazdir\/\",\"url\":\"https:\/\/exceladvisor.org\/tr\/basliklari-yazdir\/\",\"name\":\"Excel&#39;de bask\u0131 ba\u015fl\u0131klar\u0131 nas\u0131l uygulan\u0131r?\",\"isPartOf\":{\"@id\":\"https:\/\/exceladvisor.org\/tr\/#website\"},\"primaryImageOfPage\":{\"@id\":\"https:\/\/exceladvisor.org\/tr\/basliklari-yazdir\/#primaryimage\"},\"image\":{\"@id\":\"https:\/\/exceladvisor.org\/tr\/basliklari-yazdir\/#primaryimage\"},\"thumbnailUrl\":\"https:\/\/exceladvisor.org\/wp-content\/uploads\/2023\/08\/1-imprimer-plusieurs-pages.png\",\"datePublished\":\"2023-10-30T09:05:14+00:00\",\"dateModified\":\"2023-12-10T06:00:17+00:00\",\"description\":\"Excel&#39;de, sat\u0131r 1&#39;i yazd\u0131r\u0131lacak \u015fekilde ayarlayabildi\u011fimiz, yazd\u0131rma ba\u015fl\u0131klar\u0131n\u0131 uygulamak i\u00e7in basit ama g\u00fc\u00e7l\u00fc bir se\u00e7enek \u00f6\u011frenin...\",\"breadcrumb\":{\"@id\":\"https:\/\/exceladvisor.org\/tr\/basliklari-yazdir\/#breadcrumb\"},\"inLanguage\":\"tr\",\"potentialAction\":[{\"@type\":\"ReadAction\",\"target\":[\"https:\/\/exceladvisor.org\/tr\/basliklari-yazdir\/\"]}]},{\"@type\":\"ImageObject\",\"inLanguage\":\"tr\",\"@id\":\"https:\/\/exceladvisor.org\/tr\/basliklari-yazdir\/#primaryimage\",\"url\":\"https:\/\/exceladvisor.org\/wp-content\/uploads\/2023\/08\/1-imprimer-plusieurs-pages.png\",\"contentUrl\":\"https:\/\/exceladvisor.org\/wp-content\/uploads\/2023\/08\/1-imprimer-plusieurs-pages.png\"},{\"@type\":\"BreadcrumbList\",\"@id\":\"https:\/\/exceladvisor.org\/tr\/basliklari-yazdir\/#breadcrumb\",\"itemListElement\":[{\"@type\":\"ListItem\",\"position\":1,\"name\":\"Ev\",\"item\":\"https:\/\/exceladvisor.org\/tr\/\"},{\"@type\":\"ListItem\",\"position\":2,\"name\":\"Excel&#39;de bask\u0131 ba\u015fl\u0131klar\u0131 nas\u0131l uygulan\u0131r?\"}]},{\"@type\":\"WebSite\",\"@id\":\"https:\/\/exceladvisor.org\/tr\/#website\",\"url\":\"https:\/\/exceladvisor.org\/tr\/\",\"name\":\"Excel Advisor\",\"description\":\"Veri hakimiyetine y\u00f6nelik nihai rehberiniz!\",\"publisher\":{\"@id\":\"https:\/\/exceladvisor.org\/tr\/#organization\"},\"potentialAction\":[{\"@type\":\"SearchAction\",\"target\":{\"@type\":\"EntryPoint\",\"urlTemplate\":\"https:\/\/exceladvisor.org\/tr\/?s={search_term_string}\"},\"query-input\":{\"@type\":\"PropertyValueSpecification\",\"valueRequired\":true,\"valueName\":\"search_term_string\"}}],\"inLanguage\":\"tr\"},{\"@type\":\"Organization\",\"@id\":\"https:\/\/exceladvisor.org\/tr\/#organization\",\"name\":\"Excel Advisor\",\"url\":\"https:\/\/exceladvisor.org\/tr\/\",\"logo\":{\"@type\":\"ImageObject\",\"inLanguage\":\"tr\",\"@id\":\"https:\/\/exceladvisor.org\/tr\/#\/schema\/logo\/image\/\",\"url\":\"https:\/\/exceladvisor.org\/tr\/wp-content\/uploads\/2023\/12\/exceladvisor.org_.png\",\"contentUrl\":\"https:\/\/exceladvisor.org\/tr\/wp-content\/uploads\/2023\/12\/exceladvisor.org_.png\",\"width\":105,\"height\":36,\"caption\":\"Excel Advisor\"},\"image\":{\"@id\":\"https:\/\/exceladvisor.org\/tr\/#\/schema\/logo\/image\/\"}}]}<\/script>\n<!-- \/ Yoast SEO plugin. -->","yoast_head_json":{"title":"Excel&#39;de bask\u0131 ba\u015fl\u0131klar\u0131 nas\u0131l uygulan\u0131r?","description":"Excel&#39;de, sat\u0131r 1&#39;i yazd\u0131r\u0131lacak \u015fekilde ayarlayabildi\u011fimiz, yazd\u0131rma ba\u015fl\u0131klar\u0131n\u0131 uygulamak i\u00e7in basit ama g\u00fc\u00e7l\u00fc bir se\u00e7enek \u00f6\u011frenin...","robots":{"index":"index","follow":"follow","max-snippet":"max-snippet:-1","max-image-preview":"max-image-preview:large","max-video-preview":"max-video-preview:-1"},"canonical":"https:\/\/exceladvisor.org\/tr\/basliklari-yazdir\/","og_locale":"tr_TR","og_type":"article","og_title":"Excel&#39;de bask\u0131 ba\u015fl\u0131klar\u0131 nas\u0131l uygulan\u0131r?","og_description":"Excel&#39;de, sat\u0131r 1&#39;i yazd\u0131r\u0131lacak \u015fekilde ayarlayabildi\u011fimiz, yazd\u0131rma ba\u015fl\u0131klar\u0131n\u0131 uygulamak i\u00e7in basit ama g\u00fc\u00e7l\u00fc bir se\u00e7enek \u00f6\u011frenin...","og_url":"https:\/\/exceladvisor.org\/tr\/basliklari-yazdir\/","og_site_name":"Excel Advisor","article_modified_time":"2023-12-10T06:00:17+00:00","og_image":[{"url":"https:\/\/exceladvisor.org\/wp-content\/uploads\/2023\/08\/1-imprimer-plusieurs-pages.png","type":"","width":"","height":""}],"twitter_card":"summary_large_image","twitter_misc":{"Tahmini okuma s\u00fcresi":"2 dakika"},"schema":{"@context":"https:\/\/schema.org","@graph":[{"@type":"WebPage","@id":"https:\/\/exceladvisor.org\/tr\/basliklari-yazdir\/","url":"https:\/\/exceladvisor.org\/tr\/basliklari-yazdir\/","name":"Excel&#39;de bask\u0131 ba\u015fl\u0131klar\u0131 nas\u0131l uygulan\u0131r?","isPartOf":{"@id":"https:\/\/exceladvisor.org\/tr\/#website"},"primaryImageOfPage":{"@id":"https:\/\/exceladvisor.org\/tr\/basliklari-yazdir\/#primaryimage"},"image":{"@id":"https:\/\/exceladvisor.org\/tr\/basliklari-yazdir\/#primaryimage"},"thumbnailUrl":"https:\/\/exceladvisor.org\/wp-content\/uploads\/2023\/08\/1-imprimer-plusieurs-pages.png","datePublished":"2023-10-30T09:05:14+00:00","dateModified":"2023-12-10T06:00:17+00:00","description":"Excel&#39;de, sat\u0131r 1&#39;i yazd\u0131r\u0131lacak \u015fekilde ayarlayabildi\u011fimiz, yazd\u0131rma ba\u015fl\u0131klar\u0131n\u0131 uygulamak i\u00e7in basit ama g\u00fc\u00e7l\u00fc bir se\u00e7enek \u00f6\u011frenin...","breadcrumb":{"@id":"https:\/\/exceladvisor.org\/tr\/basliklari-yazdir\/#breadcrumb"},"inLanguage":"tr","potentialAction":[{"@type":"ReadAction","target":["https:\/\/exceladvisor.org\/tr\/basliklari-yazdir\/"]}]},{"@type":"ImageObject","inLanguage":"tr","@id":"https:\/\/exceladvisor.org\/tr\/basliklari-yazdir\/#primaryimage","url":"https:\/\/exceladvisor.org\/wp-content\/uploads\/2023\/08\/1-imprimer-plusieurs-pages.png","contentUrl":"https:\/\/exceladvisor.org\/wp-content\/uploads\/2023\/08\/1-imprimer-plusieurs-pages.png"},{"@type":"BreadcrumbList","@id":"https:\/\/exceladvisor.org\/tr\/basliklari-yazdir\/#breadcrumb","itemListElement":[{"@type":"ListItem","position":1,"name":"Ev","item":"https:\/\/exceladvisor.org\/tr\/"},{"@type":"ListItem","position":2,"name":"Excel&#39;de bask\u0131 ba\u015fl\u0131klar\u0131 nas\u0131l uygulan\u0131r?"}]},{"@type":"WebSite","@id":"https:\/\/exceladvisor.org\/tr\/#website","url":"https:\/\/exceladvisor.org\/tr\/","name":"Excel Advisor","description":"Veri hakimiyetine y\u00f6nelik nihai rehberiniz!","publisher":{"@id":"https:\/\/exceladvisor.org\/tr\/#organization"},"potentialAction":[{"@type":"SearchAction","target":{"@type":"EntryPoint","urlTemplate":"https:\/\/exceladvisor.org\/tr\/?s={search_term_string}"},"query-input":{"@type":"PropertyValueSpecification","valueRequired":true,"valueName":"search_term_string"}}],"inLanguage":"tr"},{"@type":"Organization","@id":"https:\/\/exceladvisor.org\/tr\/#organization","name":"Excel Advisor","url":"https:\/\/exceladvisor.org\/tr\/","logo":{"@type":"ImageObject","inLanguage":"tr","@id":"https:\/\/exceladvisor.org\/tr\/#\/schema\/logo\/image\/","url":"https:\/\/exceladvisor.org\/tr\/wp-content\/uploads\/2023\/12\/exceladvisor.org_.png","contentUrl":"https:\/\/exceladvisor.org\/tr\/wp-content\/uploads\/2023\/12\/exceladvisor.org_.png","width":105,"height":36,"caption":"Excel Advisor"},"image":{"@id":"https:\/\/exceladvisor.org\/tr\/#\/schema\/logo\/image\/"}}]}},"yoast_meta":{"yoast_wpseo_title":"","yoast_wpseo_metadesc":"","yoast_wpseo_canonical":""},"_links":{"self":[{"href":"https:\/\/exceladvisor.org\/tr\/wp-json\/wp\/v2\/pages\/1884","targetHints":{"allow":["GET"]}}],"collection":[{"href":"https:\/\/exceladvisor.org\/tr\/wp-json\/wp\/v2\/pages"}],"about":[{"href":"https:\/\/exceladvisor.org\/tr\/wp-json\/wp\/v2\/types\/page"}],"author":[{"embeddable":true,"href":"https:\/\/exceladvisor.org\/tr\/wp-json\/wp\/v2\/users\/1"}],"replies":[{"embeddable":true,"href":"https:\/\/exceladvisor.org\/tr\/wp-json\/wp\/v2\/comments?post=1884"}],"version-history":[{"count":1,"href":"https:\/\/exceladvisor.org\/tr\/wp-json\/wp\/v2\/pages\/1884\/revisions"}],"predecessor-version":[{"id":2394,"href":"https:\/\/exceladvisor.org\/tr\/wp-json\/wp\/v2\/pages\/1884\/revisions\/2394"}],"wp:attachment":[{"href":"https:\/\/exceladvisor.org\/tr\/wp-json\/wp\/v2\/media?parent=1884"}],"curies":[{"name":"wp","href":"https:\/\/api.w.org\/{rel}","templated":true}]}}