{"id":1885,"date":"2023-10-30T08:04:33","date_gmt":"2023-10-30T08:04:33","guid":{"rendered":"https:\/\/exceladvisor.org\/tr\/dikey-olarak-yaz\/"},"modified":"2023-12-10T06:01:05","modified_gmt":"2023-12-10T06:01:05","slug":"dikey-olarak-yaz","status":"publish","type":"page","link":"https:\/\/exceladvisor.org\/tr\/dikey-olarak-yaz\/","title":{"rendered":"Excel&#39;de dikey olarak nas\u0131l yaz\u0131l\u0131r (yaz\u0131l\u0131r)?"},"content":{"rendered":"<div class=\"excel-icerikten-once\" id=\"excel-3713039441\"><script type=\"text\/javascript\">\r\n\tatOptions = {\r\n\t\t'key' : 'c1158f160081d6540a8409e6925dab94',\r\n\t\t'format' : 'iframe',\r\n\t\t'height' : 250,\r\n\t\t'width' : 300,\r\n\t\t'params' : {}\r\n\t};\r\n<\/script>\r\n<script type=\"text\/javascript\" src=\"\/\/www.highperformanceformat.com\/c1158f160081d6540a8409e6925dab94\/invoke.js\"><\/script><\/div> <p>Excel&#8217;de dikey yazmak istiyorsan\u0131z birka\u00e7 se\u00e7ene\u011fi kullanabilir ve uygulayabilirsiniz. Bu se\u00e7eneklerin her biri farkl\u0131 \u00e7al\u0131\u015f\u0131r ancak size ayn\u0131 sonucu verir. Size en uygun se\u00e7eneklerden herhangi birini kullanabilirsiniz. <\/p><div class=\"wp-block-image\"><figure class=\"aligncenter size-full is-resized\"><img loading=\"lazy\" decoding=\"async\" class=\"wp-image-72543\" src=\"https:\/\/exceladvisor.org\/wp-content\/uploads\/2023\/08\/1-ecrire-verticalement.png\" sizes=\"auto, \" srcset=\"\" alt=\"dikey olarak yaz\" width=\"457\" height=\"437\"><\/figure><\/div><p> Bu dersimizde Excel&#8217;de metni nas\u0131l dikey hale getirece\u011fimizi ve ayn\u0131 zamanda dikey olarak nas\u0131l yazaca\u011f\u0131m\u0131z\u0131 g\u00f6rece\u011fiz.<\/p><h2 class=\"wp-block-heading\"> Excel&#8217;de dikey olarak yaz\u0131n (yaz\u0131n) <\/h2><div class=\"wp-block-image\"><figure class=\"aligncenter size-full is-resized\"><img loading=\"lazy\" decoding=\"async\" class=\"wp-image-72544\" src=\"https:\/\/exceladvisor.org\/wp-content\/uploads\/2023\/08\/2-selectionnez-loption-de-texte-vertical.png\" sizes=\"auto, \" srcset=\"\" alt=\"dikey metin se\u00e7ene\u011fini se\u00e7\" width=\"668\" height=\"453\"><\/figure><\/div><ol type=\"1\"><li> \u00d6ncelikle dikey olarak yazmak istedi\u011finiz h\u00fccreyi se\u00e7in.<\/li><li> Bundan sonra Giri\u015f sekmesinde Hizalama grubuna gidin.<\/li><li> Oradan, <a href=\"https:\/\/exceladvisor.org\/tr\/metni-dondur\/\">Y\u00f6nlendirme<\/a> a\u00e7\u0131l\u0131r se\u00e7ene\u011fine t\u0131klay\u0131n.<\/li><li> Daha sonra oradan \u201cdikey se\u00e7ene\u011fi\u201d se\u00e7in.<\/li><li> Sonunda, se\u00e7ilen h\u00fccreye de\u011feri yaz\u0131n ve girin.<\/li><\/ol><p> Dikey y\u00f6nlendirmeyi uygulad\u0131\u011f\u0131n\u0131zda h\u00fccreye yazd\u0131\u011f\u0131n\u0131z de\u011fer dikey hale gelir. Bunun d\u0131\u015f\u0131nda kullanabilece\u011finiz birka\u00e7 ek se\u00e7enek daha vard\u0131r:<\/p><ul><li> Metni yukar\u0131 d\u00f6nd\u00fcr<\/li><li> Metni a\u015fa\u011f\u0131 d\u00f6nd\u00fcr <\/li><\/ul><div class=\"wp-block-image\"><figure class=\"aligncenter size-full is-resized\"><img loading=\"lazy\" decoding=\"async\" class=\"wp-image-72545\" src=\"https:\/\/exceladvisor.org\/wp-content\/uploads\/2023\/08\/3-faire-pivoter-le-texte-de-haut-en-bas.png\" sizes=\"auto, \" srcset=\"\" alt=\"metni yukar\u0131 ve a\u015fa\u011f\u0131 d\u00f6nd\u00fcr\" width=\"684\" height=\"450\"><\/figure><\/div><h2 class=\"wp-block-heading\"> Excel&#8217;de h\u00fccrenin i\u00e7ine dikey olarak yaz\u0131n<\/h2><p> H\u00fccreye de\u011fer girerken dikey olarak da yazabilirsiniz. Bunun i\u00e7in de\u011fer girerken <a href=\"https:\/\/exceladvisor.org\/tr\/hucrede-yeni-satir\/\">sat\u0131r sonu eklemek<\/a> i\u00e7in <a href=\"https:\/\/exceladvisor.org\/tr\/klavye-kisayollari\/\">klavye k\u0131sayolunu<\/a> kullanman\u0131z gerekir.<\/p><p> Diyelim ki A1 h\u00fccresine &#8220;Excel&#8221; girmeniz gerekiyor. <a href=\"https:\/\/exceladvisor.org\/tr\/hucreyi-duzenle\/\">H\u00fccreyi d\u00fczenleyin<\/a> ve ilk alfabeyi girin, ard\u0131ndan <kbd>Alt<\/kbd> + <kbd>Enter<\/kbd> k\u0131sayol tu\u015funa bas\u0131n. Bu, imleci bir sonraki sat\u0131ra ta\u015f\u0131yacakt\u0131r ve bunu her alfabe i\u00e7in yapman\u0131z gerekir. <\/p><div class=\"wp-block-image\"><figure class=\"aligncenter size-full is-resized\"><img loading=\"lazy\" decoding=\"async\" class=\"wp-image-72546\" src=\"https:\/\/exceladvisor.org\/wp-content\/uploads\/2023\/08\/4-type-verticalement-a-linterieur-de-la-cellule.png\" sizes=\"auto, \" srcset=\"\" alt=\"h\u00fccreye dikey olarak yaz\u0131n\" width=\"362\" height=\"257\"><\/figure><\/div><h2 class=\"wp-block-heading\"> Metni Sarma ile metni dikey hale getirin<\/h2><p> Excel&#8217;de, metninizi bir h\u00fccrede dikey hale getirmek i\u00e7in kullanabilece\u011finiz, <a href=\"https:\/\/exceladvisor.org\/tr\/metni-sar\/\">metin sarma<\/a> ad\u0131 verilen bir se\u00e7enek vard\u0131r.<\/p><ol><li> \u00d6ncelikle h\u00fccreye de\u011fer girmeniz gerekir.<\/li><li> Bundan sonra ana sayfa sekmesine gidin ve metin kayd\u0131rma d\u00fc\u011fmesine t\u0131klay\u0131n.<\/li><li> \u015eimdi de\u011ferleri h\u00fccreye girin. <br><img loading=\"lazy\" decoding=\"async\" title=\"5-metni kayd\u0131r-d\u00fc\u011fmesini se\u00e7\" src=\"https:\/\/exceladvisor.org\/wp-content\/uploads\/2023\/08\/5-selectionnez-le-bouton-dhabillage-du-texte.png\" sizes=\"auto, \" srcset=\"\" alt=\"select-wrap-text-button\" width=\"624\" height=\"295\"><\/li><li> Buradan s\u00fctun geni\u015fli\u011fini, sat\u0131r ba\u015f\u0131na yaln\u0131zca bir alfabe olacak \u015fekilde ayarlaman\u0131z gerekir. <br><img loading=\"lazy\" decoding=\"async\" title=\"6-h\u00fccre geni\u015fli\u011fini ayarlama\" src=\"https:\/\/exceladvisor.org\/wp-content\/uploads\/2023\/08\/6-ajuster-la-largeur-de-la-cellule.png\" sizes=\"auto, \" srcset=\"\" alt=\"adjust-cell-width\" width=\"630\" height=\"328\"><\/li><li> Sonunda, 1. sat\u0131r\u0131 otomatik olarak ayarlamak i\u00e7in 1. ve 2. sat\u0131rlar\u0131n aras\u0131n\u0131 t\u0131klay\u0131n. <br><img loading=\"lazy\" decoding=\"async\" title=\"Sat\u0131rlar aras\u0131nda 7 t\u0131klama\" src=\"https:\/\/exceladvisor.org\/wp-content\/uploads\/2023\/08\/7-clic-entre-les-lignes.png\" sizes=\"auto, \" srcset=\"\" alt=\"click-between-rows\" width=\"629\" height=\"320\"><\/li><\/ol><p> \u00c7izgiyi <a href=\"https:\/\/exceladvisor.org\/tr\/otomatik-ayar\/\">otomatik olarak ayarlad\u0131\u011f\u0131n\u0131z<\/a> anda t\u00fcm de\u011feri dikey y\u00f6nde elde edersiniz. <\/p><div class=\"wp-block-image\"><figure class=\"aligncenter size-full is-resized\"><img loading=\"lazy\" decoding=\"async\" class=\"wp-image-72550\" src=\"https:\/\/exceladvisor.org\/wp-content\/uploads\/2023\/08\/8-valeur-dans-le-sens-vertical.png\" sizes=\"auto, \" srcset=\"\" alt=\"dikey y\u00f6nde de\u011fer\" width=\"660\" height=\"427\"><\/figure><\/div><h2 class=\"wp-block-heading\"> Bir metin kutusu ekleyin ve Excel&#8217;de dikey olarak yaz\u0131n<\/h2><p> Ayr\u0131ca h\u00fccreye <a href=\"https:\/\/exceladvisor.org\/tr\/metin-bolgesi\/\">bir metin kutusu ekleyebilir<\/a> ve ard\u0131ndan metin y\u00f6n\u00fcn\u00fc dikey olarak de\u011fi\u015ftirerek buraya dikey olarak yazabilirsiniz.<\/p><ol><li> \u00d6ncelikle Ekle \u21e2 Metin \u21e2 Metin Kutusu \u00e7al\u0131\u015fma sayfas\u0131na bir metin kutusu ekleyin. <br><img loading=\"lazy\" decoding=\"async\" title=\"9-metin alan\u0131 ekleyin\" src=\"https:\/\/exceladvisor.org\/wp-content\/uploads\/2023\/08\/9-ajouter-une-zone-de-texte.png\" sizes=\"auto, \" srcset=\"\" alt=\"add-a-text-box\" width=\"576\" height=\"296\"><\/li><li> Bundan sonra metin kutusunu se\u00e7in, \u00fczerine sa\u011f t\u0131klay\u0131n ve \u201c\u015eekil Bi\u00e7imlendir\u201d i a\u00e7\u0131n veya <a href=\"https:\/\/exceladvisor.org\/tr\/acik-formatli-hucre-secenekleri\/\">Ctrl + 1<\/a> tu\u015flar\u0131na basabilirsiniz. <br><img loading=\"lazy\" decoding=\"async\" title=\"10-\u015fekli a\u00e7 format\u0131\" src=\"https:\/\/exceladvisor.org\/wp-content\/uploads\/2023\/08\/10-ouvrir-le-format-de-forme.png\" sizes=\"auto, \" srcset=\"\" alt=\"open-the-shape-format\" width=\"404\" height=\"444\"><\/li><li> \u015eekli Bi\u00e7imlendir se\u00e7ene\u011finden \u201cMetin Se\u00e7enekleri\u201dne ve ard\u0131ndan \u201cTextBox\u201da gidin. <br><img loading=\"lazy\" decoding=\"async\" title=\"11-metin-se\u00e7enekleri-metin kutusu\" src=\"https:\/\/exceladvisor.org\/wp-content\/uploads\/2023\/08\/Zone-de-texte-de-11-options-de-texte.png\" sizes=\"auto, \" srcset=\"\" alt=\"text-options-textbox\" width=\"281\" height=\"122\"><\/li><li> \u015eimdi metin y\u00f6n\u00fc se\u00e7ene\u011finden \u201cY\u0131\u011f\u0131nlanm\u0131\u015f\u201d se\u00e7ene\u011fini se\u00e7in. <br><img loading=\"lazy\" decoding=\"async\" title=\"12-y\u0131\u011f\u0131lm\u0131\u015f-se\u00e7enek se\u00e7in\" src=\"https:\/\/exceladvisor.org\/wp-content\/uploads\/2023\/08\/12-selectionnez-loption-empilee.png\" sizes=\"auto, \" srcset=\"\" alt=\"select-the-stacked-option\" width=\"336\" height=\"264\"><\/li><\/ol><p> Bu de\u011fi\u015fikli\u011fi yapt\u0131ktan sonra metin kutusunun i\u00e7ine dikey olarak yazabilirsiniz. <\/p><div class=\"wp-block-image\"><figure class=\"aligncenter size-full is-resized\"><img loading=\"lazy\" decoding=\"async\" class=\"wp-image-72555\" src=\"https:\/\/exceladvisor.org\/wp-content\/uploads\/2023\/08\/13-ecrire-verticalement-a-linterieur-de-la-boite.png\" sizes=\"auto, \" srcset=\"\" alt=\"kutuya dikey olarak yaz\" width=\"432\" height=\"364\"><\/figure><\/div><p> Ayn\u0131 \u015fekilde art kelimesiyle de ayn\u0131 de\u011fi\u015fiklikleri yap\u0131p \u00fczerine dikey olarak yaz\u0131 yazabilirsiniz.<\/p><p> Bu e\u011fitimde g\u00f6rd\u00fc\u011f\u00fcn\u00fcz t\u00fcm se\u00e7enekler aras\u0131nda en kullan\u0131\u015fl\u0131 olan\u0131 metin y\u00f6n\u00fcn\u00fc de\u011fi\u015ftirmektir. Ama dedi\u011fim gibi ihtiyac\u0131n\u0131za g\u00f6re diledi\u011finizi kullanabilirsiniz.<\/p><div class=\"gb-container gb-container-4db6181c gb-container-mt\"> <a class=\"gb-button gb-button-c5897111 gb-button-text gb-button-mt-button\" href=\"https:\/\/exceladvisor.org\/tr\/excelin-temelleri\/\">Microsoft Excel Temelleri (Bile\u015fenler, Par\u00e7alar ve Bilgi Notlar\u0131)<\/a><h2 class=\"gb-headline gb-headline-665e5f6b gb-headline-text gb-headline-mt-heading\"> \u0130lgili e\u011fitimler <\/h2><div class=\"gb-grid-wrapper gb-grid-wrapper-a20baf7c gb-grid-wrapper-mt-grid\"><div class=\"gb-grid-column gb-grid-column-65ddf67e\"><div class=\"gb-container gb-container-65ddf67e\"><ul><li> <a href=\"https:\/\/exceladvisor.org\/tr\/sutun-ekle\/\">Excel&#8217;de s\u00fctun ekleme<\/a><\/li><li> <a href=\"https:\/\/exceladvisor.org\/tr\/bitisik-olmayan-hucreleri-sec\/\">Excel&#8217;de biti\u015fik olmayan h\u00fccreleri se\u00e7in<\/a><\/li><li> <a href=\"https:\/\/exceladvisor.org\/tr\/satir-ve-sutun\/\">Excel&#8217;de Sat\u0131r ve S\u00fctun (Fark)<\/a><\/li><li> <a href=\"https:\/\/exceladvisor.org\/tr\/bos-satirlari-kaldir\/\">Excel&#8217;deki Bo\u015f Sat\u0131rlar\u0131 Sil<\/a><\/li><li> <a href=\"https:\/\/exceladvisor.org\/tr\/hucreyi-degistir\/\">Excel&#8217;de \u0130ki H\u00fccreyi H\u0131zla De\u011fi\u015ftirin<\/a><\/li><li> <a href=\"https:\/\/exceladvisor.org\/tr\/sutun-2\/\">Excel&#8217;de s\u00fctun nedir<\/a> <\/li><\/ul><\/div><\/div><div class=\"gb-grid-column gb-grid-column-50067b57\"><div class=\"gb-container gb-container-50067b57\"><\/div><\/div><\/div><\/div>","protected":false},"excerpt":{"rendered":"","protected":false},"author":1,"featured_media":0,"parent":0,"menu_order":0,"comment_status":"open","ping_status":"closed","template":"","meta":{"ub_ctt_via":"","footnotes":""},"class_list":["post-1885","page","type-page","status-publish","hentry"],"featured_image_src":null,"yoast_head":"<!-- This site is optimized with the Yoast SEO plugin v25.4 - https:\/\/yoast.com\/wordpress\/plugins\/seo\/ -->\n<title>Excel&#039;de dikey olarak nas\u0131l yaz\u0131l\u0131r (yaz\u0131l\u0131r)? (E\u011fitim 2023)<\/title>\n<meta name=\"description\" content=\"Bu derste Excel&#039;de dikey yazma veya yazma i\u00e7in farkl\u0131 se\u00e7enekleri \u00f6\u011frenece\u011fiz. Her \u015feyi kullanabilirsin\" \/>\n<meta name=\"robots\" content=\"index, follow, max-snippet:-1, max-image-preview:large, max-video-preview:-1\" \/>\n<link rel=\"canonical\" href=\"https:\/\/exceladvisor.org\/tr\/dikey-olarak-yaz\/\" \/>\n<meta property=\"og:locale\" content=\"tr_TR\" \/>\n<meta property=\"og:type\" content=\"article\" \/>\n<meta property=\"og:title\" content=\"Excel&#039;de dikey olarak nas\u0131l yaz\u0131l\u0131r (yaz\u0131l\u0131r)? (E\u011fitim 2023)\" \/>\n<meta property=\"og:description\" content=\"Bu derste Excel&#039;de dikey yazma veya yazma i\u00e7in farkl\u0131 se\u00e7enekleri \u00f6\u011frenece\u011fiz. Her \u015feyi kullanabilirsin\" \/>\n<meta property=\"og:url\" content=\"https:\/\/exceladvisor.org\/tr\/dikey-olarak-yaz\/\" \/>\n<meta property=\"og:site_name\" content=\"Excel Advisor\" \/>\n<meta property=\"article:modified_time\" content=\"2023-12-10T06:01:05+00:00\" \/>\n<meta property=\"og:image\" content=\"https:\/\/exceladvisor.org\/wp-content\/uploads\/2023\/08\/1-ecrire-verticalement.png\" \/>\n<meta name=\"twitter:card\" content=\"summary_large_image\" \/>\n<meta name=\"twitter:label1\" content=\"Tahmini okuma s\u00fcresi\" \/>\n\t<meta name=\"twitter:data1\" content=\"3 dakika\" \/>\n<script type=\"application\/ld+json\" class=\"yoast-schema-graph\">{\"@context\":\"https:\/\/schema.org\",\"@graph\":[{\"@type\":\"WebPage\",\"@id\":\"https:\/\/exceladvisor.org\/tr\/dikey-olarak-yaz\/\",\"url\":\"https:\/\/exceladvisor.org\/tr\/dikey-olarak-yaz\/\",\"name\":\"Excel&#39;de dikey olarak nas\u0131l yaz\u0131l\u0131r (yaz\u0131l\u0131r)? (E\u011fitim 2023)\",\"isPartOf\":{\"@id\":\"https:\/\/exceladvisor.org\/tr\/#website\"},\"primaryImageOfPage\":{\"@id\":\"https:\/\/exceladvisor.org\/tr\/dikey-olarak-yaz\/#primaryimage\"},\"image\":{\"@id\":\"https:\/\/exceladvisor.org\/tr\/dikey-olarak-yaz\/#primaryimage\"},\"thumbnailUrl\":\"https:\/\/exceladvisor.org\/wp-content\/uploads\/2023\/08\/1-ecrire-verticalement.png\",\"datePublished\":\"2023-10-30T08:04:33+00:00\",\"dateModified\":\"2023-12-10T06:01:05+00:00\",\"description\":\"Bu derste Excel&#39;de dikey yazma veya yazma i\u00e7in farkl\u0131 se\u00e7enekleri \u00f6\u011frenece\u011fiz. Her \u015feyi kullanabilirsin\",\"breadcrumb\":{\"@id\":\"https:\/\/exceladvisor.org\/tr\/dikey-olarak-yaz\/#breadcrumb\"},\"inLanguage\":\"tr\",\"potentialAction\":[{\"@type\":\"ReadAction\",\"target\":[\"https:\/\/exceladvisor.org\/tr\/dikey-olarak-yaz\/\"]}]},{\"@type\":\"ImageObject\",\"inLanguage\":\"tr\",\"@id\":\"https:\/\/exceladvisor.org\/tr\/dikey-olarak-yaz\/#primaryimage\",\"url\":\"https:\/\/exceladvisor.org\/wp-content\/uploads\/2023\/08\/1-ecrire-verticalement.png\",\"contentUrl\":\"https:\/\/exceladvisor.org\/wp-content\/uploads\/2023\/08\/1-ecrire-verticalement.png\"},{\"@type\":\"BreadcrumbList\",\"@id\":\"https:\/\/exceladvisor.org\/tr\/dikey-olarak-yaz\/#breadcrumb\",\"itemListElement\":[{\"@type\":\"ListItem\",\"position\":1,\"name\":\"Ev\",\"item\":\"https:\/\/exceladvisor.org\/tr\/\"},{\"@type\":\"ListItem\",\"position\":2,\"name\":\"Excel&#39;de dikey olarak nas\u0131l yaz\u0131l\u0131r (yaz\u0131l\u0131r)?\"}]},{\"@type\":\"WebSite\",\"@id\":\"https:\/\/exceladvisor.org\/tr\/#website\",\"url\":\"https:\/\/exceladvisor.org\/tr\/\",\"name\":\"Excel Advisor\",\"description\":\"Veri hakimiyetine y\u00f6nelik nihai rehberiniz!\",\"publisher\":{\"@id\":\"https:\/\/exceladvisor.org\/tr\/#organization\"},\"potentialAction\":[{\"@type\":\"SearchAction\",\"target\":{\"@type\":\"EntryPoint\",\"urlTemplate\":\"https:\/\/exceladvisor.org\/tr\/?s={search_term_string}\"},\"query-input\":{\"@type\":\"PropertyValueSpecification\",\"valueRequired\":true,\"valueName\":\"search_term_string\"}}],\"inLanguage\":\"tr\"},{\"@type\":\"Organization\",\"@id\":\"https:\/\/exceladvisor.org\/tr\/#organization\",\"name\":\"Excel Advisor\",\"url\":\"https:\/\/exceladvisor.org\/tr\/\",\"logo\":{\"@type\":\"ImageObject\",\"inLanguage\":\"tr\",\"@id\":\"https:\/\/exceladvisor.org\/tr\/#\/schema\/logo\/image\/\",\"url\":\"https:\/\/exceladvisor.org\/tr\/wp-content\/uploads\/2023\/12\/exceladvisor.org_.png\",\"contentUrl\":\"https:\/\/exceladvisor.org\/tr\/wp-content\/uploads\/2023\/12\/exceladvisor.org_.png\",\"width\":105,\"height\":36,\"caption\":\"Excel Advisor\"},\"image\":{\"@id\":\"https:\/\/exceladvisor.org\/tr\/#\/schema\/logo\/image\/\"}}]}<\/script>\n<!-- \/ Yoast SEO plugin. -->","yoast_head_json":{"title":"Excel&#39;de dikey olarak nas\u0131l yaz\u0131l\u0131r (yaz\u0131l\u0131r)? (E\u011fitim 2023)","description":"Bu derste Excel&#39;de dikey yazma veya yazma i\u00e7in farkl\u0131 se\u00e7enekleri \u00f6\u011frenece\u011fiz. Her \u015feyi kullanabilirsin","robots":{"index":"index","follow":"follow","max-snippet":"max-snippet:-1","max-image-preview":"max-image-preview:large","max-video-preview":"max-video-preview:-1"},"canonical":"https:\/\/exceladvisor.org\/tr\/dikey-olarak-yaz\/","og_locale":"tr_TR","og_type":"article","og_title":"Excel&#39;de dikey olarak nas\u0131l yaz\u0131l\u0131r (yaz\u0131l\u0131r)? (E\u011fitim 2023)","og_description":"Bu derste Excel&#39;de dikey yazma veya yazma i\u00e7in farkl\u0131 se\u00e7enekleri \u00f6\u011frenece\u011fiz. Her \u015feyi kullanabilirsin","og_url":"https:\/\/exceladvisor.org\/tr\/dikey-olarak-yaz\/","og_site_name":"Excel Advisor","article_modified_time":"2023-12-10T06:01:05+00:00","og_image":[{"url":"https:\/\/exceladvisor.org\/wp-content\/uploads\/2023\/08\/1-ecrire-verticalement.png","type":"","width":"","height":""}],"twitter_card":"summary_large_image","twitter_misc":{"Tahmini okuma s\u00fcresi":"3 dakika"},"schema":{"@context":"https:\/\/schema.org","@graph":[{"@type":"WebPage","@id":"https:\/\/exceladvisor.org\/tr\/dikey-olarak-yaz\/","url":"https:\/\/exceladvisor.org\/tr\/dikey-olarak-yaz\/","name":"Excel&#39;de dikey olarak nas\u0131l yaz\u0131l\u0131r (yaz\u0131l\u0131r)? (E\u011fitim 2023)","isPartOf":{"@id":"https:\/\/exceladvisor.org\/tr\/#website"},"primaryImageOfPage":{"@id":"https:\/\/exceladvisor.org\/tr\/dikey-olarak-yaz\/#primaryimage"},"image":{"@id":"https:\/\/exceladvisor.org\/tr\/dikey-olarak-yaz\/#primaryimage"},"thumbnailUrl":"https:\/\/exceladvisor.org\/wp-content\/uploads\/2023\/08\/1-ecrire-verticalement.png","datePublished":"2023-10-30T08:04:33+00:00","dateModified":"2023-12-10T06:01:05+00:00","description":"Bu derste Excel&#39;de dikey yazma veya yazma i\u00e7in farkl\u0131 se\u00e7enekleri \u00f6\u011frenece\u011fiz. Her \u015feyi kullanabilirsin","breadcrumb":{"@id":"https:\/\/exceladvisor.org\/tr\/dikey-olarak-yaz\/#breadcrumb"},"inLanguage":"tr","potentialAction":[{"@type":"ReadAction","target":["https:\/\/exceladvisor.org\/tr\/dikey-olarak-yaz\/"]}]},{"@type":"ImageObject","inLanguage":"tr","@id":"https:\/\/exceladvisor.org\/tr\/dikey-olarak-yaz\/#primaryimage","url":"https:\/\/exceladvisor.org\/wp-content\/uploads\/2023\/08\/1-ecrire-verticalement.png","contentUrl":"https:\/\/exceladvisor.org\/wp-content\/uploads\/2023\/08\/1-ecrire-verticalement.png"},{"@type":"BreadcrumbList","@id":"https:\/\/exceladvisor.org\/tr\/dikey-olarak-yaz\/#breadcrumb","itemListElement":[{"@type":"ListItem","position":1,"name":"Ev","item":"https:\/\/exceladvisor.org\/tr\/"},{"@type":"ListItem","position":2,"name":"Excel&#39;de dikey olarak nas\u0131l yaz\u0131l\u0131r (yaz\u0131l\u0131r)?"}]},{"@type":"WebSite","@id":"https:\/\/exceladvisor.org\/tr\/#website","url":"https:\/\/exceladvisor.org\/tr\/","name":"Excel Advisor","description":"Veri hakimiyetine y\u00f6nelik nihai rehberiniz!","publisher":{"@id":"https:\/\/exceladvisor.org\/tr\/#organization"},"potentialAction":[{"@type":"SearchAction","target":{"@type":"EntryPoint","urlTemplate":"https:\/\/exceladvisor.org\/tr\/?s={search_term_string}"},"query-input":{"@type":"PropertyValueSpecification","valueRequired":true,"valueName":"search_term_string"}}],"inLanguage":"tr"},{"@type":"Organization","@id":"https:\/\/exceladvisor.org\/tr\/#organization","name":"Excel Advisor","url":"https:\/\/exceladvisor.org\/tr\/","logo":{"@type":"ImageObject","inLanguage":"tr","@id":"https:\/\/exceladvisor.org\/tr\/#\/schema\/logo\/image\/","url":"https:\/\/exceladvisor.org\/tr\/wp-content\/uploads\/2023\/12\/exceladvisor.org_.png","contentUrl":"https:\/\/exceladvisor.org\/tr\/wp-content\/uploads\/2023\/12\/exceladvisor.org_.png","width":105,"height":36,"caption":"Excel Advisor"},"image":{"@id":"https:\/\/exceladvisor.org\/tr\/#\/schema\/logo\/image\/"}}]}},"yoast_meta":{"yoast_wpseo_title":"","yoast_wpseo_metadesc":"","yoast_wpseo_canonical":""},"_links":{"self":[{"href":"https:\/\/exceladvisor.org\/tr\/wp-json\/wp\/v2\/pages\/1885","targetHints":{"allow":["GET"]}}],"collection":[{"href":"https:\/\/exceladvisor.org\/tr\/wp-json\/wp\/v2\/pages"}],"about":[{"href":"https:\/\/exceladvisor.org\/tr\/wp-json\/wp\/v2\/types\/page"}],"author":[{"embeddable":true,"href":"https:\/\/exceladvisor.org\/tr\/wp-json\/wp\/v2\/users\/1"}],"replies":[{"embeddable":true,"href":"https:\/\/exceladvisor.org\/tr\/wp-json\/wp\/v2\/comments?post=1885"}],"version-history":[{"count":1,"href":"https:\/\/exceladvisor.org\/tr\/wp-json\/wp\/v2\/pages\/1885\/revisions"}],"predecessor-version":[{"id":2468,"href":"https:\/\/exceladvisor.org\/tr\/wp-json\/wp\/v2\/pages\/1885\/revisions\/2468"}],"wp:attachment":[{"href":"https:\/\/exceladvisor.org\/tr\/wp-json\/wp\/v2\/media?parent=1885"}],"curies":[{"name":"wp","href":"https:\/\/api.w.org\/{rel}","templated":true}]}}