{"id":1887,"date":"2023-10-30T06:00:23","date_gmt":"2023-10-30T06:00:23","guid":{"rendered":"https:\/\/exceladvisor.org\/tr\/bicimlendirmeyi-kopyala\/"},"modified":"2023-12-10T06:00:21","modified_gmt":"2023-12-10T06:00:21","slug":"bicimlendirmeyi-kopyala","status":"publish","type":"page","link":"https:\/\/exceladvisor.org\/tr\/bicimlendirmeyi-kopyala\/","title":{"rendered":"Excel&#39;de bi\u00e7imlendirme nas\u0131l kopyalan\u0131r?"},"content":{"rendered":"<div class=\"excel-icerikten-once\" id=\"excel-4145687413\"><script type=\"text\/javascript\">\r\n\tatOptions = {\r\n\t\t'key' : 'c1158f160081d6540a8409e6925dab94',\r\n\t\t'format' : 'iframe',\r\n\t\t'height' : 250,\r\n\t\t'width' : 300,\r\n\t\t'params' : {}\r\n\t};\r\n<\/script>\r\n<script type=\"text\/javascript\" src=\"\/\/www.highperformanceformat.com\/c1158f160081d6540a8409e6925dab94\/invoke.js\"><\/script><\/div> <p>Bir h\u00fccrenin veya birden \u00e7ok h\u00fccre aral\u0131\u011f\u0131n\u0131n bi\u00e7imlendirmesini kopyalamak i\u00e7in \u00f6nce onu se\u00e7meniz, sonra kopyalaman\u0131z gerekir. Bundan sonra bi\u00e7imlendirmeyi yap\u0131\u015ft\u0131rmak istedi\u011finiz h\u00fccreyi veya aral\u0131\u011f\u0131 se\u00e7in. Burada yaln\u0131zca bi\u00e7imlendirmeyi yap\u0131\u015ft\u0131rmak ve gerisini b\u0131rakmak i\u00e7in \u00f6zel yap\u0131\u015ft\u0131r se\u00e7ene\u011fini kullanabilirsiniz. <\/p><div class=\"wp-block-image\"><figure class=\"aligncenter size-full is-resized\"><img loading=\"lazy\" decoding=\"async\" class=\"wp-image-77671\" src=\"https:\/\/exceladvisor.org\/wp-content\/uploads\/2023\/08\/1-copie-mise-en-forme-sous-excel.png\" sizes=\"auto, \" srcset=\"\" alt=\"excel'de-bi\u00e7imlendirmeyi-kopyala\" width=\"762\" height=\"483\"><\/figure><\/div><p> Bu derste, Excel&#8217;de yaln\u0131zca bir h\u00fccrenin veya bir h\u00fccre aral\u0131\u011f\u0131n\u0131n bi\u00e7imlendirmesini kopyalay\u0131p yap\u0131\u015ft\u0131rman\u0131n farkl\u0131 yollar\u0131n\u0131 \u00f6\u011frenece\u011fiz.<\/p><h2 class=\"wp-block-heading\"> \u00d6zel Yap\u0131\u015ft\u0131r&#8217;\u0131 kullanarak Excel&#8217;deki h\u00fccre bi\u00e7imlendirmesini kopyalama<\/h2><ol><li> \u00d6ncelikle h\u00fccreyi veya aral\u0131\u011f\u0131 se\u00e7in ve h\u00fccreyi kopyalamak i\u00e7in Ctrl + C tu\u015flar\u0131na bas\u0131n. <br><img loading=\"lazy\" decoding=\"async\" title=\"2-kopyala-format kullanarak-yap\u0131\u015ft\u0131r-\u00f6zel\" src=\"https:\/\/exceladvisor.org\/wp-content\/uploads\/2023\/08\/2-formatage-de-copie-avec-collage-special.png\" sizes=\"auto, \" srcset=\"\" alt=\"copy-formatting-using-paste-special\" width=\"292\" height=\"209\"><\/li><li> Bundan sonra bi\u00e7imlendirmeyi yap\u0131\u015ft\u0131rmak istedi\u011finiz h\u00fccreleri se\u00e7in. <br><img loading=\"lazy\" decoding=\"async\" title=\"3-yap\u0131\u015ft\u0131r\u0131lacak-bi\u00e7imlendirme i\u00e7in h\u00fccreleri se\u00e7in\" src=\"https:\/\/exceladvisor.org\/wp-content\/uploads\/2023\/08\/3-selectionnez-les-cellules-pour-coller-la-mise-en-forme.png\" sizes=\"auto, \" srcset=\"\" alt=\"select-cells-to-paste-formatting\" width=\"275\" height=\"284\"><\/li><li> \u015eimdi Ana Sayfa sekmesine gidin ve oradan yap\u0131\u015ft\u0131rma se\u00e7ene\u011fini a\u00e7\u0131n veya Alt + H + S klavye k\u0131sayolunu kullanarak \u00f6zel yap\u0131\u015ft\u0131rmay\u0131 a\u00e7\u0131n. <br><img loading=\"lazy\" decoding=\"async\" title=\"\u00d6zel se\u00e7enek 4 a\u00e7\u0131k makarna\" src=\"https:\/\/exceladvisor.org\/wp-content\/uploads\/2023\/08\/4-option-speciale-pate-ouverte.png\" sizes=\"auto, \" srcset=\"\" alt=\"open-paste-special-option\" width=\"299\" height=\"422\"><\/li><li> Daha sonra format\u0131 se\u00e7in ve yaln\u0131zca formatlar\u0131 yap\u0131\u015ft\u0131rmak i\u00e7in Tamam&#8217;\u0131 t\u0131klay\u0131n. <br><img loading=\"lazy\" decoding=\"async\" title=\"Yaln\u0131zca se\u00e7ebilece\u011finiz 5 format\" src=\"https:\/\/exceladvisor.org\/wp-content\/uploads\/2023\/08\/5-choisir-les-formats-uniquement.png\" sizes=\"auto, \" srcset=\"\" alt=\"choose-formats-only\" width=\"614\" height=\"393\"><\/li><\/ol><p> Tamam&#8217;\u0131 t\u0131klad\u0131\u011f\u0131n\u0131zda se\u00e7ilen h\u00fccrenin format\u0131n\u0131 al\u0131rs\u0131n\u0131z. Bu \u015fekilde bir h\u00fccrenin veya h\u00fccre aral\u0131\u011f\u0131n\u0131n bi\u00e7imlendirmesini h\u0131zl\u0131 bir \u015fekilde kopyalay\u0131p yap\u0131\u015ft\u0131rabilirsiniz.<\/p><h2 class=\"wp-block-heading\"> Bi\u00e7im Boyac\u0131s\u0131&#8217;n\u0131 kullanarak h\u00fccre bi\u00e7imlendirmesini kopyalama<\/h2><p> A\u015fa\u011f\u0131da <a href=\"https:\/\/exceladvisor.org\/tr\/muhasebe-numarasi-formati\/\">de\u011fer ve hesap numaras\u0131 bi\u00e7imine<\/a> sahip A1 h\u00fccreniz var. Ve \u015fimdi B1 h\u00fccresi i\u00e7in ayn\u0131 format\u0131 alman\u0131z gerekiyor. <\/p><div class=\"wp-block-image\"><figure class=\"aligncenter size-full is-resized\"><img loading=\"lazy\" decoding=\"async\" class=\"wp-image-77677\" src=\"https:\/\/exceladvisor.org\/wp-content\/uploads\/2023\/08\/6-Copier-la-mise-en-forme-des-cellules-a-laide-de-Format-Painter.png\" sizes=\"auto, \" srcset=\"\" alt=\"kopya-h\u00fccre-bi\u00e7imlendirme-kullanarak-format-boyamac\u0131\" width=\"386\" height=\"170\"><\/figure><\/div><ol><li> A1 h\u00fccresini se\u00e7in. <br><img loading=\"lazy\" decoding=\"async\" title=\"7 h\u00fccreli se\u00e7im\" src=\"https:\/\/exceladvisor.org\/wp-content\/uploads\/2023\/08\/7-selectionnez-la-cellule.png\" sizes=\"auto, \" srcset=\"\" alt=\"select-the-cell\" width=\"391\" height=\"171\"><\/li><li> Ana sekmeye gidin ve Format Boyac\u0131s\u0131 d\u00fc\u011fmesine t\u0131klay\u0131n. <br><img loading=\"lazy\" decoding=\"async\" title=\"8-t\u0131klama-format-boyac\u0131-d\u00fc\u011fmesi\" src=\"https:\/\/exceladvisor.org\/wp-content\/uploads\/2023\/08\/Bouton-peintre-de-format-en-8-clics.png\" sizes=\"auto, \" srcset=\"\" alt=\"click-format-painter-button\" width=\"397\" height=\"318\"><\/li><li> Bu, fare imlecini bir f\u0131r\u00e7aya d\u00f6n\u00fc\u015ft\u00fcrecektir. <br><img loading=\"lazy\" decoding=\"async\" title=\"9 fare imlecinden f\u0131r\u00e7aya\" src=\"https:\/\/exceladvisor.org\/wp-content\/uploads\/2023\/08\/9-curseur-de-la-souris-au-pinceau.png\" sizes=\"auto, \" srcset=\"\" alt=\"mouse-cursor-to-paintbrush\" width=\"353\" height=\"381\"><\/li><li> Ba\u015fka h\u00fccre veya se\u00e7enek se\u00e7ilmeden B1 h\u00fccresine t\u0131klay\u0131n. H\u00fccre bi\u00e7imlendirmesini an\u0131nda B1 h\u00fccresine uygulayacakt\u0131r. <br><img loading=\"lazy\" decoding=\"async\" title=\"Yap\u0131\u015ft\u0131r\u0131lacak 10 h\u00fccre se\u00e7\" src=\"https:\/\/exceladvisor.org\/wp-content\/uploads\/2023\/08\/10-selectionner-la-cellule-a-coller.png\" sizes=\"auto, \" srcset=\"\" alt=\"select-the-cell-to-paste\" width=\"387\" height=\"114\"><\/li><\/ol><h2 class=\"wp-block-heading\"> Bi\u00e7imlendirmeyi kopyalay\u0131p uygulamak i\u00e7in klavye k\u0131sayolu<\/h2><p> Bi\u00e7imlendirmeyi kopyalay\u0131p yap\u0131\u015ft\u0131rmak i\u00e7in klavye k\u0131sayolunu da kullanabilirsiniz.<\/p><ul><li> H\u00fccreyi se\u00e7in ve Ctrl + C k\u0131sayol tu\u015funa bas\u0131n.<\/li><li> Bi\u00e7imlendirmeyi uygulamak istedi\u011finiz h\u00fccreyi se\u00e7in ve Alt \u21e2 H \u21e2 V \u21e2 R tu\u015flar\u0131na bas\u0131n.<\/li><\/ul><h2 class=\"wp-block-heading\"> H\u00fccre bi\u00e7imini kopyalamak i\u00e7in s\u00fcr\u00fckle ve b\u0131rak men\u00fcs\u00fcn\u00fc kullan\u0131n<\/h2><ol><li> A1 h\u00fccresini veya bi\u00e7imlendirmenin oldu\u011fu yeri se\u00e7in. <br><img loading=\"lazy\" decoding=\"async\" title=\"11-kopyala-h\u00fccre-s\u00fcr\u00fckle-b\u0131rak kullanarak-bi\u00e7imlendirme\" src=\"https:\/\/exceladvisor.org\/wp-content\/uploads\/2023\/08\/11-copier-la-mise-en-forme-des-cellules-par-glisser-deposer.png\" sizes=\"auto, \" srcset=\"\" alt=\"copy-cell-formatting-using-drag-drop\" width=\"366\" height=\"149\"><\/li><li> Farenizi h\u00fccre s\u0131n\u0131r\u0131n\u0131n \u00fczerine getirin ve sa\u011f fare d\u00fc\u011fmesini bas\u0131l\u0131 tutun. <br><img loading=\"lazy\" decoding=\"async\" title=\"H\u00fccre s\u0131n\u0131r\u0131nda 12 noktal\u0131 fare\" src=\"https:\/\/exceladvisor.org\/wp-content\/uploads\/2023\/08\/12-pointez-la-souris-sur-la-bordure-de-la-cellule.png\" sizes=\"auto, \" srcset=\"\" alt=\"hover-mouse-on-the-cell-border\" width=\"362\" height=\"148\"><\/li><li> Bi\u00e7imlendirmeyi yap\u0131\u015ft\u0131rmak istedi\u011finiz h\u00fccreye b\u0131rak\u0131n. <br><img loading=\"lazy\" decoding=\"async\" title=\"13-s\u00fcr\u00fckleyin-yap\u0131\u015ft\u0131r\u0131n-bi\u00e7imlendirme\" src=\"https:\/\/exceladvisor.org\/wp-content\/uploads\/2023\/08\/13-faites-glisser-ou-coller-la-mise-en-forme.png\" sizes=\"auto, \" srcset=\"\" alt=\"drag-where-to-paste-formatting\" width=\"425\" height=\"140\"><\/li><li> Men\u00fcye girmek i\u00e7in d\u00fc\u011fmeyi b\u0131rak\u0131n. <br><img loading=\"lazy\" decoding=\"async\" title=\"Men\u00fc i\u00e7in 14 serbest b\u0131rakma d\u00fc\u011fmesi\" src=\"https:\/\/exceladvisor.org\/wp-content\/uploads\/2023\/08\/14-bouton-de-deverrouillage-pour-le-menu.png\" sizes=\"auto, \" srcset=\"\" alt=\"release-button-for-menu\" width=\"514\" height=\"344\"><\/li><li> \u201cBuraya yaln\u0131zca format olarak kopyala\u201d se\u00e7ene\u011fini se\u00e7in. <br><img loading=\"lazy\" decoding=\"async\" title=\"15-yaln\u0131zca format olarak kopyala\" src=\"https:\/\/exceladvisor.org\/wp-content\/uploads\/2023\/08\/15-copies-en-tant-que-formats-uniquement.png\" sizes=\"auto, \" srcset=\"\" alt=\"copy-as-formats-only\" width=\"421\" height=\"114\"><\/li><\/ol><h2 class=\"wp-block-heading\"> Bi\u00e7imlendirmeyi doldurma tutamac\u0131yla kopyalay\u0131n<\/h2><p> Bir h\u00fccrede bi\u00e7imlendirmeniz varsa ve bu bi\u00e7imlendirmeyi h\u00fccrelere kopyalay\u0131p yap\u0131\u015ft\u0131rmak istiyorsan\u0131z, bunun i\u00e7in doldurma tutamac\u0131n\u0131 kullanabilirsiniz.<\/p><ol><li> A1 h\u00fccresini se\u00e7in ve farenizi h\u00fccrenin sa\u011f alt k\u00f6\u015fesinin \u00fczerine getirin. <br><img loading=\"lazy\" decoding=\"async\" title=\"Doldurma tutamac\u0131yla 16 kopyal\u0131 bi\u00e7imlendirme\" src=\"https:\/\/exceladvisor.org\/wp-content\/uploads\/2023\/08\/Formatage-de-16-copies-avec-poignee-de-remplissage.png\" sizes=\"auto, \" srcset=\"\" alt=\"copy-formatting-with-fill-handle\" width=\"329\" height=\"130\"><\/li><li> Sol fare d\u00fc\u011fmesini bas\u0131l\u0131 tutun ve A2 h\u00fccresine s\u00fcr\u00fckleyin. <br><img loading=\"lazy\" decoding=\"async\" title=\"17-fareyi bas\u0131l\u0131 tutun ve s\u00fcr\u00fckleyin\" src=\"https:\/\/exceladvisor.org\/wp-content\/uploads\/2023\/08\/17-maintenez-la-souris-enfoncee-et-faites-glisser.png\" sizes=\"auto, \" srcset=\"\" alt=\"hold-mouse-and-drag\" width=\"340\" height=\"168\"><\/li><li> Otomatik doldurma se\u00e7eneklerini h\u00fccrenin alt k\u0131sm\u0131nda g\u00f6receksiniz. <br><img loading=\"lazy\" decoding=\"async\" title=\"18 otomatik doldurma se\u00e7ene\u011fi\" src=\"https:\/\/exceladvisor.org\/wp-content\/uploads\/2023\/08\/18-options-de-remplissage-automatique.png\" sizes=\"auto, \" srcset=\"\" alt=\"autofill-options\" width=\"338\" height=\"174\"><\/li><li> A\u00e7\u0131l\u0131r men\u00fcy\u00fc t\u0131klay\u0131n ve \u201cYaln\u0131zca Bi\u00e7imlendirmeyi Doldur\u201du se\u00e7in. <br><img loading=\"lazy\" decoding=\"async\" title=\"19 yaln\u0131zca doldurma bi\u00e7imlendirmesini se\u00e7in\" src=\"https:\/\/exceladvisor.org\/wp-content\/uploads\/2023\/08\/19-choisir-le-formatage-de-remplissage-uniquement.png\" sizes=\"auto, \" srcset=\"\" alt=\"choose-fill-formatting-only\" width=\"390\" height=\"245\"><\/li><\/ol><p> Otomatik Doldur a\u00e7\u0131l\u0131r men\u00fcs\u00fcn\u00fc g\u00f6rm\u00fcyorsan\u0131z Dosya Sekmesi \u21e2 <a href=\"https:\/\/exceladvisor.org\/tr\/secenekler\/\">Excel Se\u00e7enekleri<\/a> \u21e2 Geli\u015fmi\u015f \u21e2 D\u00fczenleme Se\u00e7enekleri \u21e2 <a href=\"https:\/\/exceladvisor.org\/tr\/doldurma-kolu\/\">Doldurma Tutamac\u0131n\u0131<\/a> Etkinle\u015ftir se\u00e7ene\u011fine gidin. Ve h\u00e2l\u00e2 g\u00f6remiyorsan\u0131z, i\u00e7erik yap\u0131\u015ft\u0131r\u0131ld\u0131\u011f\u0131nda Dosya sekmesi \u21e2 Excel Se\u00e7enekleri \u21e2 Kes, kopyala ve yap\u0131\u015ft\u0131r \u21e2 Yap\u0131\u015ft\u0131rma Se\u00e7eneklerini G\u00f6ster d\u00fc\u011fmesine gidin.<\/p><div class=\"gb-container gb-container-4db6181c gb-container-mt\"> <a class=\"gb-button gb-button-c5897111 gb-button-text gb-button-mt-button\" href=\"https:\/\/exceladvisor.org\/tr\/excelin-temelleri\/\">Microsoft Excel Temelleri (Bile\u015fenler, Par\u00e7alar ve Bilgi Notlar\u0131)<\/a><h2 class=\"gb-headline gb-headline-665e5f6b gb-headline-text gb-headline-mt-heading\"> \u0130lgili e\u011fitimler <\/h2><div class=\"gb-grid-wrapper gb-grid-wrapper-a20baf7c gb-grid-wrapper-mt-grid\"><div class=\"gb-grid-column gb-grid-column-65ddf67e\"><div class=\"gb-container gb-container-65ddf67e\"><ul><li> <a href=\"https:\/\/exceladvisor.org\/tr\/muhasebe-numarasi-formati\/\">Excel&#8217;de muhasebe numaras\u0131 bi\u00e7imini uygulama<\/a><\/li><li> <a href=\"https:\/\/exceladvisor.org\/tr\/hucre-rengi\/\">Excel&#8217;de bir h\u00fccreye veya sayfan\u0131n tamam\u0131na arka plan rengi uygulama<\/a><\/li><li> <a href=\"https:\/\/exceladvisor.org\/tr\/izgara\/\">Excel k\u0131lavuz \u00e7izgilerini yazd\u0131r\u0131n (silin, k\u0131salt\u0131n ve rengi de\u011fi\u015ftirin)<\/a><\/li><li> <a href=\"https:\/\/exceladvisor.org\/tr\/sayfa-numarasi-ekle\/\">Excel&#8217;de sayfa numaras\u0131 ekleme<\/a><\/li><li> <a href=\"https:\/\/exceladvisor.org\/tr\/virgul-stilini-uygula\/\">Excel&#8217;de virg\u00fcl stilini uygulama<\/a><\/li><\/ul><\/div><\/div><\/div><\/div>","protected":false},"excerpt":{"rendered":"","protected":false},"author":1,"featured_media":0,"parent":0,"menu_order":0,"comment_status":"open","ping_status":"closed","template":"","meta":{"ub_ctt_via":"","footnotes":""},"class_list":["post-1887","page","type-page","status-publish","hentry"],"featured_image_src":null,"yoast_head":"<!-- This site is optimized with the Yoast SEO plugin v25.4 - https:\/\/yoast.com\/wordpress\/plugins\/seo\/ -->\n<title>Excel&#039;de bi\u00e7imlendirme nas\u0131l kopyalan\u0131r? (E\u011fitim 2023)<\/title>\n<meta name=\"description\" content=\"Bu derste Excel&#039;de bi\u00e7imlendirmenin nas\u0131l kopyalanaca\u011f\u0131n\u0131 \u00f6\u011frenece\u011fiz. Excel&#039;in bi\u00e7imlendirmeyi h\u0131zla kopyalaman\u0131n birka\u00e7 yolu vard\u0131r\" \/>\n<meta name=\"robots\" content=\"index, follow, max-snippet:-1, max-image-preview:large, max-video-preview:-1\" \/>\n<link rel=\"canonical\" href=\"https:\/\/exceladvisor.org\/tr\/bicimlendirmeyi-kopyala\/\" \/>\n<meta property=\"og:locale\" content=\"tr_TR\" \/>\n<meta property=\"og:type\" content=\"article\" \/>\n<meta property=\"og:title\" content=\"Excel&#039;de bi\u00e7imlendirme nas\u0131l kopyalan\u0131r? (E\u011fitim 2023)\" \/>\n<meta property=\"og:description\" content=\"Bu derste Excel&#039;de bi\u00e7imlendirmenin nas\u0131l kopyalanaca\u011f\u0131n\u0131 \u00f6\u011frenece\u011fiz. Excel&#039;in bi\u00e7imlendirmeyi h\u0131zla kopyalaman\u0131n birka\u00e7 yolu vard\u0131r\" \/>\n<meta property=\"og:url\" content=\"https:\/\/exceladvisor.org\/tr\/bicimlendirmeyi-kopyala\/\" \/>\n<meta property=\"og:site_name\" content=\"Excel Advisor\" \/>\n<meta property=\"article:modified_time\" content=\"2023-12-10T06:00:21+00:00\" \/>\n<meta property=\"og:image\" content=\"https:\/\/exceladvisor.org\/wp-content\/uploads\/2023\/08\/1-copie-mise-en-forme-sous-excel.png\" \/>\n<meta name=\"twitter:card\" content=\"summary_large_image\" \/>\n<meta name=\"twitter:label1\" content=\"Tahmini okuma s\u00fcresi\" \/>\n\t<meta name=\"twitter:data1\" content=\"3 dakika\" \/>\n<script type=\"application\/ld+json\" class=\"yoast-schema-graph\">{\"@context\":\"https:\/\/schema.org\",\"@graph\":[{\"@type\":\"WebPage\",\"@id\":\"https:\/\/exceladvisor.org\/tr\/bicimlendirmeyi-kopyala\/\",\"url\":\"https:\/\/exceladvisor.org\/tr\/bicimlendirmeyi-kopyala\/\",\"name\":\"Excel&#39;de bi\u00e7imlendirme nas\u0131l kopyalan\u0131r? (E\u011fitim 2023)\",\"isPartOf\":{\"@id\":\"https:\/\/exceladvisor.org\/tr\/#website\"},\"primaryImageOfPage\":{\"@id\":\"https:\/\/exceladvisor.org\/tr\/bicimlendirmeyi-kopyala\/#primaryimage\"},\"image\":{\"@id\":\"https:\/\/exceladvisor.org\/tr\/bicimlendirmeyi-kopyala\/#primaryimage\"},\"thumbnailUrl\":\"https:\/\/exceladvisor.org\/wp-content\/uploads\/2023\/08\/1-copie-mise-en-forme-sous-excel.png\",\"datePublished\":\"2023-10-30T06:00:23+00:00\",\"dateModified\":\"2023-12-10T06:00:21+00:00\",\"description\":\"Bu derste Excel&#39;de bi\u00e7imlendirmenin nas\u0131l kopyalanaca\u011f\u0131n\u0131 \u00f6\u011frenece\u011fiz. Excel&#39;in bi\u00e7imlendirmeyi h\u0131zla kopyalaman\u0131n birka\u00e7 yolu vard\u0131r\",\"breadcrumb\":{\"@id\":\"https:\/\/exceladvisor.org\/tr\/bicimlendirmeyi-kopyala\/#breadcrumb\"},\"inLanguage\":\"tr\",\"potentialAction\":[{\"@type\":\"ReadAction\",\"target\":[\"https:\/\/exceladvisor.org\/tr\/bicimlendirmeyi-kopyala\/\"]}]},{\"@type\":\"ImageObject\",\"inLanguage\":\"tr\",\"@id\":\"https:\/\/exceladvisor.org\/tr\/bicimlendirmeyi-kopyala\/#primaryimage\",\"url\":\"https:\/\/exceladvisor.org\/wp-content\/uploads\/2023\/08\/1-copie-mise-en-forme-sous-excel.png\",\"contentUrl\":\"https:\/\/exceladvisor.org\/wp-content\/uploads\/2023\/08\/1-copie-mise-en-forme-sous-excel.png\"},{\"@type\":\"BreadcrumbList\",\"@id\":\"https:\/\/exceladvisor.org\/tr\/bicimlendirmeyi-kopyala\/#breadcrumb\",\"itemListElement\":[{\"@type\":\"ListItem\",\"position\":1,\"name\":\"Ev\",\"item\":\"https:\/\/exceladvisor.org\/tr\/\"},{\"@type\":\"ListItem\",\"position\":2,\"name\":\"Excel&#39;de bi\u00e7imlendirme nas\u0131l kopyalan\u0131r?\"}]},{\"@type\":\"WebSite\",\"@id\":\"https:\/\/exceladvisor.org\/tr\/#website\",\"url\":\"https:\/\/exceladvisor.org\/tr\/\",\"name\":\"Excel Advisor\",\"description\":\"Veri hakimiyetine y\u00f6nelik nihai rehberiniz!\",\"publisher\":{\"@id\":\"https:\/\/exceladvisor.org\/tr\/#organization\"},\"potentialAction\":[{\"@type\":\"SearchAction\",\"target\":{\"@type\":\"EntryPoint\",\"urlTemplate\":\"https:\/\/exceladvisor.org\/tr\/?s={search_term_string}\"},\"query-input\":{\"@type\":\"PropertyValueSpecification\",\"valueRequired\":true,\"valueName\":\"search_term_string\"}}],\"inLanguage\":\"tr\"},{\"@type\":\"Organization\",\"@id\":\"https:\/\/exceladvisor.org\/tr\/#organization\",\"name\":\"Excel Advisor\",\"url\":\"https:\/\/exceladvisor.org\/tr\/\",\"logo\":{\"@type\":\"ImageObject\",\"inLanguage\":\"tr\",\"@id\":\"https:\/\/exceladvisor.org\/tr\/#\/schema\/logo\/image\/\",\"url\":\"https:\/\/exceladvisor.org\/tr\/wp-content\/uploads\/2023\/12\/exceladvisor.org_.png\",\"contentUrl\":\"https:\/\/exceladvisor.org\/tr\/wp-content\/uploads\/2023\/12\/exceladvisor.org_.png\",\"width\":105,\"height\":36,\"caption\":\"Excel Advisor\"},\"image\":{\"@id\":\"https:\/\/exceladvisor.org\/tr\/#\/schema\/logo\/image\/\"}}]}<\/script>\n<!-- \/ Yoast SEO plugin. -->","yoast_head_json":{"title":"Excel&#39;de bi\u00e7imlendirme nas\u0131l kopyalan\u0131r? (E\u011fitim 2023)","description":"Bu derste Excel&#39;de bi\u00e7imlendirmenin nas\u0131l kopyalanaca\u011f\u0131n\u0131 \u00f6\u011frenece\u011fiz. Excel&#39;in bi\u00e7imlendirmeyi h\u0131zla kopyalaman\u0131n birka\u00e7 yolu vard\u0131r","robots":{"index":"index","follow":"follow","max-snippet":"max-snippet:-1","max-image-preview":"max-image-preview:large","max-video-preview":"max-video-preview:-1"},"canonical":"https:\/\/exceladvisor.org\/tr\/bicimlendirmeyi-kopyala\/","og_locale":"tr_TR","og_type":"article","og_title":"Excel&#39;de bi\u00e7imlendirme nas\u0131l kopyalan\u0131r? (E\u011fitim 2023)","og_description":"Bu derste Excel&#39;de bi\u00e7imlendirmenin nas\u0131l kopyalanaca\u011f\u0131n\u0131 \u00f6\u011frenece\u011fiz. Excel&#39;in bi\u00e7imlendirmeyi h\u0131zla kopyalaman\u0131n birka\u00e7 yolu vard\u0131r","og_url":"https:\/\/exceladvisor.org\/tr\/bicimlendirmeyi-kopyala\/","og_site_name":"Excel Advisor","article_modified_time":"2023-12-10T06:00:21+00:00","og_image":[{"url":"https:\/\/exceladvisor.org\/wp-content\/uploads\/2023\/08\/1-copie-mise-en-forme-sous-excel.png","type":"","width":"","height":""}],"twitter_card":"summary_large_image","twitter_misc":{"Tahmini okuma s\u00fcresi":"3 dakika"},"schema":{"@context":"https:\/\/schema.org","@graph":[{"@type":"WebPage","@id":"https:\/\/exceladvisor.org\/tr\/bicimlendirmeyi-kopyala\/","url":"https:\/\/exceladvisor.org\/tr\/bicimlendirmeyi-kopyala\/","name":"Excel&#39;de bi\u00e7imlendirme nas\u0131l kopyalan\u0131r? (E\u011fitim 2023)","isPartOf":{"@id":"https:\/\/exceladvisor.org\/tr\/#website"},"primaryImageOfPage":{"@id":"https:\/\/exceladvisor.org\/tr\/bicimlendirmeyi-kopyala\/#primaryimage"},"image":{"@id":"https:\/\/exceladvisor.org\/tr\/bicimlendirmeyi-kopyala\/#primaryimage"},"thumbnailUrl":"https:\/\/exceladvisor.org\/wp-content\/uploads\/2023\/08\/1-copie-mise-en-forme-sous-excel.png","datePublished":"2023-10-30T06:00:23+00:00","dateModified":"2023-12-10T06:00:21+00:00","description":"Bu derste Excel&#39;de bi\u00e7imlendirmenin nas\u0131l kopyalanaca\u011f\u0131n\u0131 \u00f6\u011frenece\u011fiz. Excel&#39;in bi\u00e7imlendirmeyi h\u0131zla kopyalaman\u0131n birka\u00e7 yolu vard\u0131r","breadcrumb":{"@id":"https:\/\/exceladvisor.org\/tr\/bicimlendirmeyi-kopyala\/#breadcrumb"},"inLanguage":"tr","potentialAction":[{"@type":"ReadAction","target":["https:\/\/exceladvisor.org\/tr\/bicimlendirmeyi-kopyala\/"]}]},{"@type":"ImageObject","inLanguage":"tr","@id":"https:\/\/exceladvisor.org\/tr\/bicimlendirmeyi-kopyala\/#primaryimage","url":"https:\/\/exceladvisor.org\/wp-content\/uploads\/2023\/08\/1-copie-mise-en-forme-sous-excel.png","contentUrl":"https:\/\/exceladvisor.org\/wp-content\/uploads\/2023\/08\/1-copie-mise-en-forme-sous-excel.png"},{"@type":"BreadcrumbList","@id":"https:\/\/exceladvisor.org\/tr\/bicimlendirmeyi-kopyala\/#breadcrumb","itemListElement":[{"@type":"ListItem","position":1,"name":"Ev","item":"https:\/\/exceladvisor.org\/tr\/"},{"@type":"ListItem","position":2,"name":"Excel&#39;de bi\u00e7imlendirme nas\u0131l kopyalan\u0131r?"}]},{"@type":"WebSite","@id":"https:\/\/exceladvisor.org\/tr\/#website","url":"https:\/\/exceladvisor.org\/tr\/","name":"Excel Advisor","description":"Veri hakimiyetine y\u00f6nelik nihai rehberiniz!","publisher":{"@id":"https:\/\/exceladvisor.org\/tr\/#organization"},"potentialAction":[{"@type":"SearchAction","target":{"@type":"EntryPoint","urlTemplate":"https:\/\/exceladvisor.org\/tr\/?s={search_term_string}"},"query-input":{"@type":"PropertyValueSpecification","valueRequired":true,"valueName":"search_term_string"}}],"inLanguage":"tr"},{"@type":"Organization","@id":"https:\/\/exceladvisor.org\/tr\/#organization","name":"Excel Advisor","url":"https:\/\/exceladvisor.org\/tr\/","logo":{"@type":"ImageObject","inLanguage":"tr","@id":"https:\/\/exceladvisor.org\/tr\/#\/schema\/logo\/image\/","url":"https:\/\/exceladvisor.org\/tr\/wp-content\/uploads\/2023\/12\/exceladvisor.org_.png","contentUrl":"https:\/\/exceladvisor.org\/tr\/wp-content\/uploads\/2023\/12\/exceladvisor.org_.png","width":105,"height":36,"caption":"Excel Advisor"},"image":{"@id":"https:\/\/exceladvisor.org\/tr\/#\/schema\/logo\/image\/"}}]}},"yoast_meta":{"yoast_wpseo_title":"","yoast_wpseo_metadesc":"","yoast_wpseo_canonical":""},"_links":{"self":[{"href":"https:\/\/exceladvisor.org\/tr\/wp-json\/wp\/v2\/pages\/1887","targetHints":{"allow":["GET"]}}],"collection":[{"href":"https:\/\/exceladvisor.org\/tr\/wp-json\/wp\/v2\/pages"}],"about":[{"href":"https:\/\/exceladvisor.org\/tr\/wp-json\/wp\/v2\/types\/page"}],"author":[{"embeddable":true,"href":"https:\/\/exceladvisor.org\/tr\/wp-json\/wp\/v2\/users\/1"}],"replies":[{"embeddable":true,"href":"https:\/\/exceladvisor.org\/tr\/wp-json\/wp\/v2\/comments?post=1887"}],"version-history":[{"count":1,"href":"https:\/\/exceladvisor.org\/tr\/wp-json\/wp\/v2\/pages\/1887\/revisions"}],"predecessor-version":[{"id":2399,"href":"https:\/\/exceladvisor.org\/tr\/wp-json\/wp\/v2\/pages\/1887\/revisions\/2399"}],"wp:attachment":[{"href":"https:\/\/exceladvisor.org\/tr\/wp-json\/wp\/v2\/media?parent=1887"}],"curies":[{"name":"wp","href":"https:\/\/api.w.org\/{rel}","templated":true}]}}