{"id":1889,"date":"2023-10-29T23:32:03","date_gmt":"2023-10-29T23:32:03","guid":{"rendered":"https:\/\/exceladvisor.org\/tr\/dosyayi-kaydet\/"},"modified":"2023-12-10T06:00:27","modified_gmt":"2023-12-10T06:00:27","slug":"dosyayi-kaydet","status":"publish","type":"page","link":"https:\/\/exceladvisor.org\/tr\/dosyayi-kaydet\/","title":{"rendered":"Excel&#39;de bir dosya nas\u0131l kaydedilir?"},"content":{"rendered":"<div class=\"excel-icerikten-once\" id=\"excel-1825697387\"><script type=\"text\/javascript\">\r\n\tatOptions = {\r\n\t\t'key' : 'c1158f160081d6540a8409e6925dab94',\r\n\t\t'format' : 'iframe',\r\n\t\t'height' : 250,\r\n\t\t'width' : 300,\r\n\t\t'params' : {}\r\n\t};\r\n<\/script>\r\n<script type=\"text\/javascript\" src=\"\/\/www.highperformanceformat.com\/c1158f160081d6540a8409e6925dab94\/invoke.js\"><\/script><\/div> <p>Excel kullan\u0131c\u0131s\u0131ysan\u0131z, bir dosyay\u0131 oraya nas\u0131l kaydedece\u011finizi bilmek \u00f6nemlidir. Excel&#8217;de kay\u0131t olu\u015fturmak i\u00e7in bir dosyay\u0131 kaydetmeniz gerekebilir. Ve Excel&#8217;deki varsay\u0131lan dosya format\u0131 XLSX&#8217;tir. Verilerinizi herhangi bir yerel s\u00fcr\u00fcc\u00fcye, klas\u00f6re (masa\u00fcst\u00fc, belgem gibi), sabit s\u00fcr\u00fcc\u00fcye veya USB s\u00fcr\u00fcc\u00fcye yedeklemenizi sa\u011flar.<\/p><p> Bu derste Excel belgelerini kaydetmenin farkl\u0131 y\u00f6ntemlerini \u00f6\u011frenece\u011fiz.<\/p><h2 id=\"h-save-a-file-using-the-file-tab-on-the-ribbon\" class=\"wp-block-heading\"> \u015eeritteki Dosya sekmesini kullanarak bir dosyay\u0131 kaydedin<\/h2><p> Bu, bir Excel dosyas\u0131n\u0131 s\u00fcr\u00fcc\u00fcn\u00fcze veya herhangi bir klas\u00f6re kaydetmenin en basit ve en kolay yollar\u0131ndan biridir. \u0130\u015fte bunun i\u00e7in ad\u0131mlar:<\/p><ul><li> \u00d6ncelikle Excel elektronik tablosunu a\u00e7\u0131n; varsay\u0131lan ad\u0131n Kitap1 oldu\u011funu g\u00f6rebilirsiniz. \u015eimdi kaydetmek istedi\u011finiz verileri girin. <\/li><\/ul><div class=\"wp-block-image\"><figure class=\"aligncenter size-full is-resized\"><img loading=\"lazy\" decoding=\"async\" class=\"wp-image-80044\" src=\"https:\/\/exceladvisor.org\/wp-content\/uploads\/2023\/08\/1-nouveau-classeur-excel.png\" sizes=\"auto, \" srcset=\"\" alt=\"yeni-\u00e7al\u0131\u015fma kitab\u0131-Excel\" width=\"412\" height=\"414\"><\/figure><\/div><ul><li> Dosya sekmesine t\u0131klad\u0131\u011f\u0131n\u0131zda se\u00e7enekler listesinin perde arkas\u0131n\u0131 g\u00f6rebilirsiniz. <\/li><\/ul><div class=\"wp-block-image\"><figure class=\"aligncenter size-full is-resized\"><img loading=\"lazy\" decoding=\"async\" class=\"wp-image-80046\" src=\"https:\/\/exceladvisor.org\/wp-content\/uploads\/2023\/08\/2-cliquez-sur-longlet-fichier-1.png\" sizes=\"auto, \" srcset=\"\" alt=\"dosya sekmesine t\u0131klay\u0131n\" width=\"411\" height=\"440\"><\/figure><\/div><ul><li> \u015eimdi Farkl\u0131 Kaydet se\u00e7ene\u011fine t\u0131klay\u0131n, Farkl\u0131 Kaydet ileti\u015fim kutusu a\u00e7\u0131lacakt\u0131r. <\/li><\/ul><div class=\"wp-block-image\"><figure class=\"aligncenter size-full is-resized\"><img loading=\"lazy\" decoding=\"async\" class=\"wp-image-80047\" src=\"https:\/\/exceladvisor.org\/wp-content\/uploads\/2023\/08\/3-selectionnez-loption-Enregistrer-sous.png\" sizes=\"auto, \" srcset=\"\" alt=\"farkl\u0131 kaydet se\u00e7ene\u011fini se\u00e7in\" width=\"422\" height=\"190\"><\/figure><\/div><ul><li> Daha sonra e-tablonuzu kaydetmek istedi\u011finiz konuma g\u00f6z atman\u0131z gerekir.<\/li><\/ul><p> Dosyan\u0131z\u0131 masa\u00fcst\u00fcnde bulunan Excel Dosyalar\u0131 klas\u00f6r\u00fcne kaydetmek istedi\u011finizi varsayal\u0131m.<\/p><ul><li> Konumu se\u00e7tikten sonra kutuya dosya ad\u0131n\u0131 girin ve alttaki Kaydet d\u00fc\u011fmesine t\u0131klay\u0131n. <\/li><\/ul><div class=\"wp-block-image\"><figure class=\"aligncenter size-full is-resized\"><img loading=\"lazy\" decoding=\"async\" class=\"wp-image-80048\" src=\"https:\/\/exceladvisor.org\/wp-content\/uploads\/2023\/08\/4-entrez-lemplacement-du-nom-de-fichier-et-cliquez-sur-enregistrer.png\" sizes=\"auto, \" srcset=\"\" alt=\"dosya-ad\u0131n\u0131-konumunu-girin ve-kaydet'i t\u0131klay\u0131n\" width=\"601\" height=\"476\"><\/figure><\/div><ul><li> Son olarak sayfada dosya ad\u0131n\u0131n de\u011fi\u015fti\u011fini de g\u00f6rebilirsiniz. <\/li><\/ul><div class=\"wp-block-image\"><figure class=\"aligncenter size-full is-resized\"><img loading=\"lazy\" decoding=\"async\" class=\"wp-image-80049\" src=\"https:\/\/exceladvisor.org\/wp-content\/uploads\/2023\/08\/5-nom-de-feuille-mis-a-jour.png\" sizes=\"auto, \" srcset=\"\" alt=\"sayfa ad\u0131 g\u00fcncellendi\" width=\"564\" height=\"223\"><\/figure><\/div><h2 id=\"h-keyboard-shortcut-to-save-excel-file\" class=\"wp-block-heading\"> Excel dosyas\u0131n\u0131 kaydetmek i\u00e7in klavye k\u0131sayolu<\/h2><p> Dosyay\u0131 klavye k\u0131sayolunu kullanarak XLSX format\u0131nda da kaydedebilirsiniz.<\/p><ul><li> Yine gelece\u011fe kaydetmek istedi\u011finiz sayfay\u0131 haz\u0131rlaman\u0131z gerekiyor. <\/li><\/ul><div class=\"wp-block-image\"><figure class=\"aligncenter size-full is-resized\"><img loading=\"lazy\" decoding=\"async\" class=\"wp-image-80050\" src=\"https:\/\/exceladvisor.org\/wp-content\/uploads\/2023\/08\/6-cliquez-sur-le-bouton-enregistrer-sous.png\" sizes=\"auto, \" srcset=\"\" alt=\"farkl\u0131 kaydet butonuna t\u0131klay\u0131n\" width=\"375\" height=\"359\"><\/figure><\/div><ul><li> Ctrl + S tu\u015flar\u0131na bas\u0131n veya \u00fcstteki kaydetme simgesine t\u0131klay\u0131n; size a\u015fa\u011f\u0131daki gibi Dosyay\u0131 Kaydet ileti\u015fim kutusunu g\u00f6sterecektir.<\/li><li> \u015eimdi \u00e7al\u0131\u015fma kitab\u0131n\u0131za bir ad verin ve yedekleme t\u00fcr\u00fc kutusunda \u201cExcel \u00c7al\u0131\u015fma Kitab\u0131\u201d se\u00e7ene\u011fini se\u00e7in. <\/li><\/ul><div class=\"wp-block-image\"><figure class=\"aligncenter size-full is-resized\"><img loading=\"lazy\" decoding=\"async\" class=\"wp-image-80051\" src=\"https:\/\/exceladvisor.org\/wp-content\/uploads\/2023\/08\/7-entrez-le-nom-du-fichier-et-choisissez-le-format.png\" sizes=\"auto, \" srcset=\"\" alt=\"dosya ad\u0131n\u0131 girin ve format\u0131 se\u00e7in\" width=\"620\" height=\"483\"><\/figure><\/div><ul><li> Dosyan\u0131z\u0131 kaydetmek istedi\u011finiz konumu se\u00e7in ve Kaydet butonuna t\u0131klay\u0131n. <\/li><\/ul><div class=\"wp-block-image\"><figure class=\"aligncenter size-full is-resized\"><img loading=\"lazy\" decoding=\"async\" class=\"wp-image-80052\" src=\"https:\/\/exceladvisor.org\/wp-content\/uploads\/2023\/08\/8-finaliser-lemplacement-et-enregistrer-le-fichier.png\" sizes=\"auto, \" srcset=\"\" alt=\"konumu sonland\u0131r ve dosyay\u0131 kaydet\" width=\"444\" height=\"369\"><\/figure><\/div><h2 id=\"h-save-excel-file-in-other-formats\" class=\"wp-block-heading\"> Excel dosyas\u0131n\u0131 di\u011fer formatlarda kaydedin<\/h2><p> Genellikle Excel, dosyalar\u0131n\u0131 Excel \u00e7al\u0131\u015fma kitaplar\u0131na kaydeder, ancak bununla dosyalar\u0131 di\u011fer formatlarda da kaydedebilirsiniz. \u00d6rne\u011fin mevcut dosyan\u0131z\u0131 PDF format\u0131nda kaydedebilirsiniz. \u0130zlenecek ad\u0131mlar \u015funlard\u0131r:<\/p><p class=\"qt-tip\"> Not: Yeni Excel dosyas\u0131n\u0131n yan\u0131 s\u0131ra mevcut Excel dosyalar\u0131n\u0131 da di\u011fer formatlarda kaydedebilirsiniz.<\/p><ul><li> PDF olarak kaydetmek istedi\u011finiz mevcut bir dosyay\u0131 a\u00e7man\u0131z gerekir. <\/li><\/ul><div class=\"wp-block-image\"><figure class=\"aligncenter size-full is-resized\"><img loading=\"lazy\" decoding=\"async\" class=\"wp-image-80053\" src=\"https:\/\/exceladvisor.org\/wp-content\/uploads\/2023\/08\/9-fichier-existant-enregistrer-au-format-pdf.png\" sizes=\"auto, \" srcset=\"\" alt=\"mevcut-dosya-PDF-olarak-kaydet\" width=\"435\" height=\"457\"><\/figure><\/div><ul><li> \u015eimdi Dosya sekmesine t\u0131klay\u0131n ve Farkl\u0131 Kaydet se\u00e7ene\u011fini se\u00e7in.<\/li><li> G\u00f6zat&#8217;\u0131 t\u0131klad\u0131\u011f\u0131n\u0131zda ayn\u0131 farkl\u0131 kaydet ileti\u015fim kutusu a\u00e7\u0131lacakt\u0131r. <\/li><\/ul><div class=\"wp-block-image\"><figure class=\"aligncenter size-full is-resized\"><img loading=\"lazy\" decoding=\"async\" class=\"wp-image-80054\" src=\"https:\/\/exceladvisor.org\/wp-content\/uploads\/2023\/08\/10-cliquez-sur-enregistrer-sous-parcourir-lemplacement.png\" sizes=\"auto, \" srcset=\"\" alt=\"alt-g\u00f6zatma-konumunu kaydet-kaydet\" width=\"501\" height=\"389\"><\/figure><\/div><ul><li> \u015eimdi Excel dosyan\u0131z\u0131 kaydetmek istedi\u011finiz konumu se\u00e7in.<\/li><li> Daha sonra isterseniz dosya ad\u0131n\u0131 de\u011fi\u015ftirebilir ve dosya t\u00fcr\u00fc a\u00e7\u0131l\u0131r listesinden PDF&#8217;yi se\u00e7ip kaydedebilirsiniz. <\/li><\/ul><div class=\"wp-block-image\"><figure class=\"aligncenter size-full is-resized\"><img loading=\"lazy\" decoding=\"async\" class=\"wp-image-80055\" src=\"https:\/\/exceladvisor.org\/wp-content\/uploads\/2023\/08\/11-selectionnez-le-type-de-fichier-et-enregistrez-avec-le-meme-nom.png\" sizes=\"auto, \" srcset=\"\" alt=\"dosya t\u00fcr\u00fcn\u00fc se\u00e7 ve ayn\u0131 adla-kaydet\" width=\"618\" height=\"579\"><\/figure><\/div><div class=\"gb-container gb-container-4db6181c gb-container-mt\"> <a class=\"gb-button gb-button-c5897111 gb-button-text gb-button-mt-button\" href=\"https:\/\/exceladvisor.org\/tr\/excelin-temelleri\/\">Microsoft Excel Temelleri (Bile\u015fenler, Par\u00e7alar ve Bilgi Notlar\u0131)<\/a><h2 class=\"gb-headline gb-headline-665e5f6b gb-headline-text gb-headline-mt-heading\"> \u0130lgili e\u011fitimler <\/h2><div class=\"gb-grid-wrapper gb-grid-wrapper-a20baf7c gb-grid-wrapper-mt-grid\"><div class=\"gb-grid-column gb-grid-column-65ddf67e\"><div class=\"gb-container gb-container-65ddf67e\"><ul><li> <a href=\"https:\/\/exceladvisor.org\/tr\/tamamen-hakli-cikarmak\/\">Excel&#8217;de Yasla&#8217;y\u0131 Doldurun<\/a><\/li><li> <a href=\"https:\/\/exceladvisor.org\/tr\/excel-formul-cubugu\/\">Excel&#8217;deki form\u00fcl \u00e7ubu\u011fu<\/a><\/li><li> <a href=\"https:\/\/exceladvisor.org\/tr\/altbilgi-basligi-ekle\/\">Excel&#8217;de \u00fcstbilgi ve altbilgi ekleme<\/a><\/li><li> <a href=\"https:\/\/exceladvisor.org\/tr\/cetvel\/\">Cetveli Excel&#8217;de g\u00f6ster<\/a><\/li><li> <a href=\"https:\/\/exceladvisor.org\/tr\/doldurma-kolu\/\">Excel&#8217;de doldurma tutamac\u0131<\/a> <\/li><\/ul><\/div><\/div><div class=\"gb-grid-column gb-grid-column-50067b57\"><div class=\"gb-container gb-container-50067b57\"><\/div><\/div><\/div><\/div>","protected":false},"excerpt":{"rendered":"","protected":false},"author":1,"featured_media":0,"parent":0,"menu_order":0,"comment_status":"open","ping_status":"closed","template":"","meta":{"ub_ctt_via":"","footnotes":""},"class_list":["post-1889","page","type-page","status-publish","hentry"],"featured_image_src":null,"yoast_head":"<!-- This site is optimized with the Yoast SEO plugin v25.4 - https:\/\/yoast.com\/wordpress\/plugins\/seo\/ -->\n<title>\u25b7 Excel&#039;de bir dosya nas\u0131l kaydedilir? (E\u011fitim 2023)<\/title>\n<meta name=\"description\" content=\"Bu, bir Excel dosyas\u0131n\u0131 (\u00e7al\u0131\u015fma kitab\u0131) kaydetmek i\u00e7in temel bir Microsoft Excel \u00f6\u011freticisidir. Bu e\u011fitimde nas\u0131l yap\u0131laca\u011f\u0131n\u0131 \u00f6\u011freneceksiniz\" \/>\n<meta name=\"robots\" content=\"index, follow, max-snippet:-1, max-image-preview:large, max-video-preview:-1\" \/>\n<link rel=\"canonical\" href=\"https:\/\/exceladvisor.org\/tr\/dosyayi-kaydet\/\" \/>\n<meta property=\"og:locale\" content=\"tr_TR\" \/>\n<meta property=\"og:type\" content=\"article\" \/>\n<meta property=\"og:title\" content=\"\u25b7 Excel&#039;de bir dosya nas\u0131l kaydedilir? (E\u011fitim 2023)\" \/>\n<meta property=\"og:description\" content=\"Bu, bir Excel dosyas\u0131n\u0131 (\u00e7al\u0131\u015fma kitab\u0131) kaydetmek i\u00e7in temel bir Microsoft Excel \u00f6\u011freticisidir. Bu e\u011fitimde nas\u0131l yap\u0131laca\u011f\u0131n\u0131 \u00f6\u011freneceksiniz\" \/>\n<meta property=\"og:url\" content=\"https:\/\/exceladvisor.org\/tr\/dosyayi-kaydet\/\" \/>\n<meta property=\"og:site_name\" content=\"Excel Advisor\" \/>\n<meta property=\"article:modified_time\" content=\"2023-12-10T06:00:27+00:00\" \/>\n<meta property=\"og:image\" content=\"https:\/\/exceladvisor.org\/wp-content\/uploads\/2023\/08\/1-nouveau-classeur-excel.png\" \/>\n<meta name=\"twitter:card\" content=\"summary_large_image\" \/>\n<meta name=\"twitter:label1\" content=\"Tahmini okuma s\u00fcresi\" \/>\n\t<meta name=\"twitter:data1\" content=\"2 dakika\" \/>\n<script type=\"application\/ld+json\" class=\"yoast-schema-graph\">{\"@context\":\"https:\/\/schema.org\",\"@graph\":[{\"@type\":\"WebPage\",\"@id\":\"https:\/\/exceladvisor.org\/tr\/dosyayi-kaydet\/\",\"url\":\"https:\/\/exceladvisor.org\/tr\/dosyayi-kaydet\/\",\"name\":\"\u25b7 Excel&#39;de bir dosya nas\u0131l kaydedilir? (E\u011fitim 2023)\",\"isPartOf\":{\"@id\":\"https:\/\/exceladvisor.org\/tr\/#website\"},\"primaryImageOfPage\":{\"@id\":\"https:\/\/exceladvisor.org\/tr\/dosyayi-kaydet\/#primaryimage\"},\"image\":{\"@id\":\"https:\/\/exceladvisor.org\/tr\/dosyayi-kaydet\/#primaryimage\"},\"thumbnailUrl\":\"https:\/\/exceladvisor.org\/wp-content\/uploads\/2023\/08\/1-nouveau-classeur-excel.png\",\"datePublished\":\"2023-10-29T23:32:03+00:00\",\"dateModified\":\"2023-12-10T06:00:27+00:00\",\"description\":\"Bu, bir Excel dosyas\u0131n\u0131 (\u00e7al\u0131\u015fma kitab\u0131) kaydetmek i\u00e7in temel bir Microsoft Excel \u00f6\u011freticisidir. Bu e\u011fitimde nas\u0131l yap\u0131laca\u011f\u0131n\u0131 \u00f6\u011freneceksiniz\",\"breadcrumb\":{\"@id\":\"https:\/\/exceladvisor.org\/tr\/dosyayi-kaydet\/#breadcrumb\"},\"inLanguage\":\"tr\",\"potentialAction\":[{\"@type\":\"ReadAction\",\"target\":[\"https:\/\/exceladvisor.org\/tr\/dosyayi-kaydet\/\"]}]},{\"@type\":\"ImageObject\",\"inLanguage\":\"tr\",\"@id\":\"https:\/\/exceladvisor.org\/tr\/dosyayi-kaydet\/#primaryimage\",\"url\":\"https:\/\/exceladvisor.org\/wp-content\/uploads\/2023\/08\/1-nouveau-classeur-excel.png\",\"contentUrl\":\"https:\/\/exceladvisor.org\/wp-content\/uploads\/2023\/08\/1-nouveau-classeur-excel.png\"},{\"@type\":\"BreadcrumbList\",\"@id\":\"https:\/\/exceladvisor.org\/tr\/dosyayi-kaydet\/#breadcrumb\",\"itemListElement\":[{\"@type\":\"ListItem\",\"position\":1,\"name\":\"Ev\",\"item\":\"https:\/\/exceladvisor.org\/tr\/\"},{\"@type\":\"ListItem\",\"position\":2,\"name\":\"Excel&#39;de bir dosya nas\u0131l kaydedilir?\"}]},{\"@type\":\"WebSite\",\"@id\":\"https:\/\/exceladvisor.org\/tr\/#website\",\"url\":\"https:\/\/exceladvisor.org\/tr\/\",\"name\":\"Excel Advisor\",\"description\":\"Veri hakimiyetine y\u00f6nelik nihai rehberiniz!\",\"publisher\":{\"@id\":\"https:\/\/exceladvisor.org\/tr\/#organization\"},\"potentialAction\":[{\"@type\":\"SearchAction\",\"target\":{\"@type\":\"EntryPoint\",\"urlTemplate\":\"https:\/\/exceladvisor.org\/tr\/?s={search_term_string}\"},\"query-input\":{\"@type\":\"PropertyValueSpecification\",\"valueRequired\":true,\"valueName\":\"search_term_string\"}}],\"inLanguage\":\"tr\"},{\"@type\":\"Organization\",\"@id\":\"https:\/\/exceladvisor.org\/tr\/#organization\",\"name\":\"Excel Advisor\",\"url\":\"https:\/\/exceladvisor.org\/tr\/\",\"logo\":{\"@type\":\"ImageObject\",\"inLanguage\":\"tr\",\"@id\":\"https:\/\/exceladvisor.org\/tr\/#\/schema\/logo\/image\/\",\"url\":\"https:\/\/exceladvisor.org\/tr\/wp-content\/uploads\/2023\/12\/exceladvisor.org_.png\",\"contentUrl\":\"https:\/\/exceladvisor.org\/tr\/wp-content\/uploads\/2023\/12\/exceladvisor.org_.png\",\"width\":105,\"height\":36,\"caption\":\"Excel Advisor\"},\"image\":{\"@id\":\"https:\/\/exceladvisor.org\/tr\/#\/schema\/logo\/image\/\"}}]}<\/script>\n<!-- \/ Yoast SEO plugin. -->","yoast_head_json":{"title":"\u25b7 Excel&#39;de bir dosya nas\u0131l kaydedilir? (E\u011fitim 2023)","description":"Bu, bir Excel dosyas\u0131n\u0131 (\u00e7al\u0131\u015fma kitab\u0131) kaydetmek i\u00e7in temel bir Microsoft Excel \u00f6\u011freticisidir. Bu e\u011fitimde nas\u0131l yap\u0131laca\u011f\u0131n\u0131 \u00f6\u011freneceksiniz","robots":{"index":"index","follow":"follow","max-snippet":"max-snippet:-1","max-image-preview":"max-image-preview:large","max-video-preview":"max-video-preview:-1"},"canonical":"https:\/\/exceladvisor.org\/tr\/dosyayi-kaydet\/","og_locale":"tr_TR","og_type":"article","og_title":"\u25b7 Excel&#39;de bir dosya nas\u0131l kaydedilir? (E\u011fitim 2023)","og_description":"Bu, bir Excel dosyas\u0131n\u0131 (\u00e7al\u0131\u015fma kitab\u0131) kaydetmek i\u00e7in temel bir Microsoft Excel \u00f6\u011freticisidir. Bu e\u011fitimde nas\u0131l yap\u0131laca\u011f\u0131n\u0131 \u00f6\u011freneceksiniz","og_url":"https:\/\/exceladvisor.org\/tr\/dosyayi-kaydet\/","og_site_name":"Excel Advisor","article_modified_time":"2023-12-10T06:00:27+00:00","og_image":[{"url":"https:\/\/exceladvisor.org\/wp-content\/uploads\/2023\/08\/1-nouveau-classeur-excel.png","type":"","width":"","height":""}],"twitter_card":"summary_large_image","twitter_misc":{"Tahmini okuma s\u00fcresi":"2 dakika"},"schema":{"@context":"https:\/\/schema.org","@graph":[{"@type":"WebPage","@id":"https:\/\/exceladvisor.org\/tr\/dosyayi-kaydet\/","url":"https:\/\/exceladvisor.org\/tr\/dosyayi-kaydet\/","name":"\u25b7 Excel&#39;de bir dosya nas\u0131l kaydedilir? (E\u011fitim 2023)","isPartOf":{"@id":"https:\/\/exceladvisor.org\/tr\/#website"},"primaryImageOfPage":{"@id":"https:\/\/exceladvisor.org\/tr\/dosyayi-kaydet\/#primaryimage"},"image":{"@id":"https:\/\/exceladvisor.org\/tr\/dosyayi-kaydet\/#primaryimage"},"thumbnailUrl":"https:\/\/exceladvisor.org\/wp-content\/uploads\/2023\/08\/1-nouveau-classeur-excel.png","datePublished":"2023-10-29T23:32:03+00:00","dateModified":"2023-12-10T06:00:27+00:00","description":"Bu, bir Excel dosyas\u0131n\u0131 (\u00e7al\u0131\u015fma kitab\u0131) kaydetmek i\u00e7in temel bir Microsoft Excel \u00f6\u011freticisidir. Bu e\u011fitimde nas\u0131l yap\u0131laca\u011f\u0131n\u0131 \u00f6\u011freneceksiniz","breadcrumb":{"@id":"https:\/\/exceladvisor.org\/tr\/dosyayi-kaydet\/#breadcrumb"},"inLanguage":"tr","potentialAction":[{"@type":"ReadAction","target":["https:\/\/exceladvisor.org\/tr\/dosyayi-kaydet\/"]}]},{"@type":"ImageObject","inLanguage":"tr","@id":"https:\/\/exceladvisor.org\/tr\/dosyayi-kaydet\/#primaryimage","url":"https:\/\/exceladvisor.org\/wp-content\/uploads\/2023\/08\/1-nouveau-classeur-excel.png","contentUrl":"https:\/\/exceladvisor.org\/wp-content\/uploads\/2023\/08\/1-nouveau-classeur-excel.png"},{"@type":"BreadcrumbList","@id":"https:\/\/exceladvisor.org\/tr\/dosyayi-kaydet\/#breadcrumb","itemListElement":[{"@type":"ListItem","position":1,"name":"Ev","item":"https:\/\/exceladvisor.org\/tr\/"},{"@type":"ListItem","position":2,"name":"Excel&#39;de bir dosya nas\u0131l kaydedilir?"}]},{"@type":"WebSite","@id":"https:\/\/exceladvisor.org\/tr\/#website","url":"https:\/\/exceladvisor.org\/tr\/","name":"Excel Advisor","description":"Veri hakimiyetine y\u00f6nelik nihai rehberiniz!","publisher":{"@id":"https:\/\/exceladvisor.org\/tr\/#organization"},"potentialAction":[{"@type":"SearchAction","target":{"@type":"EntryPoint","urlTemplate":"https:\/\/exceladvisor.org\/tr\/?s={search_term_string}"},"query-input":{"@type":"PropertyValueSpecification","valueRequired":true,"valueName":"search_term_string"}}],"inLanguage":"tr"},{"@type":"Organization","@id":"https:\/\/exceladvisor.org\/tr\/#organization","name":"Excel Advisor","url":"https:\/\/exceladvisor.org\/tr\/","logo":{"@type":"ImageObject","inLanguage":"tr","@id":"https:\/\/exceladvisor.org\/tr\/#\/schema\/logo\/image\/","url":"https:\/\/exceladvisor.org\/tr\/wp-content\/uploads\/2023\/12\/exceladvisor.org_.png","contentUrl":"https:\/\/exceladvisor.org\/tr\/wp-content\/uploads\/2023\/12\/exceladvisor.org_.png","width":105,"height":36,"caption":"Excel Advisor"},"image":{"@id":"https:\/\/exceladvisor.org\/tr\/#\/schema\/logo\/image\/"}}]}},"yoast_meta":{"yoast_wpseo_title":"","yoast_wpseo_metadesc":"","yoast_wpseo_canonical":""},"_links":{"self":[{"href":"https:\/\/exceladvisor.org\/tr\/wp-json\/wp\/v2\/pages\/1889","targetHints":{"allow":["GET"]}}],"collection":[{"href":"https:\/\/exceladvisor.org\/tr\/wp-json\/wp\/v2\/pages"}],"about":[{"href":"https:\/\/exceladvisor.org\/tr\/wp-json\/wp\/v2\/types\/page"}],"author":[{"embeddable":true,"href":"https:\/\/exceladvisor.org\/tr\/wp-json\/wp\/v2\/users\/1"}],"replies":[{"embeddable":true,"href":"https:\/\/exceladvisor.org\/tr\/wp-json\/wp\/v2\/comments?post=1889"}],"version-history":[{"count":1,"href":"https:\/\/exceladvisor.org\/tr\/wp-json\/wp\/v2\/pages\/1889\/revisions"}],"predecessor-version":[{"id":2408,"href":"https:\/\/exceladvisor.org\/tr\/wp-json\/wp\/v2\/pages\/1889\/revisions\/2408"}],"wp:attachment":[{"href":"https:\/\/exceladvisor.org\/tr\/wp-json\/wp\/v2\/media?parent=1889"}],"curies":[{"name":"wp","href":"https:\/\/api.w.org\/{rel}","templated":true}]}}