{"id":1891,"date":"2023-10-29T18:40:55","date_gmt":"2023-10-29T18:40:55","guid":{"rendered":"https:\/\/exceladvisor.org\/tr\/kopru-baglantisini-cikar\/"},"modified":"2023-12-10T06:03:11","modified_gmt":"2023-12-10T06:03:11","slug":"kopru-baglantisini-cikar","status":"publish","type":"page","link":"https:\/\/exceladvisor.org\/tr\/kopru-baglantisini-cikar\/","title":{"rendered":"Excel&#39;de web adresleri nas\u0131l \u00e7\u0131kar\u0131l\u0131r?"},"content":{"rendered":"<div class=\"excel-icerikten-once\" id=\"excel-184750103\"><script type=\"text\/javascript\">\r\n\tatOptions = {\r\n\t\t'key' : 'c1158f160081d6540a8409e6925dab94',\r\n\t\t'format' : 'iframe',\r\n\t\t'height' : 250,\r\n\t\t'width' : 300,\r\n\t\t'params' : {}\r\n\t};\r\n<\/script>\r\n<script type=\"text\/javascript\" src=\"\/\/www.highperformanceformat.com\/c1158f160081d6540a8409e6925dab94\/invoke.js\"><\/script><\/div> <p class=\"has-text-align-left\">Meslekta\u015f\u0131n\u0131zdan, bir s\u00fctunda k\u00f6pr\u00fclerin listesinin bulundu\u011fu bir Excel \u00e7al\u0131\u015fma kitab\u0131 ald\u0131\u011f\u0131n\u0131z\u0131 varsayal\u0131m. \u015eimdi bu listeden t\u00fcm k\u00f6pr\u00fc URL&#8217;lerini \u00e7\u0131karmak istiyorsunuz.<\/p><p> Manuel y\u00f6ntem ger\u00e7ek bir ba\u015f a\u011fr\u0131s\u0131d\u0131r; her URL&#8217;yi tek tek kopyalay\u0131p yap\u0131\u015ft\u0131rman\u0131z gerekir. Yani en iyi yol <a href=\"https:\/\/exceladvisor.org\/tr\/kullanici-tanimli-fonksiyon-2\/\" data-wpel-link=\"internal\">VBA&#8217;da bir UDF olu\u015fturmakt\u0131r<\/a> . Ve bug\u00fcn sizinle bu UDF i\u00e7in basit bir kod payla\u015fmak istiyorum.<\/p><h2 class=\"wp-block-heading\"> K\u00f6pr\u00fc URL&#8217;lerini ay\u0131klamak i\u00e7in VBA kodu<\/h2><pre class=\"wp-block-code\"> <code class=\"language-visual-basic\" lang=\"visual-basic\">Function GiveMeURL(rng As Range) As String On Error Resume Next GiveMeURL = rng.Hyperlinks(1).Address End Function<\/code><\/pre><h2 class=\"wp-block-heading\"> Bu kod nas\u0131l kullan\u0131l\u0131r?<\/h2><p> Bu UDF&#8217;yi kullanmak i\u00e7in \u015fu ad\u0131mlar\u0131 izlemelisiniz:<\/p><ol><li> Geli\u015ftirici sekmesinden Visual Basic D\u00fczenleyicisi&#8217;ni a\u00e7\u0131n veya ALT+F11 klavye k\u0131sayolunu kullan\u0131n.<\/li><li> Yeni bir mod\u00fcl ekleyip yukar\u0131daki kodu i\u00e7ine yap\u0131\u015ft\u0131r\u0131n ve kapat\u0131n.<\/li><li> \u015eimdi e-tablonuza <strong><mark class=\"has-inline-color\" style=\"background-color: #f5e053;\">=GiveMeURL(A1)<\/mark><\/strong> fonksiyonunu girin ve Enter tu\u015funa bas\u0131n.<\/li><\/ol><div class=\"gb-container gb-container-4db6181c gb-container-mt\"> <a class=\"gb-button gb-button-c5897111 gb-button-text gb-button-mt-button\" href=\"https:\/\/exceladvisor.org\/tr\/vba\/\">VBA nedir<\/a><h2 class=\"gb-headline gb-headline-665e5f6b gb-headline-text gb-headline-mt-heading\"> \u0130lgili e\u011fitimler <\/h2><div class=\"gb-grid-wrapper gb-grid-wrapper-a20baf7c gb-grid-wrapper-mt-grid\"><div class=\"gb-grid-column gb-grid-column-65ddf67e\"><div class=\"gb-container gb-container-65ddf67e\"><ul><li> <a href=\"https:\/\/exceladvisor.org\/tr\/yinelenen-degerleri-vurgula\/\">VBA&#8217;y\u0131 kullanarak yinelenen de\u011ferleri vurgulay\u0131n<\/a><\/li><li> <a href=\"https:\/\/exceladvisor.org\/tr\/giris-alani\/\">VBA&#8217;daki giri\u015f kutusu<\/a><\/li><li> <a href=\"https:\/\/exceladvisor.org\/tr\/metin-dosyalari\/\">VBA bir metin dosyas\u0131 olu\u015fturma ve yazma<\/a><\/li><li> <a href=\"https:\/\/exceladvisor.org\/tr\/ekran-guncellemesi\/\">VBA Ekran G\u00fcncellemesi<\/a> <\/li><\/ul><\/div><\/div><div class=\"gb-grid-column gb-grid-column-50067b57\"><div class=\"gb-container gb-container-50067b57\"><\/div><\/div><\/div><\/div>","protected":false},"excerpt":{"rendered":"","protected":false},"author":1,"featured_media":0,"parent":0,"menu_order":0,"comment_status":"open","ping_status":"closed","template":"","meta":{"ub_ctt_via":"","footnotes":""},"class_list":["post-1891","page","type-page","status-publish","hentry"],"featured_image_src":null,"yoast_head":"<!-- This site is optimized with the Yoast SEO plugin v25.4 - https:\/\/yoast.com\/wordpress\/plugins\/seo\/ -->\n<title>Excel&#039;de web adresleri nas\u0131l \u00e7\u0131kar\u0131l\u0131r? (E\u011fitim 2023)<\/title>\n<meta name=\"description\" content=\"Diyelim ki i\u015f arkada\u015f\u0131n\u0131zdan i\u00e7inde k\u00f6pr\u00fclerin bir listesinin bulundu\u011fu bir \u00e7al\u0131\u015fma kitab\u0131 ald\u0131n\u0131z ve bunu yapmak istiyorsunuz.\" \/>\n<meta name=\"robots\" content=\"index, follow, max-snippet:-1, max-image-preview:large, max-video-preview:-1\" \/>\n<link rel=\"canonical\" href=\"https:\/\/exceladvisor.org\/tr\/kopru-baglantisini-cikar\/\" \/>\n<meta property=\"og:locale\" content=\"tr_TR\" \/>\n<meta property=\"og:type\" content=\"article\" \/>\n<meta property=\"og:title\" content=\"Excel&#039;de web adresleri nas\u0131l \u00e7\u0131kar\u0131l\u0131r? (E\u011fitim 2023)\" \/>\n<meta property=\"og:description\" content=\"Diyelim ki i\u015f arkada\u015f\u0131n\u0131zdan i\u00e7inde k\u00f6pr\u00fclerin bir listesinin bulundu\u011fu bir \u00e7al\u0131\u015fma kitab\u0131 ald\u0131n\u0131z ve bunu yapmak istiyorsunuz.\" \/>\n<meta property=\"og:url\" content=\"https:\/\/exceladvisor.org\/tr\/kopru-baglantisini-cikar\/\" \/>\n<meta property=\"og:site_name\" content=\"Excel Advisor\" \/>\n<meta property=\"article:modified_time\" content=\"2023-12-10T06:03:11+00:00\" \/>\n<meta name=\"twitter:card\" content=\"summary_large_image\" \/>\n<meta name=\"twitter:label1\" content=\"Tahmini okuma s\u00fcresi\" \/>\n\t<meta name=\"twitter:data1\" content=\"1 dakika\" \/>\n<script type=\"application\/ld+json\" class=\"yoast-schema-graph\">{\"@context\":\"https:\/\/schema.org\",\"@graph\":[{\"@type\":\"WebPage\",\"@id\":\"https:\/\/exceladvisor.org\/tr\/kopru-baglantisini-cikar\/\",\"url\":\"https:\/\/exceladvisor.org\/tr\/kopru-baglantisini-cikar\/\",\"name\":\"Excel&#39;de web adresleri nas\u0131l \u00e7\u0131kar\u0131l\u0131r? (E\u011fitim 2023)\",\"isPartOf\":{\"@id\":\"https:\/\/exceladvisor.org\/tr\/#website\"},\"datePublished\":\"2023-10-29T18:40:55+00:00\",\"dateModified\":\"2023-12-10T06:03:11+00:00\",\"description\":\"Diyelim ki i\u015f arkada\u015f\u0131n\u0131zdan i\u00e7inde k\u00f6pr\u00fclerin bir listesinin bulundu\u011fu bir \u00e7al\u0131\u015fma kitab\u0131 ald\u0131n\u0131z ve bunu yapmak istiyorsunuz.\",\"breadcrumb\":{\"@id\":\"https:\/\/exceladvisor.org\/tr\/kopru-baglantisini-cikar\/#breadcrumb\"},\"inLanguage\":\"tr\",\"potentialAction\":[{\"@type\":\"ReadAction\",\"target\":[\"https:\/\/exceladvisor.org\/tr\/kopru-baglantisini-cikar\/\"]}]},{\"@type\":\"BreadcrumbList\",\"@id\":\"https:\/\/exceladvisor.org\/tr\/kopru-baglantisini-cikar\/#breadcrumb\",\"itemListElement\":[{\"@type\":\"ListItem\",\"position\":1,\"name\":\"Ev\",\"item\":\"https:\/\/exceladvisor.org\/tr\/\"},{\"@type\":\"ListItem\",\"position\":2,\"name\":\"Excel&#39;de web adresleri nas\u0131l \u00e7\u0131kar\u0131l\u0131r?\"}]},{\"@type\":\"WebSite\",\"@id\":\"https:\/\/exceladvisor.org\/tr\/#website\",\"url\":\"https:\/\/exceladvisor.org\/tr\/\",\"name\":\"Excel Advisor\",\"description\":\"Veri hakimiyetine y\u00f6nelik nihai rehberiniz!\",\"publisher\":{\"@id\":\"https:\/\/exceladvisor.org\/tr\/#organization\"},\"potentialAction\":[{\"@type\":\"SearchAction\",\"target\":{\"@type\":\"EntryPoint\",\"urlTemplate\":\"https:\/\/exceladvisor.org\/tr\/?s={search_term_string}\"},\"query-input\":{\"@type\":\"PropertyValueSpecification\",\"valueRequired\":true,\"valueName\":\"search_term_string\"}}],\"inLanguage\":\"tr\"},{\"@type\":\"Organization\",\"@id\":\"https:\/\/exceladvisor.org\/tr\/#organization\",\"name\":\"Excel Advisor\",\"url\":\"https:\/\/exceladvisor.org\/tr\/\",\"logo\":{\"@type\":\"ImageObject\",\"inLanguage\":\"tr\",\"@id\":\"https:\/\/exceladvisor.org\/tr\/#\/schema\/logo\/image\/\",\"url\":\"https:\/\/exceladvisor.org\/tr\/wp-content\/uploads\/2023\/12\/exceladvisor.org_.png\",\"contentUrl\":\"https:\/\/exceladvisor.org\/tr\/wp-content\/uploads\/2023\/12\/exceladvisor.org_.png\",\"width\":105,\"height\":36,\"caption\":\"Excel Advisor\"},\"image\":{\"@id\":\"https:\/\/exceladvisor.org\/tr\/#\/schema\/logo\/image\/\"}}]}<\/script>\n<!-- \/ Yoast SEO plugin. -->","yoast_head_json":{"title":"Excel&#39;de web adresleri nas\u0131l \u00e7\u0131kar\u0131l\u0131r? (E\u011fitim 2023)","description":"Diyelim ki i\u015f arkada\u015f\u0131n\u0131zdan i\u00e7inde k\u00f6pr\u00fclerin bir listesinin bulundu\u011fu bir \u00e7al\u0131\u015fma kitab\u0131 ald\u0131n\u0131z ve bunu yapmak istiyorsunuz.","robots":{"index":"index","follow":"follow","max-snippet":"max-snippet:-1","max-image-preview":"max-image-preview:large","max-video-preview":"max-video-preview:-1"},"canonical":"https:\/\/exceladvisor.org\/tr\/kopru-baglantisini-cikar\/","og_locale":"tr_TR","og_type":"article","og_title":"Excel&#39;de web adresleri nas\u0131l \u00e7\u0131kar\u0131l\u0131r? (E\u011fitim 2023)","og_description":"Diyelim ki i\u015f arkada\u015f\u0131n\u0131zdan i\u00e7inde k\u00f6pr\u00fclerin bir listesinin bulundu\u011fu bir \u00e7al\u0131\u015fma kitab\u0131 ald\u0131n\u0131z ve bunu yapmak istiyorsunuz.","og_url":"https:\/\/exceladvisor.org\/tr\/kopru-baglantisini-cikar\/","og_site_name":"Excel Advisor","article_modified_time":"2023-12-10T06:03:11+00:00","twitter_card":"summary_large_image","twitter_misc":{"Tahmini okuma s\u00fcresi":"1 dakika"},"schema":{"@context":"https:\/\/schema.org","@graph":[{"@type":"WebPage","@id":"https:\/\/exceladvisor.org\/tr\/kopru-baglantisini-cikar\/","url":"https:\/\/exceladvisor.org\/tr\/kopru-baglantisini-cikar\/","name":"Excel&#39;de web adresleri nas\u0131l \u00e7\u0131kar\u0131l\u0131r? (E\u011fitim 2023)","isPartOf":{"@id":"https:\/\/exceladvisor.org\/tr\/#website"},"datePublished":"2023-10-29T18:40:55+00:00","dateModified":"2023-12-10T06:03:11+00:00","description":"Diyelim ki i\u015f arkada\u015f\u0131n\u0131zdan i\u00e7inde k\u00f6pr\u00fclerin bir listesinin bulundu\u011fu bir \u00e7al\u0131\u015fma kitab\u0131 ald\u0131n\u0131z ve bunu yapmak istiyorsunuz.","breadcrumb":{"@id":"https:\/\/exceladvisor.org\/tr\/kopru-baglantisini-cikar\/#breadcrumb"},"inLanguage":"tr","potentialAction":[{"@type":"ReadAction","target":["https:\/\/exceladvisor.org\/tr\/kopru-baglantisini-cikar\/"]}]},{"@type":"BreadcrumbList","@id":"https:\/\/exceladvisor.org\/tr\/kopru-baglantisini-cikar\/#breadcrumb","itemListElement":[{"@type":"ListItem","position":1,"name":"Ev","item":"https:\/\/exceladvisor.org\/tr\/"},{"@type":"ListItem","position":2,"name":"Excel&#39;de web adresleri nas\u0131l \u00e7\u0131kar\u0131l\u0131r?"}]},{"@type":"WebSite","@id":"https:\/\/exceladvisor.org\/tr\/#website","url":"https:\/\/exceladvisor.org\/tr\/","name":"Excel Advisor","description":"Veri hakimiyetine y\u00f6nelik nihai rehberiniz!","publisher":{"@id":"https:\/\/exceladvisor.org\/tr\/#organization"},"potentialAction":[{"@type":"SearchAction","target":{"@type":"EntryPoint","urlTemplate":"https:\/\/exceladvisor.org\/tr\/?s={search_term_string}"},"query-input":{"@type":"PropertyValueSpecification","valueRequired":true,"valueName":"search_term_string"}}],"inLanguage":"tr"},{"@type":"Organization","@id":"https:\/\/exceladvisor.org\/tr\/#organization","name":"Excel Advisor","url":"https:\/\/exceladvisor.org\/tr\/","logo":{"@type":"ImageObject","inLanguage":"tr","@id":"https:\/\/exceladvisor.org\/tr\/#\/schema\/logo\/image\/","url":"https:\/\/exceladvisor.org\/tr\/wp-content\/uploads\/2023\/12\/exceladvisor.org_.png","contentUrl":"https:\/\/exceladvisor.org\/tr\/wp-content\/uploads\/2023\/12\/exceladvisor.org_.png","width":105,"height":36,"caption":"Excel Advisor"},"image":{"@id":"https:\/\/exceladvisor.org\/tr\/#\/schema\/logo\/image\/"}}]}},"yoast_meta":{"yoast_wpseo_title":"","yoast_wpseo_metadesc":"","yoast_wpseo_canonical":""},"_links":{"self":[{"href":"https:\/\/exceladvisor.org\/tr\/wp-json\/wp\/v2\/pages\/1891","targetHints":{"allow":["GET"]}}],"collection":[{"href":"https:\/\/exceladvisor.org\/tr\/wp-json\/wp\/v2\/pages"}],"about":[{"href":"https:\/\/exceladvisor.org\/tr\/wp-json\/wp\/v2\/types\/page"}],"author":[{"embeddable":true,"href":"https:\/\/exceladvisor.org\/tr\/wp-json\/wp\/v2\/users\/1"}],"replies":[{"embeddable":true,"href":"https:\/\/exceladvisor.org\/tr\/wp-json\/wp\/v2\/comments?post=1891"}],"version-history":[{"count":1,"href":"https:\/\/exceladvisor.org\/tr\/wp-json\/wp\/v2\/pages\/1891\/revisions"}],"predecessor-version":[{"id":2639,"href":"https:\/\/exceladvisor.org\/tr\/wp-json\/wp\/v2\/pages\/1891\/revisions\/2639"}],"wp:attachment":[{"href":"https:\/\/exceladvisor.org\/tr\/wp-json\/wp\/v2\/media?parent=1891"}],"curies":[{"name":"wp","href":"https:\/\/api.w.org\/{rel}","templated":true}]}}