{"id":1894,"date":"2023-10-29T08:32:47","date_gmt":"2023-10-29T08:32:47","guid":{"rendered":"https:\/\/exceladvisor.org\/tr\/evet-hayir-acilir-liste\/"},"modified":"2023-12-10T06:01:20","modified_gmt":"2023-12-10T06:01:20","slug":"evet-hayir-acilir-liste","status":"publish","type":"page","link":"https:\/\/exceladvisor.org\/tr\/evet-hayir-acilir-liste\/","title":{"rendered":"Excel&#39;de evet\/hay\u0131r a\u00e7\u0131l\u0131r listesi nas\u0131l olu\u015fturulur?"},"content":{"rendered":"<div class=\"excel-icerikten-once\" id=\"excel-3876051482\"><script type=\"text\/javascript\">\r\n\tatOptions = {\r\n\t\t'key' : 'c1158f160081d6540a8409e6925dab94',\r\n\t\t'format' : 'iframe',\r\n\t\t'height' : 250,\r\n\t\t'width' : 300,\r\n\t\t'params' : {}\r\n\t};\r\n<\/script>\r\n<script type=\"text\/javascript\" src=\"\/\/www.highperformanceformat.com\/c1158f160081d6540a8409e6925dab94\/invoke.js\"><\/script><\/div> <p>Excel&#8217;de durum s\u00fctununda kullan\u0131lacak Evet ve Hay\u0131r de\u011ferlerinin bulundu\u011fu basit bir a\u00e7\u0131l\u0131r liste olu\u015fturabilirsiniz. A\u015fa\u011f\u0131daki \u00f6rnekte bir \u00f6\u011frenci listemiz var ve \u015fimdi &#8220;Ge\u00e7ti&#8221; s\u00fctununa evet veya hay\u0131r girebilece\u011fimiz bir a\u00e7\u0131l\u0131r liste olu\u015fturman\u0131z gerekiyor. <\/p><div class=\"wp-block-image\"><figure class=\"aligncenter size-full is-resized\"><img loading=\"lazy\" decoding=\"async\" class=\"wp-image-72560\" src=\"https:\/\/exceladvisor.org\/wp-content\/uploads\/2023\/08\/1-exemple-de-donnees-dans-les-cellules.png\" sizes=\"auto, \" srcset=\"\" alt=\"h\u00fccre i\u00e7i \u00f6rnek veri\" width=\"387\" height=\"325\"><\/figure><\/div><h2 class=\"wp-block-heading\"> Evet ve Hay\u0131r i\u00e7eren bir a\u00e7\u0131l\u0131r liste olu\u015fturma ad\u0131mlar\u0131<\/h2><ol><li> \u00d6ncelikle bu a\u00e7\u0131l\u0131r listeyi olu\u015fturmak istedi\u011finiz h\u00fccreleri veya h\u00fccre aral\u0131\u011f\u0131n\u0131 se\u00e7in. <br><img loading=\"lazy\" decoding=\"async\" title=\"2-a\u00e7\u0131l\u0131r men\u00fc olu\u015ftur\" src=\"https:\/\/exceladvisor.org\/wp-content\/uploads\/2023\/08\/2-creer-une-liste-deroulante.png\" sizes=\"auto, \" srcset=\"\" alt=\"create-a-drop-down\" width=\"382\" height=\"340\"><\/li><li> \u015eimdi Veri sekmesine gidin \u21e2 Veri Ara\u00e7lar\u0131 \u21e2 Veri Do\u011frulama \u21e2 Veri Do\u011frulama. <br><img loading=\"lazy\" decoding=\"async\" title=\"3 veriyi do\u011frulama se\u00e7ene\u011fi\" src=\"https:\/\/exceladvisor.org\/wp-content\/uploads\/2023\/08\/3-options-de-validation-des-donnees.png\" sizes=\"auto, \" srcset=\"\" alt=\"data-validation-option\" width=\"601\" height=\"265\"><\/li><li> Buradan, veri do\u011frulama ileti\u015fim kutusunda &#8220;\u0130zin Ver&#8221; a\u00e7\u0131l\u0131r listesinden &#8220;Liste&#8221; se\u00e7ene\u011fini se\u00e7in. <br><img loading=\"lazy\" decoding=\"async\" title=\"4-liste-se\u00e7ene\u011fi se\u00e7\" src=\"https:\/\/exceladvisor.org\/wp-content\/uploads\/2023\/08\/4-selectionner-loption-de-liste.png\" sizes=\"auto, \" srcset=\"\" alt=\"select-list-option\" width=\"423\" height=\"329\"><\/li><li> Daha sonra kaynak giri\u015f \u00e7ubu\u011funa (Evet, Hay\u0131r) girin. <br><img loading=\"lazy\" decoding=\"async\" title=\"5-kaynak-giri\u015f-\u00e7ubu\u011funda-evet-hay\u0131r girin\" src=\"https:\/\/exceladvisor.org\/wp-content\/uploads\/2023\/08\/5-entrez-oui-non-dans-la-barre-dentree-source.png\" sizes=\"auto, \" srcset=\"\" alt=\"enter-yes-no-in-source-input-bar\" width=\"473\" height=\"368\"><\/li><li> Sonunda, Evet ve Hay\u0131r liste de\u011feriyle bu a\u00e7\u0131l\u0131r listeyi olu\u015fturmak i\u00e7in Tamam&#8217;\u0131 t\u0131klay\u0131n.<\/li><\/ol><p> Art\u0131k Tamam&#8217;\u0131 t\u0131klad\u0131\u011f\u0131n\u0131z anda, se\u00e7ti\u011finiz t\u00fcm h\u00fccrelere ili\u015fkin bir a\u00e7\u0131l\u0131r liste g\u00f6receksiniz. <\/p><div class=\"wp-block-image\"><figure class=\"aligncenter size-full is-resized\"><img loading=\"lazy\" decoding=\"async\" class=\"wp-image-72565\" src=\"https:\/\/exceladvisor.org\/wp-content\/uploads\/2023\/08\/6-liste-deroulante-creee.png\" sizes=\"auto, \" srcset=\"\" alt=\"a\u00e7\u0131l\u0131r liste olu\u015fturuldu\" width=\"333\" height=\"296\"><\/figure><\/div><p> Evet ve hay\u0131r se\u00e7enekleriyle bu a\u00e7\u0131l\u0131r listeyi olu\u015ftururken ileti\u015fim kutusunda a\u015fa\u011f\u0131daki iki se\u00e7ene\u011fi i\u015faretledi\u011finizden emin olman\u0131z gerekir. <\/p><div class=\"wp-block-image\"><figure class=\"aligncenter size-full is-resized\"><img loading=\"lazy\" decoding=\"async\" class=\"wp-image-72566\" src=\"https:\/\/exceladvisor.org\/wp-content\/uploads\/2023\/08\/7-coche-ignorer-le-blanc-dans-la-liste-deroulante-des-cellules.png\" sizes=\"auto, \" srcset=\"\" alt=\"i\u015faretli-yok say-h\u00fccre i\u00e7i-bo\u015f a\u00e7\u0131l\u0131r men\u00fc\" width=\"494\" height=\"384\"><\/figure><\/div><ol><li> <strong>Bo\u015flu\u011fu Yoksay:<\/strong> Bu se\u00e7enek etkinle\u015ftirildi\u011finde bir h\u00fccreyi bo\u015f b\u0131rakabilirsiniz, ancak i\u015faretlenmeden b\u0131rak\u0131l\u0131rsa, bir h\u00fccreden de\u011fer se\u00e7meden (Evet-Hay\u0131r) ayr\u0131l\u0131rsan\u0131z bir hata g\u00f6r\u00fcnt\u00fclenecektir.<\/li><li> <strong>H\u00fccredeki a\u00e7\u0131l\u0131r men\u00fc<\/strong> : H\u00fccreye yazarak veya kopyalay\u0131p yap\u0131\u015ft\u0131rarak de\u011fil, de\u011ferleri onunla girebilmeniz i\u00e7in bir a\u00e7\u0131l\u0131r men\u00fcye sahip olmas\u0131 i\u00e7in bu kutunun i\u015faretlenmesi gerekir.<\/li><\/ol><h2 class=\"wp-block-heading\"> Evet-Hay\u0131r A\u00e7\u0131l\u0131r Listesiyle H\u00fccresel Mesaj Olu\u015fturma<\/h2><p> Evet ve hay\u0131r de\u011ferlerine sahip bir a\u00e7\u0131l\u0131r liste olu\u015fturdu\u011funuzda, h\u00fccrede kullan\u0131c\u0131 taraf\u0131ndan belirtilen de\u011ferin &#8220;Evet&#8221; veya &#8220;Hay\u0131r&#8221; oldu\u011funu \u00f6\u011frenmek i\u00e7in h\u00fccreye bir mesaj da ekleyebilirsiniz. <\/p><div class=\"wp-block-image\"><figure class=\"aligncenter size-full is-resized\"><img loading=\"lazy\" decoding=\"async\" class=\"wp-image-72567\" src=\"https:\/\/exceladvisor.org\/wp-content\/uploads\/2023\/08\/8-creer-un-message-cellulaire.png\" sizes=\"auto, \" srcset=\"\" alt=\"h\u00fccre-mesaj\u0131 olu\u015ftur\" width=\"522\" height=\"329\"><\/figure><\/div><ol><li> \u00d6ncelikle Veri Do\u011frulama ileti\u015fim kutusunu a\u00e7\u0131n ve Giri\u015f Mesaj\u0131 sekmesine gidin. <br><img loading=\"lazy\" decoding=\"async\" title=\"9 giri\u015fli mesaj sekmesi\" src=\"https:\/\/exceladvisor.org\/wp-content\/uploads\/2023\/08\/9-onglet-de-message-dentree.png\" sizes=\"auto, \" srcset=\"\" alt=\"input-message-tab\" width=\"476\" height=\"370\"><\/li><li> \u015eimdi ba\u015fl\u0131k \u00e7ubu\u011funa yaz\u0131 i\u00e7in bir ba\u015fl\u0131k girin. <br><img loading=\"lazy\" decoding=\"async\" title=\"10-mesaj\u0131n-ba\u015fl\u0131\u011f\u0131n\u0131 girin\" src=\"https:\/\/exceladvisor.org\/wp-content\/uploads\/2023\/08\/10-entrer-le-titre-du-message.png\" sizes=\"auto, \" srcset=\"\" alt=\"enter-title-for-message\" width=\"477\" height=\"371\"><\/li><li> Bundan sonra, \u201cGiri\u015f mesaj\u0131:\u201d alan\u0131na ana mesaj\u0131 girin. <br><img loading=\"lazy\" decoding=\"async\" title=\"11-giri\u015f-mesaj\u0131n\u0131 girin\" src=\"https:\/\/exceladvisor.org\/wp-content\/uploads\/2023\/08\/11-entrer-le-message-dentree.png\" sizes=\"auto, \" srcset=\"\" alt=\"enter-the-input-message\" width=\"477\" height=\"340\"><\/li><li> Sonunda kaydetmek i\u00e7in Tamam&#8217;\u0131 t\u0131klay\u0131n.<\/li><\/ol><p> Kullan\u0131c\u0131 &#8220;Evet&#8221; veya &#8220;Hay\u0131r&#8221; d\u0131\u015f\u0131nda bir de\u011fer eklemeye \u00e7al\u0131\u015ft\u0131\u011f\u0131nda a\u015fa\u011f\u0131daki gibi bir hata al\u0131yor: <\/p><div class=\"wp-block-image\"><figure class=\"aligncenter size-full is-resized\"><img loading=\"lazy\" decoding=\"async\" class=\"wp-image-72571\" src=\"https:\/\/exceladvisor.org\/wp-content\/uploads\/2023\/08\/12-message-derreur-lors-de-la-saisie-dune-autre-valeur.png\" sizes=\"auto, \" srcset=\"\" alt=\"ba\u015fka bir de\u011fer girerken hata mesaj\u0131\" width=\"711\" height=\"318\"><\/figure><\/div><div class=\"gb-container gb-container-4db6181c gb-container-mt\"> <a class=\"gb-button gb-button-c5897111 gb-button-text gb-button-mt-button\" href=\"https:\/\/exceladvisor.org\/tr\/excel-ilerlemesi\/\">\u0130leri D\u00fczey Excel Dersleri<\/a><h2 class=\"gb-headline gb-headline-665e5f6b gb-headline-text gb-headline-mt-heading\"> \u0130lgili e\u011fitimler <\/h2><div class=\"gb-grid-wrapper gb-grid-wrapper-a20baf7c gb-grid-wrapper-mt-grid\"><div class=\"gb-grid-column gb-grid-column-65ddf67e\"><div class=\"gb-container gb-container-65ddf67e\"><ul><li> <a href=\"https:\/\/exceladvisor.org\/tr\/veri-dogrulama-tarih-araligi\/\">Tarih aral\u0131\u011f\u0131yla veri do\u011frulama<\/a><\/li><li> <a href=\"https:\/\/exceladvisor.org\/tr\/bagimli-acilir-liste\/\">Excel&#8217;deki ba\u011f\u0131ml\u0131 a\u00e7\u0131l\u0131r liste<\/a><\/li><li> <a href=\"https:\/\/exceladvisor.org\/tr\/dinamik-liste\/\">Excel&#8217;de dinamik a\u00e7\u0131l\u0131r liste<\/a> <\/li><\/ul><\/div><\/div><div class=\"gb-grid-column gb-grid-column-50067b57\"><div class=\"gb-container gb-container-50067b57\"><\/div><\/div><\/div><\/div>","protected":false},"excerpt":{"rendered":"","protected":false},"author":1,"featured_media":0,"parent":0,"menu_order":0,"comment_status":"open","ping_status":"closed","template":"","meta":{"ub_ctt_via":"","footnotes":""},"class_list":["post-1894","page","type-page","status-publish","hentry"],"featured_image_src":null,"yoast_head":"<!-- This site is optimized with the Yoast SEO plugin v25.4 - https:\/\/yoast.com\/wordpress\/plugins\/seo\/ -->\n<title>Excel&#039;de Evet\/Hay\u0131r a\u00e7\u0131l\u0131r listesi nas\u0131l olu\u015fturulur?<\/title>\n<meta name=\"description\" content=\"Bu dersimizde, olu\u015fturulmas\u0131 olduk\u00e7a kolay olan Evet ve Hay\u0131r de\u011ferlerini i\u00e7eren bir a\u00e7\u0131l\u0131r listenin nas\u0131l olu\u015fturulaca\u011f\u0131n\u0131 \u00f6\u011frenece\u011fiz.\" \/>\n<meta name=\"robots\" content=\"index, follow, max-snippet:-1, max-image-preview:large, max-video-preview:-1\" \/>\n<link rel=\"canonical\" href=\"https:\/\/exceladvisor.org\/tr\/evet-hayir-acilir-liste\/\" \/>\n<meta property=\"og:locale\" content=\"tr_TR\" \/>\n<meta property=\"og:type\" content=\"article\" \/>\n<meta property=\"og:title\" content=\"Excel&#039;de Evet\/Hay\u0131r a\u00e7\u0131l\u0131r listesi nas\u0131l olu\u015fturulur?\" \/>\n<meta property=\"og:description\" content=\"Bu dersimizde, olu\u015fturulmas\u0131 olduk\u00e7a kolay olan Evet ve Hay\u0131r de\u011ferlerini i\u00e7eren bir a\u00e7\u0131l\u0131r listenin nas\u0131l olu\u015fturulaca\u011f\u0131n\u0131 \u00f6\u011frenece\u011fiz.\" \/>\n<meta property=\"og:url\" content=\"https:\/\/exceladvisor.org\/tr\/evet-hayir-acilir-liste\/\" \/>\n<meta property=\"og:site_name\" content=\"Excel Advisor\" \/>\n<meta property=\"article:modified_time\" content=\"2023-12-10T06:01:20+00:00\" \/>\n<meta property=\"og:image\" content=\"https:\/\/exceladvisor.org\/wp-content\/uploads\/2023\/08\/1-exemple-de-donnees-dans-les-cellules.png\" \/>\n<meta name=\"twitter:card\" content=\"summary_large_image\" \/>\n<meta name=\"twitter:label1\" content=\"Tahmini okuma s\u00fcresi\" \/>\n\t<meta name=\"twitter:data1\" content=\"2 dakika\" \/>\n<script type=\"application\/ld+json\" class=\"yoast-schema-graph\">{\"@context\":\"https:\/\/schema.org\",\"@graph\":[{\"@type\":\"WebPage\",\"@id\":\"https:\/\/exceladvisor.org\/tr\/evet-hayir-acilir-liste\/\",\"url\":\"https:\/\/exceladvisor.org\/tr\/evet-hayir-acilir-liste\/\",\"name\":\"Excel&#39;de Evet\/Hay\u0131r a\u00e7\u0131l\u0131r listesi nas\u0131l olu\u015fturulur?\",\"isPartOf\":{\"@id\":\"https:\/\/exceladvisor.org\/tr\/#website\"},\"primaryImageOfPage\":{\"@id\":\"https:\/\/exceladvisor.org\/tr\/evet-hayir-acilir-liste\/#primaryimage\"},\"image\":{\"@id\":\"https:\/\/exceladvisor.org\/tr\/evet-hayir-acilir-liste\/#primaryimage\"},\"thumbnailUrl\":\"https:\/\/exceladvisor.org\/wp-content\/uploads\/2023\/08\/1-exemple-de-donnees-dans-les-cellules.png\",\"datePublished\":\"2023-10-29T08:32:47+00:00\",\"dateModified\":\"2023-12-10T06:01:20+00:00\",\"description\":\"Bu dersimizde, olu\u015fturulmas\u0131 olduk\u00e7a kolay olan Evet ve Hay\u0131r de\u011ferlerini i\u00e7eren bir a\u00e7\u0131l\u0131r listenin nas\u0131l olu\u015fturulaca\u011f\u0131n\u0131 \u00f6\u011frenece\u011fiz.\",\"breadcrumb\":{\"@id\":\"https:\/\/exceladvisor.org\/tr\/evet-hayir-acilir-liste\/#breadcrumb\"},\"inLanguage\":\"tr\",\"potentialAction\":[{\"@type\":\"ReadAction\",\"target\":[\"https:\/\/exceladvisor.org\/tr\/evet-hayir-acilir-liste\/\"]}]},{\"@type\":\"ImageObject\",\"inLanguage\":\"tr\",\"@id\":\"https:\/\/exceladvisor.org\/tr\/evet-hayir-acilir-liste\/#primaryimage\",\"url\":\"https:\/\/exceladvisor.org\/wp-content\/uploads\/2023\/08\/1-exemple-de-donnees-dans-les-cellules.png\",\"contentUrl\":\"https:\/\/exceladvisor.org\/wp-content\/uploads\/2023\/08\/1-exemple-de-donnees-dans-les-cellules.png\"},{\"@type\":\"BreadcrumbList\",\"@id\":\"https:\/\/exceladvisor.org\/tr\/evet-hayir-acilir-liste\/#breadcrumb\",\"itemListElement\":[{\"@type\":\"ListItem\",\"position\":1,\"name\":\"Ev\",\"item\":\"https:\/\/exceladvisor.org\/tr\/\"},{\"@type\":\"ListItem\",\"position\":2,\"name\":\"Excel&#39;de evet\/hay\u0131r a\u00e7\u0131l\u0131r listesi nas\u0131l olu\u015fturulur?\"}]},{\"@type\":\"WebSite\",\"@id\":\"https:\/\/exceladvisor.org\/tr\/#website\",\"url\":\"https:\/\/exceladvisor.org\/tr\/\",\"name\":\"Excel Advisor\",\"description\":\"Veri hakimiyetine y\u00f6nelik nihai rehberiniz!\",\"publisher\":{\"@id\":\"https:\/\/exceladvisor.org\/tr\/#organization\"},\"potentialAction\":[{\"@type\":\"SearchAction\",\"target\":{\"@type\":\"EntryPoint\",\"urlTemplate\":\"https:\/\/exceladvisor.org\/tr\/?s={search_term_string}\"},\"query-input\":{\"@type\":\"PropertyValueSpecification\",\"valueRequired\":true,\"valueName\":\"search_term_string\"}}],\"inLanguage\":\"tr\"},{\"@type\":\"Organization\",\"@id\":\"https:\/\/exceladvisor.org\/tr\/#organization\",\"name\":\"Excel Advisor\",\"url\":\"https:\/\/exceladvisor.org\/tr\/\",\"logo\":{\"@type\":\"ImageObject\",\"inLanguage\":\"tr\",\"@id\":\"https:\/\/exceladvisor.org\/tr\/#\/schema\/logo\/image\/\",\"url\":\"https:\/\/exceladvisor.org\/tr\/wp-content\/uploads\/2023\/12\/exceladvisor.org_.png\",\"contentUrl\":\"https:\/\/exceladvisor.org\/tr\/wp-content\/uploads\/2023\/12\/exceladvisor.org_.png\",\"width\":105,\"height\":36,\"caption\":\"Excel Advisor\"},\"image\":{\"@id\":\"https:\/\/exceladvisor.org\/tr\/#\/schema\/logo\/image\/\"}}]}<\/script>\n<!-- \/ Yoast SEO plugin. -->","yoast_head_json":{"title":"Excel&#39;de Evet\/Hay\u0131r a\u00e7\u0131l\u0131r listesi nas\u0131l olu\u015fturulur?","description":"Bu dersimizde, olu\u015fturulmas\u0131 olduk\u00e7a kolay olan Evet ve Hay\u0131r de\u011ferlerini i\u00e7eren bir a\u00e7\u0131l\u0131r listenin nas\u0131l olu\u015fturulaca\u011f\u0131n\u0131 \u00f6\u011frenece\u011fiz.","robots":{"index":"index","follow":"follow","max-snippet":"max-snippet:-1","max-image-preview":"max-image-preview:large","max-video-preview":"max-video-preview:-1"},"canonical":"https:\/\/exceladvisor.org\/tr\/evet-hayir-acilir-liste\/","og_locale":"tr_TR","og_type":"article","og_title":"Excel&#39;de Evet\/Hay\u0131r a\u00e7\u0131l\u0131r listesi nas\u0131l olu\u015fturulur?","og_description":"Bu dersimizde, olu\u015fturulmas\u0131 olduk\u00e7a kolay olan Evet ve Hay\u0131r de\u011ferlerini i\u00e7eren bir a\u00e7\u0131l\u0131r listenin nas\u0131l olu\u015fturulaca\u011f\u0131n\u0131 \u00f6\u011frenece\u011fiz.","og_url":"https:\/\/exceladvisor.org\/tr\/evet-hayir-acilir-liste\/","og_site_name":"Excel Advisor","article_modified_time":"2023-12-10T06:01:20+00:00","og_image":[{"url":"https:\/\/exceladvisor.org\/wp-content\/uploads\/2023\/08\/1-exemple-de-donnees-dans-les-cellules.png","type":"","width":"","height":""}],"twitter_card":"summary_large_image","twitter_misc":{"Tahmini okuma s\u00fcresi":"2 dakika"},"schema":{"@context":"https:\/\/schema.org","@graph":[{"@type":"WebPage","@id":"https:\/\/exceladvisor.org\/tr\/evet-hayir-acilir-liste\/","url":"https:\/\/exceladvisor.org\/tr\/evet-hayir-acilir-liste\/","name":"Excel&#39;de Evet\/Hay\u0131r a\u00e7\u0131l\u0131r listesi nas\u0131l olu\u015fturulur?","isPartOf":{"@id":"https:\/\/exceladvisor.org\/tr\/#website"},"primaryImageOfPage":{"@id":"https:\/\/exceladvisor.org\/tr\/evet-hayir-acilir-liste\/#primaryimage"},"image":{"@id":"https:\/\/exceladvisor.org\/tr\/evet-hayir-acilir-liste\/#primaryimage"},"thumbnailUrl":"https:\/\/exceladvisor.org\/wp-content\/uploads\/2023\/08\/1-exemple-de-donnees-dans-les-cellules.png","datePublished":"2023-10-29T08:32:47+00:00","dateModified":"2023-12-10T06:01:20+00:00","description":"Bu dersimizde, olu\u015fturulmas\u0131 olduk\u00e7a kolay olan Evet ve Hay\u0131r de\u011ferlerini i\u00e7eren bir a\u00e7\u0131l\u0131r listenin nas\u0131l olu\u015fturulaca\u011f\u0131n\u0131 \u00f6\u011frenece\u011fiz.","breadcrumb":{"@id":"https:\/\/exceladvisor.org\/tr\/evet-hayir-acilir-liste\/#breadcrumb"},"inLanguage":"tr","potentialAction":[{"@type":"ReadAction","target":["https:\/\/exceladvisor.org\/tr\/evet-hayir-acilir-liste\/"]}]},{"@type":"ImageObject","inLanguage":"tr","@id":"https:\/\/exceladvisor.org\/tr\/evet-hayir-acilir-liste\/#primaryimage","url":"https:\/\/exceladvisor.org\/wp-content\/uploads\/2023\/08\/1-exemple-de-donnees-dans-les-cellules.png","contentUrl":"https:\/\/exceladvisor.org\/wp-content\/uploads\/2023\/08\/1-exemple-de-donnees-dans-les-cellules.png"},{"@type":"BreadcrumbList","@id":"https:\/\/exceladvisor.org\/tr\/evet-hayir-acilir-liste\/#breadcrumb","itemListElement":[{"@type":"ListItem","position":1,"name":"Ev","item":"https:\/\/exceladvisor.org\/tr\/"},{"@type":"ListItem","position":2,"name":"Excel&#39;de evet\/hay\u0131r a\u00e7\u0131l\u0131r listesi nas\u0131l olu\u015fturulur?"}]},{"@type":"WebSite","@id":"https:\/\/exceladvisor.org\/tr\/#website","url":"https:\/\/exceladvisor.org\/tr\/","name":"Excel Advisor","description":"Veri hakimiyetine y\u00f6nelik nihai rehberiniz!","publisher":{"@id":"https:\/\/exceladvisor.org\/tr\/#organization"},"potentialAction":[{"@type":"SearchAction","target":{"@type":"EntryPoint","urlTemplate":"https:\/\/exceladvisor.org\/tr\/?s={search_term_string}"},"query-input":{"@type":"PropertyValueSpecification","valueRequired":true,"valueName":"search_term_string"}}],"inLanguage":"tr"},{"@type":"Organization","@id":"https:\/\/exceladvisor.org\/tr\/#organization","name":"Excel Advisor","url":"https:\/\/exceladvisor.org\/tr\/","logo":{"@type":"ImageObject","inLanguage":"tr","@id":"https:\/\/exceladvisor.org\/tr\/#\/schema\/logo\/image\/","url":"https:\/\/exceladvisor.org\/tr\/wp-content\/uploads\/2023\/12\/exceladvisor.org_.png","contentUrl":"https:\/\/exceladvisor.org\/tr\/wp-content\/uploads\/2023\/12\/exceladvisor.org_.png","width":105,"height":36,"caption":"Excel Advisor"},"image":{"@id":"https:\/\/exceladvisor.org\/tr\/#\/schema\/logo\/image\/"}}]}},"yoast_meta":{"yoast_wpseo_title":"","yoast_wpseo_metadesc":"","yoast_wpseo_canonical":""},"_links":{"self":[{"href":"https:\/\/exceladvisor.org\/tr\/wp-json\/wp\/v2\/pages\/1894","targetHints":{"allow":["GET"]}}],"collection":[{"href":"https:\/\/exceladvisor.org\/tr\/wp-json\/wp\/v2\/pages"}],"about":[{"href":"https:\/\/exceladvisor.org\/tr\/wp-json\/wp\/v2\/types\/page"}],"author":[{"embeddable":true,"href":"https:\/\/exceladvisor.org\/tr\/wp-json\/wp\/v2\/users\/1"}],"replies":[{"embeddable":true,"href":"https:\/\/exceladvisor.org\/tr\/wp-json\/wp\/v2\/comments?post=1894"}],"version-history":[{"count":1,"href":"https:\/\/exceladvisor.org\/tr\/wp-json\/wp\/v2\/pages\/1894\/revisions"}],"predecessor-version":[{"id":2506,"href":"https:\/\/exceladvisor.org\/tr\/wp-json\/wp\/v2\/pages\/1894\/revisions\/2506"}],"wp:attachment":[{"href":"https:\/\/exceladvisor.org\/tr\/wp-json\/wp\/v2\/media?parent=1894"}],"curies":[{"name":"wp","href":"https:\/\/api.w.org\/{rel}","templated":true}]}}