{"id":1897,"date":"2023-10-29T07:46:09","date_gmt":"2023-10-29T07:46:09","guid":{"rendered":"https:\/\/exceladvisor.org\/tr\/grafik-kagidi\/"},"modified":"2023-12-10T06:01:30","modified_gmt":"2023-12-10T06:01:30","slug":"grafik-kagidi","status":"publish","type":"page","link":"https:\/\/exceladvisor.org\/tr\/grafik-kagidi\/","title":{"rendered":"Excel&#39;de grafik ka\u011f\u0131d\u0131 nas\u0131l yazd\u0131r\u0131l\u0131r?"},"content":{"rendered":"<div class=\"excel-icerikten-once\" id=\"excel-919317234\"><script type=\"text\/javascript\">\r\n\tatOptions = {\r\n\t\t'key' : 'c1158f160081d6540a8409e6925dab94',\r\n\t\t'format' : 'iframe',\r\n\t\t'height' : 250,\r\n\t\t'width' : 300,\r\n\t\t'params' : {}\r\n\t};\r\n<\/script>\r\n<script type=\"text\/javascript\" src=\"\/\/www.highperformanceformat.com\/c1158f160081d6540a8409e6925dab94\/invoke.js\"><\/script><\/div> <p>Excel&#8217;de grafik ka\u011f\u0131d\u0131 olu\u015fturabilir ve daha sonra kullanmak \u00fczere bir kopyas\u0131n\u0131 yazd\u0131rabilirsiniz. Bu e\u011fitimde basit ve takip edilmesi kolay ad\u0131mlar\u0131 kullanarak bu \u015fablonu nas\u0131l olu\u015fturaca\u011f\u0131m\u0131z\u0131 \u00f6\u011frenece\u011fiz. Bu grafik ka\u011f\u0131d\u0131 \u015fablonunda k\u00fc\u00e7\u00fck kare kutular\u0131n\u0131z olacak (ayn\u0131 y\u00fckseklik ve geni\u015fli\u011fe sahip). <\/p><div class=\"wp-block-image\"><figure class=\"aligncenter size-full is-resized\"><img loading=\"lazy\" decoding=\"async\" class=\"wp-image-72679\" src=\"https:\/\/exceladvisor.org\/wp-content\/uploads\/2023\/08\/1-imprimer-un-papier-millimetre.png\" sizes=\"auto, \" srcset=\"\" alt=\"grafik ka\u011f\u0131d\u0131 bas\" width=\"582\" height=\"341\"><\/figure><\/div><h2 class=\"wp-block-heading\"> Excel&#8217;de grafik ka\u011f\u0131d\u0131 olu\u015fturma<\/h2><ol><li> \u00d6ncelikle t\u00fcm h\u00fccreleri se\u00e7mek i\u00e7in \u00e7al\u0131\u015fma sayfas\u0131n\u0131n sa\u011f \u00fcst k\u00f6\u015fesine t\u0131klay\u0131n veya Crtl + A <a href=\"https:\/\/exceladvisor.org\/tr\/klavye-kisayollari\/\">klavye k\u0131sayolunu<\/a> kullan\u0131n. <br><img loading=\"lazy\" decoding=\"async\" title=\"2-e-tablonun sa\u011f \u00fcst k\u00f6\u015fesi\" src=\"https:\/\/exceladvisor.org\/wp-content\/uploads\/2023\/08\/2-coin-superieur-droit-de-la-feuille-de-calcul.png\" sizes=\"auto, \" srcset=\"\" alt=\"top-right-corner-of-worksheet\" width=\"362\" height=\"442\"><\/li><li> \u201cGiri\u015f\u201d sekmesine gidin ve H\u00fccreler grubunda Bi\u00e7im a\u00e7\u0131l\u0131r men\u00fcs\u00fcn\u00fc t\u0131klay\u0131n. <br><img loading=\"lazy\" decoding=\"async\" title=\"3 formatl\u0131 a\u00e7\u0131l\u0131r liste\" src=\"https:\/\/exceladvisor.org\/wp-content\/uploads\/2023\/08\/3-formats-deroulants.png\" sizes=\"auto, \" srcset=\"\" alt=\"format-dropdown\" width=\"432\" height=\"168\"><\/li><li> Oradan \u201cS\u00fctun Geni\u015fli\u011fi\u201d se\u00e7ene\u011fine t\u0131klay\u0131n. <br><img loading=\"lazy\" decoding=\"async\" title=\"4-s\u00fctun geni\u015fli\u011fini se\u00e7in\" src=\"https:\/\/exceladvisor.org\/wp-content\/uploads\/2023\/08\/4-selectionnez-la-largeur-de-la-colonne.png\" sizes=\"auto, \" srcset=\"\" alt=\"select-the-column-width\" width=\"279\" height=\"298\"><\/li><li> S\u00fctun geni\u015fli\u011fine \u201c3\u201d girin ve kaydetmek i\u00e7in Tamam&#8217;a t\u0131klay\u0131n. <br><img loading=\"lazy\" decoding=\"async\" title=\"5-s\u00fctun geni\u015fli\u011fini girin\" src=\"https:\/\/exceladvisor.org\/wp-content\/uploads\/2023\/08\/5-entrez-la-largeur-de-la-colonne.png\" sizes=\"auto, \" srcset=\"\" alt=\"enter-the-column-width\" width=\"248\" height=\"135\"><\/li><li> Art\u0131k e-tablonuzda grafik ka\u011f\u0131d\u0131na benzeyen kutular\u0131n\u0131z var. <br><img loading=\"lazy\" decoding=\"async\" title=\"6 adet grafik ka\u011f\u0131d\u0131 kutusu\" src=\"https:\/\/exceladvisor.org\/wp-content\/uploads\/2023\/08\/6-papier-millimetre-comme-des-boites.png\" sizes=\"auto, \" srcset=\"\" alt=\"graph-paper-like-boxes\" width=\"600\" height=\"290\"><\/li><li> <a href=\"https:\/\/exceladvisor.org\/tr\/baski-onizleme-1\/\">Bask\u0131 \u00f6nizlemeyi a\u00e7mak i\u00e7in Crtl+P<\/a> tu\u015flar\u0131na bas\u0131n, ard\u0131ndan &#8220;Sayfa Yap\u0131s\u0131&#8221;n\u0131 t\u0131klay\u0131n. <br><img loading=\"lazy\" decoding=\"async\" title=\"7 sayfa kurulumu\" src=\"https:\/\/exceladvisor.org\/wp-content\/uploads\/2023\/08\/Configuration-de-7-pages.png\" sizes=\"auto, \" srcset=\"\" alt=\"page-setup\" width=\"303\" height=\"434\"><\/li><li> Daha sonra Sayfa Yap\u0131s\u0131&#8217;nda Kenar Bo\u015flu\u011fu sekmesine gidin ve <a href=\"https:\/\/exceladvisor.org\/tr\/altbilgi-basligi-ekle\/\">\u00dcstbilgi ve Altbilgiyi<\/a> 0&#8217;a, \u00dcst, Alt, Sol ve Sa\u011f Kenar Bo\u015fluklar\u0131n\u0131 0 veya 0,5&#8217;e ayarlay\u0131n. <br><img loading=\"lazy\" decoding=\"async\" title=\"8-\u00fcstbilgi-altbilgi-0 yap\" src=\"https:\/\/exceladvisor.org\/wp-content\/uploads\/2023\/08\/8-faire-en-tete-et-pied-de-page-0.png\" sizes=\"auto, \" srcset=\"\" alt=\"make-header-and-footer-0\" width=\"536\" height=\"517\"><\/li><li> <a href=\"https:\/\/exceladvisor.org\/tr\/calisma-sayfasini-yatay-olarak-ortalayin\/\">\u201cSayfada ortala\u201d alt\u0131ndaki her iki onay kutusunu da (Yatay ve Dikey)<\/a> t\u0131klay\u0131n. <br><img loading=\"lazy\" decoding=\"async\" title=\"9-yatay ve dikey-se\u00e7enekleri se\u00e7in\" src=\"https:\/\/exceladvisor.org\/wp-content\/uploads\/2023\/08\/9-selectionner-les-options-horizontales-et-verticales.png\" sizes=\"auto, \" srcset=\"\" alt=\"select-horizontal-and-vertical-options\" width=\"535\" height=\"516\"><\/li><li> Daha sonra, sayfa d\u00fczeni ileti\u015fim kutusundaki &#8220;Sayfa&#8221; sekmesine gidin ve &#8220;Yazd\u0131r&#8221; grubunun alt\u0131nda, <a href=\"https:\/\/exceladvisor.org\/tr\/izgara\/\">k\u0131lavuz \u00e7izgilerini yazd\u0131rmak<\/a> i\u00e7in &#8220;K\u0131lavuz \u00c7izgileri&#8221; kutusunu i\u015faretleyin ve kaydetmek i\u00e7in Tamam&#8217;\u0131 t\u0131klay\u0131n. <br><img loading=\"lazy\" decoding=\"async\" title=\"10'lu k\u0131lavuz \u00e7izgileri\" src=\"https:\/\/exceladvisor.org\/wp-content\/uploads\/2023\/08\/10-cochez-les-lignes-de-la-grille.png\" sizes=\"auto, \" srcset=\"\" alt=\"tickmark-the-gridlines\" width=\"538\" height=\"518\"><\/li><\/ol><p> Bu noktada t\u00fcm kurulum tamamlanm\u0131\u015ft\u0131r ve bir sonraki ad\u0131m grafik ka\u011f\u0131d\u0131n\u0131n yazd\u0131r\u0131lmas\u0131d\u0131r.<\/p><h2 class=\"wp-block-heading\"> Excel&#8217;de grafik ka\u011f\u0131d\u0131 yazd\u0131rma<\/h2><p> T\u00fcm ayarlar\u0131 yapmam\u0131za ra\u011fmen sayfam\u0131z hala bo\u015f ve Excel bo\u015f sayfa yazd\u0131rm\u0131yor. Bu y\u00fczden tek bir sayfan\u0131n yazd\u0131r\u0131rken \u00e7al\u0131\u015fabilmesi i\u00e7in bo\u015f alanlar eklememiz gerekiyor.<\/p><ol><li> \u0130lk \u00f6nce g\u00f6r\u00fcn\u00fcme gidin ve \u201cYerle\u015fim\u201d d\u00fc\u011fmesine t\u0131klay\u0131n. <br><img loading=\"lazy\" decoding=\"async\" title=\"11 t\u0131klamayla d\u00fczen\" src=\"https:\/\/exceladvisor.org\/wp-content\/uploads\/2023\/08\/11-clic-sur-mise-en-page.png\" sizes=\"auto, \" srcset=\"\" alt=\"click-on-page-layout\" width=\"752\" height=\"349\"><\/li><li> \u015eimdi ilk h\u00fccreye bir bo\u015fluk girin, ard\u0131ndan bu alan\u0131 <a href=\"https:\/\/exceladvisor.org\/tr\/kopyala-yapistir\/\">kopyalay\u0131p tek sayfada bulunan h\u00fccrelere yap\u0131\u015ft\u0131r\u0131n<\/a> . <br><img loading=\"lazy\" decoding=\"async\" title=\"12-ilk h\u00fccreye-bir-bo\u015fluk girin\" src=\"https:\/\/exceladvisor.org\/wp-content\/uploads\/2023\/08\/12-entrer-un-espace-dans-la-premiere-cellule.png\" sizes=\"auto, \" srcset=\"\" alt=\"enter-a-space-in-first-cell\" width=\"791\" height=\"278\"><\/li><li> \u201cG\u00f6r\u00fcn\u00fcm\u201d sekmesine ve oradan \u201cNormal\u201d g\u00f6r\u00fcn\u00fcm d\u00fc\u011fmesine geri d\u00f6n\u00fcn. <br><img loading=\"lazy\" decoding=\"async\" title=\"13-normal g\u00f6r\u00fcn\u00fcme ge\u00e7i\u015f\" src=\"https:\/\/exceladvisor.org\/wp-content\/uploads\/2023\/08\/13-aller-a-la-vue-normale.png\" sizes=\"auto, \" srcset=\"\" alt=\"go-to-normal-view\" width=\"388\" height=\"225\"><\/li><li> Sonunda, bask\u0131 \u00f6nizlemesini g\u00f6rmek i\u00e7in Dosya ve Sekme yazd\u0131rma se\u00e7ene\u011fine geri d\u00f6n\u00fcn veya bask\u0131 \u00f6nizlemesini kontrol etmek i\u00e7in yaln\u0131zca Crtl + P k\u0131sayol tu\u015funu kullan\u0131n. <br><img loading=\"lazy\" decoding=\"async\" title=\"14-\u00f6nizlemeyi-g\u00f6r\" src=\"https:\/\/exceladvisor.org\/wp-content\/uploads\/2023\/08\/14-voir-lapercu-avant-impression.png\" sizes=\"auto, \" srcset=\"\" alt=\"see-the-print-preview\" width=\"530\" height=\"634\"><\/li><\/ol><p> Ve yazd\u0131r butonuna bast\u0131\u011f\u0131n\u0131zda yukar\u0131daki gibi grafik ka\u011f\u0131d\u0131n\u0131n \u00e7\u0131kt\u0131s\u0131n\u0131 alacaks\u0131n\u0131z. Ayr\u0131ca Excel \u00e7al\u0131\u015fma kitab\u0131n\u0131zdan da bir PDF dosyas\u0131 kaydedebilirsiniz (Dosya \u21e2 D\u0131\u015fa aktar \u21e2 PDF\/XPS format\u0131 olu\u015ftur \u21e2 PDF\/XPS format\u0131 olu\u015ftur). <\/p><div class=\"wp-block-image\"><figure class=\"aligncenter size-full is-resized\"><img loading=\"lazy\" decoding=\"async\" class=\"wp-image-72693\" src=\"https:\/\/exceladvisor.org\/wp-content\/uploads\/2023\/08\/15-enregistrer-le-fichier-au-format-pdf.png\" sizes=\"auto, \" srcset=\"\" alt=\"dosyay\u0131-pdf-format\u0131nda-kaydet\" width=\"668\" height=\"336\"><\/figure><\/div><div class=\"gb-container gb-container-4db6181c gb-container-mt\"> <a class=\"gb-button gb-button-c5897111 gb-button-text gb-button-mt-button\" href=\"https:\/\/exceladvisor.org\/tr\/excel-ilerlemesi\/\">\u0130leri Excel E\u011fitimi<\/a><h2 class=\"gb-headline gb-headline-665e5f6b gb-headline-text gb-headline-mt-heading\"> \u0130lgili e\u011fitimler <\/h2><div class=\"gb-grid-wrapper gb-grid-wrapper-a20baf7c gb-grid-wrapper-mt-grid\"><div class=\"gb-grid-column gb-grid-column-65ddf67e\"><div class=\"gb-container gb-container-65ddf67e\"><ul><li> <a href=\"https:\/\/exceladvisor.org\/tr\/basliklari-yazdir\/\">Excel&#8217;de Yazd\u0131rma Ba\u015fl\u0131klar\u0131n\u0131 Uygula (sat\u0131r 1&#8217;i her sayfaya yazd\u0131racak \u015fekilde ayarlay\u0131n)<\/a><\/li><li> <a href=\"https:\/\/exceladvisor.org\/tr\/sayfa-sonunu-kaldir\/\">Excel&#8217;de sayfa sonunu kald\u0131r<\/a><\/li><li> <a href=\"https:\/\/exceladvisor.org\/tr\/yazdirma-alanini-ayarla\/\">Excel&#8217;de Yazd\u0131rma Alan\u0131n\u0131 Ayarlama<\/a><\/li><li> <a href=\"https:\/\/exceladvisor.org\/tr\/calisma-sayfasini-yatay-olarak-ortalayin\/\">Excel&#8217;de \u00e7al\u0131\u015fma sayfas\u0131n\u0131 yatay ve dikey olarak ortalama<\/a> <\/li><\/ul><\/div><\/div><div class=\"gb-grid-column gb-grid-column-50067b57\"><div class=\"gb-container gb-container-50067b57\"><\/div><\/div><\/div><\/div>","protected":false},"excerpt":{"rendered":"","protected":false},"author":1,"featured_media":0,"parent":0,"menu_order":0,"comment_status":"open","ping_status":"closed","template":"","meta":{"ub_ctt_via":"","footnotes":""},"class_list":["post-1897","page","type-page","status-publish","hentry"],"featured_image_src":null,"yoast_head":"<!-- This site is optimized with the Yoast SEO plugin v25.4 - https:\/\/yoast.com\/wordpress\/plugins\/seo\/ -->\n<title>\u25b7 Excel&#039;de grafik ka\u011f\u0131d\u0131 nas\u0131l yazd\u0131r\u0131l\u0131r?<\/title>\n<meta name=\"description\" content=\"Bu derste k\u00fc\u00e7\u00fck kare kutular kullanarak Excel&#039;de grafik ka\u011f\u0131d\u0131n\u0131n nas\u0131l olu\u015fturulaca\u011f\u0131n\u0131 \u00f6\u011frenece\u011fiz.\" \/>\n<meta name=\"robots\" content=\"index, follow, max-snippet:-1, max-image-preview:large, max-video-preview:-1\" \/>\n<link rel=\"canonical\" href=\"https:\/\/exceladvisor.org\/tr\/grafik-kagidi\/\" \/>\n<meta property=\"og:locale\" content=\"tr_TR\" \/>\n<meta property=\"og:type\" content=\"article\" \/>\n<meta property=\"og:title\" content=\"\u25b7 Excel&#039;de grafik ka\u011f\u0131d\u0131 nas\u0131l yazd\u0131r\u0131l\u0131r?\" \/>\n<meta property=\"og:description\" content=\"Bu derste k\u00fc\u00e7\u00fck kare kutular kullanarak Excel&#039;de grafik ka\u011f\u0131d\u0131n\u0131n nas\u0131l olu\u015fturulaca\u011f\u0131n\u0131 \u00f6\u011frenece\u011fiz.\" \/>\n<meta property=\"og:url\" content=\"https:\/\/exceladvisor.org\/tr\/grafik-kagidi\/\" \/>\n<meta property=\"og:site_name\" content=\"Excel Advisor\" \/>\n<meta property=\"article:modified_time\" content=\"2023-12-10T06:01:30+00:00\" \/>\n<meta property=\"og:image\" content=\"https:\/\/exceladvisor.org\/wp-content\/uploads\/2023\/08\/1-imprimer-un-papier-millimetre.png\" \/>\n<meta name=\"twitter:card\" content=\"summary_large_image\" \/>\n<meta name=\"twitter:label1\" content=\"Tahmini okuma s\u00fcresi\" \/>\n\t<meta name=\"twitter:data1\" content=\"3 dakika\" \/>\n<script type=\"application\/ld+json\" class=\"yoast-schema-graph\">{\"@context\":\"https:\/\/schema.org\",\"@graph\":[{\"@type\":\"WebPage\",\"@id\":\"https:\/\/exceladvisor.org\/tr\/grafik-kagidi\/\",\"url\":\"https:\/\/exceladvisor.org\/tr\/grafik-kagidi\/\",\"name\":\"\u25b7 Excel&#39;de grafik ka\u011f\u0131d\u0131 nas\u0131l yazd\u0131r\u0131l\u0131r?\",\"isPartOf\":{\"@id\":\"https:\/\/exceladvisor.org\/tr\/#website\"},\"primaryImageOfPage\":{\"@id\":\"https:\/\/exceladvisor.org\/tr\/grafik-kagidi\/#primaryimage\"},\"image\":{\"@id\":\"https:\/\/exceladvisor.org\/tr\/grafik-kagidi\/#primaryimage\"},\"thumbnailUrl\":\"https:\/\/exceladvisor.org\/wp-content\/uploads\/2023\/08\/1-imprimer-un-papier-millimetre.png\",\"datePublished\":\"2023-10-29T07:46:09+00:00\",\"dateModified\":\"2023-12-10T06:01:30+00:00\",\"description\":\"Bu derste k\u00fc\u00e7\u00fck kare kutular kullanarak Excel&#39;de grafik ka\u011f\u0131d\u0131n\u0131n nas\u0131l olu\u015fturulaca\u011f\u0131n\u0131 \u00f6\u011frenece\u011fiz.\",\"breadcrumb\":{\"@id\":\"https:\/\/exceladvisor.org\/tr\/grafik-kagidi\/#breadcrumb\"},\"inLanguage\":\"tr\",\"potentialAction\":[{\"@type\":\"ReadAction\",\"target\":[\"https:\/\/exceladvisor.org\/tr\/grafik-kagidi\/\"]}]},{\"@type\":\"ImageObject\",\"inLanguage\":\"tr\",\"@id\":\"https:\/\/exceladvisor.org\/tr\/grafik-kagidi\/#primaryimage\",\"url\":\"https:\/\/exceladvisor.org\/wp-content\/uploads\/2023\/08\/1-imprimer-un-papier-millimetre.png\",\"contentUrl\":\"https:\/\/exceladvisor.org\/wp-content\/uploads\/2023\/08\/1-imprimer-un-papier-millimetre.png\"},{\"@type\":\"BreadcrumbList\",\"@id\":\"https:\/\/exceladvisor.org\/tr\/grafik-kagidi\/#breadcrumb\",\"itemListElement\":[{\"@type\":\"ListItem\",\"position\":1,\"name\":\"Ev\",\"item\":\"https:\/\/exceladvisor.org\/tr\/\"},{\"@type\":\"ListItem\",\"position\":2,\"name\":\"Excel&#39;de grafik ka\u011f\u0131d\u0131 nas\u0131l yazd\u0131r\u0131l\u0131r?\"}]},{\"@type\":\"WebSite\",\"@id\":\"https:\/\/exceladvisor.org\/tr\/#website\",\"url\":\"https:\/\/exceladvisor.org\/tr\/\",\"name\":\"Excel Advisor\",\"description\":\"Veri hakimiyetine y\u00f6nelik nihai rehberiniz!\",\"publisher\":{\"@id\":\"https:\/\/exceladvisor.org\/tr\/#organization\"},\"potentialAction\":[{\"@type\":\"SearchAction\",\"target\":{\"@type\":\"EntryPoint\",\"urlTemplate\":\"https:\/\/exceladvisor.org\/tr\/?s={search_term_string}\"},\"query-input\":{\"@type\":\"PropertyValueSpecification\",\"valueRequired\":true,\"valueName\":\"search_term_string\"}}],\"inLanguage\":\"tr\"},{\"@type\":\"Organization\",\"@id\":\"https:\/\/exceladvisor.org\/tr\/#organization\",\"name\":\"Excel Advisor\",\"url\":\"https:\/\/exceladvisor.org\/tr\/\",\"logo\":{\"@type\":\"ImageObject\",\"inLanguage\":\"tr\",\"@id\":\"https:\/\/exceladvisor.org\/tr\/#\/schema\/logo\/image\/\",\"url\":\"https:\/\/exceladvisor.org\/tr\/wp-content\/uploads\/2023\/12\/exceladvisor.org_.png\",\"contentUrl\":\"https:\/\/exceladvisor.org\/tr\/wp-content\/uploads\/2023\/12\/exceladvisor.org_.png\",\"width\":105,\"height\":36,\"caption\":\"Excel Advisor\"},\"image\":{\"@id\":\"https:\/\/exceladvisor.org\/tr\/#\/schema\/logo\/image\/\"}}]}<\/script>\n<!-- \/ Yoast SEO plugin. -->","yoast_head_json":{"title":"\u25b7 Excel&#39;de grafik ka\u011f\u0131d\u0131 nas\u0131l yazd\u0131r\u0131l\u0131r?","description":"Bu derste k\u00fc\u00e7\u00fck kare kutular kullanarak Excel&#39;de grafik ka\u011f\u0131d\u0131n\u0131n nas\u0131l olu\u015fturulaca\u011f\u0131n\u0131 \u00f6\u011frenece\u011fiz.","robots":{"index":"index","follow":"follow","max-snippet":"max-snippet:-1","max-image-preview":"max-image-preview:large","max-video-preview":"max-video-preview:-1"},"canonical":"https:\/\/exceladvisor.org\/tr\/grafik-kagidi\/","og_locale":"tr_TR","og_type":"article","og_title":"\u25b7 Excel&#39;de grafik ka\u011f\u0131d\u0131 nas\u0131l yazd\u0131r\u0131l\u0131r?","og_description":"Bu derste k\u00fc\u00e7\u00fck kare kutular kullanarak Excel&#39;de grafik ka\u011f\u0131d\u0131n\u0131n nas\u0131l olu\u015fturulaca\u011f\u0131n\u0131 \u00f6\u011frenece\u011fiz.","og_url":"https:\/\/exceladvisor.org\/tr\/grafik-kagidi\/","og_site_name":"Excel Advisor","article_modified_time":"2023-12-10T06:01:30+00:00","og_image":[{"url":"https:\/\/exceladvisor.org\/wp-content\/uploads\/2023\/08\/1-imprimer-un-papier-millimetre.png","type":"","width":"","height":""}],"twitter_card":"summary_large_image","twitter_misc":{"Tahmini okuma s\u00fcresi":"3 dakika"},"schema":{"@context":"https:\/\/schema.org","@graph":[{"@type":"WebPage","@id":"https:\/\/exceladvisor.org\/tr\/grafik-kagidi\/","url":"https:\/\/exceladvisor.org\/tr\/grafik-kagidi\/","name":"\u25b7 Excel&#39;de grafik ka\u011f\u0131d\u0131 nas\u0131l yazd\u0131r\u0131l\u0131r?","isPartOf":{"@id":"https:\/\/exceladvisor.org\/tr\/#website"},"primaryImageOfPage":{"@id":"https:\/\/exceladvisor.org\/tr\/grafik-kagidi\/#primaryimage"},"image":{"@id":"https:\/\/exceladvisor.org\/tr\/grafik-kagidi\/#primaryimage"},"thumbnailUrl":"https:\/\/exceladvisor.org\/wp-content\/uploads\/2023\/08\/1-imprimer-un-papier-millimetre.png","datePublished":"2023-10-29T07:46:09+00:00","dateModified":"2023-12-10T06:01:30+00:00","description":"Bu derste k\u00fc\u00e7\u00fck kare kutular kullanarak Excel&#39;de grafik ka\u011f\u0131d\u0131n\u0131n nas\u0131l olu\u015fturulaca\u011f\u0131n\u0131 \u00f6\u011frenece\u011fiz.","breadcrumb":{"@id":"https:\/\/exceladvisor.org\/tr\/grafik-kagidi\/#breadcrumb"},"inLanguage":"tr","potentialAction":[{"@type":"ReadAction","target":["https:\/\/exceladvisor.org\/tr\/grafik-kagidi\/"]}]},{"@type":"ImageObject","inLanguage":"tr","@id":"https:\/\/exceladvisor.org\/tr\/grafik-kagidi\/#primaryimage","url":"https:\/\/exceladvisor.org\/wp-content\/uploads\/2023\/08\/1-imprimer-un-papier-millimetre.png","contentUrl":"https:\/\/exceladvisor.org\/wp-content\/uploads\/2023\/08\/1-imprimer-un-papier-millimetre.png"},{"@type":"BreadcrumbList","@id":"https:\/\/exceladvisor.org\/tr\/grafik-kagidi\/#breadcrumb","itemListElement":[{"@type":"ListItem","position":1,"name":"Ev","item":"https:\/\/exceladvisor.org\/tr\/"},{"@type":"ListItem","position":2,"name":"Excel&#39;de grafik ka\u011f\u0131d\u0131 nas\u0131l yazd\u0131r\u0131l\u0131r?"}]},{"@type":"WebSite","@id":"https:\/\/exceladvisor.org\/tr\/#website","url":"https:\/\/exceladvisor.org\/tr\/","name":"Excel Advisor","description":"Veri hakimiyetine y\u00f6nelik nihai rehberiniz!","publisher":{"@id":"https:\/\/exceladvisor.org\/tr\/#organization"},"potentialAction":[{"@type":"SearchAction","target":{"@type":"EntryPoint","urlTemplate":"https:\/\/exceladvisor.org\/tr\/?s={search_term_string}"},"query-input":{"@type":"PropertyValueSpecification","valueRequired":true,"valueName":"search_term_string"}}],"inLanguage":"tr"},{"@type":"Organization","@id":"https:\/\/exceladvisor.org\/tr\/#organization","name":"Excel Advisor","url":"https:\/\/exceladvisor.org\/tr\/","logo":{"@type":"ImageObject","inLanguage":"tr","@id":"https:\/\/exceladvisor.org\/tr\/#\/schema\/logo\/image\/","url":"https:\/\/exceladvisor.org\/tr\/wp-content\/uploads\/2023\/12\/exceladvisor.org_.png","contentUrl":"https:\/\/exceladvisor.org\/tr\/wp-content\/uploads\/2023\/12\/exceladvisor.org_.png","width":105,"height":36,"caption":"Excel Advisor"},"image":{"@id":"https:\/\/exceladvisor.org\/tr\/#\/schema\/logo\/image\/"}}]}},"yoast_meta":{"yoast_wpseo_title":"","yoast_wpseo_metadesc":"","yoast_wpseo_canonical":""},"_links":{"self":[{"href":"https:\/\/exceladvisor.org\/tr\/wp-json\/wp\/v2\/pages\/1897","targetHints":{"allow":["GET"]}}],"collection":[{"href":"https:\/\/exceladvisor.org\/tr\/wp-json\/wp\/v2\/pages"}],"about":[{"href":"https:\/\/exceladvisor.org\/tr\/wp-json\/wp\/v2\/types\/page"}],"author":[{"embeddable":true,"href":"https:\/\/exceladvisor.org\/tr\/wp-json\/wp\/v2\/users\/1"}],"replies":[{"embeddable":true,"href":"https:\/\/exceladvisor.org\/tr\/wp-json\/wp\/v2\/comments?post=1897"}],"version-history":[{"count":1,"href":"https:\/\/exceladvisor.org\/tr\/wp-json\/wp\/v2\/pages\/1897\/revisions"}],"predecessor-version":[{"id":2530,"href":"https:\/\/exceladvisor.org\/tr\/wp-json\/wp\/v2\/pages\/1897\/revisions\/2530"}],"wp:attachment":[{"href":"https:\/\/exceladvisor.org\/tr\/wp-json\/wp\/v2\/media?parent=1897"}],"curies":[{"name":"wp","href":"https:\/\/api.w.org\/{rel}","templated":true}]}}