{"id":1898,"date":"2023-10-29T07:33:14","date_gmt":"2023-10-29T07:33:14","guid":{"rendered":"https:\/\/exceladvisor.org\/tr\/yakinlastirma\/"},"modified":"2023-12-10T06:03:13","modified_gmt":"2023-12-10T06:03:13","slug":"yakinlastirma","status":"publish","type":"page","link":"https:\/\/exceladvisor.org\/tr\/yakinlastirma\/","title":{"rendered":"Excel&#39;de yak\u0131nla\u015ft\u0131rma\/uzakla\u015ft\u0131rma nas\u0131l yap\u0131l\u0131r?"},"content":{"rendered":"<div class=\"excel-icerikten-once\" id=\"excel-1152974263\"><script type=\"text\/javascript\">\r\n\tatOptions = {\r\n\t\t'key' : 'c1158f160081d6540a8409e6925dab94',\r\n\t\t'format' : 'iframe',\r\n\t\t'height' : 250,\r\n\t\t'width' : 300,\r\n\t\t'params' : {}\r\n\t};\r\n<\/script>\r\n<script type=\"text\/javascript\" src=\"\/\/www.highperformanceformat.com\/c1158f160081d6540a8409e6925dab94\/invoke.js\"><\/script><\/div> <p>Excel&#8217;de verilerle \u00e7al\u0131\u015f\u0131rken, ona daha yak\u0131ndan bakman\u0131z gerekebilir veya belki de Excel pencerenizdeki b\u00fcy\u00fck bir veri k\u00fcmesini incelemek isteyebilirsiniz. Bu senaryoda Yak\u0131nla\u015ft\u0131r ve Uzakla\u015ft\u0131r se\u00e7eneklerini kullanman\u0131z gerekir.<\/p><p> Bu derste her iki yak\u0131nla\u015ft\u0131rma se\u00e7ene\u011fine de ayr\u0131nt\u0131l\u0131 olarak bakaca\u011f\u0131z.<\/p><h2 class=\"wp-block-heading\"> \u015eeritte yak\u0131nla\u015ft\u0131rma ve uzakla\u015ft\u0131rma ad\u0131mlar\u0131<\/h2><p> Excel&#8217;de G\u00f6r\u00fcn\u00fcm sekmesini kullanarak \u00e7al\u0131\u015fma sayfas\u0131n\u0131 kolayca yak\u0131nla\u015ft\u0131r\u0131p uzakla\u015ft\u0131rabilirsiniz. Bunu yapmak i\u00e7in a\u015fa\u011f\u0131daki ad\u0131mlar\u0131 izleyin.<\/p><ol><li> \u00d6ncelikle \u015feritteki \u201cG\u00f6r\u00fcn\u00fcm\u201d sekmesine gidin, ard\u0131ndan Yak\u0131nla\u015ft\u0131r grubuna t\u0131klay\u0131n. <br><img loading=\"lazy\" decoding=\"async\" title=\"1 g\u00f6r\u00fcn\u00fcm sekmesi\" src=\"https:\/\/exceladvisor.org\/wp-content\/uploads\/2023\/08\/1-onglet-de-vue.png\" sizes=\"auto, \" srcset=\"\" alt=\"view-tab\" width=\"577\" height=\"121\"><\/li><li> Bundan sonra <strong>Yak\u0131nla\u015ft\u0131r&#8217;a<\/strong> t\u0131klad\u0131\u011f\u0131n\u0131zda e-tablodaki ileti\u015fim kutusu a\u00e7\u0131lacakt\u0131r. Bu durumda, mevcut herhangi bir y\u00fczde se\u00e7ene\u011fini se\u00e7ebilir veya istedi\u011finiz y\u00fczdeyi girmek i\u00e7in <strong>\u00d6zel se\u00e7ene\u011fini<\/strong> belirleyebilirsiniz. <br><img loading=\"lazy\" decoding=\"async\" title=\"2 t\u0131klamayla yak\u0131nla\u015ft\u0131rma simgesi\" src=\"https:\/\/exceladvisor.org\/wp-content\/uploads\/2023\/08\/icone-zoom-2-clics.png\" sizes=\"auto, \" srcset=\"\" alt=\"click-zoom-icon\" width=\"238\" height=\"384\"><\/li><li> Y\u00fczdeyi se\u00e7tikten sonra uygulamak i\u00e7in Tamam&#8217;\u0131 t\u0131klay\u0131n. <br><img loading=\"lazy\" decoding=\"async\" title=\"3 se\u00e7imli yak\u0131nla\u015ft\u0131rma y\u00fczdesi\" src=\"https:\/\/exceladvisor.org\/wp-content\/uploads\/2023\/08\/3-selectionnez-le-pourcentage-de-zoom.png\" sizes=\"auto, \" srcset=\"\" alt=\"select-the-zoom-percentage\" width=\"469\" height=\"287\"><\/li><li> <strong>\u0130kinci se\u00e7enek %100&#8217;d\u00fcr<\/strong> ve e-tablonuzu tek t\u0131klamayla %100&#8217;e yak\u0131nla\u015ft\u0131rman\u0131za yard\u0131mc\u0131 olur. <br><img loading=\"lazy\" decoding=\"async\" title=\"4-100_-yak\u0131nla\u015ft\u0131rma se\u00e7ene\u011fi\" src=\"https:\/\/exceladvisor.org\/wp-content\/uploads\/2023\/08\/4-Option-zoom-100_.png\" sizes=\"auto, \" srcset=\"\" alt=\"100_-zoom-option\" width=\"380\" height=\"304\"><\/li><\/ol><h2 class=\"wp-block-heading\"> Se\u00e7imi yak\u0131nla\u015ft\u0131r<\/h2><p> Excel&#8217;de bu i\u015flev, <strong>se\u00e7ilen h\u00fccre aral\u0131\u011f\u0131<\/strong> t\u00fcm pencereyi doldurdu\u011fu i\u00e7in sayfay\u0131 yak\u0131nla\u015ft\u0131rmak i\u00e7in kullan\u0131l\u0131r. Bu sayede sayfan\u0131n belirli bir alan\u0131na kolayca odaklanabilirsiniz. \u015eimdi a\u015fa\u011f\u0131daki ad\u0131mlar\u0131 izleyin.<\/p><ol><li> \u00d6ncelikle odaklanmak istedi\u011finiz <strong>h\u00fccreyi veya h\u00fccre aral\u0131\u011f\u0131n\u0131 se\u00e7in<\/strong> . <br><img loading=\"lazy\" decoding=\"async\" title=\"5 h\u00fccre aral\u0131\u011f\u0131 se\u00e7\" src=\"https:\/\/exceladvisor.org\/wp-content\/uploads\/2023\/08\/5-selectionner-une-plage-de-cellules.png\" sizes=\"auto, \" srcset=\"\" alt=\"select-range-of-cells\" width=\"331\" height=\"283\"><\/li><li> Daha sonra yak\u0131nla\u015ft\u0131rma grubundaki <strong>\u201cSe\u00e7imi Yak\u0131nla\u015ft\u0131r\u201d<\/strong> se\u00e7ene\u011fine t\u0131klay\u0131n. <br><img loading=\"lazy\" decoding=\"async\" title=\"Se\u00e7imde 6 yak\u0131nla\u015ft\u0131rma simgesi\" src=\"https:\/\/exceladvisor.org\/wp-content\/uploads\/2023\/08\/6-zoom-sur-licone-de-selection.png\" sizes=\"auto, \" srcset=\"\" alt=\"zoom-to-selection-icon\" width=\"177\" height=\"119\"><\/li><li> Art\u0131k se\u00e7ilen h\u00fccre aral\u0131\u011f\u0131 t\u00fcm pencereyi kaplayacak ve bunu a\u015fa\u011f\u0131daki resimde g\u00f6rebilirsiniz. <br><img loading=\"lazy\" decoding=\"async\" title=\"7-yak\u0131nla\u015ft\u0131r\u0131lm\u0131\u015f-h\u00fccreleri se\u00e7\" src=\"https:\/\/exceladvisor.org\/wp-content\/uploads\/2023\/08\/7-cellules-selectionnees-agrandies.png\" sizes=\"auto, \" srcset=\"\" alt=\"select-cells-zoomed\" width=\"508\" height=\"129\"><\/li><\/ol><h2 class=\"wp-block-heading\"> Fareyi kullanarak yak\u0131nla\u015ft\u0131r\u0131n ve uzakla\u015ft\u0131r\u0131n<\/h2><p> Yak\u0131nla\u015ft\u0131rma ve uzakla\u015ft\u0131rman\u0131n bir ba\u015fka y\u00f6ntemi de fareyi kullanmakt\u0131r. Excel elektronik tablosunu yak\u0131nla\u015ft\u0131rmak i\u00e7in klavyenizdeki CTRL tu\u015funu bas\u0131l\u0131 tutman\u0131z ve farenin ileri tekerle\u011fini yak\u0131nla\u015ft\u0131rman\u0131z, uzakla\u015ft\u0131rmak i\u00e7in ise geri kayd\u0131rman\u0131z yeterlidir. <\/p><div class=\"wp-block-image\"><figure class=\"aligncenter size-full is-resized\"><img loading=\"lazy\" decoding=\"async\" class=\"wp-image-75267\" src=\"https:\/\/exceladvisor.org\/wp-content\/uploads\/2023\/08\/8-zoom-avant-a-laide-de-la-souris.png\" sizes=\"auto, \" srcset=\"\" alt=\"fareyle yak\u0131nla\u015ft\u0131r\" width=\"213\" height=\"140\"><\/figure><\/div><p class=\"content-box-green\"> Tek kayd\u0131rma ile %15 oran\u0131nda art\u0131rma veya azaltman\u0131za olanak sa\u011flar.<\/p><h2 class=\"wp-block-heading\"> Yak\u0131nla\u015ft\u0131rmak ve uzakla\u015ft\u0131rmak i\u00e7in klavye k\u0131sayolu<\/h2><p> Burada <a href=\"https:\/\/exceladvisor.org\/tr\/klavye-kisayollari\/\">size \u00e7al\u0131\u015fma sayfas\u0131n\u0131 h\u0131zla yak\u0131nla\u015ft\u0131r\u0131p uzakla\u015ft\u0131rman\u0131z i\u00e7in klavye k\u0131sayol tu\u015flar\u0131n\u0131 sa\u011flad\u0131k<\/a> . \u015eimdi k\u0131sayol tu\u015flar\u0131 \u015funlard\u0131r:<\/p><ol><li> <strong>Yak\u0131nla\u015ft\u0131r:<\/strong> <kbd class=\"dark\">CTRL<\/kbd> + <kbd class=\"dark\">ALT<\/kbd> <kbd class=\"dark\">++<\/kbd> <br><img loading=\"lazy\" decoding=\"async\" title=\"Klavyeyi kullanarak 9 yak\u0131nla\u015ft\u0131rma\" src=\"https:\/\/exceladvisor.org\/wp-content\/uploads\/2023\/08\/9-zoom-avant-a-laide-du-clavier.png\" sizes=\"auto, \" srcset=\"\" alt=\"zoom-in-using-keyboard\" width=\"592\" height=\"195\"><\/li><li> <strong>Uzakla\u015ft\u0131r:<\/strong> <kbd class=\"dark\">CTRL<\/kbd> + <code>ALT<\/code> + <code>-<\/code> <br><img loading=\"lazy\" decoding=\"async\" title=\"Klavyeyi kullanarak 10-uzakla\u015ft\u0131rma\" src=\"https:\/\/exceladvisor.org\/wp-content\/uploads\/2023\/08\/10-zoom-arriere-a-laide-du-clavier.png\" sizes=\"auto, \" srcset=\"\" alt=\"zoom-out-using-keyboard\" width=\"589\" height=\"194\"><\/li><\/ol><h2 class=\"wp-block-heading\"> Kayd\u0131r\u0131c\u0131 arac\u0131l\u0131\u011f\u0131yla yak\u0131nla\u015ft\u0131rma ve uzakla\u015ft\u0131rma<\/h2><p> Bu, Excel kullan\u0131c\u0131lar\u0131n\u0131n <a href=\"https:\/\/exceladvisor.org\/tr\/tavsiye\/\" data-wpil=\"url\">s\u0131kl\u0131kla kulland\u0131\u011f\u0131 se\u00e7enektir<\/a> ve <strong>durum \u00e7ubu\u011funun sa\u011f k\u00f6\u015fesinde<\/strong> g\u00f6r\u00fcn\u00fcr.<\/p><ol><li> Yak\u0131nla\u015ft\u0131rma kayd\u0131r\u0131c\u0131s\u0131nda &#8220;Uzakla\u015ft\u0131r&#8221; ve &#8220;Yak\u0131nla\u015ft\u0131r&#8221; i\u00e7in kullan\u0131labilen bu iki tu\u015f (-) (+) bulunur.<\/li><li> Uzakla\u015ft\u0131r, \u00fczerinde \u00e7al\u0131\u015ft\u0131\u011f\u0131n\u0131z sayfan\u0131n boyutunu k\u00fc\u00e7\u00fcltmek i\u00e7in kullan\u0131l\u0131r. Yak\u0131nla\u015ft\u0131rma, verilere yak\u0131ndan bakman\u0131za yard\u0131mc\u0131 olur. <br><img loading=\"lazy\" decoding=\"async\" title=\"11-imleci kullanarak uzakla\u015ft\u0131rma-yak\u0131nla\u015ft\u0131rma\" src=\"https:\/\/exceladvisor.org\/wp-content\/uploads\/2023\/08\/11-zoom-avant-a-laide-du-curseur.png\" sizes=\"auto, \" srcset=\"\" alt=\"zoom-in-out-using-slider\" width=\"200\" height=\"102\"><\/li><li> Ayr\u0131ca <strong>merkezi yak\u0131nla\u015ft\u0131rma tu\u015funu<\/strong> ileri geri kayd\u0131rarak sayfan\u0131n g\u00f6r\u00fcn\u00fcrl\u00fc\u011f\u00fcn\u00fc de ayarlayabilirsiniz. <br><img loading=\"lazy\" decoding=\"async\" title=\"Merkezi yak\u0131nla\u015ft\u0131rma d\u00fc\u011fmesiyle 12 ayar\" src=\"https:\/\/exceladvisor.org\/wp-content\/uploads\/2023\/08\/12-reglage-par-touche-centrale-de-zoom.png\" sizes=\"auto, \" srcset=\"\" alt=\"adjust-by-central-zoom-key\" width=\"201\" height=\"103\"><\/li><\/ol><p class=\"qt-tip\"> <strong>Not:<\/strong> Yak\u0131nla\u015ft\u0131rma (-) veya uzakla\u015ft\u0131rma (+) d\u00fc\u011fmelerine bast\u0131\u011f\u0131n\u0131zda (%10) artar veya azal\u0131r.<\/p><h2 class=\"wp-block-heading\"> Y\u00fczdeye g\u00f6re yak\u0131nla\u015ft\u0131r<\/h2><p> Excel&#8217;de yak\u0131nla\u015ft\u0131rma y\u00fczdesi ayn\u0131 zamanda yak\u0131nla\u015ft\u0131rma kayd\u0131r\u0131c\u0131s\u0131yla ayn\u0131 \u015fekilde \u00e7al\u0131\u015f\u0131r. <strong>Durum \u00e7ubu\u011funun sol taraf\u0131ndaki<\/strong> yak\u0131nla\u015ft\u0131rma kayd\u0131r\u0131c\u0131s\u0131n\u0131n yan\u0131nda g\u00f6r\u00fclebilir. <\/p><div class=\"wp-block-image\"><figure class=\"aligncenter size-full is-resized\"><img loading=\"lazy\" decoding=\"async\" class=\"wp-image-75272\" src=\"https:\/\/exceladvisor.org\/wp-content\/uploads\/2023\/08\/13-zoom-par-pourcentage.png\" sizes=\"auto, \" srcset=\"\" alt=\"y\u00fczdeye g\u00f6re yak\u0131nla\u015ft\u0131r\" width=\"397\" height=\"36\"><\/figure><\/div><p> \u00dczerine t\u0131klad\u0131\u011f\u0131n\u0131zda, size bir yak\u0131nla\u015ft\u0131rma ileti\u015fim kutusu g\u00f6sterilir ve buradan, \u00fczerinde \u00e7al\u0131\u015ft\u0131\u011f\u0131n\u0131z mevcut \u00e7al\u0131\u015fma sayfas\u0131n\u0131n b\u00fcy\u00fctme y\u00fczdesini ayarlayabilirsiniz. <\/p><div class=\"wp-block-image\"><figure class=\"aligncenter size-full is-resized\"><img loading=\"lazy\" decoding=\"async\" class=\"wp-image-75273\" src=\"https:\/\/exceladvisor.org\/wp-content\/uploads\/2023\/08\/14-boite-de-dialogue-de-zoom.png\" sizes=\"auto, \" srcset=\"\" alt=\"yak\u0131nla\u015ft\u0131rma ileti\u015fim kutusu\" width=\"189\" height=\"257\"><\/figure><\/div><h2 class=\"wp-block-heading\"> Paket servis<\/h2><ul><li> Yak\u0131nla\u015ft\u0131r veya uzakla\u015ft\u0131r se\u00e7ene\u011fini se\u00e7ti\u011finizde, yaln\u0131zca ge\u00e7erli \u00e7al\u0131\u015fma sayfas\u0131nda yak\u0131nla\u015ft\u0131rma ve uzakla\u015ft\u0131rma yap\u0131l\u0131r ve di\u011fer \u00e7al\u0131\u015fma sayfalar\u0131 ayn\u0131 kal\u0131r.<\/li><li> Ayn\u0131 anda birden fazla \u00e7al\u0131\u015fma sayfas\u0131n\u0131 yak\u0131nla\u015ft\u0131rmak ve uzakla\u015ft\u0131rmak istiyorsan\u0131z. Bunu yapmak i\u00e7in \u00f6nce t\u00fcm sayfalar\u0131 se\u00e7meniz, ard\u0131ndan yak\u0131nla\u015ft\u0131rma veya uzakla\u015ft\u0131rma klavye k\u0131sayolunu kullanman\u0131z gerekir.<\/li><\/ul><div class=\"gb-container gb-container-4db6181c gb-container-mt\"> <a class=\"gb-button gb-button-c5897111 gb-button-text gb-button-mt-button\" href=\"https:\/\/exceladvisor.org\/tr\/excelin-temelleri\/\">Microsoft Excel Temelleri (Bile\u015fenler, Par\u00e7alar ve Bilgi Notlar\u0131)<\/a><h2 class=\"gb-headline gb-headline-665e5f6b gb-headline-text gb-headline-mt-heading\"> \u0130lgili e\u011fitimler <\/h2><div class=\"gb-grid-wrapper gb-grid-wrapper-a20baf7c gb-grid-wrapper-mt-grid\"><div class=\"gb-grid-column gb-grid-column-65ddf67e\"><div class=\"gb-container gb-container-65ddf67e\"><ul><li> <a href=\"https:\/\/exceladvisor.org\/tr\/tamamen-hakli-cikarmak\/\">Excel&#8217;de Yasla&#8217;y\u0131 Doldurun<\/a><\/li><li> <a href=\"https:\/\/exceladvisor.org\/tr\/excel-formul-cubugu\/\">Excel&#8217;deki form\u00fcl \u00e7ubu\u011fu<\/a><\/li><li> <a href=\"https:\/\/exceladvisor.org\/tr\/altbilgi-basligi-ekle\/\">Excel&#8217;de \u00fcstbilgi ve altbilgi ekleme<\/a><\/li><li> <a href=\"https:\/\/exceladvisor.org\/tr\/cetvel\/\">Cetveli Excel&#8217;de g\u00f6ster<\/a> <\/li><\/ul><\/div><\/div><div class=\"gb-grid-column gb-grid-column-50067b57\"><div class=\"gb-container gb-container-50067b57\"><\/div><\/div><\/div><\/div>","protected":false},"excerpt":{"rendered":"","protected":false},"author":1,"featured_media":0,"parent":0,"menu_order":0,"comment_status":"open","ping_status":"closed","template":"","meta":{"ub_ctt_via":"","footnotes":""},"class_list":["post-1898","page","type-page","status-publish","hentry"],"featured_image_src":null,"yoast_head":"<!-- This site is optimized with the Yoast SEO plugin v25.4 - https:\/\/yoast.com\/wordpress\/plugins\/seo\/ -->\n<title>\u25b7 Excel&#039;de yak\u0131nla\u015ft\u0131rma\/uzakla\u015ft\u0131rma nas\u0131l yap\u0131l\u0131r? (E\u011fitim 2023)<\/title>\n<meta name=\"description\" content=\"Bu derste, Excel&#039;de bir \u00e7al\u0131\u015fma sayfas\u0131n\u0131 t\u00fcm\u00fcn\u00fc kullanarak nas\u0131l yak\u0131nla\u015ft\u0131r\u0131p uzakla\u015ft\u0131raca\u011f\u0131m\u0131z\u0131 \u00f6\u011frenece\u011fiz.\" \/>\n<meta name=\"robots\" content=\"index, follow, max-snippet:-1, max-image-preview:large, max-video-preview:-1\" \/>\n<link rel=\"canonical\" href=\"https:\/\/exceladvisor.org\/tr\/yakinlastirma\/\" \/>\n<meta property=\"og:locale\" content=\"tr_TR\" \/>\n<meta property=\"og:type\" content=\"article\" \/>\n<meta property=\"og:title\" content=\"\u25b7 Excel&#039;de yak\u0131nla\u015ft\u0131rma\/uzakla\u015ft\u0131rma nas\u0131l yap\u0131l\u0131r? (E\u011fitim 2023)\" \/>\n<meta property=\"og:description\" content=\"Bu derste, Excel&#039;de bir \u00e7al\u0131\u015fma sayfas\u0131n\u0131 t\u00fcm\u00fcn\u00fc kullanarak nas\u0131l yak\u0131nla\u015ft\u0131r\u0131p uzakla\u015ft\u0131raca\u011f\u0131m\u0131z\u0131 \u00f6\u011frenece\u011fiz.\" \/>\n<meta property=\"og:url\" content=\"https:\/\/exceladvisor.org\/tr\/yakinlastirma\/\" \/>\n<meta property=\"og:site_name\" content=\"Excel Advisor\" \/>\n<meta property=\"article:modified_time\" content=\"2023-12-10T06:03:13+00:00\" \/>\n<meta property=\"og:image\" content=\"https:\/\/exceladvisor.org\/wp-content\/uploads\/2023\/08\/1-onglet-de-vue.png\" \/>\n<meta name=\"twitter:card\" content=\"summary_large_image\" \/>\n<meta name=\"twitter:label1\" content=\"Tahmini okuma s\u00fcresi\" \/>\n\t<meta name=\"twitter:data1\" content=\"4 dakika\" \/>\n<script type=\"application\/ld+json\" class=\"yoast-schema-graph\">{\"@context\":\"https:\/\/schema.org\",\"@graph\":[{\"@type\":\"WebPage\",\"@id\":\"https:\/\/exceladvisor.org\/tr\/yakinlastirma\/\",\"url\":\"https:\/\/exceladvisor.org\/tr\/yakinlastirma\/\",\"name\":\"\u25b7 Excel&#39;de yak\u0131nla\u015ft\u0131rma\/uzakla\u015ft\u0131rma nas\u0131l yap\u0131l\u0131r? (E\u011fitim 2023)\",\"isPartOf\":{\"@id\":\"https:\/\/exceladvisor.org\/tr\/#website\"},\"primaryImageOfPage\":{\"@id\":\"https:\/\/exceladvisor.org\/tr\/yakinlastirma\/#primaryimage\"},\"image\":{\"@id\":\"https:\/\/exceladvisor.org\/tr\/yakinlastirma\/#primaryimage\"},\"thumbnailUrl\":\"https:\/\/exceladvisor.org\/wp-content\/uploads\/2023\/08\/1-onglet-de-vue.png\",\"datePublished\":\"2023-10-29T07:33:14+00:00\",\"dateModified\":\"2023-12-10T06:03:13+00:00\",\"description\":\"Bu derste, Excel&#39;de bir \u00e7al\u0131\u015fma sayfas\u0131n\u0131 t\u00fcm\u00fcn\u00fc kullanarak nas\u0131l yak\u0131nla\u015ft\u0131r\u0131p uzakla\u015ft\u0131raca\u011f\u0131m\u0131z\u0131 \u00f6\u011frenece\u011fiz.\",\"breadcrumb\":{\"@id\":\"https:\/\/exceladvisor.org\/tr\/yakinlastirma\/#breadcrumb\"},\"inLanguage\":\"tr\",\"potentialAction\":[{\"@type\":\"ReadAction\",\"target\":[\"https:\/\/exceladvisor.org\/tr\/yakinlastirma\/\"]}]},{\"@type\":\"ImageObject\",\"inLanguage\":\"tr\",\"@id\":\"https:\/\/exceladvisor.org\/tr\/yakinlastirma\/#primaryimage\",\"url\":\"https:\/\/exceladvisor.org\/wp-content\/uploads\/2023\/08\/1-onglet-de-vue.png\",\"contentUrl\":\"https:\/\/exceladvisor.org\/wp-content\/uploads\/2023\/08\/1-onglet-de-vue.png\"},{\"@type\":\"BreadcrumbList\",\"@id\":\"https:\/\/exceladvisor.org\/tr\/yakinlastirma\/#breadcrumb\",\"itemListElement\":[{\"@type\":\"ListItem\",\"position\":1,\"name\":\"Ev\",\"item\":\"https:\/\/exceladvisor.org\/tr\/\"},{\"@type\":\"ListItem\",\"position\":2,\"name\":\"Excel&#39;de yak\u0131nla\u015ft\u0131rma\/uzakla\u015ft\u0131rma nas\u0131l yap\u0131l\u0131r?\"}]},{\"@type\":\"WebSite\",\"@id\":\"https:\/\/exceladvisor.org\/tr\/#website\",\"url\":\"https:\/\/exceladvisor.org\/tr\/\",\"name\":\"Excel Advisor\",\"description\":\"Veri hakimiyetine y\u00f6nelik nihai rehberiniz!\",\"publisher\":{\"@id\":\"https:\/\/exceladvisor.org\/tr\/#organization\"},\"potentialAction\":[{\"@type\":\"SearchAction\",\"target\":{\"@type\":\"EntryPoint\",\"urlTemplate\":\"https:\/\/exceladvisor.org\/tr\/?s={search_term_string}\"},\"query-input\":{\"@type\":\"PropertyValueSpecification\",\"valueRequired\":true,\"valueName\":\"search_term_string\"}}],\"inLanguage\":\"tr\"},{\"@type\":\"Organization\",\"@id\":\"https:\/\/exceladvisor.org\/tr\/#organization\",\"name\":\"Excel Advisor\",\"url\":\"https:\/\/exceladvisor.org\/tr\/\",\"logo\":{\"@type\":\"ImageObject\",\"inLanguage\":\"tr\",\"@id\":\"https:\/\/exceladvisor.org\/tr\/#\/schema\/logo\/image\/\",\"url\":\"https:\/\/exceladvisor.org\/tr\/wp-content\/uploads\/2023\/12\/exceladvisor.org_.png\",\"contentUrl\":\"https:\/\/exceladvisor.org\/tr\/wp-content\/uploads\/2023\/12\/exceladvisor.org_.png\",\"width\":105,\"height\":36,\"caption\":\"Excel Advisor\"},\"image\":{\"@id\":\"https:\/\/exceladvisor.org\/tr\/#\/schema\/logo\/image\/\"}}]}<\/script>\n<!-- \/ Yoast SEO plugin. -->","yoast_head_json":{"title":"\u25b7 Excel&#39;de yak\u0131nla\u015ft\u0131rma\/uzakla\u015ft\u0131rma nas\u0131l yap\u0131l\u0131r? (E\u011fitim 2023)","description":"Bu derste, Excel&#39;de bir \u00e7al\u0131\u015fma sayfas\u0131n\u0131 t\u00fcm\u00fcn\u00fc kullanarak nas\u0131l yak\u0131nla\u015ft\u0131r\u0131p uzakla\u015ft\u0131raca\u011f\u0131m\u0131z\u0131 \u00f6\u011frenece\u011fiz.","robots":{"index":"index","follow":"follow","max-snippet":"max-snippet:-1","max-image-preview":"max-image-preview:large","max-video-preview":"max-video-preview:-1"},"canonical":"https:\/\/exceladvisor.org\/tr\/yakinlastirma\/","og_locale":"tr_TR","og_type":"article","og_title":"\u25b7 Excel&#39;de yak\u0131nla\u015ft\u0131rma\/uzakla\u015ft\u0131rma nas\u0131l yap\u0131l\u0131r? (E\u011fitim 2023)","og_description":"Bu derste, Excel&#39;de bir \u00e7al\u0131\u015fma sayfas\u0131n\u0131 t\u00fcm\u00fcn\u00fc kullanarak nas\u0131l yak\u0131nla\u015ft\u0131r\u0131p uzakla\u015ft\u0131raca\u011f\u0131m\u0131z\u0131 \u00f6\u011frenece\u011fiz.","og_url":"https:\/\/exceladvisor.org\/tr\/yakinlastirma\/","og_site_name":"Excel Advisor","article_modified_time":"2023-12-10T06:03:13+00:00","og_image":[{"url":"https:\/\/exceladvisor.org\/wp-content\/uploads\/2023\/08\/1-onglet-de-vue.png","type":"","width":"","height":""}],"twitter_card":"summary_large_image","twitter_misc":{"Tahmini okuma s\u00fcresi":"4 dakika"},"schema":{"@context":"https:\/\/schema.org","@graph":[{"@type":"WebPage","@id":"https:\/\/exceladvisor.org\/tr\/yakinlastirma\/","url":"https:\/\/exceladvisor.org\/tr\/yakinlastirma\/","name":"\u25b7 Excel&#39;de yak\u0131nla\u015ft\u0131rma\/uzakla\u015ft\u0131rma nas\u0131l yap\u0131l\u0131r? (E\u011fitim 2023)","isPartOf":{"@id":"https:\/\/exceladvisor.org\/tr\/#website"},"primaryImageOfPage":{"@id":"https:\/\/exceladvisor.org\/tr\/yakinlastirma\/#primaryimage"},"image":{"@id":"https:\/\/exceladvisor.org\/tr\/yakinlastirma\/#primaryimage"},"thumbnailUrl":"https:\/\/exceladvisor.org\/wp-content\/uploads\/2023\/08\/1-onglet-de-vue.png","datePublished":"2023-10-29T07:33:14+00:00","dateModified":"2023-12-10T06:03:13+00:00","description":"Bu derste, Excel&#39;de bir \u00e7al\u0131\u015fma sayfas\u0131n\u0131 t\u00fcm\u00fcn\u00fc kullanarak nas\u0131l yak\u0131nla\u015ft\u0131r\u0131p uzakla\u015ft\u0131raca\u011f\u0131m\u0131z\u0131 \u00f6\u011frenece\u011fiz.","breadcrumb":{"@id":"https:\/\/exceladvisor.org\/tr\/yakinlastirma\/#breadcrumb"},"inLanguage":"tr","potentialAction":[{"@type":"ReadAction","target":["https:\/\/exceladvisor.org\/tr\/yakinlastirma\/"]}]},{"@type":"ImageObject","inLanguage":"tr","@id":"https:\/\/exceladvisor.org\/tr\/yakinlastirma\/#primaryimage","url":"https:\/\/exceladvisor.org\/wp-content\/uploads\/2023\/08\/1-onglet-de-vue.png","contentUrl":"https:\/\/exceladvisor.org\/wp-content\/uploads\/2023\/08\/1-onglet-de-vue.png"},{"@type":"BreadcrumbList","@id":"https:\/\/exceladvisor.org\/tr\/yakinlastirma\/#breadcrumb","itemListElement":[{"@type":"ListItem","position":1,"name":"Ev","item":"https:\/\/exceladvisor.org\/tr\/"},{"@type":"ListItem","position":2,"name":"Excel&#39;de yak\u0131nla\u015ft\u0131rma\/uzakla\u015ft\u0131rma nas\u0131l yap\u0131l\u0131r?"}]},{"@type":"WebSite","@id":"https:\/\/exceladvisor.org\/tr\/#website","url":"https:\/\/exceladvisor.org\/tr\/","name":"Excel Advisor","description":"Veri hakimiyetine y\u00f6nelik nihai rehberiniz!","publisher":{"@id":"https:\/\/exceladvisor.org\/tr\/#organization"},"potentialAction":[{"@type":"SearchAction","target":{"@type":"EntryPoint","urlTemplate":"https:\/\/exceladvisor.org\/tr\/?s={search_term_string}"},"query-input":{"@type":"PropertyValueSpecification","valueRequired":true,"valueName":"search_term_string"}}],"inLanguage":"tr"},{"@type":"Organization","@id":"https:\/\/exceladvisor.org\/tr\/#organization","name":"Excel Advisor","url":"https:\/\/exceladvisor.org\/tr\/","logo":{"@type":"ImageObject","inLanguage":"tr","@id":"https:\/\/exceladvisor.org\/tr\/#\/schema\/logo\/image\/","url":"https:\/\/exceladvisor.org\/tr\/wp-content\/uploads\/2023\/12\/exceladvisor.org_.png","contentUrl":"https:\/\/exceladvisor.org\/tr\/wp-content\/uploads\/2023\/12\/exceladvisor.org_.png","width":105,"height":36,"caption":"Excel Advisor"},"image":{"@id":"https:\/\/exceladvisor.org\/tr\/#\/schema\/logo\/image\/"}}]}},"yoast_meta":{"yoast_wpseo_title":"","yoast_wpseo_metadesc":"","yoast_wpseo_canonical":""},"_links":{"self":[{"href":"https:\/\/exceladvisor.org\/tr\/wp-json\/wp\/v2\/pages\/1898","targetHints":{"allow":["GET"]}}],"collection":[{"href":"https:\/\/exceladvisor.org\/tr\/wp-json\/wp\/v2\/pages"}],"about":[{"href":"https:\/\/exceladvisor.org\/tr\/wp-json\/wp\/v2\/types\/page"}],"author":[{"embeddable":true,"href":"https:\/\/exceladvisor.org\/tr\/wp-json\/wp\/v2\/users\/1"}],"replies":[{"embeddable":true,"href":"https:\/\/exceladvisor.org\/tr\/wp-json\/wp\/v2\/comments?post=1898"}],"version-history":[{"count":1,"href":"https:\/\/exceladvisor.org\/tr\/wp-json\/wp\/v2\/pages\/1898\/revisions"}],"predecessor-version":[{"id":2641,"href":"https:\/\/exceladvisor.org\/tr\/wp-json\/wp\/v2\/pages\/1898\/revisions\/2641"}],"wp:attachment":[{"href":"https:\/\/exceladvisor.org\/tr\/wp-json\/wp\/v2\/media?parent=1898"}],"curies":[{"name":"wp","href":"https:\/\/api.w.org\/{rel}","templated":true}]}}